{"id":25939,"date":"2024-01-09T16:22:56","date_gmt":"2024-01-09T16:22:56","guid":{"rendered":"http:\/\/rucashk.com\/?post_type=product&#038;p=25939"},"modified":"2024-01-22T06:21:49","modified_gmt":"2024-01-22T06:21:49","slug":"haylou-moripod-t33-earbuds","status":"publish","type":"product","link":"https:\/\/www.rucashk.com\/pt\/produto\/haylou-moripod-t33-earbuds\/","title":{"rendered":"Fones de ouvido Haylou Moripod T33"},"content":{"rendered":"<h3><strong><img fetchpriority=\"high\" decoding=\"async\" class=\"aligncenter\" src=\"https:\/\/www.rucashk.com\/wp-content\/uploads\/2021\/12\/01-haylou-moripods.jpg\" alt=\"Haylou T33 Moripods\" width=\"800\" height=\"329\" \/><\/strong><\/h3>\n<p style=\"text-align: center\"><strong>aptX Adaptativo<\/strong><\/p>\n<p style=\"text-align: center\">Suportado pela nova gera\u00e7\u00e3o da tecnologia de decodifica\u00e7\u00e3o din\u00e2mica aptX Adaptive, Haylou Moripods restaura detalhes de som, sempre mant\u00e9m a qualidade de som de n\u00edvel de CD para m\u00fasica e traz lat\u00eancia ultrabaixa para jogos.<br \/>\nO aptX Adaptive \u00e9 aplic\u00e1vel para telefones celulares da plataforma Qualcomm 855 e superior, e o sistema telef\u00f4nico precisa suportar o aptX adapt\u00e1vel.<\/p>\n<p style=\"text-align: center\">Qualidade de som Hi-Fi = Desfrute de detalhes sem perdas para entretenimento<\/p>\n<p style=\"text-align: center\">Lat\u00eancia ultrabaixa = Acelera\u00e7\u00e3o inteligente para cenas de jogos<\/p>\n<p style=\"text-align: center\"><strong>Vida \u00fatil da bateria poderosa em 24 horas<\/strong><\/p>\n<p style=\"text-align: center\">Com um chip atualizado de consumo de energia ultrabaixo e bateria de pol\u00edmero de l\u00edtio, o tempo de reprodu\u00e7\u00e3o dura cerca de 6 horas com uma \u00fanica carga e um total de 24 horas com um estojo de carregamento. Cure sua ansiedade do amanhecer ao anoitecer.<\/p>\n<p style=\"text-align: center\">*O tempo de reprodu\u00e7\u00e3o \u00e9 de cerca de 6 horas e o tempo de chamada \u00e9 de cerca de 5 horas. Os dados v\u00eam do Laborat\u00f3rio Liesheng. Os detalhes estar\u00e3o sujeitos \u00e0 interpreta\u00e7\u00e3o oficial.<\/p>\n<h3><strong><img decoding=\"async\" class=\"aligncenter\" src=\"https:\/\/www.rucashk.com\/wp-content\/uploads\/2021\/12\/03-haylou-moripods.jpg\" alt=\"Haylou T33 Moripods\" width=\"800\" height=\"542\" \/><\/strong><\/h3>\n<h3 style=\"text-align: center\"><strong>A mesma m\u00fasica<\/strong><\/h3>\n<p style=\"text-align: center\">Adotando uma unidade de produ\u00e7\u00e3o de som de grande porte de 12 mm, o campo est\u00e9reo espacial \u00e9 aberto e o som \u00e9 bem equilibrado e puro. Fuja para a sua m\u00fasica e desfrute de cada detalhe impressionante.<\/p>\n<p style=\"text-align: center\">Unidade de bobina din\u00e2mica grande de 12 mm = amplo campo sonoro. Melhorando o mergulho. Efeito de graves de for\u00e7a.<\/p>\n<p style=\"text-align: center\">aptX Adaptive\/AAC\/SBC = V\u00e1rias decodifica\u00e7\u00f5es de \u00e1udio HD. Altamente compat\u00edvel.<\/p>\n<p style=\"text-align: center\">Ajuste de otimiza\u00e7\u00e3o profissional do laborat\u00f3rio ac\u00fastico = Grande din\u00e2mica. Graves poderosos e notas altas n\u00edtidas.<\/p>\n<h3 style=\"text-align: center\"><strong>CVC8.0 + ru\u00eddo de chamada de microfone duplo<\/strong><\/h3>\n<p style=\"text-align: center\">Um conjunto bidirecional de quatro microfones restaura o som com precis\u00e3o, e o algoritmo de redu\u00e7\u00e3o de ru\u00eddo de chamada CVC8.0 reduz ainda mais o ru\u00eddo ambiental, proporcionando uma chamada cristalina.<\/p>\n<h3><strong><img decoding=\"async\" class=\"aligncenter\" src=\"https:\/\/www.rucashk.com\/wp-content\/uploads\/2021\/12\/02-haylou-moripods.jpg\" alt=\"Haylou T33 Moripods\" width=\"800\" height=\"542\" \/><\/strong><\/h3>\n<h3 style=\"text-align: center\"><strong>Compartilhe o momento<\/strong><\/h3>\n<p style=\"text-align: center\">Qualquer um dos fones de ouvido pode ser o mestre da tecnologia de comunica\u00e7\u00e3o bidirecional. Mudan\u00e7a perfeita entre o modo mono e est\u00e9reo. Desfrute de belas m\u00fasicas sozinho e compartilhe-as com sua m\u00fasica \u00fanica.<\/p>\n<h3 style=\"text-align: center\"><strong>Design elaborado<\/strong><\/h3>\n<p style=\"text-align: center\">O design semi-intra-auricular com uma curva ergonomicamente elegante traz conforto extra aos ouvidos. A bela combina\u00e7\u00e3o de cores torna-o mais agrad\u00e1vel aos olhos.<\/p>\n<h3 style=\"text-align: center\"><strong>Leve como uma pena<\/strong><\/h3>\n<p style=\"text-align: center\">Um \u00fanico fone de ouvido pesa apenas 3,9 ge o estojo de carregamento fino foi projetado com um estilo simples e moderno. Um artesanato na sua m\u00e3o. Invis\u00edvel no seu bolso ou bolsa.<\/p>\n<h3><strong><img loading=\"lazy\" decoding=\"async\" class=\"aligncenter\" src=\"https:\/\/www.rucashk.com\/wp-content\/uploads\/2021\/12\/04-haylou-moripods.jpg\" alt=\"Haylou T33 Moripods\" width=\"800\" height=\"542\" \/><\/strong><\/h3>\n<h3 style=\"text-align: center\"><strong>Chutar as restri\u00e7\u00f5es<\/strong><\/h3>\n<p style=\"text-align: center\">O suporte IPX4 \u00e0 prova d&#039;\u00e1gua resiste facilmente ao duplo desafio das gotas de chuva e do suor. N\u00e3o h\u00e1 necessidade de se preocupar com respingos. Apenas sue livremente na m\u00fasica.<\/p>\n<h3 style=\"text-align: center\"><strong>Basta tocar para controlar<\/strong><\/h3>\n<p style=\"text-align: center\">Percorra sua lista de reprodu\u00e7\u00e3o, atenda e desligue chamadas, chame um assistente de voz, etc.<\/p>","protected":false},"excerpt":{"rendered":"<ul>\n<li>Design colorido + semi-intra-auricular = bonito e confort\u00e1vel<\/li>\n<li>aptX Adaptive = decodifica\u00e7\u00e3o HD principal<\/li>\n<li>Qualcomm3040 + Bluetooth 5.2 = Chip principal Mais r\u00e1pido e est\u00e1vel<\/li>\n<li>Opera\u00e7\u00e3o de controle de toque inteligente = Mais conveniente e precisa<\/li>\n<li>Unidade de bobina din\u00e2mica de tamanho grande de 12 mm = Um som suave e delicado<\/li>\n<li>Redu\u00e7\u00e3o de ru\u00eddo de chamada CVC + microfone duplo = Mais puro e claro<\/li>\n<li>Bateria poderosa com dura\u00e7\u00e3o de 24 horas = Cure sua pequena ansiedade<\/li>\n<li>Baixa lat\u00eancia din\u00e2mica = Aproveite ao m\u00e1ximo o seu jogo<\/li>\n<li>Codifica\u00e7\u00e3o de \u00e1udio AAC HD = Mais pura e clara<\/li>\n<li>Emparelhamento mais r\u00e1pido = Conecte-se em um segundo<\/li>\n<\/ul>","protected":false},"featured_media":26005,"template":"","meta":[],"product_brand":[],"product_cat":[1309,1305],"product_tag":[],"class_list":{"0":"post-25939","1":"product","2":"type-product","3":"status-publish","4":"has-post-thumbnail","6":"product_cat-haylou-earphone","7":"product_cat-xiaomi-eco","9":"first","10":"instock","11":"shipping-taxable","12":"product-type-simple"},"aioseo_notices":[],"aioseo_head":"\n\t\t<!-- All in One SEO Pro 4.5.9.2 - aioseo.com -->\n\t\t<meta name=\"description\" content=\"Colorful + semi in-ear design = Pretty and comfortable aptX Adaptive = Flagship HD decoding Qualcomm3040 + Bluetooth 5.2 = Flagship chip Faster and more stable Smart touch control operation = More convenient and accurate 12mm large size dynamic coil unit = A soft and delicate sound CVC+dual-mic call noise reduction = More pure and clear 24h powerful battery life = Heal your little anxiety Dynamic low latency = Fully enjoy your game AAC HD audio coding = More pure and clear Faster pairing = Connect in a second\" \/>\n\t\t<meta name=\"robots\" content=\"max-image-preview:large\" \/>\n\t\t<link rel=\"canonical\" href=\"https:\/\/www.rucashk.com\/pt\/produto\/haylou-moripod-t33-earbuds\/\" \/>\n\t\t<meta name=\"generator\" content=\"All in One SEO Pro (AIOSEO) 4.5.9.2\" \/>\n\t\t<meta property=\"og:locale\" content=\"pt_PT\" \/>\n\t\t<meta property=\"og:site_name\" content=\"Rucas - One-stop AIoT Distribution Worldwide\" \/>\n\t\t<meta property=\"og:type\" content=\"article\" \/>\n\t\t<meta property=\"og:title\" content=\"Haylou Moripod T33 Earbuds - Rucas - Wholesale and Distribution\" \/>\n\t\t<meta property=\"og:description\" content=\"Colorful + semi in-ear design = Pretty and comfortable aptX Adaptive = Flagship HD decoding Qualcomm3040 + Bluetooth 5.2 = Flagship chip Faster and more stable Smart touch control operation = More convenient and accurate 12mm large size dynamic coil unit = A soft and delicate sound CVC+dual-mic call noise reduction = More pure and clear 24h powerful battery life = Heal your little anxiety Dynamic low latency = Fully enjoy your game AAC HD audio coding = More pure and clear Faster pairing = Connect in a second\" \/>\n\t\t<meta property=\"og:url\" content=\"https:\/\/www.rucashk.com\/pt\/produto\/haylou-moripod-t33-earbuds\/\" \/>\n\t\t<meta property=\"og:image\" content=\"https:\/\/www.rucashk.com\/wp-content\/uploads\/replace\/503b8e645f128a97ccde2b6290747646.jpeg\" \/>\n\t\t<meta property=\"og:image:secure_url\" content=\"https:\/\/www.rucashk.com\/wp-content\/uploads\/replace\/503b8e645f128a97ccde2b6290747646.jpeg\" \/>\n\t\t<meta property=\"og:image:width\" content=\"1456\" \/>\n\t\t<meta property=\"og:image:height\" content=\"816\" \/>\n\t\t<meta property=\"article:published_time\" content=\"2024-01-09T16:22:56+00:00\" \/>\n\t\t<meta property=\"article:modified_time\" content=\"2024-01-22T06:21:49+00:00\" \/>\n\t\t<meta name=\"twitter:card\" content=\"summary_large_image\" \/>\n\t\t<meta name=\"twitter:title\" content=\"Haylou Moripod T33 Earbuds - Rucas - Wholesale and Distribution\" \/>\n\t\t<meta name=\"twitter:description\" content=\"Colorful + semi in-ear design = Pretty and comfortable aptX Adaptive = Flagship HD decoding Qualcomm3040 + Bluetooth 5.2 = Flagship chip Faster and more stable Smart touch control operation = More convenient and accurate 12mm large size dynamic coil unit = A soft and delicate sound CVC+dual-mic call noise reduction = More pure and clear 24h powerful battery life = Heal your little anxiety Dynamic low latency = Fully enjoy your game AAC HD audio coding = More pure and clear Faster pairing = Connect in a second\" \/>\n\t\t<meta name=\"twitter:image\" content=\"https:\/\/www.rucashk.com\/wp-content\/uploads\/replace\/503b8e645f128a97ccde2b6290747646.jpeg\" \/>\n\t\t<script type=\"application\/ld+json\" class=\"aioseo-schema\">\n\t\t\t{\"@context\":\"https:\\\/\\\/schema.org\",\"@graph\":[{\"@type\":\"BreadcrumbList\",\"@id\":\"https:\\\/\\\/www.rucashk.com\\\/pt\\\/produto\\\/haylou-moripod-t33-earbuds\\\/#breadcrumblist\",\"itemListElement\":[{\"@type\":\"ListItem\",\"@id\":\"https:\\\/\\\/www.rucashk.com\\\/pt\\\/#listItem\",\"position\":1,\"name\":\"Home\",\"item\":\"https:\\\/\\\/www.rucashk.com\\\/pt\\\/\",\"nextItem\":\"https:\\\/\\\/www.rucashk.com\\\/pt\\\/produto\\\/haylou-moripod-t33-earbuds\\\/#listItem\"},{\"@type\":\"ListItem\",\"@id\":\"https:\\\/\\\/www.rucashk.com\\\/pt\\\/produto\\\/haylou-moripod-t33-earbuds\\\/#listItem\",\"position\":2,\"name\":\"Haylou Moripod T33 Earbuds\",\"previousItem\":\"https:\\\/\\\/www.rucashk.com\\\/pt\\\/#listItem\"}]},{\"@type\":\"Organization\",\"@id\":\"https:\\\/\\\/www.rucashk.com\\\/pt\\\/#organization\",\"name\":\"Rucas\",\"url\":\"https:\\\/\\\/www.rucashk.com\\\/pt\\\/\",\"logo\":{\"@type\":\"ImageObject\",\"url\":\"https:\\\/\\\/www.rucashk.com\\\/wp-content\\\/uploads\\\/2023\\\/12\\\/Rucas_campany_logo.png\",\"@id\":\"https:\\\/\\\/www.rucashk.com\\\/pt\\\/produto\\\/haylou-moripod-t33-earbuds\\\/#organizationLogo\",\"width\":221,\"height\":65},\"image\":{\"@id\":\"https:\\\/\\\/www.rucashk.com\\\/pt\\\/#organizationLogo\"}},{\"@type\":\"Person\",\"@id\":\"https:\\\/\\\/www.rucashk.com\\\/pt\\\/author\\\/admin\\\/#author\",\"url\":\"https:\\\/\\\/www.rucashk.com\\\/pt\\\/author\\\/admin\\\/\",\"name\":\"admin\",\"image\":{\"@type\":\"ImageObject\",\"@id\":\"https:\\\/\\\/www.rucashk.com\\\/pt\\\/produto\\\/haylou-moripod-t33-earbuds\\\/#authorImage\",\"url\":\"https:\\\/\\\/secure.gravatar.com\\\/avatar\\\/b7c8925b09a27e72b30232f8ecaadbd5af0f70a38c78096863fe51b64f031c24?s=96&d=mm&r=g\",\"width\":96,\"height\":96,\"caption\":\"admin\"}},{\"@type\":\"WebPage\",\"@id\":\"https:\\\/\\\/www.rucashk.com\\\/pt\\\/produto\\\/haylou-moripod-t33-earbuds\\\/#webpage\",\"url\":\"https:\\\/\\\/www.rucashk.com\\\/pt\\\/produto\\\/haylou-moripod-t33-earbuds\\\/\",\"name\":\"Haylou Moripod T33 Earbuds - Rucas - Wholesale and Distribution\",\"description\":\"Colorful + semi in-ear design = Pretty and comfortable aptX Adaptive = Flagship HD decoding Qualcomm3040 + Bluetooth 5.2 = Flagship chip Faster and more stable Smart touch control operation = More convenient and accurate 12mm large size dynamic coil unit = A soft and delicate sound CVC+dual-mic call noise reduction = More pure and clear 24h powerful battery life = Heal your little anxiety Dynamic low latency = Fully enjoy your game AAC HD audio coding = More pure and clear Faster pairing = Connect in a second\",\"inLanguage\":\"pt-PT\",\"isPartOf\":{\"@id\":\"https:\\\/\\\/www.rucashk.com\\\/pt\\\/#website\"},\"breadcrumb\":{\"@id\":\"https:\\\/\\\/www.rucashk.com\\\/pt\\\/produto\\\/haylou-moripod-t33-earbuds\\\/#breadcrumblist\"},\"author\":{\"@id\":\"https:\\\/\\\/www.rucashk.com\\\/pt\\\/author\\\/admin\\\/#author\"},\"creator\":{\"@id\":\"https:\\\/\\\/www.rucashk.com\\\/pt\\\/author\\\/admin\\\/#author\"},\"image\":{\"@type\":\"ImageObject\",\"url\":\"https:\\\/\\\/www.rucashk.com\\\/wp-content\\\/uploads\\\/2024\\\/01\\\/Haylou-Moripod-T33-Earbuds\\u4e3b\\u56fe.jpg\",\"@id\":\"https:\\\/\\\/www.rucashk.com\\\/pt\\\/produto\\\/haylou-moripod-t33-earbuds\\\/#mainImage\",\"width\":800,\"height\":800},\"primaryImageOfPage\":{\"@id\":\"https:\\\/\\\/www.rucashk.com\\\/pt\\\/produto\\\/haylou-moripod-t33-earbuds\\\/#mainImage\"},\"datePublished\":\"2024-01-09T16:22:56+00:00\",\"dateModified\":\"2024-01-22T06:21:49+00:00\"},{\"@type\":\"WebSite\",\"@id\":\"https:\\\/\\\/www.rucashk.com\\\/pt\\\/#website\",\"url\":\"https:\\\/\\\/www.rucashk.com\\\/pt\\\/\",\"name\":\"Rucas - Wholesale and distribution worldwide\",\"alternateName\":\"Rucas - One-stop AIoT Distribution Worldwide\",\"description\":\"One-stop AIoT Distribution Worldwide\",\"inLanguage\":\"pt-PT\",\"publisher\":{\"@id\":\"https:\\\/\\\/www.rucashk.com\\\/pt\\\/#organization\"}}]}\n\t\t<\/script>\n\t\t<!-- All in One SEO Pro -->\r\n\t\t<title>Haylou Moripod T33 Earbuds - Rucas - Wholesale and Distribution<\/title>\n\n","aioseo_head_json":{"title":"Haylou Moripod T33 Earbuds - Rucas - Wholesale and Distribution","description":"Colorful + semi in-ear design = Pretty and comfortable aptX Adaptive = Flagship HD decoding Qualcomm3040 + Bluetooth 5.2 = Flagship chip Faster and more stable Smart touch control operation = More convenient and accurate 12mm large size dynamic coil unit = A soft and delicate sound CVC+dual-mic call noise reduction = More pure and clear 24h powerful battery life = Heal your little anxiety Dynamic low latency = Fully enjoy your game AAC HD audio coding = More pure and clear Faster pairing = Connect in a second","canonical_url":"https:\/\/www.rucashk.com\/pt\/produto\/haylou-moripod-t33-earbuds\/","robots":"max-image-preview:large","keywords":"","webmasterTools":{"miscellaneous":""},"og:locale":"pt_PT","og:site_name":"Rucas - One-stop AIoT Distribution Worldwide","og:type":"article","og:title":"Haylou Moripod T33 Earbuds - Rucas - Wholesale and Distribution","og:description":"Colorful + semi in-ear design = Pretty and comfortable aptX Adaptive = Flagship HD decoding Qualcomm3040 + Bluetooth 5.2 = Flagship chip Faster and more stable Smart touch control operation = More convenient and accurate 12mm large size dynamic coil unit = A soft and delicate sound CVC+dual-mic call noise reduction = More pure and clear 24h powerful battery life = Heal your little anxiety Dynamic low latency = Fully enjoy your game AAC HD audio coding = More pure and clear Faster pairing = Connect in a second","og:url":"https:\/\/www.rucashk.com\/pt\/produto\/haylou-moripod-t33-earbuds\/","og:image":"https:\/\/www.rucashk.com\/wp-content\/uploads\/replace\/503b8e645f128a97ccde2b6290747646.jpeg","og:image:secure_url":"https:\/\/www.rucashk.com\/wp-content\/uploads\/replace\/503b8e645f128a97ccde2b6290747646.jpeg","og:image:width":1456,"og:image:height":816,"article:published_time":"2024-01-09T16:22:56+00:00","article:modified_time":"2024-01-22T06:21:49+00:00","twitter:card":"summary_large_image","twitter:title":"Haylou Moripod T33 Earbuds - Rucas - Wholesale and Distribution","twitter:description":"Colorful + semi in-ear design = Pretty and comfortable aptX Adaptive = Flagship HD decoding Qualcomm3040 + Bluetooth 5.2 = Flagship chip Faster and more stable Smart touch control operation = More convenient and accurate 12mm large size dynamic coil unit = A soft and delicate sound CVC+dual-mic call noise reduction = More pure and clear 24h powerful battery life = Heal your little anxiety Dynamic low latency = Fully enjoy your game AAC HD audio coding = More pure and clear Faster pairing = Connect in a second","twitter:image":"https:\/\/www.rucashk.com\/wp-content\/uploads\/replace\/503b8e645f128a97ccde2b6290747646.jpeg","schema":{"@context":"https:\/\/schema.org","@graph":[{"@type":"BreadcrumbList","@id":"https:\/\/www.rucashk.com\/pt\/produto\/haylou-moripod-t33-earbuds\/#breadcrumblist","itemListElement":[{"@type":"ListItem","@id":"https:\/\/www.rucashk.com\/pt\/#listItem","position":1,"name":"Home","item":"https:\/\/www.rucashk.com\/pt\/","nextItem":"https:\/\/www.rucashk.com\/pt\/produto\/haylou-moripod-t33-earbuds\/#listItem"},{"@type":"ListItem","@id":"https:\/\/www.rucashk.com\/pt\/produto\/haylou-moripod-t33-earbuds\/#listItem","position":2,"name":"Haylou Moripod T33 Earbuds","previousItem":"https:\/\/www.rucashk.com\/pt\/#listItem"}]},{"@type":"Organization","@id":"https:\/\/www.rucashk.com\/pt\/#organization","name":"Rucas","url":"https:\/\/www.rucashk.com\/pt\/","logo":{"@type":"ImageObject","url":"https:\/\/www.rucashk.com\/wp-content\/uploads\/2023\/12\/Rucas_campany_logo.png","@id":"https:\/\/www.rucashk.com\/pt\/produto\/haylou-moripod-t33-earbuds\/#organizationLogo","width":221,"height":65},"image":{"@id":"https:\/\/www.rucashk.com\/pt\/#organizationLogo"}},{"@type":"Person","@id":"https:\/\/www.rucashk.com\/pt\/author\/admin\/#author","url":"https:\/\/www.rucashk.com\/pt\/author\/admin\/","name":"admin","image":{"@type":"ImageObject","@id":"https:\/\/www.rucashk.com\/pt\/produto\/haylou-moripod-t33-earbuds\/#authorImage","url":"https:\/\/secure.gravatar.com\/avatar\/b7c8925b09a27e72b30232f8ecaadbd5af0f70a38c78096863fe51b64f031c24?s=96&d=mm&r=g","width":96,"height":96,"caption":"admin"}},{"@type":"WebPage","@id":"https:\/\/www.rucashk.com\/pt\/produto\/haylou-moripod-t33-earbuds\/#webpage","url":"https:\/\/www.rucashk.com\/pt\/produto\/haylou-moripod-t33-earbuds\/","name":"Haylou Moripod T33 Earbuds - Rucas - Wholesale and Distribution","description":"Colorful + semi in-ear design = Pretty and comfortable aptX Adaptive = Flagship HD decoding Qualcomm3040 + Bluetooth 5.2 = Flagship chip Faster and more stable Smart touch control operation = More convenient and accurate 12mm large size dynamic coil unit = A soft and delicate sound CVC+dual-mic call noise reduction = More pure and clear 24h powerful battery life = Heal your little anxiety Dynamic low latency = Fully enjoy your game AAC HD audio coding = More pure and clear Faster pairing = Connect in a second","inLanguage":"pt-PT","isPartOf":{"@id":"https:\/\/www.rucashk.com\/pt\/#website"},"breadcrumb":{"@id":"https:\/\/www.rucashk.com\/pt\/produto\/haylou-moripod-t33-earbuds\/#breadcrumblist"},"author":{"@id":"https:\/\/www.rucashk.com\/pt\/author\/admin\/#author"},"creator":{"@id":"https:\/\/www.rucashk.com\/pt\/author\/admin\/#author"},"image":{"@type":"ImageObject","url":"https:\/\/www.rucashk.com\/wp-content\/uploads\/2024\/01\/Haylou-Moripod-T33-Earbuds\u4e3b\u56fe.jpg","@id":"https:\/\/www.rucashk.com\/pt\/produto\/haylou-moripod-t33-earbuds\/#mainImage","width":800,"height":800},"primaryImageOfPage":{"@id":"https:\/\/www.rucashk.com\/pt\/produto\/haylou-moripod-t33-earbuds\/#mainImage"},"datePublished":"2024-01-09T16:22:56+00:00","dateModified":"2024-01-22T06:21:49+00:00"},{"@type":"WebSite","@id":"https:\/\/www.rucashk.com\/pt\/#website","url":"https:\/\/www.rucashk.com\/pt\/","name":"Rucas - Wholesale and distribution worldwide","alternateName":"Rucas - One-stop AIoT Distribution Worldwide","description":"One-stop AIoT Distribution Worldwide","inLanguage":"pt-PT","publisher":{"@id":"https:\/\/www.rucashk.com\/pt\/#organization"}}]}},"aioseo_meta_data":{"post_id":"25939","title":null,"description":null,"keywords":null,"keyphrases":null,"primary_term":null,"canonical_url":null,"og_title":null,"og_description":null,"og_object_type":"default","og_image_type":"default","og_image_url":null,"og_image_width":null,"og_image_height":null,"og_image_custom_url":null,"og_image_custom_fields":null,"og_video":null,"og_custom_url":null,"og_article_section":null,"og_article_tags":null,"twitter_use_og":false,"twitter_card":"default","twitter_image_type":"default","twitter_image_url":null,"twitter_image_custom_url":null,"twitter_image_custom_fields":null,"twitter_title":null,"twitter_description":null,"schema":{"blockGraphs":[],"customGraphs":[],"default":{"data":{"Article":[],"Course":[],"Dataset":[],"FAQPage":[],"Movie":[],"Person":[],"Product":[],"Recipe":[],"Service":[],"SoftwareApplication":[],"WebPage":[]},"graphName":"","isEnabled":true},"graphs":[]},"schema_type":"default","schema_type_options":null,"pillar_content":false,"robots_default":true,"robots_noindex":false,"robots_noarchive":false,"robots_nosnippet":false,"robots_nofollow":false,"robots_noimageindex":false,"robots_noodp":false,"robots_notranslate":false,"robots_max_snippet":null,"robots_max_videopreview":null,"robots_max_imagepreview":"large","priority":null,"frequency":null,"local_seo":null,"breadcrumb_settings":null,"limit_modified_date":false,"created":"2024-04-11 01:57:19","updated":"2025-06-22 18:05:56"},"aioseo_breadcrumb":"<div class=\"aioseo-breadcrumbs\"><span class=\"aioseo-breadcrumb\">\n\t<a href=\"https:\/\/www.rucashk.com\/pt\" title=\"Home\">Home<\/a>\n<\/span><span class=\"aioseo-breadcrumb-separator\">&raquo;<\/span><span class=\"aioseo-breadcrumb\">\n\t<a href=\"https:\/\/www.rucashk.com\/pt\/products\/\" title=\"Produtos\">Produtos<\/a>\n<\/span><span class=\"aioseo-breadcrumb-separator\">&raquo;<\/span><span class=\"aioseo-breadcrumb\">\n\t<a href=\"https:\/\/www.rucashk.com\/pt\/categoria-produto\/xiaomi-eco\/\" title=\"Xiaomi Eco\">Xiaomi Eco<\/a>\n<\/span><span class=\"aioseo-breadcrumb-separator\">&raquo;<\/span><span class=\"aioseo-breadcrumb\">\n\t<a href=\"https:\/\/www.rucashk.com\/pt\/categoria-produto\/xiaomi-eco\/haylou-earphone\/\" title=\"Haylou Earphone\">Haylou Earphone<\/a>\n<\/span><span class=\"aioseo-breadcrumb-separator\">&raquo;<\/span><span class=\"aioseo-breadcrumb\">\n\tHaylou Moripod T33 Earbuds\n<\/span><\/div>","aioseo_breadcrumb_json":[{"label":"Home","link":"https:\/\/www.rucashk.com\/pt"},{"label":"Produtos","link":"https:\/\/www.rucashk.com\/pt\/products\/"},{"label":"Xiaomi Eco","link":"https:\/\/www.rucashk.com\/pt\/categoria-produto\/xiaomi-eco\/"},{"label":"Haylou Earphone","link":"https:\/\/www.rucashk.com\/pt\/categoria-produto\/xiaomi-eco\/haylou-earphone\/"},{"label":"Haylou Moripod T33 Earbuds","link":"https:\/\/www.rucashk.com\/pt\/produto\/haylou-moripod-t33-earbuds\/"}],"_links":{"self":[{"href":"https:\/\/www.rucashk.com\/pt\/wp-json\/wp\/v2\/product\/25939","targetHints":{"allow":["GET"]}}],"collection":[{"href":"https:\/\/www.rucashk.com\/pt\/wp-json\/wp\/v2\/product"}],"about":[{"href":"https:\/\/www.rucashk.com\/pt\/wp-json\/wp\/v2\/types\/product"}],"wp:featuredmedia":[{"embeddable":true,"href":"https:\/\/www.rucashk.com\/pt\/wp-json\/wp\/v2\/media\/26005"}],"wp:attachment":[{"href":"https:\/\/www.rucashk.com\/pt\/wp-json\/wp\/v2\/media?parent=25939"}],"wp:term":[{"taxonomy":"product_brand","embeddable":true,"href":"https:\/\/www.rucashk.com\/pt\/wp-json\/wp\/v2\/product_brand?post=25939"},{"taxonomy":"product_cat","embeddable":true,"href":"https:\/\/www.rucashk.com\/pt\/wp-json\/wp\/v2\/product_cat?post=25939"},{"taxonomy":"product_tag","embeddable":true,"href":"https:\/\/www.rucashk.com\/pt\/wp-json\/wp\/v2\/product_tag?post=25939"}],"curies":[{"name":"wp","href":"https:\/\/api.w.org\/{rel}","templated":true}]}}