{"id":25935,"date":"2024-01-09T16:22:56","date_gmt":"2024-01-09T16:22:56","guid":{"rendered":"http:\/\/rucashk.com\/?post_type=product&#038;p=25935"},"modified":"2024-03-12T03:53:34","modified_gmt":"2024-03-12T03:53:34","slug":"amazfit-gtr-3-pro-hongkong-shipping","status":"publish","type":"product","link":"https:\/\/www.rucashk.com\/pt\/produto\/amazfit-gtr-3-pro-hongkong-shipping\/","title":{"rendered":"Envio do Amazfit GTR 3 PRO em Hong Kong"},"content":{"rendered":"<div class=\"instore-info-container\" data-spm-anchor-id=\"a2g0o.detail.0.i7.426a20a6t6tISI\">\n<div class=\"instore-info-rcmds\">\n<div class=\"simple-card-container\">\n<div class=\"simple-card-price\"><img fetchpriority=\"high\" decoding=\"async\" class=\"aligncenter\" style=\"font-style: inherit;font-weight: inherit\" src=\"\/wp-content\/uploads\/replace\/00d71127102ef4ab2b7b4293d84d0857.jpeg\" alt=\"Amazfit GTR 3 Pro\" width=\"1000\" height=\"1299\" \/><img decoding=\"async\" class=\"aligncenter\" style=\"font-style: inherit;font-weight: inherit\" src=\"\/wp-content\/uploads\/replace\/9643a44f7623a9916e767122b3e34eec.jpeg\" alt=\"Amazfit GTR 3 Pro\" width=\"1000\" height=\"949\" \/><img decoding=\"async\" class=\"aligncenter\" style=\"font-style: inherit;font-weight: inherit\" src=\"\/wp-content\/uploads\/replace\/9e8b47d4407f2823a09ec8b12a04c97a.jpeg\" alt=\"Amazfit GTR 3 Pro\" width=\"1000\" height=\"1377\" \/><img loading=\"lazy\" decoding=\"async\" class=\"aligncenter\" style=\"font-style: inherit;font-weight: inherit\" src=\"\/wp-content\/uploads\/replace\/f5b623113d5003ca8f4e64630a25ea9b.jpeg\" alt=\"Amazfit GTR 3 Pro\" width=\"1000\" height=\"1115\" \/><img loading=\"lazy\" decoding=\"async\" class=\"aligncenter\" style=\"font-style: inherit;font-weight: inherit\" src=\"\/wp-content\/uploads\/replace\/ca47e8f162031a5847ba33a7517e0c1d.jpeg\" alt=\"Amazfit GTR 3 Pro\" width=\"1000\" height=\"1955\" \/><img loading=\"lazy\" decoding=\"async\" class=\"aligncenter\" style=\"font-style: inherit;font-weight: inherit\" src=\"\/wp-content\/uploads\/replace\/d3ab9e704c4c4017cfa169d4e6042a73.jpeg\" alt=\"Amazfit GTR 3 Pro\" width=\"1000\" height=\"1561\" \/><img loading=\"lazy\" decoding=\"async\" class=\"aligncenter\" style=\"font-style: inherit;font-weight: inherit\" src=\"\/wp-content\/uploads\/replace\/05fa37702c415af010f6c20e130a7106.jpeg\" alt=\"Amazfit GTR 3 Pro\" width=\"1000\" height=\"2299\" \/><img loading=\"lazy\" decoding=\"async\" class=\"aligncenter\" style=\"font-style: inherit;font-weight: inherit\" src=\"\/wp-content\/uploads\/replace\/625c2a602851a1f4a44e84f2dcfad4bc.jpeg\" alt=\"Amazfit GTR 3 Pro\" width=\"1000\" height=\"977\" \/><img loading=\"lazy\" decoding=\"async\" class=\"aligncenter\" style=\"font-style: inherit;font-weight: inherit\" src=\"\/wp-content\/uploads\/replace\/df52c0d0defcb16c65a9b758f1ba4289.jpeg\" alt=\"Amazfit GTR 3 Pro\" width=\"1000\" height=\"1178\" \/><img loading=\"lazy\" decoding=\"async\" class=\"aligncenter\" style=\"font-style: inherit;font-weight: inherit\" src=\"\/wp-content\/uploads\/replace\/e55729f53d313eb7f9aee62f50a1930a.jpeg\" alt=\"Amazfit GTR 3 Pro\" width=\"1000\" height=\"1467\" \/><img loading=\"lazy\" decoding=\"async\" class=\"aligncenter\" style=\"font-style: inherit;font-weight: inherit\" src=\"\/wp-content\/uploads\/replace\/d9f2ef00efbc8c4baee56e49facd619e.jpeg\" alt=\"Amazfit GTR 3 Pro\" width=\"1000\" height=\"1343\" \/><img loading=\"lazy\" decoding=\"async\" class=\"aligncenter\" style=\"font-style: inherit;font-weight: inherit\" src=\"\/wp-content\/uploads\/replace\/7320c8aaab5312554aeff5be80c347ae.jpeg\" alt=\"Amazfit GTR 3 Pro\" width=\"1000\" height=\"1551\" \/><img loading=\"lazy\" decoding=\"async\" class=\"aligncenter\" style=\"font-style: inherit;font-weight: inherit\" src=\"\/wp-content\/uploads\/replace\/f521a78bdd9559f7ecb621f96b8748ab.jpeg\" alt=\"Amazfit GTR 3 Pro\" width=\"1000\" height=\"1475\" \/><img loading=\"lazy\" decoding=\"async\" class=\"aligncenter\" style=\"font-style: inherit;font-weight: inherit\" src=\"\/wp-content\/uploads\/replace\/908d74be6a06caa1b265d77ad07ea786.jpeg\" alt=\"Amazfit GTR 3 Pro\" width=\"1000\" height=\"1612\" \/><img loading=\"lazy\" decoding=\"async\" class=\"aligncenter\" style=\"font-style: inherit;font-weight: inherit\" src=\"\/wp-content\/uploads\/replace\/2cd8e3690860c39837451b565c69d091.jpeg\" alt=\"Amazfit GTR 3 Pro\" width=\"1000\" height=\"1912\" data-spm-anchor-id=\"a2g0o.detail.1000023.i0.426a20a6t6tISI\" \/><\/div>\n<\/div>\n<\/div>\n<\/div>","protected":false},"excerpt":{"rendered":"<ul>\n<li>Tela AMOLED ultra HD<\/li>\n<li>Gest\u00e3o f\u00e1cil e saud\u00e1vel 24 horas por dia<\/li>\n<li>Poderoso sistema operacional Zepp e suporte a aplicativos<\/li>\n<li>Coroa de Navega\u00e7\u00e3o Cl\u00e1ssica<\/li>\n<li>Vida \u00fatil da bateria de 12 dias<\/li>\n<\/ul>","protected":false},"featured_media":25994,"template":"","meta":[],"product_brand":[],"product_cat":[1339,1305],"product_tag":[],"class_list":{"0":"post-25935","1":"product","2":"type-product","3":"status-publish","4":"has-post-thumbnail","6":"product_cat-amazfit-smartwatch","7":"product_cat-xiaomi-eco","9":"first","10":"instock","11":"shipping-taxable","12":"product-type-simple"},"aioseo_notices":[],"aioseo_head":"\n\t\t<!-- All in One SEO Pro 4.5.9.2 - aioseo.com -->\n\t\t<meta name=\"description\" content=\"Ultra HD AMOLED Display Easy 24H Healthy Management Powerful Zepp OS &amp; App-support Classic Navigation Crown 12-day Battery Life\" \/>\n\t\t<meta name=\"robots\" content=\"max-image-preview:large\" \/>\n\t\t<link rel=\"canonical\" href=\"https:\/\/www.rucashk.com\/pt\/produto\/amazfit-gtr-3-pro-hongkong-shipping\/\" \/>\n\t\t<meta name=\"generator\" content=\"All in One SEO Pro (AIOSEO) 4.5.9.2\" \/>\n\t\t<meta property=\"og:locale\" content=\"pt_PT\" \/>\n\t\t<meta property=\"og:site_name\" content=\"Rucas - One-stop AIoT Distribution Worldwide\" \/>\n\t\t<meta property=\"og:type\" content=\"article\" \/>\n\t\t<meta property=\"og:title\" content=\"Amazfit GTR 3 PRO hongkong shipping - Rucas - Wholesale and Distribution\" \/>\n\t\t<meta property=\"og:description\" content=\"Ultra HD AMOLED Display Easy 24H Healthy Management Powerful Zepp OS &amp; App-support Classic Navigation Crown 12-day Battery Life\" \/>\n\t\t<meta property=\"og:url\" content=\"https:\/\/www.rucashk.com\/pt\/produto\/amazfit-gtr-3-pro-hongkong-shipping\/\" \/>\n\t\t<meta property=\"og:image\" content=\"https:\/\/www.rucashk.com\/wp-content\/uploads\/replace\/503b8e645f128a97ccde2b6290747646.jpeg\" \/>\n\t\t<meta property=\"og:image:secure_url\" content=\"https:\/\/www.rucashk.com\/wp-content\/uploads\/replace\/503b8e645f128a97ccde2b6290747646.jpeg\" \/>\n\t\t<meta property=\"og:image:width\" content=\"1456\" \/>\n\t\t<meta property=\"og:image:height\" content=\"816\" \/>\n\t\t<meta property=\"article:published_time\" content=\"2024-01-09T16:22:56+00:00\" \/>\n\t\t<meta property=\"article:modified_time\" content=\"2024-03-12T03:53:34+00:00\" \/>\n\t\t<meta name=\"twitter:card\" content=\"summary_large_image\" \/>\n\t\t<meta name=\"twitter:title\" content=\"Amazfit GTR 3 PRO hongkong shipping - Rucas - Wholesale and Distribution\" \/>\n\t\t<meta name=\"twitter:description\" content=\"Ultra HD AMOLED Display Easy 24H Healthy Management Powerful Zepp OS &amp; App-support Classic Navigation Crown 12-day Battery Life\" \/>\n\t\t<meta name=\"twitter:image\" content=\"https:\/\/www.rucashk.com\/wp-content\/uploads\/replace\/503b8e645f128a97ccde2b6290747646.jpeg\" \/>\n\t\t<script type=\"application\/ld+json\" class=\"aioseo-schema\">\n\t\t\t{\"@context\":\"https:\\\/\\\/schema.org\",\"@graph\":[{\"@type\":\"BreadcrumbList\",\"@id\":\"https:\\\/\\\/www.rucashk.com\\\/pt\\\/produto\\\/amazfit-gtr-3-pro-hongkong-shipping\\\/#breadcrumblist\",\"itemListElement\":[{\"@type\":\"ListItem\",\"@id\":\"https:\\\/\\\/www.rucashk.com\\\/pt\\\/#listItem\",\"position\":1,\"name\":\"Home\",\"item\":\"https:\\\/\\\/www.rucashk.com\\\/pt\\\/\",\"nextItem\":\"https:\\\/\\\/www.rucashk.com\\\/pt\\\/produto\\\/amazfit-gtr-3-pro-hongkong-shipping\\\/#listItem\"},{\"@type\":\"ListItem\",\"@id\":\"https:\\\/\\\/www.rucashk.com\\\/pt\\\/produto\\\/amazfit-gtr-3-pro-hongkong-shipping\\\/#listItem\",\"position\":2,\"name\":\"Amazfit GTR 3 PRO hongkong shipping\",\"previousItem\":\"https:\\\/\\\/www.rucashk.com\\\/pt\\\/#listItem\"}]},{\"@type\":\"Organization\",\"@id\":\"https:\\\/\\\/www.rucashk.com\\\/pt\\\/#organization\",\"name\":\"Rucas\",\"url\":\"https:\\\/\\\/www.rucashk.com\\\/pt\\\/\",\"logo\":{\"@type\":\"ImageObject\",\"url\":\"https:\\\/\\\/www.rucashk.com\\\/wp-content\\\/uploads\\\/2023\\\/12\\\/Rucas_campany_logo.png\",\"@id\":\"https:\\\/\\\/www.rucashk.com\\\/pt\\\/produto\\\/amazfit-gtr-3-pro-hongkong-shipping\\\/#organizationLogo\",\"width\":221,\"height\":65},\"image\":{\"@id\":\"https:\\\/\\\/www.rucashk.com\\\/pt\\\/#organizationLogo\"}},{\"@type\":\"Person\",\"@id\":\"https:\\\/\\\/www.rucashk.com\\\/pt\\\/author\\\/admin\\\/#author\",\"url\":\"https:\\\/\\\/www.rucashk.com\\\/pt\\\/author\\\/admin\\\/\",\"name\":\"admin\",\"image\":{\"@type\":\"ImageObject\",\"@id\":\"https:\\\/\\\/www.rucashk.com\\\/pt\\\/produto\\\/amazfit-gtr-3-pro-hongkong-shipping\\\/#authorImage\",\"url\":\"https:\\\/\\\/secure.gravatar.com\\\/avatar\\\/b7c8925b09a27e72b30232f8ecaadbd5af0f70a38c78096863fe51b64f031c24?s=96&d=mm&r=g\",\"width\":96,\"height\":96,\"caption\":\"admin\"}},{\"@type\":\"WebPage\",\"@id\":\"https:\\\/\\\/www.rucashk.com\\\/pt\\\/produto\\\/amazfit-gtr-3-pro-hongkong-shipping\\\/#webpage\",\"url\":\"https:\\\/\\\/www.rucashk.com\\\/pt\\\/produto\\\/amazfit-gtr-3-pro-hongkong-shipping\\\/\",\"name\":\"Amazfit GTR 3 PRO hongkong shipping - Rucas - Wholesale and Distribution\",\"description\":\"Ultra HD AMOLED Display Easy 24H Healthy Management Powerful Zepp OS & App-support Classic Navigation Crown 12-day Battery Life\",\"inLanguage\":\"pt-PT\",\"isPartOf\":{\"@id\":\"https:\\\/\\\/www.rucashk.com\\\/pt\\\/#website\"},\"breadcrumb\":{\"@id\":\"https:\\\/\\\/www.rucashk.com\\\/pt\\\/produto\\\/amazfit-gtr-3-pro-hongkong-shipping\\\/#breadcrumblist\"},\"author\":{\"@id\":\"https:\\\/\\\/www.rucashk.com\\\/pt\\\/author\\\/admin\\\/#author\"},\"creator\":{\"@id\":\"https:\\\/\\\/www.rucashk.com\\\/pt\\\/author\\\/admin\\\/#author\"},\"image\":{\"@type\":\"ImageObject\",\"url\":\"https:\\\/\\\/www.rucashk.com\\\/wp-content\\\/uploads\\\/2024\\\/01\\\/Amazfit-GTR-3-pro-\\u4e3b\\u56fe.png\",\"@id\":\"https:\\\/\\\/www.rucashk.com\\\/pt\\\/produto\\\/amazfit-gtr-3-pro-hongkong-shipping\\\/#mainImage\",\"width\":800,\"height\":800},\"primaryImageOfPage\":{\"@id\":\"https:\\\/\\\/www.rucashk.com\\\/pt\\\/produto\\\/amazfit-gtr-3-pro-hongkong-shipping\\\/#mainImage\"},\"datePublished\":\"2024-01-09T16:22:56+00:00\",\"dateModified\":\"2024-03-12T03:53:34+00:00\"},{\"@type\":\"WebSite\",\"@id\":\"https:\\\/\\\/www.rucashk.com\\\/pt\\\/#website\",\"url\":\"https:\\\/\\\/www.rucashk.com\\\/pt\\\/\",\"name\":\"Rucas - Wholesale and distribution worldwide\",\"alternateName\":\"Rucas - One-stop AIoT Distribution Worldwide\",\"description\":\"One-stop AIoT Distribution Worldwide\",\"inLanguage\":\"pt-PT\",\"publisher\":{\"@id\":\"https:\\\/\\\/www.rucashk.com\\\/pt\\\/#organization\"}}]}\n\t\t<\/script>\n\t\t<!-- All in One SEO Pro -->\r\n\t\t<title>Amazfit GTR 3 PRO hongkong shipping - Rucas - Wholesale and Distribution<\/title>\n\n","aioseo_head_json":{"title":"Amazfit GTR 3 PRO hongkong shipping - Rucas - Wholesale and Distribution","description":"Ultra HD AMOLED Display Easy 24H Healthy Management Powerful Zepp OS & App-support Classic Navigation Crown 12-day Battery Life","canonical_url":"https:\/\/www.rucashk.com\/pt\/produto\/amazfit-gtr-3-pro-hongkong-shipping\/","robots":"max-image-preview:large","keywords":"","webmasterTools":{"miscellaneous":""},"og:locale":"pt_PT","og:site_name":"Rucas - One-stop AIoT Distribution Worldwide","og:type":"article","og:title":"Amazfit GTR 3 PRO hongkong shipping - Rucas - Wholesale and Distribution","og:description":"Ultra HD AMOLED Display Easy 24H Healthy Management Powerful Zepp OS &amp; App-support Classic Navigation Crown 12-day Battery Life","og:url":"https:\/\/www.rucashk.com\/pt\/produto\/amazfit-gtr-3-pro-hongkong-shipping\/","og:image":"https:\/\/www.rucashk.com\/wp-content\/uploads\/replace\/503b8e645f128a97ccde2b6290747646.jpeg","og:image:secure_url":"https:\/\/www.rucashk.com\/wp-content\/uploads\/replace\/503b8e645f128a97ccde2b6290747646.jpeg","og:image:width":1456,"og:image:height":816,"article:published_time":"2024-01-09T16:22:56+00:00","article:modified_time":"2024-03-12T03:53:34+00:00","twitter:card":"summary_large_image","twitter:title":"Amazfit GTR 3 PRO hongkong shipping - Rucas - Wholesale and Distribution","twitter:description":"Ultra HD AMOLED Display Easy 24H Healthy Management Powerful Zepp OS &amp; App-support Classic Navigation Crown 12-day Battery Life","twitter:image":"https:\/\/www.rucashk.com\/wp-content\/uploads\/replace\/503b8e645f128a97ccde2b6290747646.jpeg","schema":{"@context":"https:\/\/schema.org","@graph":[{"@type":"BreadcrumbList","@id":"https:\/\/www.rucashk.com\/pt\/produto\/amazfit-gtr-3-pro-hongkong-shipping\/#breadcrumblist","itemListElement":[{"@type":"ListItem","@id":"https:\/\/www.rucashk.com\/pt\/#listItem","position":1,"name":"Home","item":"https:\/\/www.rucashk.com\/pt\/","nextItem":"https:\/\/www.rucashk.com\/pt\/produto\/amazfit-gtr-3-pro-hongkong-shipping\/#listItem"},{"@type":"ListItem","@id":"https:\/\/www.rucashk.com\/pt\/produto\/amazfit-gtr-3-pro-hongkong-shipping\/#listItem","position":2,"name":"Amazfit GTR 3 PRO hongkong shipping","previousItem":"https:\/\/www.rucashk.com\/pt\/#listItem"}]},{"@type":"Organization","@id":"https:\/\/www.rucashk.com\/pt\/#organization","name":"Rucas","url":"https:\/\/www.rucashk.com\/pt\/","logo":{"@type":"ImageObject","url":"https:\/\/www.rucashk.com\/wp-content\/uploads\/2023\/12\/Rucas_campany_logo.png","@id":"https:\/\/www.rucashk.com\/pt\/produto\/amazfit-gtr-3-pro-hongkong-shipping\/#organizationLogo","width":221,"height":65},"image":{"@id":"https:\/\/www.rucashk.com\/pt\/#organizationLogo"}},{"@type":"Person","@id":"https:\/\/www.rucashk.com\/pt\/author\/admin\/#author","url":"https:\/\/www.rucashk.com\/pt\/author\/admin\/","name":"admin","image":{"@type":"ImageObject","@id":"https:\/\/www.rucashk.com\/pt\/produto\/amazfit-gtr-3-pro-hongkong-shipping\/#authorImage","url":"https:\/\/secure.gravatar.com\/avatar\/b7c8925b09a27e72b30232f8ecaadbd5af0f70a38c78096863fe51b64f031c24?s=96&d=mm&r=g","width":96,"height":96,"caption":"admin"}},{"@type":"WebPage","@id":"https:\/\/www.rucashk.com\/pt\/produto\/amazfit-gtr-3-pro-hongkong-shipping\/#webpage","url":"https:\/\/www.rucashk.com\/pt\/produto\/amazfit-gtr-3-pro-hongkong-shipping\/","name":"Amazfit GTR 3 PRO hongkong shipping - Rucas - Wholesale and Distribution","description":"Ultra HD AMOLED Display Easy 24H Healthy Management Powerful Zepp OS & App-support Classic Navigation Crown 12-day Battery Life","inLanguage":"pt-PT","isPartOf":{"@id":"https:\/\/www.rucashk.com\/pt\/#website"},"breadcrumb":{"@id":"https:\/\/www.rucashk.com\/pt\/produto\/amazfit-gtr-3-pro-hongkong-shipping\/#breadcrumblist"},"author":{"@id":"https:\/\/www.rucashk.com\/pt\/author\/admin\/#author"},"creator":{"@id":"https:\/\/www.rucashk.com\/pt\/author\/admin\/#author"},"image":{"@type":"ImageObject","url":"https:\/\/www.rucashk.com\/wp-content\/uploads\/2024\/01\/Amazfit-GTR-3-pro-\u4e3b\u56fe.png","@id":"https:\/\/www.rucashk.com\/pt\/produto\/amazfit-gtr-3-pro-hongkong-shipping\/#mainImage","width":800,"height":800},"primaryImageOfPage":{"@id":"https:\/\/www.rucashk.com\/pt\/produto\/amazfit-gtr-3-pro-hongkong-shipping\/#mainImage"},"datePublished":"2024-01-09T16:22:56+00:00","dateModified":"2024-03-12T03:53:34+00:00"},{"@type":"WebSite","@id":"https:\/\/www.rucashk.com\/pt\/#website","url":"https:\/\/www.rucashk.com\/pt\/","name":"Rucas - Wholesale and distribution worldwide","alternateName":"Rucas - One-stop AIoT Distribution Worldwide","description":"One-stop AIoT Distribution Worldwide","inLanguage":"pt-PT","publisher":{"@id":"https:\/\/www.rucashk.com\/pt\/#organization"}}]}},"aioseo_meta_data":{"post_id":"25935","title":null,"description":null,"keywords":null,"keyphrases":null,"primary_term":null,"canonical_url":null,"og_title":null,"og_description":null,"og_object_type":"default","og_image_type":"default","og_image_url":null,"og_image_width":null,"og_image_height":null,"og_image_custom_url":null,"og_image_custom_fields":null,"og_video":null,"og_custom_url":null,"og_article_section":null,"og_article_tags":null,"twitter_use_og":false,"twitter_card":"default","twitter_image_type":"default","twitter_image_url":null,"twitter_image_custom_url":null,"twitter_image_custom_fields":null,"twitter_title":null,"twitter_description":null,"schema":{"blockGraphs":[],"customGraphs":[],"default":{"data":{"Article":[],"Course":[],"Dataset":[],"FAQPage":[],"Movie":[],"Person":[],"Product":[],"Recipe":[],"Service":[],"SoftwareApplication":[],"WebPage":[]},"graphName":"","isEnabled":true},"graphs":[]},"schema_type":"default","schema_type_options":null,"pillar_content":false,"robots_default":true,"robots_noindex":false,"robots_noarchive":false,"robots_nosnippet":false,"robots_nofollow":false,"robots_noimageindex":false,"robots_noodp":false,"robots_notranslate":false,"robots_max_snippet":null,"robots_max_videopreview":null,"robots_max_imagepreview":"large","priority":null,"frequency":null,"local_seo":null,"breadcrumb_settings":null,"limit_modified_date":false,"created":"2024-04-11 01:57:19","updated":"2025-06-22 18:05:03"},"aioseo_breadcrumb":"<div class=\"aioseo-breadcrumbs\"><span class=\"aioseo-breadcrumb\">\n\t<a href=\"https:\/\/www.rucashk.com\/pt\" title=\"Home\">Home<\/a>\n<\/span><span class=\"aioseo-breadcrumb-separator\">&raquo;<\/span><span class=\"aioseo-breadcrumb\">\n\t<a href=\"https:\/\/www.rucashk.com\/pt\/products\/\" title=\"Produtos\">Produtos<\/a>\n<\/span><span class=\"aioseo-breadcrumb-separator\">&raquo;<\/span><span class=\"aioseo-breadcrumb\">\n\t<a href=\"https:\/\/www.rucashk.com\/pt\/categoria-produto\/xiaomi-eco\/\" title=\"Xiaomi Eco\">Xiaomi Eco<\/a>\n<\/span><span class=\"aioseo-breadcrumb-separator\">&raquo;<\/span><span class=\"aioseo-breadcrumb\">\n\t<a href=\"https:\/\/www.rucashk.com\/pt\/categoria-produto\/xiaomi-eco\/amazfit-smartwatch\/\" title=\"Amazfit Smartwatch\">Amazfit Smartwatch<\/a>\n<\/span><span class=\"aioseo-breadcrumb-separator\">&raquo;<\/span><span class=\"aioseo-breadcrumb\">\n\tAmazfit GTR 3 PRO hongkong shipping\n<\/span><\/div>","aioseo_breadcrumb_json":[{"label":"Home","link":"https:\/\/www.rucashk.com\/pt"},{"label":"Produtos","link":"https:\/\/www.rucashk.com\/pt\/products\/"},{"label":"Xiaomi Eco","link":"https:\/\/www.rucashk.com\/pt\/categoria-produto\/xiaomi-eco\/"},{"label":"Amazfit Smartwatch","link":"https:\/\/www.rucashk.com\/pt\/categoria-produto\/xiaomi-eco\/amazfit-smartwatch\/"},{"label":"Amazfit GTR 3 PRO hongkong shipping","link":"https:\/\/www.rucashk.com\/pt\/produto\/amazfit-gtr-3-pro-hongkong-shipping\/"}],"_links":{"self":[{"href":"https:\/\/www.rucashk.com\/pt\/wp-json\/wp\/v2\/product\/25935","targetHints":{"allow":["GET"]}}],"collection":[{"href":"https:\/\/www.rucashk.com\/pt\/wp-json\/wp\/v2\/product"}],"about":[{"href":"https:\/\/www.rucashk.com\/pt\/wp-json\/wp\/v2\/types\/product"}],"wp:featuredmedia":[{"embeddable":true,"href":"https:\/\/www.rucashk.com\/pt\/wp-json\/wp\/v2\/media\/25994"}],"wp:attachment":[{"href":"https:\/\/www.rucashk.com\/pt\/wp-json\/wp\/v2\/media?parent=25935"}],"wp:term":[{"taxonomy":"product_brand","embeddable":true,"href":"https:\/\/www.rucashk.com\/pt\/wp-json\/wp\/v2\/product_brand?post=25935"},{"taxonomy":"product_cat","embeddable":true,"href":"https:\/\/www.rucashk.com\/pt\/wp-json\/wp\/v2\/product_cat?post=25935"},{"taxonomy":"product_tag","embeddable":true,"href":"https:\/\/www.rucashk.com\/pt\/wp-json\/wp\/v2\/product_tag?post=25935"}],"curies":[{"name":"wp","href":"https:\/\/api.w.org\/{rel}","templated":true}]}}