{"id":25869,"date":"2024-01-09T16:22:09","date_gmt":"2024-01-09T16:22:09","guid":{"rendered":"http:\/\/rucashk.com\/?post_type=product&#038;p=25869"},"modified":"2025-06-22T06:42:49","modified_gmt":"2025-06-22T06:42:49","slug":"mi-wi-fi-repeator-pro-global-reseller-fbc4003gl","status":"publish","type":"product","link":"https:\/\/www.rucashk.com\/pt\/produto\/mi-wi-fi-repeator-pro-global-reseller-fbc4003gl\/","title":{"rendered":"Revendedor global Mi Wi-Fi Repeator Pro FBC4003GL"},"content":{"rendered":"<p><img fetchpriority=\"high\" decoding=\"async\" class=\"alignnone size-full wp-image-26529 aligncenter\" src=\"https:\/\/www.rucashk.com\/wp-content\/uploads\/2021\/05\/3.Mi-Wi-Fi-Repeator-Pro.jpg\" alt=\"\" width=\"2560\" height=\"1200\" \/><\/p>\n<p><img decoding=\"async\" class=\"size-full wp-image-26530 aligncenter\" src=\"https:\/\/www.rucashk.com\/wp-content\/uploads\/2021\/05\/4.Mi-Wi-Fi-Repeator-Pro.jpg\" alt=\"\" width=\"2560\" height=\"1100\" \/><img decoding=\"async\" class=\"size-full wp-image-26531 aligncenter\" src=\"https:\/\/www.rucashk.com\/wp-content\/uploads\/2021\/05\/5.Mi-Wi-Fi-Repeator-Pro.jpg\" alt=\"\" width=\"2560\" height=\"1160\" \/><img loading=\"lazy\" decoding=\"async\" class=\"size-full wp-image-26532 aligncenter\" src=\"https:\/\/www.rucashk.com\/wp-content\/uploads\/2021\/05\/7.Mi-Wi-Fi-Repeator-Pro.jpg\" alt=\"\" width=\"2560\" height=\"1194\" \/><img loading=\"lazy\" decoding=\"async\" class=\"size-full wp-image-26533 aligncenter\" src=\"https:\/\/www.rucashk.com\/wp-content\/uploads\/2021\/05\/8.Mi-Wi-Fi-Repeator-Pro.jpg\" alt=\"\" width=\"2560\" height=\"1119\" \/><\/p>\n<h4 class=\"title-h4\" style=\"text-align: center\">Extens\u00e3o Wi-Fi f\u00e1cil<\/h4>\n<div class=\"text-delt\" style=\"text-align: center\">Cansado da \u201czona morta\u201d do Wi-Fi? Mi Wi-Fi Range Extender Pro pode ajud\u00e1-lo a se conectar facilmente \u00e0 rede.<br \/>\nColoque o extensor pr\u00f3ximo ao roteador, ligue-o e espere a luz indicadora amarela come\u00e7ar a piscar.<br \/>\nDigitalize o c\u00f3digo QR para instalar o aplicativo e siga as instru\u00e7\u00f5es para adicionar o dispositivo.<br \/>\nQuando a luz indicadora ficar azul, o emparelhamento estar\u00e1 conclu\u00eddo.<br \/>\nAgora voc\u00ea pode simplesmente desconectar e conectar o Mi Wi-Fi Range Extender Pro em um local para obter a melhor qualidade de sinal e cobertura em sua casa, sem precisar configurar o extensor novamente.<\/div>\n<div style=\"text-align: center\"><\/div>\n<div style=\"text-align: center\">\n<h4 class=\"title-h4\">Impulsione sua rede sem fio<\/h4>\n<div class=\"text-delt\">O Mi Wi-Fi Range Extender Pro conecta-se ao seu roteador sem fio, fortalecendo e expandindo seu sinal para todos os cantos da casa \u2013 mesmo para aqueles locais de dif\u00edcil acesso, como banheiros, varandas, quartos.<br \/>\nIsso garante uma maior cobertura de Internet confi\u00e1vel e de alta velocidade para dispositivos como notebooks, tablets, smartphones, consoles de jogos e smart TVs.<\/div>\n<\/div>\n<div>\n<h4 class=\"title-h4\" style=\"text-align: center\">Suporta at\u00e9 16 dispositivos conectados simultaneamente<\/h4>\n<div class=\"text-delt\" style=\"text-align: center\">Uma vez conectado a um roteador existente, voc\u00ea sempre ter\u00e1 uma conex\u00e3o confi\u00e1vel onde quer que assista TV, assista \u00e0s \u00faltimas s\u00e9ries ou compartilhe lembran\u00e7as felizes com as crian\u00e7as por meio de videochamada.<\/div>\n<div>\n<h4 class=\"title-h4\" style=\"text-align: center\">Encontre a melhor localiza\u00e7\u00e3o com o aplicativo Mi Home<\/h4>\n<div class=\"text-delt\" style=\"text-align: center\">Para obter os melhores resultados, o Mi Wi-Fi Range Extender Pro precisa ser colocado em algum lugar entre o roteador e a zona morta e com um sinal de roteador forte e est\u00e1vel \u2013 voc\u00ea pode verificar isso atrav\u00e9s do aplicativo Mi Home.<\/div>\n<\/div>\n<\/div>","protected":false},"excerpt":{"rendered":"<p class=\"textDescTitle\"><strong>Principais caracter\u00edsticas<\/strong><\/p>\n<p class=\"textDescContent\">\u25cf Two powerful high-gain external antennas give wider coverage and better performance<br \/>\n\u25cf Wireless function, make your wireless coverage larger<br \/>\n\u25cf Compatible with other brands router<br \/>\n\u25cf Transmission rate: 300Mbps<br \/>\n\u25cf Support up to 64 devices to fulfill the needs of the whole family<br \/>\n\u25cf Manage your network settings easily with the Xiaomi Mi WiFi APP<br \/>\n\u25cf This amplifier will upgrade automatically without any setting<br \/>\n\u25cf Plug and play, easy to use<\/p>","protected":false},"featured_media":25957,"template":"","meta":[],"product_brand":[1363],"product_cat":[1315,1305],"product_tag":[],"class_list":{"0":"post-25869","1":"product","2":"type-product","3":"status-publish","4":"has-post-thumbnail","6":"product_brand-xiaomi","7":"product_cat-tv-accessories","8":"product_cat-xiaomi-eco","10":"first","11":"instock","12":"shipping-taxable","13":"product-type-simple"},"aioseo_notices":[],"aioseo_head":"\n\t\t<!-- All in One SEO Pro 4.5.9.2 - aioseo.com -->\n\t\t<meta name=\"description\" content=\"Main Features \u25cf Two powerful high-gain external antennas give wider coverage and better performance \u25cf Wireless function, make your wireless coverage larger \u25cf Compatible with other brands router \u25cf Transmission rate: 300Mbps \u25cf Support up to 64 devices to fulfill the needs of the whole family \u25cf Manage your network settings easily with the Xiaomi Mi WiFi APP \u25cf This amplifier will upgrade automatically without any setting \u25cf Plug and play, easy to use\" \/>\n\t\t<meta name=\"robots\" content=\"max-image-preview:large\" \/>\n\t\t<link rel=\"canonical\" href=\"https:\/\/www.rucashk.com\/pt\/produto\/mi-wi-fi-repeator-pro-global-reseller-fbc4003gl\/\" \/>\n\t\t<meta name=\"generator\" content=\"All in One SEO Pro (AIOSEO) 4.5.9.2\" \/>\n\t\t<meta property=\"og:locale\" content=\"pt_PT\" \/>\n\t\t<meta property=\"og:site_name\" content=\"Rucas - One-stop AIoT Distribution Worldwide\" \/>\n\t\t<meta property=\"og:type\" content=\"article\" \/>\n\t\t<meta property=\"og:title\" content=\"Mi Wi-Fi Repeator Pro Global reseller FBC4003GL - Rucas - Wholesale and Distribution\" \/>\n\t\t<meta property=\"og:description\" content=\"Main Features \u25cf Two powerful high-gain external antennas give wider coverage and better performance \u25cf Wireless function, make your wireless coverage larger \u25cf Compatible with other brands router \u25cf Transmission rate: 300Mbps \u25cf Support up to 64 devices to fulfill the needs of the whole family \u25cf Manage your network settings easily with the Xiaomi Mi WiFi APP \u25cf This amplifier will upgrade automatically without any setting \u25cf Plug and play, easy to use\" \/>\n\t\t<meta property=\"og:url\" content=\"https:\/\/www.rucashk.com\/pt\/produto\/mi-wi-fi-repeator-pro-global-reseller-fbc4003gl\/\" \/>\n\t\t<meta property=\"og:image\" content=\"https:\/\/www.rucashk.com\/wp-content\/uploads\/replace\/503b8e645f128a97ccde2b6290747646.jpeg\" \/>\n\t\t<meta property=\"og:image:secure_url\" content=\"https:\/\/www.rucashk.com\/wp-content\/uploads\/replace\/503b8e645f128a97ccde2b6290747646.jpeg\" \/>\n\t\t<meta property=\"og:image:width\" content=\"1456\" \/>\n\t\t<meta property=\"og:image:height\" content=\"816\" \/>\n\t\t<meta property=\"article:published_time\" content=\"2024-01-09T16:22:09+00:00\" \/>\n\t\t<meta property=\"article:modified_time\" content=\"2025-06-22T06:42:49+00:00\" \/>\n\t\t<meta name=\"twitter:card\" content=\"summary_large_image\" \/>\n\t\t<meta name=\"twitter:title\" content=\"Mi Wi-Fi Repeator Pro Global reseller FBC4003GL - Rucas - Wholesale and Distribution\" \/>\n\t\t<meta name=\"twitter:description\" content=\"Main Features \u25cf Two powerful high-gain external antennas give wider coverage and better performance \u25cf Wireless function, make your wireless coverage larger \u25cf Compatible with other brands router \u25cf Transmission rate: 300Mbps \u25cf Support up to 64 devices to fulfill the needs of the whole family \u25cf Manage your network settings easily with the Xiaomi Mi WiFi APP \u25cf This amplifier will upgrade automatically without any setting \u25cf Plug and play, easy to use\" \/>\n\t\t<meta name=\"twitter:image\" content=\"https:\/\/www.rucashk.com\/wp-content\/uploads\/replace\/503b8e645f128a97ccde2b6290747646.jpeg\" \/>\n\t\t<script type=\"application\/ld+json\" class=\"aioseo-schema\">\n\t\t\t{\"@context\":\"https:\\\/\\\/schema.org\",\"@graph\":[{\"@type\":\"BreadcrumbList\",\"@id\":\"https:\\\/\\\/www.rucashk.com\\\/pt\\\/produto\\\/mi-wi-fi-repeator-pro-global-reseller-fbc4003gl\\\/#breadcrumblist\",\"itemListElement\":[{\"@type\":\"ListItem\",\"@id\":\"https:\\\/\\\/www.rucashk.com\\\/pt\\\/#listItem\",\"position\":1,\"name\":\"Home\",\"item\":\"https:\\\/\\\/www.rucashk.com\\\/pt\\\/\",\"nextItem\":\"https:\\\/\\\/www.rucashk.com\\\/pt\\\/produto\\\/mi-wi-fi-repeator-pro-global-reseller-fbc4003gl\\\/#listItem\"},{\"@type\":\"ListItem\",\"@id\":\"https:\\\/\\\/www.rucashk.com\\\/pt\\\/produto\\\/mi-wi-fi-repeator-pro-global-reseller-fbc4003gl\\\/#listItem\",\"position\":2,\"name\":\"Mi Wi-Fi Repeator Pro Global reseller FBC4003GL\",\"previousItem\":\"https:\\\/\\\/www.rucashk.com\\\/pt\\\/#listItem\"}]},{\"@type\":\"Organization\",\"@id\":\"https:\\\/\\\/www.rucashk.com\\\/pt\\\/#organization\",\"name\":\"Rucas\",\"url\":\"https:\\\/\\\/www.rucashk.com\\\/pt\\\/\",\"logo\":{\"@type\":\"ImageObject\",\"url\":\"https:\\\/\\\/www.rucashk.com\\\/wp-content\\\/uploads\\\/2023\\\/12\\\/Rucas_campany_logo.png\",\"@id\":\"https:\\\/\\\/www.rucashk.com\\\/pt\\\/produto\\\/mi-wi-fi-repeator-pro-global-reseller-fbc4003gl\\\/#organizationLogo\",\"width\":221,\"height\":65},\"image\":{\"@id\":\"https:\\\/\\\/www.rucashk.com\\\/pt\\\/#organizationLogo\"}},{\"@type\":\"Person\",\"@id\":\"https:\\\/\\\/www.rucashk.com\\\/pt\\\/author\\\/admin\\\/#author\",\"url\":\"https:\\\/\\\/www.rucashk.com\\\/pt\\\/author\\\/admin\\\/\",\"name\":\"admin\",\"image\":{\"@type\":\"ImageObject\",\"@id\":\"https:\\\/\\\/www.rucashk.com\\\/pt\\\/produto\\\/mi-wi-fi-repeator-pro-global-reseller-fbc4003gl\\\/#authorImage\",\"url\":\"https:\\\/\\\/secure.gravatar.com\\\/avatar\\\/b7c8925b09a27e72b30232f8ecaadbd5af0f70a38c78096863fe51b64f031c24?s=96&d=mm&r=g\",\"width\":96,\"height\":96,\"caption\":\"admin\"}},{\"@type\":\"WebPage\",\"@id\":\"https:\\\/\\\/www.rucashk.com\\\/pt\\\/produto\\\/mi-wi-fi-repeator-pro-global-reseller-fbc4003gl\\\/#webpage\",\"url\":\"https:\\\/\\\/www.rucashk.com\\\/pt\\\/produto\\\/mi-wi-fi-repeator-pro-global-reseller-fbc4003gl\\\/\",\"name\":\"Mi Wi-Fi Repeator Pro Global reseller FBC4003GL - Rucas - Wholesale and Distribution\",\"description\":\"Main Features \\u25cf Two powerful high-gain external antennas give wider coverage and better performance \\u25cf Wireless function, make your wireless coverage larger \\u25cf Compatible with other brands router \\u25cf Transmission rate: 300Mbps \\u25cf Support up to 64 devices to fulfill the needs of the whole family \\u25cf Manage your network settings easily with the Xiaomi Mi WiFi APP \\u25cf This amplifier will upgrade automatically without any setting \\u25cf Plug and play, easy to use\",\"inLanguage\":\"pt-PT\",\"isPartOf\":{\"@id\":\"https:\\\/\\\/www.rucashk.com\\\/pt\\\/#website\"},\"breadcrumb\":{\"@id\":\"https:\\\/\\\/www.rucashk.com\\\/pt\\\/produto\\\/mi-wi-fi-repeator-pro-global-reseller-fbc4003gl\\\/#breadcrumblist\"},\"author\":{\"@id\":\"https:\\\/\\\/www.rucashk.com\\\/pt\\\/author\\\/admin\\\/#author\"},\"creator\":{\"@id\":\"https:\\\/\\\/www.rucashk.com\\\/pt\\\/author\\\/admin\\\/#author\"},\"image\":{\"@type\":\"ImageObject\",\"url\":\"https:\\\/\\\/www.rucashk.com\\\/wp-content\\\/uploads\\\/2024\\\/01\\\/Xiaomi-WiFi-Repeater-Pro.jpg\",\"@id\":\"https:\\\/\\\/www.rucashk.com\\\/pt\\\/produto\\\/mi-wi-fi-repeator-pro-global-reseller-fbc4003gl\\\/#mainImage\",\"width\":608,\"height\":549},\"primaryImageOfPage\":{\"@id\":\"https:\\\/\\\/www.rucashk.com\\\/pt\\\/produto\\\/mi-wi-fi-repeator-pro-global-reseller-fbc4003gl\\\/#mainImage\"},\"datePublished\":\"2024-01-09T16:22:09+00:00\",\"dateModified\":\"2025-06-22T06:42:49+00:00\"},{\"@type\":\"WebSite\",\"@id\":\"https:\\\/\\\/www.rucashk.com\\\/pt\\\/#website\",\"url\":\"https:\\\/\\\/www.rucashk.com\\\/pt\\\/\",\"name\":\"Rucas - Wholesale and distribution worldwide\",\"alternateName\":\"Rucas - One-stop AIoT Distribution Worldwide\",\"description\":\"One-stop AIoT Distribution Worldwide\",\"inLanguage\":\"pt-PT\",\"publisher\":{\"@id\":\"https:\\\/\\\/www.rucashk.com\\\/pt\\\/#organization\"}}]}\n\t\t<\/script>\n\t\t<!-- All in One SEO Pro -->\r\n\t\t<title>Mi Wi-Fi Repeator Pro Global reseller FBC4003GL - Rucas - Wholesale and Distribution<\/title>\n\n","aioseo_head_json":{"title":"Mi Wi-Fi Repeator Pro Global reseller FBC4003GL - Rucas - Wholesale and Distribution","description":"Main Features \u25cf Two powerful high-gain external antennas give wider coverage and better performance \u25cf Wireless function, make your wireless coverage larger \u25cf Compatible with other brands router \u25cf Transmission rate: 300Mbps \u25cf Support up to 64 devices to fulfill the needs of the whole family \u25cf Manage your network settings easily with the Xiaomi Mi WiFi APP \u25cf This amplifier will upgrade automatically without any setting \u25cf Plug and play, easy to use","canonical_url":"https:\/\/www.rucashk.com\/pt\/produto\/mi-wi-fi-repeator-pro-global-reseller-fbc4003gl\/","robots":"max-image-preview:large","keywords":"","webmasterTools":{"miscellaneous":""},"og:locale":"pt_PT","og:site_name":"Rucas - One-stop AIoT Distribution Worldwide","og:type":"article","og:title":"Mi Wi-Fi Repeator Pro Global reseller FBC4003GL - Rucas - Wholesale and Distribution","og:description":"Main Features \u25cf Two powerful high-gain external antennas give wider coverage and better performance \u25cf Wireless function, make your wireless coverage larger \u25cf Compatible with other brands router \u25cf Transmission rate: 300Mbps \u25cf Support up to 64 devices to fulfill the needs of the whole family \u25cf Manage your network settings easily with the Xiaomi Mi WiFi APP \u25cf This amplifier will upgrade automatically without any setting \u25cf Plug and play, easy to use","og:url":"https:\/\/www.rucashk.com\/pt\/produto\/mi-wi-fi-repeator-pro-global-reseller-fbc4003gl\/","og:image":"https:\/\/www.rucashk.com\/wp-content\/uploads\/replace\/503b8e645f128a97ccde2b6290747646.jpeg","og:image:secure_url":"https:\/\/www.rucashk.com\/wp-content\/uploads\/replace\/503b8e645f128a97ccde2b6290747646.jpeg","og:image:width":1456,"og:image:height":816,"article:published_time":"2024-01-09T16:22:09+00:00","article:modified_time":"2025-06-22T06:42:49+00:00","twitter:card":"summary_large_image","twitter:title":"Mi Wi-Fi Repeator Pro Global reseller FBC4003GL - Rucas - Wholesale and Distribution","twitter:description":"Main Features \u25cf Two powerful high-gain external antennas give wider coverage and better performance \u25cf Wireless function, make your wireless coverage larger \u25cf Compatible with other brands router \u25cf Transmission rate: 300Mbps \u25cf Support up to 64 devices to fulfill the needs of the whole family \u25cf Manage your network settings easily with the Xiaomi Mi WiFi APP \u25cf This amplifier will upgrade automatically without any setting \u25cf Plug and play, easy to use","twitter:image":"https:\/\/www.rucashk.com\/wp-content\/uploads\/replace\/503b8e645f128a97ccde2b6290747646.jpeg","schema":{"@context":"https:\/\/schema.org","@graph":[{"@type":"BreadcrumbList","@id":"https:\/\/www.rucashk.com\/pt\/produto\/mi-wi-fi-repeator-pro-global-reseller-fbc4003gl\/#breadcrumblist","itemListElement":[{"@type":"ListItem","@id":"https:\/\/www.rucashk.com\/pt\/#listItem","position":1,"name":"Home","item":"https:\/\/www.rucashk.com\/pt\/","nextItem":"https:\/\/www.rucashk.com\/pt\/produto\/mi-wi-fi-repeator-pro-global-reseller-fbc4003gl\/#listItem"},{"@type":"ListItem","@id":"https:\/\/www.rucashk.com\/pt\/produto\/mi-wi-fi-repeator-pro-global-reseller-fbc4003gl\/#listItem","position":2,"name":"Mi Wi-Fi Repeator Pro Global reseller FBC4003GL","previousItem":"https:\/\/www.rucashk.com\/pt\/#listItem"}]},{"@type":"Organization","@id":"https:\/\/www.rucashk.com\/pt\/#organization","name":"Rucas","url":"https:\/\/www.rucashk.com\/pt\/","logo":{"@type":"ImageObject","url":"https:\/\/www.rucashk.com\/wp-content\/uploads\/2023\/12\/Rucas_campany_logo.png","@id":"https:\/\/www.rucashk.com\/pt\/produto\/mi-wi-fi-repeator-pro-global-reseller-fbc4003gl\/#organizationLogo","width":221,"height":65},"image":{"@id":"https:\/\/www.rucashk.com\/pt\/#organizationLogo"}},{"@type":"Person","@id":"https:\/\/www.rucashk.com\/pt\/author\/admin\/#author","url":"https:\/\/www.rucashk.com\/pt\/author\/admin\/","name":"admin","image":{"@type":"ImageObject","@id":"https:\/\/www.rucashk.com\/pt\/produto\/mi-wi-fi-repeator-pro-global-reseller-fbc4003gl\/#authorImage","url":"https:\/\/secure.gravatar.com\/avatar\/b7c8925b09a27e72b30232f8ecaadbd5af0f70a38c78096863fe51b64f031c24?s=96&d=mm&r=g","width":96,"height":96,"caption":"admin"}},{"@type":"WebPage","@id":"https:\/\/www.rucashk.com\/pt\/produto\/mi-wi-fi-repeator-pro-global-reseller-fbc4003gl\/#webpage","url":"https:\/\/www.rucashk.com\/pt\/produto\/mi-wi-fi-repeator-pro-global-reseller-fbc4003gl\/","name":"Mi Wi-Fi Repeator Pro Global reseller FBC4003GL - Rucas - Wholesale and Distribution","description":"Main Features \u25cf Two powerful high-gain external antennas give wider coverage and better performance \u25cf Wireless function, make your wireless coverage larger \u25cf Compatible with other brands router \u25cf Transmission rate: 300Mbps \u25cf Support up to 64 devices to fulfill the needs of the whole family \u25cf Manage your network settings easily with the Xiaomi Mi WiFi APP \u25cf This amplifier will upgrade automatically without any setting \u25cf Plug and play, easy to use","inLanguage":"pt-PT","isPartOf":{"@id":"https:\/\/www.rucashk.com\/pt\/#website"},"breadcrumb":{"@id":"https:\/\/www.rucashk.com\/pt\/produto\/mi-wi-fi-repeator-pro-global-reseller-fbc4003gl\/#breadcrumblist"},"author":{"@id":"https:\/\/www.rucashk.com\/pt\/author\/admin\/#author"},"creator":{"@id":"https:\/\/www.rucashk.com\/pt\/author\/admin\/#author"},"image":{"@type":"ImageObject","url":"https:\/\/www.rucashk.com\/wp-content\/uploads\/2024\/01\/Xiaomi-WiFi-Repeater-Pro.jpg","@id":"https:\/\/www.rucashk.com\/pt\/produto\/mi-wi-fi-repeator-pro-global-reseller-fbc4003gl\/#mainImage","width":608,"height":549},"primaryImageOfPage":{"@id":"https:\/\/www.rucashk.com\/pt\/produto\/mi-wi-fi-repeator-pro-global-reseller-fbc4003gl\/#mainImage"},"datePublished":"2024-01-09T16:22:09+00:00","dateModified":"2025-06-22T06:42:49+00:00"},{"@type":"WebSite","@id":"https:\/\/www.rucashk.com\/pt\/#website","url":"https:\/\/www.rucashk.com\/pt\/","name":"Rucas - Wholesale and distribution worldwide","alternateName":"Rucas - One-stop AIoT Distribution Worldwide","description":"One-stop AIoT Distribution Worldwide","inLanguage":"pt-PT","publisher":{"@id":"https:\/\/www.rucashk.com\/pt\/#organization"}}]}},"aioseo_meta_data":{"post_id":"25869","title":null,"description":null,"keywords":null,"keyphrases":null,"primary_term":null,"canonical_url":null,"og_title":null,"og_description":null,"og_object_type":"default","og_image_type":"default","og_image_url":null,"og_image_width":null,"og_image_height":null,"og_image_custom_url":null,"og_image_custom_fields":null,"og_video":null,"og_custom_url":null,"og_article_section":null,"og_article_tags":null,"twitter_use_og":false,"twitter_card":"default","twitter_image_type":"default","twitter_image_url":null,"twitter_image_custom_url":null,"twitter_image_custom_fields":null,"twitter_title":null,"twitter_description":null,"schema":{"blockGraphs":[],"customGraphs":[],"default":{"data":{"Article":[],"Course":[],"Dataset":[],"FAQPage":[],"Movie":[],"Person":[],"Product":[],"Recipe":[],"Service":[],"SoftwareApplication":[],"WebPage":[]},"graphName":"","isEnabled":true},"graphs":[]},"schema_type":"default","schema_type_options":null,"pillar_content":false,"robots_default":true,"robots_noindex":false,"robots_noarchive":false,"robots_nosnippet":false,"robots_nofollow":false,"robots_noimageindex":false,"robots_noodp":false,"robots_notranslate":false,"robots_max_snippet":null,"robots_max_videopreview":null,"robots_max_imagepreview":"large","priority":null,"frequency":null,"local_seo":null,"breadcrumb_settings":null,"limit_modified_date":false,"created":"2024-04-11 01:57:19","updated":"2025-06-22 18:04:24"},"aioseo_breadcrumb":"<div class=\"aioseo-breadcrumbs\"><span class=\"aioseo-breadcrumb\">\n\t<a href=\"https:\/\/www.rucashk.com\/pt\" title=\"Home\">Home<\/a>\n<\/span><span class=\"aioseo-breadcrumb-separator\">&raquo;<\/span><span class=\"aioseo-breadcrumb\">\n\t<a href=\"https:\/\/www.rucashk.com\/pt\/products\/\" title=\"Produtos\">Produtos<\/a>\n<\/span><span class=\"aioseo-breadcrumb-separator\">&raquo;<\/span><span class=\"aioseo-breadcrumb\">\n\t<a href=\"https:\/\/www.rucashk.com\/pt\/marca\/xiaomi\/\" title=\"Xiaomi\">Xiaomi<\/a>\n<\/span><span class=\"aioseo-breadcrumb-separator\">&raquo;<\/span><span class=\"aioseo-breadcrumb\">\n\tMi Wi-Fi Repeator Pro Global reseller FBC4003GL\n<\/span><\/div>","aioseo_breadcrumb_json":[{"label":"Home","link":"https:\/\/www.rucashk.com\/pt"},{"label":"Produtos","link":"https:\/\/www.rucashk.com\/pt\/products\/"},{"label":"Xiaomi","link":"https:\/\/www.rucashk.com\/pt\/marca\/xiaomi\/"},{"label":"Mi Wi-Fi Repeator Pro Global reseller FBC4003GL","link":"https:\/\/www.rucashk.com\/pt\/produto\/mi-wi-fi-repeator-pro-global-reseller-fbc4003gl\/"}],"_links":{"self":[{"href":"https:\/\/www.rucashk.com\/pt\/wp-json\/wp\/v2\/product\/25869","targetHints":{"allow":["GET"]}}],"collection":[{"href":"https:\/\/www.rucashk.com\/pt\/wp-json\/wp\/v2\/product"}],"about":[{"href":"https:\/\/www.rucashk.com\/pt\/wp-json\/wp\/v2\/types\/product"}],"wp:featuredmedia":[{"embeddable":true,"href":"https:\/\/www.rucashk.com\/pt\/wp-json\/wp\/v2\/media\/25957"}],"wp:attachment":[{"href":"https:\/\/www.rucashk.com\/pt\/wp-json\/wp\/v2\/media?parent=25869"}],"wp:term":[{"taxonomy":"product_brand","embeddable":true,"href":"https:\/\/www.rucashk.com\/pt\/wp-json\/wp\/v2\/product_brand?post=25869"},{"taxonomy":"product_cat","embeddable":true,"href":"https:\/\/www.rucashk.com\/pt\/wp-json\/wp\/v2\/product_cat?post=25869"},{"taxonomy":"product_tag","embeddable":true,"href":"https:\/\/www.rucashk.com\/pt\/wp-json\/wp\/v2\/product_tag?post=25869"}],"curies":[{"name":"wp","href":"https:\/\/api.w.org\/{rel}","templated":true}]}}