{"id":25865,"date":"2024-01-09T16:22:09","date_gmt":"2024-01-09T16:22:09","guid":{"rendered":"http:\/\/rucashk.com\/?post_type=product&#038;p=25865"},"modified":"2025-06-22T06:42:48","modified_gmt":"2025-06-22T06:42:48","slug":"xiaomi-robot-vacuum-2c-hongkong-shipping","status":"publish","type":"product","link":"https:\/\/www.rucashk.com\/pt\/produto\/xiaomi-robot-vacuum-2c-hongkong-shipping\/","title":{"rendered":"Xiaomi Robot Vacuum 2C envio em Hong Kong"},"content":{"rendered":"<div style=\"text-align: center\" data-spm-anchor-id=\"a2g0o.detail.1000023.i0.5cea4db5PYvo1G\"><strong>Mijia Robot Vacuum-Mop 2C<\/strong><\/div>\n<div style=\"text-align: center\">99.9% antibacteriano de longo prazo<\/div>\n<div style=\"text-align: center\">Atualize a press\u00e3o para limpar o ch\u00e3o<\/div>\n<div style=\"text-align: center\">Mais esperto<\/div>\n<div style=\"text-align: center\">110 minutos de tempo de trabalho<\/div>\n<div><img fetchpriority=\"high\" decoding=\"async\" class=\"aligncenter\" src=\"\/wp-content\/uploads\/replace\/afc9aae6842015acaa0a17c8c0dd0b33.jpeg\" alt=\"Xiaomi Robot Vacuum 2C hongkong shipping\" width=\"800\" height=\"780\" \/><\/div>\n<div style=\"text-align: center\"><strong>Especialista em limpeza de piso<\/strong><\/div>\n<div><img decoding=\"async\" class=\"aligncenter\" src=\"\/wp-content\/uploads\/replace\/2e6a67c9ca35034a744c5cbea595a3c4.jpeg\" alt=\"Xiaomi Robot Vacuum 2C hongkong shipping\" width=\"800\" height=\"431\" \/><\/div>\n<div style=\"text-align: center\"><strong>Novo esfreg\u00e3o antibacteriano e aumente a press\u00e3o para limpar o ch\u00e3o<\/strong><\/div>\n<div style=\"text-align: center\">Suc\u00e7\u00e3o forte do ciclone 2700PA.<\/div>\n<div style=\"text-align: center\">Planejamento inteligente, estabelecimento autom\u00e1tico da \u00e1rea do quarto.<\/div>\n<div style=\"text-align: center\">110 minutos de longo trabalho.<\/div>\n<div><img decoding=\"async\" class=\"aligncenter\" src=\"\/wp-content\/uploads\/replace\/19bbe3935d47532e17c683d17e61834d.jpeg\" alt=\"Xiaomi Robot Vacuum 2C hongkong shipping\" width=\"800\" height=\"1089\" \/><\/div>\n<div style=\"text-align: center\"><strong>Esfreg\u00e3o antibacteriano 99.9%<\/strong><\/div>\n<div style=\"text-align: center\">Use material flex\u00edvel antibacteriano de fibra,<\/div>\n<div style=\"text-align: center\">E agente antibacteriano de pol\u00edmero de alto peso molecular de superf\u00edcie, inibi\u00e7\u00e3o a longo prazo do crescimento bacteriano, protege a sa\u00fade da fam\u00edlia.<\/div>\n<div><img loading=\"lazy\" decoding=\"async\" class=\"aligncenter\" src=\"\/wp-content\/uploads\/replace\/225ce443718b9bb0e415d2762a599890.jpeg\" alt=\"Xiaomi Robot Vacuum 2C hongkong shipping\" width=\"800\" height=\"627\" \/><\/div>\n<div style=\"text-align: center\"><strong>Aumente a press\u00e3o para limpar o ch\u00e3o<\/strong><\/div>\n<div style=\"text-align: center\">Atualize o m\u00f3dulo de limpeza. Limpar o ch\u00e3o com \u00e1gua \u00e9 mais eficiente.<\/div>\n<div><img loading=\"lazy\" decoding=\"async\" class=\"aligncenter\" src=\"\/wp-content\/uploads\/replace\/2537beb28db1e1952b94082f28d2f783.jpeg\" alt=\"Xiaomi Robot Vacuum 2C hongkong shipping\" width=\"800\" height=\"753\" \/><\/div>\n<div style=\"text-align: center\"><strong>Tanque de \u00e1gua inteligente 250ML<\/strong><\/div>\n<div style=\"text-align: center\">Borrife \u00e1gua uniformemente, Tookfun.<\/div>\n<div style=\"text-align: center\">Ele pode limpar 150 metros quadrados adicionando \u00e1gua de cada vez.<\/div>\n<div><img loading=\"lazy\" decoding=\"async\" class=\"aligncenter\" src=\"\/wp-content\/uploads\/replace\/f841e61314cccbca52cad1d9071eb174.jpeg\" alt=\"Xiaomi Robot Vacuum 2C hongkong shipping\" width=\"800\" height=\"763\" \/><\/div>\n<div style=\"text-align: center\"><strong>Super suc\u00e7\u00e3o 2700PA<\/strong><\/div>\n<div style=\"text-align: center\">Motor sem escova NIDEC Jap\u00e3o, suc\u00e7\u00e3o forte cont\u00ednua, poeira de m\u00edcron limpa profundamente,<\/div>\n<div style=\"text-align: center\">E purificar o ar.<\/div>\n<div style=\"text-align: center\">4 modos de suc\u00e7\u00e3o, caixa de p\u00f3 de 550ML.<\/div>\n<div><img loading=\"lazy\" decoding=\"async\" class=\"aligncenter\" src=\"\/wp-content\/uploads\/replace\/3bed3297b2c2cf45cb616136f20c663d.jpeg\" alt=\"Xiaomi Robot Vacuum 2C hongkong shipping\" width=\"800\" height=\"697\" \/><\/div>\n<div style=\"text-align: center\"><strong>Escova de limpeza nova<\/strong><\/div>\n<div style=\"text-align: center\">Escova de limpeza lateral hexagonal,<\/div>\n<div style=\"text-align: center\">Escova principal de microfibra de 0,1 mm, limpa profundamente cantos e fendas no ch\u00e3o<\/div>\n<div><img loading=\"lazy\" decoding=\"async\" class=\"aligncenter\" src=\"\/wp-content\/uploads\/replace\/ce314c69ea87e7f7252b12a66280c82e.jpeg\" alt=\"Xiaomi Robot Vacuum 2C hongkong shipping\" width=\"800\" height=\"1044\" \/><\/div>\n<div style=\"text-align: center\"><strong>Sistema de navega\u00e7\u00e3o visual<\/strong><\/div>\n<div style=\"text-align: center\">Examine rapidamente a sala e construa um mapa.<\/div>\n<div style=\"text-align: center\">Desenvolva o melhor plano de limpeza.<\/div>\n<div><img loading=\"lazy\" decoding=\"async\" class=\"aligncenter\" src=\"\/wp-content\/uploads\/replace\/c713740717be3192e7ce97d23cc79229.jpeg\" alt=\"Xiaomi Robot Vacuum 2C hongkong shipping\" width=\"800\" height=\"576\" \/><\/div>\n<div style=\"text-align: center\"><strong>Planejamento inteligente, cria\u00e7\u00e3o autom\u00e1tica de n\u00fameros de quartos<\/strong><\/div>\n<div style=\"text-align: center\">Voc\u00ea personaliza diferentes programas de limpeza de acordo com o ambiente,<\/div>\n<div><img loading=\"lazy\" decoding=\"async\" class=\"aligncenter\" src=\"\/wp-content\/uploads\/replace\/e7f5fa193b1afb3b262bb2510c99ff7a.jpeg\" alt=\"Xiaomi Robot Vacuum 2C hongkong shipping\" width=\"800\" height=\"688\" \/><\/div>\n<div style=\"text-align: center\"><strong>Processador quad-core Cortex-A53<\/strong><\/div>\n<div style=\"text-align: center\">Forte capacidade de computa\u00e7\u00e3o,<\/div>\n<div style=\"text-align: center\">Localize rapidamente a posi\u00e7\u00e3o do rob\u00f4 e trace a melhor rota.<\/div>\n<div><img loading=\"lazy\" decoding=\"async\" class=\"aligncenter\" src=\"\/wp-content\/uploads\/replace\/8ba74fb51ff139db647e95cbac99515c.jpeg\" alt=\"Xiaomi Robot Vacuum 2C hongkong shipping\" width=\"800\" height=\"576\" \/><\/div>\n<div style=\"text-align: center\"><strong>110 minutos de tempo de trabalho<\/strong><\/div>\n<div style=\"text-align: center\">A capacidade atualizada da bateria, 3200mAh, pode funcionar continuamente por 110 minutos.<\/div>\n<div><img loading=\"lazy\" decoding=\"async\" class=\"aligncenter\" src=\"\/wp-content\/uploads\/replace\/1b754f00196ad59977519fe4a3c29302.jpeg\" alt=\"Xiaomi Robot Vacuum 2C hongkong shipping\" width=\"800\" height=\"718\" \/><\/div>\n<div style=\"text-align: center\"><strong>Controle remoto MIJIA MIHOME APP<\/strong><\/div>\n<div style=\"text-align: center\">Atrav\u00e9s da conex\u00e3o WIFI, mesmo que voc\u00ea n\u00e3o esteja em casa, voc\u00ea ainda pode controlar o rob\u00f4.<\/div>\n<div><img loading=\"lazy\" decoding=\"async\" class=\"aligncenter\" src=\"\/wp-content\/uploads\/replace\/c1d7d750e9ab6a21edbad187f35011c8.jpeg\" alt=\"Xiaomi Robot Vacuum 2C hongkong shipping\" width=\"800\" height=\"731\" \/><\/div>\n<div style=\"text-align: center\">8,1 cm de altura, pode limpar o sof\u00e1 e a parte inferior da cama<\/div>\n<div style=\"text-align: center\">Retorne automaticamente \u00e0 base de carregamento e continue a concluir a limpeza.<\/div>\n<div style=\"text-align: center\">20mm sobre obst\u00e1culos.<\/div>\n<div style=\"text-align: center\">Atualiza\u00e7\u00e3o online OTA, continue atualizando mais fun\u00e7\u00f5es.<\/div>\n<div><img loading=\"lazy\" decoding=\"async\" class=\"aligncenter\" src=\"\/wp-content\/uploads\/replace\/ab649da89bdf543e20a8182d0a163995.jpeg\" alt=\"Xiaomi Robot Vacuum 2C hongkong shipping\" width=\"800\" height=\"260\" \/><img loading=\"lazy\" decoding=\"async\" class=\"aligncenter\" src=\"\/wp-content\/uploads\/replace\/90c0bab92fe7e24c232a4a87ae96001d.jpeg\" alt=\"Xiaomi Robot Vacuum 2C hongkong shipping\" width=\"800\" height=\"715\" data-spm-anchor-id=\"a2g0o.detail.1000023.i1.5cea4db5PYvo1G\" \/><img loading=\"lazy\" decoding=\"async\" class=\"aligncenter\" src=\"\/wp-content\/uploads\/replace\/f1509d5552d9dc3e26e50c4d4e4af619.jpeg\" alt=\"Xiaomi Robot Vacuum 2C hongkong shipping\" width=\"800\" height=\"315\" \/><\/div>","protected":false},"excerpt":{"rendered":"<div>\n<div>\n<ul>\n<li><span data-spm-anchor-id=\"a2g0o.detail.1000023.i2.5cea4db5PYvo1G\">Esfreg\u00e3o antibacteriano 99.9%, usa material flex\u00edvel antibacteriano de fibra, protege a sa\u00fade da fam\u00edlia.<\/span><\/li>\n<li>Aumente a press\u00e3o para limpar o ch\u00e3o.<\/li>\n<li>Tanque de \u00e1gua inteligente de 250ML, spray de \u00e1gua uniformemente.<\/li>\n<li>Suc\u00e7\u00e3o forte do ciclone 2700PA.<\/li>\n<li>Planejamento inteligente, estabelecimento autom\u00e1tico da \u00e1rea do quarto.<\/li>\n<li>Bateria de 3200mAH, 110 minutos de longo trabalho.<\/li>\n<li>Escova de limpeza totalmente nova. Escova de limpeza lateral hexagonal, escova principal de microfibra de 0,1 mm.<\/li>\n<li>8,1 cm de altura, pode limpar o fundo do sof\u00e1 e da cama.<\/li>\n<\/ul>\n<\/div>\n<\/div>","protected":false},"featured_media":25950,"template":"","meta":[],"product_brand":[1363],"product_cat":[1344,1305],"product_tag":[],"class_list":{"0":"post-25865","1":"product","2":"type-product","3":"status-publish","4":"has-post-thumbnail","6":"product_brand-xiaomi","7":"product_cat-mi-vacuum-cleaner","8":"product_cat-xiaomi-eco","10":"first","11":"instock","12":"shipping-taxable","13":"product-type-simple"},"aioseo_notices":[],"aioseo_head":"\n\t\t<!-- All in One SEO Pro 4.5.9.2 - aioseo.com -->\n\t\t<meta name=\"description\" content=\"99.9% antibacterial mop, Use fiber antibacterial flexible material, protect family health. Increase the pressure to wipe the floor. 250ML smart water tank, Spray water evenly. 2700PA cyclone strong suction. Intelligent planning, automatic establishment of room area. 3200mAH battery, 110 minutes of long work. Brand new cleaning brush.Hexagonal side cleaning brush, 0.1mm microfiber main brush. 8.1cm height, can clean sofa and bed bottom.\" \/>\n\t\t<meta name=\"robots\" content=\"max-image-preview:large\" \/>\n\t\t<link rel=\"canonical\" href=\"https:\/\/www.rucashk.com\/pt\/produto\/xiaomi-robot-vacuum-2c-hongkong-shipping\/\" \/>\n\t\t<meta name=\"generator\" content=\"All in One SEO Pro (AIOSEO) 4.5.9.2\" \/>\n\t\t<meta property=\"og:locale\" content=\"pt_PT\" \/>\n\t\t<meta property=\"og:site_name\" content=\"Rucas - One-stop AIoT Distribution Worldwide\" \/>\n\t\t<meta property=\"og:type\" content=\"article\" \/>\n\t\t<meta property=\"og:title\" content=\"Xiaomi Robot Vacuum 2C hongkong shipping - Rucas - Wholesale and Distribution\" \/>\n\t\t<meta property=\"og:description\" content=\"99.9% antibacterial mop, Use fiber antibacterial flexible material, protect family health. Increase the pressure to wipe the floor. 250ML smart water tank, Spray water evenly. 2700PA cyclone strong suction. Intelligent planning, automatic establishment of room area. 3200mAH battery, 110 minutes of long work. Brand new cleaning brush.Hexagonal side cleaning brush, 0.1mm microfiber main brush. 8.1cm height, can clean sofa and bed bottom.\" \/>\n\t\t<meta property=\"og:url\" content=\"https:\/\/www.rucashk.com\/pt\/produto\/xiaomi-robot-vacuum-2c-hongkong-shipping\/\" \/>\n\t\t<meta property=\"og:image\" content=\"https:\/\/www.rucashk.com\/wp-content\/uploads\/replace\/503b8e645f128a97ccde2b6290747646.jpeg\" \/>\n\t\t<meta property=\"og:image:secure_url\" content=\"https:\/\/www.rucashk.com\/wp-content\/uploads\/replace\/503b8e645f128a97ccde2b6290747646.jpeg\" \/>\n\t\t<meta property=\"og:image:width\" content=\"1456\" \/>\n\t\t<meta property=\"og:image:height\" content=\"816\" \/>\n\t\t<meta property=\"article:published_time\" content=\"2024-01-09T16:22:09+00:00\" \/>\n\t\t<meta property=\"article:modified_time\" content=\"2025-06-22T06:42:48+00:00\" \/>\n\t\t<meta name=\"twitter:card\" content=\"summary_large_image\" \/>\n\t\t<meta name=\"twitter:title\" content=\"Xiaomi Robot Vacuum 2C hongkong shipping - Rucas - Wholesale and Distribution\" \/>\n\t\t<meta name=\"twitter:description\" content=\"99.9% antibacterial mop, Use fiber antibacterial flexible material, protect family health. Increase the pressure to wipe the floor. 250ML smart water tank, Spray water evenly. 2700PA cyclone strong suction. Intelligent planning, automatic establishment of room area. 3200mAH battery, 110 minutes of long work. Brand new cleaning brush.Hexagonal side cleaning brush, 0.1mm microfiber main brush. 8.1cm height, can clean sofa and bed bottom.\" \/>\n\t\t<meta name=\"twitter:image\" content=\"https:\/\/www.rucashk.com\/wp-content\/uploads\/replace\/503b8e645f128a97ccde2b6290747646.jpeg\" \/>\n\t\t<script type=\"application\/ld+json\" class=\"aioseo-schema\">\n\t\t\t{\"@context\":\"https:\\\/\\\/schema.org\",\"@graph\":[{\"@type\":\"BreadcrumbList\",\"@id\":\"https:\\\/\\\/www.rucashk.com\\\/pt\\\/produto\\\/xiaomi-robot-vacuum-2c-hongkong-shipping\\\/#breadcrumblist\",\"itemListElement\":[{\"@type\":\"ListItem\",\"@id\":\"https:\\\/\\\/www.rucashk.com\\\/pt\\\/#listItem\",\"position\":1,\"name\":\"Home\",\"item\":\"https:\\\/\\\/www.rucashk.com\\\/pt\\\/\",\"nextItem\":\"https:\\\/\\\/www.rucashk.com\\\/pt\\\/produto\\\/xiaomi-robot-vacuum-2c-hongkong-shipping\\\/#listItem\"},{\"@type\":\"ListItem\",\"@id\":\"https:\\\/\\\/www.rucashk.com\\\/pt\\\/produto\\\/xiaomi-robot-vacuum-2c-hongkong-shipping\\\/#listItem\",\"position\":2,\"name\":\"Xiaomi Robot Vacuum 2C hongkong shipping\",\"previousItem\":\"https:\\\/\\\/www.rucashk.com\\\/pt\\\/#listItem\"}]},{\"@type\":\"Organization\",\"@id\":\"https:\\\/\\\/www.rucashk.com\\\/pt\\\/#organization\",\"name\":\"Rucas\",\"url\":\"https:\\\/\\\/www.rucashk.com\\\/pt\\\/\",\"logo\":{\"@type\":\"ImageObject\",\"url\":\"https:\\\/\\\/www.rucashk.com\\\/wp-content\\\/uploads\\\/2023\\\/12\\\/Rucas_campany_logo.png\",\"@id\":\"https:\\\/\\\/www.rucashk.com\\\/pt\\\/produto\\\/xiaomi-robot-vacuum-2c-hongkong-shipping\\\/#organizationLogo\",\"width\":221,\"height\":65},\"image\":{\"@id\":\"https:\\\/\\\/www.rucashk.com\\\/pt\\\/#organizationLogo\"}},{\"@type\":\"Person\",\"@id\":\"https:\\\/\\\/www.rucashk.com\\\/pt\\\/author\\\/admin\\\/#author\",\"url\":\"https:\\\/\\\/www.rucashk.com\\\/pt\\\/author\\\/admin\\\/\",\"name\":\"admin\",\"image\":{\"@type\":\"ImageObject\",\"@id\":\"https:\\\/\\\/www.rucashk.com\\\/pt\\\/produto\\\/xiaomi-robot-vacuum-2c-hongkong-shipping\\\/#authorImage\",\"url\":\"https:\\\/\\\/secure.gravatar.com\\\/avatar\\\/b7c8925b09a27e72b30232f8ecaadbd5af0f70a38c78096863fe51b64f031c24?s=96&d=mm&r=g\",\"width\":96,\"height\":96,\"caption\":\"admin\"}},{\"@type\":\"WebPage\",\"@id\":\"https:\\\/\\\/www.rucashk.com\\\/pt\\\/produto\\\/xiaomi-robot-vacuum-2c-hongkong-shipping\\\/#webpage\",\"url\":\"https:\\\/\\\/www.rucashk.com\\\/pt\\\/produto\\\/xiaomi-robot-vacuum-2c-hongkong-shipping\\\/\",\"name\":\"Xiaomi Robot Vacuum 2C hongkong shipping - Rucas - Wholesale and Distribution\",\"description\":\"99.9% antibacterial mop, Use fiber antibacterial flexible material, protect family health. Increase the pressure to wipe the floor. 250ML smart water tank, Spray water evenly. 2700PA cyclone strong suction. Intelligent planning, automatic establishment of room area. 3200mAH battery, 110 minutes of long work. Brand new cleaning brush.Hexagonal side cleaning brush, 0.1mm microfiber main brush. 8.1cm height, can clean sofa and bed bottom.\",\"inLanguage\":\"pt-PT\",\"isPartOf\":{\"@id\":\"https:\\\/\\\/www.rucashk.com\\\/pt\\\/#website\"},\"breadcrumb\":{\"@id\":\"https:\\\/\\\/www.rucashk.com\\\/pt\\\/produto\\\/xiaomi-robot-vacuum-2c-hongkong-shipping\\\/#breadcrumblist\"},\"author\":{\"@id\":\"https:\\\/\\\/www.rucashk.com\\\/pt\\\/author\\\/admin\\\/#author\"},\"creator\":{\"@id\":\"https:\\\/\\\/www.rucashk.com\\\/pt\\\/author\\\/admin\\\/#author\"},\"image\":{\"@type\":\"ImageObject\",\"url\":\"https:\\\/\\\/www.rucashk.com\\\/wp-content\\\/uploads\\\/2024\\\/01\\\/Xiaomi-Robot-Vacuum-2C-hongkong-shipping.jpg\",\"@id\":\"https:\\\/\\\/www.rucashk.com\\\/pt\\\/produto\\\/xiaomi-robot-vacuum-2c-hongkong-shipping\\\/#mainImage\",\"width\":800,\"height\":800},\"primaryImageOfPage\":{\"@id\":\"https:\\\/\\\/www.rucashk.com\\\/pt\\\/produto\\\/xiaomi-robot-vacuum-2c-hongkong-shipping\\\/#mainImage\"},\"datePublished\":\"2024-01-09T16:22:09+00:00\",\"dateModified\":\"2025-06-22T06:42:48+00:00\"},{\"@type\":\"WebSite\",\"@id\":\"https:\\\/\\\/www.rucashk.com\\\/pt\\\/#website\",\"url\":\"https:\\\/\\\/www.rucashk.com\\\/pt\\\/\",\"name\":\"Rucas - Wholesale and distribution worldwide\",\"alternateName\":\"Rucas - One-stop AIoT Distribution Worldwide\",\"description\":\"One-stop AIoT Distribution Worldwide\",\"inLanguage\":\"pt-PT\",\"publisher\":{\"@id\":\"https:\\\/\\\/www.rucashk.com\\\/pt\\\/#organization\"}}]}\n\t\t<\/script>\n\t\t<!-- All in One SEO Pro -->\r\n\t\t<title>Xiaomi Robot Vacuum 2C hongkong shipping - Rucas - Wholesale and Distribution<\/title>\n\n","aioseo_head_json":{"title":"Xiaomi Robot Vacuum 2C hongkong shipping - Rucas - Wholesale and Distribution","description":"99.9% antibacterial mop, Use fiber antibacterial flexible material, protect family health. Increase the pressure to wipe the floor. 250ML smart water tank, Spray water evenly. 2700PA cyclone strong suction. Intelligent planning, automatic establishment of room area. 3200mAH battery, 110 minutes of long work. Brand new cleaning brush.Hexagonal side cleaning brush, 0.1mm microfiber main brush. 8.1cm height, can clean sofa and bed bottom.","canonical_url":"https:\/\/www.rucashk.com\/pt\/produto\/xiaomi-robot-vacuum-2c-hongkong-shipping\/","robots":"max-image-preview:large","keywords":"","webmasterTools":{"miscellaneous":""},"og:locale":"pt_PT","og:site_name":"Rucas - One-stop AIoT Distribution Worldwide","og:type":"article","og:title":"Xiaomi Robot Vacuum 2C hongkong shipping - Rucas - Wholesale and Distribution","og:description":"99.9% antibacterial mop, Use fiber antibacterial flexible material, protect family health. Increase the pressure to wipe the floor. 250ML smart water tank, Spray water evenly. 2700PA cyclone strong suction. Intelligent planning, automatic establishment of room area. 3200mAH battery, 110 minutes of long work. Brand new cleaning brush.Hexagonal side cleaning brush, 0.1mm microfiber main brush. 8.1cm height, can clean sofa and bed bottom.","og:url":"https:\/\/www.rucashk.com\/pt\/produto\/xiaomi-robot-vacuum-2c-hongkong-shipping\/","og:image":"https:\/\/www.rucashk.com\/wp-content\/uploads\/replace\/503b8e645f128a97ccde2b6290747646.jpeg","og:image:secure_url":"https:\/\/www.rucashk.com\/wp-content\/uploads\/replace\/503b8e645f128a97ccde2b6290747646.jpeg","og:image:width":1456,"og:image:height":816,"article:published_time":"2024-01-09T16:22:09+00:00","article:modified_time":"2025-06-22T06:42:48+00:00","twitter:card":"summary_large_image","twitter:title":"Xiaomi Robot Vacuum 2C hongkong shipping - Rucas - Wholesale and Distribution","twitter:description":"99.9% antibacterial mop, Use fiber antibacterial flexible material, protect family health. Increase the pressure to wipe the floor. 250ML smart water tank, Spray water evenly. 2700PA cyclone strong suction. Intelligent planning, automatic establishment of room area. 3200mAH battery, 110 minutes of long work. Brand new cleaning brush.Hexagonal side cleaning brush, 0.1mm microfiber main brush. 8.1cm height, can clean sofa and bed bottom.","twitter:image":"https:\/\/www.rucashk.com\/wp-content\/uploads\/replace\/503b8e645f128a97ccde2b6290747646.jpeg","schema":{"@context":"https:\/\/schema.org","@graph":[{"@type":"BreadcrumbList","@id":"https:\/\/www.rucashk.com\/pt\/produto\/xiaomi-robot-vacuum-2c-hongkong-shipping\/#breadcrumblist","itemListElement":[{"@type":"ListItem","@id":"https:\/\/www.rucashk.com\/pt\/#listItem","position":1,"name":"Home","item":"https:\/\/www.rucashk.com\/pt\/","nextItem":"https:\/\/www.rucashk.com\/pt\/produto\/xiaomi-robot-vacuum-2c-hongkong-shipping\/#listItem"},{"@type":"ListItem","@id":"https:\/\/www.rucashk.com\/pt\/produto\/xiaomi-robot-vacuum-2c-hongkong-shipping\/#listItem","position":2,"name":"Xiaomi Robot Vacuum 2C hongkong shipping","previousItem":"https:\/\/www.rucashk.com\/pt\/#listItem"}]},{"@type":"Organization","@id":"https:\/\/www.rucashk.com\/pt\/#organization","name":"Rucas","url":"https:\/\/www.rucashk.com\/pt\/","logo":{"@type":"ImageObject","url":"https:\/\/www.rucashk.com\/wp-content\/uploads\/2023\/12\/Rucas_campany_logo.png","@id":"https:\/\/www.rucashk.com\/pt\/produto\/xiaomi-robot-vacuum-2c-hongkong-shipping\/#organizationLogo","width":221,"height":65},"image":{"@id":"https:\/\/www.rucashk.com\/pt\/#organizationLogo"}},{"@type":"Person","@id":"https:\/\/www.rucashk.com\/pt\/author\/admin\/#author","url":"https:\/\/www.rucashk.com\/pt\/author\/admin\/","name":"admin","image":{"@type":"ImageObject","@id":"https:\/\/www.rucashk.com\/pt\/produto\/xiaomi-robot-vacuum-2c-hongkong-shipping\/#authorImage","url":"https:\/\/secure.gravatar.com\/avatar\/b7c8925b09a27e72b30232f8ecaadbd5af0f70a38c78096863fe51b64f031c24?s=96&d=mm&r=g","width":96,"height":96,"caption":"admin"}},{"@type":"WebPage","@id":"https:\/\/www.rucashk.com\/pt\/produto\/xiaomi-robot-vacuum-2c-hongkong-shipping\/#webpage","url":"https:\/\/www.rucashk.com\/pt\/produto\/xiaomi-robot-vacuum-2c-hongkong-shipping\/","name":"Xiaomi Robot Vacuum 2C hongkong shipping - Rucas - Wholesale and Distribution","description":"99.9% antibacterial mop, Use fiber antibacterial flexible material, protect family health. Increase the pressure to wipe the floor. 250ML smart water tank, Spray water evenly. 2700PA cyclone strong suction. Intelligent planning, automatic establishment of room area. 3200mAH battery, 110 minutes of long work. Brand new cleaning brush.Hexagonal side cleaning brush, 0.1mm microfiber main brush. 8.1cm height, can clean sofa and bed bottom.","inLanguage":"pt-PT","isPartOf":{"@id":"https:\/\/www.rucashk.com\/pt\/#website"},"breadcrumb":{"@id":"https:\/\/www.rucashk.com\/pt\/produto\/xiaomi-robot-vacuum-2c-hongkong-shipping\/#breadcrumblist"},"author":{"@id":"https:\/\/www.rucashk.com\/pt\/author\/admin\/#author"},"creator":{"@id":"https:\/\/www.rucashk.com\/pt\/author\/admin\/#author"},"image":{"@type":"ImageObject","url":"https:\/\/www.rucashk.com\/wp-content\/uploads\/2024\/01\/Xiaomi-Robot-Vacuum-2C-hongkong-shipping.jpg","@id":"https:\/\/www.rucashk.com\/pt\/produto\/xiaomi-robot-vacuum-2c-hongkong-shipping\/#mainImage","width":800,"height":800},"primaryImageOfPage":{"@id":"https:\/\/www.rucashk.com\/pt\/produto\/xiaomi-robot-vacuum-2c-hongkong-shipping\/#mainImage"},"datePublished":"2024-01-09T16:22:09+00:00","dateModified":"2025-06-22T06:42:48+00:00"},{"@type":"WebSite","@id":"https:\/\/www.rucashk.com\/pt\/#website","url":"https:\/\/www.rucashk.com\/pt\/","name":"Rucas - Wholesale and distribution worldwide","alternateName":"Rucas - One-stop AIoT Distribution Worldwide","description":"One-stop AIoT Distribution Worldwide","inLanguage":"pt-PT","publisher":{"@id":"https:\/\/www.rucashk.com\/pt\/#organization"}}]}},"aioseo_meta_data":{"post_id":"25865","title":null,"description":null,"keywords":null,"keyphrases":null,"primary_term":null,"canonical_url":null,"og_title":null,"og_description":null,"og_object_type":"default","og_image_type":"default","og_image_url":null,"og_image_width":null,"og_image_height":null,"og_image_custom_url":null,"og_image_custom_fields":null,"og_video":null,"og_custom_url":null,"og_article_section":null,"og_article_tags":null,"twitter_use_og":false,"twitter_card":"default","twitter_image_type":"default","twitter_image_url":null,"twitter_image_custom_url":null,"twitter_image_custom_fields":null,"twitter_title":null,"twitter_description":null,"schema":{"blockGraphs":[],"customGraphs":[],"default":{"data":{"Article":[],"Course":[],"Dataset":[],"FAQPage":[],"Movie":[],"Person":[],"Product":[],"Recipe":[],"Service":[],"SoftwareApplication":[],"WebPage":[]},"graphName":"","isEnabled":true},"graphs":[]},"schema_type":"default","schema_type_options":null,"pillar_content":false,"robots_default":true,"robots_noindex":false,"robots_noarchive":false,"robots_nosnippet":false,"robots_nofollow":false,"robots_noimageindex":false,"robots_noodp":false,"robots_notranslate":false,"robots_max_snippet":null,"robots_max_videopreview":null,"robots_max_imagepreview":"large","priority":null,"frequency":null,"local_seo":null,"breadcrumb_settings":null,"limit_modified_date":false,"created":"2024-04-11 01:57:19","updated":"2025-06-22 18:04:24"},"aioseo_breadcrumb":"<div class=\"aioseo-breadcrumbs\"><span class=\"aioseo-breadcrumb\">\n\t<a href=\"https:\/\/www.rucashk.com\/pt\" title=\"Home\">Home<\/a>\n<\/span><span class=\"aioseo-breadcrumb-separator\">&raquo;<\/span><span class=\"aioseo-breadcrumb\">\n\t<a href=\"https:\/\/www.rucashk.com\/pt\/products\/\" title=\"Produtos\">Produtos<\/a>\n<\/span><span class=\"aioseo-breadcrumb-separator\">&raquo;<\/span><span class=\"aioseo-breadcrumb\">\n\t<a href=\"https:\/\/www.rucashk.com\/pt\/marca\/xiaomi\/\" title=\"Xiaomi\">Xiaomi<\/a>\n<\/span><span class=\"aioseo-breadcrumb-separator\">&raquo;<\/span><span class=\"aioseo-breadcrumb\">\n\tXiaomi Robot Vacuum 2C hongkong shipping\n<\/span><\/div>","aioseo_breadcrumb_json":[{"label":"Home","link":"https:\/\/www.rucashk.com\/pt"},{"label":"Produtos","link":"https:\/\/www.rucashk.com\/pt\/products\/"},{"label":"Xiaomi","link":"https:\/\/www.rucashk.com\/pt\/marca\/xiaomi\/"},{"label":"Xiaomi Robot Vacuum 2C hongkong shipping","link":"https:\/\/www.rucashk.com\/pt\/produto\/xiaomi-robot-vacuum-2c-hongkong-shipping\/"}],"_links":{"self":[{"href":"https:\/\/www.rucashk.com\/pt\/wp-json\/wp\/v2\/product\/25865","targetHints":{"allow":["GET"]}}],"collection":[{"href":"https:\/\/www.rucashk.com\/pt\/wp-json\/wp\/v2\/product"}],"about":[{"href":"https:\/\/www.rucashk.com\/pt\/wp-json\/wp\/v2\/types\/product"}],"wp:featuredmedia":[{"embeddable":true,"href":"https:\/\/www.rucashk.com\/pt\/wp-json\/wp\/v2\/media\/25950"}],"wp:attachment":[{"href":"https:\/\/www.rucashk.com\/pt\/wp-json\/wp\/v2\/media?parent=25865"}],"wp:term":[{"taxonomy":"product_brand","embeddable":true,"href":"https:\/\/www.rucashk.com\/pt\/wp-json\/wp\/v2\/product_brand?post=25865"},{"taxonomy":"product_cat","embeddable":true,"href":"https:\/\/www.rucashk.com\/pt\/wp-json\/wp\/v2\/product_cat?post=25865"},{"taxonomy":"product_tag","embeddable":true,"href":"https:\/\/www.rucashk.com\/pt\/wp-json\/wp\/v2\/product_tag?post=25865"}],"curies":[{"name":"wp","href":"https:\/\/api.w.org\/{rel}","templated":true}]}}