{"id":25758,"date":"2024-01-09T16:20:55","date_gmt":"2024-01-09T16:20:55","guid":{"rendered":"http:\/\/rucashk.com\/?post_type=product&#038;p=25758"},"modified":"2024-01-23T09:56:09","modified_gmt":"2024-01-23T09:56:09","slug":"infinix-hot-10i-smartphone","status":"publish","type":"product","link":"https:\/\/www.rucashk.com\/pt\/produto\/infinix-hot-10i-smartphone\/","title":{"rendered":"Smartphone Infinix Hot 10i"},"content":{"rendered":"<p style=\"text-align: center\">QUENTE 10i<br \/>\n<b>FORTALECE SUA DIVERS\u00c3O<\/b><b><br \/>\n<\/b><img fetchpriority=\"high\" decoding=\"async\" class=\"aligncenter\" src=\"https:\/\/www.rucashk.com\/wp-content\/uploads\/2021\/09\/c384554291de718af19dc7e32bf17a32.jpg\" alt=\"Infinix Hot 10i Smartphone\" width=\"1920\" height=\"1026\" data-src=\"https:\/\/www.rucashk.com\/wp-content\/uploads\/2021\/09\/c384554291de718af19dc7e32bf17a32.jpg\" \/><b><br \/>\n<\/b><b>Melhor dura\u00e7\u00e3o de bateria em competi\u00e7\u00e3o<\/b><b><br \/>\n<\/b><img decoding=\"async\" class=\"aligncenter\" src=\"https:\/\/www.rucashk.com\/wp-content\/uploads\/2021\/09\/d80918b9a47140ad40f622068a840161.jpg\" alt=\"Infinix Hot 10i Smartphone\" width=\"1358\" height=\"630\" data-src=\"https:\/\/www.rucashk.com\/wp-content\/uploads\/2021\/09\/d80918b9a47140ad40f622068a840161.jpg\" \/><\/p>\n<p>&nbsp;<\/p>\n<p style=\"text-align: center\">NB: Condi\u00e7\u00f5es de uso e fatores ambientais ligeiramente diferentes podem ocorrer ao usar dados diretamente do laborat\u00f3rio Infinix.<img decoding=\"async\" class=\"aligncenter\" src=\"https:\/\/www.rucashk.com\/wp-content\/uploads\/2021\/09\/728ce5b7cbd2dc6b0a7883d6b41c929b.jpg\" alt=\"Infinix Hot 10i Smartphone\" width=\"410\" height=\"880\" data-src=\"https:\/\/www.rucashk.com\/wp-content\/uploads\/2021\/09\/728ce5b7cbd2dc6b0a7883d6b41c929b.jpg\" \/><b><br \/>\n<\/b><b>Carga Segura<\/b><br \/>\nCarga segura com bateria enorme de 6000mAh Com a tecnologia Safe Charge, a energia ser\u00e1 desligada automaticamente quando o dispositivo estiver carregando at\u00e9 100%.<\/p>\n<p style=\"text-align: center\"><b>Vida extra da bateria<\/b><br \/>\nQuando a bateria estiver com 5% de capacidade total, ative o modo Ultra Power do Power Marathon e ele fornecer\u00e1 3,6 horas extras de chamada.<\/p>\n<p style=\"text-align: center\"><b>Tela HD+ de 6,52\u2033 de alto brilho<\/b><br \/>\nUm display leg\u00edvel \u00e0 luz solar para exteriores. HOT 10i est\u00e1 equipado com uma tela HD+ de 6,52\u2033 para oferecer uma experi\u00eancia visual mais envolvente. Com um brilho m\u00e1ximo de at\u00e9 500nits, seja jogando ou assistindo v\u00eddeos, sua experi\u00eancia ser\u00e1 elevada a um novo n\u00edvel.<img loading=\"lazy\" decoding=\"async\" class=\"aligncenter\" src=\"https:\/\/www.rucashk.com\/wp-content\/uploads\/2021\/09\/52286c150cda02bfd06116dc219ee3a9.jpg\" alt=\"Infinix Hot 10i Smartphone\" width=\"392\" height=\"274\" data-src=\"https:\/\/www.rucashk.com\/wp-content\/uploads\/2021\/09\/52286c150cda02bfd06116dc219ee3a9.jpg\" \/><\/p>\n<p style=\"text-align: center\"><b>C\u00e2mera traseira dupla de 13 MP com lanterna qu\u00e1drupla<\/b><br \/>\nIncr\u00edvel mesmo com luz de fundo. HOT 10i possui c\u00e2mera traseira dupla de 13MP com sensor grande F1.8 e lanterna qu\u00e1drupla, que n\u00e3o s\u00f3 permite uma apresenta\u00e7\u00e3o de detalhes incr\u00edvel e mais clara, mas tamb\u00e9m um efeito de luz de preenchimento mais delicado e equilibrado.<img loading=\"lazy\" decoding=\"async\" class=\"aligncenter\" src=\"https:\/\/www.rucashk.com\/wp-content\/uploads\/2021\/09\/e274207c632afb7f15738f6793958664.jpg\" alt=\"Infinix Hot 10i Smartphone\" width=\"756\" height=\"814\" data-src=\"https:\/\/www.rucashk.com\/wp-content\/uploads\/2021\/09\/e274207c632afb7f15738f6793958664.jpg\" \/><\/p>\n<p style=\"text-align: center\"><b>V\u00eddeos em c\u00e2mera lenta de 240FPS<\/b><br \/>\nSeja t\u00e3o r\u00e1pido quanto quiser. Voc\u00ea pode capturar facilmente cada momento fluido com uma incr\u00edvel grava\u00e7\u00e3o de v\u00eddeo em c\u00e2mera lenta de 240FPS.<\/p>\n<p style=\"text-align: center\"><b>C\u00e2mera frontal IA de 8 MP<\/b><br \/>\nLiberando o poder da beleza Ao otimizar automaticamente o contorno facial, o aprimoramento de retratos por IA permite a fotografia mais naturalmente bonita de retratos frontais e de perfil.<img loading=\"lazy\" decoding=\"async\" class=\"aligncenter\" src=\"https:\/\/www.rucashk.com\/wp-content\/uploads\/2021\/09\/108a99861f234b16b1154eb41044b4a5.jpg\" alt=\"Infinix Hot 10i Smartphone\" width=\"584\" height=\"760\" data-src=\"https:\/\/www.rucashk.com\/wp-content\/uploads\/2021\/09\/108a99861f234b16b1154eb41044b4a5.jpg\" \/><br \/>\nDesbloqueio facial e de impress\u00e3o digital<br \/>\nDesbloqueie facilmente com uma m\u00e1scara. O HOT 10i pode ser aberto em um piscar de olhos com impress\u00e3o digital ou reconhecimento facial, proporcionando seguran\u00e7a e comodidade.<img loading=\"lazy\" decoding=\"async\" class=\"aligncenter\" src=\"https:\/\/www.rucashk.com\/wp-content\/uploads\/2021\/09\/4017b4b16d5f06081bc96f338ff2de06.jpg\" alt=\"Infinix Hot 10i Smartphone\" width=\"584\" height=\"760\" data-src=\"https:\/\/www.rucashk.com\/wp-content\/uploads\/2021\/09\/4017b4b16d5f06081bc96f338ff2de06.jpg\" \/><\/p>\n<p style=\"text-align: center\"><b>Design inovador<\/b><br \/>\nAmor \u00e0 primeira vista. O acabamento do HOT 10i foi totalmente atualizado. Inspirado na superf\u00edcie espelhada do Salar de Uyuni, na Bol\u00edvia, o design visa hipnotizar com luz e sombra fluidas.<img loading=\"lazy\" decoding=\"async\" class=\"aligncenter\" src=\"https:\/\/www.rucashk.com\/wp-content\/uploads\/2021\/09\/49b7d90380389fad7d5254d37239ebaa.jpg\" alt=\"Infinix Hot 10i Smartphone\" width=\"700\" height=\"564\" data-src=\"https:\/\/www.rucashk.com\/wp-content\/uploads\/2021\/09\/49b7d90380389fad7d5254d37239ebaa.jpg\" \/><\/p>\n<p style=\"text-align: center\"><b>XOS 7.5<\/b>\u00a0Baseado no Android\u2122 11 traz um mundo de conveni\u00eancia<br \/>\nO sistema XOS 7.5 \u00e9 inspirado na aurora verde da Isl\u00e2ndia \u2013 uma interface visual revolucion\u00e1ria e intera\u00e7\u00e3o mais inteligente<\/p>\n<p><img loading=\"lazy\" decoding=\"async\" class=\"aligncenter\" src=\"https:\/\/www.rucashk.com\/wp-content\/uploads\/2021\/09\/d2cff078f22cea65e94fd7454b079edd.jpg\" alt=\"Infinix Hot 10i Smartphone\" width=\"1021\" height=\"286\" data-src=\"https:\/\/www.rucashk.com\/wp-content\/uploads\/2021\/09\/d2cff078f22cea65e94fd7454b079edd.jpg\" \/><\/p>\n<p style=\"text-align: center\">\n<b>YoParty 3.0<\/b><br \/>\nVoc\u00ea n\u00e3o precisa ser profissional para causar impacto, compartilhando experi\u00eancias musicais deliciosas sempre que quiser por meio do novo YoParty 3.0 atualizado.<\/p>\n<p style=\"text-align: center\"><b>XFloat<\/b><br \/>\nO incr\u00edvel toque de v\u00eddeo permite que voc\u00ea defina seu pr\u00f3prio v\u00eddeo personalizado como tela de chamada recebida. Sempre que receber uma chamada, voc\u00ea poder\u00e1 assistir aos v\u00eddeos com voz.<\/p>\n<p style=\"text-align: center\"><b>Toque de v\u00eddeo<\/b><br \/>\nCom o XFloat, voc\u00ea pode fixar conversas na parte superior de outros aplicativos e telas. Assim voc\u00ea pode acessar o chat a qualquer hora ou em qualquer lugar.<\/p>\n<p style=\"text-align: center\">\n<p style=\"text-align: center\"><strong>Rucas, distribuidor l\u00edder da Xiaomi em Hong Kong.<\/strong><br \/>\n<strong>Focando no produto de acess\u00f3rios ecol\u00f3gicos de uma marca da China, como Amazfit, Haylou, Ninebot, Roborock, Dreame, Imilab, 70Mai, Deerma. Mantemos centenas de SKU Xiaomi com estoque em armaz\u00e9m em HK e Shenzhen de forma est\u00e1vel para obter o prazo de entrega mais r\u00e1pido<\/strong>e.<\/p>","protected":false},"excerpt":{"rendered":"<ul>\n<li>MediaTek Helio G70<\/li>\n<li>Processador de jogos suave<\/li>\n<li>Bateria de 6000mAh com<\/li>\n<li>Tecnologia da Maratona de Pot\u00eancia<\/li>\n<li>52&#8243; HD+ High-brightness Screen<\/li>\n<li>Dar-link Ultimate Game Booster<\/li>\n<li>Desbloqueio facial e de impress\u00e3o digital<\/li>\n<li>XOS 7.5 baseado em Android\u2122 11<\/li>\n<\/ul>\n<p>&nbsp;<\/p>","protected":false},"featured_media":25881,"template":"","meta":[],"product_brand":[],"product_cat":[1302,1295],"product_tag":[],"class_list":{"0":"post-25758","1":"product","2":"type-product","3":"status-publish","4":"has-post-thumbnail","6":"product_cat-infinix-mobile-phone","7":"product_cat-mobile-phone","9":"first","10":"instock","11":"shipping-taxable","12":"product-type-simple"},"aioseo_notices":[],"aioseo_head":"\n\t\t<!-- All in One SEO Pro 4.5.9.2 - aioseo.com -->\n\t\t<meta name=\"description\" content=\"MediaTek Helio G70 Smooth Gaming Processor 6000mAh Battery with Power Marathon Tech 52&quot; HD+ High-brightness Screen Dar-link Ultimate Game Booster Facial &amp; Fingerprint Unlock XOS 7.5 Based on Android\u2122 11\" \/>\n\t\t<meta name=\"robots\" content=\"max-image-preview:large\" \/>\n\t\t<link rel=\"canonical\" href=\"https:\/\/www.rucashk.com\/pt\/produto\/infinix-hot-10i-smartphone\/\" \/>\n\t\t<meta name=\"generator\" content=\"All in One SEO Pro (AIOSEO) 4.5.9.2\" \/>\n\t\t<meta property=\"og:locale\" content=\"pt_PT\" \/>\n\t\t<meta property=\"og:site_name\" content=\"Rucas - One-stop AIoT Distribution Worldwide\" \/>\n\t\t<meta property=\"og:type\" content=\"article\" \/>\n\t\t<meta property=\"og:title\" content=\"Infinix Hot 10i Smartphone - Rucas - Wholesale and Distribution\" \/>\n\t\t<meta property=\"og:description\" content=\"MediaTek Helio G70 Smooth Gaming Processor 6000mAh Battery with Power Marathon Tech 52&quot; HD+ High-brightness Screen Dar-link Ultimate Game Booster Facial &amp; Fingerprint Unlock XOS 7.5 Based on Android\u2122 11\" \/>\n\t\t<meta property=\"og:url\" content=\"https:\/\/www.rucashk.com\/pt\/produto\/infinix-hot-10i-smartphone\/\" \/>\n\t\t<meta property=\"og:image\" content=\"https:\/\/www.rucashk.com\/wp-content\/uploads\/replace\/503b8e645f128a97ccde2b6290747646.jpeg\" \/>\n\t\t<meta property=\"og:image:secure_url\" content=\"https:\/\/www.rucashk.com\/wp-content\/uploads\/replace\/503b8e645f128a97ccde2b6290747646.jpeg\" \/>\n\t\t<meta property=\"og:image:width\" content=\"1456\" \/>\n\t\t<meta property=\"og:image:height\" content=\"816\" \/>\n\t\t<meta property=\"article:published_time\" content=\"2024-01-09T16:20:55+00:00\" \/>\n\t\t<meta property=\"article:modified_time\" content=\"2024-01-23T09:56:09+00:00\" \/>\n\t\t<meta name=\"twitter:card\" content=\"summary_large_image\" \/>\n\t\t<meta name=\"twitter:title\" content=\"Infinix Hot 10i Smartphone - Rucas - Wholesale and Distribution\" \/>\n\t\t<meta name=\"twitter:description\" content=\"MediaTek Helio G70 Smooth Gaming Processor 6000mAh Battery with Power Marathon Tech 52&quot; HD+ High-brightness Screen Dar-link Ultimate Game Booster Facial &amp; Fingerprint Unlock XOS 7.5 Based on Android\u2122 11\" \/>\n\t\t<meta name=\"twitter:image\" content=\"https:\/\/www.rucashk.com\/wp-content\/uploads\/replace\/503b8e645f128a97ccde2b6290747646.jpeg\" \/>\n\t\t<script type=\"application\/ld+json\" class=\"aioseo-schema\">\n\t\t\t{\"@context\":\"https:\\\/\\\/schema.org\",\"@graph\":[{\"@type\":\"BreadcrumbList\",\"@id\":\"https:\\\/\\\/www.rucashk.com\\\/pt\\\/produto\\\/infinix-hot-10i-smartphone\\\/#breadcrumblist\",\"itemListElement\":[{\"@type\":\"ListItem\",\"@id\":\"https:\\\/\\\/www.rucashk.com\\\/pt\\\/#listItem\",\"position\":1,\"name\":\"Home\",\"item\":\"https:\\\/\\\/www.rucashk.com\\\/pt\\\/\",\"nextItem\":\"https:\\\/\\\/www.rucashk.com\\\/pt\\\/produto\\\/infinix-hot-10i-smartphone\\\/#listItem\"},{\"@type\":\"ListItem\",\"@id\":\"https:\\\/\\\/www.rucashk.com\\\/pt\\\/produto\\\/infinix-hot-10i-smartphone\\\/#listItem\",\"position\":2,\"name\":\"Infinix Hot 10i Smartphone\",\"previousItem\":\"https:\\\/\\\/www.rucashk.com\\\/pt\\\/#listItem\"}]},{\"@type\":\"Organization\",\"@id\":\"https:\\\/\\\/www.rucashk.com\\\/pt\\\/#organization\",\"name\":\"Rucas\",\"url\":\"https:\\\/\\\/www.rucashk.com\\\/pt\\\/\",\"logo\":{\"@type\":\"ImageObject\",\"url\":\"https:\\\/\\\/www.rucashk.com\\\/wp-content\\\/uploads\\\/2023\\\/12\\\/Rucas_campany_logo.png\",\"@id\":\"https:\\\/\\\/www.rucashk.com\\\/pt\\\/produto\\\/infinix-hot-10i-smartphone\\\/#organizationLogo\",\"width\":221,\"height\":65},\"image\":{\"@id\":\"https:\\\/\\\/www.rucashk.com\\\/pt\\\/#organizationLogo\"}},{\"@type\":\"Person\",\"@id\":\"https:\\\/\\\/www.rucashk.com\\\/pt\\\/author\\\/admin\\\/#author\",\"url\":\"https:\\\/\\\/www.rucashk.com\\\/pt\\\/author\\\/admin\\\/\",\"name\":\"admin\",\"image\":{\"@type\":\"ImageObject\",\"@id\":\"https:\\\/\\\/www.rucashk.com\\\/pt\\\/produto\\\/infinix-hot-10i-smartphone\\\/#authorImage\",\"url\":\"https:\\\/\\\/secure.gravatar.com\\\/avatar\\\/b7c8925b09a27e72b30232f8ecaadbd5af0f70a38c78096863fe51b64f031c24?s=96&d=mm&r=g\",\"width\":96,\"height\":96,\"caption\":\"admin\"}},{\"@type\":\"WebPage\",\"@id\":\"https:\\\/\\\/www.rucashk.com\\\/pt\\\/produto\\\/infinix-hot-10i-smartphone\\\/#webpage\",\"url\":\"https:\\\/\\\/www.rucashk.com\\\/pt\\\/produto\\\/infinix-hot-10i-smartphone\\\/\",\"name\":\"Infinix Hot 10i Smartphone - Rucas - Wholesale and Distribution\",\"description\":\"MediaTek Helio G70 Smooth Gaming Processor 6000mAh Battery with Power Marathon Tech 52\\\" HD+ High-brightness Screen Dar-link Ultimate Game Booster Facial & Fingerprint Unlock XOS 7.5 Based on Android\\u2122 11\",\"inLanguage\":\"pt-PT\",\"isPartOf\":{\"@id\":\"https:\\\/\\\/www.rucashk.com\\\/pt\\\/#website\"},\"breadcrumb\":{\"@id\":\"https:\\\/\\\/www.rucashk.com\\\/pt\\\/produto\\\/infinix-hot-10i-smartphone\\\/#breadcrumblist\"},\"author\":{\"@id\":\"https:\\\/\\\/www.rucashk.com\\\/pt\\\/author\\\/admin\\\/#author\"},\"creator\":{\"@id\":\"https:\\\/\\\/www.rucashk.com\\\/pt\\\/author\\\/admin\\\/#author\"},\"image\":{\"@type\":\"ImageObject\",\"url\":\"https:\\\/\\\/www.rucashk.com\\\/wp-content\\\/uploads\\\/2024\\\/01\\\/Infinix-Hot-10i-Smartphone.jpg\",\"@id\":\"https:\\\/\\\/www.rucashk.com\\\/pt\\\/produto\\\/infinix-hot-10i-smartphone\\\/#mainImage\",\"width\":800,\"height\":800},\"primaryImageOfPage\":{\"@id\":\"https:\\\/\\\/www.rucashk.com\\\/pt\\\/produto\\\/infinix-hot-10i-smartphone\\\/#mainImage\"},\"datePublished\":\"2024-01-09T16:20:55+00:00\",\"dateModified\":\"2024-01-23T09:56:09+00:00\"},{\"@type\":\"WebSite\",\"@id\":\"https:\\\/\\\/www.rucashk.com\\\/pt\\\/#website\",\"url\":\"https:\\\/\\\/www.rucashk.com\\\/pt\\\/\",\"name\":\"Rucas - Wholesale and distribution worldwide\",\"alternateName\":\"Rucas - One-stop AIoT Distribution Worldwide\",\"description\":\"One-stop AIoT Distribution Worldwide\",\"inLanguage\":\"pt-PT\",\"publisher\":{\"@id\":\"https:\\\/\\\/www.rucashk.com\\\/pt\\\/#organization\"}}]}\n\t\t<\/script>\n\t\t<!-- All in One SEO Pro -->\r\n\t\t<title>Infinix Hot 10i Smartphone - Rucas - Wholesale and Distribution<\/title>\n\n","aioseo_head_json":{"title":"Infinix Hot 10i Smartphone - Rucas - Wholesale and Distribution","description":"MediaTek Helio G70 Smooth Gaming Processor 6000mAh Battery with Power Marathon Tech 52\" HD+ High-brightness Screen Dar-link Ultimate Game Booster Facial & Fingerprint Unlock XOS 7.5 Based on Android\u2122 11","canonical_url":"https:\/\/www.rucashk.com\/pt\/produto\/infinix-hot-10i-smartphone\/","robots":"max-image-preview:large","keywords":"","webmasterTools":{"miscellaneous":""},"og:locale":"pt_PT","og:site_name":"Rucas - One-stop AIoT Distribution Worldwide","og:type":"article","og:title":"Infinix Hot 10i Smartphone - Rucas - Wholesale and Distribution","og:description":"MediaTek Helio G70 Smooth Gaming Processor 6000mAh Battery with Power Marathon Tech 52&quot; HD+ High-brightness Screen Dar-link Ultimate Game Booster Facial &amp; Fingerprint Unlock XOS 7.5 Based on Android\u2122 11","og:url":"https:\/\/www.rucashk.com\/pt\/produto\/infinix-hot-10i-smartphone\/","og:image":"https:\/\/www.rucashk.com\/wp-content\/uploads\/replace\/503b8e645f128a97ccde2b6290747646.jpeg","og:image:secure_url":"https:\/\/www.rucashk.com\/wp-content\/uploads\/replace\/503b8e645f128a97ccde2b6290747646.jpeg","og:image:width":1456,"og:image:height":816,"article:published_time":"2024-01-09T16:20:55+00:00","article:modified_time":"2024-01-23T09:56:09+00:00","twitter:card":"summary_large_image","twitter:title":"Infinix Hot 10i Smartphone - Rucas - Wholesale and Distribution","twitter:description":"MediaTek Helio G70 Smooth Gaming Processor 6000mAh Battery with Power Marathon Tech 52&quot; HD+ High-brightness Screen Dar-link Ultimate Game Booster Facial &amp; Fingerprint Unlock XOS 7.5 Based on Android\u2122 11","twitter:image":"https:\/\/www.rucashk.com\/wp-content\/uploads\/replace\/503b8e645f128a97ccde2b6290747646.jpeg","schema":{"@context":"https:\/\/schema.org","@graph":[{"@type":"BreadcrumbList","@id":"https:\/\/www.rucashk.com\/pt\/produto\/infinix-hot-10i-smartphone\/#breadcrumblist","itemListElement":[{"@type":"ListItem","@id":"https:\/\/www.rucashk.com\/pt\/#listItem","position":1,"name":"Home","item":"https:\/\/www.rucashk.com\/pt\/","nextItem":"https:\/\/www.rucashk.com\/pt\/produto\/infinix-hot-10i-smartphone\/#listItem"},{"@type":"ListItem","@id":"https:\/\/www.rucashk.com\/pt\/produto\/infinix-hot-10i-smartphone\/#listItem","position":2,"name":"Infinix Hot 10i Smartphone","previousItem":"https:\/\/www.rucashk.com\/pt\/#listItem"}]},{"@type":"Organization","@id":"https:\/\/www.rucashk.com\/pt\/#organization","name":"Rucas","url":"https:\/\/www.rucashk.com\/pt\/","logo":{"@type":"ImageObject","url":"https:\/\/www.rucashk.com\/wp-content\/uploads\/2023\/12\/Rucas_campany_logo.png","@id":"https:\/\/www.rucashk.com\/pt\/produto\/infinix-hot-10i-smartphone\/#organizationLogo","width":221,"height":65},"image":{"@id":"https:\/\/www.rucashk.com\/pt\/#organizationLogo"}},{"@type":"Person","@id":"https:\/\/www.rucashk.com\/pt\/author\/admin\/#author","url":"https:\/\/www.rucashk.com\/pt\/author\/admin\/","name":"admin","image":{"@type":"ImageObject","@id":"https:\/\/www.rucashk.com\/pt\/produto\/infinix-hot-10i-smartphone\/#authorImage","url":"https:\/\/secure.gravatar.com\/avatar\/b7c8925b09a27e72b30232f8ecaadbd5af0f70a38c78096863fe51b64f031c24?s=96&d=mm&r=g","width":96,"height":96,"caption":"admin"}},{"@type":"WebPage","@id":"https:\/\/www.rucashk.com\/pt\/produto\/infinix-hot-10i-smartphone\/#webpage","url":"https:\/\/www.rucashk.com\/pt\/produto\/infinix-hot-10i-smartphone\/","name":"Infinix Hot 10i Smartphone - Rucas - Wholesale and Distribution","description":"MediaTek Helio G70 Smooth Gaming Processor 6000mAh Battery with Power Marathon Tech 52\" HD+ High-brightness Screen Dar-link Ultimate Game Booster Facial & Fingerprint Unlock XOS 7.5 Based on Android\u2122 11","inLanguage":"pt-PT","isPartOf":{"@id":"https:\/\/www.rucashk.com\/pt\/#website"},"breadcrumb":{"@id":"https:\/\/www.rucashk.com\/pt\/produto\/infinix-hot-10i-smartphone\/#breadcrumblist"},"author":{"@id":"https:\/\/www.rucashk.com\/pt\/author\/admin\/#author"},"creator":{"@id":"https:\/\/www.rucashk.com\/pt\/author\/admin\/#author"},"image":{"@type":"ImageObject","url":"https:\/\/www.rucashk.com\/wp-content\/uploads\/2024\/01\/Infinix-Hot-10i-Smartphone.jpg","@id":"https:\/\/www.rucashk.com\/pt\/produto\/infinix-hot-10i-smartphone\/#mainImage","width":800,"height":800},"primaryImageOfPage":{"@id":"https:\/\/www.rucashk.com\/pt\/produto\/infinix-hot-10i-smartphone\/#mainImage"},"datePublished":"2024-01-09T16:20:55+00:00","dateModified":"2024-01-23T09:56:09+00:00"},{"@type":"WebSite","@id":"https:\/\/www.rucashk.com\/pt\/#website","url":"https:\/\/www.rucashk.com\/pt\/","name":"Rucas - Wholesale and distribution worldwide","alternateName":"Rucas - One-stop AIoT Distribution Worldwide","description":"One-stop AIoT Distribution Worldwide","inLanguage":"pt-PT","publisher":{"@id":"https:\/\/www.rucashk.com\/pt\/#organization"}}]}},"aioseo_meta_data":{"post_id":"25758","title":null,"description":null,"keywords":null,"keyphrases":null,"primary_term":null,"canonical_url":null,"og_title":null,"og_description":null,"og_object_type":"default","og_image_type":"default","og_image_url":null,"og_image_width":null,"og_image_height":null,"og_image_custom_url":null,"og_image_custom_fields":null,"og_video":null,"og_custom_url":null,"og_article_section":null,"og_article_tags":null,"twitter_use_og":false,"twitter_card":"default","twitter_image_type":"default","twitter_image_url":null,"twitter_image_custom_url":null,"twitter_image_custom_fields":null,"twitter_title":null,"twitter_description":null,"schema":{"blockGraphs":[],"customGraphs":[],"default":{"data":{"Article":[],"Course":[],"Dataset":[],"FAQPage":[],"Movie":[],"Person":[],"Product":[],"Recipe":[],"Service":[],"SoftwareApplication":[],"WebPage":[]},"graphName":"","isEnabled":true},"graphs":[]},"schema_type":"default","schema_type_options":null,"pillar_content":false,"robots_default":true,"robots_noindex":false,"robots_noarchive":false,"robots_nosnippet":false,"robots_nofollow":false,"robots_noimageindex":false,"robots_noodp":false,"robots_notranslate":false,"robots_max_snippet":null,"robots_max_videopreview":null,"robots_max_imagepreview":"large","priority":null,"frequency":null,"local_seo":null,"breadcrumb_settings":null,"limit_modified_date":false,"created":"2024-04-11 01:57:19","updated":"2025-06-22 18:00:57"},"aioseo_breadcrumb":"<div class=\"aioseo-breadcrumbs\"><span class=\"aioseo-breadcrumb\">\n\t<a href=\"https:\/\/www.rucashk.com\/pt\" title=\"Home\">Home<\/a>\n<\/span><span class=\"aioseo-breadcrumb-separator\">&raquo;<\/span><span class=\"aioseo-breadcrumb\">\n\t<a href=\"https:\/\/www.rucashk.com\/pt\/products\/\" title=\"Produtos\">Produtos<\/a>\n<\/span><span class=\"aioseo-breadcrumb-separator\">&raquo;<\/span><span class=\"aioseo-breadcrumb\">\n\t<a href=\"https:\/\/www.rucashk.com\/pt\/categoria-produto\/mobile-phone\/\" title=\"Mobile Phone\">Mobile Phone<\/a>\n<\/span><span class=\"aioseo-breadcrumb-separator\">&raquo;<\/span><span class=\"aioseo-breadcrumb\">\n\t<a href=\"https:\/\/www.rucashk.com\/pt\/categoria-produto\/mobile-phone\/infinix-mobile-phone\/\" title=\"Infinix\">Infinix<\/a>\n<\/span><span class=\"aioseo-breadcrumb-separator\">&raquo;<\/span><span class=\"aioseo-breadcrumb\">\n\tInfinix Hot 10i Smartphone\n<\/span><\/div>","aioseo_breadcrumb_json":[{"label":"Home","link":"https:\/\/www.rucashk.com\/pt"},{"label":"Produtos","link":"https:\/\/www.rucashk.com\/pt\/products\/"},{"label":"Mobile Phone","link":"https:\/\/www.rucashk.com\/pt\/categoria-produto\/mobile-phone\/"},{"label":"Infinix","link":"https:\/\/www.rucashk.com\/pt\/categoria-produto\/mobile-phone\/infinix-mobile-phone\/"},{"label":"Infinix Hot 10i Smartphone","link":"https:\/\/www.rucashk.com\/pt\/produto\/infinix-hot-10i-smartphone\/"}],"_links":{"self":[{"href":"https:\/\/www.rucashk.com\/pt\/wp-json\/wp\/v2\/product\/25758","targetHints":{"allow":["GET"]}}],"collection":[{"href":"https:\/\/www.rucashk.com\/pt\/wp-json\/wp\/v2\/product"}],"about":[{"href":"https:\/\/www.rucashk.com\/pt\/wp-json\/wp\/v2\/types\/product"}],"wp:featuredmedia":[{"embeddable":true,"href":"https:\/\/www.rucashk.com\/pt\/wp-json\/wp\/v2\/media\/25881"}],"wp:attachment":[{"href":"https:\/\/www.rucashk.com\/pt\/wp-json\/wp\/v2\/media?parent=25758"}],"wp:term":[{"taxonomy":"product_brand","embeddable":true,"href":"https:\/\/www.rucashk.com\/pt\/wp-json\/wp\/v2\/product_brand?post=25758"},{"taxonomy":"product_cat","embeddable":true,"href":"https:\/\/www.rucashk.com\/pt\/wp-json\/wp\/v2\/product_cat?post=25758"},{"taxonomy":"product_tag","embeddable":true,"href":"https:\/\/www.rucashk.com\/pt\/wp-json\/wp\/v2\/product_tag?post=25758"}],"curies":[{"name":"wp","href":"https:\/\/api.w.org\/{rel}","templated":true}]}}