{"id":25755,"date":"2024-01-09T16:20:55","date_gmt":"2024-01-09T16:20:55","guid":{"rendered":"http:\/\/rucashk.com\/?post_type=product&#038;p=25755"},"modified":"2024-01-23T09:59:36","modified_gmt":"2024-01-23T09:59:36","slug":"tecno-spark-7-kf6-smartphone","status":"publish","type":"product","link":"https:\/\/www.rucashk.com\/pt\/produto\/tecno-spark-7-kf6-smartphone\/","title":{"rendered":"Smartphone Tecno Spark 7 KF6"},"content":{"rendered":"<p style=\"text-align: center\" data-wp-editing=\"1\"><img fetchpriority=\"high\" decoding=\"async\" class=\"aligncenter\" src=\"https:\/\/www.rucashk.com\/wp-content\/uploads\/2021\/09\/1a8b503d11f8e838d52da067b53bd90d.jpg\" alt=\" Tecno Spark 7 KF6 Smartphone\" width=\"1920\" height=\"1114\" data-src=\"https:\/\/www.rucashk.com\/wp-content\/uploads\/2021\/09\/1a8b503d11f8e838d52da067b53bd90d.jpg\" \/><br \/>\n<img decoding=\"async\" class=\"aligncenter\" src=\"https:\/\/www.rucashk.com\/wp-content\/uploads\/2021\/09\/7a0057c3b9c78db3b002d6fa1295996b.jpg\" alt=\"image\" data-src=\"https:\/\/www.rucashk.com\/wp-content\/uploads\/2021\/09\/7a0057c3b9c78db3b002d6fa1295996b.jpg\" \/><b>Neg\u00f3cios na frente<\/b>, Festa na parte de tr\u00e1s<br \/>\nSPARK 7 re\u00fane formas perfeitamente proporcionadas e as melhores fun\u00e7\u00f5es da categoria sob o mesmo teto divertido.<b><br \/>\n<\/b><b><br \/>\n<\/b><b>Aten\u00e7\u00e3o,<\/b>\u00a0Ou vai escorregar pela menor rachadura<br \/>\nTudo o que voc\u00ea sempre desejou est\u00e1 aqui: um corpo aerodin\u00e2mico e uma cintura mais fina. O que mais voc\u00ea poderia querer?<img decoding=\"async\" class=\"aligncenter\" src=\"https:\/\/www.rucashk.com\/wp-content\/uploads\/2021\/09\/b824d7433cdaf4410bd5783d59923fe4.jpg\" alt=\" Tecno Spark 7 KF6 Smartphone\" width=\"1920\" height=\"866\" data-src=\"https:\/\/www.rucashk.com\/wp-content\/uploads\/2021\/09\/b824d7433cdaf4410bd5783d59923fe4.jpg\" \/><br \/>\n<b>Cor da moda<\/b><br \/>\nRealce a sua vitalidade e juventude com tr\u00eas cores elegantes: Morpheus Blue; Abeto Verde; \u00cdm\u00e3 Preto; Para a nossa nova gera\u00e7\u00e3o, o logotipo SPARK foi especialmente projetado para mostrar sua personalidade \u00fanica.<img decoding=\"async\" class=\"aligncenter\" src=\"https:\/\/www.rucashk.com\/wp-content\/uploads\/2021\/09\/a2793ba97807ed5119f7a9a233e0f000.jpg\" alt=\" Tecno Spark 7 KF6 Smartphone\" width=\"1920\" height=\"1154\" data-src=\"https:\/\/www.rucashk.com\/wp-content\/uploads\/2021\/09\/a2793ba97807ed5119f7a9a233e0f000.jpg\" \/><br \/>\n<b>Moderno e luxuoso<\/b><b><br \/>\n<\/b>Voc\u00ea quer algo luxuoso no seu telefone? N\u00f3s entendemos. Nosso elegante painel de c\u00e2mera traz para voc\u00ea um telefone moderno e din\u00e2mico. Escolha SPARK, seja a estrela brilhante.<img loading=\"lazy\" decoding=\"async\" class=\"aligncenter\" src=\"https:\/\/www.rucashk.com\/wp-content\/uploads\/2021\/09\/21524e1358c1f2a1b5391cdd28040135.jpg\" alt=\" Tecno Spark 7 KF6 Smartphone\" width=\"1920\" height=\"868\" data-src=\"https:\/\/www.rucashk.com\/wp-content\/uploads\/2021\/09\/21524e1358c1f2a1b5391cdd28040135.jpg\" \/><\/p>\n<p style=\"text-align: center\"><b>6,5HD+<\/b>\u00a0Tela de entalhe de ponto<br \/>\nSeu banquete visual ir\u00e1 para um reino novo e mais delicado. O SPARK 7 est\u00e1 equipado com resolu\u00e7\u00e3o super alta \uff08720 * 1600\uff09 e tela grande de 6,5 \u2033 \uff0816,55 CM\uff09 para aprimorar sua experi\u00eancia de visualiza\u00e7\u00e3o de uma forma completa. Voc\u00ea n\u00e3o pode perder a vis\u00e3o requintada.<img loading=\"lazy\" decoding=\"async\" class=\"aligncenter\" src=\"https:\/\/www.rucashk.com\/wp-content\/uploads\/2021\/09\/e0c4e798fe8d597fdbae9b5cafc56b0d.jpg\" alt=\" Tecno Spark 7 KF6 Smartphone\" width=\"1920\" height=\"1499\" data-src=\"https:\/\/www.rucashk.com\/wp-content\/uploads\/2021\/09\/e0c4e798fe8d597fdbae9b5cafc56b0d.jpg\" \/><br \/>\n<b>C\u00e2mera dupla AI de 16 MP, <\/b>Mais detalhes na sua foto<br \/>\nA lente AI rec\u00e9m-adicionada ilumina o ambiente escuro geral e tornou mais f\u00e1cil para voc\u00ea capturar rapidamente todos os momentos e momentos maravilhosos.<img loading=\"lazy\" decoding=\"async\" class=\"aligncenter\" src=\"https:\/\/www.rucashk.com\/wp-content\/uploads\/2021\/09\/ecd6ec722c02e95745966ed0cd22074e.jpg\" alt=\" Tecno Spark 7 KF6 Smartphone\" width=\"1920\" height=\"1272\" data-src=\"https:\/\/www.rucashk.com\/wp-content\/uploads\/2021\/09\/ecd6ec722c02e95745966ed0cd22074e.jpg\" \/><\/p>\n<p style=\"text-align: center\"><b>Instant\u00e2neo de sorriso,\u00a0<\/b>Cronometre o momento com perfei\u00e7\u00e3o<br \/>\nAI Portrait foca no rosto e tira a foto quando v\u00ea um sorriso. Voc\u00ea nunca perder\u00e1 a foto perfeita.<img loading=\"lazy\" decoding=\"async\" class=\"aligncenter\" src=\"https:\/\/www.rucashk.com\/wp-content\/uploads\/2021\/09\/68df20cd0004f04a51bf17adb03e5473.jpg\" alt=\" Tecno Spark 7 KF6 Smartphone\" width=\"1920\" height=\"1073\" data-src=\"https:\/\/www.rucashk.com\/wp-content\/uploads\/2021\/09\/68df20cd0004f04a51bf17adb03e5473.jpg\" \/><br \/>\n<b>Corre\u00e7\u00e3o de Documento,\u00a0<\/b>Nenhum erro ser\u00e1 perdido<br \/>\nN\u00e3o se preocupe com problemas de leitura de documentos. Nossa fun\u00e7\u00e3o de corre\u00e7\u00e3o de documentos pode suportar exibi\u00e7\u00e3o em tempo real, anota\u00e7\u00f5es e rota\u00e7\u00e3o autom\u00e1tica de telas eletr\u00f4nicas comuns, documentos, livros ou cart\u00f5es de visita por meio da c\u00e2mera.<img loading=\"lazy\" decoding=\"async\" class=\"aligncenter\" src=\"https:\/\/www.rucashk.com\/wp-content\/uploads\/2021\/09\/17725b8ae94ac4032bbfe5bd7a324f49.jpg\" alt=\" Tecno Spark 7 KF6 Smartphone\" width=\"1920\" height=\"1122\" data-src=\"https:\/\/www.rucashk.com\/wp-content\/uploads\/2021\/09\/17725b8ae94ac4032bbfe5bd7a324f49.jpg\" \/><br \/>\n<b>Sem solu\u00e7os<\/b><b><br \/>\n<\/b>O SPARK 7 pode salv\u00e1-lo desses cen\u00e1rios embara\u00e7osos: &#039;Armazenamento quase cheio&#039; aparecendo constantemente, atraso na tela, jogos irregulares, etc. Com 64 GB + 3 GB de armazenamento, mais espa\u00e7os est\u00e3o dispon\u00edveis para fotos, m\u00fasicas, v\u00eddeos e arquivos.<\/p>\n<p style=\"text-align: center\"><b>Compartilhar \u00e9 se importar<\/b><b><br \/>\n<\/b>Quando a felicidade \u00e9 compartilhada, ela se multiplica. Com o Bluetooth Audio Share 2.0, voc\u00ea pode espalhar sua alegria para ainda mais pessoas. Comece a festa quando e onde quiser e deixe seus amigos e familiares participarem de um festival cheio de m\u00fasica e divers\u00e3o.<img loading=\"lazy\" decoding=\"async\" class=\"aligncenter\" src=\"https:\/\/www.rucashk.com\/wp-content\/uploads\/2021\/09\/e2c81182eab492edea4453c28855febb.jpg\" alt=\" Tecno Spark 7 KF6 Smartphone\" width=\"1920\" height=\"1327\" data-src=\"https:\/\/www.rucashk.com\/wp-content\/uploads\/2021\/09\/e2c81182eab492edea4453c28855febb.jpg\" \/><\/p>\n<p style=\"text-align: center\" data-wp-editing=\"1\">Rucas, distribuidor l\u00edder da Xiaomi em Hong Kong.<br \/>\nFocando no produto de acess\u00f3rios ecol\u00f3gicos de uma marca da China, como Amazfit, Haylou, Ninebot, Roborock, Dreame, Imilab, 70Mai, Deerma. Mantemos centenas de SKUs Xiaomi com estoque em dep\u00f3sitos em HK e Shenzhen de forma est\u00e1vel para um prazo de entrega mais r\u00e1pido.<\/p>","protected":false},"excerpt":{"rendered":"<ul>\n<li>C\u00e2mera dupla AI de 16 MP<\/li>\n<li>5&#8243;\uff0816.55CM\uff09 Dot Notch Screen<\/li>\n<li>ROM de 64 GB + 3 GB de RAM<\/li>\n<li>Bokeh de v\u00eddeo<\/li>\n<li>Instant\u00e2neo de sorriso<\/li>\n<li>Compartilhamento de \u00e1udio Bluetooth<\/li>\n<li>Bateria 6000mAh<\/li>\n<li>C\u00e2mera frontal de 8MP com flash duplo<\/li>\n<li>C\u00e2mera traseira dupla de 16 MP com flash qu\u00e1druplo<\/li>\n<li>HiOS baseado em Android\u2122 11<\/li>\n<\/ul>\n<p>&nbsp;<\/p>","protected":false},"featured_media":25872,"template":"","meta":[],"product_brand":[],"product_cat":[1295,1303],"product_tag":[],"class_list":{"0":"post-25755","1":"product","2":"type-product","3":"status-publish","4":"has-post-thumbnail","6":"product_cat-mobile-phone","7":"product_cat-tecno-mobile-phone","9":"first","10":"instock","11":"shipping-taxable","12":"product-type-simple"},"aioseo_notices":[],"aioseo_head":"\n\t\t<!-- All in One SEO Pro 4.5.9.2 - aioseo.com -->\n\t\t<meta name=\"description\" content=\"16MP AI Dual Camera 5&quot;\uff0816.55CM\uff09 Dot Notch Screen 64GB ROM + 3GB RAM Video Bokeh Smile Snapshot Bluetooth Audio Share 6000mAh Battery 8MP Front Camera with Dual Flash 16MP Dual Rear Camera with Quad Flash HiOS based on Android\u2122 11\" \/>\n\t\t<meta name=\"robots\" content=\"max-image-preview:large\" \/>\n\t\t<link rel=\"canonical\" href=\"https:\/\/www.rucashk.com\/pt\/produto\/tecno-spark-7-kf6-smartphone\/\" \/>\n\t\t<meta name=\"generator\" content=\"All in One SEO Pro (AIOSEO) 4.5.9.2\" \/>\n\t\t<meta property=\"og:locale\" content=\"pt_PT\" \/>\n\t\t<meta property=\"og:site_name\" content=\"Rucas - One-stop AIoT Distribution Worldwide\" \/>\n\t\t<meta property=\"og:type\" content=\"article\" \/>\n\t\t<meta property=\"og:title\" content=\"Tecno Spark 7 KF6 Smartphone - Rucas - Wholesale and Distribution\" \/>\n\t\t<meta property=\"og:description\" content=\"16MP AI Dual Camera 5&quot;\uff0816.55CM\uff09 Dot Notch Screen 64GB ROM + 3GB RAM Video Bokeh Smile Snapshot Bluetooth Audio Share 6000mAh Battery 8MP Front Camera with Dual Flash 16MP Dual Rear Camera with Quad Flash HiOS based on Android\u2122 11\" \/>\n\t\t<meta property=\"og:url\" content=\"https:\/\/www.rucashk.com\/pt\/produto\/tecno-spark-7-kf6-smartphone\/\" \/>\n\t\t<meta property=\"og:image\" content=\"https:\/\/www.rucashk.com\/wp-content\/uploads\/replace\/503b8e645f128a97ccde2b6290747646.jpeg\" \/>\n\t\t<meta property=\"og:image:secure_url\" content=\"https:\/\/www.rucashk.com\/wp-content\/uploads\/replace\/503b8e645f128a97ccde2b6290747646.jpeg\" \/>\n\t\t<meta property=\"og:image:width\" content=\"1456\" \/>\n\t\t<meta property=\"og:image:height\" content=\"816\" \/>\n\t\t<meta property=\"article:published_time\" content=\"2024-01-09T16:20:55+00:00\" \/>\n\t\t<meta property=\"article:modified_time\" content=\"2024-01-23T09:59:36+00:00\" \/>\n\t\t<meta name=\"twitter:card\" content=\"summary_large_image\" \/>\n\t\t<meta name=\"twitter:title\" content=\"Tecno Spark 7 KF6 Smartphone - Rucas - Wholesale and Distribution\" \/>\n\t\t<meta name=\"twitter:description\" content=\"16MP AI Dual Camera 5&quot;\uff0816.55CM\uff09 Dot Notch Screen 64GB ROM + 3GB RAM Video Bokeh Smile Snapshot Bluetooth Audio Share 6000mAh Battery 8MP Front Camera with Dual Flash 16MP Dual Rear Camera with Quad Flash HiOS based on Android\u2122 11\" \/>\n\t\t<meta name=\"twitter:image\" content=\"https:\/\/www.rucashk.com\/wp-content\/uploads\/replace\/503b8e645f128a97ccde2b6290747646.jpeg\" \/>\n\t\t<script type=\"application\/ld+json\" class=\"aioseo-schema\">\n\t\t\t{\"@context\":\"https:\\\/\\\/schema.org\",\"@graph\":[{\"@type\":\"BreadcrumbList\",\"@id\":\"https:\\\/\\\/www.rucashk.com\\\/pt\\\/produto\\\/tecno-spark-7-kf6-smartphone\\\/#breadcrumblist\",\"itemListElement\":[{\"@type\":\"ListItem\",\"@id\":\"https:\\\/\\\/www.rucashk.com\\\/pt\\\/#listItem\",\"position\":1,\"name\":\"Home\",\"item\":\"https:\\\/\\\/www.rucashk.com\\\/pt\\\/\",\"nextItem\":\"https:\\\/\\\/www.rucashk.com\\\/pt\\\/produto\\\/tecno-spark-7-kf6-smartphone\\\/#listItem\"},{\"@type\":\"ListItem\",\"@id\":\"https:\\\/\\\/www.rucashk.com\\\/pt\\\/produto\\\/tecno-spark-7-kf6-smartphone\\\/#listItem\",\"position\":2,\"name\":\"Tecno Spark 7 KF6 Smartphone\",\"previousItem\":\"https:\\\/\\\/www.rucashk.com\\\/pt\\\/#listItem\"}]},{\"@type\":\"Organization\",\"@id\":\"https:\\\/\\\/www.rucashk.com\\\/pt\\\/#organization\",\"name\":\"Rucas\",\"url\":\"https:\\\/\\\/www.rucashk.com\\\/pt\\\/\",\"logo\":{\"@type\":\"ImageObject\",\"url\":\"https:\\\/\\\/www.rucashk.com\\\/wp-content\\\/uploads\\\/2023\\\/12\\\/Rucas_campany_logo.png\",\"@id\":\"https:\\\/\\\/www.rucashk.com\\\/pt\\\/produto\\\/tecno-spark-7-kf6-smartphone\\\/#organizationLogo\",\"width\":221,\"height\":65},\"image\":{\"@id\":\"https:\\\/\\\/www.rucashk.com\\\/pt\\\/#organizationLogo\"}},{\"@type\":\"Person\",\"@id\":\"https:\\\/\\\/www.rucashk.com\\\/pt\\\/author\\\/admin\\\/#author\",\"url\":\"https:\\\/\\\/www.rucashk.com\\\/pt\\\/author\\\/admin\\\/\",\"name\":\"admin\",\"image\":{\"@type\":\"ImageObject\",\"@id\":\"https:\\\/\\\/www.rucashk.com\\\/pt\\\/produto\\\/tecno-spark-7-kf6-smartphone\\\/#authorImage\",\"url\":\"https:\\\/\\\/secure.gravatar.com\\\/avatar\\\/b7c8925b09a27e72b30232f8ecaadbd5af0f70a38c78096863fe51b64f031c24?s=96&d=mm&r=g\",\"width\":96,\"height\":96,\"caption\":\"admin\"}},{\"@type\":\"WebPage\",\"@id\":\"https:\\\/\\\/www.rucashk.com\\\/pt\\\/produto\\\/tecno-spark-7-kf6-smartphone\\\/#webpage\",\"url\":\"https:\\\/\\\/www.rucashk.com\\\/pt\\\/produto\\\/tecno-spark-7-kf6-smartphone\\\/\",\"name\":\"Tecno Spark 7 KF6 Smartphone - Rucas - Wholesale and Distribution\",\"description\":\"16MP AI Dual Camera 5\\\"\\uff0816.55CM\\uff09 Dot Notch Screen 64GB ROM + 3GB RAM Video Bokeh Smile Snapshot Bluetooth Audio Share 6000mAh Battery 8MP Front Camera with Dual Flash 16MP Dual Rear Camera with Quad Flash HiOS based on Android\\u2122 11\",\"inLanguage\":\"pt-PT\",\"isPartOf\":{\"@id\":\"https:\\\/\\\/www.rucashk.com\\\/pt\\\/#website\"},\"breadcrumb\":{\"@id\":\"https:\\\/\\\/www.rucashk.com\\\/pt\\\/produto\\\/tecno-spark-7-kf6-smartphone\\\/#breadcrumblist\"},\"author\":{\"@id\":\"https:\\\/\\\/www.rucashk.com\\\/pt\\\/author\\\/admin\\\/#author\"},\"creator\":{\"@id\":\"https:\\\/\\\/www.rucashk.com\\\/pt\\\/author\\\/admin\\\/#author\"},\"image\":{\"@type\":\"ImageObject\",\"url\":\"https:\\\/\\\/www.rucashk.com\\\/wp-content\\\/uploads\\\/2024\\\/01\\\/Tecno-Spark-7-KF6-Smartphone-3.jpg\",\"@id\":\"https:\\\/\\\/www.rucashk.com\\\/pt\\\/produto\\\/tecno-spark-7-kf6-smartphone\\\/#mainImage\",\"width\":800,\"height\":800},\"primaryImageOfPage\":{\"@id\":\"https:\\\/\\\/www.rucashk.com\\\/pt\\\/produto\\\/tecno-spark-7-kf6-smartphone\\\/#mainImage\"},\"datePublished\":\"2024-01-09T16:20:55+00:00\",\"dateModified\":\"2024-01-23T09:59:36+00:00\"},{\"@type\":\"WebSite\",\"@id\":\"https:\\\/\\\/www.rucashk.com\\\/pt\\\/#website\",\"url\":\"https:\\\/\\\/www.rucashk.com\\\/pt\\\/\",\"name\":\"Rucas - Wholesale and distribution worldwide\",\"alternateName\":\"Rucas - One-stop AIoT Distribution Worldwide\",\"description\":\"One-stop AIoT Distribution Worldwide\",\"inLanguage\":\"pt-PT\",\"publisher\":{\"@id\":\"https:\\\/\\\/www.rucashk.com\\\/pt\\\/#organization\"}}]}\n\t\t<\/script>\n\t\t<!-- All in One SEO Pro -->\r\n\t\t<title>Tecno Spark 7 KF6 Smartphone - Rucas - Wholesale and Distribution<\/title>\n\n","aioseo_head_json":{"title":"Tecno Spark 7 KF6 Smartphone - Rucas - Wholesale and Distribution","description":"16MP AI Dual Camera 5\"\uff0816.55CM\uff09 Dot Notch Screen 64GB ROM + 3GB RAM Video Bokeh Smile Snapshot Bluetooth Audio Share 6000mAh Battery 8MP Front Camera with Dual Flash 16MP Dual Rear Camera with Quad Flash HiOS based on Android\u2122 11","canonical_url":"https:\/\/www.rucashk.com\/pt\/produto\/tecno-spark-7-kf6-smartphone\/","robots":"max-image-preview:large","keywords":"","webmasterTools":{"miscellaneous":""},"og:locale":"pt_PT","og:site_name":"Rucas - One-stop AIoT Distribution Worldwide","og:type":"article","og:title":"Tecno Spark 7 KF6 Smartphone - Rucas - Wholesale and Distribution","og:description":"16MP AI Dual Camera 5&quot;\uff0816.55CM\uff09 Dot Notch Screen 64GB ROM + 3GB RAM Video Bokeh Smile Snapshot Bluetooth Audio Share 6000mAh Battery 8MP Front Camera with Dual Flash 16MP Dual Rear Camera with Quad Flash HiOS based on Android\u2122 11","og:url":"https:\/\/www.rucashk.com\/pt\/produto\/tecno-spark-7-kf6-smartphone\/","og:image":"https:\/\/www.rucashk.com\/wp-content\/uploads\/replace\/503b8e645f128a97ccde2b6290747646.jpeg","og:image:secure_url":"https:\/\/www.rucashk.com\/wp-content\/uploads\/replace\/503b8e645f128a97ccde2b6290747646.jpeg","og:image:width":1456,"og:image:height":816,"article:published_time":"2024-01-09T16:20:55+00:00","article:modified_time":"2024-01-23T09:59:36+00:00","twitter:card":"summary_large_image","twitter:title":"Tecno Spark 7 KF6 Smartphone - Rucas - Wholesale and Distribution","twitter:description":"16MP AI Dual Camera 5&quot;\uff0816.55CM\uff09 Dot Notch Screen 64GB ROM + 3GB RAM Video Bokeh Smile Snapshot Bluetooth Audio Share 6000mAh Battery 8MP Front Camera with Dual Flash 16MP Dual Rear Camera with Quad Flash HiOS based on Android\u2122 11","twitter:image":"https:\/\/www.rucashk.com\/wp-content\/uploads\/replace\/503b8e645f128a97ccde2b6290747646.jpeg","schema":{"@context":"https:\/\/schema.org","@graph":[{"@type":"BreadcrumbList","@id":"https:\/\/www.rucashk.com\/pt\/produto\/tecno-spark-7-kf6-smartphone\/#breadcrumblist","itemListElement":[{"@type":"ListItem","@id":"https:\/\/www.rucashk.com\/pt\/#listItem","position":1,"name":"Home","item":"https:\/\/www.rucashk.com\/pt\/","nextItem":"https:\/\/www.rucashk.com\/pt\/produto\/tecno-spark-7-kf6-smartphone\/#listItem"},{"@type":"ListItem","@id":"https:\/\/www.rucashk.com\/pt\/produto\/tecno-spark-7-kf6-smartphone\/#listItem","position":2,"name":"Tecno Spark 7 KF6 Smartphone","previousItem":"https:\/\/www.rucashk.com\/pt\/#listItem"}]},{"@type":"Organization","@id":"https:\/\/www.rucashk.com\/pt\/#organization","name":"Rucas","url":"https:\/\/www.rucashk.com\/pt\/","logo":{"@type":"ImageObject","url":"https:\/\/www.rucashk.com\/wp-content\/uploads\/2023\/12\/Rucas_campany_logo.png","@id":"https:\/\/www.rucashk.com\/pt\/produto\/tecno-spark-7-kf6-smartphone\/#organizationLogo","width":221,"height":65},"image":{"@id":"https:\/\/www.rucashk.com\/pt\/#organizationLogo"}},{"@type":"Person","@id":"https:\/\/www.rucashk.com\/pt\/author\/admin\/#author","url":"https:\/\/www.rucashk.com\/pt\/author\/admin\/","name":"admin","image":{"@type":"ImageObject","@id":"https:\/\/www.rucashk.com\/pt\/produto\/tecno-spark-7-kf6-smartphone\/#authorImage","url":"https:\/\/secure.gravatar.com\/avatar\/b7c8925b09a27e72b30232f8ecaadbd5af0f70a38c78096863fe51b64f031c24?s=96&d=mm&r=g","width":96,"height":96,"caption":"admin"}},{"@type":"WebPage","@id":"https:\/\/www.rucashk.com\/pt\/produto\/tecno-spark-7-kf6-smartphone\/#webpage","url":"https:\/\/www.rucashk.com\/pt\/produto\/tecno-spark-7-kf6-smartphone\/","name":"Tecno Spark 7 KF6 Smartphone - Rucas - Wholesale and Distribution","description":"16MP AI Dual Camera 5\"\uff0816.55CM\uff09 Dot Notch Screen 64GB ROM + 3GB RAM Video Bokeh Smile Snapshot Bluetooth Audio Share 6000mAh Battery 8MP Front Camera with Dual Flash 16MP Dual Rear Camera with Quad Flash HiOS based on Android\u2122 11","inLanguage":"pt-PT","isPartOf":{"@id":"https:\/\/www.rucashk.com\/pt\/#website"},"breadcrumb":{"@id":"https:\/\/www.rucashk.com\/pt\/produto\/tecno-spark-7-kf6-smartphone\/#breadcrumblist"},"author":{"@id":"https:\/\/www.rucashk.com\/pt\/author\/admin\/#author"},"creator":{"@id":"https:\/\/www.rucashk.com\/pt\/author\/admin\/#author"},"image":{"@type":"ImageObject","url":"https:\/\/www.rucashk.com\/wp-content\/uploads\/2024\/01\/Tecno-Spark-7-KF6-Smartphone-3.jpg","@id":"https:\/\/www.rucashk.com\/pt\/produto\/tecno-spark-7-kf6-smartphone\/#mainImage","width":800,"height":800},"primaryImageOfPage":{"@id":"https:\/\/www.rucashk.com\/pt\/produto\/tecno-spark-7-kf6-smartphone\/#mainImage"},"datePublished":"2024-01-09T16:20:55+00:00","dateModified":"2024-01-23T09:59:36+00:00"},{"@type":"WebSite","@id":"https:\/\/www.rucashk.com\/pt\/#website","url":"https:\/\/www.rucashk.com\/pt\/","name":"Rucas - Wholesale and distribution worldwide","alternateName":"Rucas - One-stop AIoT Distribution Worldwide","description":"One-stop AIoT Distribution Worldwide","inLanguage":"pt-PT","publisher":{"@id":"https:\/\/www.rucashk.com\/pt\/#organization"}}]}},"aioseo_meta_data":{"post_id":"25755","title":null,"description":null,"keywords":null,"keyphrases":null,"primary_term":null,"canonical_url":null,"og_title":null,"og_description":null,"og_object_type":"default","og_image_type":"default","og_image_url":null,"og_image_width":null,"og_image_height":null,"og_image_custom_url":null,"og_image_custom_fields":null,"og_video":null,"og_custom_url":null,"og_article_section":null,"og_article_tags":null,"twitter_use_og":false,"twitter_card":"default","twitter_image_type":"default","twitter_image_url":null,"twitter_image_custom_url":null,"twitter_image_custom_fields":null,"twitter_title":null,"twitter_description":null,"schema":{"blockGraphs":[],"customGraphs":[],"default":{"data":{"Article":[],"Course":[],"Dataset":[],"FAQPage":[],"Movie":[],"Person":[],"Product":[],"Recipe":[],"Service":[],"SoftwareApplication":[],"WebPage":[]},"graphName":"","isEnabled":true},"graphs":[]},"schema_type":"default","schema_type_options":null,"pillar_content":false,"robots_default":true,"robots_noindex":false,"robots_noarchive":false,"robots_nosnippet":false,"robots_nofollow":false,"robots_noimageindex":false,"robots_noodp":false,"robots_notranslate":false,"robots_max_snippet":null,"robots_max_videopreview":null,"robots_max_imagepreview":"large","priority":null,"frequency":null,"local_seo":null,"breadcrumb_settings":null,"limit_modified_date":false,"created":"2024-04-11 01:57:19","updated":"2025-06-22 18:00:56"},"aioseo_breadcrumb":"<div class=\"aioseo-breadcrumbs\"><span class=\"aioseo-breadcrumb\">\n\t<a href=\"https:\/\/www.rucashk.com\/pt\" title=\"Home\">Home<\/a>\n<\/span><span class=\"aioseo-breadcrumb-separator\">&raquo;<\/span><span class=\"aioseo-breadcrumb\">\n\t<a href=\"https:\/\/www.rucashk.com\/pt\/products\/\" title=\"Produtos\">Produtos<\/a>\n<\/span><span class=\"aioseo-breadcrumb-separator\">&raquo;<\/span><span class=\"aioseo-breadcrumb\">\n\t<a href=\"https:\/\/www.rucashk.com\/pt\/categoria-produto\/mobile-phone\/\" title=\"Mobile Phone\">Mobile Phone<\/a>\n<\/span><span class=\"aioseo-breadcrumb-separator\">&raquo;<\/span><span class=\"aioseo-breadcrumb\">\n\t<a href=\"https:\/\/www.rucashk.com\/pt\/categoria-produto\/mobile-phone\/tecno-mobile-phone\/\" title=\"Tecno\">Tecno<\/a>\n<\/span><span class=\"aioseo-breadcrumb-separator\">&raquo;<\/span><span class=\"aioseo-breadcrumb\">\n\tTecno Spark 7 KF6 Smartphone\n<\/span><\/div>","aioseo_breadcrumb_json":[{"label":"Home","link":"https:\/\/www.rucashk.com\/pt"},{"label":"Produtos","link":"https:\/\/www.rucashk.com\/pt\/products\/"},{"label":"Mobile Phone","link":"https:\/\/www.rucashk.com\/pt\/categoria-produto\/mobile-phone\/"},{"label":"Tecno","link":"https:\/\/www.rucashk.com\/pt\/categoria-produto\/mobile-phone\/tecno-mobile-phone\/"},{"label":"Tecno Spark 7 KF6 Smartphone","link":"https:\/\/www.rucashk.com\/pt\/produto\/tecno-spark-7-kf6-smartphone\/"}],"_links":{"self":[{"href":"https:\/\/www.rucashk.com\/pt\/wp-json\/wp\/v2\/product\/25755","targetHints":{"allow":["GET"]}}],"collection":[{"href":"https:\/\/www.rucashk.com\/pt\/wp-json\/wp\/v2\/product"}],"about":[{"href":"https:\/\/www.rucashk.com\/pt\/wp-json\/wp\/v2\/types\/product"}],"wp:featuredmedia":[{"embeddable":true,"href":"https:\/\/www.rucashk.com\/pt\/wp-json\/wp\/v2\/media\/25872"}],"wp:attachment":[{"href":"https:\/\/www.rucashk.com\/pt\/wp-json\/wp\/v2\/media?parent=25755"}],"wp:term":[{"taxonomy":"product_brand","embeddable":true,"href":"https:\/\/www.rucashk.com\/pt\/wp-json\/wp\/v2\/product_brand?post=25755"},{"taxonomy":"product_cat","embeddable":true,"href":"https:\/\/www.rucashk.com\/pt\/wp-json\/wp\/v2\/product_cat?post=25755"},{"taxonomy":"product_tag","embeddable":true,"href":"https:\/\/www.rucashk.com\/pt\/wp-json\/wp\/v2\/product_tag?post=25755"}],"curies":[{"name":"wp","href":"https:\/\/api.w.org\/{rel}","templated":true}]}}