{"id":25726,"date":"2024-01-09T16:20:34","date_gmt":"2024-01-09T16:20:34","guid":{"rendered":"http:\/\/rucashk.com\/?post_type=product&#038;p=25726"},"modified":"2024-01-23T09:57:17","modified_gmt":"2024-01-23T09:57:17","slug":"tecno-camon-16-smartphone","status":"publish","type":"product","link":"https:\/\/www.rucashk.com\/pt\/produto\/tecno-camon-16-smartphone\/","title":{"rendered":"Smartphone Tecno CAMON 16"},"content":{"rendered":"<p id=\"24bb\" class=\"hk hl fv hm b hn ie ho hp hq if hr hs ht ig hu hv hw ih hx hy hz ii ia ib id dn gr\" style=\"text-align: center\" data-selectable-paragraph=\"\"><img fetchpriority=\"high\" decoding=\"async\" class=\"wp-image-29143 size-full aligncenter\" src=\"https:\/\/www.rucashk.com\/wp-content\/uploads\/2021\/09\/312bbc620fb6f2daf500ec563872746.png\" alt=\"Tecno CAMON 16 Smartphone\" width=\"1220\" height=\"526\" \/><\/p>\n<div id=\"after_verdict\">\n<div>\n<div style=\"text-align: center\"><b>Tela e c\u00e2mera<\/b><\/div>\n<div style=\"text-align: center\"><\/div>\n<div style=\"text-align: center\">Tecno Camon 16 possui um enorme display TFT de 6,8 polegadas que vem com resolu\u00e7\u00e3o de tela de 720 x 1640 pixels. A tela perfurada sem moldura do dispositivo exibe uma densidade de pixels de 263ppi junto com uma propor\u00e7\u00e3o de 20,5:9.<\/div>\n<div style=\"text-align: center\"><\/div>\n<div style=\"text-align: center\">A parte traseira do Tecno Camon 16 apresenta uma impressionante configura\u00e7\u00e3o de c\u00e2mera tripla com Penta LED Flash, uma c\u00e2mera prim\u00e1ria de 64 MP, junto com uma c\u00e2mera de profundidade de 2 MP e outra c\u00e2mera macro de 2 MP. Na parte frontal do smartphone, h\u00e1 uma c\u00e2mera prim\u00e1ria de 16MP com flash LED duplo, que pode capturar selfies impressionantes.<\/div>\n<div><img decoding=\"async\" class=\"aligncenter wp-image-29144 size-full\" src=\"https:\/\/www.rucashk.com\/wp-content\/uploads\/2021\/09\/Tecno-CAMON-16-Smartphone-6.jpg\" alt=\"Tecno CAMON 16 Smartphone\" width=\"1920\" height=\"1080\" \/><\/div>\n<div style=\"text-align: center\"><b>Configura\u00e7\u00e3o e bateria<\/b><\/div>\n<div style=\"text-align: center\"><\/div>\n<div style=\"text-align: center\">Tecno Camon 16 roda em um chipset MediaTek Helio G70 e um Octa core Cortex A76 Dual-core e um layout de n\u00facleo Cortex A55 Hexa, com velocidade de clock de 2 GHz e 1,7 GHz. O smartphone tamb\u00e9m est\u00e1 equipado com 4 GB de RAM junto com a GPU Mali-G52 que oferece uma experi\u00eancia multitarefa r\u00e1pida e confi\u00e1vel para uso di\u00e1rio.<\/div>\n<div style=\"text-align: center\"><\/div>\n<div style=\"text-align: center\">Uma c\u00e9lula do tipo Li-Polymer alimenta o dispositivo. A bateria n\u00e3o substitu\u00edvel tem capacidade de 5.000mAh e tamb\u00e9m \u00e9 compat\u00edvel com carregamento flash de 18W.<\/div>\n<div><img decoding=\"async\" class=\"aligncenter wp-image-29145 size-full\" src=\"https:\/\/www.rucashk.com\/wp-content\/uploads\/2021\/09\/Tecno-CAMON-16-Smartphone-4.png\" alt=\"Tecno CAMON 16 Smartphone\" width=\"636\" height=\"989\" \/><\/div>\n<div style=\"text-align: center\"><b>Armazenamento e conectividade<\/b><\/div>\n<div style=\"text-align: center\"><\/div>\n<div style=\"text-align: center\">O smartphone possui capacidade de armazenamento interno de 64 GB que pode ser expandida at\u00e9 256 GB conforme a necessidade do usu\u00e1rio. Para as op\u00e7\u00f5es de rede e conectividade, o dispositivo suporta 4G VoLTE, vers\u00e3o 5.0 de Bluetooth, Mobile Hotspot, A-GPS Glonass, Wi-Fi, USB Type-C.<\/div>\n<div><\/div>\n<\/div>\n<div style=\"text-align: center\"><strong>Rucas, distribuidor l\u00edder da Xiaomi em Hong Kong.<\/strong><br \/>\n<strong>Focando no produto de acess\u00f3rios ecol\u00f3gicos de uma marca da China, como Amazfit, Haylou, Ninebot, Roborock, Dreame, Imilab, 70Mai, Deerma. Mantemos centenas de SKUs Xiaomi com estoque em dep\u00f3sitos em HK e Shenzhen de forma est\u00e1vel para um prazo de entrega mais r\u00e1pido.<\/strong><\/div>\n<\/div>\n<p id=\"a2f6\" class=\"hk hl fv hm b hn ie ho hp hq if hr hs ht ig hu hv hw ih hx hy hz ii ia ib id dn gr\" data-selectable-paragraph=\"\">","protected":false},"excerpt":{"rendered":"<ul>\n<li>4 GB de RAM<\/li>\n<li><span style=\"vertical-align: inherit\"><span style=\"vertical-align: inherit\">ROM de 64 GB<\/span><\/span><\/li>\n<li>Expans\u00edvel at\u00e9 256 GB<\/li>\n<li>Tela HD+ de 27 cm (6,8 polegadas)<\/li>\n<li><span style=\"vertical-align: inherit\"><span style=\"vertical-align: inherit\">C\u00e2mera qu\u00e1drupla AI de 64 MP + 2 MP + 2 MP + lente AI<\/span><\/span><\/li>\n<li>C\u00e2mera frontal de 16 MP<\/li>\n<li><span style=\"vertical-align: inherit\"><span style=\"vertical-align: inherit\">Bateria de pol\u00edmero de \u00edon-l\u00edtio de 5000 mAh<\/span><\/span><\/li>\n<li>Processador MediaTek Helio G70<\/li>\n<\/ul>","protected":false},"featured_media":25861,"template":"","meta":[],"product_brand":[],"product_cat":[1295,1303],"product_tag":[],"class_list":{"0":"post-25726","1":"product","2":"type-product","3":"status-publish","4":"has-post-thumbnail","6":"product_cat-mobile-phone","7":"product_cat-tecno-mobile-phone","9":"first","10":"instock","11":"shipping-taxable","12":"product-type-simple"},"aioseo_notices":[],"aioseo_head":"\n\t\t<!-- All in One SEO Pro 4.5.9.2 - aioseo.com -->\n\t\t<meta name=\"description\" content=\"4 GB RAM 64 GB ROM Expandable Upto 256 GB 27 cm (6.8 inch) HD+ Display 64MP + 2MP + 2MP + AI Lens Quad AI Camera 16MP Front Camera 5000 mAh Li-ion Polymer Battery MediaTek Helio G70 Processor\" \/>\n\t\t<meta name=\"robots\" content=\"max-image-preview:large\" \/>\n\t\t<link rel=\"canonical\" href=\"https:\/\/www.rucashk.com\/pt\/produto\/tecno-camon-16-smartphone\/\" \/>\n\t\t<meta name=\"generator\" content=\"All in One SEO Pro (AIOSEO) 4.5.9.2\" \/>\n\t\t<meta property=\"og:locale\" content=\"pt_PT\" \/>\n\t\t<meta property=\"og:site_name\" content=\"Rucas - One-stop AIoT Distribution Worldwide\" \/>\n\t\t<meta property=\"og:type\" content=\"article\" \/>\n\t\t<meta property=\"og:title\" content=\"Tecno CAMON 16 Smartphone - Rucas - Wholesale and Distribution\" \/>\n\t\t<meta property=\"og:description\" content=\"4 GB RAM 64 GB ROM Expandable Upto 256 GB 27 cm (6.8 inch) HD+ Display 64MP + 2MP + 2MP + AI Lens Quad AI Camera 16MP Front Camera 5000 mAh Li-ion Polymer Battery MediaTek Helio G70 Processor\" \/>\n\t\t<meta property=\"og:url\" content=\"https:\/\/www.rucashk.com\/pt\/produto\/tecno-camon-16-smartphone\/\" \/>\n\t\t<meta property=\"og:image\" content=\"https:\/\/www.rucashk.com\/wp-content\/uploads\/replace\/503b8e645f128a97ccde2b6290747646.jpeg\" \/>\n\t\t<meta property=\"og:image:secure_url\" content=\"https:\/\/www.rucashk.com\/wp-content\/uploads\/replace\/503b8e645f128a97ccde2b6290747646.jpeg\" \/>\n\t\t<meta property=\"og:image:width\" content=\"1456\" \/>\n\t\t<meta property=\"og:image:height\" content=\"816\" \/>\n\t\t<meta property=\"article:published_time\" content=\"2024-01-09T16:20:34+00:00\" \/>\n\t\t<meta property=\"article:modified_time\" content=\"2024-01-23T09:57:17+00:00\" \/>\n\t\t<meta name=\"twitter:card\" content=\"summary_large_image\" \/>\n\t\t<meta name=\"twitter:title\" content=\"Tecno CAMON 16 Smartphone - Rucas - Wholesale and Distribution\" \/>\n\t\t<meta name=\"twitter:description\" content=\"4 GB RAM 64 GB ROM Expandable Upto 256 GB 27 cm (6.8 inch) HD+ Display 64MP + 2MP + 2MP + AI Lens Quad AI Camera 16MP Front Camera 5000 mAh Li-ion Polymer Battery MediaTek Helio G70 Processor\" \/>\n\t\t<meta name=\"twitter:image\" content=\"https:\/\/www.rucashk.com\/wp-content\/uploads\/replace\/503b8e645f128a97ccde2b6290747646.jpeg\" \/>\n\t\t<script type=\"application\/ld+json\" class=\"aioseo-schema\">\n\t\t\t{\"@context\":\"https:\\\/\\\/schema.org\",\"@graph\":[{\"@type\":\"BreadcrumbList\",\"@id\":\"https:\\\/\\\/www.rucashk.com\\\/pt\\\/produto\\\/tecno-camon-16-smartphone\\\/#breadcrumblist\",\"itemListElement\":[{\"@type\":\"ListItem\",\"@id\":\"https:\\\/\\\/www.rucashk.com\\\/pt\\\/#listItem\",\"position\":1,\"name\":\"Home\",\"item\":\"https:\\\/\\\/www.rucashk.com\\\/pt\\\/\",\"nextItem\":\"https:\\\/\\\/www.rucashk.com\\\/pt\\\/produto\\\/tecno-camon-16-smartphone\\\/#listItem\"},{\"@type\":\"ListItem\",\"@id\":\"https:\\\/\\\/www.rucashk.com\\\/pt\\\/produto\\\/tecno-camon-16-smartphone\\\/#listItem\",\"position\":2,\"name\":\"Tecno CAMON 16 Smartphone\",\"previousItem\":\"https:\\\/\\\/www.rucashk.com\\\/pt\\\/#listItem\"}]},{\"@type\":\"Organization\",\"@id\":\"https:\\\/\\\/www.rucashk.com\\\/pt\\\/#organization\",\"name\":\"Rucas\",\"url\":\"https:\\\/\\\/www.rucashk.com\\\/pt\\\/\",\"logo\":{\"@type\":\"ImageObject\",\"url\":\"https:\\\/\\\/www.rucashk.com\\\/wp-content\\\/uploads\\\/2023\\\/12\\\/Rucas_campany_logo.png\",\"@id\":\"https:\\\/\\\/www.rucashk.com\\\/pt\\\/produto\\\/tecno-camon-16-smartphone\\\/#organizationLogo\",\"width\":221,\"height\":65},\"image\":{\"@id\":\"https:\\\/\\\/www.rucashk.com\\\/pt\\\/#organizationLogo\"}},{\"@type\":\"Person\",\"@id\":\"https:\\\/\\\/www.rucashk.com\\\/pt\\\/author\\\/admin\\\/#author\",\"url\":\"https:\\\/\\\/www.rucashk.com\\\/pt\\\/author\\\/admin\\\/\",\"name\":\"admin\",\"image\":{\"@type\":\"ImageObject\",\"@id\":\"https:\\\/\\\/www.rucashk.com\\\/pt\\\/produto\\\/tecno-camon-16-smartphone\\\/#authorImage\",\"url\":\"https:\\\/\\\/secure.gravatar.com\\\/avatar\\\/b7c8925b09a27e72b30232f8ecaadbd5af0f70a38c78096863fe51b64f031c24?s=96&d=mm&r=g\",\"width\":96,\"height\":96,\"caption\":\"admin\"}},{\"@type\":\"WebPage\",\"@id\":\"https:\\\/\\\/www.rucashk.com\\\/pt\\\/produto\\\/tecno-camon-16-smartphone\\\/#webpage\",\"url\":\"https:\\\/\\\/www.rucashk.com\\\/pt\\\/produto\\\/tecno-camon-16-smartphone\\\/\",\"name\":\"Tecno CAMON 16 Smartphone - Rucas - Wholesale and Distribution\",\"description\":\"4 GB RAM 64 GB ROM Expandable Upto 256 GB 27 cm (6.8 inch) HD+ Display 64MP + 2MP + 2MP + AI Lens Quad AI Camera 16MP Front Camera 5000 mAh Li-ion Polymer Battery MediaTek Helio G70 Processor\",\"inLanguage\":\"pt-PT\",\"isPartOf\":{\"@id\":\"https:\\\/\\\/www.rucashk.com\\\/pt\\\/#website\"},\"breadcrumb\":{\"@id\":\"https:\\\/\\\/www.rucashk.com\\\/pt\\\/produto\\\/tecno-camon-16-smartphone\\\/#breadcrumblist\"},\"author\":{\"@id\":\"https:\\\/\\\/www.rucashk.com\\\/pt\\\/author\\\/admin\\\/#author\"},\"creator\":{\"@id\":\"https:\\\/\\\/www.rucashk.com\\\/pt\\\/author\\\/admin\\\/#author\"},\"image\":{\"@type\":\"ImageObject\",\"url\":\"https:\\\/\\\/www.rucashk.com\\\/wp-content\\\/uploads\\\/2024\\\/01\\\/Tecno-CAMON-16-Smartphone-1.png\",\"@id\":\"https:\\\/\\\/www.rucashk.com\\\/pt\\\/produto\\\/tecno-camon-16-smartphone\\\/#mainImage\",\"width\":800,\"height\":800},\"primaryImageOfPage\":{\"@id\":\"https:\\\/\\\/www.rucashk.com\\\/pt\\\/produto\\\/tecno-camon-16-smartphone\\\/#mainImage\"},\"datePublished\":\"2024-01-09T16:20:34+00:00\",\"dateModified\":\"2024-01-23T09:57:17+00:00\"},{\"@type\":\"WebSite\",\"@id\":\"https:\\\/\\\/www.rucashk.com\\\/pt\\\/#website\",\"url\":\"https:\\\/\\\/www.rucashk.com\\\/pt\\\/\",\"name\":\"Rucas - Wholesale and distribution worldwide\",\"alternateName\":\"Rucas - One-stop AIoT Distribution Worldwide\",\"description\":\"One-stop AIoT Distribution Worldwide\",\"inLanguage\":\"pt-PT\",\"publisher\":{\"@id\":\"https:\\\/\\\/www.rucashk.com\\\/pt\\\/#organization\"}}]}\n\t\t<\/script>\n\t\t<!-- All in One SEO Pro -->\r\n\t\t<title>Tecno CAMON 16 Smartphone - Rucas - Wholesale and Distribution<\/title>\n\n","aioseo_head_json":{"title":"Tecno CAMON 16 Smartphone - Rucas - Wholesale and Distribution","description":"4 GB RAM 64 GB ROM Expandable Upto 256 GB 27 cm (6.8 inch) HD+ Display 64MP + 2MP + 2MP + AI Lens Quad AI Camera 16MP Front Camera 5000 mAh Li-ion Polymer Battery MediaTek Helio G70 Processor","canonical_url":"https:\/\/www.rucashk.com\/pt\/produto\/tecno-camon-16-smartphone\/","robots":"max-image-preview:large","keywords":"","webmasterTools":{"miscellaneous":""},"og:locale":"pt_PT","og:site_name":"Rucas - One-stop AIoT Distribution Worldwide","og:type":"article","og:title":"Tecno CAMON 16 Smartphone - Rucas - Wholesale and Distribution","og:description":"4 GB RAM 64 GB ROM Expandable Upto 256 GB 27 cm (6.8 inch) HD+ Display 64MP + 2MP + 2MP + AI Lens Quad AI Camera 16MP Front Camera 5000 mAh Li-ion Polymer Battery MediaTek Helio G70 Processor","og:url":"https:\/\/www.rucashk.com\/pt\/produto\/tecno-camon-16-smartphone\/","og:image":"https:\/\/www.rucashk.com\/wp-content\/uploads\/replace\/503b8e645f128a97ccde2b6290747646.jpeg","og:image:secure_url":"https:\/\/www.rucashk.com\/wp-content\/uploads\/replace\/503b8e645f128a97ccde2b6290747646.jpeg","og:image:width":1456,"og:image:height":816,"article:published_time":"2024-01-09T16:20:34+00:00","article:modified_time":"2024-01-23T09:57:17+00:00","twitter:card":"summary_large_image","twitter:title":"Tecno CAMON 16 Smartphone - Rucas - Wholesale and Distribution","twitter:description":"4 GB RAM 64 GB ROM Expandable Upto 256 GB 27 cm (6.8 inch) HD+ Display 64MP + 2MP + 2MP + AI Lens Quad AI Camera 16MP Front Camera 5000 mAh Li-ion Polymer Battery MediaTek Helio G70 Processor","twitter:image":"https:\/\/www.rucashk.com\/wp-content\/uploads\/replace\/503b8e645f128a97ccde2b6290747646.jpeg","schema":{"@context":"https:\/\/schema.org","@graph":[{"@type":"BreadcrumbList","@id":"https:\/\/www.rucashk.com\/pt\/produto\/tecno-camon-16-smartphone\/#breadcrumblist","itemListElement":[{"@type":"ListItem","@id":"https:\/\/www.rucashk.com\/pt\/#listItem","position":1,"name":"Home","item":"https:\/\/www.rucashk.com\/pt\/","nextItem":"https:\/\/www.rucashk.com\/pt\/produto\/tecno-camon-16-smartphone\/#listItem"},{"@type":"ListItem","@id":"https:\/\/www.rucashk.com\/pt\/produto\/tecno-camon-16-smartphone\/#listItem","position":2,"name":"Tecno CAMON 16 Smartphone","previousItem":"https:\/\/www.rucashk.com\/pt\/#listItem"}]},{"@type":"Organization","@id":"https:\/\/www.rucashk.com\/pt\/#organization","name":"Rucas","url":"https:\/\/www.rucashk.com\/pt\/","logo":{"@type":"ImageObject","url":"https:\/\/www.rucashk.com\/wp-content\/uploads\/2023\/12\/Rucas_campany_logo.png","@id":"https:\/\/www.rucashk.com\/pt\/produto\/tecno-camon-16-smartphone\/#organizationLogo","width":221,"height":65},"image":{"@id":"https:\/\/www.rucashk.com\/pt\/#organizationLogo"}},{"@type":"Person","@id":"https:\/\/www.rucashk.com\/pt\/author\/admin\/#author","url":"https:\/\/www.rucashk.com\/pt\/author\/admin\/","name":"admin","image":{"@type":"ImageObject","@id":"https:\/\/www.rucashk.com\/pt\/produto\/tecno-camon-16-smartphone\/#authorImage","url":"https:\/\/secure.gravatar.com\/avatar\/b7c8925b09a27e72b30232f8ecaadbd5af0f70a38c78096863fe51b64f031c24?s=96&d=mm&r=g","width":96,"height":96,"caption":"admin"}},{"@type":"WebPage","@id":"https:\/\/www.rucashk.com\/pt\/produto\/tecno-camon-16-smartphone\/#webpage","url":"https:\/\/www.rucashk.com\/pt\/produto\/tecno-camon-16-smartphone\/","name":"Tecno CAMON 16 Smartphone - Rucas - Wholesale and Distribution","description":"4 GB RAM 64 GB ROM Expandable Upto 256 GB 27 cm (6.8 inch) HD+ Display 64MP + 2MP + 2MP + AI Lens Quad AI Camera 16MP Front Camera 5000 mAh Li-ion Polymer Battery MediaTek Helio G70 Processor","inLanguage":"pt-PT","isPartOf":{"@id":"https:\/\/www.rucashk.com\/pt\/#website"},"breadcrumb":{"@id":"https:\/\/www.rucashk.com\/pt\/produto\/tecno-camon-16-smartphone\/#breadcrumblist"},"author":{"@id":"https:\/\/www.rucashk.com\/pt\/author\/admin\/#author"},"creator":{"@id":"https:\/\/www.rucashk.com\/pt\/author\/admin\/#author"},"image":{"@type":"ImageObject","url":"https:\/\/www.rucashk.com\/wp-content\/uploads\/2024\/01\/Tecno-CAMON-16-Smartphone-1.png","@id":"https:\/\/www.rucashk.com\/pt\/produto\/tecno-camon-16-smartphone\/#mainImage","width":800,"height":800},"primaryImageOfPage":{"@id":"https:\/\/www.rucashk.com\/pt\/produto\/tecno-camon-16-smartphone\/#mainImage"},"datePublished":"2024-01-09T16:20:34+00:00","dateModified":"2024-01-23T09:57:17+00:00"},{"@type":"WebSite","@id":"https:\/\/www.rucashk.com\/pt\/#website","url":"https:\/\/www.rucashk.com\/pt\/","name":"Rucas - Wholesale and distribution worldwide","alternateName":"Rucas - One-stop AIoT Distribution Worldwide","description":"One-stop AIoT Distribution Worldwide","inLanguage":"pt-PT","publisher":{"@id":"https:\/\/www.rucashk.com\/pt\/#organization"}}]}},"aioseo_meta_data":{"post_id":"25726","title":null,"description":null,"keywords":null,"keyphrases":null,"primary_term":null,"canonical_url":null,"og_title":null,"og_description":null,"og_object_type":"default","og_image_type":"default","og_image_url":null,"og_image_width":null,"og_image_height":null,"og_image_custom_url":null,"og_image_custom_fields":null,"og_video":null,"og_custom_url":null,"og_article_section":null,"og_article_tags":null,"twitter_use_og":false,"twitter_card":"default","twitter_image_type":"default","twitter_image_url":null,"twitter_image_custom_url":null,"twitter_image_custom_fields":null,"twitter_title":null,"twitter_description":null,"schema":{"blockGraphs":[],"customGraphs":[],"default":{"data":{"Article":[],"Course":[],"Dataset":[],"FAQPage":[],"Movie":[],"Person":[],"Product":[],"Recipe":[],"Service":[],"SoftwareApplication":[],"WebPage":[]},"graphName":"","isEnabled":true},"graphs":[]},"schema_type":"default","schema_type_options":null,"pillar_content":false,"robots_default":true,"robots_noindex":false,"robots_noarchive":false,"robots_nosnippet":false,"robots_nofollow":false,"robots_noimageindex":false,"robots_noodp":false,"robots_notranslate":false,"robots_max_snippet":null,"robots_max_videopreview":null,"robots_max_imagepreview":"large","priority":null,"frequency":null,"local_seo":null,"breadcrumb_settings":null,"limit_modified_date":false,"created":"2024-04-11 01:57:19","updated":"2025-06-22 18:00:55"},"aioseo_breadcrumb":"<div class=\"aioseo-breadcrumbs\"><span class=\"aioseo-breadcrumb\">\n\t<a href=\"https:\/\/www.rucashk.com\/pt\" title=\"Home\">Home<\/a>\n<\/span><span class=\"aioseo-breadcrumb-separator\">&raquo;<\/span><span class=\"aioseo-breadcrumb\">\n\t<a href=\"https:\/\/www.rucashk.com\/pt\/products\/\" title=\"Produtos\">Produtos<\/a>\n<\/span><span class=\"aioseo-breadcrumb-separator\">&raquo;<\/span><span class=\"aioseo-breadcrumb\">\n\t<a href=\"https:\/\/www.rucashk.com\/pt\/categoria-produto\/mobile-phone\/\" title=\"Mobile Phone\">Mobile Phone<\/a>\n<\/span><span class=\"aioseo-breadcrumb-separator\">&raquo;<\/span><span class=\"aioseo-breadcrumb\">\n\t<a href=\"https:\/\/www.rucashk.com\/pt\/categoria-produto\/mobile-phone\/tecno-mobile-phone\/\" title=\"Tecno\">Tecno<\/a>\n<\/span><span class=\"aioseo-breadcrumb-separator\">&raquo;<\/span><span class=\"aioseo-breadcrumb\">\n\tTecno CAMON 16 Smartphone\n<\/span><\/div>","aioseo_breadcrumb_json":[{"label":"Home","link":"https:\/\/www.rucashk.com\/pt"},{"label":"Produtos","link":"https:\/\/www.rucashk.com\/pt\/products\/"},{"label":"Mobile Phone","link":"https:\/\/www.rucashk.com\/pt\/categoria-produto\/mobile-phone\/"},{"label":"Tecno","link":"https:\/\/www.rucashk.com\/pt\/categoria-produto\/mobile-phone\/tecno-mobile-phone\/"},{"label":"Tecno CAMON 16 Smartphone","link":"https:\/\/www.rucashk.com\/pt\/produto\/tecno-camon-16-smartphone\/"}],"_links":{"self":[{"href":"https:\/\/www.rucashk.com\/pt\/wp-json\/wp\/v2\/product\/25726","targetHints":{"allow":["GET"]}}],"collection":[{"href":"https:\/\/www.rucashk.com\/pt\/wp-json\/wp\/v2\/product"}],"about":[{"href":"https:\/\/www.rucashk.com\/pt\/wp-json\/wp\/v2\/types\/product"}],"wp:featuredmedia":[{"embeddable":true,"href":"https:\/\/www.rucashk.com\/pt\/wp-json\/wp\/v2\/media\/25861"}],"wp:attachment":[{"href":"https:\/\/www.rucashk.com\/pt\/wp-json\/wp\/v2\/media?parent=25726"}],"wp:term":[{"taxonomy":"product_brand","embeddable":true,"href":"https:\/\/www.rucashk.com\/pt\/wp-json\/wp\/v2\/product_brand?post=25726"},{"taxonomy":"product_cat","embeddable":true,"href":"https:\/\/www.rucashk.com\/pt\/wp-json\/wp\/v2\/product_cat?post=25726"},{"taxonomy":"product_tag","embeddable":true,"href":"https:\/\/www.rucashk.com\/pt\/wp-json\/wp\/v2\/product_tag?post=25726"}],"curies":[{"name":"wp","href":"https:\/\/api.w.org\/{rel}","templated":true}]}}