{"id":25725,"date":"2024-01-09T16:20:34","date_gmt":"2024-01-09T16:20:34","guid":{"rendered":"http:\/\/rucashk.com\/?post_type=product&#038;p=25725"},"modified":"2024-01-23T09:56:56","modified_gmt":"2024-01-23T09:56:56","slug":"tecno-p704a-smartphone","status":"publish","type":"product","link":"https:\/\/www.rucashk.com\/pt\/produto\/tecno-p704a-smartphone\/","title":{"rendered":"Smartphone Tecno p704a"},"content":{"rendered":"<p><img fetchpriority=\"high\" decoding=\"async\" class=\"aligncenter wp-image-3051162 size-full\" src=\"https:\/\/www.rucashk.com\/wp-content\/uploads\/2021\/09\/6c99f6e75ddf909915b0dc6ea6828fa3.jpg\" alt=\"Tecno p704a Smartphone\" width=\"591\" height=\"685\" data-src=\"https:\/\/www.rucashk.com\/wp-content\/uploads\/2021\/09\/6c99f6e75ddf909915b0dc6ea6828fa3.jpg\" data-pin-no-hover=\"true\" \/><br \/>\n<img decoding=\"async\" class=\"aligncenter\" src=\"https:\/\/www.rucashk.com\/wp-content\/uploads\/2021\/09\/da4bd06b4e57f0006b5a7a99e3c2be54.jpg\" alt=\"Tecno p704a Smartphone\" width=\"630\" height=\"684\" data-src=\"https:\/\/www.rucashk.com\/wp-content\/uploads\/2021\/09\/da4bd06b4e57f0006b5a7a99e3c2be54.jpg\" \/><img decoding=\"async\" class=\"aligncenter\" src=\"https:\/\/www.rucashk.com\/wp-content\/uploads\/2021\/09\/Tecno-Droidpad-7G-tablet-black-1.jpg\" alt=\"Tecno p704a Smartphone\" width=\"1000\" height=\"1000\" data-src=\"https:\/\/www.rucashk.com\/wp-content\/uploads\/2021\/09\/Tecno-Droidpad-7G-tablet-black-1.jpg\" \/><img loading=\"lazy\" decoding=\"async\" class=\"aligncenter\" src=\"https:\/\/www.rucashk.com\/wp-content\/uploads\/2021\/09\/1ad2d9e4ded2cdf80400fa9682164498.jpg\" alt=\"Tecno p704a Smartphone\" width=\"500\" height=\"500\" data-src=\"https:\/\/www.rucashk.com\/wp-content\/uploads\/2021\/09\/1ad2d9e4ded2cdf80400fa9682164498.jpg\" \/><\/p>\n<p style=\"text-align: center\"><b>Elegante, na sua m\u00e3o<\/b><br \/>\nO Tab 4G LTE foi projetado com textura Kevlar e bordas arredondadas, tornando o dispositivo mais elegante e fino como voc\u00ea pode ver.<\/p>\n<p style=\"text-align: center\"><b>Vis\u00e3o mais ampla<\/b><br \/>\nO Tab 4G LTE \u00e9 constru\u00eddo com uma tela IPS grande angular de 170 graus que oferece uma experi\u00eancia visual incr\u00edvel com nitidez e defini\u00e7\u00e3o que redefinem a experi\u00eancia do tablet. Desfrute de detalhes inacredit\u00e1veis enquanto assiste filmes com a fam\u00edlia.<\/p>\n<p style=\"text-align: center\"><b>Mais poderoso<\/b><br \/>\nO processador quad-core MTA8321D de 1,3 GHz oferece desempenho aprimorado e mant\u00e9m tudo funcionando perfeitamente. Seja assistindo filmes ou jogando jogos emocionantes, aproveite a velocidade e a paix\u00e3o.<\/p>\n<p style=\"text-align: center\"><b>Android 10<\/b><br \/>\nEquipado com sistema operacional Android 10, o Tab 4G LTE foi projetado para usu\u00e1rios de Android e oferece uma experi\u00eancia de uso superior. Milh\u00f5es de APPs Android sempre podem atender sua demanda.<\/p>\n<p style=\"text-align: center\"><b>Esteja em dois lugares ao mesmo tempo<\/b><br \/>\nV\u00e1rias janelas permitem que voc\u00ea execute dois aplicativos lado a lado. Ent\u00e3o v\u00e1 em frente e assista a um filme enquanto envia mensagens de texto para seus amigos.<\/p>\n<p style=\"text-align: center\"><b>Mantenha momentos m\u00e1gicos<\/b><br \/>\nA c\u00e2mera traseira de 5 MP com flash permite tirar fotos e v\u00eddeos mais claros e n\u00edtidos, mesmo em condi\u00e7\u00f5es de pouca luz.<\/p>\n<p style=\"text-align: center\"><b>Navega\u00e7\u00e3o em tela grande<\/b><br \/>\nA tela de 7 polegadas permite mais recursos de p\u00e1gina e oferece a conveni\u00eancia de navega\u00e7\u00e3o enquanto voc\u00ea est\u00e1 em tr\u00e2nsito.<\/p>\n<p style=\"text-align: center\"><b>Vida \u00fatil da bateria mais duradoura<\/b><br \/>\nA bateria de 5000 mAh oferece at\u00e9 9 horas de navega\u00e7\u00e3o ou voc\u00ea pode assistir filmes por at\u00e9 8 horas sem se preocupar em recarregar a bateria.<\/p>\n<p style=\"text-align: center\"><b>Supergerenciador de energia<\/b><br \/>\nA tecnologia inteligente de economia de energia oferece mais tempo para voc\u00ea e sua fam\u00edlia aproveitarem seu DroiPad 7D.<\/p>\n<p style=\"text-align: center\"><b>Zona Infantil<\/b><br \/>\nAo abrir a Kids Zone, voc\u00ea pode gerenciar o conte\u00fado e o tempo que seus filhos assistem e brincam.<\/p>\n<p style=\"text-align: center\"><b>Protetor ocular<\/b><br \/>\nO Tab 4G LTE pode entrar automaticamente no modo de prote\u00e7\u00e3o ocular \u00e0 noite, pois filtrar\u00e1 um comprimento de onda prejudicial. E emite alarmes se seus filhos lerem alguma coisa enquanto est\u00e3o deitados.<\/p>\n<p style=\"text-align: center\">Rucas, distribuidor l\u00edder da Xiaomi em Hong Kong.<br \/>\nFocando no produto de acess\u00f3rios ecol\u00f3gicos de uma marca da China, como Amazfit, Haylou, Ninebot, Roborock, Dreame, Imilab, 70Mai, Deerma. Mantemos centenas de SKUs Xiaomi com estoque em dep\u00f3sitos em HK e Shenzhen de forma est\u00e1vel para um prazo de entrega mais r\u00e1pido.<\/p>","protected":false},"excerpt":{"rendered":"<ul>\n<li>Tela de 0 polegadas<\/li>\n<li>Bateria 5000mAh<\/li>\n<li>32 GB de ROM + 2 GB de RAM<\/li>\n<li>Suporte para SIM duplo<\/li>\n<li>4G LTE<\/li>\n<li>Android 10<\/li>\n<li>C\u00e2mera traseira de 5 MP + frontal de 5 MP<\/li>\n<li>Suporte OTG<\/li>\n<\/ul>\n<p>&nbsp;<\/p>","protected":false},"featured_media":25857,"template":"","meta":[],"product_brand":[],"product_cat":[1295,1303],"product_tag":[],"class_list":{"0":"post-25725","1":"product","2":"type-product","3":"status-publish","4":"has-post-thumbnail","6":"product_cat-mobile-phone","7":"product_cat-tecno-mobile-phone","9":"first","10":"instock","11":"shipping-taxable","12":"product-type-simple"},"aioseo_notices":[],"aioseo_head":"\n\t\t<!-- All in One SEO Pro 4.5.9.2 - aioseo.com -->\n\t\t<meta name=\"description\" content=\"0 Inch Screen 5000mAh Battery 32GB ROM + 2GB RAM Dual SIM Support 4G LTE Android 10 5MP Rear + 5MP Front Camera OTG Support\" \/>\n\t\t<meta name=\"robots\" content=\"max-image-preview:large\" \/>\n\t\t<link rel=\"canonical\" href=\"https:\/\/www.rucashk.com\/pt\/produto\/tecno-p704a-smartphone\/\" \/>\n\t\t<meta name=\"generator\" content=\"All in One SEO Pro (AIOSEO) 4.5.9.2\" \/>\n\t\t<meta property=\"og:locale\" content=\"pt_PT\" \/>\n\t\t<meta property=\"og:site_name\" content=\"Rucas - One-stop AIoT Distribution Worldwide\" \/>\n\t\t<meta property=\"og:type\" content=\"article\" \/>\n\t\t<meta property=\"og:title\" content=\"Tecno p704a Smartphone - Rucas - Wholesale and Distribution\" \/>\n\t\t<meta property=\"og:description\" content=\"0 Inch Screen 5000mAh Battery 32GB ROM + 2GB RAM Dual SIM Support 4G LTE Android 10 5MP Rear + 5MP Front Camera OTG Support\" \/>\n\t\t<meta property=\"og:url\" content=\"https:\/\/www.rucashk.com\/pt\/produto\/tecno-p704a-smartphone\/\" \/>\n\t\t<meta property=\"og:image\" content=\"https:\/\/www.rucashk.com\/wp-content\/uploads\/replace\/503b8e645f128a97ccde2b6290747646.jpeg\" \/>\n\t\t<meta property=\"og:image:secure_url\" content=\"https:\/\/www.rucashk.com\/wp-content\/uploads\/replace\/503b8e645f128a97ccde2b6290747646.jpeg\" \/>\n\t\t<meta property=\"og:image:width\" content=\"1456\" \/>\n\t\t<meta property=\"og:image:height\" content=\"816\" \/>\n\t\t<meta property=\"article:published_time\" content=\"2024-01-09T16:20:34+00:00\" \/>\n\t\t<meta property=\"article:modified_time\" content=\"2024-01-23T09:56:56+00:00\" \/>\n\t\t<meta name=\"twitter:card\" content=\"summary_large_image\" \/>\n\t\t<meta name=\"twitter:title\" content=\"Tecno p704a Smartphone - Rucas - Wholesale and Distribution\" \/>\n\t\t<meta name=\"twitter:description\" content=\"0 Inch Screen 5000mAh Battery 32GB ROM + 2GB RAM Dual SIM Support 4G LTE Android 10 5MP Rear + 5MP Front Camera OTG Support\" \/>\n\t\t<meta name=\"twitter:image\" content=\"https:\/\/www.rucashk.com\/wp-content\/uploads\/replace\/503b8e645f128a97ccde2b6290747646.jpeg\" \/>\n\t\t<script type=\"application\/ld+json\" class=\"aioseo-schema\">\n\t\t\t{\"@context\":\"https:\\\/\\\/schema.org\",\"@graph\":[{\"@type\":\"BreadcrumbList\",\"@id\":\"https:\\\/\\\/www.rucashk.com\\\/pt\\\/produto\\\/tecno-p704a-smartphone\\\/#breadcrumblist\",\"itemListElement\":[{\"@type\":\"ListItem\",\"@id\":\"https:\\\/\\\/www.rucashk.com\\\/pt\\\/#listItem\",\"position\":1,\"name\":\"Home\",\"item\":\"https:\\\/\\\/www.rucashk.com\\\/pt\\\/\",\"nextItem\":\"https:\\\/\\\/www.rucashk.com\\\/pt\\\/produto\\\/tecno-p704a-smartphone\\\/#listItem\"},{\"@type\":\"ListItem\",\"@id\":\"https:\\\/\\\/www.rucashk.com\\\/pt\\\/produto\\\/tecno-p704a-smartphone\\\/#listItem\",\"position\":2,\"name\":\"Tecno p704a Smartphone\",\"previousItem\":\"https:\\\/\\\/www.rucashk.com\\\/pt\\\/#listItem\"}]},{\"@type\":\"Organization\",\"@id\":\"https:\\\/\\\/www.rucashk.com\\\/pt\\\/#organization\",\"name\":\"Rucas\",\"url\":\"https:\\\/\\\/www.rucashk.com\\\/pt\\\/\",\"logo\":{\"@type\":\"ImageObject\",\"url\":\"https:\\\/\\\/www.rucashk.com\\\/wp-content\\\/uploads\\\/2023\\\/12\\\/Rucas_campany_logo.png\",\"@id\":\"https:\\\/\\\/www.rucashk.com\\\/pt\\\/produto\\\/tecno-p704a-smartphone\\\/#organizationLogo\",\"width\":221,\"height\":65},\"image\":{\"@id\":\"https:\\\/\\\/www.rucashk.com\\\/pt\\\/#organizationLogo\"}},{\"@type\":\"Person\",\"@id\":\"https:\\\/\\\/www.rucashk.com\\\/pt\\\/author\\\/admin\\\/#author\",\"url\":\"https:\\\/\\\/www.rucashk.com\\\/pt\\\/author\\\/admin\\\/\",\"name\":\"admin\",\"image\":{\"@type\":\"ImageObject\",\"@id\":\"https:\\\/\\\/www.rucashk.com\\\/pt\\\/produto\\\/tecno-p704a-smartphone\\\/#authorImage\",\"url\":\"https:\\\/\\\/secure.gravatar.com\\\/avatar\\\/b7c8925b09a27e72b30232f8ecaadbd5af0f70a38c78096863fe51b64f031c24?s=96&d=mm&r=g\",\"width\":96,\"height\":96,\"caption\":\"admin\"}},{\"@type\":\"WebPage\",\"@id\":\"https:\\\/\\\/www.rucashk.com\\\/pt\\\/produto\\\/tecno-p704a-smartphone\\\/#webpage\",\"url\":\"https:\\\/\\\/www.rucashk.com\\\/pt\\\/produto\\\/tecno-p704a-smartphone\\\/\",\"name\":\"Tecno p704a Smartphone - Rucas - Wholesale and Distribution\",\"description\":\"0 Inch Screen 5000mAh Battery 32GB ROM + 2GB RAM Dual SIM Support 4G LTE Android 10 5MP Rear + 5MP Front Camera OTG Support\",\"inLanguage\":\"pt-PT\",\"isPartOf\":{\"@id\":\"https:\\\/\\\/www.rucashk.com\\\/pt\\\/#website\"},\"breadcrumb\":{\"@id\":\"https:\\\/\\\/www.rucashk.com\\\/pt\\\/produto\\\/tecno-p704a-smartphone\\\/#breadcrumblist\"},\"author\":{\"@id\":\"https:\\\/\\\/www.rucashk.com\\\/pt\\\/author\\\/admin\\\/#author\"},\"creator\":{\"@id\":\"https:\\\/\\\/www.rucashk.com\\\/pt\\\/author\\\/admin\\\/#author\"},\"image\":{\"@type\":\"ImageObject\",\"url\":\"https:\\\/\\\/www.rucashk.com\\\/wp-content\\\/uploads\\\/2024\\\/01\\\/Tecno-p704a.jpg\",\"@id\":\"https:\\\/\\\/www.rucashk.com\\\/pt\\\/produto\\\/tecno-p704a-smartphone\\\/#mainImage\",\"width\":800,\"height\":800},\"primaryImageOfPage\":{\"@id\":\"https:\\\/\\\/www.rucashk.com\\\/pt\\\/produto\\\/tecno-p704a-smartphone\\\/#mainImage\"},\"datePublished\":\"2024-01-09T16:20:34+00:00\",\"dateModified\":\"2024-01-23T09:56:56+00:00\"},{\"@type\":\"WebSite\",\"@id\":\"https:\\\/\\\/www.rucashk.com\\\/pt\\\/#website\",\"url\":\"https:\\\/\\\/www.rucashk.com\\\/pt\\\/\",\"name\":\"Rucas - Wholesale and distribution worldwide\",\"alternateName\":\"Rucas - One-stop AIoT Distribution Worldwide\",\"description\":\"One-stop AIoT Distribution Worldwide\",\"inLanguage\":\"pt-PT\",\"publisher\":{\"@id\":\"https:\\\/\\\/www.rucashk.com\\\/pt\\\/#organization\"}}]}\n\t\t<\/script>\n\t\t<!-- All in One SEO Pro -->\r\n\t\t<title>Tecno p704a Smartphone - Rucas - Wholesale and Distribution<\/title>\n\n","aioseo_head_json":{"title":"Tecno p704a Smartphone - Rucas - Wholesale and Distribution","description":"0 Inch Screen 5000mAh Battery 32GB ROM + 2GB RAM Dual SIM Support 4G LTE Android 10 5MP Rear + 5MP Front Camera OTG Support","canonical_url":"https:\/\/www.rucashk.com\/pt\/produto\/tecno-p704a-smartphone\/","robots":"max-image-preview:large","keywords":"","webmasterTools":{"miscellaneous":""},"og:locale":"pt_PT","og:site_name":"Rucas - One-stop AIoT Distribution Worldwide","og:type":"article","og:title":"Tecno p704a Smartphone - Rucas - Wholesale and Distribution","og:description":"0 Inch Screen 5000mAh Battery 32GB ROM + 2GB RAM Dual SIM Support 4G LTE Android 10 5MP Rear + 5MP Front Camera OTG Support","og:url":"https:\/\/www.rucashk.com\/pt\/produto\/tecno-p704a-smartphone\/","og:image":"https:\/\/www.rucashk.com\/wp-content\/uploads\/replace\/503b8e645f128a97ccde2b6290747646.jpeg","og:image:secure_url":"https:\/\/www.rucashk.com\/wp-content\/uploads\/replace\/503b8e645f128a97ccde2b6290747646.jpeg","og:image:width":1456,"og:image:height":816,"article:published_time":"2024-01-09T16:20:34+00:00","article:modified_time":"2024-01-23T09:56:56+00:00","twitter:card":"summary_large_image","twitter:title":"Tecno p704a Smartphone - Rucas - Wholesale and Distribution","twitter:description":"0 Inch Screen 5000mAh Battery 32GB ROM + 2GB RAM Dual SIM Support 4G LTE Android 10 5MP Rear + 5MP Front Camera OTG Support","twitter:image":"https:\/\/www.rucashk.com\/wp-content\/uploads\/replace\/503b8e645f128a97ccde2b6290747646.jpeg","schema":{"@context":"https:\/\/schema.org","@graph":[{"@type":"BreadcrumbList","@id":"https:\/\/www.rucashk.com\/pt\/produto\/tecno-p704a-smartphone\/#breadcrumblist","itemListElement":[{"@type":"ListItem","@id":"https:\/\/www.rucashk.com\/pt\/#listItem","position":1,"name":"Home","item":"https:\/\/www.rucashk.com\/pt\/","nextItem":"https:\/\/www.rucashk.com\/pt\/produto\/tecno-p704a-smartphone\/#listItem"},{"@type":"ListItem","@id":"https:\/\/www.rucashk.com\/pt\/produto\/tecno-p704a-smartphone\/#listItem","position":2,"name":"Tecno p704a Smartphone","previousItem":"https:\/\/www.rucashk.com\/pt\/#listItem"}]},{"@type":"Organization","@id":"https:\/\/www.rucashk.com\/pt\/#organization","name":"Rucas","url":"https:\/\/www.rucashk.com\/pt\/","logo":{"@type":"ImageObject","url":"https:\/\/www.rucashk.com\/wp-content\/uploads\/2023\/12\/Rucas_campany_logo.png","@id":"https:\/\/www.rucashk.com\/pt\/produto\/tecno-p704a-smartphone\/#organizationLogo","width":221,"height":65},"image":{"@id":"https:\/\/www.rucashk.com\/pt\/#organizationLogo"}},{"@type":"Person","@id":"https:\/\/www.rucashk.com\/pt\/author\/admin\/#author","url":"https:\/\/www.rucashk.com\/pt\/author\/admin\/","name":"admin","image":{"@type":"ImageObject","@id":"https:\/\/www.rucashk.com\/pt\/produto\/tecno-p704a-smartphone\/#authorImage","url":"https:\/\/secure.gravatar.com\/avatar\/b7c8925b09a27e72b30232f8ecaadbd5af0f70a38c78096863fe51b64f031c24?s=96&d=mm&r=g","width":96,"height":96,"caption":"admin"}},{"@type":"WebPage","@id":"https:\/\/www.rucashk.com\/pt\/produto\/tecno-p704a-smartphone\/#webpage","url":"https:\/\/www.rucashk.com\/pt\/produto\/tecno-p704a-smartphone\/","name":"Tecno p704a Smartphone - Rucas - Wholesale and Distribution","description":"0 Inch Screen 5000mAh Battery 32GB ROM + 2GB RAM Dual SIM Support 4G LTE Android 10 5MP Rear + 5MP Front Camera OTG Support","inLanguage":"pt-PT","isPartOf":{"@id":"https:\/\/www.rucashk.com\/pt\/#website"},"breadcrumb":{"@id":"https:\/\/www.rucashk.com\/pt\/produto\/tecno-p704a-smartphone\/#breadcrumblist"},"author":{"@id":"https:\/\/www.rucashk.com\/pt\/author\/admin\/#author"},"creator":{"@id":"https:\/\/www.rucashk.com\/pt\/author\/admin\/#author"},"image":{"@type":"ImageObject","url":"https:\/\/www.rucashk.com\/wp-content\/uploads\/2024\/01\/Tecno-p704a.jpg","@id":"https:\/\/www.rucashk.com\/pt\/produto\/tecno-p704a-smartphone\/#mainImage","width":800,"height":800},"primaryImageOfPage":{"@id":"https:\/\/www.rucashk.com\/pt\/produto\/tecno-p704a-smartphone\/#mainImage"},"datePublished":"2024-01-09T16:20:34+00:00","dateModified":"2024-01-23T09:56:56+00:00"},{"@type":"WebSite","@id":"https:\/\/www.rucashk.com\/pt\/#website","url":"https:\/\/www.rucashk.com\/pt\/","name":"Rucas - Wholesale and distribution worldwide","alternateName":"Rucas - One-stop AIoT Distribution Worldwide","description":"One-stop AIoT Distribution Worldwide","inLanguage":"pt-PT","publisher":{"@id":"https:\/\/www.rucashk.com\/pt\/#organization"}}]}},"aioseo_meta_data":{"post_id":"25725","title":null,"description":null,"keywords":null,"keyphrases":null,"primary_term":null,"canonical_url":null,"og_title":null,"og_description":null,"og_object_type":"default","og_image_type":"default","og_image_url":null,"og_image_width":null,"og_image_height":null,"og_image_custom_url":null,"og_image_custom_fields":null,"og_video":null,"og_custom_url":null,"og_article_section":null,"og_article_tags":null,"twitter_use_og":false,"twitter_card":"default","twitter_image_type":"default","twitter_image_url":null,"twitter_image_custom_url":null,"twitter_image_custom_fields":null,"twitter_title":null,"twitter_description":null,"schema":{"blockGraphs":[],"customGraphs":[],"default":{"data":{"Article":[],"Course":[],"Dataset":[],"FAQPage":[],"Movie":[],"Person":[],"Product":[],"Recipe":[],"Service":[],"SoftwareApplication":[],"WebPage":[]},"graphName":"","isEnabled":true},"graphs":[]},"schema_type":"default","schema_type_options":null,"pillar_content":false,"robots_default":true,"robots_noindex":false,"robots_noarchive":false,"robots_nosnippet":false,"robots_nofollow":false,"robots_noimageindex":false,"robots_noodp":false,"robots_notranslate":false,"robots_max_snippet":null,"robots_max_videopreview":null,"robots_max_imagepreview":"large","priority":null,"frequency":null,"local_seo":null,"breadcrumb_settings":null,"limit_modified_date":false,"created":"2024-04-11 01:57:19","updated":"2025-06-22 18:00:04"},"aioseo_breadcrumb":"<div class=\"aioseo-breadcrumbs\"><span class=\"aioseo-breadcrumb\">\n\t<a href=\"https:\/\/www.rucashk.com\/pt\" title=\"Home\">Home<\/a>\n<\/span><span class=\"aioseo-breadcrumb-separator\">&raquo;<\/span><span class=\"aioseo-breadcrumb\">\n\t<a href=\"https:\/\/www.rucashk.com\/pt\/products\/\" title=\"Produtos\">Produtos<\/a>\n<\/span><span class=\"aioseo-breadcrumb-separator\">&raquo;<\/span><span class=\"aioseo-breadcrumb\">\n\t<a href=\"https:\/\/www.rucashk.com\/pt\/categoria-produto\/mobile-phone\/\" title=\"Mobile Phone\">Mobile Phone<\/a>\n<\/span><span class=\"aioseo-breadcrumb-separator\">&raquo;<\/span><span class=\"aioseo-breadcrumb\">\n\t<a href=\"https:\/\/www.rucashk.com\/pt\/categoria-produto\/mobile-phone\/tecno-mobile-phone\/\" title=\"Tecno\">Tecno<\/a>\n<\/span><span class=\"aioseo-breadcrumb-separator\">&raquo;<\/span><span class=\"aioseo-breadcrumb\">\n\tTecno p704a Smartphone\n<\/span><\/div>","aioseo_breadcrumb_json":[{"label":"Home","link":"https:\/\/www.rucashk.com\/pt"},{"label":"Produtos","link":"https:\/\/www.rucashk.com\/pt\/products\/"},{"label":"Mobile Phone","link":"https:\/\/www.rucashk.com\/pt\/categoria-produto\/mobile-phone\/"},{"label":"Tecno","link":"https:\/\/www.rucashk.com\/pt\/categoria-produto\/mobile-phone\/tecno-mobile-phone\/"},{"label":"Tecno p704a Smartphone","link":"https:\/\/www.rucashk.com\/pt\/produto\/tecno-p704a-smartphone\/"}],"_links":{"self":[{"href":"https:\/\/www.rucashk.com\/pt\/wp-json\/wp\/v2\/product\/25725","targetHints":{"allow":["GET"]}}],"collection":[{"href":"https:\/\/www.rucashk.com\/pt\/wp-json\/wp\/v2\/product"}],"about":[{"href":"https:\/\/www.rucashk.com\/pt\/wp-json\/wp\/v2\/types\/product"}],"wp:featuredmedia":[{"embeddable":true,"href":"https:\/\/www.rucashk.com\/pt\/wp-json\/wp\/v2\/media\/25857"}],"wp:attachment":[{"href":"https:\/\/www.rucashk.com\/pt\/wp-json\/wp\/v2\/media?parent=25725"}],"wp:term":[{"taxonomy":"product_brand","embeddable":true,"href":"https:\/\/www.rucashk.com\/pt\/wp-json\/wp\/v2\/product_brand?post=25725"},{"taxonomy":"product_cat","embeddable":true,"href":"https:\/\/www.rucashk.com\/pt\/wp-json\/wp\/v2\/product_cat?post=25725"},{"taxonomy":"product_tag","embeddable":true,"href":"https:\/\/www.rucashk.com\/pt\/wp-json\/wp\/v2\/product_tag?post=25725"}],"curies":[{"name":"wp","href":"https:\/\/api.w.org\/{rel}","templated":true}]}}