{"id":25722,"date":"2024-01-09T16:20:33","date_gmt":"2024-01-09T16:20:33","guid":{"rendered":"http:\/\/rucashk.com\/?post_type=product&#038;p=25722"},"modified":"2024-01-23T09:58:02","modified_gmt":"2024-01-23T09:58:02","slug":"tecno-spark-7p-smartphone","status":"publish","type":"product","link":"https:\/\/www.rucashk.com\/pt\/produto\/tecno-spark-7p-smartphone\/","title":{"rendered":"Smartphone Tecno Spark 7P"},"content":{"rendered":"<div id=\"aps-overview\" class=\"aps-tab-content aps-flat-content\">\n<div class=\"aps-column\">\n<p style=\"text-align: center\"><img fetchpriority=\"high\" decoding=\"async\" class=\"aligncenter\" src=\"https:\/\/www.rucashk.com\/wp-content\/uploads\/2021\/09\/b80b61c1e97916915908174990a3b757.jpg\" alt=\"Tecno Spark 7P Smartphone\" width=\"1920\" height=\"1114\" data-src=\"https:\/\/www.rucashk.com\/wp-content\/uploads\/2021\/09\/b80b61c1e97916915908174990a3b757.jpg\" \/><img decoding=\"async\" class=\"aligncenter\" src=\"https:\/\/www.rucashk.com\/wp-content\/uploads\/2021\/09\/6239d6a77e22b345122d3fc9f9b396e9.jpg\" alt=\"Tecno Spark 7P Smartphone\" width=\"1920\" height=\"777\" data-src=\"https:\/\/www.rucashk.com\/wp-content\/uploads\/2021\/09\/6239d6a77e22b345122d3fc9f9b396e9.jpg\" \/><br \/>\n<b>Neg\u00f3cios na frente, Festa atr\u00e1s<\/b><b><br \/>\n<\/b>SPARK 7P re\u00fane formas perfeitamente proporcionadas e as melhores fun\u00e7\u00f5es da categoria sob o mesmo teto divertido<img decoding=\"async\" class=\"aligncenter\" src=\"https:\/\/www.rucashk.com\/wp-content\/uploads\/2021\/09\/29b2961ae7ff58ff7a92af2e83b2af27.jpg\" alt=\"Tecno Spark 7P Smartphone\" width=\"1920\" height=\"1222\" data-src=\"https:\/\/www.rucashk.com\/wp-content\/uploads\/2021\/09\/29b2961ae7ff58ff7a92af2e83b2af27.jpg\" \/><br \/>\n<b>Cuidado, ou ele escapar\u00e1 pela menor rachadura<\/b><b><br \/>\n<\/b>Tudo o que voc\u00ea sempre desejou est\u00e1 aqui: um corpo aerodin\u00e2mico e uma cintura mais fina. O que mais voc\u00ea poderia querer?<img loading=\"lazy\" decoding=\"async\" class=\"aligncenter\" src=\"https:\/\/www.rucashk.com\/wp-content\/uploads\/2021\/09\/da375f9309f2f0382cf59705517cf268.jpg\" alt=\"Tecno Spark 7P Smartphone\" width=\"1920\" height=\"866\" data-src=\"https:\/\/www.rucashk.com\/wp-content\/uploads\/2021\/09\/da375f9309f2f0382cf59705517cf268.jpg\" \/><br \/>\n<b>Cor de voc\u00ea<\/b><br \/>\nRealce a sua personalidade \u00fanica com quatro cores cativantes: Summer Mojito; Abeto Verde; \u00cdm\u00e3 Preto; Alpes Azul; Para a nossa nova gera\u00e7\u00e3o, o log\u00f3tipo SPARK foi especialmente concebido e mostra o ADN da s\u00e9rie 7.<img loading=\"lazy\" decoding=\"async\" class=\"aligncenter\" src=\"https:\/\/www.rucashk.com\/wp-content\/uploads\/2021\/09\/ec66648e365538ca1284d8c85dfc128c.jpg\" alt=\"Tecno Spark 7P Smartphone\" width=\"1920\" height=\"1154\" data-src=\"https:\/\/www.rucashk.com\/wp-content\/uploads\/2021\/09\/ec66648e365538ca1284d8c85dfc128c.jpg\" \/><br \/>\nUm lar brilhante para suas c\u00e2meras triplas<br \/>\nUm telefone jovem e din\u00e2mico sempre vem com um painel de c\u00e2mera estiloso. Fabricadas com t\u00e9cnica de n\u00edvel aeroespacial, suas c\u00e2meras agora est\u00e3o em boas m\u00e3os.<img loading=\"lazy\" decoding=\"async\" class=\"aligncenter\" src=\"https:\/\/www.rucashk.com\/wp-content\/uploads\/2021\/09\/6bba4f3c293f7cfc2067866015fac067.jpg\" alt=\"Tecno Spark 7P Smartphone\" width=\"1920\" height=\"868\" data-src=\"https:\/\/www.rucashk.com\/wp-content\/uploads\/2021\/09\/6bba4f3c293f7cfc2067866015fac067.jpg\" \/><br \/>\nMaior \u00e9 sempre melhor<br \/>\nCom nossa tela MAIOR e MELHOR de 6,8 polegadas de ponta a ponta, uma experi\u00eancia de cinema envolvente est\u00e1 ao seu alcance.<img loading=\"lazy\" decoding=\"async\" class=\"aligncenter\" src=\"https:\/\/www.rucashk.com\/wp-content\/uploads\/2021\/09\/7ab159f233cb5baf12a473c6a298caae.jpg\" alt=\"Tecno Spark 7P Smartphone\" width=\"1920\" height=\"1499\" data-src=\"https:\/\/www.rucashk.com\/wp-content\/uploads\/2021\/09\/7ab159f233cb5baf12a473c6a298caae.jpg\" \/><br \/>\nC\u00e2mera tripla AI de 16 MP, abrace um mundo mais claro<br \/>\nA lente AI rec\u00e9m-adicionada ilumina o ambiente escuro geral e torna mais f\u00e1cil destacar o seu sorriso. Gra\u00e7as \u00e0 sua baixa profundidade de campo, a c\u00e2mera de retratos far\u00e1 de voc\u00ea o fot\u00f3grafo profissional para todas as suas reuni\u00f5es familiares.<img loading=\"lazy\" decoding=\"async\" class=\"aligncenter\" src=\"https:\/\/www.rucashk.com\/wp-content\/uploads\/2021\/09\/c8dc1794db564c4b0b42e1c8f9a5eff7.jpg\" alt=\"Tecno Spark 7P Smartphone\" width=\"1920\" height=\"348\" data-src=\"https:\/\/www.rucashk.com\/wp-content\/uploads\/2021\/09\/c8dc1794db564c4b0b42e1c8f9a5eff7.jpg\" \/><br \/>\nSmile Snapshot Cronometre o momento com perfei\u00e7\u00e3o<br \/>\nAI Portrait foca no rosto e tira a foto quando v\u00ea um sorriso. Voc\u00ea nunca perder\u00e1 a foto perfeita.<img loading=\"lazy\" decoding=\"async\" class=\"aligncenter\" src=\"https:\/\/www.rucashk.com\/wp-content\/uploads\/2021\/09\/c9a9bdec65c4e74bc615690357da5b28.jpg\" alt=\"Tecno Spark 7P Smartphone\" width=\"1920\" height=\"1073\" data-src=\"https:\/\/www.rucashk.com\/wp-content\/uploads\/2021\/09\/c9a9bdec65c4e74bc615690357da5b28.jpg\" \/><br \/>\nRetrato noturno, seu sorriso pode iluminar a noite<br \/>\nO Retrato Noturno permite que voc\u00ea tire retratos lindos e v\u00edvidos noite adentro, sem perder um \u00fanico detalhe. Quando exibir sua beleza depende totalmente de voc\u00ea, seja de dia ou de noite.<img loading=\"lazy\" decoding=\"async\" class=\"aligncenter\" src=\"https:\/\/www.rucashk.com\/wp-content\/uploads\/2021\/09\/1323c655df49cfcad99adcd7b5d78092.jpg\" alt=\"Tecno Spark 7P Smartphone\" width=\"1920\" height=\"778\" data-src=\"https:\/\/www.rucashk.com\/wp-content\/uploads\/2021\/09\/1323c655df49cfcad99adcd7b5d78092.jpg\" \/><br \/>\nModo supernoturno<br \/>\nMomentos no escuro tamb\u00e9m importam<br \/>\nPode ser uma festa maluca com seus amigos, uma noitada com sua cara-metade ou um passeio pela cidade ao anoitecer... todos esses momentos s\u00e3o igualmente preciosos e valem a pena capturar! Suas noites brilham ainda mais com o modo Super Night.<img loading=\"lazy\" decoding=\"async\" class=\"aligncenter\" src=\"https:\/\/www.rucashk.com\/wp-content\/uploads\/2021\/09\/605ed1b2bacdbd5997ecc12b51d18e18.jpg\" alt=\"Tecno Spark 7P Smartphone\" width=\"1920\" height=\"887\" data-src=\"https:\/\/www.rucashk.com\/wp-content\/uploads\/2021\/09\/605ed1b2bacdbd5997ecc12b51d18e18.jpg\" \/><br \/>\n<b>Pequeno, mas poderoso<\/b><br \/>\nUm novo processador Octa-core de 2,0 GHz e unidade gr\u00e1fica dedicada de 820 MHz, benchmarks SPARK 7P com o dobro da velocidade da gera\u00e7\u00e3o anterior.<img loading=\"lazy\" decoding=\"async\" class=\"aligncenter\" src=\"https:\/\/www.rucashk.com\/wp-content\/uploads\/2021\/09\/633ee6958335eca8ce03c350bae7ed3c.jpg\" alt=\"Tecno Spark 7P Smartphone\" width=\"1920\" height=\"1403\" data-src=\"https:\/\/www.rucashk.com\/wp-content\/uploads\/2021\/09\/633ee6958335eca8ce03c350bae7ed3c.jpg\" \/><br \/>\n90Hz<br \/>\nAtualize em uma velocidade refrescante<br \/>\nCom nossa taxa de atualiza\u00e7\u00e3o extremamente r\u00e1pida de 90 Hz, a anima\u00e7\u00e3o do seu telefone n\u00e3o precisa parecer um flip book, mas sim uma experi\u00eancia suave, r\u00e1pida e refrescante<img loading=\"lazy\" decoding=\"async\" class=\"aligncenter\" src=\"https:\/\/www.rucashk.com\/wp-content\/uploads\/2021\/09\/653050b66167eef99c8b4152bdd6c114.jpg\" alt=\"Tecno Spark 7P Smartphone\" width=\"1920\" height=\"1742\" data-src=\"https:\/\/www.rucashk.com\/wp-content\/uploads\/2021\/09\/653050b66167eef99c8b4152bdd6c114.jpg\" \/><br \/>\n<b>5000mAh<\/b><br \/>\nE isso continua indefinidamente por 14 dias. 2 semanas. Meio m\u00eas. Esse \u00e9 o tempo que seu telefone pode ficar parado sem recarregar. J\u00e1 se foram os dias em que voc\u00ea tinha que correr pela rua em p\u00e2nico e tentar encontrar uma esta\u00e7\u00e3o de carregamento, porque o SPARK 7P nunca dispara facilmente.<img loading=\"lazy\" decoding=\"async\" class=\"aligncenter\" src=\"https:\/\/www.rucashk.com\/wp-content\/uploads\/2021\/09\/4f03873d7e75ad91a0c2ac721f6832a3.jpg\" alt=\"Tecno Spark 7P Smartphone\" width=\"1920\" height=\"1063\" data-src=\"https:\/\/www.rucashk.com\/wp-content\/uploads\/2021\/09\/4f03873d7e75ad91a0c2ac721f6832a3.jpg\" \/><br \/>\nEfeito de som est\u00e9reo Dirac<br \/>\nQuando o som ganha vida<br \/>\nDiga adeus aos \u00e1udios convencionais e sem vida e desfrute de uma experi\u00eancia de som panor\u00e2mica e envolvente. Uma tecnologia de qualidade cinematogr\u00e1fica em movimento est\u00e1 ali, no seu bolso.<img loading=\"lazy\" decoding=\"async\" class=\"aligncenter\" src=\"https:\/\/www.rucashk.com\/wp-content\/uploads\/2021\/09\/162aeddb10a3fd27fb5621fc2b6986a6.jpg\" alt=\"Tecno Spark 7P Smartphone\" width=\"1920\" height=\"1438\" data-src=\"https:\/\/www.rucashk.com\/wp-content\/uploads\/2021\/09\/162aeddb10a3fd27fb5621fc2b6986a6.jpg\" \/><br \/>\n<b>Aplicativo g\u00eameo<\/b><b><br \/>\n<\/b>Dois \u00e9 melhor que um<br \/>\nPara os jovens modernos e conhecedores de tecnologia, gerir m\u00faltiplas plataformas de redes sociais \u00e9 a norma. Ent\u00e3o, apresentamos o App Twin, uma ferramenta simples projetada para ajud\u00e1-lo a gerenciar seu jogo social. Com ele, voc\u00ea pode administrar duas contas sociais simultaneamente e alternar entre diferentes contas sociais de forma r\u00e1pida e f\u00e1cil.<img loading=\"lazy\" decoding=\"async\" class=\"aligncenter\" src=\"https:\/\/www.rucashk.com\/wp-content\/uploads\/2021\/09\/1d37f0093d8d8ab061bd887d27908d15.jpg\" alt=\"Tecno Spark 7P Smartphone\" width=\"1920\" height=\"1022\" data-src=\"https:\/\/www.rucashk.com\/wp-content\/uploads\/2021\/09\/1d37f0093d8d8ab061bd887d27908d15.jpg\" \/><\/p>\n<\/div>\n<\/div>\n<div id=\"aps-specs\" class=\"aps-tab-content aps-flat-content\">\n<div class=\"aps-column\">\n<div class=\"aps-group\" style=\"text-align: center\">\n<h3 class=\"aps-group-title\" style=\"text-align: center\">Rucas, distribuidor l\u00edder da Xiaomi em Hong Kong.<br \/>\nFocando no produto de acess\u00f3rios ecol\u00f3gicos de uma marca da China, como Amazfit, Haylou, Ninebot, Roborock, Dreame, Imilab, 70Mai, Deerma. Mantemos centenas de SKUs Xiaomi com estoque em dep\u00f3sitos em HK e Shenzhen de forma est\u00e1vel para um prazo de entrega mais r\u00e1pido.<\/h3>\n<\/div>\n<\/div>\n<\/div>","protected":false},"excerpt":{"rendered":"<ul>\n<li>C\u00e2mera tripla AI de 16 MP<\/li>\n<li>Modo supernoturno<\/li>\n<li>Instant\u00e2neo de sorriso<\/li>\n<li>Tela Dot Notch com taxa de atualiza\u00e7\u00e3o de 90 Hz<\/li>\n<li>Processador Helio G70<\/li>\n<li>ROM de 64 GB + 4 GB de RAM<\/li>\n<li>Bateria 5000mAh<\/li>\n<li>Compartilhamento de \u00e1udio Bluetooth<\/li>\n<li>Efeito de som est\u00e9reo Dirac<\/li>\n<li>HiOS baseado em Android\u2122 11<\/li>\n<\/ul>","protected":false},"featured_media":25848,"template":"","meta":[],"product_brand":[],"product_cat":[1295,1303],"product_tag":[],"class_list":{"0":"post-25722","1":"product","2":"type-product","3":"status-publish","4":"has-post-thumbnail","6":"product_cat-mobile-phone","7":"product_cat-tecno-mobile-phone","9":"first","10":"instock","11":"shipping-taxable","12":"product-type-simple"},"aioseo_notices":[],"aioseo_head":"\n\t\t<!-- All in One SEO Pro 4.5.9.2 - aioseo.com -->\n\t\t<meta name=\"description\" content=\"16MP AI Triple Camera Super Night Mode Smile Snapshot 90Hz Refresh Rate Dot Notch Screen Helio G70 Processor 64GB ROM + 4GB RAM 5000mAh Battery Bluetooth Audio Share Dirac Stereo Sound Effect HiOS based on Android\u2122 11\" \/>\n\t\t<meta name=\"robots\" content=\"max-image-preview:large\" \/>\n\t\t<link rel=\"canonical\" href=\"https:\/\/www.rucashk.com\/pt\/produto\/tecno-spark-7p-smartphone\/\" \/>\n\t\t<meta name=\"generator\" content=\"All in One SEO Pro (AIOSEO) 4.5.9.2\" \/>\n\t\t<meta property=\"og:locale\" content=\"pt_PT\" \/>\n\t\t<meta property=\"og:site_name\" content=\"Rucas - One-stop AIoT Distribution Worldwide\" \/>\n\t\t<meta property=\"og:type\" content=\"article\" \/>\n\t\t<meta property=\"og:title\" content=\"Tecno Spark 7P Smartphone - Rucas - Wholesale and Distribution\" \/>\n\t\t<meta property=\"og:description\" content=\"16MP AI Triple Camera Super Night Mode Smile Snapshot 90Hz Refresh Rate Dot Notch Screen Helio G70 Processor 64GB ROM + 4GB RAM 5000mAh Battery Bluetooth Audio Share Dirac Stereo Sound Effect HiOS based on Android\u2122 11\" \/>\n\t\t<meta property=\"og:url\" content=\"https:\/\/www.rucashk.com\/pt\/produto\/tecno-spark-7p-smartphone\/\" \/>\n\t\t<meta property=\"og:image\" content=\"https:\/\/www.rucashk.com\/wp-content\/uploads\/replace\/503b8e645f128a97ccde2b6290747646.jpeg\" \/>\n\t\t<meta property=\"og:image:secure_url\" content=\"https:\/\/www.rucashk.com\/wp-content\/uploads\/replace\/503b8e645f128a97ccde2b6290747646.jpeg\" \/>\n\t\t<meta property=\"og:image:width\" content=\"1456\" \/>\n\t\t<meta property=\"og:image:height\" content=\"816\" \/>\n\t\t<meta property=\"article:published_time\" content=\"2024-01-09T16:20:33+00:00\" \/>\n\t\t<meta property=\"article:modified_time\" content=\"2024-01-23T09:58:02+00:00\" \/>\n\t\t<meta name=\"twitter:card\" content=\"summary_large_image\" \/>\n\t\t<meta name=\"twitter:title\" content=\"Tecno Spark 7P Smartphone - Rucas - Wholesale and Distribution\" \/>\n\t\t<meta name=\"twitter:description\" content=\"16MP AI Triple Camera Super Night Mode Smile Snapshot 90Hz Refresh Rate Dot Notch Screen Helio G70 Processor 64GB ROM + 4GB RAM 5000mAh Battery Bluetooth Audio Share Dirac Stereo Sound Effect HiOS based on Android\u2122 11\" \/>\n\t\t<meta name=\"twitter:image\" content=\"https:\/\/www.rucashk.com\/wp-content\/uploads\/replace\/503b8e645f128a97ccde2b6290747646.jpeg\" \/>\n\t\t<script type=\"application\/ld+json\" class=\"aioseo-schema\">\n\t\t\t{\"@context\":\"https:\\\/\\\/schema.org\",\"@graph\":[{\"@type\":\"BreadcrumbList\",\"@id\":\"https:\\\/\\\/www.rucashk.com\\\/pt\\\/produto\\\/tecno-spark-7p-smartphone\\\/#breadcrumblist\",\"itemListElement\":[{\"@type\":\"ListItem\",\"@id\":\"https:\\\/\\\/www.rucashk.com\\\/pt\\\/#listItem\",\"position\":1,\"name\":\"Home\",\"item\":\"https:\\\/\\\/www.rucashk.com\\\/pt\\\/\",\"nextItem\":\"https:\\\/\\\/www.rucashk.com\\\/pt\\\/produto\\\/tecno-spark-7p-smartphone\\\/#listItem\"},{\"@type\":\"ListItem\",\"@id\":\"https:\\\/\\\/www.rucashk.com\\\/pt\\\/produto\\\/tecno-spark-7p-smartphone\\\/#listItem\",\"position\":2,\"name\":\"Tecno Spark 7P Smartphone\",\"previousItem\":\"https:\\\/\\\/www.rucashk.com\\\/pt\\\/#listItem\"}]},{\"@type\":\"Organization\",\"@id\":\"https:\\\/\\\/www.rucashk.com\\\/pt\\\/#organization\",\"name\":\"Rucas\",\"url\":\"https:\\\/\\\/www.rucashk.com\\\/pt\\\/\",\"logo\":{\"@type\":\"ImageObject\",\"url\":\"https:\\\/\\\/www.rucashk.com\\\/wp-content\\\/uploads\\\/2023\\\/12\\\/Rucas_campany_logo.png\",\"@id\":\"https:\\\/\\\/www.rucashk.com\\\/pt\\\/produto\\\/tecno-spark-7p-smartphone\\\/#organizationLogo\",\"width\":221,\"height\":65},\"image\":{\"@id\":\"https:\\\/\\\/www.rucashk.com\\\/pt\\\/#organizationLogo\"}},{\"@type\":\"Person\",\"@id\":\"https:\\\/\\\/www.rucashk.com\\\/pt\\\/author\\\/admin\\\/#author\",\"url\":\"https:\\\/\\\/www.rucashk.com\\\/pt\\\/author\\\/admin\\\/\",\"name\":\"admin\",\"image\":{\"@type\":\"ImageObject\",\"@id\":\"https:\\\/\\\/www.rucashk.com\\\/pt\\\/produto\\\/tecno-spark-7p-smartphone\\\/#authorImage\",\"url\":\"https:\\\/\\\/secure.gravatar.com\\\/avatar\\\/b7c8925b09a27e72b30232f8ecaadbd5af0f70a38c78096863fe51b64f031c24?s=96&d=mm&r=g\",\"width\":96,\"height\":96,\"caption\":\"admin\"}},{\"@type\":\"WebPage\",\"@id\":\"https:\\\/\\\/www.rucashk.com\\\/pt\\\/produto\\\/tecno-spark-7p-smartphone\\\/#webpage\",\"url\":\"https:\\\/\\\/www.rucashk.com\\\/pt\\\/produto\\\/tecno-spark-7p-smartphone\\\/\",\"name\":\"Tecno Spark 7P Smartphone - Rucas - Wholesale and Distribution\",\"description\":\"16MP AI Triple Camera Super Night Mode Smile Snapshot 90Hz Refresh Rate Dot Notch Screen Helio G70 Processor 64GB ROM + 4GB RAM 5000mAh Battery Bluetooth Audio Share Dirac Stereo Sound Effect HiOS based on Android\\u2122 11\",\"inLanguage\":\"pt-PT\",\"isPartOf\":{\"@id\":\"https:\\\/\\\/www.rucashk.com\\\/pt\\\/#website\"},\"breadcrumb\":{\"@id\":\"https:\\\/\\\/www.rucashk.com\\\/pt\\\/produto\\\/tecno-spark-7p-smartphone\\\/#breadcrumblist\"},\"author\":{\"@id\":\"https:\\\/\\\/www.rucashk.com\\\/pt\\\/author\\\/admin\\\/#author\"},\"creator\":{\"@id\":\"https:\\\/\\\/www.rucashk.com\\\/pt\\\/author\\\/admin\\\/#author\"},\"image\":{\"@type\":\"ImageObject\",\"url\":\"https:\\\/\\\/www.rucashk.com\\\/wp-content\\\/uploads\\\/2024\\\/01\\\/Tecno-Spark-7P-Smartphone-1.jpg\",\"@id\":\"https:\\\/\\\/www.rucashk.com\\\/pt\\\/produto\\\/tecno-spark-7p-smartphone\\\/#mainImage\",\"width\":800,\"height\":800},\"primaryImageOfPage\":{\"@id\":\"https:\\\/\\\/www.rucashk.com\\\/pt\\\/produto\\\/tecno-spark-7p-smartphone\\\/#mainImage\"},\"datePublished\":\"2024-01-09T16:20:33+00:00\",\"dateModified\":\"2024-01-23T09:58:02+00:00\"},{\"@type\":\"WebSite\",\"@id\":\"https:\\\/\\\/www.rucashk.com\\\/pt\\\/#website\",\"url\":\"https:\\\/\\\/www.rucashk.com\\\/pt\\\/\",\"name\":\"Rucas - Wholesale and distribution worldwide\",\"alternateName\":\"Rucas - One-stop AIoT Distribution Worldwide\",\"description\":\"One-stop AIoT Distribution Worldwide\",\"inLanguage\":\"pt-PT\",\"publisher\":{\"@id\":\"https:\\\/\\\/www.rucashk.com\\\/pt\\\/#organization\"}}]}\n\t\t<\/script>\n\t\t<!-- All in One SEO Pro -->\r\n\t\t<title>Tecno Spark 7P Smartphone - Rucas - Wholesale and Distribution<\/title>\n\n","aioseo_head_json":{"title":"Tecno Spark 7P Smartphone - Rucas - Wholesale and Distribution","description":"16MP AI Triple Camera Super Night Mode Smile Snapshot 90Hz Refresh Rate Dot Notch Screen Helio G70 Processor 64GB ROM + 4GB RAM 5000mAh Battery Bluetooth Audio Share Dirac Stereo Sound Effect HiOS based on Android\u2122 11","canonical_url":"https:\/\/www.rucashk.com\/pt\/produto\/tecno-spark-7p-smartphone\/","robots":"max-image-preview:large","keywords":"","webmasterTools":{"miscellaneous":""},"og:locale":"pt_PT","og:site_name":"Rucas - One-stop AIoT Distribution Worldwide","og:type":"article","og:title":"Tecno Spark 7P Smartphone - Rucas - Wholesale and Distribution","og:description":"16MP AI Triple Camera Super Night Mode Smile Snapshot 90Hz Refresh Rate Dot Notch Screen Helio G70 Processor 64GB ROM + 4GB RAM 5000mAh Battery Bluetooth Audio Share Dirac Stereo Sound Effect HiOS based on Android\u2122 11","og:url":"https:\/\/www.rucashk.com\/pt\/produto\/tecno-spark-7p-smartphone\/","og:image":"https:\/\/www.rucashk.com\/wp-content\/uploads\/replace\/503b8e645f128a97ccde2b6290747646.jpeg","og:image:secure_url":"https:\/\/www.rucashk.com\/wp-content\/uploads\/replace\/503b8e645f128a97ccde2b6290747646.jpeg","og:image:width":1456,"og:image:height":816,"article:published_time":"2024-01-09T16:20:33+00:00","article:modified_time":"2024-01-23T09:58:02+00:00","twitter:card":"summary_large_image","twitter:title":"Tecno Spark 7P Smartphone - Rucas - Wholesale and Distribution","twitter:description":"16MP AI Triple Camera Super Night Mode Smile Snapshot 90Hz Refresh Rate Dot Notch Screen Helio G70 Processor 64GB ROM + 4GB RAM 5000mAh Battery Bluetooth Audio Share Dirac Stereo Sound Effect HiOS based on Android\u2122 11","twitter:image":"https:\/\/www.rucashk.com\/wp-content\/uploads\/replace\/503b8e645f128a97ccde2b6290747646.jpeg","schema":{"@context":"https:\/\/schema.org","@graph":[{"@type":"BreadcrumbList","@id":"https:\/\/www.rucashk.com\/pt\/produto\/tecno-spark-7p-smartphone\/#breadcrumblist","itemListElement":[{"@type":"ListItem","@id":"https:\/\/www.rucashk.com\/pt\/#listItem","position":1,"name":"Home","item":"https:\/\/www.rucashk.com\/pt\/","nextItem":"https:\/\/www.rucashk.com\/pt\/produto\/tecno-spark-7p-smartphone\/#listItem"},{"@type":"ListItem","@id":"https:\/\/www.rucashk.com\/pt\/produto\/tecno-spark-7p-smartphone\/#listItem","position":2,"name":"Tecno Spark 7P Smartphone","previousItem":"https:\/\/www.rucashk.com\/pt\/#listItem"}]},{"@type":"Organization","@id":"https:\/\/www.rucashk.com\/pt\/#organization","name":"Rucas","url":"https:\/\/www.rucashk.com\/pt\/","logo":{"@type":"ImageObject","url":"https:\/\/www.rucashk.com\/wp-content\/uploads\/2023\/12\/Rucas_campany_logo.png","@id":"https:\/\/www.rucashk.com\/pt\/produto\/tecno-spark-7p-smartphone\/#organizationLogo","width":221,"height":65},"image":{"@id":"https:\/\/www.rucashk.com\/pt\/#organizationLogo"}},{"@type":"Person","@id":"https:\/\/www.rucashk.com\/pt\/author\/admin\/#author","url":"https:\/\/www.rucashk.com\/pt\/author\/admin\/","name":"admin","image":{"@type":"ImageObject","@id":"https:\/\/www.rucashk.com\/pt\/produto\/tecno-spark-7p-smartphone\/#authorImage","url":"https:\/\/secure.gravatar.com\/avatar\/b7c8925b09a27e72b30232f8ecaadbd5af0f70a38c78096863fe51b64f031c24?s=96&d=mm&r=g","width":96,"height":96,"caption":"admin"}},{"@type":"WebPage","@id":"https:\/\/www.rucashk.com\/pt\/produto\/tecno-spark-7p-smartphone\/#webpage","url":"https:\/\/www.rucashk.com\/pt\/produto\/tecno-spark-7p-smartphone\/","name":"Tecno Spark 7P Smartphone - Rucas - Wholesale and Distribution","description":"16MP AI Triple Camera Super Night Mode Smile Snapshot 90Hz Refresh Rate Dot Notch Screen Helio G70 Processor 64GB ROM + 4GB RAM 5000mAh Battery Bluetooth Audio Share Dirac Stereo Sound Effect HiOS based on Android\u2122 11","inLanguage":"pt-PT","isPartOf":{"@id":"https:\/\/www.rucashk.com\/pt\/#website"},"breadcrumb":{"@id":"https:\/\/www.rucashk.com\/pt\/produto\/tecno-spark-7p-smartphone\/#breadcrumblist"},"author":{"@id":"https:\/\/www.rucashk.com\/pt\/author\/admin\/#author"},"creator":{"@id":"https:\/\/www.rucashk.com\/pt\/author\/admin\/#author"},"image":{"@type":"ImageObject","url":"https:\/\/www.rucashk.com\/wp-content\/uploads\/2024\/01\/Tecno-Spark-7P-Smartphone-1.jpg","@id":"https:\/\/www.rucashk.com\/pt\/produto\/tecno-spark-7p-smartphone\/#mainImage","width":800,"height":800},"primaryImageOfPage":{"@id":"https:\/\/www.rucashk.com\/pt\/produto\/tecno-spark-7p-smartphone\/#mainImage"},"datePublished":"2024-01-09T16:20:33+00:00","dateModified":"2024-01-23T09:58:02+00:00"},{"@type":"WebSite","@id":"https:\/\/www.rucashk.com\/pt\/#website","url":"https:\/\/www.rucashk.com\/pt\/","name":"Rucas - Wholesale and distribution worldwide","alternateName":"Rucas - One-stop AIoT Distribution Worldwide","description":"One-stop AIoT Distribution Worldwide","inLanguage":"pt-PT","publisher":{"@id":"https:\/\/www.rucashk.com\/pt\/#organization"}}]}},"aioseo_meta_data":{"post_id":"25722","title":null,"description":null,"keywords":null,"keyphrases":null,"primary_term":null,"canonical_url":null,"og_title":null,"og_description":null,"og_object_type":"default","og_image_type":"default","og_image_url":null,"og_image_width":null,"og_image_height":null,"og_image_custom_url":null,"og_image_custom_fields":null,"og_video":null,"og_custom_url":null,"og_article_section":null,"og_article_tags":null,"twitter_use_og":false,"twitter_card":"default","twitter_image_type":"default","twitter_image_url":null,"twitter_image_custom_url":null,"twitter_image_custom_fields":null,"twitter_title":null,"twitter_description":null,"schema":{"blockGraphs":[],"customGraphs":[],"default":{"data":{"Article":[],"Course":[],"Dataset":[],"FAQPage":[],"Movie":[],"Person":[],"Product":[],"Recipe":[],"Service":[],"SoftwareApplication":[],"WebPage":[]},"graphName":"","isEnabled":true},"graphs":[]},"schema_type":"default","schema_type_options":null,"pillar_content":false,"robots_default":true,"robots_noindex":false,"robots_noarchive":false,"robots_nosnippet":false,"robots_nofollow":false,"robots_noimageindex":false,"robots_noodp":false,"robots_notranslate":false,"robots_max_snippet":null,"robots_max_videopreview":null,"robots_max_imagepreview":"large","priority":null,"frequency":null,"local_seo":null,"breadcrumb_settings":null,"limit_modified_date":false,"created":"2024-04-11 01:57:19","updated":"2025-06-22 18:00:04"},"aioseo_breadcrumb":"<div class=\"aioseo-breadcrumbs\"><span class=\"aioseo-breadcrumb\">\n\t<a href=\"https:\/\/www.rucashk.com\/pt\" title=\"Home\">Home<\/a>\n<\/span><span class=\"aioseo-breadcrumb-separator\">&raquo;<\/span><span class=\"aioseo-breadcrumb\">\n\t<a href=\"https:\/\/www.rucashk.com\/pt\/products\/\" title=\"Produtos\">Produtos<\/a>\n<\/span><span class=\"aioseo-breadcrumb-separator\">&raquo;<\/span><span class=\"aioseo-breadcrumb\">\n\t<a href=\"https:\/\/www.rucashk.com\/pt\/categoria-produto\/mobile-phone\/\" title=\"Mobile Phone\">Mobile Phone<\/a>\n<\/span><span class=\"aioseo-breadcrumb-separator\">&raquo;<\/span><span class=\"aioseo-breadcrumb\">\n\t<a href=\"https:\/\/www.rucashk.com\/pt\/categoria-produto\/mobile-phone\/tecno-mobile-phone\/\" title=\"Tecno\">Tecno<\/a>\n<\/span><span class=\"aioseo-breadcrumb-separator\">&raquo;<\/span><span class=\"aioseo-breadcrumb\">\n\tTecno Spark 7P Smartphone\n<\/span><\/div>","aioseo_breadcrumb_json":[{"label":"Home","link":"https:\/\/www.rucashk.com\/pt"},{"label":"Produtos","link":"https:\/\/www.rucashk.com\/pt\/products\/"},{"label":"Mobile Phone","link":"https:\/\/www.rucashk.com\/pt\/categoria-produto\/mobile-phone\/"},{"label":"Tecno","link":"https:\/\/www.rucashk.com\/pt\/categoria-produto\/mobile-phone\/tecno-mobile-phone\/"},{"label":"Tecno Spark 7P Smartphone","link":"https:\/\/www.rucashk.com\/pt\/produto\/tecno-spark-7p-smartphone\/"}],"_links":{"self":[{"href":"https:\/\/www.rucashk.com\/pt\/wp-json\/wp\/v2\/product\/25722","targetHints":{"allow":["GET"]}}],"collection":[{"href":"https:\/\/www.rucashk.com\/pt\/wp-json\/wp\/v2\/product"}],"about":[{"href":"https:\/\/www.rucashk.com\/pt\/wp-json\/wp\/v2\/types\/product"}],"wp:featuredmedia":[{"embeddable":true,"href":"https:\/\/www.rucashk.com\/pt\/wp-json\/wp\/v2\/media\/25848"}],"wp:attachment":[{"href":"https:\/\/www.rucashk.com\/pt\/wp-json\/wp\/v2\/media?parent=25722"}],"wp:term":[{"taxonomy":"product_brand","embeddable":true,"href":"https:\/\/www.rucashk.com\/pt\/wp-json\/wp\/v2\/product_brand?post=25722"},{"taxonomy":"product_cat","embeddable":true,"href":"https:\/\/www.rucashk.com\/pt\/wp-json\/wp\/v2\/product_cat?post=25722"},{"taxonomy":"product_tag","embeddable":true,"href":"https:\/\/www.rucashk.com\/pt\/wp-json\/wp\/v2\/product_tag?post=25722"}],"curies":[{"name":"wp","href":"https:\/\/api.w.org\/{rel}","templated":true}]}}