{"id":25721,"date":"2024-01-09T16:20:33","date_gmt":"2024-01-09T16:20:33","guid":{"rendered":"http:\/\/rucashk.com\/?post_type=product&#038;p=25721"},"modified":"2024-01-23T09:57:38","modified_gmt":"2024-01-23T09:57:38","slug":"tecno-pop-4-pro-smartphone","status":"publish","type":"product","link":"https:\/\/www.rucashk.com\/pt\/produto\/tecno-pop-4-pro-smartphone\/","title":{"rendered":"Smartphone Tecno pop 4 pro"},"content":{"rendered":"<div id=\"aps-overview\" class=\"aps-tab-content aps-flat-content\">\n<div class=\"aps-column\">\n<p><img fetchpriority=\"high\" decoding=\"async\" class=\"aligncenter wp-image-3044424 size-full\" title=\"Tecno Pop 4 Pro 4\" src=\"https:\/\/www.rucashk.com\/wp-content\/uploads\/2021\/09\/TECNO-POP4-Pro-2.jpg\" alt=\"Tecno pop 4 pro Smartphone\" width=\"698\" height=\"626\" \/><\/p>\n<p style=\"text-align: center\">Sob o cap\u00f4, o Pop 4 Pro \u00e9 alimentado por uma CPU MediaTek MT6739 quad-core com clock de 1,3 GHz. Atendendo \u00e0s necessidades gr\u00e1ficas est\u00e1 uma GPU PowerVR GE8100, junto com 1 GB de RAM e 16 GB de armazenamento interno. Se essa capacidade de armazenamento n\u00e3o for suficiente para voc\u00ea, voc\u00ea poder\u00e1 anexar um cart\u00e3o SD adicional ao telefone.<\/p>\n<p style=\"text-align: center\"><img decoding=\"async\" class=\"aligncenter wp-image-3044422 size-full\" title=\"Tecno Pop 4 Pro 5\" src=\"https:\/\/www.rucashk.com\/wp-content\/uploads\/2021\/09\/TECNO-POP4-Pro-4.jpg\" alt=\"Tecno pop 4 pro Smartphone\" width=\"551\" height=\"383\" \/><\/p>\n<p style=\"text-align: center\">Chegando ao departamento de c\u00e2meras, o Pop 4 Pro vem com uma c\u00e2mera principal dupla de 8 MP + 0,3 MP e um \u00fanico snapper de 8 megapixels na frente, com um \u00fanico flash LED na parte traseira e frontal.<\/p>\n<p style=\"text-align: center\"><img decoding=\"async\" class=\"aligncenter wp-image-3044423 size-full\" title=\"Tecno Pop 4 Pro 6\" src=\"https:\/\/www.rucashk.com\/wp-content\/uploads\/2021\/09\/TECNO-POP4-Pro-1.jpg\" alt=\"Tecno pop 4 pro Smartphone\" width=\"1200\" height=\"782\" \/><\/p>\n<p style=\"text-align: center\">Tamb\u00e9m na parte traseira h\u00e1 um leitor de impress\u00e3o digital localizado na parte traseira e o telefone est\u00e1 dispon\u00edvel nas cores preto e dourado. Suporta dual SIM com rede 4G LTE em ambos os SIMs. Curiosamente, voc\u00ea obt\u00e9m uma bateria grande de 5000mAh e o Google Android 10 (Go Edition) prontos para uso.<\/p>\n<p style=\"text-align: center\"><b>Visibilidade mais n\u00edtida, maior e melhor<\/b><br \/>\nO POP4 Pro adota a cl\u00e1ssica tela Dot Notch de 6,52\u201d. Um tamanho de tela maior e uma propor\u00e7\u00e3o perfeita entre tela e borda para melhor visibilidade. A cor e o brilho da tela tamb\u00e9m foram melhorados. As imagens do POP4 Pro ser\u00e3o mais vivas e atraentes.<\/p>\n<p style=\"text-align: center\"><b>Ainda poderoso e dur\u00e1vel<\/b><br \/>\nA bateria de 5.000mAh permite us\u00e1-lo o dia todo. At\u00e9 40,5 horas de chamadas, 9,1 horas de v\u00eddeos, 112,5 horas de m\u00fasica e at\u00e9 1000 horas em standby, uma bateria verdadeiramente dur\u00e1vel e poderosa.<\/p>\n<p style=\"text-align: center\"><b>Tire uma foto como quiser<\/b><br \/>\nA c\u00e2mera frontal de 8MP rec\u00e9m-atualizada e o sistema de c\u00e2mera dupla traseira permitem tirar fotografias v\u00edvidas. A clareza, cor e qualidade das fotos tiradas pelo POP4 Pro foram bastante melhoradas. Modo de beleza de 7 n\u00edveis nas c\u00e2meras frontal e traseira. O modo Retrato aprimorado permite capturar detalhes com mais precis\u00e3o e focar na imagem.<\/p>\n<p style=\"text-align: center\"><b>4G LTE<\/b><br \/>\nO POP4 Pro usa a rede 4G LTE. Voc\u00ea navegar\u00e1 na Internet com muito mais rapidez e facilidade. Voc\u00ea esperar\u00e1 menos para assistir a um v\u00eddeo ou ouvir m\u00fasica.<\/p>\n<p style=\"text-align: center\"><b>Excelente desempenho<\/b><br \/>\nSalve seus favoritos com 16 GB de espa\u00e7o ROM. Inicie aplicativos com mais facilidade com 1 GB de RAM e um processador Quad-core. A experi\u00eancia do usu\u00e1rio \u00e9 levada para o pr\u00f3ximo n\u00edvel.<\/p>\n<p style=\"text-align: center\"><b>Acesso inteligente<\/b>\u00a0(Desbloquear por reconhecimento facial + detector de impress\u00e3o digital)<br \/>\nAcesso mais r\u00e1pido e seguro ao seu celular. Voc\u00ea pode desbloquear seu telefone com mais rapidez e seguran\u00e7a, gra\u00e7as ao sensor e algoritmo que foram inventados recentemente.<\/p>\n<p style=\"text-align: center\"><b>Design fino e elegante<\/b><br \/>\nO POP4 Pro est\u00e1 mudando de cara, pois trazemos para voc\u00ea tr\u00eas cores da moda: Pearl Black, Cosmic Glow e Holiday Blue. A magreza do corpo proporciona uma melhor ader\u00eancia e mais conforto.<\/p>\n<p style=\"text-align: center\"><b>Fun\u00e7\u00e3o OTG<\/b><br \/>\nInicie a fun\u00e7\u00e3o OTG, o usu\u00e1rio pode carregar outros dispositivos digitais atrav\u00e9s do celular. Voc\u00ea tamb\u00e9m pode transferir informa\u00e7\u00f5es entre diferentes dispositivos ou \u201cpara\u201d ou \u201cde\u201d um pendrive. * Observe que alguns dispositivos podem ser incompat\u00edveis e n\u00e3o conseguir se conectar.<\/p>\n<p style=\"text-align: center\">\n<\/div>\n<p style=\"text-align: center\">Rucas, distribuidor l\u00edder da Xiaomi em Hong Kong.<br \/>\nFocando no produto de acess\u00f3rios ecol\u00f3gicos de uma marca da China, como Amazfit, Haylou, Ninebot, Roborock, Dreame, Imilab, 70Mai, Deerma. Mantemos centenas de SKUs Xiaomi com estoque em dep\u00f3sitos em HK e Shenzhen de forma est\u00e1vel para um prazo de entrega mais r\u00e1pido.<\/p>\n<div class=\"aps-column\">\n<div class=\"code-block code-block-2\" style=\"text-align: center\"><\/div>\n<\/div>\n<\/div>","protected":false},"excerpt":{"rendered":"<ul>\n<li>16 GB de ROM + 1 GB de RAM<\/li>\n<li>4G LTE<\/li>\n<li>52&#8243; Dot Notch Display<\/li>\n<li>Bateria de 5000mAh<\/li>\n<li>C\u00e2mera de lente dupla de 8 MP + IA<\/li>\n<li>Estilo fino e elegante<\/li>\n<li>Detector de impress\u00e3o digital<\/li>\n<li>Desbloqueio por reconhecimento facial<\/li>\n<li>Android\u2122 10 (edi\u00e7\u00e3o Go)<\/li>\n<\/ul>","protected":false},"featured_media":25844,"template":"","meta":[],"product_brand":[],"product_cat":[1295,1303],"product_tag":[],"class_list":{"0":"post-25721","1":"product","2":"type-product","3":"status-publish","4":"has-post-thumbnail","6":"product_cat-mobile-phone","7":"product_cat-tecno-mobile-phone","9":"first","10":"instock","11":"shipping-taxable","12":"product-type-simple"},"aioseo_notices":[],"aioseo_head":"\n\t\t<!-- All in One SEO Pro 4.5.9.2 - aioseo.com -->\n\t\t<meta name=\"description\" content=\"16GB ROM + 1GB RAM 4G LTE 52&quot; Dot Notch Display 5000mAh battery 8MP + AI dual lens camera Slim and elegant style Fingerprint detector Unlocking by facial recognition Android \u2122 10 (Go edition)\" \/>\n\t\t<meta name=\"robots\" content=\"max-image-preview:large\" \/>\n\t\t<link rel=\"canonical\" href=\"https:\/\/www.rucashk.com\/pt\/produto\/tecno-pop-4-pro-smartphone\/\" \/>\n\t\t<meta name=\"generator\" content=\"All in One SEO Pro (AIOSEO) 4.5.9.2\" \/>\n\t\t<meta property=\"og:locale\" content=\"pt_PT\" \/>\n\t\t<meta property=\"og:site_name\" content=\"Rucas - One-stop AIoT Distribution Worldwide\" \/>\n\t\t<meta property=\"og:type\" content=\"article\" \/>\n\t\t<meta property=\"og:title\" content=\"Tecno pop 4 pro Smartphone - Rucas - Wholesale and Distribution\" \/>\n\t\t<meta property=\"og:description\" content=\"16GB ROM + 1GB RAM 4G LTE 52&quot; Dot Notch Display 5000mAh battery 8MP + AI dual lens camera Slim and elegant style Fingerprint detector Unlocking by facial recognition Android \u2122 10 (Go edition)\" \/>\n\t\t<meta property=\"og:url\" content=\"https:\/\/www.rucashk.com\/pt\/produto\/tecno-pop-4-pro-smartphone\/\" \/>\n\t\t<meta property=\"og:image\" content=\"https:\/\/www.rucashk.com\/wp-content\/uploads\/replace\/503b8e645f128a97ccde2b6290747646.jpeg\" \/>\n\t\t<meta property=\"og:image:secure_url\" content=\"https:\/\/www.rucashk.com\/wp-content\/uploads\/replace\/503b8e645f128a97ccde2b6290747646.jpeg\" \/>\n\t\t<meta property=\"og:image:width\" content=\"1456\" \/>\n\t\t<meta property=\"og:image:height\" content=\"816\" \/>\n\t\t<meta property=\"article:published_time\" content=\"2024-01-09T16:20:33+00:00\" \/>\n\t\t<meta property=\"article:modified_time\" content=\"2024-01-23T09:57:38+00:00\" \/>\n\t\t<meta name=\"twitter:card\" content=\"summary_large_image\" \/>\n\t\t<meta name=\"twitter:title\" content=\"Tecno pop 4 pro Smartphone - Rucas - Wholesale and Distribution\" \/>\n\t\t<meta name=\"twitter:description\" content=\"16GB ROM + 1GB RAM 4G LTE 52&quot; Dot Notch Display 5000mAh battery 8MP + AI dual lens camera Slim and elegant style Fingerprint detector Unlocking by facial recognition Android \u2122 10 (Go edition)\" \/>\n\t\t<meta name=\"twitter:image\" content=\"https:\/\/www.rucashk.com\/wp-content\/uploads\/replace\/503b8e645f128a97ccde2b6290747646.jpeg\" \/>\n\t\t<script type=\"application\/ld+json\" class=\"aioseo-schema\">\n\t\t\t{\"@context\":\"https:\\\/\\\/schema.org\",\"@graph\":[{\"@type\":\"BreadcrumbList\",\"@id\":\"https:\\\/\\\/www.rucashk.com\\\/pt\\\/produto\\\/tecno-pop-4-pro-smartphone\\\/#breadcrumblist\",\"itemListElement\":[{\"@type\":\"ListItem\",\"@id\":\"https:\\\/\\\/www.rucashk.com\\\/pt\\\/#listItem\",\"position\":1,\"name\":\"Home\",\"item\":\"https:\\\/\\\/www.rucashk.com\\\/pt\\\/\",\"nextItem\":\"https:\\\/\\\/www.rucashk.com\\\/pt\\\/produto\\\/tecno-pop-4-pro-smartphone\\\/#listItem\"},{\"@type\":\"ListItem\",\"@id\":\"https:\\\/\\\/www.rucashk.com\\\/pt\\\/produto\\\/tecno-pop-4-pro-smartphone\\\/#listItem\",\"position\":2,\"name\":\"Tecno pop 4 pro Smartphone\",\"previousItem\":\"https:\\\/\\\/www.rucashk.com\\\/pt\\\/#listItem\"}]},{\"@type\":\"Organization\",\"@id\":\"https:\\\/\\\/www.rucashk.com\\\/pt\\\/#organization\",\"name\":\"Rucas\",\"url\":\"https:\\\/\\\/www.rucashk.com\\\/pt\\\/\",\"logo\":{\"@type\":\"ImageObject\",\"url\":\"https:\\\/\\\/www.rucashk.com\\\/wp-content\\\/uploads\\\/2023\\\/12\\\/Rucas_campany_logo.png\",\"@id\":\"https:\\\/\\\/www.rucashk.com\\\/pt\\\/produto\\\/tecno-pop-4-pro-smartphone\\\/#organizationLogo\",\"width\":221,\"height\":65},\"image\":{\"@id\":\"https:\\\/\\\/www.rucashk.com\\\/pt\\\/#organizationLogo\"}},{\"@type\":\"Person\",\"@id\":\"https:\\\/\\\/www.rucashk.com\\\/pt\\\/author\\\/admin\\\/#author\",\"url\":\"https:\\\/\\\/www.rucashk.com\\\/pt\\\/author\\\/admin\\\/\",\"name\":\"admin\",\"image\":{\"@type\":\"ImageObject\",\"@id\":\"https:\\\/\\\/www.rucashk.com\\\/pt\\\/produto\\\/tecno-pop-4-pro-smartphone\\\/#authorImage\",\"url\":\"https:\\\/\\\/secure.gravatar.com\\\/avatar\\\/b7c8925b09a27e72b30232f8ecaadbd5af0f70a38c78096863fe51b64f031c24?s=96&d=mm&r=g\",\"width\":96,\"height\":96,\"caption\":\"admin\"}},{\"@type\":\"WebPage\",\"@id\":\"https:\\\/\\\/www.rucashk.com\\\/pt\\\/produto\\\/tecno-pop-4-pro-smartphone\\\/#webpage\",\"url\":\"https:\\\/\\\/www.rucashk.com\\\/pt\\\/produto\\\/tecno-pop-4-pro-smartphone\\\/\",\"name\":\"Tecno pop 4 pro Smartphone - Rucas - Wholesale and Distribution\",\"description\":\"16GB ROM + 1GB RAM 4G LTE 52\\\" Dot Notch Display 5000mAh battery 8MP + AI dual lens camera Slim and elegant style Fingerprint detector Unlocking by facial recognition Android \\u2122 10 (Go edition)\",\"inLanguage\":\"pt-PT\",\"isPartOf\":{\"@id\":\"https:\\\/\\\/www.rucashk.com\\\/pt\\\/#website\"},\"breadcrumb\":{\"@id\":\"https:\\\/\\\/www.rucashk.com\\\/pt\\\/produto\\\/tecno-pop-4-pro-smartphone\\\/#breadcrumblist\"},\"author\":{\"@id\":\"https:\\\/\\\/www.rucashk.com\\\/pt\\\/author\\\/admin\\\/#author\"},\"creator\":{\"@id\":\"https:\\\/\\\/www.rucashk.com\\\/pt\\\/author\\\/admin\\\/#author\"},\"image\":{\"@type\":\"ImageObject\",\"url\":\"https:\\\/\\\/www.rucashk.com\\\/wp-content\\\/uploads\\\/2024\\\/01\\\/Tecno-pop-4-pro-Smartphone-2.jpg\",\"@id\":\"https:\\\/\\\/www.rucashk.com\\\/pt\\\/produto\\\/tecno-pop-4-pro-smartphone\\\/#mainImage\",\"width\":800,\"height\":800},\"primaryImageOfPage\":{\"@id\":\"https:\\\/\\\/www.rucashk.com\\\/pt\\\/produto\\\/tecno-pop-4-pro-smartphone\\\/#mainImage\"},\"datePublished\":\"2024-01-09T16:20:33+00:00\",\"dateModified\":\"2024-01-23T09:57:38+00:00\"},{\"@type\":\"WebSite\",\"@id\":\"https:\\\/\\\/www.rucashk.com\\\/pt\\\/#website\",\"url\":\"https:\\\/\\\/www.rucashk.com\\\/pt\\\/\",\"name\":\"Rucas - Wholesale and distribution worldwide\",\"alternateName\":\"Rucas - One-stop AIoT Distribution Worldwide\",\"description\":\"One-stop AIoT Distribution Worldwide\",\"inLanguage\":\"pt-PT\",\"publisher\":{\"@id\":\"https:\\\/\\\/www.rucashk.com\\\/pt\\\/#organization\"}}]}\n\t\t<\/script>\n\t\t<!-- All in One SEO Pro -->\r\n\t\t<title>Tecno pop 4 pro Smartphone - Rucas - Wholesale and Distribution<\/title>\n\n","aioseo_head_json":{"title":"Tecno pop 4 pro Smartphone - Rucas - Wholesale and Distribution","description":"16GB ROM + 1GB RAM 4G LTE 52\" Dot Notch Display 5000mAh battery 8MP + AI dual lens camera Slim and elegant style Fingerprint detector Unlocking by facial recognition Android \u2122 10 (Go edition)","canonical_url":"https:\/\/www.rucashk.com\/pt\/produto\/tecno-pop-4-pro-smartphone\/","robots":"max-image-preview:large","keywords":"","webmasterTools":{"miscellaneous":""},"og:locale":"pt_PT","og:site_name":"Rucas - One-stop AIoT Distribution Worldwide","og:type":"article","og:title":"Tecno pop 4 pro Smartphone - Rucas - Wholesale and Distribution","og:description":"16GB ROM + 1GB RAM 4G LTE 52&quot; Dot Notch Display 5000mAh battery 8MP + AI dual lens camera Slim and elegant style Fingerprint detector Unlocking by facial recognition Android \u2122 10 (Go edition)","og:url":"https:\/\/www.rucashk.com\/pt\/produto\/tecno-pop-4-pro-smartphone\/","og:image":"https:\/\/www.rucashk.com\/wp-content\/uploads\/replace\/503b8e645f128a97ccde2b6290747646.jpeg","og:image:secure_url":"https:\/\/www.rucashk.com\/wp-content\/uploads\/replace\/503b8e645f128a97ccde2b6290747646.jpeg","og:image:width":1456,"og:image:height":816,"article:published_time":"2024-01-09T16:20:33+00:00","article:modified_time":"2024-01-23T09:57:38+00:00","twitter:card":"summary_large_image","twitter:title":"Tecno pop 4 pro Smartphone - Rucas - Wholesale and Distribution","twitter:description":"16GB ROM + 1GB RAM 4G LTE 52&quot; Dot Notch Display 5000mAh battery 8MP + AI dual lens camera Slim and elegant style Fingerprint detector Unlocking by facial recognition Android \u2122 10 (Go edition)","twitter:image":"https:\/\/www.rucashk.com\/wp-content\/uploads\/replace\/503b8e645f128a97ccde2b6290747646.jpeg","schema":{"@context":"https:\/\/schema.org","@graph":[{"@type":"BreadcrumbList","@id":"https:\/\/www.rucashk.com\/pt\/produto\/tecno-pop-4-pro-smartphone\/#breadcrumblist","itemListElement":[{"@type":"ListItem","@id":"https:\/\/www.rucashk.com\/pt\/#listItem","position":1,"name":"Home","item":"https:\/\/www.rucashk.com\/pt\/","nextItem":"https:\/\/www.rucashk.com\/pt\/produto\/tecno-pop-4-pro-smartphone\/#listItem"},{"@type":"ListItem","@id":"https:\/\/www.rucashk.com\/pt\/produto\/tecno-pop-4-pro-smartphone\/#listItem","position":2,"name":"Tecno pop 4 pro Smartphone","previousItem":"https:\/\/www.rucashk.com\/pt\/#listItem"}]},{"@type":"Organization","@id":"https:\/\/www.rucashk.com\/pt\/#organization","name":"Rucas","url":"https:\/\/www.rucashk.com\/pt\/","logo":{"@type":"ImageObject","url":"https:\/\/www.rucashk.com\/wp-content\/uploads\/2023\/12\/Rucas_campany_logo.png","@id":"https:\/\/www.rucashk.com\/pt\/produto\/tecno-pop-4-pro-smartphone\/#organizationLogo","width":221,"height":65},"image":{"@id":"https:\/\/www.rucashk.com\/pt\/#organizationLogo"}},{"@type":"Person","@id":"https:\/\/www.rucashk.com\/pt\/author\/admin\/#author","url":"https:\/\/www.rucashk.com\/pt\/author\/admin\/","name":"admin","image":{"@type":"ImageObject","@id":"https:\/\/www.rucashk.com\/pt\/produto\/tecno-pop-4-pro-smartphone\/#authorImage","url":"https:\/\/secure.gravatar.com\/avatar\/b7c8925b09a27e72b30232f8ecaadbd5af0f70a38c78096863fe51b64f031c24?s=96&d=mm&r=g","width":96,"height":96,"caption":"admin"}},{"@type":"WebPage","@id":"https:\/\/www.rucashk.com\/pt\/produto\/tecno-pop-4-pro-smartphone\/#webpage","url":"https:\/\/www.rucashk.com\/pt\/produto\/tecno-pop-4-pro-smartphone\/","name":"Tecno pop 4 pro Smartphone - Rucas - Wholesale and Distribution","description":"16GB ROM + 1GB RAM 4G LTE 52\" Dot Notch Display 5000mAh battery 8MP + AI dual lens camera Slim and elegant style Fingerprint detector Unlocking by facial recognition Android \u2122 10 (Go edition)","inLanguage":"pt-PT","isPartOf":{"@id":"https:\/\/www.rucashk.com\/pt\/#website"},"breadcrumb":{"@id":"https:\/\/www.rucashk.com\/pt\/produto\/tecno-pop-4-pro-smartphone\/#breadcrumblist"},"author":{"@id":"https:\/\/www.rucashk.com\/pt\/author\/admin\/#author"},"creator":{"@id":"https:\/\/www.rucashk.com\/pt\/author\/admin\/#author"},"image":{"@type":"ImageObject","url":"https:\/\/www.rucashk.com\/wp-content\/uploads\/2024\/01\/Tecno-pop-4-pro-Smartphone-2.jpg","@id":"https:\/\/www.rucashk.com\/pt\/produto\/tecno-pop-4-pro-smartphone\/#mainImage","width":800,"height":800},"primaryImageOfPage":{"@id":"https:\/\/www.rucashk.com\/pt\/produto\/tecno-pop-4-pro-smartphone\/#mainImage"},"datePublished":"2024-01-09T16:20:33+00:00","dateModified":"2024-01-23T09:57:38+00:00"},{"@type":"WebSite","@id":"https:\/\/www.rucashk.com\/pt\/#website","url":"https:\/\/www.rucashk.com\/pt\/","name":"Rucas - Wholesale and distribution worldwide","alternateName":"Rucas - One-stop AIoT Distribution Worldwide","description":"One-stop AIoT Distribution Worldwide","inLanguage":"pt-PT","publisher":{"@id":"https:\/\/www.rucashk.com\/pt\/#organization"}}]}},"aioseo_meta_data":{"post_id":"25721","title":null,"description":null,"keywords":null,"keyphrases":null,"primary_term":null,"canonical_url":null,"og_title":null,"og_description":null,"og_object_type":"default","og_image_type":"default","og_image_url":null,"og_image_width":null,"og_image_height":null,"og_image_custom_url":null,"og_image_custom_fields":null,"og_video":null,"og_custom_url":null,"og_article_section":null,"og_article_tags":null,"twitter_use_og":false,"twitter_card":"default","twitter_image_type":"default","twitter_image_url":null,"twitter_image_custom_url":null,"twitter_image_custom_fields":null,"twitter_title":null,"twitter_description":null,"schema":{"blockGraphs":[],"customGraphs":[],"default":{"data":{"Article":[],"Course":[],"Dataset":[],"FAQPage":[],"Movie":[],"Person":[],"Product":[],"Recipe":[],"Service":[],"SoftwareApplication":[],"WebPage":[]},"graphName":"","isEnabled":true},"graphs":[]},"schema_type":"default","schema_type_options":null,"pillar_content":false,"robots_default":true,"robots_noindex":false,"robots_noarchive":false,"robots_nosnippet":false,"robots_nofollow":false,"robots_noimageindex":false,"robots_noodp":false,"robots_notranslate":false,"robots_max_snippet":null,"robots_max_videopreview":null,"robots_max_imagepreview":"large","priority":null,"frequency":null,"local_seo":null,"breadcrumb_settings":null,"limit_modified_date":false,"created":"2024-04-11 01:57:19","updated":"2025-06-22 18:00:03"},"aioseo_breadcrumb":"<div class=\"aioseo-breadcrumbs\"><span class=\"aioseo-breadcrumb\">\n\t<a href=\"https:\/\/www.rucashk.com\/pt\" title=\"Home\">Home<\/a>\n<\/span><span class=\"aioseo-breadcrumb-separator\">&raquo;<\/span><span class=\"aioseo-breadcrumb\">\n\t<a href=\"https:\/\/www.rucashk.com\/pt\/products\/\" title=\"Produtos\">Produtos<\/a>\n<\/span><span class=\"aioseo-breadcrumb-separator\">&raquo;<\/span><span class=\"aioseo-breadcrumb\">\n\t<a href=\"https:\/\/www.rucashk.com\/pt\/categoria-produto\/mobile-phone\/\" title=\"Mobile Phone\">Mobile Phone<\/a>\n<\/span><span class=\"aioseo-breadcrumb-separator\">&raquo;<\/span><span class=\"aioseo-breadcrumb\">\n\t<a href=\"https:\/\/www.rucashk.com\/pt\/categoria-produto\/mobile-phone\/tecno-mobile-phone\/\" title=\"Tecno\">Tecno<\/a>\n<\/span><span class=\"aioseo-breadcrumb-separator\">&raquo;<\/span><span class=\"aioseo-breadcrumb\">\n\tTecno pop 4 pro Smartphone\n<\/span><\/div>","aioseo_breadcrumb_json":[{"label":"Home","link":"https:\/\/www.rucashk.com\/pt"},{"label":"Produtos","link":"https:\/\/www.rucashk.com\/pt\/products\/"},{"label":"Mobile Phone","link":"https:\/\/www.rucashk.com\/pt\/categoria-produto\/mobile-phone\/"},{"label":"Tecno","link":"https:\/\/www.rucashk.com\/pt\/categoria-produto\/mobile-phone\/tecno-mobile-phone\/"},{"label":"Tecno pop 4 pro Smartphone","link":"https:\/\/www.rucashk.com\/pt\/produto\/tecno-pop-4-pro-smartphone\/"}],"_links":{"self":[{"href":"https:\/\/www.rucashk.com\/pt\/wp-json\/wp\/v2\/product\/25721","targetHints":{"allow":["GET"]}}],"collection":[{"href":"https:\/\/www.rucashk.com\/pt\/wp-json\/wp\/v2\/product"}],"about":[{"href":"https:\/\/www.rucashk.com\/pt\/wp-json\/wp\/v2\/types\/product"}],"wp:featuredmedia":[{"embeddable":true,"href":"https:\/\/www.rucashk.com\/pt\/wp-json\/wp\/v2\/media\/25844"}],"wp:attachment":[{"href":"https:\/\/www.rucashk.com\/pt\/wp-json\/wp\/v2\/media?parent=25721"}],"wp:term":[{"taxonomy":"product_brand","embeddable":true,"href":"https:\/\/www.rucashk.com\/pt\/wp-json\/wp\/v2\/product_brand?post=25721"},{"taxonomy":"product_cat","embeddable":true,"href":"https:\/\/www.rucashk.com\/pt\/wp-json\/wp\/v2\/product_cat?post=25721"},{"taxonomy":"product_tag","embeddable":true,"href":"https:\/\/www.rucashk.com\/pt\/wp-json\/wp\/v2\/product_tag?post=25721"}],"curies":[{"name":"wp","href":"https:\/\/api.w.org\/{rel}","templated":true}]}}