{"id":25690,"date":"2024-01-09T16:20:11","date_gmt":"2024-01-09T16:20:11","guid":{"rendered":"http:\/\/rucashk.com\/?post_type=product&#038;p=25690"},"modified":"2024-01-21T07:35:21","modified_gmt":"2024-01-21T07:35:21","slug":"mi-desktop-monitor-27-sku-bhr4975eu","status":"publish","type":"product","link":"https:\/\/www.rucashk.com\/pt\/produto\/mi-desktop-monitor-27-sku-bhr4975eu\/","title":{"rendered":"Monitor de mesa Mi 27 SKU BHR4975EU"},"content":{"rendered":"<div class=\"title\" style=\"text-align: center\">Monitor de mesa Mi 27\u2033<\/div>\n<p style=\"text-align: center\"><img fetchpriority=\"high\" decoding=\"async\" class=\"aligncenter\" src=\"https:\/\/www.rucashk.com\/wp-content\/uploads\/2021\/09\/1.jpg\" alt=\"Mi Desktop Monitor 27\" width=\"1040\" height=\"731\" \/><\/p>\n<p style=\"text-align: center\"><img decoding=\"async\" class=\"aligncenter\" src=\"https:\/\/www.rucashk.com\/wp-content\/uploads\/2021\/09\/2.jpg\" alt=\"Mi Desktop Monitor 27\" width=\"1040\" height=\"871\" \/><\/p>\n<p style=\"text-align: center\"><img decoding=\"async\" class=\"aligncenter\" src=\"https:\/\/www.rucashk.com\/wp-content\/uploads\/2021\/09\/3.jpg\" alt=\"Mi Desktop Monitor 27\" width=\"1040\" height=\"780\" \/><\/p>\n<p style=\"text-align: center\"><img loading=\"lazy\" decoding=\"async\" class=\"aligncenter\" src=\"https:\/\/www.rucashk.com\/wp-content\/uploads\/2021\/09\/4.jpg\" alt=\"Mi Desktop Monitor 27\" width=\"1040\" height=\"803\" \/><\/p>\n<p style=\"text-align: center\"><img loading=\"lazy\" decoding=\"async\" class=\"aligncenter\" src=\"https:\/\/www.rucashk.com\/wp-content\/uploads\/2021\/09\/5.jpg\" alt=\"Mi Desktop Monitor 27\" width=\"1040\" height=\"732\" \/><\/p>\n<p style=\"text-align: center\"><img loading=\"lazy\" decoding=\"async\" class=\"aligncenter\" src=\"https:\/\/www.rucashk.com\/wp-content\/uploads\/2021\/09\/6.jpg\" alt=\"Mi Desktop Monitor 27\" width=\"1040\" height=\"835\" \/><\/p>\n<div class=\"column reverse\" style=\"text-align: center\">\n<div class=\"onepart onetwo-w center\"><img loading=\"lazy\" decoding=\"async\" class=\"aligncenter\" src=\"https:\/\/www.rucashk.com\/wp-content\/uploads\/2021\/09\/7.jpg\" alt=\"Mi Desktop Monitor 27\" width=\"1040\" height=\"785\" \/><\/div>\n<\/div>\n<div class=\"column\" style=\"text-align: center\">\n<div class=\"onepart onetwo-w center\"><img loading=\"lazy\" decoding=\"async\" class=\"aligncenter\" src=\"https:\/\/www.rucashk.com\/wp-content\/uploads\/2021\/09\/8.jpg\" alt=\"Mi Desktop Monitor 27\" width=\"1040\" height=\"785\" \/><\/div>\n<\/div>\n<div class=\"column reverse\" style=\"text-align: center\">\n<div class=\"onepart onetwo-w center\"><img loading=\"lazy\" decoding=\"async\" class=\"aligncenter\" src=\"https:\/\/www.rucashk.com\/wp-content\/uploads\/2021\/09\/9.jpg\" alt=\"Mi Desktop Monitor 27\" width=\"1040\" height=\"785\" \/><\/div>\n<\/div>\n<div><\/div>\n<div style=\"text-align: center\">Rucas, distribuidor l\u00edder da Xiaomi em Hong Kong.<br \/>\nFocando no produto de acess\u00f3rios ecol\u00f3gicos de uma marca da China, como Amazfit, Haylou, Ninebot, Roborock, Dreame, Imilab, 70Mai, Deerma. Mantemos centenas de SKUs Xiaomi com estoque em dep\u00f3sitos em HK e Shenzhen de forma est\u00e1vel para um prazo de entrega mais r\u00e1pido.<\/div>","protected":false},"excerpt":{"rendered":"<ul>\n<li>Qualidade de imagem profissional: 1080P FHD e 100% sRGB<\/li>\n<li>Luz azul baixa: prote\u00e7\u00e3o para os olhos<\/li>\n<li>\u00c2ngulo de vis\u00e3o amplo de 178\u00b0: tela IPS<\/li>\n<li>Fronteiras muito estreitas em tr\u00eas lados: uma experi\u00eancia envolvente<\/li>\n<li>Leve e fino: apenas 7,5 mm na parte mais fina do corpo<\/li>\n<\/ul>","protected":false},"featured_media":25827,"template":"","meta":[],"product_brand":[],"product_cat":[1315,1305],"product_tag":[],"class_list":{"0":"post-25690","1":"product","2":"type-product","3":"status-publish","4":"has-post-thumbnail","6":"product_cat-tv-accessories","7":"product_cat-xiaomi-eco","9":"first","10":"instock","11":"shipping-taxable","12":"product-type-simple"},"aioseo_notices":[],"aioseo_head":"\n\t\t<!-- All in One SEO Pro 4.5.9.2 - aioseo.com -->\n\t\t<meta name=\"description\" content=\"Professional image quality: 1080P FHD and 100% sRGB Low blue light: eye protection 178\u00b0 wide viewing angle: IPS screen Very narrow borders on three sides: an immersive experience Lightweight and slim: only 7.5mm at the thinnest part of the body\" \/>\n\t\t<meta name=\"robots\" content=\"max-image-preview:large\" \/>\n\t\t<link rel=\"canonical\" href=\"https:\/\/www.rucashk.com\/pt\/produto\/mi-desktop-monitor-27-sku-bhr4975eu\/\" \/>\n\t\t<meta name=\"generator\" content=\"All in One SEO Pro (AIOSEO) 4.5.9.2\" \/>\n\t\t<meta property=\"og:locale\" content=\"pt_PT\" \/>\n\t\t<meta property=\"og:site_name\" content=\"Rucas - One-stop AIoT Distribution Worldwide\" \/>\n\t\t<meta property=\"og:type\" content=\"article\" \/>\n\t\t<meta property=\"og:title\" content=\"Mi Desktop Monitor 27 SKU BHR4975EU - Rucas - Wholesale and Distribution\" \/>\n\t\t<meta property=\"og:description\" content=\"Professional image quality: 1080P FHD and 100% sRGB Low blue light: eye protection 178\u00b0 wide viewing angle: IPS screen Very narrow borders on three sides: an immersive experience Lightweight and slim: only 7.5mm at the thinnest part of the body\" \/>\n\t\t<meta property=\"og:url\" content=\"https:\/\/www.rucashk.com\/pt\/produto\/mi-desktop-monitor-27-sku-bhr4975eu\/\" \/>\n\t\t<meta property=\"og:image\" content=\"https:\/\/www.rucashk.com\/wp-content\/uploads\/replace\/503b8e645f128a97ccde2b6290747646.jpeg\" \/>\n\t\t<meta property=\"og:image:secure_url\" content=\"https:\/\/www.rucashk.com\/wp-content\/uploads\/replace\/503b8e645f128a97ccde2b6290747646.jpeg\" \/>\n\t\t<meta property=\"og:image:width\" content=\"1456\" \/>\n\t\t<meta property=\"og:image:height\" content=\"816\" \/>\n\t\t<meta property=\"article:published_time\" content=\"2024-01-09T16:20:11+00:00\" \/>\n\t\t<meta property=\"article:modified_time\" content=\"2024-01-21T07:35:21+00:00\" \/>\n\t\t<meta name=\"twitter:card\" content=\"summary_large_image\" \/>\n\t\t<meta name=\"twitter:title\" content=\"Mi Desktop Monitor 27 SKU BHR4975EU - Rucas - Wholesale and Distribution\" \/>\n\t\t<meta name=\"twitter:description\" content=\"Professional image quality: 1080P FHD and 100% sRGB Low blue light: eye protection 178\u00b0 wide viewing angle: IPS screen Very narrow borders on three sides: an immersive experience Lightweight and slim: only 7.5mm at the thinnest part of the body\" \/>\n\t\t<meta name=\"twitter:image\" content=\"https:\/\/www.rucashk.com\/wp-content\/uploads\/replace\/503b8e645f128a97ccde2b6290747646.jpeg\" \/>\n\t\t<script type=\"application\/ld+json\" class=\"aioseo-schema\">\n\t\t\t{\"@context\":\"https:\\\/\\\/schema.org\",\"@graph\":[{\"@type\":\"BreadcrumbList\",\"@id\":\"https:\\\/\\\/www.rucashk.com\\\/pt\\\/produto\\\/mi-desktop-monitor-27-sku-bhr4975eu\\\/#breadcrumblist\",\"itemListElement\":[{\"@type\":\"ListItem\",\"@id\":\"https:\\\/\\\/www.rucashk.com\\\/pt\\\/#listItem\",\"position\":1,\"name\":\"Home\",\"item\":\"https:\\\/\\\/www.rucashk.com\\\/pt\\\/\",\"nextItem\":\"https:\\\/\\\/www.rucashk.com\\\/pt\\\/produto\\\/mi-desktop-monitor-27-sku-bhr4975eu\\\/#listItem\"},{\"@type\":\"ListItem\",\"@id\":\"https:\\\/\\\/www.rucashk.com\\\/pt\\\/produto\\\/mi-desktop-monitor-27-sku-bhr4975eu\\\/#listItem\",\"position\":2,\"name\":\"Mi Desktop Monitor 27 SKU BHR4975EU\",\"previousItem\":\"https:\\\/\\\/www.rucashk.com\\\/pt\\\/#listItem\"}]},{\"@type\":\"Organization\",\"@id\":\"https:\\\/\\\/www.rucashk.com\\\/pt\\\/#organization\",\"name\":\"Rucas\",\"url\":\"https:\\\/\\\/www.rucashk.com\\\/pt\\\/\",\"logo\":{\"@type\":\"ImageObject\",\"url\":\"https:\\\/\\\/www.rucashk.com\\\/wp-content\\\/uploads\\\/2023\\\/12\\\/Rucas_campany_logo.png\",\"@id\":\"https:\\\/\\\/www.rucashk.com\\\/pt\\\/produto\\\/mi-desktop-monitor-27-sku-bhr4975eu\\\/#organizationLogo\",\"width\":221,\"height\":65},\"image\":{\"@id\":\"https:\\\/\\\/www.rucashk.com\\\/pt\\\/#organizationLogo\"}},{\"@type\":\"Person\",\"@id\":\"https:\\\/\\\/www.rucashk.com\\\/pt\\\/author\\\/admin\\\/#author\",\"url\":\"https:\\\/\\\/www.rucashk.com\\\/pt\\\/author\\\/admin\\\/\",\"name\":\"admin\",\"image\":{\"@type\":\"ImageObject\",\"@id\":\"https:\\\/\\\/www.rucashk.com\\\/pt\\\/produto\\\/mi-desktop-monitor-27-sku-bhr4975eu\\\/#authorImage\",\"url\":\"https:\\\/\\\/secure.gravatar.com\\\/avatar\\\/b7c8925b09a27e72b30232f8ecaadbd5af0f70a38c78096863fe51b64f031c24?s=96&d=mm&r=g\",\"width\":96,\"height\":96,\"caption\":\"admin\"}},{\"@type\":\"WebPage\",\"@id\":\"https:\\\/\\\/www.rucashk.com\\\/pt\\\/produto\\\/mi-desktop-monitor-27-sku-bhr4975eu\\\/#webpage\",\"url\":\"https:\\\/\\\/www.rucashk.com\\\/pt\\\/produto\\\/mi-desktop-monitor-27-sku-bhr4975eu\\\/\",\"name\":\"Mi Desktop Monitor 27 SKU BHR4975EU - Rucas - Wholesale and Distribution\",\"description\":\"Professional image quality: 1080P FHD and 100% sRGB Low blue light: eye protection 178\\u00b0 wide viewing angle: IPS screen Very narrow borders on three sides: an immersive experience Lightweight and slim: only 7.5mm at the thinnest part of the body\",\"inLanguage\":\"pt-PT\",\"isPartOf\":{\"@id\":\"https:\\\/\\\/www.rucashk.com\\\/pt\\\/#website\"},\"breadcrumb\":{\"@id\":\"https:\\\/\\\/www.rucashk.com\\\/pt\\\/produto\\\/mi-desktop-monitor-27-sku-bhr4975eu\\\/#breadcrumblist\"},\"author\":{\"@id\":\"https:\\\/\\\/www.rucashk.com\\\/pt\\\/author\\\/admin\\\/#author\"},\"creator\":{\"@id\":\"https:\\\/\\\/www.rucashk.com\\\/pt\\\/author\\\/admin\\\/#author\"},\"image\":{\"@type\":\"ImageObject\",\"url\":\"https:\\\/\\\/www.rucashk.com\\\/wp-content\\\/uploads\\\/2024\\\/01\\\/Mi-Desktop-Monitor-27.jpg\",\"@id\":\"https:\\\/\\\/www.rucashk.com\\\/pt\\\/produto\\\/mi-desktop-monitor-27-sku-bhr4975eu\\\/#mainImage\",\"width\":800,\"height\":800},\"primaryImageOfPage\":{\"@id\":\"https:\\\/\\\/www.rucashk.com\\\/pt\\\/produto\\\/mi-desktop-monitor-27-sku-bhr4975eu\\\/#mainImage\"},\"datePublished\":\"2024-01-09T16:20:11+00:00\",\"dateModified\":\"2024-01-21T07:35:21+00:00\"},{\"@type\":\"WebSite\",\"@id\":\"https:\\\/\\\/www.rucashk.com\\\/pt\\\/#website\",\"url\":\"https:\\\/\\\/www.rucashk.com\\\/pt\\\/\",\"name\":\"Rucas - Wholesale and distribution worldwide\",\"alternateName\":\"Rucas - One-stop AIoT Distribution Worldwide\",\"description\":\"One-stop AIoT Distribution Worldwide\",\"inLanguage\":\"pt-PT\",\"publisher\":{\"@id\":\"https:\\\/\\\/www.rucashk.com\\\/pt\\\/#organization\"}}]}\n\t\t<\/script>\n\t\t<!-- All in One SEO Pro -->\r\n\t\t<title>Mi Desktop Monitor 27 SKU BHR4975EU - Rucas - Wholesale and Distribution<\/title>\n\n","aioseo_head_json":{"title":"Mi Desktop Monitor 27 SKU BHR4975EU - Rucas - Wholesale and Distribution","description":"Professional image quality: 1080P FHD and 100% sRGB Low blue light: eye protection 178\u00b0 wide viewing angle: IPS screen Very narrow borders on three sides: an immersive experience Lightweight and slim: only 7.5mm at the thinnest part of the body","canonical_url":"https:\/\/www.rucashk.com\/pt\/produto\/mi-desktop-monitor-27-sku-bhr4975eu\/","robots":"max-image-preview:large","keywords":"","webmasterTools":{"miscellaneous":""},"og:locale":"pt_PT","og:site_name":"Rucas - One-stop AIoT Distribution Worldwide","og:type":"article","og:title":"Mi Desktop Monitor 27 SKU BHR4975EU - Rucas - Wholesale and Distribution","og:description":"Professional image quality: 1080P FHD and 100% sRGB Low blue light: eye protection 178\u00b0 wide viewing angle: IPS screen Very narrow borders on three sides: an immersive experience Lightweight and slim: only 7.5mm at the thinnest part of the body","og:url":"https:\/\/www.rucashk.com\/pt\/produto\/mi-desktop-monitor-27-sku-bhr4975eu\/","og:image":"https:\/\/www.rucashk.com\/wp-content\/uploads\/replace\/503b8e645f128a97ccde2b6290747646.jpeg","og:image:secure_url":"https:\/\/www.rucashk.com\/wp-content\/uploads\/replace\/503b8e645f128a97ccde2b6290747646.jpeg","og:image:width":1456,"og:image:height":816,"article:published_time":"2024-01-09T16:20:11+00:00","article:modified_time":"2024-01-21T07:35:21+00:00","twitter:card":"summary_large_image","twitter:title":"Mi Desktop Monitor 27 SKU BHR4975EU - Rucas - Wholesale and Distribution","twitter:description":"Professional image quality: 1080P FHD and 100% sRGB Low blue light: eye protection 178\u00b0 wide viewing angle: IPS screen Very narrow borders on three sides: an immersive experience Lightweight and slim: only 7.5mm at the thinnest part of the body","twitter:image":"https:\/\/www.rucashk.com\/wp-content\/uploads\/replace\/503b8e645f128a97ccde2b6290747646.jpeg","schema":{"@context":"https:\/\/schema.org","@graph":[{"@type":"BreadcrumbList","@id":"https:\/\/www.rucashk.com\/pt\/produto\/mi-desktop-monitor-27-sku-bhr4975eu\/#breadcrumblist","itemListElement":[{"@type":"ListItem","@id":"https:\/\/www.rucashk.com\/pt\/#listItem","position":1,"name":"Home","item":"https:\/\/www.rucashk.com\/pt\/","nextItem":"https:\/\/www.rucashk.com\/pt\/produto\/mi-desktop-monitor-27-sku-bhr4975eu\/#listItem"},{"@type":"ListItem","@id":"https:\/\/www.rucashk.com\/pt\/produto\/mi-desktop-monitor-27-sku-bhr4975eu\/#listItem","position":2,"name":"Mi Desktop Monitor 27 SKU BHR4975EU","previousItem":"https:\/\/www.rucashk.com\/pt\/#listItem"}]},{"@type":"Organization","@id":"https:\/\/www.rucashk.com\/pt\/#organization","name":"Rucas","url":"https:\/\/www.rucashk.com\/pt\/","logo":{"@type":"ImageObject","url":"https:\/\/www.rucashk.com\/wp-content\/uploads\/2023\/12\/Rucas_campany_logo.png","@id":"https:\/\/www.rucashk.com\/pt\/produto\/mi-desktop-monitor-27-sku-bhr4975eu\/#organizationLogo","width":221,"height":65},"image":{"@id":"https:\/\/www.rucashk.com\/pt\/#organizationLogo"}},{"@type":"Person","@id":"https:\/\/www.rucashk.com\/pt\/author\/admin\/#author","url":"https:\/\/www.rucashk.com\/pt\/author\/admin\/","name":"admin","image":{"@type":"ImageObject","@id":"https:\/\/www.rucashk.com\/pt\/produto\/mi-desktop-monitor-27-sku-bhr4975eu\/#authorImage","url":"https:\/\/secure.gravatar.com\/avatar\/b7c8925b09a27e72b30232f8ecaadbd5af0f70a38c78096863fe51b64f031c24?s=96&d=mm&r=g","width":96,"height":96,"caption":"admin"}},{"@type":"WebPage","@id":"https:\/\/www.rucashk.com\/pt\/produto\/mi-desktop-monitor-27-sku-bhr4975eu\/#webpage","url":"https:\/\/www.rucashk.com\/pt\/produto\/mi-desktop-monitor-27-sku-bhr4975eu\/","name":"Mi Desktop Monitor 27 SKU BHR4975EU - Rucas - Wholesale and Distribution","description":"Professional image quality: 1080P FHD and 100% sRGB Low blue light: eye protection 178\u00b0 wide viewing angle: IPS screen Very narrow borders on three sides: an immersive experience Lightweight and slim: only 7.5mm at the thinnest part of the body","inLanguage":"pt-PT","isPartOf":{"@id":"https:\/\/www.rucashk.com\/pt\/#website"},"breadcrumb":{"@id":"https:\/\/www.rucashk.com\/pt\/produto\/mi-desktop-monitor-27-sku-bhr4975eu\/#breadcrumblist"},"author":{"@id":"https:\/\/www.rucashk.com\/pt\/author\/admin\/#author"},"creator":{"@id":"https:\/\/www.rucashk.com\/pt\/author\/admin\/#author"},"image":{"@type":"ImageObject","url":"https:\/\/www.rucashk.com\/wp-content\/uploads\/2024\/01\/Mi-Desktop-Monitor-27.jpg","@id":"https:\/\/www.rucashk.com\/pt\/produto\/mi-desktop-monitor-27-sku-bhr4975eu\/#mainImage","width":800,"height":800},"primaryImageOfPage":{"@id":"https:\/\/www.rucashk.com\/pt\/produto\/mi-desktop-monitor-27-sku-bhr4975eu\/#mainImage"},"datePublished":"2024-01-09T16:20:11+00:00","dateModified":"2024-01-21T07:35:21+00:00"},{"@type":"WebSite","@id":"https:\/\/www.rucashk.com\/pt\/#website","url":"https:\/\/www.rucashk.com\/pt\/","name":"Rucas - Wholesale and distribution worldwide","alternateName":"Rucas - One-stop AIoT Distribution Worldwide","description":"One-stop AIoT Distribution Worldwide","inLanguage":"pt-PT","publisher":{"@id":"https:\/\/www.rucashk.com\/pt\/#organization"}}]}},"aioseo_meta_data":{"post_id":"25690","title":null,"description":null,"keywords":null,"keyphrases":null,"primary_term":null,"canonical_url":null,"og_title":null,"og_description":null,"og_object_type":"default","og_image_type":"default","og_image_url":null,"og_image_width":null,"og_image_height":null,"og_image_custom_url":null,"og_image_custom_fields":null,"og_video":null,"og_custom_url":null,"og_article_section":null,"og_article_tags":null,"twitter_use_og":false,"twitter_card":"default","twitter_image_type":"default","twitter_image_url":null,"twitter_image_custom_url":null,"twitter_image_custom_fields":null,"twitter_title":null,"twitter_description":null,"schema":{"blockGraphs":[],"customGraphs":[],"default":{"data":{"Article":[],"Course":[],"Dataset":[],"FAQPage":[],"Movie":[],"Person":[],"Product":[],"Recipe":[],"Service":[],"SoftwareApplication":[],"WebPage":[]},"graphName":"","isEnabled":true},"graphs":[]},"schema_type":"default","schema_type_options":null,"pillar_content":false,"robots_default":true,"robots_noindex":false,"robots_noarchive":false,"robots_nosnippet":false,"robots_nofollow":false,"robots_noimageindex":false,"robots_noodp":false,"robots_notranslate":false,"robots_max_snippet":null,"robots_max_videopreview":null,"robots_max_imagepreview":"large","priority":null,"frequency":null,"local_seo":null,"breadcrumb_settings":null,"limit_modified_date":false,"created":"2024-04-11 01:57:19","updated":"2025-06-22 18:00:01"},"aioseo_breadcrumb":"<div class=\"aioseo-breadcrumbs\"><span class=\"aioseo-breadcrumb\">\n\t<a href=\"https:\/\/www.rucashk.com\/pt\" title=\"Home\">Home<\/a>\n<\/span><span class=\"aioseo-breadcrumb-separator\">&raquo;<\/span><span class=\"aioseo-breadcrumb\">\n\t<a href=\"https:\/\/www.rucashk.com\/pt\/products\/\" title=\"Produtos\">Produtos<\/a>\n<\/span><span class=\"aioseo-breadcrumb-separator\">&raquo;<\/span><span class=\"aioseo-breadcrumb\">\n\t<a href=\"https:\/\/www.rucashk.com\/pt\/categoria-produto\/xiaomi-eco\/\" title=\"Xiaomi Eco\">Xiaomi Eco<\/a>\n<\/span><span class=\"aioseo-breadcrumb-separator\">&raquo;<\/span><span class=\"aioseo-breadcrumb\">\n\t<a href=\"https:\/\/www.rucashk.com\/pt\/categoria-produto\/xiaomi-eco\/tv-accessories\/\" title=\"TV Accessories\">TV Accessories<\/a>\n<\/span><span class=\"aioseo-breadcrumb-separator\">&raquo;<\/span><span class=\"aioseo-breadcrumb\">\n\tMi Desktop Monitor 27 SKU BHR4975EU\n<\/span><\/div>","aioseo_breadcrumb_json":[{"label":"Home","link":"https:\/\/www.rucashk.com\/pt"},{"label":"Produtos","link":"https:\/\/www.rucashk.com\/pt\/products\/"},{"label":"Xiaomi Eco","link":"https:\/\/www.rucashk.com\/pt\/categoria-produto\/xiaomi-eco\/"},{"label":"TV Accessories","link":"https:\/\/www.rucashk.com\/pt\/categoria-produto\/xiaomi-eco\/tv-accessories\/"},{"label":"Mi Desktop Monitor 27 SKU BHR4975EU","link":"https:\/\/www.rucashk.com\/pt\/produto\/mi-desktop-monitor-27-sku-bhr4975eu\/"}],"_links":{"self":[{"href":"https:\/\/www.rucashk.com\/pt\/wp-json\/wp\/v2\/product\/25690","targetHints":{"allow":["GET"]}}],"collection":[{"href":"https:\/\/www.rucashk.com\/pt\/wp-json\/wp\/v2\/product"}],"about":[{"href":"https:\/\/www.rucashk.com\/pt\/wp-json\/wp\/v2\/types\/product"}],"wp:featuredmedia":[{"embeddable":true,"href":"https:\/\/www.rucashk.com\/pt\/wp-json\/wp\/v2\/media\/25827"}],"wp:attachment":[{"href":"https:\/\/www.rucashk.com\/pt\/wp-json\/wp\/v2\/media?parent=25690"}],"wp:term":[{"taxonomy":"product_brand","embeddable":true,"href":"https:\/\/www.rucashk.com\/pt\/wp-json\/wp\/v2\/product_brand?post=25690"},{"taxonomy":"product_cat","embeddable":true,"href":"https:\/\/www.rucashk.com\/pt\/wp-json\/wp\/v2\/product_cat?post=25690"},{"taxonomy":"product_tag","embeddable":true,"href":"https:\/\/www.rucashk.com\/pt\/wp-json\/wp\/v2\/product_tag?post=25690"}],"curies":[{"name":"wp","href":"https:\/\/api.w.org\/{rel}","templated":true}]}}