{"id":25687,"date":"2024-01-09T16:20:10","date_gmt":"2024-01-09T16:20:10","guid":{"rendered":"http:\/\/rucashk.com\/?post_type=product&#038;p=25687"},"modified":"2024-01-21T08:21:05","modified_gmt":"2024-01-21T08:21:05","slug":"imilab-c21-smart-security-camera","status":"publish","type":"product","link":"https:\/\/www.rucashk.com\/pt\/produto\/imilab-c21-smart-security-camera\/","title":{"rendered":"C\u00e2mera de seguran\u00e7a inteligente IMILAB C21"},"content":{"rendered":"<div class=\"detailmodule_html\">\n<div class=\"detail-desc-decorate-richtext\">\n<div class=\"detailmodule_html\">\n<div class=\"detail-desc-decorate-richtext\">\n<div class=\"detailmodule_html\">\n<div class=\"detail-desc-decorate-richtext\">\n<p style=\"text-align: center\"><strong data-spm-anchor-id=\"a2g0o.detail.1000023.i2.787a3e6a5bA7IE\">C\u00e2mera de seguran\u00e7a inteligente IMILAB C21<\/strong><\/p>\n<p style=\"text-align: center\"><strong>2,5k cristalino | Vis\u00e3o noturna \u00e0 luz das estrelas | Lente de abertura F2.0<br \/>\nDetec\u00e7\u00e3o e rastreamento de Huamn | Clound e armazenamento local | Trabalhe com o assistente inteligente<\/strong><\/p>\n<\/div>\n<\/div>\n<\/div>\n<\/div>\n<\/div>\n<\/div>\n<div class=\"detailmodule_html\">\n<div class=\"detail-desc-decorate-richtext\">\n<p style=\"text-align: center\"><img fetchpriority=\"high\" decoding=\"async\" class=\"aligncenter\" src=\"https:\/\/www.rucashk.com\/wp-content\/uploads\/2021\/09\/H047406113ca44a51a9cba637f0bbfb52K.jpg\" alt=\"IMILAB C21 Smart Security Camera\" width=\"950\" height=\"733\" \/><\/p>\n<p style=\"text-align: center\"><strong>2,5K cristalino<\/strong><br \/>\n<strong>Aumente a qualidade da sua filmagem com o IMILAB C21.<\/strong><\/p>\n<p style=\"text-align: center\"><strong>Veja sua transmiss\u00e3o ao vivo com qualidade de imagem super n\u00edtida de 2,5K (2560\u00d71440).<\/strong><\/p>\n<p style=\"text-align: center\"><img decoding=\"async\" class=\"aligncenter\" src=\"https:\/\/www.rucashk.com\/wp-content\/uploads\/2021\/09\/Hf079ee8dcf254335b067ffaf8de5350fS.jpg\" alt=\"IMILAB C21 Smart Security Camera\" width=\"950\" height=\"592\" \/><\/p>\n<p style=\"text-align: center\"><strong>Vis\u00e3o noturna \u00e0 luz das estrelas<\/strong><br \/>\n<strong>Com a lente de abertura ultra grande F2.0, a C21 pode produzir imagens n\u00edtidas e n\u00edtidas, mesmo em circunst\u00e2ncias de pouca luz.<\/strong><\/p>\n<p style=\"text-align: center\"><img decoding=\"async\" class=\"aligncenter\" src=\"https:\/\/www.rucashk.com\/wp-content\/uploads\/2021\/09\/H1dc22a79dc094b7582cf3d732d31ab0eL.jpg\" alt=\"IMILAB C21 Smart Security Camera\" width=\"950\" height=\"738\" \/><\/p>\n<p style=\"text-align: center\"><strong>Detec\u00e7\u00e3o e rastreamento de Huaman<\/strong><br \/>\n<strong>O C21 re\u00fane recursos avan\u00e7ados de intelig\u00eancia artificial em um pacote pequeno. Ele reconhece automaticamente os movimentos de todos em sua zona de cobertura e gera muito menos alarmes falsos do que seus sistemas de captura.<\/strong><\/p>\n<p style=\"text-align: center\"><img loading=\"lazy\" decoding=\"async\" class=\"aligncenter\" src=\"https:\/\/www.rucashk.com\/wp-content\/uploads\/2021\/09\/H06e85bcc33a343cb892ca158428d515aI.jpg\" alt=\"IMILAB C21 Smart Security Camera\" width=\"950\" height=\"847\" \/><\/p>\n<p style=\"text-align: center\"><strong>Nunca perca um m\u00eas<\/strong><\/p>\n<div class=\"detailmodule_html\" style=\"text-align: center\">\n<div class=\"detail-desc-decorate-richtext\">\n<div class=\"detailmodule_html\">\n<div class=\"detail-desc-decorate-richtext\">\n<div class=\"detailmodule_html\">\n<div class=\"detail-desc-decorate-richtext\">\n<p><strong>Basta tocar no Imilab Home APP para mergulhar em v\u00eddeos de alta resolu\u00e7\u00e3o em tempo real de suas c\u00e2meras.<\/strong><\/p>\n<\/div>\n<\/div>\n<\/div>\n<\/div>\n<\/div>\n<\/div>\n<p style=\"text-align: center\"><img loading=\"lazy\" decoding=\"async\" class=\"aligncenter\" src=\"https:\/\/www.rucashk.com\/wp-content\/uploads\/2021\/09\/H583e2e5489004a69981036d8a42d221ac.jpg\" alt=\"IMILAB C21 Smart Security Camera\" width=\"950\" height=\"671\" \/><\/p>\n<p style=\"text-align: center\"><strong>Cruzeiro Autom\u00e1tico 360<\/strong><\/p>\n<div class=\"detailmodule_html\" style=\"text-align: center\">\n<div class=\"detail-desc-decorate-richtext\">\n<div class=\"detailmodule_html\">\n<div class=\"detail-desc-decorate-richtext\">\n<div class=\"detailmodule_html\">\n<div class=\"detail-desc-decorate-richtext\">\n<p><strong>Ostentando um modo de cruzeiro de ponto fixo integrado, o vers\u00e1til C21 oferece aos usu\u00e1rios tempos de cruzeiro personalizados e cobertura de ciclo. O C21 inclui uma posi\u00e7\u00e3o predefinida de 2 a 10 e controle de cruzeiro regional autom\u00e1tico.<\/strong><\/p>\n<\/div>\n<\/div>\n<\/div>\n<\/div>\n<\/div>\n<\/div>\n<p style=\"text-align: center\"><img loading=\"lazy\" decoding=\"async\" class=\"aligncenter\" src=\"https:\/\/www.rucashk.com\/wp-content\/uploads\/2021\/09\/Ha5e7a1ef269640d1b7f00b5c9cc39eb4C.jpg\" alt=\"IMILAB C21 Smart Security Camera\" width=\"950\" height=\"798\" \/><\/p>\n<p style=\"text-align: center\"><strong>Tempo real bidirecional<\/strong><\/p>\n<div class=\"detailmodule_html\" style=\"text-align: center\">\n<div class=\"detail-desc-decorate-richtext\">\n<div class=\"detailmodule_html\">\n<div class=\"detail-desc-decorate-richtext\">\n<div class=\"detailmodule_html\">\n<div class=\"detail-desc-decorate-richtext\">\n<p><strong>Apenas um toque simole.Quando voc\u00ea estiver longe de casa e quiser conversar com seus entes queridos ou animais de estima\u00e7\u00e3o, nossa c\u00e2mera oferece chamadas de reboque - basta pressionar o bot\u00e3o no aplicativo dom\u00e9stico imilab.<\/strong><\/p>\n<\/div>\n<\/div>\n<\/div>\n<\/div>\n<\/div>\n<\/div>\n<div style=\"text-align: center\"><\/div>\n<p style=\"text-align: center\"><img loading=\"lazy\" decoding=\"async\" class=\"aligncenter\" src=\"https:\/\/www.rucashk.com\/wp-content\/uploads\/2021\/09\/H78d4b2d66ee74055888d877fdf97b04aQ.jpg\" alt=\"IMILAB C21 Smart Security Camera\" width=\"950\" height=\"812\" \/><\/p>\n<p style=\"text-align: center\"><strong>Detec\u00e7\u00e3o de som<\/strong><\/p>\n<div class=\"detailmodule_html\" style=\"text-align: center\">\n<div class=\"detail-desc-decorate-richtext\">\n<div class=\"detailmodule_html\">\n<div class=\"detail-desc-decorate-richtext\">\n<div class=\"detailmodule_html\">\n<div class=\"detail-desc-decorate-richtext\">\n<p><strong>Quando houver um som estranho, como uma batida, quebra ou uma crian\u00e7a chorando, a c\u00e2mera ir\u00e1 detect\u00e1-lo e envi\u00e1-lo para o seu celular para garantir a seguran\u00e7a do seu filho.<\/strong><\/p>\n<\/div>\n<\/div>\n<\/div>\n<\/div>\n<\/div>\n<\/div>\n<div style=\"text-align: center\"><\/div>\n<p style=\"text-align: center\"><img loading=\"lazy\" decoding=\"async\" class=\"aligncenter\" src=\"https:\/\/www.rucashk.com\/wp-content\/uploads\/2021\/09\/Hb28494110f2c490ea80d9dec64e00ab02.jpg\" alt=\"IMILAB C21 Smart Security Camera\" width=\"950\" height=\"799\" \/><\/p>\n<p style=\"text-align: center\"><strong>Nuvem e armazenamento local<\/strong><br \/>\n<strong>Suporta armazenamentos Micro TF locais (m\u00e1ximo 64G), armazenamento gratuito de imagens de alarme de 3 dias na nuvem.<br \/>\nProteja seus v\u00eddeos na nuvem. Assine o IMILAB Smart Plan para acessar todo o movimento. Nunca perca coisas que importam.<\/strong><\/p>\n<p style=\"text-align: center\"><img loading=\"lazy\" decoding=\"async\" class=\"aligncenter\" src=\"https:\/\/www.rucashk.com\/wp-content\/uploads\/2021\/09\/H9690f6d26e31401aa30128f7afd23de9d.jpg\" alt=\"IMILAB C21 Smart Security Camera\" width=\"950\" height=\"688\" \/><\/p>\n<p style=\"text-align: center\"><strong>Trabalhe com o assistente inteligente<\/strong><br \/>\n<strong>Controle de voz? Coisa certa! O C21 foi projetado para funcionar perfeitamente com a linha de produtos inteligentes Alexa da Amazon. Agora voc\u00ea pode usar sua voz para monitorar seu ber\u00e7\u00e1rio ou quarto de crian\u00e7a. J\u00e1 ouviu um som estranho \u00e0 noite? Agora voc\u00ea pode determinar de onde veio um som misterioso com extrema precis\u00e3o.<\/strong><\/p>\n<p style=\"text-align: center\"><img loading=\"lazy\" decoding=\"async\" class=\"aligncenter\" src=\"https:\/\/www.rucashk.com\/wp-content\/uploads\/2021\/09\/H1b8a33be843044458547c7ef3b625ee0s.jpg\" alt=\"IMILAB C21 Smart Security Camera\" width=\"950\" height=\"824\" \/><\/p>\n<p style=\"text-align: center\"><strong>Controle tudo com o APP gratuito Imilab Home<\/strong><br \/>\n<strong>Fa\u00e7a check-in em qualquer lugar ou receba e responda a alertas inteligentes de forma instant\u00e2nea e f\u00e1cil com o Imilab Home<br \/>\nAplicativo. Obtendo uma prote\u00e7\u00e3o dom\u00e9stica abrangente para suas impress\u00f5es digitais.<\/strong><\/p>\n<p style=\"text-align: center\"><img loading=\"lazy\" decoding=\"async\" class=\"aligncenter\" src=\"https:\/\/www.rucashk.com\/wp-content\/uploads\/2021\/09\/Hbe0765a9008548329764ac9cb71aef476.jpg\" alt=\"IMILAB C21 Smart Security Camera\" width=\"950\" height=\"1063\" \/><\/p>\n<p style=\"text-align: center\"><strong>O que h\u00e1 na caixa?<\/strong><\/p>\n<div style=\"text-align: center\" align=\"left\"><strong>1, c\u00e2mera IMILAB C21 2.5k * 1<br \/>\n2, cabo * 1<br \/>\n3, pacote de instala\u00e7\u00e3o * 1<br \/>\n4,manual*1<br \/>\n5,adaporte * 1<\/strong><\/div>\n<div align=\"left\"><img loading=\"lazy\" decoding=\"async\" class=\"aligncenter\" src=\"https:\/\/www.rucashk.com\/wp-content\/uploads\/2021\/09\/H8ef207544ea841a294f73b7ee0b61c329.jpg\" alt=\"IMILAB C21 Smart Security Camera\" width=\"950\" height=\"923\" \/><\/div>\n<div style=\"text-align: center\" align=\"left\">Rucas, distribuidor l\u00edder da Xiaomi em Hong Kong.<br \/>\nFocando no produto de acess\u00f3rios ecol\u00f3gicos de uma marca da China, como Amazfit, Haylou, Ninebot, Roborock, Dreame, Imilab, 70Mai, Deerma. Mantemos centenas de SKUs Xiaomi com estoque em dep\u00f3sitos em HK e Shenzhen de forma est\u00e1vel para um prazo de entrega mais r\u00e1pido.<\/div>\n<\/div>\n<\/div>","protected":false},"excerpt":{"rendered":"<p><strong>Principais caracter\u00edsticas:<\/strong><\/p>\n<ul>\n<li>Campo de vis\u00e3o de -360\u00b0 em 2,5K HD<\/li>\n<li>-Detec\u00e7\u00e3o humana e conversa bidirecional<\/li>\n<li>-Lente de abertura F2.0<\/li>\n<li>-Nuvem e armazenamento local<\/li>\n<li>-Vis\u00e3o noturna \u00e0 luz das estrelas<\/li>\n<li>-O reconhecimento human\u00f3ide de IA local \u00e9 mais preciso<\/li>\n<li>-Grava\u00e7\u00e3o oportuna de intrus\u00e3o<\/li>\n<li>-Tecnologia de codifica\u00e7\u00e3o H.265<\/li>\n<li>-Detec\u00e7\u00e3o de som anormal, alarme ativo<\/li>\n<li>-M\u00faltiplos m\u00e9todos de instala\u00e7\u00e3o<\/li>\n<li>-Controle de APP dom\u00e9stico Imilab<\/li>\n<\/ul>","protected":false},"featured_media":25816,"template":"","meta":[],"product_brand":[],"product_cat":[1317,1305],"product_tag":[],"class_list":{"0":"post-25687","1":"product","2":"type-product","3":"status-publish","4":"has-post-thumbnail","6":"product_cat-imilab-camera","7":"product_cat-xiaomi-eco","9":"first","10":"instock","11":"shipping-taxable","12":"product-type-simple"},"aioseo_notices":[],"aioseo_head":"\n\t\t<!-- All in One SEO Pro 4.5.9.2 - aioseo.com -->\n\t\t<meta name=\"description\" content=\"Main Features: -360\u00b0 Field of View in 2.5K HD -Human Detection &amp; Two-way conversation -F2.0 Aperture Lens -Cloud &amp; Local Storage -Starlight night vision -Local AI humanoid recognition is more accurate -Intrusion timely recording -H.265 encoding technology -Abnormal sound detection, active alarm -Multiple installation methods -Imilab Home APP Control\" \/>\n\t\t<meta name=\"robots\" content=\"max-image-preview:large\" \/>\n\t\t<link rel=\"canonical\" href=\"https:\/\/www.rucashk.com\/pt\/produto\/imilab-c21-smart-security-camera\/\" \/>\n\t\t<meta name=\"generator\" content=\"All in One SEO Pro (AIOSEO) 4.5.9.2\" \/>\n\t\t<meta property=\"og:locale\" content=\"pt_PT\" \/>\n\t\t<meta property=\"og:site_name\" content=\"Rucas - One-stop AIoT Distribution Worldwide\" \/>\n\t\t<meta property=\"og:type\" content=\"article\" \/>\n\t\t<meta property=\"og:title\" content=\"IMILAB C21 Smart Security Camera - Rucas - Wholesale and Distribution\" \/>\n\t\t<meta property=\"og:description\" content=\"Main Features: -360\u00b0 Field of View in 2.5K HD -Human Detection &amp; Two-way conversation -F2.0 Aperture Lens -Cloud &amp; Local Storage -Starlight night vision -Local AI humanoid recognition is more accurate -Intrusion timely recording -H.265 encoding technology -Abnormal sound detection, active alarm -Multiple installation methods -Imilab Home APP Control\" \/>\n\t\t<meta property=\"og:url\" content=\"https:\/\/www.rucashk.com\/pt\/produto\/imilab-c21-smart-security-camera\/\" \/>\n\t\t<meta property=\"og:image\" content=\"https:\/\/www.rucashk.com\/wp-content\/uploads\/replace\/503b8e645f128a97ccde2b6290747646.jpeg\" \/>\n\t\t<meta property=\"og:image:secure_url\" content=\"https:\/\/www.rucashk.com\/wp-content\/uploads\/replace\/503b8e645f128a97ccde2b6290747646.jpeg\" \/>\n\t\t<meta property=\"og:image:width\" content=\"1456\" \/>\n\t\t<meta property=\"og:image:height\" content=\"816\" \/>\n\t\t<meta property=\"article:published_time\" content=\"2024-01-09T16:20:10+00:00\" \/>\n\t\t<meta property=\"article:modified_time\" content=\"2024-01-21T08:21:05+00:00\" \/>\n\t\t<meta name=\"twitter:card\" content=\"summary_large_image\" \/>\n\t\t<meta name=\"twitter:title\" content=\"IMILAB C21 Smart Security Camera - Rucas - Wholesale and Distribution\" \/>\n\t\t<meta name=\"twitter:description\" content=\"Main Features: -360\u00b0 Field of View in 2.5K HD -Human Detection &amp; Two-way conversation -F2.0 Aperture Lens -Cloud &amp; Local Storage -Starlight night vision -Local AI humanoid recognition is more accurate -Intrusion timely recording -H.265 encoding technology -Abnormal sound detection, active alarm -Multiple installation methods -Imilab Home APP Control\" \/>\n\t\t<meta name=\"twitter:image\" content=\"https:\/\/www.rucashk.com\/wp-content\/uploads\/replace\/503b8e645f128a97ccde2b6290747646.jpeg\" \/>\n\t\t<script type=\"application\/ld+json\" class=\"aioseo-schema\">\n\t\t\t{\"@context\":\"https:\\\/\\\/schema.org\",\"@graph\":[{\"@type\":\"BreadcrumbList\",\"@id\":\"https:\\\/\\\/www.rucashk.com\\\/pt\\\/produto\\\/imilab-c21-smart-security-camera\\\/#breadcrumblist\",\"itemListElement\":[{\"@type\":\"ListItem\",\"@id\":\"https:\\\/\\\/www.rucashk.com\\\/pt\\\/#listItem\",\"position\":1,\"name\":\"Home\",\"item\":\"https:\\\/\\\/www.rucashk.com\\\/pt\\\/\",\"nextItem\":\"https:\\\/\\\/www.rucashk.com\\\/pt\\\/produto\\\/imilab-c21-smart-security-camera\\\/#listItem\"},{\"@type\":\"ListItem\",\"@id\":\"https:\\\/\\\/www.rucashk.com\\\/pt\\\/produto\\\/imilab-c21-smart-security-camera\\\/#listItem\",\"position\":2,\"name\":\"IMILAB C21 Smart Security Camera\",\"previousItem\":\"https:\\\/\\\/www.rucashk.com\\\/pt\\\/#listItem\"}]},{\"@type\":\"Organization\",\"@id\":\"https:\\\/\\\/www.rucashk.com\\\/pt\\\/#organization\",\"name\":\"Rucas\",\"url\":\"https:\\\/\\\/www.rucashk.com\\\/pt\\\/\",\"logo\":{\"@type\":\"ImageObject\",\"url\":\"https:\\\/\\\/www.rucashk.com\\\/wp-content\\\/uploads\\\/2023\\\/12\\\/Rucas_campany_logo.png\",\"@id\":\"https:\\\/\\\/www.rucashk.com\\\/pt\\\/produto\\\/imilab-c21-smart-security-camera\\\/#organizationLogo\",\"width\":221,\"height\":65},\"image\":{\"@id\":\"https:\\\/\\\/www.rucashk.com\\\/pt\\\/#organizationLogo\"}},{\"@type\":\"Person\",\"@id\":\"https:\\\/\\\/www.rucashk.com\\\/pt\\\/author\\\/admin\\\/#author\",\"url\":\"https:\\\/\\\/www.rucashk.com\\\/pt\\\/author\\\/admin\\\/\",\"name\":\"admin\",\"image\":{\"@type\":\"ImageObject\",\"@id\":\"https:\\\/\\\/www.rucashk.com\\\/pt\\\/produto\\\/imilab-c21-smart-security-camera\\\/#authorImage\",\"url\":\"https:\\\/\\\/secure.gravatar.com\\\/avatar\\\/b7c8925b09a27e72b30232f8ecaadbd5af0f70a38c78096863fe51b64f031c24?s=96&d=mm&r=g\",\"width\":96,\"height\":96,\"caption\":\"admin\"}},{\"@type\":\"WebPage\",\"@id\":\"https:\\\/\\\/www.rucashk.com\\\/pt\\\/produto\\\/imilab-c21-smart-security-camera\\\/#webpage\",\"url\":\"https:\\\/\\\/www.rucashk.com\\\/pt\\\/produto\\\/imilab-c21-smart-security-camera\\\/\",\"name\":\"IMILAB C21 Smart Security Camera - Rucas - Wholesale and Distribution\",\"description\":\"Main Features: -360\\u00b0 Field of View in 2.5K HD -Human Detection & Two-way conversation -F2.0 Aperture Lens -Cloud & Local Storage -Starlight night vision -Local AI humanoid recognition is more accurate -Intrusion timely recording -H.265 encoding technology -Abnormal sound detection, active alarm -Multiple installation methods -Imilab Home APP Control\",\"inLanguage\":\"pt-PT\",\"isPartOf\":{\"@id\":\"https:\\\/\\\/www.rucashk.com\\\/pt\\\/#website\"},\"breadcrumb\":{\"@id\":\"https:\\\/\\\/www.rucashk.com\\\/pt\\\/produto\\\/imilab-c21-smart-security-camera\\\/#breadcrumblist\"},\"author\":{\"@id\":\"https:\\\/\\\/www.rucashk.com\\\/pt\\\/author\\\/admin\\\/#author\"},\"creator\":{\"@id\":\"https:\\\/\\\/www.rucashk.com\\\/pt\\\/author\\\/admin\\\/#author\"},\"image\":{\"@type\":\"ImageObject\",\"url\":\"https:\\\/\\\/www.rucashk.com\\\/wp-content\\\/uploads\\\/2024\\\/01\\\/IMILAB-C21-Smart-Security-Camera.jpg\",\"@id\":\"https:\\\/\\\/www.rucashk.com\\\/pt\\\/produto\\\/imilab-c21-smart-security-camera\\\/#mainImage\",\"width\":800,\"height\":800},\"primaryImageOfPage\":{\"@id\":\"https:\\\/\\\/www.rucashk.com\\\/pt\\\/produto\\\/imilab-c21-smart-security-camera\\\/#mainImage\"},\"datePublished\":\"2024-01-09T16:20:10+00:00\",\"dateModified\":\"2024-01-21T08:21:05+00:00\"},{\"@type\":\"WebSite\",\"@id\":\"https:\\\/\\\/www.rucashk.com\\\/pt\\\/#website\",\"url\":\"https:\\\/\\\/www.rucashk.com\\\/pt\\\/\",\"name\":\"Rucas - Wholesale and distribution worldwide\",\"alternateName\":\"Rucas - One-stop AIoT Distribution Worldwide\",\"description\":\"One-stop AIoT Distribution Worldwide\",\"inLanguage\":\"pt-PT\",\"publisher\":{\"@id\":\"https:\\\/\\\/www.rucashk.com\\\/pt\\\/#organization\"}}]}\n\t\t<\/script>\n\t\t<!-- All in One SEO Pro -->\r\n\t\t<title>IMILAB C21 Smart Security Camera - Rucas - Wholesale and Distribution<\/title>\n\n","aioseo_head_json":{"title":"IMILAB C21 Smart Security Camera - Rucas - Wholesale and Distribution","description":"Main Features: -360\u00b0 Field of View in 2.5K HD -Human Detection & Two-way conversation -F2.0 Aperture Lens -Cloud & Local Storage -Starlight night vision -Local AI humanoid recognition is more accurate -Intrusion timely recording -H.265 encoding technology -Abnormal sound detection, active alarm -Multiple installation methods -Imilab Home APP Control","canonical_url":"https:\/\/www.rucashk.com\/pt\/produto\/imilab-c21-smart-security-camera\/","robots":"max-image-preview:large","keywords":"","webmasterTools":{"miscellaneous":""},"og:locale":"pt_PT","og:site_name":"Rucas - One-stop AIoT Distribution Worldwide","og:type":"article","og:title":"IMILAB C21 Smart Security Camera - Rucas - Wholesale and Distribution","og:description":"Main Features: -360\u00b0 Field of View in 2.5K HD -Human Detection &amp; Two-way conversation -F2.0 Aperture Lens -Cloud &amp; Local Storage -Starlight night vision -Local AI humanoid recognition is more accurate -Intrusion timely recording -H.265 encoding technology -Abnormal sound detection, active alarm -Multiple installation methods -Imilab Home APP Control","og:url":"https:\/\/www.rucashk.com\/pt\/produto\/imilab-c21-smart-security-camera\/","og:image":"https:\/\/www.rucashk.com\/wp-content\/uploads\/replace\/503b8e645f128a97ccde2b6290747646.jpeg","og:image:secure_url":"https:\/\/www.rucashk.com\/wp-content\/uploads\/replace\/503b8e645f128a97ccde2b6290747646.jpeg","og:image:width":1456,"og:image:height":816,"article:published_time":"2024-01-09T16:20:10+00:00","article:modified_time":"2024-01-21T08:21:05+00:00","twitter:card":"summary_large_image","twitter:title":"IMILAB C21 Smart Security Camera - Rucas - Wholesale and Distribution","twitter:description":"Main Features: -360\u00b0 Field of View in 2.5K HD -Human Detection &amp; Two-way conversation -F2.0 Aperture Lens -Cloud &amp; Local Storage -Starlight night vision -Local AI humanoid recognition is more accurate -Intrusion timely recording -H.265 encoding technology -Abnormal sound detection, active alarm -Multiple installation methods -Imilab Home APP Control","twitter:image":"https:\/\/www.rucashk.com\/wp-content\/uploads\/replace\/503b8e645f128a97ccde2b6290747646.jpeg","schema":{"@context":"https:\/\/schema.org","@graph":[{"@type":"BreadcrumbList","@id":"https:\/\/www.rucashk.com\/pt\/produto\/imilab-c21-smart-security-camera\/#breadcrumblist","itemListElement":[{"@type":"ListItem","@id":"https:\/\/www.rucashk.com\/pt\/#listItem","position":1,"name":"Home","item":"https:\/\/www.rucashk.com\/pt\/","nextItem":"https:\/\/www.rucashk.com\/pt\/produto\/imilab-c21-smart-security-camera\/#listItem"},{"@type":"ListItem","@id":"https:\/\/www.rucashk.com\/pt\/produto\/imilab-c21-smart-security-camera\/#listItem","position":2,"name":"IMILAB C21 Smart Security Camera","previousItem":"https:\/\/www.rucashk.com\/pt\/#listItem"}]},{"@type":"Organization","@id":"https:\/\/www.rucashk.com\/pt\/#organization","name":"Rucas","url":"https:\/\/www.rucashk.com\/pt\/","logo":{"@type":"ImageObject","url":"https:\/\/www.rucashk.com\/wp-content\/uploads\/2023\/12\/Rucas_campany_logo.png","@id":"https:\/\/www.rucashk.com\/pt\/produto\/imilab-c21-smart-security-camera\/#organizationLogo","width":221,"height":65},"image":{"@id":"https:\/\/www.rucashk.com\/pt\/#organizationLogo"}},{"@type":"Person","@id":"https:\/\/www.rucashk.com\/pt\/author\/admin\/#author","url":"https:\/\/www.rucashk.com\/pt\/author\/admin\/","name":"admin","image":{"@type":"ImageObject","@id":"https:\/\/www.rucashk.com\/pt\/produto\/imilab-c21-smart-security-camera\/#authorImage","url":"https:\/\/secure.gravatar.com\/avatar\/b7c8925b09a27e72b30232f8ecaadbd5af0f70a38c78096863fe51b64f031c24?s=96&d=mm&r=g","width":96,"height":96,"caption":"admin"}},{"@type":"WebPage","@id":"https:\/\/www.rucashk.com\/pt\/produto\/imilab-c21-smart-security-camera\/#webpage","url":"https:\/\/www.rucashk.com\/pt\/produto\/imilab-c21-smart-security-camera\/","name":"IMILAB C21 Smart Security Camera - Rucas - Wholesale and Distribution","description":"Main Features: -360\u00b0 Field of View in 2.5K HD -Human Detection & Two-way conversation -F2.0 Aperture Lens -Cloud & Local Storage -Starlight night vision -Local AI humanoid recognition is more accurate -Intrusion timely recording -H.265 encoding technology -Abnormal sound detection, active alarm -Multiple installation methods -Imilab Home APP Control","inLanguage":"pt-PT","isPartOf":{"@id":"https:\/\/www.rucashk.com\/pt\/#website"},"breadcrumb":{"@id":"https:\/\/www.rucashk.com\/pt\/produto\/imilab-c21-smart-security-camera\/#breadcrumblist"},"author":{"@id":"https:\/\/www.rucashk.com\/pt\/author\/admin\/#author"},"creator":{"@id":"https:\/\/www.rucashk.com\/pt\/author\/admin\/#author"},"image":{"@type":"ImageObject","url":"https:\/\/www.rucashk.com\/wp-content\/uploads\/2024\/01\/IMILAB-C21-Smart-Security-Camera.jpg","@id":"https:\/\/www.rucashk.com\/pt\/produto\/imilab-c21-smart-security-camera\/#mainImage","width":800,"height":800},"primaryImageOfPage":{"@id":"https:\/\/www.rucashk.com\/pt\/produto\/imilab-c21-smart-security-camera\/#mainImage"},"datePublished":"2024-01-09T16:20:10+00:00","dateModified":"2024-01-21T08:21:05+00:00"},{"@type":"WebSite","@id":"https:\/\/www.rucashk.com\/pt\/#website","url":"https:\/\/www.rucashk.com\/pt\/","name":"Rucas - Wholesale and distribution worldwide","alternateName":"Rucas - One-stop AIoT Distribution Worldwide","description":"One-stop AIoT Distribution Worldwide","inLanguage":"pt-PT","publisher":{"@id":"https:\/\/www.rucashk.com\/pt\/#organization"}}]}},"aioseo_meta_data":{"post_id":"25687","title":null,"description":null,"keywords":null,"keyphrases":null,"primary_term":null,"canonical_url":null,"og_title":null,"og_description":null,"og_object_type":"default","og_image_type":"default","og_image_url":null,"og_image_width":null,"og_image_height":null,"og_image_custom_url":null,"og_image_custom_fields":null,"og_video":null,"og_custom_url":null,"og_article_section":null,"og_article_tags":null,"twitter_use_og":false,"twitter_card":"default","twitter_image_type":"default","twitter_image_url":null,"twitter_image_custom_url":null,"twitter_image_custom_fields":null,"twitter_title":null,"twitter_description":null,"schema":{"blockGraphs":[],"customGraphs":[],"default":{"data":{"Article":[],"Course":[],"Dataset":[],"FAQPage":[],"Movie":[],"Person":[],"Product":[],"Recipe":[],"Service":[],"SoftwareApplication":[],"WebPage":[]},"graphName":"","isEnabled":true},"graphs":[]},"schema_type":"default","schema_type_options":null,"pillar_content":false,"robots_default":true,"robots_noindex":false,"robots_noarchive":false,"robots_nosnippet":false,"robots_nofollow":false,"robots_noimageindex":false,"robots_noodp":false,"robots_notranslate":false,"robots_max_snippet":null,"robots_max_videopreview":null,"robots_max_imagepreview":"large","priority":null,"frequency":null,"local_seo":null,"breadcrumb_settings":null,"limit_modified_date":false,"created":"2024-04-11 01:57:19","updated":"2025-06-22 17:59:29"},"aioseo_breadcrumb":"<div class=\"aioseo-breadcrumbs\"><span class=\"aioseo-breadcrumb\">\n\t<a href=\"https:\/\/www.rucashk.com\/pt\" title=\"Home\">Home<\/a>\n<\/span><span class=\"aioseo-breadcrumb-separator\">&raquo;<\/span><span class=\"aioseo-breadcrumb\">\n\t<a href=\"https:\/\/www.rucashk.com\/pt\/products\/\" title=\"Produtos\">Produtos<\/a>\n<\/span><span class=\"aioseo-breadcrumb-separator\">&raquo;<\/span><span class=\"aioseo-breadcrumb\">\n\t<a href=\"https:\/\/www.rucashk.com\/pt\/categoria-produto\/xiaomi-eco\/\" title=\"Xiaomi Eco\">Xiaomi Eco<\/a>\n<\/span><span class=\"aioseo-breadcrumb-separator\">&raquo;<\/span><span class=\"aioseo-breadcrumb\">\n\t<a href=\"https:\/\/www.rucashk.com\/pt\/categoria-produto\/xiaomi-eco\/imilab-camera\/\" title=\"Imilab Camera\">Imilab Camera<\/a>\n<\/span><span class=\"aioseo-breadcrumb-separator\">&raquo;<\/span><span class=\"aioseo-breadcrumb\">\n\tIMILAB C21 Smart Security Camera\n<\/span><\/div>","aioseo_breadcrumb_json":[{"label":"Home","link":"https:\/\/www.rucashk.com\/pt"},{"label":"Produtos","link":"https:\/\/www.rucashk.com\/pt\/products\/"},{"label":"Xiaomi Eco","link":"https:\/\/www.rucashk.com\/pt\/categoria-produto\/xiaomi-eco\/"},{"label":"Imilab Camera","link":"https:\/\/www.rucashk.com\/pt\/categoria-produto\/xiaomi-eco\/imilab-camera\/"},{"label":"IMILAB C21 Smart Security Camera","link":"https:\/\/www.rucashk.com\/pt\/produto\/imilab-c21-smart-security-camera\/"}],"_links":{"self":[{"href":"https:\/\/www.rucashk.com\/pt\/wp-json\/wp\/v2\/product\/25687","targetHints":{"allow":["GET"]}}],"collection":[{"href":"https:\/\/www.rucashk.com\/pt\/wp-json\/wp\/v2\/product"}],"about":[{"href":"https:\/\/www.rucashk.com\/pt\/wp-json\/wp\/v2\/types\/product"}],"wp:featuredmedia":[{"embeddable":true,"href":"https:\/\/www.rucashk.com\/pt\/wp-json\/wp\/v2\/media\/25816"}],"wp:attachment":[{"href":"https:\/\/www.rucashk.com\/pt\/wp-json\/wp\/v2\/media?parent=25687"}],"wp:term":[{"taxonomy":"product_brand","embeddable":true,"href":"https:\/\/www.rucashk.com\/pt\/wp-json\/wp\/v2\/product_brand?post=25687"},{"taxonomy":"product_cat","embeddable":true,"href":"https:\/\/www.rucashk.com\/pt\/wp-json\/wp\/v2\/product_cat?post=25687"},{"taxonomy":"product_tag","embeddable":true,"href":"https:\/\/www.rucashk.com\/pt\/wp-json\/wp\/v2\/product_tag?post=25687"}],"curies":[{"name":"wp","href":"https:\/\/api.w.org\/{rel}","templated":true}]}}