{"id":25686,"date":"2024-01-09T16:20:10","date_gmt":"2024-01-09T16:20:10","guid":{"rendered":"http:\/\/rucashk.com\/?post_type=product&#038;p=25686"},"modified":"2025-06-22T06:34:21","modified_gmt":"2025-06-22T06:34:21","slug":"qcy-ht03-bluetooth-earphones","status":"publish","type":"product","link":"https:\/\/www.rucashk.com\/pt\/produto\/qcy-ht03-bluetooth-earphones\/","title":{"rendered":"Fones de ouvido Bluetooth QCY HT03"},"content":{"rendered":"<p class=\"detail-desc-decorate-title\" data-spm-anchor-id=\"a2g0o.detail.1000023.i0.15b1509dhHqAc7\"><img fetchpriority=\"high\" decoding=\"async\" class=\"detail-desc-decorate-image aligncenter\" src=\"https:\/\/www.rucashk.com\/wp-content\/uploads\/2021\/09\/H091525cfa4ef494c8ad77ab652c375dc4.jpg\" alt=\"QCY HT03 Bluetooth Earphones\" width=\"1920\" height=\"1085\" \/><\/p>\n<div class=\"detailmodule_html\">\n<div class=\"detail-desc-decorate-richtext\">\n<div class=\"detailmodule_text-image\" style=\"text-align: center\"><img decoding=\"async\" class=\"detail-desc-decorate-image aligncenter\" src=\"https:\/\/www.rucashk.com\/wp-content\/uploads\/2021\/09\/H9085172c9ed44ea492c1ab6db84cb638I.jpg\" alt=\"QCY HT03 Bluetooth Earphones\" width=\"1920\" height=\"616\" \/><\/div>\n<div class=\"detailmodule_text-image\" style=\"text-align: center\">\n<p class=\"detail-desc-decorate-title\">Cancelamento de ru\u00eddo de 35dB oferecendo um ambiente silencioso<\/p>\n<p class=\"detail-desc-decorate-content\">Com a tecnologia ANC h\u00edbrida, os microfones dianteiros e traseiros integrados ajudam a coletar ru\u00eddos do ambiente e do canal auditivo. Ondas sonoras reversas ser\u00e3o geradas em breve para neutralizar tais ru\u00eddos.<br \/>\nSempre que precisar de um mundo tranquilo, basta tocar no fone de ouvido.<\/p>\n<div><img decoding=\"async\" class=\"detail-desc-decorate-image aligncenter\" src=\"https:\/\/www.rucashk.com\/wp-content\/uploads\/2021\/09\/He560ba4106f94b968d7abdeaa04cd2d8u.jpg\" alt=\"QCY HT03 Bluetooth Earphones\" width=\"1920\" height=\"1088\" \/><\/div>\n<\/div>\n<div class=\"detailmodule_text-image\" style=\"text-align: center\">\n<p class=\"detail-desc-decorate-title\">Aumentando sua audi\u00e7\u00e3o Fa\u00e7a com que tudo ao seu redor seja notado<\/p>\n<p class=\"detail-desc-decorate-content\">O modo transparente permite observar as condi\u00e7\u00f5es ambientais.<br \/>\nMais seguro para os motoristas;<br \/>\nConverse com amigos sem tirar os fones de ouvido; Continue observando informa\u00e7\u00f5es importantes em lugares como o aeroporto.<\/p>\n<div><img loading=\"lazy\" decoding=\"async\" class=\"detail-desc-decorate-image aligncenter\" src=\"https:\/\/www.rucashk.com\/wp-content\/uploads\/2021\/09\/H60f8ec81daee4ccbafebf9324947bab3Y.jpg\" alt=\"QCY HT03 Bluetooth Earphones\" width=\"1920\" height=\"1077\" \/><\/div>\n<\/div>\n<div class=\"detailmodule_text-image\" style=\"text-align: center\">\n<p class=\"detail-desc-decorate-title\">Habita\u00e7\u00e3o incr\u00edvel de todos os \u00e2ngulos Um tamanho n\u00e3o serve para todos<\/p>\n<p class=\"detail-desc-decorate-content\">Gra\u00e7as ao revestimento polido UV, o HT 03 apresenta uma caixa semelhante a cristal. Com um design aerodin\u00e2mico especial, \u00e9 redondo e f de modo a oferecer uma textura excepcional.<\/p>\n<div><img loading=\"lazy\" decoding=\"async\" class=\"detail-desc-decorate-image aligncenter\" src=\"https:\/\/www.rucashk.com\/wp-content\/uploads\/2021\/09\/Hc9f8011704de4a8fba2c00a13a80ac4bk.jpg\" alt=\"QCY HT03 Bluetooth Earphones\" width=\"1920\" height=\"1079\" \/><\/div>\n<\/div>\n<div class=\"detailmodule_text-image\" style=\"text-align: center\">\n<p class=\"detail-desc-decorate-title\">Experi\u00eancia imersa O som ruim nunca \u00e9 uma op\u00e7\u00e3o<\/p>\n<p class=\"detail-desc-decorate-content\">Com uma pot\u00eancia incr\u00edvel sob um corpo compacto, o driver integrado de 10 mm oferece graves potentes e palco sonoro din\u00e2mico.<br \/>\nCada trilha sonora \u00e9 clara e cada nota \u00e9 rica.<br \/>\nIsso \u00e9 o que esses fones de ouvido balanceados tr-band podem oferecer!<\/p>\n<div><img loading=\"lazy\" decoding=\"async\" class=\"detail-desc-decorate-image aligncenter\" src=\"https:\/\/www.rucashk.com\/wp-content\/uploads\/2021\/09\/H0866f877cec746c999ee58391705070dB.jpg\" alt=\"QCY HT03 Bluetooth Earphones\" width=\"1920\" height=\"1082\" \/><\/div>\n<\/div>\n<div class=\"detailmodule_text-image\" style=\"text-align: center\">\n<p class=\"detail-desc-decorate-title\">Neo Chip mais r\u00e1pido do que nunca<\/p>\n<p class=\"detail-desc-decorate-content\">Com a tecnologia Bluetooth 5.1 de ponta, o HT-03 tem menos consumo de energia, transmiss\u00e3o mais r\u00e1pida e menor lat\u00eancia.<br \/>\nIsso mostra que o HT-03 oferece uma experi\u00eancia excepcional.<\/p>\n<div><img loading=\"lazy\" decoding=\"async\" class=\"detail-desc-decorate-image aligncenter\" src=\"https:\/\/www.rucashk.com\/wp-content\/uploads\/2021\/09\/H5679ff8ec85547baa141b0b280034fd5u.jpg\" alt=\"QCY HT03 Bluetooth Earphones\" width=\"1920\" height=\"1078\" \/><\/div>\n<\/div>\n<div class=\"detailmodule_text-image\" style=\"text-align: center\">\n<p class=\"detail-desc-decorate-title\">Ouvir est\u00e1 um passo mais perto de conseguir uma conversa tranquila e gratuita, mesmo em lugares barulhentos<\/p>\n<p class=\"detail-desc-decorate-content\">Com a tecnologia ANC, os microfones master e forward de cada fone de ouvido trabalham juntos para bloquear a maioria dos ru\u00eddos ambientais durante as chamadas.<br \/>\nHT-03 faz chamadas sem lat\u00eancia, n\u00e3o importa onde voc\u00ea esteja<\/p>\n<div><img loading=\"lazy\" decoding=\"async\" class=\"detail-desc-decorate-image aligncenter\" src=\"https:\/\/www.rucashk.com\/wp-content\/uploads\/2021\/09\/H58687d865cd54ffdb944f8301f28da60N.jpg\" alt=\"QCY HT03 Bluetooth Earphones\" width=\"1920\" height=\"1082\" \/><\/div>\n<\/div>\n<div class=\"detailmodule_text-image\" style=\"text-align: center\">\n<p class=\"detail-desc-decorate-title\">Reprodu\u00e7\u00e3o de um dia inteiro Veja aviso de bateria fraca<\/p>\n<p class=\"detail-desc-decorate-content\">ANC e voc\u00ea obt\u00e9m uma reprodu\u00e7\u00e3o de 6 horas sem custo extra. Com estojo de carregamento, o HT-03 pode oferecer at\u00e9 24 horas de m\u00fasica.<br \/>\nA m\u00fasica simplesmente n\u00e3o pode parar o dia inteiro!<\/p>\n<div><img loading=\"lazy\" decoding=\"async\" class=\"detail-desc-decorate-image aligncenter\" src=\"https:\/\/www.rucashk.com\/wp-content\/uploads\/2021\/09\/H56b352ea708c4c2784f698aa4d155b60V.jpg\" alt=\"QCY HT03 Bluetooth Earphones\" width=\"1920\" height=\"1082\" \/><\/div>\n<\/div>\n<div class=\"detailmodule_text-image\" style=\"text-align: center\">\n<p class=\"detail-desc-decorate-title\">O desempenho de lat\u00eancia sem sentido permanece perfeito<\/p>\n<p class=\"detail-desc-decorate-content\">Embalado com chip incr\u00edvel e configura\u00e7\u00e3o de alto n\u00edvel.<br \/>\nos fones de ouvido verdadeiramente sem fio apresentam lat\u00eancia ultrabaixa para oferecer uma experi\u00eancia de streaming excepcional<\/p>\n<div><img loading=\"lazy\" decoding=\"async\" class=\"detail-desc-decorate-image aligncenter\" src=\"https:\/\/www.rucashk.com\/wp-content\/uploads\/2021\/09\/H6bdcac3b46ad427d84833a1ca7daf4f7g.jpg\" alt=\"QCY HT03 Bluetooth Earphones\" width=\"1920\" height=\"1086\" \/><\/div>\n<\/div>\n<div class=\"detailmodule_text-image\" style=\"text-align: center\">\n<p class=\"detail-desc-decorate-title\">APP QCY exclusivo f\u00e1cil de usar<\/p>\n<p class=\"detail-desc-decorate-content\">QCY APP permite que voc\u00ea personalize o controle, defina EQ\u2026<br \/>\nAssim voc\u00ea pode construir o HT-03 do seu jeito.<\/p>\n<div><img loading=\"lazy\" decoding=\"async\" class=\"detail-desc-decorate-image aligncenter\" src=\"https:\/\/www.rucashk.com\/wp-content\/uploads\/2021\/09\/H0bdff8f70c5e4924a6a48b1007442b11g.jpg\" alt=\"QCY HT03 Bluetooth Earphones\" width=\"1920\" height=\"1080\" \/><\/div>\n<\/div>\n<div class=\"detailmodule_text-image\" style=\"text-align: center\">\n<p class=\"detail-desc-decorate-title\">Experi\u00eancia sem press\u00e3o de controle de toque<\/p>\n<p class=\"detail-desc-decorate-content\">Chega de pressionar o bot\u00e3o f\u00edsico, tudo o que voc\u00ea precisa fazer agora \u00e9 um toque suave e tudo estar\u00e1 ao seu alcance.<\/p>\n<div><img loading=\"lazy\" decoding=\"async\" class=\"detail-desc-decorate-image aligncenter\" src=\"https:\/\/www.rucashk.com\/wp-content\/uploads\/2021\/09\/H183741b2d3b941d4bc2ba46efb0e26d1s.jpg\" alt=\"QCY HT03 Bluetooth Earphones\" width=\"1920\" height=\"1082\" \/><\/div>\n<\/div>\n<div class=\"detailmodule_text-image\">\n<p class=\"detail-desc-decorate-title\" style=\"text-align: center\">O que est\u00e1 na caixa<\/p>\n<div><img loading=\"lazy\" decoding=\"async\" class=\"detail-desc-decorate-image aligncenter\" src=\"https:\/\/www.rucashk.com\/wp-content\/uploads\/2021\/09\/H962dc87d8ae94032b795eb7e8f7a0d49q.jpg\" alt=\"QCY HT03 Bluetooth Earphones\" width=\"1920\" height=\"1073\" \/><\/div>\n<div><\/div>\n<div style=\"text-align: center\">Rucas, distribuidor l\u00edder da Xiaomi em Hong Kong.<br \/>\nFocando no produto de acess\u00f3rios ecol\u00f3gicos de uma marca da China, como Amazfit, Haylou, Ninebot, Roborock, Dreame, Imilab, 70Mai, Deerma. Mantemos centenas de SKUs Xiaomi com estoque em dep\u00f3sitos em HK e Shenzhen de forma est\u00e1vel para um prazo de entrega mais r\u00e1pido.<\/div>\n<\/div>\n<\/div>\n<\/div>","protected":false},"excerpt":{"rendered":"<ul>\n<li>ANC \u2013 Cancelamento de ru\u00eddo h\u00edbrido<\/li>\n<li>Modo transparente \u2013 observe o mundo ao seu redor<\/li>\n<li>Bluetooth V5.1 \u2013 Chip Bluetooth de \u00faltima gera\u00e7\u00e3o<\/li>\n<li>Quatro microfones \u2013 para cancelamento de ru\u00eddo em chamadas<\/li>\n<li>Driver de 10 mm \/ bateria de longa dura\u00e7\u00e3o de 24 horas<\/li>\n<li>Lat\u00eancia sem sentido \u2013 navega\u00e7\u00e3o legal online<\/li>\n<li>Janela pop-up \u2013 f\u00e1cil de conectar<\/li>\n<li>Controle de aplicativos \u2013 personaliza\u00e7\u00e3o de fones de ouvido<\/li>\n<\/ul>","protected":false},"featured_media":25812,"template":"","meta":[],"product_brand":[1417],"product_cat":[1311,1305],"product_tag":[],"class_list":{"0":"post-25686","1":"product","2":"type-product","3":"status-publish","4":"has-post-thumbnail","6":"product_brand-qcy","7":"product_cat-qcy-earphone","8":"product_cat-xiaomi-eco","10":"first","11":"instock","12":"shipping-taxable","13":"product-type-simple"},"aioseo_notices":[],"aioseo_head":"\n\t\t<!-- All in One SEO Pro 4.5.9.2 - aioseo.com -->\n\t\t<meta name=\"description\" content=\"ANC \u2013 Hybrid noise canceling Transparent mode \u2013 notice the world around you Bluetooth V5.1 \u2013 Cutting-edge Bluetooth chip Four microphones \u2013 for noise-canceling in calling 10mm driver \/ 24hr ultra-long battery life Senseless latency \u2013 cool surf online Pop up window \u2013 easy to connect App Control \u2013 customizing earbuds\" \/>\n\t\t<meta name=\"robots\" content=\"max-image-preview:large\" \/>\n\t\t<link rel=\"canonical\" href=\"https:\/\/www.rucashk.com\/pt\/produto\/qcy-ht03-bluetooth-earphones\/\" \/>\n\t\t<meta name=\"generator\" content=\"All in One SEO Pro (AIOSEO) 4.5.9.2\" \/>\n\t\t<meta property=\"og:locale\" content=\"pt_PT\" \/>\n\t\t<meta property=\"og:site_name\" content=\"Rucas - One-stop AIoT Distribution Worldwide\" \/>\n\t\t<meta property=\"og:type\" content=\"article\" \/>\n\t\t<meta property=\"og:title\" content=\"QCY HT03 Bluetooth Earphones - Rucas - Wholesale and Distribution\" \/>\n\t\t<meta property=\"og:description\" content=\"ANC \u2013 Hybrid noise canceling Transparent mode \u2013 notice the world around you Bluetooth V5.1 \u2013 Cutting-edge Bluetooth chip Four microphones \u2013 for noise-canceling in calling 10mm driver \/ 24hr ultra-long battery life Senseless latency \u2013 cool surf online Pop up window \u2013 easy to connect App Control \u2013 customizing earbuds\" \/>\n\t\t<meta property=\"og:url\" content=\"https:\/\/www.rucashk.com\/pt\/produto\/qcy-ht03-bluetooth-earphones\/\" \/>\n\t\t<meta property=\"og:image\" content=\"https:\/\/www.rucashk.com\/wp-content\/uploads\/replace\/503b8e645f128a97ccde2b6290747646.jpeg\" \/>\n\t\t<meta property=\"og:image:secure_url\" content=\"https:\/\/www.rucashk.com\/wp-content\/uploads\/replace\/503b8e645f128a97ccde2b6290747646.jpeg\" \/>\n\t\t<meta property=\"og:image:width\" content=\"1456\" \/>\n\t\t<meta property=\"og:image:height\" content=\"816\" \/>\n\t\t<meta property=\"article:published_time\" content=\"2024-01-09T16:20:10+00:00\" \/>\n\t\t<meta property=\"article:modified_time\" content=\"2025-06-22T06:34:21+00:00\" \/>\n\t\t<meta name=\"twitter:card\" content=\"summary_large_image\" \/>\n\t\t<meta name=\"twitter:title\" content=\"QCY HT03 Bluetooth Earphones - Rucas - Wholesale and Distribution\" \/>\n\t\t<meta name=\"twitter:description\" content=\"ANC \u2013 Hybrid noise canceling Transparent mode \u2013 notice the world around you Bluetooth V5.1 \u2013 Cutting-edge Bluetooth chip Four microphones \u2013 for noise-canceling in calling 10mm driver \/ 24hr ultra-long battery life Senseless latency \u2013 cool surf online Pop up window \u2013 easy to connect App Control \u2013 customizing earbuds\" \/>\n\t\t<meta name=\"twitter:image\" content=\"https:\/\/www.rucashk.com\/wp-content\/uploads\/replace\/503b8e645f128a97ccde2b6290747646.jpeg\" \/>\n\t\t<script type=\"application\/ld+json\" class=\"aioseo-schema\">\n\t\t\t{\"@context\":\"https:\\\/\\\/schema.org\",\"@graph\":[{\"@type\":\"BreadcrumbList\",\"@id\":\"https:\\\/\\\/www.rucashk.com\\\/pt\\\/produto\\\/qcy-ht03-bluetooth-earphones\\\/#breadcrumblist\",\"itemListElement\":[{\"@type\":\"ListItem\",\"@id\":\"https:\\\/\\\/www.rucashk.com\\\/pt\\\/#listItem\",\"position\":1,\"name\":\"Home\",\"item\":\"https:\\\/\\\/www.rucashk.com\\\/pt\\\/\",\"nextItem\":\"https:\\\/\\\/www.rucashk.com\\\/pt\\\/produto\\\/qcy-ht03-bluetooth-earphones\\\/#listItem\"},{\"@type\":\"ListItem\",\"@id\":\"https:\\\/\\\/www.rucashk.com\\\/pt\\\/produto\\\/qcy-ht03-bluetooth-earphones\\\/#listItem\",\"position\":2,\"name\":\"QCY HT03 Bluetooth Earphones\",\"previousItem\":\"https:\\\/\\\/www.rucashk.com\\\/pt\\\/#listItem\"}]},{\"@type\":\"Organization\",\"@id\":\"https:\\\/\\\/www.rucashk.com\\\/pt\\\/#organization\",\"name\":\"Rucas\",\"url\":\"https:\\\/\\\/www.rucashk.com\\\/pt\\\/\",\"logo\":{\"@type\":\"ImageObject\",\"url\":\"https:\\\/\\\/www.rucashk.com\\\/wp-content\\\/uploads\\\/2023\\\/12\\\/Rucas_campany_logo.png\",\"@id\":\"https:\\\/\\\/www.rucashk.com\\\/pt\\\/produto\\\/qcy-ht03-bluetooth-earphones\\\/#organizationLogo\",\"width\":221,\"height\":65},\"image\":{\"@id\":\"https:\\\/\\\/www.rucashk.com\\\/pt\\\/#organizationLogo\"}},{\"@type\":\"Person\",\"@id\":\"https:\\\/\\\/www.rucashk.com\\\/pt\\\/author\\\/admin\\\/#author\",\"url\":\"https:\\\/\\\/www.rucashk.com\\\/pt\\\/author\\\/admin\\\/\",\"name\":\"admin\",\"image\":{\"@type\":\"ImageObject\",\"@id\":\"https:\\\/\\\/www.rucashk.com\\\/pt\\\/produto\\\/qcy-ht03-bluetooth-earphones\\\/#authorImage\",\"url\":\"https:\\\/\\\/secure.gravatar.com\\\/avatar\\\/b7c8925b09a27e72b30232f8ecaadbd5af0f70a38c78096863fe51b64f031c24?s=96&d=mm&r=g\",\"width\":96,\"height\":96,\"caption\":\"admin\"}},{\"@type\":\"WebPage\",\"@id\":\"https:\\\/\\\/www.rucashk.com\\\/pt\\\/produto\\\/qcy-ht03-bluetooth-earphones\\\/#webpage\",\"url\":\"https:\\\/\\\/www.rucashk.com\\\/pt\\\/produto\\\/qcy-ht03-bluetooth-earphones\\\/\",\"name\":\"QCY HT03 Bluetooth Earphones - Rucas - Wholesale and Distribution\",\"description\":\"ANC \\u2013 Hybrid noise canceling Transparent mode \\u2013 notice the world around you Bluetooth V5.1 \\u2013 Cutting-edge Bluetooth chip Four microphones \\u2013 for noise-canceling in calling 10mm driver \\\/ 24hr ultra-long battery life Senseless latency \\u2013 cool surf online Pop up window \\u2013 easy to connect App Control \\u2013 customizing earbuds\",\"inLanguage\":\"pt-PT\",\"isPartOf\":{\"@id\":\"https:\\\/\\\/www.rucashk.com\\\/pt\\\/#website\"},\"breadcrumb\":{\"@id\":\"https:\\\/\\\/www.rucashk.com\\\/pt\\\/produto\\\/qcy-ht03-bluetooth-earphones\\\/#breadcrumblist\"},\"author\":{\"@id\":\"https:\\\/\\\/www.rucashk.com\\\/pt\\\/author\\\/admin\\\/#author\"},\"creator\":{\"@id\":\"https:\\\/\\\/www.rucashk.com\\\/pt\\\/author\\\/admin\\\/#author\"},\"image\":{\"@type\":\"ImageObject\",\"url\":\"https:\\\/\\\/www.rucashk.com\\\/wp-content\\\/uploads\\\/2024\\\/01\\\/QCY-HT03-Bluetooth-Earphones.png\",\"@id\":\"https:\\\/\\\/www.rucashk.com\\\/pt\\\/produto\\\/qcy-ht03-bluetooth-earphones\\\/#mainImage\",\"width\":800,\"height\":800},\"primaryImageOfPage\":{\"@id\":\"https:\\\/\\\/www.rucashk.com\\\/pt\\\/produto\\\/qcy-ht03-bluetooth-earphones\\\/#mainImage\"},\"datePublished\":\"2024-01-09T16:20:10+00:00\",\"dateModified\":\"2025-06-22T06:34:21+00:00\"},{\"@type\":\"WebSite\",\"@id\":\"https:\\\/\\\/www.rucashk.com\\\/pt\\\/#website\",\"url\":\"https:\\\/\\\/www.rucashk.com\\\/pt\\\/\",\"name\":\"Rucas - Wholesale and distribution worldwide\",\"alternateName\":\"Rucas - One-stop AIoT Distribution Worldwide\",\"description\":\"One-stop AIoT Distribution Worldwide\",\"inLanguage\":\"pt-PT\",\"publisher\":{\"@id\":\"https:\\\/\\\/www.rucashk.com\\\/pt\\\/#organization\"}}]}\n\t\t<\/script>\n\t\t<!-- All in One SEO Pro -->\r\n\t\t<title>QCY HT03 Bluetooth Earphones - Rucas - Wholesale and Distribution<\/title>\n\n","aioseo_head_json":{"title":"QCY HT03 Bluetooth Earphones - Rucas - Wholesale and Distribution","description":"ANC \u2013 Hybrid noise canceling Transparent mode \u2013 notice the world around you Bluetooth V5.1 \u2013 Cutting-edge Bluetooth chip Four microphones \u2013 for noise-canceling in calling 10mm driver \/ 24hr ultra-long battery life Senseless latency \u2013 cool surf online Pop up window \u2013 easy to connect App Control \u2013 customizing earbuds","canonical_url":"https:\/\/www.rucashk.com\/pt\/produto\/qcy-ht03-bluetooth-earphones\/","robots":"max-image-preview:large","keywords":"","webmasterTools":{"miscellaneous":""},"og:locale":"pt_PT","og:site_name":"Rucas - One-stop AIoT Distribution Worldwide","og:type":"article","og:title":"QCY HT03 Bluetooth Earphones - Rucas - Wholesale and Distribution","og:description":"ANC \u2013 Hybrid noise canceling Transparent mode \u2013 notice the world around you Bluetooth V5.1 \u2013 Cutting-edge Bluetooth chip Four microphones \u2013 for noise-canceling in calling 10mm driver \/ 24hr ultra-long battery life Senseless latency \u2013 cool surf online Pop up window \u2013 easy to connect App Control \u2013 customizing earbuds","og:url":"https:\/\/www.rucashk.com\/pt\/produto\/qcy-ht03-bluetooth-earphones\/","og:image":"https:\/\/www.rucashk.com\/wp-content\/uploads\/replace\/503b8e645f128a97ccde2b6290747646.jpeg","og:image:secure_url":"https:\/\/www.rucashk.com\/wp-content\/uploads\/replace\/503b8e645f128a97ccde2b6290747646.jpeg","og:image:width":1456,"og:image:height":816,"article:published_time":"2024-01-09T16:20:10+00:00","article:modified_time":"2025-06-22T06:34:21+00:00","twitter:card":"summary_large_image","twitter:title":"QCY HT03 Bluetooth Earphones - Rucas - Wholesale and Distribution","twitter:description":"ANC \u2013 Hybrid noise canceling Transparent mode \u2013 notice the world around you Bluetooth V5.1 \u2013 Cutting-edge Bluetooth chip Four microphones \u2013 for noise-canceling in calling 10mm driver \/ 24hr ultra-long battery life Senseless latency \u2013 cool surf online Pop up window \u2013 easy to connect App Control \u2013 customizing earbuds","twitter:image":"https:\/\/www.rucashk.com\/wp-content\/uploads\/replace\/503b8e645f128a97ccde2b6290747646.jpeg","schema":{"@context":"https:\/\/schema.org","@graph":[{"@type":"BreadcrumbList","@id":"https:\/\/www.rucashk.com\/pt\/produto\/qcy-ht03-bluetooth-earphones\/#breadcrumblist","itemListElement":[{"@type":"ListItem","@id":"https:\/\/www.rucashk.com\/pt\/#listItem","position":1,"name":"Home","item":"https:\/\/www.rucashk.com\/pt\/","nextItem":"https:\/\/www.rucashk.com\/pt\/produto\/qcy-ht03-bluetooth-earphones\/#listItem"},{"@type":"ListItem","@id":"https:\/\/www.rucashk.com\/pt\/produto\/qcy-ht03-bluetooth-earphones\/#listItem","position":2,"name":"QCY HT03 Bluetooth Earphones","previousItem":"https:\/\/www.rucashk.com\/pt\/#listItem"}]},{"@type":"Organization","@id":"https:\/\/www.rucashk.com\/pt\/#organization","name":"Rucas","url":"https:\/\/www.rucashk.com\/pt\/","logo":{"@type":"ImageObject","url":"https:\/\/www.rucashk.com\/wp-content\/uploads\/2023\/12\/Rucas_campany_logo.png","@id":"https:\/\/www.rucashk.com\/pt\/produto\/qcy-ht03-bluetooth-earphones\/#organizationLogo","width":221,"height":65},"image":{"@id":"https:\/\/www.rucashk.com\/pt\/#organizationLogo"}},{"@type":"Person","@id":"https:\/\/www.rucashk.com\/pt\/author\/admin\/#author","url":"https:\/\/www.rucashk.com\/pt\/author\/admin\/","name":"admin","image":{"@type":"ImageObject","@id":"https:\/\/www.rucashk.com\/pt\/produto\/qcy-ht03-bluetooth-earphones\/#authorImage","url":"https:\/\/secure.gravatar.com\/avatar\/b7c8925b09a27e72b30232f8ecaadbd5af0f70a38c78096863fe51b64f031c24?s=96&d=mm&r=g","width":96,"height":96,"caption":"admin"}},{"@type":"WebPage","@id":"https:\/\/www.rucashk.com\/pt\/produto\/qcy-ht03-bluetooth-earphones\/#webpage","url":"https:\/\/www.rucashk.com\/pt\/produto\/qcy-ht03-bluetooth-earphones\/","name":"QCY HT03 Bluetooth Earphones - Rucas - Wholesale and Distribution","description":"ANC \u2013 Hybrid noise canceling Transparent mode \u2013 notice the world around you Bluetooth V5.1 \u2013 Cutting-edge Bluetooth chip Four microphones \u2013 for noise-canceling in calling 10mm driver \/ 24hr ultra-long battery life Senseless latency \u2013 cool surf online Pop up window \u2013 easy to connect App Control \u2013 customizing earbuds","inLanguage":"pt-PT","isPartOf":{"@id":"https:\/\/www.rucashk.com\/pt\/#website"},"breadcrumb":{"@id":"https:\/\/www.rucashk.com\/pt\/produto\/qcy-ht03-bluetooth-earphones\/#breadcrumblist"},"author":{"@id":"https:\/\/www.rucashk.com\/pt\/author\/admin\/#author"},"creator":{"@id":"https:\/\/www.rucashk.com\/pt\/author\/admin\/#author"},"image":{"@type":"ImageObject","url":"https:\/\/www.rucashk.com\/wp-content\/uploads\/2024\/01\/QCY-HT03-Bluetooth-Earphones.png","@id":"https:\/\/www.rucashk.com\/pt\/produto\/qcy-ht03-bluetooth-earphones\/#mainImage","width":800,"height":800},"primaryImageOfPage":{"@id":"https:\/\/www.rucashk.com\/pt\/produto\/qcy-ht03-bluetooth-earphones\/#mainImage"},"datePublished":"2024-01-09T16:20:10+00:00","dateModified":"2025-06-22T06:34:21+00:00"},{"@type":"WebSite","@id":"https:\/\/www.rucashk.com\/pt\/#website","url":"https:\/\/www.rucashk.com\/pt\/","name":"Rucas - Wholesale and distribution worldwide","alternateName":"Rucas - One-stop AIoT Distribution Worldwide","description":"One-stop AIoT Distribution Worldwide","inLanguage":"pt-PT","publisher":{"@id":"https:\/\/www.rucashk.com\/pt\/#organization"}}]}},"aioseo_meta_data":{"post_id":"25686","title":null,"description":null,"keywords":null,"keyphrases":null,"primary_term":null,"canonical_url":null,"og_title":null,"og_description":null,"og_object_type":"default","og_image_type":"default","og_image_url":null,"og_image_width":null,"og_image_height":null,"og_image_custom_url":null,"og_image_custom_fields":null,"og_video":null,"og_custom_url":null,"og_article_section":null,"og_article_tags":null,"twitter_use_og":false,"twitter_card":"default","twitter_image_type":"default","twitter_image_url":null,"twitter_image_custom_url":null,"twitter_image_custom_fields":null,"twitter_title":null,"twitter_description":null,"schema":{"blockGraphs":[],"customGraphs":[],"default":{"data":{"Article":[],"Course":[],"Dataset":[],"FAQPage":[],"Movie":[],"Person":[],"Product":[],"Recipe":[],"Service":[],"SoftwareApplication":[],"WebPage":[]},"graphName":"","isEnabled":true},"graphs":[]},"schema_type":"default","schema_type_options":null,"pillar_content":false,"robots_default":true,"robots_noindex":false,"robots_noarchive":false,"robots_nosnippet":false,"robots_nofollow":false,"robots_noimageindex":false,"robots_noodp":false,"robots_notranslate":false,"robots_max_snippet":null,"robots_max_videopreview":null,"robots_max_imagepreview":"large","priority":null,"frequency":null,"local_seo":null,"breadcrumb_settings":null,"limit_modified_date":false,"created":"2024-04-11 01:57:19","updated":"2025-06-22 17:59:28"},"aioseo_breadcrumb":"<div class=\"aioseo-breadcrumbs\"><span class=\"aioseo-breadcrumb\">\n\t<a href=\"https:\/\/www.rucashk.com\/pt\" title=\"Home\">Home<\/a>\n<\/span><span class=\"aioseo-breadcrumb-separator\">&raquo;<\/span><span class=\"aioseo-breadcrumb\">\n\t<a href=\"https:\/\/www.rucashk.com\/pt\/products\/\" title=\"Produtos\">Produtos<\/a>\n<\/span><span class=\"aioseo-breadcrumb-separator\">&raquo;<\/span><span class=\"aioseo-breadcrumb\">\n\t<a href=\"https:\/\/www.rucashk.com\/pt\/marca\/qcy\/\" title=\"QCY\">QCY<\/a>\n<\/span><span class=\"aioseo-breadcrumb-separator\">&raquo;<\/span><span class=\"aioseo-breadcrumb\">\n\tQCY HT03 Bluetooth Earphones\n<\/span><\/div>","aioseo_breadcrumb_json":[{"label":"Home","link":"https:\/\/www.rucashk.com\/pt"},{"label":"Produtos","link":"https:\/\/www.rucashk.com\/pt\/products\/"},{"label":"QCY","link":"https:\/\/www.rucashk.com\/pt\/marca\/qcy\/"},{"label":"QCY HT03 Bluetooth Earphones","link":"https:\/\/www.rucashk.com\/pt\/produto\/qcy-ht03-bluetooth-earphones\/"}],"_links":{"self":[{"href":"https:\/\/www.rucashk.com\/pt\/wp-json\/wp\/v2\/product\/25686","targetHints":{"allow":["GET"]}}],"collection":[{"href":"https:\/\/www.rucashk.com\/pt\/wp-json\/wp\/v2\/product"}],"about":[{"href":"https:\/\/www.rucashk.com\/pt\/wp-json\/wp\/v2\/types\/product"}],"wp:featuredmedia":[{"embeddable":true,"href":"https:\/\/www.rucashk.com\/pt\/wp-json\/wp\/v2\/media\/25812"}],"wp:attachment":[{"href":"https:\/\/www.rucashk.com\/pt\/wp-json\/wp\/v2\/media?parent=25686"}],"wp:term":[{"taxonomy":"product_brand","embeddable":true,"href":"https:\/\/www.rucashk.com\/pt\/wp-json\/wp\/v2\/product_brand?post=25686"},{"taxonomy":"product_cat","embeddable":true,"href":"https:\/\/www.rucashk.com\/pt\/wp-json\/wp\/v2\/product_cat?post=25686"},{"taxonomy":"product_tag","embeddable":true,"href":"https:\/\/www.rucashk.com\/pt\/wp-json\/wp\/v2\/product_tag?post=25686"}],"curies":[{"name":"wp","href":"https:\/\/api.w.org\/{rel}","templated":true}]}}