{"id":25657,"date":"2024-01-09T16:19:46","date_gmt":"2024-01-09T16:19:46","guid":{"rendered":"http:\/\/rucashk.com\/?post_type=product&#038;p=25657"},"modified":"2024-01-22T07:10:17","modified_gmt":"2024-01-22T07:10:17","slug":"huawei-freebuds-4i-bluetooth-earphone","status":"publish","type":"product","link":"https:\/\/www.rucashk.com\/pt\/produto\/huawei-freebuds-4i-bluetooth-earphone\/","title":{"rendered":"Fone de ouvido Bluetooth HUAWEI FreeBuds 4i"},"content":{"rendered":"<div class=\"detailmodule_html\">\n<div class=\"detail-desc-decorate-richtext\"><\/div>\n<\/div>\n<div class=\"detailmodule_text-image\">\n<div><img fetchpriority=\"high\" decoding=\"async\" class=\"detail-desc-decorate-image aligncenter\" src=\"https:\/\/www.rucashk.com\/wp-content\/uploads\/2021\/09\/H72ce86d2745e44d790db43be0d36fdb1T.png\" alt=\"HUAWEI FreeBuds 4i Bluetooth Earphone \" width=\"1200\" height=\"550\" \/><img decoding=\"async\" class=\"detail-desc-decorate-image aligncenter\" src=\"https:\/\/www.rucashk.com\/wp-content\/uploads\/2021\/09\/H9f3f965172e3488d8a798dc05f237a91l.png\" alt=\"HUAWEI FreeBuds 4i Bluetooth Earphone \" width=\"1200\" height=\"646\" \/><\/div>\n<\/div>\n<div class=\"detailmodule_text-image\" style=\"text-align: center\">\n<p class=\"detail-desc-decorate-title\">Levemente, mais simples<\/p>\n<p class=\"detail-desc-decorate-content\">Toque no fone de ouvido, voc\u00ea pode controlar facilmente, para que toda vez que voc\u00ea fizer uma opera\u00e7\u00e3o card\u00edaca, v\u00e1 em frente.<\/p>\n<div><img decoding=\"async\" class=\"detail-desc-decorate-image aligncenter\" src=\"https:\/\/www.rucashk.com\/wp-content\/uploads\/2021\/09\/H321fb77e7fa44058b8e6917847937be6b.png\" alt=\"HUAWEI FreeBuds 4i Bluetooth Earphone \" width=\"1200\" height=\"730\" \/><\/div>\n<\/div>\n<div class=\"detailmodule_text-image\" style=\"text-align: center\">\n<p class=\"detail-desc-decorate-title\">Este par, um par natural<\/p>\n<p class=\"detail-desc-decorate-content\">Fones de ouvido bi\u00f4nicos com design ergon\u00f4mico 3D e encaixe perfeito no canal auditivo 2; corpo leve, reduzindo a carga no ouvido, experi\u00eancia de uso mais confort\u00e1vel.<\/p>\n<div><img loading=\"lazy\" decoding=\"async\" class=\"detail-desc-decorate-image aligncenter\" src=\"https:\/\/www.rucashk.com\/wp-content\/uploads\/2021\/09\/H96786b398e5f4523b97b4da59c049762q.png\" alt=\"HUAWEI FreeBuds 4i Bluetooth Earphone \" width=\"1200\" height=\"680\" \/><\/div>\n<\/div>\n<div class=\"detailmodule_text-image\" style=\"text-align: center\">\n<p class=\"detail-desc-decorate-title\">N\u00e3o importa qu\u00e3o barulhento seja o mundo, apenas ou\u00e7a a si mesmo<\/p>\n<p class=\"detail-desc-decorate-content\">A tecnologia ativa de redu\u00e7\u00e3o de ru\u00eddo da Huawei pode efetivamente reduzir o ru\u00eddo da vida comum 3. Quer se trate de uma esta\u00e7\u00e3o barulhenta, um shopping animado ou um metr\u00f4 nos hor\u00e1rios de pico da manh\u00e3 e da noite, ative a redu\u00e7\u00e3o de ru\u00eddo e voc\u00ea poder\u00e1 entrar no mundo tranquilo da m\u00fasica sem aumentar o volume.<br \/>\nO microfone duplo<\/p>\n<div><img loading=\"lazy\" decoding=\"async\" class=\"detail-desc-decorate-image aligncenter\" src=\"https:\/\/www.rucashk.com\/wp-content\/uploads\/2021\/09\/H0c50f2c0661f40b48fc33b6aaeba88f3y.png\" alt=\"HUAWEI FreeBuds 4i Bluetooth Earphone \" width=\"1200\" height=\"750\" \/><img loading=\"lazy\" decoding=\"async\" class=\"detail-desc-decorate-image aligncenter\" src=\"https:\/\/www.rucashk.com\/wp-content\/uploads\/2021\/09\/H2015c83506284df28ce613304215d49eh.png\" alt=\"HUAWEI FreeBuds 4i Bluetooth Earphone \" width=\"1200\" height=\"650\" \/><\/div>\n<\/div>\n<div class=\"detailmodule_text-image\" style=\"text-align: center\">\n<p class=\"detail-desc-decorate-title\">Bom som, nunca me canso de ouvir<\/p>\n<p class=\"detail-desc-decorate-content\">Fones de ouvido compactos, unidade de bobina din\u00e2mica integrada de 10 mm, com diafragma composto de pol\u00edmero, vocais n\u00edtidos e transparentes, detalhes excepcionais do instrumento, equil\u00edbrio geral de tr\u00eas bandas, camadas claras, permitem que voc\u00ea sinta mais emo\u00e7\u00f5es musicais.<\/p>\n<div><img loading=\"lazy\" decoding=\"async\" class=\"detail-desc-decorate-image aligncenter\" src=\"https:\/\/www.rucashk.com\/wp-content\/uploads\/2021\/09\/H39135c8bce5046a8abc3e7e625b5f2ceW.png\" alt=\"HUAWEI FreeBuds 4i Bluetooth Earphone \" width=\"1200\" height=\"650\" \/><\/div>\n<\/div>\n<div class=\"detailmodule_text-image\" style=\"text-align: center\">\n<p class=\"detail-desc-decorate-title\">Bateria de longa dura\u00e7\u00e3o, sempre com voc\u00ea<\/p>\n<p class=\"detail-desc-decorate-content\">Tempo de reprodu\u00e7\u00e3o cont\u00ednua de m\u00fasica do fone de ouvido de at\u00e9 10 horas 1, carregue por 10 minutos e 4 horas para proporcionar uma experi\u00eancia de audi\u00e7\u00e3o suave 5, deixe a m\u00fasica acompanhar a qualquer momento.<\/p>\n<div><img loading=\"lazy\" decoding=\"async\" class=\"detail-desc-decorate-image aligncenter\" src=\"https:\/\/www.rucashk.com\/wp-content\/uploads\/2021\/09\/Hb9d83457d92c44eaacda5ba7259bd4edd.png\" alt=\"HUAWEI FreeBuds 4i Bluetooth Earphone \" width=\"1200\" height=\"650\" \/><\/div>\n<\/div>\n<div class=\"detailmodule_text-image\" style=\"text-align: center\">\n<p class=\"detail-desc-decorate-title\">O som ambiente \u00e9 transmitido, voc\u00ea pode ouvi-lo se quiser<\/p>\n<p class=\"detail-desc-decorate-content\">Pressione longamente o fone de ouvido para alternar rapidamente o modo de transmiss\u00e3o transparente, voc\u00ea pode perceber o ambiente ao redor sem tirar o fone de ouvido e se comunicar com as pessoas com mais facilidade.<\/p>\n<div><img loading=\"lazy\" decoding=\"async\" class=\"detail-desc-decorate-image aligncenter\" src=\"https:\/\/www.rucashk.com\/wp-content\/uploads\/2021\/09\/Hd653fb7f06034c40a895e436cea0ef0a7.png\" alt=\"HUAWEI FreeBuds 4i Bluetooth Earphone \" width=\"1200\" height=\"650\" \/><\/div>\n<\/div>\n<div class=\"detailmodule_text-image\" style=\"text-align: center\">\n<p class=\"detail-desc-decorate-title\">Sincroniza\u00e7\u00e3o de \u00e1udio e v\u00eddeo, compartilhamento divertido<\/p>\n<p class=\"detail-desc-decorate-content\">O fone de ouvido usa um algoritmo avan\u00e7ado de baixa lat\u00eancia 7, que encurta o intervalo de comunica\u00e7\u00e3o entre vis\u00e3o e audi\u00e7\u00e3o, permitindo que voc\u00ea jogue, assista a dramas e assista a jogos, tudo em uma feliz sincroniza\u00e7\u00e3o.<\/p>\n<div><img loading=\"lazy\" decoding=\"async\" class=\"detail-desc-decorate-image aligncenter\" src=\"https:\/\/www.rucashk.com\/wp-content\/uploads\/2021\/09\/H1d7e636422464e81919046900504359cD.png\" alt=\"HUAWEI FreeBuds 4i Bluetooth Earphone \" width=\"1200\" height=\"650\" \/><img loading=\"lazy\" decoding=\"async\" class=\"detail-desc-decorate-image aligncenter\" src=\"https:\/\/www.rucashk.com\/wp-content\/uploads\/2021\/09\/Hc23b3800f84c42a5a1eea9d2a152bfe0c.png\" alt=\"HUAWEI FreeBuds 4i Bluetooth Earphone \" width=\"1200\" height=\"650\" \/><\/div>\n<\/div>\n<div class=\"detailmodule_text-image\" style=\"text-align: center\">\n<p class=\"detail-desc-decorate-title\">Pequeno, n\u00e3o deve ser subestimado<\/p>\n<p class=\"detail-desc-decorate-content\">A pequena e redonda caixa de fone de ouvido fica na palma da sua m\u00e3o e o toque quente chega ao seu cora\u00e7\u00e3o. O design de processo conciso e claro usa cada arco para delinear o contorno requintado do fone de ouvido.<\/p>\n<div><img loading=\"lazy\" decoding=\"async\" class=\"detail-desc-decorate-image aligncenter\" src=\"https:\/\/www.rucashk.com\/wp-content\/uploads\/2021\/09\/H397c89154c804919abb0168845aa3444v.png\" alt=\"HUAWEI FreeBuds 4i Bluetooth Earphone \" width=\"1200\" height=\"646\" \/><\/div>\n<\/div>\n<div class=\"detailmodule_text-image\">\n<p class=\"detail-desc-decorate-title\" style=\"text-align: center\">Acompanhamento para todos os momentos da vida<\/p>\n<p class=\"detail-desc-decorate-content\" style=\"text-align: center\">A Huawei Music oferece dezenas de milh\u00f5es de bibliotecas de m\u00fasica, listas de reprodu\u00e7\u00e3o populares, colunas exclusivas, esta\u00e7\u00f5es de \u00e1udio, m\u00fasicas com qualidade de som HiFi ultra-n\u00edtida e outros servi\u00e7os personalizados, como multicanal panor\u00e2mico, m\u00fasica em execu\u00e7\u00e3o, toques e roupas. Os usu\u00e1rios podem aproveit\u00e1-los a qualquer hora e em qualquer lugar. A divers\u00e3o da m\u00fasica de alta qualidade.<\/p>\n<div><img loading=\"lazy\" decoding=\"async\" class=\"detail-desc-decorate-image aligncenter\" src=\"https:\/\/www.rucashk.com\/wp-content\/uploads\/2021\/09\/H7442641b6c4848c0837f9e89d25f5180C.png\" alt=\"HUAWEI FreeBuds 4i Bluetooth Earphone \" width=\"1200\" height=\"550\" \/><\/div>\n<div>\n<p style=\"text-align: center\"><span data-spm-anchor-id=\"a2g0o.detail.1000023.i2.58c82624czevUO\">Nome do modelo: Huawei Freebuds 4i<\/span><\/p>\n<p style=\"text-align: center\">Capacidade de carga:<\/p>\n<p style=\"text-align: center\">Por fone de ouvido: 55 mAh (min.)* \/ Estojo de carregamento: 215 mAh (min.)*<\/p>\n<p style=\"text-align: center\">Hora de brincar:<\/p>\n<p style=\"text-align: center\">Dura\u00e7\u00e3o da reprodu\u00e7\u00e3o de m\u00fasica: 10 horas (com cancelamento de ru\u00eddo desativado)**<\/p>\n<p style=\"text-align: center\">Dura\u00e7\u00e3o da reprodu\u00e7\u00e3o de m\u00fasica: 7,5 horas (com cancelamento de ru\u00eddo ativado)**<\/p>\n<p style=\"text-align: center\">Dura\u00e7\u00e3o da chamada de voz: 6,5 horas (com cancelamento de ru\u00eddo desativado)***<\/p>\n<p style=\"text-align: center\">Dura\u00e7\u00e3o da chamada de voz: 5,5 horas (com cancelamento de ru\u00eddo ativado)***<\/p>\n<p style=\"text-align: center\">Tipo de Bateria:<\/p>\n<p style=\"text-align: center\">Bateria de pol\u00edmero de \u00edon de l\u00edtio<\/p>\n<p style=\"text-align: center\">Controles:<\/p>\n<p style=\"text-align: center\">Controle de imprensa: duas vezes\/press\u00e3o longa<\/p>\n<p style=\"text-align: center\">Compatibilidade Bluetooth: BT 5.2<\/p>\n<p style=\"text-align: center\">Par pop-up: compat\u00edvel*<\/p>\n<p style=\"text-align: center\">Detec\u00e7\u00e3o de desgaste: suportado<\/p>\n<p style=\"text-align: center\">*Requer smartphones com EMUI10 ou superior.<\/p>\n<p style=\"text-align: center\">Sensor: ambos os fones de ouvido usam capacitivo integrado<\/p>\n<p style=\"text-align: center\">Driver: 10 mm Din\u00e2mico<\/p>\n<p style=\"text-align: center\">Tecnologia de \u00e1udio:<\/p>\n<p style=\"text-align: center\">Cancelamento de ru\u00eddo ativo<\/p>\n<p style=\"text-align: center\">Cancelamento de ru\u00eddo de chamada<\/p>\n<p>&nbsp;<\/p>\n<p style=\"text-align: center\">Rucas, distribuidor l\u00edder da Xiaomi em Hong Kong.<br \/>\nFocando no produto de acess\u00f3rios ecol\u00f3gicos de uma marca da China, como Amazfit, Haylou, Ninebot, Roborock, Dreame, Imilab, 70Mai, Deerma. Mantemos centenas de SKUs Xiaomi com estoque em dep\u00f3sitos em HK e Shenzhen de forma est\u00e1vel para um prazo de entrega mais r\u00e1pido.<\/p>\n<\/div>\n<\/div>","protected":false},"excerpt":{"rendered":"<ul>\n<li>Design Premium<\/li>\n<li>Tamanho Mini, Visual Moderno<\/li>\n<li>Cancelamento ativo de ru\u00eddo<\/li>\n<li>Ou\u00e7a o que voc\u00ea quer<\/li>\n<li>10 horas de reprodu\u00e7\u00e3o cont\u00ednua1<\/li>\n<li>Dura\u00e7\u00e3o o dia todo, m\u00fasica at\u00e9 o fim<\/li>\n<li>\u00c1udio Puro<\/li>\n<li>Som cristalino que surpreende voc\u00ea<\/li>\n<\/ul>","protected":false},"featured_media":25807,"template":"","meta":[],"product_brand":[],"product_cat":[1345,1322],"product_tag":[],"class_list":{"0":"post-25657","1":"product","2":"type-product","3":"status-publish","4":"has-post-thumbnail","6":"product_cat-huawei-other-a-brands","7":"product_cat-other-a-brands","9":"first","10":"instock","11":"shipping-taxable","12":"product-type-simple"},"aioseo_notices":[],"aioseo_head":"\n\t\t<!-- All in One SEO Pro 4.5.9.2 - aioseo.com -->\n\t\t<meta name=\"description\" content=\"Premium Design Mini Size, Modern Look Active Noise Cancellation Hear What You Want 10 Hours Continuous Playback1 Last All Day, Music All the Way Pure Audio Crystal Clear Sound that Blows You Away\" \/>\n\t\t<meta name=\"robots\" content=\"max-image-preview:large\" \/>\n\t\t<link rel=\"canonical\" href=\"https:\/\/www.rucashk.com\/pt\/produto\/huawei-freebuds-4i-bluetooth-earphone\/\" \/>\n\t\t<meta name=\"generator\" content=\"All in One SEO Pro (AIOSEO) 4.5.9.2\" \/>\n\t\t<meta property=\"og:locale\" content=\"pt_PT\" \/>\n\t\t<meta property=\"og:site_name\" content=\"Rucas - One-stop AIoT Distribution Worldwide\" \/>\n\t\t<meta property=\"og:type\" content=\"article\" \/>\n\t\t<meta property=\"og:title\" content=\"HUAWEI FreeBuds 4i Bluetooth Earphone - Rucas - Wholesale and Distribution\" \/>\n\t\t<meta property=\"og:description\" content=\"Premium Design Mini Size, Modern Look Active Noise Cancellation Hear What You Want 10 Hours Continuous Playback1 Last All Day, Music All the Way Pure Audio Crystal Clear Sound that Blows You Away\" \/>\n\t\t<meta property=\"og:url\" content=\"https:\/\/www.rucashk.com\/pt\/produto\/huawei-freebuds-4i-bluetooth-earphone\/\" \/>\n\t\t<meta property=\"og:image\" content=\"https:\/\/www.rucashk.com\/wp-content\/uploads\/replace\/503b8e645f128a97ccde2b6290747646.jpeg\" \/>\n\t\t<meta property=\"og:image:secure_url\" content=\"https:\/\/www.rucashk.com\/wp-content\/uploads\/replace\/503b8e645f128a97ccde2b6290747646.jpeg\" \/>\n\t\t<meta property=\"og:image:width\" content=\"1456\" \/>\n\t\t<meta property=\"og:image:height\" content=\"816\" \/>\n\t\t<meta property=\"article:published_time\" content=\"2024-01-09T16:19:46+00:00\" \/>\n\t\t<meta property=\"article:modified_time\" content=\"2024-01-22T07:10:17+00:00\" \/>\n\t\t<meta name=\"twitter:card\" content=\"summary_large_image\" \/>\n\t\t<meta name=\"twitter:title\" content=\"HUAWEI FreeBuds 4i Bluetooth Earphone - Rucas - Wholesale and Distribution\" \/>\n\t\t<meta name=\"twitter:description\" content=\"Premium Design Mini Size, Modern Look Active Noise Cancellation Hear What You Want 10 Hours Continuous Playback1 Last All Day, Music All the Way Pure Audio Crystal Clear Sound that Blows You Away\" \/>\n\t\t<meta name=\"twitter:image\" content=\"https:\/\/www.rucashk.com\/wp-content\/uploads\/replace\/503b8e645f128a97ccde2b6290747646.jpeg\" \/>\n\t\t<script type=\"application\/ld+json\" class=\"aioseo-schema\">\n\t\t\t{\"@context\":\"https:\\\/\\\/schema.org\",\"@graph\":[{\"@type\":\"BreadcrumbList\",\"@id\":\"https:\\\/\\\/www.rucashk.com\\\/pt\\\/produto\\\/huawei-freebuds-4i-bluetooth-earphone\\\/#breadcrumblist\",\"itemListElement\":[{\"@type\":\"ListItem\",\"@id\":\"https:\\\/\\\/www.rucashk.com\\\/pt\\\/#listItem\",\"position\":1,\"name\":\"Home\",\"item\":\"https:\\\/\\\/www.rucashk.com\\\/pt\\\/\",\"nextItem\":\"https:\\\/\\\/www.rucashk.com\\\/pt\\\/produto\\\/huawei-freebuds-4i-bluetooth-earphone\\\/#listItem\"},{\"@type\":\"ListItem\",\"@id\":\"https:\\\/\\\/www.rucashk.com\\\/pt\\\/produto\\\/huawei-freebuds-4i-bluetooth-earphone\\\/#listItem\",\"position\":2,\"name\":\"HUAWEI FreeBuds 4i Bluetooth Earphone\",\"previousItem\":\"https:\\\/\\\/www.rucashk.com\\\/pt\\\/#listItem\"}]},{\"@type\":\"Organization\",\"@id\":\"https:\\\/\\\/www.rucashk.com\\\/pt\\\/#organization\",\"name\":\"Rucas\",\"url\":\"https:\\\/\\\/www.rucashk.com\\\/pt\\\/\",\"logo\":{\"@type\":\"ImageObject\",\"url\":\"https:\\\/\\\/www.rucashk.com\\\/wp-content\\\/uploads\\\/2023\\\/12\\\/Rucas_campany_logo.png\",\"@id\":\"https:\\\/\\\/www.rucashk.com\\\/pt\\\/produto\\\/huawei-freebuds-4i-bluetooth-earphone\\\/#organizationLogo\",\"width\":221,\"height\":65},\"image\":{\"@id\":\"https:\\\/\\\/www.rucashk.com\\\/pt\\\/#organizationLogo\"}},{\"@type\":\"Person\",\"@id\":\"https:\\\/\\\/www.rucashk.com\\\/pt\\\/author\\\/admin\\\/#author\",\"url\":\"https:\\\/\\\/www.rucashk.com\\\/pt\\\/author\\\/admin\\\/\",\"name\":\"admin\",\"image\":{\"@type\":\"ImageObject\",\"@id\":\"https:\\\/\\\/www.rucashk.com\\\/pt\\\/produto\\\/huawei-freebuds-4i-bluetooth-earphone\\\/#authorImage\",\"url\":\"https:\\\/\\\/secure.gravatar.com\\\/avatar\\\/b7c8925b09a27e72b30232f8ecaadbd5af0f70a38c78096863fe51b64f031c24?s=96&d=mm&r=g\",\"width\":96,\"height\":96,\"caption\":\"admin\"}},{\"@type\":\"WebPage\",\"@id\":\"https:\\\/\\\/www.rucashk.com\\\/pt\\\/produto\\\/huawei-freebuds-4i-bluetooth-earphone\\\/#webpage\",\"url\":\"https:\\\/\\\/www.rucashk.com\\\/pt\\\/produto\\\/huawei-freebuds-4i-bluetooth-earphone\\\/\",\"name\":\"HUAWEI FreeBuds 4i Bluetooth Earphone - Rucas - Wholesale and Distribution\",\"description\":\"Premium Design Mini Size, Modern Look Active Noise Cancellation Hear What You Want 10 Hours Continuous Playback1 Last All Day, Music All the Way Pure Audio Crystal Clear Sound that Blows You Away\",\"inLanguage\":\"pt-PT\",\"isPartOf\":{\"@id\":\"https:\\\/\\\/www.rucashk.com\\\/pt\\\/#website\"},\"breadcrumb\":{\"@id\":\"https:\\\/\\\/www.rucashk.com\\\/pt\\\/produto\\\/huawei-freebuds-4i-bluetooth-earphone\\\/#breadcrumblist\"},\"author\":{\"@id\":\"https:\\\/\\\/www.rucashk.com\\\/pt\\\/author\\\/admin\\\/#author\"},\"creator\":{\"@id\":\"https:\\\/\\\/www.rucashk.com\\\/pt\\\/author\\\/admin\\\/#author\"},\"image\":{\"@type\":\"ImageObject\",\"url\":\"https:\\\/\\\/www.rucashk.com\\\/wp-content\\\/uploads\\\/2024\\\/01\\\/HUAWEI-FreeBuds-4i-Bluetooth-Earphone-1.png\",\"@id\":\"https:\\\/\\\/www.rucashk.com\\\/pt\\\/produto\\\/huawei-freebuds-4i-bluetooth-earphone\\\/#mainImage\",\"width\":800,\"height\":800},\"primaryImageOfPage\":{\"@id\":\"https:\\\/\\\/www.rucashk.com\\\/pt\\\/produto\\\/huawei-freebuds-4i-bluetooth-earphone\\\/#mainImage\"},\"datePublished\":\"2024-01-09T16:19:46+00:00\",\"dateModified\":\"2024-01-22T07:10:17+00:00\"},{\"@type\":\"WebSite\",\"@id\":\"https:\\\/\\\/www.rucashk.com\\\/pt\\\/#website\",\"url\":\"https:\\\/\\\/www.rucashk.com\\\/pt\\\/\",\"name\":\"Rucas - Wholesale and distribution worldwide\",\"alternateName\":\"Rucas - One-stop AIoT Distribution Worldwide\",\"description\":\"One-stop AIoT Distribution Worldwide\",\"inLanguage\":\"pt-PT\",\"publisher\":{\"@id\":\"https:\\\/\\\/www.rucashk.com\\\/pt\\\/#organization\"}}]}\n\t\t<\/script>\n\t\t<!-- All in One SEO Pro -->\r\n\t\t<title>HUAWEI FreeBuds 4i Bluetooth Earphone - Rucas - Wholesale and Distribution<\/title>\n\n","aioseo_head_json":{"title":"HUAWEI FreeBuds 4i Bluetooth Earphone - Rucas - Wholesale and Distribution","description":"Premium Design Mini Size, Modern Look Active Noise Cancellation Hear What You Want 10 Hours Continuous Playback1 Last All Day, Music All the Way Pure Audio Crystal Clear Sound that Blows You Away","canonical_url":"https:\/\/www.rucashk.com\/pt\/produto\/huawei-freebuds-4i-bluetooth-earphone\/","robots":"max-image-preview:large","keywords":"","webmasterTools":{"miscellaneous":""},"og:locale":"pt_PT","og:site_name":"Rucas - One-stop AIoT Distribution Worldwide","og:type":"article","og:title":"HUAWEI FreeBuds 4i Bluetooth Earphone - Rucas - Wholesale and Distribution","og:description":"Premium Design Mini Size, Modern Look Active Noise Cancellation Hear What You Want 10 Hours Continuous Playback1 Last All Day, Music All the Way Pure Audio Crystal Clear Sound that Blows You Away","og:url":"https:\/\/www.rucashk.com\/pt\/produto\/huawei-freebuds-4i-bluetooth-earphone\/","og:image":"https:\/\/www.rucashk.com\/wp-content\/uploads\/replace\/503b8e645f128a97ccde2b6290747646.jpeg","og:image:secure_url":"https:\/\/www.rucashk.com\/wp-content\/uploads\/replace\/503b8e645f128a97ccde2b6290747646.jpeg","og:image:width":1456,"og:image:height":816,"article:published_time":"2024-01-09T16:19:46+00:00","article:modified_time":"2024-01-22T07:10:17+00:00","twitter:card":"summary_large_image","twitter:title":"HUAWEI FreeBuds 4i Bluetooth Earphone - Rucas - Wholesale and Distribution","twitter:description":"Premium Design Mini Size, Modern Look Active Noise Cancellation Hear What You Want 10 Hours Continuous Playback1 Last All Day, Music All the Way Pure Audio Crystal Clear Sound that Blows You Away","twitter:image":"https:\/\/www.rucashk.com\/wp-content\/uploads\/replace\/503b8e645f128a97ccde2b6290747646.jpeg","schema":{"@context":"https:\/\/schema.org","@graph":[{"@type":"BreadcrumbList","@id":"https:\/\/www.rucashk.com\/pt\/produto\/huawei-freebuds-4i-bluetooth-earphone\/#breadcrumblist","itemListElement":[{"@type":"ListItem","@id":"https:\/\/www.rucashk.com\/pt\/#listItem","position":1,"name":"Home","item":"https:\/\/www.rucashk.com\/pt\/","nextItem":"https:\/\/www.rucashk.com\/pt\/produto\/huawei-freebuds-4i-bluetooth-earphone\/#listItem"},{"@type":"ListItem","@id":"https:\/\/www.rucashk.com\/pt\/produto\/huawei-freebuds-4i-bluetooth-earphone\/#listItem","position":2,"name":"HUAWEI FreeBuds 4i Bluetooth Earphone","previousItem":"https:\/\/www.rucashk.com\/pt\/#listItem"}]},{"@type":"Organization","@id":"https:\/\/www.rucashk.com\/pt\/#organization","name":"Rucas","url":"https:\/\/www.rucashk.com\/pt\/","logo":{"@type":"ImageObject","url":"https:\/\/www.rucashk.com\/wp-content\/uploads\/2023\/12\/Rucas_campany_logo.png","@id":"https:\/\/www.rucashk.com\/pt\/produto\/huawei-freebuds-4i-bluetooth-earphone\/#organizationLogo","width":221,"height":65},"image":{"@id":"https:\/\/www.rucashk.com\/pt\/#organizationLogo"}},{"@type":"Person","@id":"https:\/\/www.rucashk.com\/pt\/author\/admin\/#author","url":"https:\/\/www.rucashk.com\/pt\/author\/admin\/","name":"admin","image":{"@type":"ImageObject","@id":"https:\/\/www.rucashk.com\/pt\/produto\/huawei-freebuds-4i-bluetooth-earphone\/#authorImage","url":"https:\/\/secure.gravatar.com\/avatar\/b7c8925b09a27e72b30232f8ecaadbd5af0f70a38c78096863fe51b64f031c24?s=96&d=mm&r=g","width":96,"height":96,"caption":"admin"}},{"@type":"WebPage","@id":"https:\/\/www.rucashk.com\/pt\/produto\/huawei-freebuds-4i-bluetooth-earphone\/#webpage","url":"https:\/\/www.rucashk.com\/pt\/produto\/huawei-freebuds-4i-bluetooth-earphone\/","name":"HUAWEI FreeBuds 4i Bluetooth Earphone - Rucas - Wholesale and Distribution","description":"Premium Design Mini Size, Modern Look Active Noise Cancellation Hear What You Want 10 Hours Continuous Playback1 Last All Day, Music All the Way Pure Audio Crystal Clear Sound that Blows You Away","inLanguage":"pt-PT","isPartOf":{"@id":"https:\/\/www.rucashk.com\/pt\/#website"},"breadcrumb":{"@id":"https:\/\/www.rucashk.com\/pt\/produto\/huawei-freebuds-4i-bluetooth-earphone\/#breadcrumblist"},"author":{"@id":"https:\/\/www.rucashk.com\/pt\/author\/admin\/#author"},"creator":{"@id":"https:\/\/www.rucashk.com\/pt\/author\/admin\/#author"},"image":{"@type":"ImageObject","url":"https:\/\/www.rucashk.com\/wp-content\/uploads\/2024\/01\/HUAWEI-FreeBuds-4i-Bluetooth-Earphone-1.png","@id":"https:\/\/www.rucashk.com\/pt\/produto\/huawei-freebuds-4i-bluetooth-earphone\/#mainImage","width":800,"height":800},"primaryImageOfPage":{"@id":"https:\/\/www.rucashk.com\/pt\/produto\/huawei-freebuds-4i-bluetooth-earphone\/#mainImage"},"datePublished":"2024-01-09T16:19:46+00:00","dateModified":"2024-01-22T07:10:17+00:00"},{"@type":"WebSite","@id":"https:\/\/www.rucashk.com\/pt\/#website","url":"https:\/\/www.rucashk.com\/pt\/","name":"Rucas - Wholesale and distribution worldwide","alternateName":"Rucas - One-stop AIoT Distribution Worldwide","description":"One-stop AIoT Distribution Worldwide","inLanguage":"pt-PT","publisher":{"@id":"https:\/\/www.rucashk.com\/pt\/#organization"}}]}},"aioseo_meta_data":{"post_id":"25657","title":null,"description":null,"keywords":null,"keyphrases":null,"primary_term":null,"canonical_url":null,"og_title":null,"og_description":null,"og_object_type":"default","og_image_type":"default","og_image_url":null,"og_image_width":null,"og_image_height":null,"og_image_custom_url":null,"og_image_custom_fields":null,"og_video":null,"og_custom_url":null,"og_article_section":null,"og_article_tags":null,"twitter_use_og":false,"twitter_card":"default","twitter_image_type":"default","twitter_image_url":null,"twitter_image_custom_url":null,"twitter_image_custom_fields":null,"twitter_title":null,"twitter_description":null,"schema":{"blockGraphs":[],"customGraphs":[],"default":{"data":{"Article":[],"Course":[],"Dataset":[],"FAQPage":[],"Movie":[],"Person":[],"Product":[],"Recipe":[],"Service":[],"SoftwareApplication":[],"WebPage":[]},"graphName":"","isEnabled":true},"graphs":[]},"schema_type":"default","schema_type_options":null,"pillar_content":false,"robots_default":true,"robots_noindex":false,"robots_noarchive":false,"robots_nosnippet":false,"robots_nofollow":false,"robots_noimageindex":false,"robots_noodp":false,"robots_notranslate":false,"robots_max_snippet":null,"robots_max_videopreview":null,"robots_max_imagepreview":"large","priority":null,"frequency":null,"local_seo":null,"breadcrumb_settings":null,"limit_modified_date":false,"created":"2024-04-11 01:57:19","updated":"2025-06-22 17:59:28"},"aioseo_breadcrumb":"<div class=\"aioseo-breadcrumbs\"><span class=\"aioseo-breadcrumb\">\n\t<a href=\"https:\/\/www.rucashk.com\/pt\" title=\"Home\">Home<\/a>\n<\/span><span class=\"aioseo-breadcrumb-separator\">&raquo;<\/span><span class=\"aioseo-breadcrumb\">\n\t<a href=\"https:\/\/www.rucashk.com\/pt\/products\/\" title=\"Produtos\">Produtos<\/a>\n<\/span><span class=\"aioseo-breadcrumb-separator\">&raquo;<\/span><span class=\"aioseo-breadcrumb\">\n\t<a href=\"https:\/\/www.rucashk.com\/pt\/categoria-produto\/other-a-brands\/\" title=\"Other A-Brands\">Other A-Brands<\/a>\n<\/span><span class=\"aioseo-breadcrumb-separator\">&raquo;<\/span><span class=\"aioseo-breadcrumb\">\n\t<a href=\"https:\/\/www.rucashk.com\/pt\/categoria-produto\/other-a-brands\/huawei-other-a-brands\/\" title=\"Huawei\">Huawei<\/a>\n<\/span><span class=\"aioseo-breadcrumb-separator\">&raquo;<\/span><span class=\"aioseo-breadcrumb\">\n\tHUAWEI FreeBuds 4i Bluetooth Earphone\n<\/span><\/div>","aioseo_breadcrumb_json":[{"label":"Home","link":"https:\/\/www.rucashk.com\/pt"},{"label":"Produtos","link":"https:\/\/www.rucashk.com\/pt\/products\/"},{"label":"Other A-Brands","link":"https:\/\/www.rucashk.com\/pt\/categoria-produto\/other-a-brands\/"},{"label":"Huawei","link":"https:\/\/www.rucashk.com\/pt\/categoria-produto\/other-a-brands\/huawei-other-a-brands\/"},{"label":"HUAWEI FreeBuds 4i Bluetooth Earphone","link":"https:\/\/www.rucashk.com\/pt\/produto\/huawei-freebuds-4i-bluetooth-earphone\/"}],"_links":{"self":[{"href":"https:\/\/www.rucashk.com\/pt\/wp-json\/wp\/v2\/product\/25657","targetHints":{"allow":["GET"]}}],"collection":[{"href":"https:\/\/www.rucashk.com\/pt\/wp-json\/wp\/v2\/product"}],"about":[{"href":"https:\/\/www.rucashk.com\/pt\/wp-json\/wp\/v2\/types\/product"}],"wp:featuredmedia":[{"embeddable":true,"href":"https:\/\/www.rucashk.com\/pt\/wp-json\/wp\/v2\/media\/25807"}],"wp:attachment":[{"href":"https:\/\/www.rucashk.com\/pt\/wp-json\/wp\/v2\/media?parent=25657"}],"wp:term":[{"taxonomy":"product_brand","embeddable":true,"href":"https:\/\/www.rucashk.com\/pt\/wp-json\/wp\/v2\/product_brand?post=25657"},{"taxonomy":"product_cat","embeddable":true,"href":"https:\/\/www.rucashk.com\/pt\/wp-json\/wp\/v2\/product_cat?post=25657"},{"taxonomy":"product_tag","embeddable":true,"href":"https:\/\/www.rucashk.com\/pt\/wp-json\/wp\/v2\/product_tag?post=25657"}],"curies":[{"name":"wp","href":"https:\/\/api.w.org\/{rel}","templated":true}]}}