{"id":25655,"date":"2024-01-09T16:19:46","date_gmt":"2024-01-09T16:19:46","guid":{"rendered":"http:\/\/rucashk.com\/?post_type=product&#038;p=25655"},"modified":"2024-03-12T07:33:42","modified_gmt":"2024-03-12T07:33:42","slug":"dreame-h11-max-wireless-wet-and-dry-smart-vacuum-cleaner","status":"publish","type":"product","link":"https:\/\/www.rucashk.com\/pt\/produto\/dreame-h11-max-wireless-wet-and-dry-smart-vacuum-cleaner\/","title":{"rendered":"Aspirador de p\u00f3 inteligente \u00famido e seco sem fio Dreame H11 Max"},"content":{"rendered":"<p style=\"text-align: center\" align=\"center\"><strong><span data-spm-anchor-id=\"a2g0o.detail.1000023.i3.48de7a64pjHit5\">V\u00e1cuo \u00famido e seco Dreame H11 Max<\/span><\/strong><\/p>\n<p style=\"text-align: center\" align=\"center\"><strong><span data-spm-anchor-id=\"a2g0o.detail.1000023.i2.48de7a64pjHit5\">Uma passagem. Tudo limpo.<\/span><\/strong><\/p>\n<p style=\"text-align: center\"><img fetchpriority=\"high\" decoding=\"async\" class=\"aligncenter\" src=\"\/wp-content\/uploads\/replace\/cbe0200916ea9d553c182c9547675524.jpeg\" alt=\"Dreame H11 Max Wireless Wet and Dry Smart Vacuum Cleaner\" width=\"950\" height=\"1156\" \/><\/p>\n<div class=\"detailmodule_media\" style=\"text-align: center\">\n<div class=\"video-container-326539522701 video-container-detail\" data-aplus-ae=\"x9_79d7e097\" data-spm-anchor-id=\"a2g0o.detail.1000023.i1.48de7a64pjHit5\"><img decoding=\"async\" id=\"poster\" class=\"aligncenter\" src=\"\/wp-content\/uploads\/replace\/d5f95f673830384e29ed9a3365cb7083.jpeg\" alt=\"Dreame H11 Max Wireless Wet and Dry Smart Vacuum Cleaner\" width=\"3840\" height=\"2160\" \/><\/div>\n<\/div>\n<p style=\"text-align: center\">\n<p style=\"text-align: center\" align=\"center\"><strong>Apaga bagun\u00e7as dom\u00e9sticas, tanto molhadas quanto secas.<\/strong><\/p>\n<p style=\"text-align: center\" align=\"center\"><strong>V<\/strong>Acuums e esfreg\u00f5es ao mesmo tempo ao escovar o ch\u00e3o 560 vezes por minuto.Especialmente \u00fatil para banheiro, cozinha e varanda.Com a solu\u00e7\u00e3o de limpeza Dreame *na embalagem, seu piso fica ainda mais limpo do que parece.<img decoding=\"async\" class=\"aligncenter\" src=\"\/wp-content\/uploads\/replace\/8d64c5a76c04c0feb404b3e099658518.jpeg\" alt=\"Dreame H11 Max Wireless Wet and Dry Smart Vacuum Cleaner\" width=\"950\" height=\"3268\" \/><strong>Limpa com a melhor suc\u00e7\u00e3o poss\u00edvel<\/strong><\/p>\n<p style=\"text-align: center\" align=\"left\"><strong>EU<\/strong>n Modo autom\u00e1tico, o H11 Max ajusta o n\u00edvel de suc\u00e7\u00e3o de acordo com a bagun\u00e7a inicial detectada pelos sensores.<img loading=\"lazy\" decoding=\"async\" class=\"aligncenter\" src=\"\/wp-content\/uploads\/replace\/cf63a1a551cc806ea6ad8e2927d61d2f.jpeg\" alt=\"Dreame H11 Max Wireless Wet and Dry Smart Vacuum Cleaner\" width=\"950\" height=\"1984\" \/><\/p>\n<p style=\"text-align: center\" align=\"center\"><strong>Autolimpante, desde que esteja ligado.<\/strong><\/p>\n<p style=\"text-align: center\" align=\"center\"><strong>\u00d3<\/strong>apenas uma escova girat\u00f3ria limpa limpa bem. O raspador esfrega a escova girat\u00f3ria profundamente at\u00e9 a raiz com uma fileira de dentes. limpa-se na base.<img loading=\"lazy\" decoding=\"async\" class=\"aligncenter\" src=\"\/wp-content\/uploads\/replace\/c14b1e1537ee7a8998df4117c3f2bbfd.jpeg\" alt=\"Dreame H11 Max Wireless Wet and Dry Smart Vacuum Cleaner\" width=\"950\" height=\"1882\" \/><\/p>\n<p style=\"text-align: center\" align=\"center\"><strong>Limpeza profunda at\u00e9 200 metros quadrados<\/strong><\/p>\n<p style=\"text-align: center\" align=\"left\"><strong>N<\/strong>o precisa reabastecer o tanque de \u00e1gua repetidamente. O H11 Max vem com um tanque de \u00e1gua limpa de 900ml que cobre at\u00e9 200 metros quadrados no modo de fluxo de \u00e1gua mais baixo.<\/p>\n<p style=\"text-align: center\" align=\"left\"><img loading=\"lazy\" decoding=\"async\" class=\"aligncenter\" src=\"\/wp-content\/uploads\/replace\/87eae415346c7ee0107925f988667b64.jpeg\" alt=\"Dreame H11 Max Wireless Wet and Dry Smart Vacuum Cleaner\" width=\"950\" height=\"1812\" \/><strong>Funciona at\u00e9 36 minutos com carga total.<\/strong><\/p>\n<p style=\"text-align: center\" align=\"left\"><strong>C<\/strong>Com uma capacidade de bateria de 6*4000mAh, o H11 Max \u00e9 adequado para resid\u00eancias grandes.<img loading=\"lazy\" decoding=\"async\" class=\"aligncenter\" src=\"\/wp-content\/uploads\/replace\/45f9e079e1bc69852a2420ea9ebb1fbc.jpeg\" alt=\"Dreame H11 Max Wireless Wet and Dry Smart Vacuum Cleaner\" width=\"950\" height=\"1847\" \/><strong>Seja notificado. Sempre que precisar.<\/strong><\/p>\n<p style=\"text-align: center\" align=\"left\"><strong>G<\/strong>Obtenha uma vis\u00e3o geral da limpeza quando a bateria restante, a limpeza e o status de funcionamento forem exibidos na tela de LED. Prompts de voz tamb\u00e9m s\u00e3o suportados.<img loading=\"lazy\" decoding=\"async\" class=\"aligncenter\" src=\"\/wp-content\/uploads\/replace\/75aff1c574bdad10f024e63f91ef7672.jpeg\" alt=\"Dreame H11 Max Wireless Wet and Dry Smart Vacuum Cleaner\" width=\"950\" height=\"2066\" \/><\/p>\n<p style=\"text-align: center\" align=\"center\"><strong>Tra\u00e7\u00e3o poderosa, incrivelmente f\u00e1cil de empurrar.<\/strong><\/p>\n<p style=\"text-align: center\" align=\"left\"><strong>G<\/strong>gerado pelo rolo, h\u00e1 tra\u00e7\u00e3o na frente para ajud\u00e1-lo a empurrar o aspirador sem esfor\u00e7o para frente assim que estiver ligado.<img loading=\"lazy\" decoding=\"async\" class=\"aligncenter\" src=\"\/wp-content\/uploads\/replace\/84e0e8675f066fd0d34a07ec8cdd4fe2.jpeg\" alt=\"Dreame H11 Max Wireless Wet and Dry Smart Vacuum Cleaner\" width=\"950\" height=\"1862\" \/><\/p>\n<p style=\"text-align: center\" align=\"center\"><strong>F\u00e1cil de armazenar, f\u00e1cil de carregar.<\/strong><\/p>\n<p style=\"text-align: center\" align=\"center\">O H11 Mas pode ficar sozinho e ser guardado facilmente. Basta coloc\u00e1-lo de volta na base e o carregamento come\u00e7a imediatamente.<img loading=\"lazy\" decoding=\"async\" class=\"aligncenter\" src=\"\/wp-content\/uploads\/replace\/950b8814874a77068fd720244a2b8860.jpeg\" alt=\"Dreame H11 Max Wireless Wet and Dry Smart Vacuum Cleaner\" width=\"950\" height=\"1894\" \/><strong>O que h\u00e1 no pacote?<\/strong><img loading=\"lazy\" decoding=\"async\" class=\"aligncenter\" src=\"\/wp-content\/uploads\/replace\/0e57191f723f05c018d2d1e6c833a29f.jpeg\" alt=\"Dreame H11 Max Wireless Wet and Dry Smart Vacuum Cleaner\" width=\"950\" height=\"1401\" \/><img loading=\"lazy\" decoding=\"async\" class=\"aligncenter\" src=\"\/wp-content\/uploads\/replace\/47b1d94704e9dcaeb1274deec093a814.jpeg\" alt=\"Dreame H11 Max Wireless Wet and Dry Smart Vacuum Cleaner\" width=\"950\" height=\"1587\" \/><\/p>\n<p style=\"text-align: center\">Rucas, distribuidor l\u00edder da Xiaomi em Hong Kong.<br \/>\nFocando no produto de acess\u00f3rios ecol\u00f3gicos de uma marca da China, como Amazfit, Haylou, Ninebot, Roborock, Dreame, Imilab, 70Mai, Deerma. Mantemos centenas de SKUs Xiaomi com estoque em dep\u00f3sitos em HK e Shenzhen de forma est\u00e1vel para um prazo de entrega mais r\u00e1pido.<\/p>","protected":false},"excerpt":{"rendered":"<ul>\n<li>aspirar, esfregar e lavar de uma s\u00f3 vez para oferecer uma limpeza eficiente e poderosa<\/li>\n<li>Autolimpeza da escova girat\u00f3ria com um \u00fanico bot\u00e3o<\/li>\n<li>Grande tanque de \u00e1gua e longo tempo de funcionamento para limpezas ininterruptas<\/li>\n<li>Motor sem escova seco e \u00famido, removendo res\u00edduos secos e \u00famidos simultaneamente<\/li>\n<li>Engenharia de redu\u00e7\u00e3o de ru\u00eddo m\u00faltipla, reduzindo o ru\u00eddo at\u00e9 76dBA<\/li>\n<li><span data-spm-anchor-id=\"a2g0o.detail.1000023.i4.48de7a64pjHit5\"> Sensores de sujeira e manchas, ajuste de suc\u00e7\u00e3o por convers\u00e3o de frequ\u00eancia<\/span><\/li>\n<li>Visor LED inteligente, status claro da m\u00e1quina rapidamente<\/li>\n<li>Assistente de voz inteligente, com suporte para orienta\u00e7\u00e3o de opera\u00e7\u00e3o clara e precisa<\/li>\n<\/ul>","protected":false},"featured_media":25791,"template":"","meta":[],"product_brand":[],"product_cat":[1341,1305],"product_tag":[],"class_list":{"0":"post-25655","1":"product","2":"type-product","3":"status-publish","4":"has-post-thumbnail","6":"product_cat-others","7":"product_cat-xiaomi-eco","9":"first","10":"instock","11":"shipping-taxable","12":"product-type-simple"},"aioseo_notices":[],"aioseo_head":"\n\t\t<!-- All in One SEO Pro 4.5.9.2 - aioseo.com -->\n\t\t<meta name=\"description\" content=\"suction, mopping and washing in one go to offer efficient and powerful cleaning Self-cleaning of the roller brush with a single button Large water tank and long runtime for uninterrupted cleanings Dry &amp; wet brushless motor, removing dry and wet waste simultaneously Multiple noise reduction engineering, reducing noise to as low as 76dBA Sensors of dirt and stains, frequency conversion suction adjustment Smart LED display, clear machine status at a glance Intelligent voice assistant, supporting clear and accurate operation guidance\" \/>\n\t\t<meta name=\"robots\" content=\"max-image-preview:large\" \/>\n\t\t<link rel=\"canonical\" href=\"https:\/\/www.rucashk.com\/pt\/produto\/dreame-h11-max-wireless-wet-and-dry-smart-vacuum-cleaner\/\" \/>\n\t\t<meta name=\"generator\" content=\"All in One SEO Pro (AIOSEO) 4.5.9.2\" \/>\n\t\t<meta property=\"og:locale\" content=\"pt_PT\" \/>\n\t\t<meta property=\"og:site_name\" content=\"Rucas - One-stop AIoT Distribution Worldwide\" \/>\n\t\t<meta property=\"og:type\" content=\"article\" \/>\n\t\t<meta property=\"og:title\" content=\"Dreame H11 Max Wireless Wet and Dry Smart Vacuum Cleaner - Rucas - Wholesale and Distribution\" \/>\n\t\t<meta property=\"og:description\" content=\"suction, mopping and washing in one go to offer efficient and powerful cleaning Self-cleaning of the roller brush with a single button Large water tank and long runtime for uninterrupted cleanings Dry &amp; wet brushless motor, removing dry and wet waste simultaneously Multiple noise reduction engineering, reducing noise to as low as 76dBA Sensors of dirt and stains, frequency conversion suction adjustment Smart LED display, clear machine status at a glance Intelligent voice assistant, supporting clear and accurate operation guidance\" \/>\n\t\t<meta property=\"og:url\" content=\"https:\/\/www.rucashk.com\/pt\/produto\/dreame-h11-max-wireless-wet-and-dry-smart-vacuum-cleaner\/\" \/>\n\t\t<meta property=\"og:image\" content=\"https:\/\/www.rucashk.com\/wp-content\/uploads\/replace\/503b8e645f128a97ccde2b6290747646.jpeg\" \/>\n\t\t<meta property=\"og:image:secure_url\" content=\"https:\/\/www.rucashk.com\/wp-content\/uploads\/replace\/503b8e645f128a97ccde2b6290747646.jpeg\" \/>\n\t\t<meta property=\"og:image:width\" content=\"1456\" \/>\n\t\t<meta property=\"og:image:height\" content=\"816\" \/>\n\t\t<meta property=\"article:published_time\" content=\"2024-01-09T16:19:46+00:00\" \/>\n\t\t<meta property=\"article:modified_time\" content=\"2024-03-12T07:33:42+00:00\" \/>\n\t\t<meta name=\"twitter:card\" content=\"summary_large_image\" \/>\n\t\t<meta name=\"twitter:title\" content=\"Dreame H11 Max Wireless Wet and Dry Smart Vacuum Cleaner - Rucas - Wholesale and Distribution\" \/>\n\t\t<meta name=\"twitter:description\" content=\"suction, mopping and washing in one go to offer efficient and powerful cleaning Self-cleaning of the roller brush with a single button Large water tank and long runtime for uninterrupted cleanings Dry &amp; wet brushless motor, removing dry and wet waste simultaneously Multiple noise reduction engineering, reducing noise to as low as 76dBA Sensors of dirt and stains, frequency conversion suction adjustment Smart LED display, clear machine status at a glance Intelligent voice assistant, supporting clear and accurate operation guidance\" \/>\n\t\t<meta name=\"twitter:image\" content=\"https:\/\/www.rucashk.com\/wp-content\/uploads\/replace\/503b8e645f128a97ccde2b6290747646.jpeg\" \/>\n\t\t<script type=\"application\/ld+json\" class=\"aioseo-schema\">\n\t\t\t{\"@context\":\"https:\\\/\\\/schema.org\",\"@graph\":[{\"@type\":\"BreadcrumbList\",\"@id\":\"https:\\\/\\\/www.rucashk.com\\\/pt\\\/produto\\\/dreame-h11-max-wireless-wet-and-dry-smart-vacuum-cleaner\\\/#breadcrumblist\",\"itemListElement\":[{\"@type\":\"ListItem\",\"@id\":\"https:\\\/\\\/www.rucashk.com\\\/pt\\\/#listItem\",\"position\":1,\"name\":\"Home\",\"item\":\"https:\\\/\\\/www.rucashk.com\\\/pt\\\/\",\"nextItem\":\"https:\\\/\\\/www.rucashk.com\\\/pt\\\/produto\\\/dreame-h11-max-wireless-wet-and-dry-smart-vacuum-cleaner\\\/#listItem\"},{\"@type\":\"ListItem\",\"@id\":\"https:\\\/\\\/www.rucashk.com\\\/pt\\\/produto\\\/dreame-h11-max-wireless-wet-and-dry-smart-vacuum-cleaner\\\/#listItem\",\"position\":2,\"name\":\"Dreame H11 Max Wireless Wet and Dry Smart Vacuum Cleaner\",\"previousItem\":\"https:\\\/\\\/www.rucashk.com\\\/pt\\\/#listItem\"}]},{\"@type\":\"Organization\",\"@id\":\"https:\\\/\\\/www.rucashk.com\\\/pt\\\/#organization\",\"name\":\"Rucas\",\"url\":\"https:\\\/\\\/www.rucashk.com\\\/pt\\\/\",\"logo\":{\"@type\":\"ImageObject\",\"url\":\"https:\\\/\\\/www.rucashk.com\\\/wp-content\\\/uploads\\\/2023\\\/12\\\/Rucas_campany_logo.png\",\"@id\":\"https:\\\/\\\/www.rucashk.com\\\/pt\\\/produto\\\/dreame-h11-max-wireless-wet-and-dry-smart-vacuum-cleaner\\\/#organizationLogo\",\"width\":221,\"height\":65},\"image\":{\"@id\":\"https:\\\/\\\/www.rucashk.com\\\/pt\\\/#organizationLogo\"}},{\"@type\":\"Person\",\"@id\":\"https:\\\/\\\/www.rucashk.com\\\/pt\\\/author\\\/admin\\\/#author\",\"url\":\"https:\\\/\\\/www.rucashk.com\\\/pt\\\/author\\\/admin\\\/\",\"name\":\"admin\",\"image\":{\"@type\":\"ImageObject\",\"@id\":\"https:\\\/\\\/www.rucashk.com\\\/pt\\\/produto\\\/dreame-h11-max-wireless-wet-and-dry-smart-vacuum-cleaner\\\/#authorImage\",\"url\":\"https:\\\/\\\/secure.gravatar.com\\\/avatar\\\/b7c8925b09a27e72b30232f8ecaadbd5af0f70a38c78096863fe51b64f031c24?s=96&d=mm&r=g\",\"width\":96,\"height\":96,\"caption\":\"admin\"}},{\"@type\":\"WebPage\",\"@id\":\"https:\\\/\\\/www.rucashk.com\\\/pt\\\/produto\\\/dreame-h11-max-wireless-wet-and-dry-smart-vacuum-cleaner\\\/#webpage\",\"url\":\"https:\\\/\\\/www.rucashk.com\\\/pt\\\/produto\\\/dreame-h11-max-wireless-wet-and-dry-smart-vacuum-cleaner\\\/\",\"name\":\"Dreame H11 Max Wireless Wet and Dry Smart Vacuum Cleaner - Rucas - Wholesale and Distribution\",\"description\":\"suction, mopping and washing in one go to offer efficient and powerful cleaning Self-cleaning of the roller brush with a single button Large water tank and long runtime for uninterrupted cleanings Dry & wet brushless motor, removing dry and wet waste simultaneously Multiple noise reduction engineering, reducing noise to as low as 76dBA Sensors of dirt and stains, frequency conversion suction adjustment Smart LED display, clear machine status at a glance Intelligent voice assistant, supporting clear and accurate operation guidance\",\"inLanguage\":\"pt-PT\",\"isPartOf\":{\"@id\":\"https:\\\/\\\/www.rucashk.com\\\/pt\\\/#website\"},\"breadcrumb\":{\"@id\":\"https:\\\/\\\/www.rucashk.com\\\/pt\\\/produto\\\/dreame-h11-max-wireless-wet-and-dry-smart-vacuum-cleaner\\\/#breadcrumblist\"},\"author\":{\"@id\":\"https:\\\/\\\/www.rucashk.com\\\/pt\\\/author\\\/admin\\\/#author\"},\"creator\":{\"@id\":\"https:\\\/\\\/www.rucashk.com\\\/pt\\\/author\\\/admin\\\/#author\"},\"image\":{\"@type\":\"ImageObject\",\"url\":\"https:\\\/\\\/www.rucashk.com\\\/wp-content\\\/uploads\\\/2024\\\/01\\\/Dreame-H11-Max-Wireless-Wet-and-Dry-Smart-Vacuum-Cleaner.jpg\",\"@id\":\"https:\\\/\\\/www.rucashk.com\\\/pt\\\/produto\\\/dreame-h11-max-wireless-wet-and-dry-smart-vacuum-cleaner\\\/#mainImage\",\"width\":800,\"height\":800},\"primaryImageOfPage\":{\"@id\":\"https:\\\/\\\/www.rucashk.com\\\/pt\\\/produto\\\/dreame-h11-max-wireless-wet-and-dry-smart-vacuum-cleaner\\\/#mainImage\"},\"datePublished\":\"2024-01-09T16:19:46+00:00\",\"dateModified\":\"2024-03-12T07:33:42+00:00\"},{\"@type\":\"WebSite\",\"@id\":\"https:\\\/\\\/www.rucashk.com\\\/pt\\\/#website\",\"url\":\"https:\\\/\\\/www.rucashk.com\\\/pt\\\/\",\"name\":\"Rucas - Wholesale and distribution worldwide\",\"alternateName\":\"Rucas - One-stop AIoT Distribution Worldwide\",\"description\":\"One-stop AIoT Distribution Worldwide\",\"inLanguage\":\"pt-PT\",\"publisher\":{\"@id\":\"https:\\\/\\\/www.rucashk.com\\\/pt\\\/#organization\"}}]}\n\t\t<\/script>\n\t\t<!-- All in One SEO Pro -->\r\n\t\t<title>Dreame H11 Max Wireless Wet and Dry Smart Vacuum Cleaner - Rucas - Wholesale and Distribution<\/title>\n\n","aioseo_head_json":{"title":"Dreame H11 Max Wireless Wet and Dry Smart Vacuum Cleaner - Rucas - Wholesale and Distribution","description":"suction, mopping and washing in one go to offer efficient and powerful cleaning Self-cleaning of the roller brush with a single button Large water tank and long runtime for uninterrupted cleanings Dry & wet brushless motor, removing dry and wet waste simultaneously Multiple noise reduction engineering, reducing noise to as low as 76dBA Sensors of dirt and stains, frequency conversion suction adjustment Smart LED display, clear machine status at a glance Intelligent voice assistant, supporting clear and accurate operation guidance","canonical_url":"https:\/\/www.rucashk.com\/pt\/produto\/dreame-h11-max-wireless-wet-and-dry-smart-vacuum-cleaner\/","robots":"max-image-preview:large","keywords":"","webmasterTools":{"miscellaneous":""},"og:locale":"pt_PT","og:site_name":"Rucas - One-stop AIoT Distribution Worldwide","og:type":"article","og:title":"Dreame H11 Max Wireless Wet and Dry Smart Vacuum Cleaner - Rucas - Wholesale and Distribution","og:description":"suction, mopping and washing in one go to offer efficient and powerful cleaning Self-cleaning of the roller brush with a single button Large water tank and long runtime for uninterrupted cleanings Dry &amp; wet brushless motor, removing dry and wet waste simultaneously Multiple noise reduction engineering, reducing noise to as low as 76dBA Sensors of dirt and stains, frequency conversion suction adjustment Smart LED display, clear machine status at a glance Intelligent voice assistant, supporting clear and accurate operation guidance","og:url":"https:\/\/www.rucashk.com\/pt\/produto\/dreame-h11-max-wireless-wet-and-dry-smart-vacuum-cleaner\/","og:image":"https:\/\/www.rucashk.com\/wp-content\/uploads\/replace\/503b8e645f128a97ccde2b6290747646.jpeg","og:image:secure_url":"https:\/\/www.rucashk.com\/wp-content\/uploads\/replace\/503b8e645f128a97ccde2b6290747646.jpeg","og:image:width":1456,"og:image:height":816,"article:published_time":"2024-01-09T16:19:46+00:00","article:modified_time":"2024-03-12T07:33:42+00:00","twitter:card":"summary_large_image","twitter:title":"Dreame H11 Max Wireless Wet and Dry Smart Vacuum Cleaner - Rucas - Wholesale and Distribution","twitter:description":"suction, mopping and washing in one go to offer efficient and powerful cleaning Self-cleaning of the roller brush with a single button Large water tank and long runtime for uninterrupted cleanings Dry &amp; wet brushless motor, removing dry and wet waste simultaneously Multiple noise reduction engineering, reducing noise to as low as 76dBA Sensors of dirt and stains, frequency conversion suction adjustment Smart LED display, clear machine status at a glance Intelligent voice assistant, supporting clear and accurate operation guidance","twitter:image":"https:\/\/www.rucashk.com\/wp-content\/uploads\/replace\/503b8e645f128a97ccde2b6290747646.jpeg","schema":{"@context":"https:\/\/schema.org","@graph":[{"@type":"BreadcrumbList","@id":"https:\/\/www.rucashk.com\/pt\/produto\/dreame-h11-max-wireless-wet-and-dry-smart-vacuum-cleaner\/#breadcrumblist","itemListElement":[{"@type":"ListItem","@id":"https:\/\/www.rucashk.com\/pt\/#listItem","position":1,"name":"Home","item":"https:\/\/www.rucashk.com\/pt\/","nextItem":"https:\/\/www.rucashk.com\/pt\/produto\/dreame-h11-max-wireless-wet-and-dry-smart-vacuum-cleaner\/#listItem"},{"@type":"ListItem","@id":"https:\/\/www.rucashk.com\/pt\/produto\/dreame-h11-max-wireless-wet-and-dry-smart-vacuum-cleaner\/#listItem","position":2,"name":"Dreame H11 Max Wireless Wet and Dry Smart Vacuum Cleaner","previousItem":"https:\/\/www.rucashk.com\/pt\/#listItem"}]},{"@type":"Organization","@id":"https:\/\/www.rucashk.com\/pt\/#organization","name":"Rucas","url":"https:\/\/www.rucashk.com\/pt\/","logo":{"@type":"ImageObject","url":"https:\/\/www.rucashk.com\/wp-content\/uploads\/2023\/12\/Rucas_campany_logo.png","@id":"https:\/\/www.rucashk.com\/pt\/produto\/dreame-h11-max-wireless-wet-and-dry-smart-vacuum-cleaner\/#organizationLogo","width":221,"height":65},"image":{"@id":"https:\/\/www.rucashk.com\/pt\/#organizationLogo"}},{"@type":"Person","@id":"https:\/\/www.rucashk.com\/pt\/author\/admin\/#author","url":"https:\/\/www.rucashk.com\/pt\/author\/admin\/","name":"admin","image":{"@type":"ImageObject","@id":"https:\/\/www.rucashk.com\/pt\/produto\/dreame-h11-max-wireless-wet-and-dry-smart-vacuum-cleaner\/#authorImage","url":"https:\/\/secure.gravatar.com\/avatar\/b7c8925b09a27e72b30232f8ecaadbd5af0f70a38c78096863fe51b64f031c24?s=96&d=mm&r=g","width":96,"height":96,"caption":"admin"}},{"@type":"WebPage","@id":"https:\/\/www.rucashk.com\/pt\/produto\/dreame-h11-max-wireless-wet-and-dry-smart-vacuum-cleaner\/#webpage","url":"https:\/\/www.rucashk.com\/pt\/produto\/dreame-h11-max-wireless-wet-and-dry-smart-vacuum-cleaner\/","name":"Dreame H11 Max Wireless Wet and Dry Smart Vacuum Cleaner - Rucas - Wholesale and Distribution","description":"suction, mopping and washing in one go to offer efficient and powerful cleaning Self-cleaning of the roller brush with a single button Large water tank and long runtime for uninterrupted cleanings Dry & wet brushless motor, removing dry and wet waste simultaneously Multiple noise reduction engineering, reducing noise to as low as 76dBA Sensors of dirt and stains, frequency conversion suction adjustment Smart LED display, clear machine status at a glance Intelligent voice assistant, supporting clear and accurate operation guidance","inLanguage":"pt-PT","isPartOf":{"@id":"https:\/\/www.rucashk.com\/pt\/#website"},"breadcrumb":{"@id":"https:\/\/www.rucashk.com\/pt\/produto\/dreame-h11-max-wireless-wet-and-dry-smart-vacuum-cleaner\/#breadcrumblist"},"author":{"@id":"https:\/\/www.rucashk.com\/pt\/author\/admin\/#author"},"creator":{"@id":"https:\/\/www.rucashk.com\/pt\/author\/admin\/#author"},"image":{"@type":"ImageObject","url":"https:\/\/www.rucashk.com\/wp-content\/uploads\/2024\/01\/Dreame-H11-Max-Wireless-Wet-and-Dry-Smart-Vacuum-Cleaner.jpg","@id":"https:\/\/www.rucashk.com\/pt\/produto\/dreame-h11-max-wireless-wet-and-dry-smart-vacuum-cleaner\/#mainImage","width":800,"height":800},"primaryImageOfPage":{"@id":"https:\/\/www.rucashk.com\/pt\/produto\/dreame-h11-max-wireless-wet-and-dry-smart-vacuum-cleaner\/#mainImage"},"datePublished":"2024-01-09T16:19:46+00:00","dateModified":"2024-03-12T07:33:42+00:00"},{"@type":"WebSite","@id":"https:\/\/www.rucashk.com\/pt\/#website","url":"https:\/\/www.rucashk.com\/pt\/","name":"Rucas - Wholesale and distribution worldwide","alternateName":"Rucas - One-stop AIoT Distribution Worldwide","description":"One-stop AIoT Distribution Worldwide","inLanguage":"pt-PT","publisher":{"@id":"https:\/\/www.rucashk.com\/pt\/#organization"}}]}},"aioseo_meta_data":{"post_id":"25655","title":null,"description":null,"keywords":null,"keyphrases":null,"primary_term":null,"canonical_url":null,"og_title":null,"og_description":null,"og_object_type":"default","og_image_type":"default","og_image_url":null,"og_image_width":null,"og_image_height":null,"og_image_custom_url":null,"og_image_custom_fields":null,"og_video":null,"og_custom_url":null,"og_article_section":null,"og_article_tags":null,"twitter_use_og":false,"twitter_card":"default","twitter_image_type":"default","twitter_image_url":null,"twitter_image_custom_url":null,"twitter_image_custom_fields":null,"twitter_title":null,"twitter_description":null,"schema":{"blockGraphs":[],"customGraphs":[],"default":{"data":{"Article":[],"Course":[],"Dataset":[],"FAQPage":[],"Movie":[],"Person":[],"Product":[],"Recipe":[],"Service":[],"SoftwareApplication":[],"WebPage":[]},"graphName":"","isEnabled":true},"graphs":[]},"schema_type":"default","schema_type_options":null,"pillar_content":false,"robots_default":true,"robots_noindex":false,"robots_noarchive":false,"robots_nosnippet":false,"robots_nofollow":false,"robots_noimageindex":false,"robots_noodp":false,"robots_notranslate":false,"robots_max_snippet":null,"robots_max_videopreview":null,"robots_max_imagepreview":"large","priority":null,"frequency":null,"local_seo":null,"breadcrumb_settings":null,"limit_modified_date":false,"created":"2024-04-11 01:57:19","updated":"2025-06-22 17:59:27"},"aioseo_breadcrumb":"<div class=\"aioseo-breadcrumbs\"><span class=\"aioseo-breadcrumb\">\n\t<a href=\"https:\/\/www.rucashk.com\/pt\" title=\"Home\">Home<\/a>\n<\/span><span class=\"aioseo-breadcrumb-separator\">&raquo;<\/span><span class=\"aioseo-breadcrumb\">\n\t<a href=\"https:\/\/www.rucashk.com\/pt\/products\/\" title=\"Produtos\">Produtos<\/a>\n<\/span><span class=\"aioseo-breadcrumb-separator\">&raquo;<\/span><span class=\"aioseo-breadcrumb\">\n\t<a href=\"https:\/\/www.rucashk.com\/pt\/categoria-produto\/xiaomi-eco\/\" title=\"Xiaomi Eco\">Xiaomi Eco<\/a>\n<\/span><span class=\"aioseo-breadcrumb-separator\">&raquo;<\/span><span class=\"aioseo-breadcrumb\">\n\t<a href=\"https:\/\/www.rucashk.com\/pt\/categoria-produto\/xiaomi-eco\/others\/\" title=\"Others\">Others<\/a>\n<\/span><span class=\"aioseo-breadcrumb-separator\">&raquo;<\/span><span class=\"aioseo-breadcrumb\">\n\tDreame H11 Max Wireless Wet and Dry Smart Vacuum Cleaner\n<\/span><\/div>","aioseo_breadcrumb_json":[{"label":"Home","link":"https:\/\/www.rucashk.com\/pt"},{"label":"Produtos","link":"https:\/\/www.rucashk.com\/pt\/products\/"},{"label":"Xiaomi Eco","link":"https:\/\/www.rucashk.com\/pt\/categoria-produto\/xiaomi-eco\/"},{"label":"Others","link":"https:\/\/www.rucashk.com\/pt\/categoria-produto\/xiaomi-eco\/others\/"},{"label":"Dreame H11 Max Wireless Wet and Dry Smart Vacuum Cleaner","link":"https:\/\/www.rucashk.com\/pt\/produto\/dreame-h11-max-wireless-wet-and-dry-smart-vacuum-cleaner\/"}],"_links":{"self":[{"href":"https:\/\/www.rucashk.com\/pt\/wp-json\/wp\/v2\/product\/25655","targetHints":{"allow":["GET"]}}],"collection":[{"href":"https:\/\/www.rucashk.com\/pt\/wp-json\/wp\/v2\/product"}],"about":[{"href":"https:\/\/www.rucashk.com\/pt\/wp-json\/wp\/v2\/types\/product"}],"wp:featuredmedia":[{"embeddable":true,"href":"https:\/\/www.rucashk.com\/pt\/wp-json\/wp\/v2\/media\/25791"}],"wp:attachment":[{"href":"https:\/\/www.rucashk.com\/pt\/wp-json\/wp\/v2\/media?parent=25655"}],"wp:term":[{"taxonomy":"product_brand","embeddable":true,"href":"https:\/\/www.rucashk.com\/pt\/wp-json\/wp\/v2\/product_brand?post=25655"},{"taxonomy":"product_cat","embeddable":true,"href":"https:\/\/www.rucashk.com\/pt\/wp-json\/wp\/v2\/product_cat?post=25655"},{"taxonomy":"product_tag","embeddable":true,"href":"https:\/\/www.rucashk.com\/pt\/wp-json\/wp\/v2\/product_tag?post=25655"}],"curies":[{"name":"wp","href":"https:\/\/api.w.org\/{rel}","templated":true}]}}