{"id":25623,"date":"2024-01-09T16:19:24","date_gmt":"2024-01-09T16:19:24","guid":{"rendered":"http:\/\/rucashk.com\/?post_type=product&#038;p=25623"},"modified":"2025-06-22T07:16:13","modified_gmt":"2025-06-22T07:16:13","slug":"mi-smart-clock","status":"publish","type":"product","link":"https:\/\/www.rucashk.com\/pt\/produto\/mi-smart-clock\/","title":{"rendered":"Meu rel\u00f3gio inteligente"},"content":{"rendered":"<p style=\"text-align: center\" data-spm-anchor-id=\"a2g0o.detail.1000023.i5.1e802b20y2eYpY\"><img fetchpriority=\"high\" decoding=\"async\" class=\"aligncenter\" src=\"https:\/\/www.rucashk.com\/wp-content\/uploads\/2021\/09\/H2e6ea0c114fc4b0697ecbd4754c11ea4y.jpg\" alt=\"Mi smart clock\" width=\"930\" height=\"778\" data-spm-anchor-id=\"a2g0o.detail.1000023.i8.1e802b20y2eYpY\" \/><strong>Tela sens\u00edvel ao toque de 4\u2033<\/strong><\/p>\n<p style=\"text-align: center\">Uma tela sens\u00edvel ao toque colorida de 4 \u2033 com v\u00e1rios mostradores de rel\u00f3gio, representando muitas informa\u00e7\u00f5es como hor\u00e1rio, clima, calend\u00e1rio e muito mais.<\/p>\n<p style=\"text-align: center\"><strong>Transmitir m\u00fasicas favoritas<\/strong><\/p>\n<p style=\"text-align: center\">Com suporte para Spotify, YouTube Music e mais servi\u00e7os de streaming, voc\u00ea pode curtir suas m\u00fasicas favoritas usando apenas sua voz.<\/p>\n<p style=\"text-align: center\"><strong>Hub de controle IoT inteligente<\/strong><\/p>\n<p style=\"text-align: center\">Com o Mi Smart Clock, voc\u00ea pode obter ajuda viva-voz em toda a casa. Basta pedir ao Google para controlar todos os seus dispositivos inteligentes.<\/p>\n<p style=\"text-align: center\"><strong>Moldura digital<\/strong><\/p>\n<p style=\"text-align: center\">O Mi Smart Clock pode ser configurado para exibir fotos armazenadas no Google Fotos para que voc\u00ea possa se lembrar de momentos divertidos do passado.<\/p>\n<p style=\"text-align: center\"><strong>Fique atento e sinta-se seguro<\/strong><\/p>\n<p style=\"text-align: center\">Depois de conectar sua c\u00e2mera de seguran\u00e7a ao Google Home, voc\u00ea pode usar o Mi Smart Clock para ver o que a c\u00e2mera est\u00e1 gravando, para verificar beb\u00eas dormindo, seus animais de estima\u00e7\u00e3o e muito mais.<\/p>\n<p style=\"text-align: center\"><strong>Chromecast integrado<\/strong><\/p>\n<p style=\"text-align: center\"><span data-spm-anchor-id=\"a2g0o.detail.1000023.i7.1e802b20y2eYpY\">Com o Chromecast integrado aos alto-falantes, seu telefone se torna seu controle remoto. Basta tocar no bot\u00e3o Transmitir nos aplicativos para transmitir m\u00fasicas do seu telefone, tablet ou laptop para os alto-falantes.<\/span><\/p>\n<p style=\"text-align: center\"><img decoding=\"async\" class=\"aligncenter\" src=\"https:\/\/www.rucashk.com\/wp-content\/uploads\/2021\/09\/H01472cefba1c47a3843066bbbc43a982O.jpg\" alt=\"Mi smart clock\" width=\"930\" height=\"474\" data-spm-anchor-id=\"a2g0o.detail.1000023.i6.1e802b20y2eYpY\" \/><\/p>\n<p style=\"text-align: center\"><strong>Mostre suas mem\u00f3rias favoritas<\/strong><br \/>\n\u00c1lbum de fotos digitais<\/p>\n<p style=\"text-align: center\">Comece suavemente o seu dia com o modo Sunrise<\/p>\n<p style=\"text-align: center\"><strong>Transmita sua m\u00fasica favorita<\/strong><br \/>\nusando apenas sua voz - basta perguntar ao Google<br \/>\nOk google<\/p>\n<p style=\"text-align: center\"><strong>Hub de controle de lote inteligente<\/strong><br \/>\nObtenha ajuda m\u00e3os-livres em casa. Basta perguntar ao Google.<\/p>\n<p style=\"text-align: center\"><img decoding=\"async\" class=\"aligncenter\" src=\"https:\/\/www.rucashk.com\/wp-content\/uploads\/2021\/09\/H29bf99bcfcff4fed9e9a139e20cecbear.jpg\" alt=\"Mi smart clock\" width=\"930\" height=\"447\" \/><img loading=\"lazy\" decoding=\"async\" class=\"aligncenter\" src=\"https:\/\/www.rucashk.com\/wp-content\/uploads\/2021\/09\/H059f4b00d90a48f191a2081af21df84ej.jpg\" alt=\"Mi smart clock\" width=\"930\" height=\"465\" \/>Meu rel\u00f3gio inteligente<\/p>\n<p style=\"text-align: center\">Tela sens\u00edvel ao toque colorida de 4\u2033<\/p>\n<p style=\"text-align: center\">Porta-retratos digital perfeito<\/p>\n<p style=\"text-align: center\">Transmita sua m\u00fasica favorita<\/p>\n<p style=\"text-align: center\">Hub de controle inteligente para dispositivos inteligentes<\/p>\n<p style=\"text-align: center\">Google Assistente e Chromecast integrados<\/p>\n<p style=\"text-align: center\">Transmita v\u00eddeo de dispositivos de seguran\u00e7a compat\u00edveis<img loading=\"lazy\" decoding=\"async\" class=\"aligncenter\" src=\"https:\/\/www.rucashk.com\/wp-content\/uploads\/2021\/09\/Haddd7a30e59d45cda79df9a6dc9e6dd5E.jpg\" alt=\"Mi smart clock\" width=\"1000\" height=\"563\" \/>Tela sens\u00edvel ao toque colorida de 4\u2033<\/p>\n<p style=\"text-align: center\">Uma tela sens\u00edvel ao toque colorida de 4 \u2033 com v\u00e1rios mostradores de rel\u00f3gio<\/p>\n<p style=\"text-align: center\">Representa muitas informa\u00e7\u00f5es como hora, clima, alarme, calend\u00e1rio e muito mais<\/p>\n<p style=\"text-align: center\">Voc\u00ea tamb\u00e9m pode personalizar a fun\u00e7\u00e3o de rotina Bom dia para fornecer as informa\u00e7\u00f5es necess\u00e1rias logo pela manh\u00e3, como informa\u00e7\u00f5es de tr\u00e2nsito, not\u00edcias di\u00e1rias e compromissos futuros<img loading=\"lazy\" decoding=\"async\" class=\"aligncenter\" src=\"https:\/\/www.rucashk.com\/wp-content\/uploads\/2021\/09\/Ha541ec2028494e7f9e9b757cb764d4130.jpg\" alt=\"Mi smart clock\" width=\"1000\" height=\"563\" \/>Porta-retratos digital perfeito<\/p>\n<p style=\"text-align: center\">O Mi Smart Clock pode ser configurado para exibir fotos armazenadas no Google Fotos para que voc\u00ea possa se lembrar de momentos divertidos do passado e sempre ter suas fotos favoritas em exibi\u00e7\u00e3o para alegrar o seu dia<img loading=\"lazy\" decoding=\"async\" class=\"aligncenter\" src=\"https:\/\/www.rucashk.com\/wp-content\/uploads\/2021\/09\/H995a110554744e3493719471891cb57e5.jpg\" alt=\"Mi smart clock\" width=\"1000\" height=\"563\" \/>Transmita sua m\u00fasica favorita<\/p>\n<p style=\"text-align: center\">Com suporte para Spotify, YouTube Music e mais servi\u00e7os de streaming, voc\u00ea pode curtir suas m\u00fasicas favoritas usando apenas sua voz.<img loading=\"lazy\" decoding=\"async\" class=\"aligncenter\" src=\"https:\/\/www.rucashk.com\/wp-content\/uploads\/2021\/09\/Hb4a03d3db1a94400bc18ec97a2418d41N.jpg\" alt=\"Mi smart clock\" width=\"1000\" height=\"563\" \/>Centro de controle inteligente<\/p>\n<p style=\"text-align: center\">Com o Mi Smart Clock, voc\u00ea pode obter ajuda com as m\u00e3os livres em toda a casa. Apague as luzes, ligue a TV ou aumente o aquecimento, controle o seu, basta pedir ao Google para controlar todos os seus dispositivos inteligentes.<\/p>\n<p style=\"text-align: center\">Funciona com milhares de dispositivos inteligentes compat\u00edveis<img loading=\"lazy\" decoding=\"async\" class=\"aligncenter\" src=\"https:\/\/www.rucashk.com\/wp-content\/uploads\/2021\/09\/H1640dd4a4b064ea6992e4a78b98c312b8.jpg\" alt=\"Mi smart clock\" width=\"1000\" height=\"563\" \/>Google Assistente e Chromecast integrados<\/p>\n<p style=\"text-align: center\">Fa\u00e7a suas tarefas sem usar as m\u00e3os com o Google Assistente<\/p>\n<p style=\"text-align: center\">Com o Chromecast integrado aos alto-falantes, seu telefone se torna seu controle remoto. Basta tocar no bot\u00e3o Transmitir nos aplicativos que voc\u00ea j\u00e1 conhece e adora para transmitir m\u00fasicas do seu telefone, tablet ou laptop para os alto-falantes.<img loading=\"lazy\" decoding=\"async\" class=\"aligncenter\" src=\"https:\/\/www.rucashk.com\/wp-content\/uploads\/2021\/09\/He9e50a5612304bb0b3b0142e656334a5u.jpg\" alt=\"Mi smart clock\" width=\"1000\" height=\"563\" \/>Transmita v\u00eddeo de dispositivos de seguran\u00e7a compat\u00edveis<\/p>\n<p style=\"text-align: center\">Depois de conectar sua c\u00e2mera de seguran\u00e7a ao Google Home, voc\u00ea pode usar o Mi Smart Clock para ver o que a c\u00e2mera est\u00e1 gravando, para verificar beb\u00eas dormindo, seus animais de estima\u00e7\u00e3o e muito mais.<img loading=\"lazy\" decoding=\"async\" class=\"aligncenter\" src=\"https:\/\/www.rucashk.com\/wp-content\/uploads\/2021\/09\/H6fe252f3c6cf4ead93b352224f0924b7g.jpg\" alt=\"Mi smart clock\" width=\"1000\" height=\"563\" \/>Design simples<\/p>\n<p style=\"text-align: center\">Com design simples e capa branca pura, o compacto Mi Smart Clock combina perfeitamente com qualquer ambiente<\/p>\n<p style=\"text-align: center\">Para respeitar sua privacidade, h\u00e1 um pr\u00e1tico bot\u00e3o de mudo na parte superior para impedir que o dispositivo ou\u00e7a<img loading=\"lazy\" decoding=\"async\" class=\"aligncenter\" src=\"https:\/\/www.rucashk.com\/wp-content\/uploads\/2021\/09\/H49a448e630334c998b4094a560e83883Z.jpg\" alt=\"Mi smart clock\" width=\"1000\" height=\"563\" \/><img loading=\"lazy\" decoding=\"async\" class=\"aligncenter\" src=\"https:\/\/www.rucashk.com\/wp-content\/uploads\/2021\/09\/H57278a12cce349beba6e4708641dcfbct.jpg\" alt=\"Mi smart clock\" width=\"1000\" height=\"563\" \/><img loading=\"lazy\" decoding=\"async\" class=\"aligncenter\" src=\"https:\/\/www.rucashk.com\/wp-content\/uploads\/2021\/09\/H5158240834c143768c9fe7252616cf2au.jpg\" alt=\"Mi smart clock\" width=\"930\" height=\"386\" \/><\/p>\n<p style=\"text-align: center\"><strong><span data-spm-anchor-id=\"a2g0o.detail.1000023.i15.1e802b20y2eYpY\">Especifica\u00e7\u00f5es<\/span><\/strong><\/p>\n<p style=\"text-align: center\">Modelo: X04G<\/p>\n<p style=\"text-align: center\" data-spm-anchor-id=\"a2g0o.detail.1000023.i14.1e802b20y2eYpY\">Tela: 3,97\u2033 800*480<\/p>\n<p style=\"text-align: center\">Alto-falante: alto-falante de 1 * 1,5 \u2033<\/p>\n<p style=\"text-align: center\">Microfone: 2 microfones de campo distante<\/p>\n<p style=\"text-align: center\">RAM e ROM: RAM 1 GB, ROM 4 GB<\/p>\n<p style=\"text-align: center\">Wi-Fi: IEEE 802.11b\/g\/n<\/p>\n<p style=\"text-align: center\">Bluetooth: Bluetooth 5.0<\/p>\n<p style=\"text-align: center\">Formatos de \u00e1udio: HE-AAC, LC-AAC, CELT\/Opus, MP3, Vorbis, Wav (\u00e1udio\/wav), FLAC<\/p>\n<p style=\"text-align: center\">Porta: Micro-USB<\/p>\n<p style=\"text-align: center\">Pot\u00eancia: 5V\/2A<\/p>\n<p style=\"text-align: center\" data-spm-anchor-id=\"a2g0o.detail.1000023.i13.1e802b20y2eYpY\">Dimens\u00e3o: 113*68*81,5mm<\/p>\n<p style=\"text-align: center\">Rucas, distribuidor l\u00edder da Xiaomi em Hong Kong.<br \/>\nFocando no produto de acess\u00f3rios ecol\u00f3gicos de uma marca da China, como Amazfit, Haylou, Ninebot, Roborock, Dreame, Imilab, 70Mai, Deerma. Mantemos centenas de SKUs Xiaomi com estoque em dep\u00f3sitos em HK e Shenzhen de forma est\u00e1vel para um prazo de entrega mais r\u00e1pido.<\/p>","protected":false},"excerpt":{"rendered":"<ul>\n<li>Tela sens\u00edvel ao toque de 4\u2033<\/li>\n<li>Transmitir m\u00fasicas favoritas<\/li>\n<li>Hub de controle IoT inteligente<\/li>\n<li>Moldura digital<\/li>\n<li>Fique atento e sinta-se seguro<\/li>\n<li>Chromecast integrado<\/li>\n<\/ul>","protected":false},"featured_media":25772,"template":"","meta":[],"product_brand":[1363],"product_cat":[1318,1305],"product_tag":[],"class_list":{"0":"post-25623","1":"product","2":"type-product","3":"status-publish","4":"has-post-thumbnail","6":"product_brand-xiaomi","7":"product_cat-gadgets","8":"product_cat-xiaomi-eco","10":"first","11":"instock","12":"shipping-taxable","13":"product-type-simple"},"aioseo_notices":[],"aioseo_head":"\n\t\t<!-- All in One SEO Pro 4.5.9.2 - aioseo.com -->\n\t\t<meta name=\"description\" content=\"4&quot; Touchsreen Display Stream Favorite Music Smart IoT Control Hub Digital Photo Frame Keep Watch &amp; Feel Safe Chromecast Built-in\" \/>\n\t\t<meta name=\"robots\" content=\"max-image-preview:large\" \/>\n\t\t<link rel=\"canonical\" href=\"https:\/\/www.rucashk.com\/pt\/produto\/mi-smart-clock\/\" \/>\n\t\t<meta name=\"generator\" content=\"All in One SEO Pro (AIOSEO) 4.5.9.2\" \/>\n\t\t<meta property=\"og:locale\" content=\"pt_PT\" \/>\n\t\t<meta property=\"og:site_name\" content=\"Rucas - One-stop AIoT Distribution Worldwide\" \/>\n\t\t<meta property=\"og:type\" content=\"article\" \/>\n\t\t<meta property=\"og:title\" content=\"Mi smart clock - Rucas - Wholesale and Distribution\" \/>\n\t\t<meta property=\"og:description\" content=\"4&quot; Touchsreen Display Stream Favorite Music Smart IoT Control Hub Digital Photo Frame Keep Watch &amp; Feel Safe Chromecast Built-in\" \/>\n\t\t<meta property=\"og:url\" content=\"https:\/\/www.rucashk.com\/pt\/produto\/mi-smart-clock\/\" \/>\n\t\t<meta property=\"og:image\" content=\"https:\/\/www.rucashk.com\/wp-content\/uploads\/replace\/503b8e645f128a97ccde2b6290747646.jpeg\" \/>\n\t\t<meta property=\"og:image:secure_url\" content=\"https:\/\/www.rucashk.com\/wp-content\/uploads\/replace\/503b8e645f128a97ccde2b6290747646.jpeg\" \/>\n\t\t<meta property=\"og:image:width\" content=\"1456\" \/>\n\t\t<meta property=\"og:image:height\" content=\"816\" \/>\n\t\t<meta property=\"article:published_time\" content=\"2024-01-09T16:19:24+00:00\" \/>\n\t\t<meta property=\"article:modified_time\" content=\"2025-06-22T07:16:13+00:00\" \/>\n\t\t<meta name=\"twitter:card\" content=\"summary_large_image\" \/>\n\t\t<meta name=\"twitter:title\" content=\"Mi smart clock - Rucas - Wholesale and Distribution\" \/>\n\t\t<meta name=\"twitter:description\" content=\"4&quot; Touchsreen Display Stream Favorite Music Smart IoT Control Hub Digital Photo Frame Keep Watch &amp; Feel Safe Chromecast Built-in\" \/>\n\t\t<meta name=\"twitter:image\" content=\"https:\/\/www.rucashk.com\/wp-content\/uploads\/replace\/503b8e645f128a97ccde2b6290747646.jpeg\" \/>\n\t\t<script type=\"application\/ld+json\" class=\"aioseo-schema\">\n\t\t\t{\"@context\":\"https:\\\/\\\/schema.org\",\"@graph\":[{\"@type\":\"BreadcrumbList\",\"@id\":\"https:\\\/\\\/www.rucashk.com\\\/pt\\\/produto\\\/mi-smart-clock\\\/#breadcrumblist\",\"itemListElement\":[{\"@type\":\"ListItem\",\"@id\":\"https:\\\/\\\/www.rucashk.com\\\/pt\\\/#listItem\",\"position\":1,\"name\":\"Home\",\"item\":\"https:\\\/\\\/www.rucashk.com\\\/pt\\\/\",\"nextItem\":\"https:\\\/\\\/www.rucashk.com\\\/pt\\\/produto\\\/mi-smart-clock\\\/#listItem\"},{\"@type\":\"ListItem\",\"@id\":\"https:\\\/\\\/www.rucashk.com\\\/pt\\\/produto\\\/mi-smart-clock\\\/#listItem\",\"position\":2,\"name\":\"Mi smart clock\",\"previousItem\":\"https:\\\/\\\/www.rucashk.com\\\/pt\\\/#listItem\"}]},{\"@type\":\"Organization\",\"@id\":\"https:\\\/\\\/www.rucashk.com\\\/pt\\\/#organization\",\"name\":\"Rucas\",\"url\":\"https:\\\/\\\/www.rucashk.com\\\/pt\\\/\",\"logo\":{\"@type\":\"ImageObject\",\"url\":\"https:\\\/\\\/www.rucashk.com\\\/wp-content\\\/uploads\\\/2023\\\/12\\\/Rucas_campany_logo.png\",\"@id\":\"https:\\\/\\\/www.rucashk.com\\\/pt\\\/produto\\\/mi-smart-clock\\\/#organizationLogo\",\"width\":221,\"height\":65},\"image\":{\"@id\":\"https:\\\/\\\/www.rucashk.com\\\/pt\\\/#organizationLogo\"}},{\"@type\":\"Person\",\"@id\":\"https:\\\/\\\/www.rucashk.com\\\/pt\\\/author\\\/admin\\\/#author\",\"url\":\"https:\\\/\\\/www.rucashk.com\\\/pt\\\/author\\\/admin\\\/\",\"name\":\"admin\",\"image\":{\"@type\":\"ImageObject\",\"@id\":\"https:\\\/\\\/www.rucashk.com\\\/pt\\\/produto\\\/mi-smart-clock\\\/#authorImage\",\"url\":\"https:\\\/\\\/secure.gravatar.com\\\/avatar\\\/b7c8925b09a27e72b30232f8ecaadbd5af0f70a38c78096863fe51b64f031c24?s=96&d=mm&r=g\",\"width\":96,\"height\":96,\"caption\":\"admin\"}},{\"@type\":\"WebPage\",\"@id\":\"https:\\\/\\\/www.rucashk.com\\\/pt\\\/produto\\\/mi-smart-clock\\\/#webpage\",\"url\":\"https:\\\/\\\/www.rucashk.com\\\/pt\\\/produto\\\/mi-smart-clock\\\/\",\"name\":\"Mi smart clock - Rucas - Wholesale and Distribution\",\"description\":\"4\\\" Touchsreen Display Stream Favorite Music Smart IoT Control Hub Digital Photo Frame Keep Watch & Feel Safe Chromecast Built-in\",\"inLanguage\":\"pt-PT\",\"isPartOf\":{\"@id\":\"https:\\\/\\\/www.rucashk.com\\\/pt\\\/#website\"},\"breadcrumb\":{\"@id\":\"https:\\\/\\\/www.rucashk.com\\\/pt\\\/produto\\\/mi-smart-clock\\\/#breadcrumblist\"},\"author\":{\"@id\":\"https:\\\/\\\/www.rucashk.com\\\/pt\\\/author\\\/admin\\\/#author\"},\"creator\":{\"@id\":\"https:\\\/\\\/www.rucashk.com\\\/pt\\\/author\\\/admin\\\/#author\"},\"image\":{\"@type\":\"ImageObject\",\"url\":\"https:\\\/\\\/www.rucashk.com\\\/wp-content\\\/uploads\\\/2024\\\/01\\\/Mi-smart-clock-1.jpg\",\"@id\":\"https:\\\/\\\/www.rucashk.com\\\/pt\\\/produto\\\/mi-smart-clock\\\/#mainImage\",\"width\":800,\"height\":800},\"primaryImageOfPage\":{\"@id\":\"https:\\\/\\\/www.rucashk.com\\\/pt\\\/produto\\\/mi-smart-clock\\\/#mainImage\"},\"datePublished\":\"2024-01-09T16:19:24+00:00\",\"dateModified\":\"2025-06-22T07:16:13+00:00\"},{\"@type\":\"WebSite\",\"@id\":\"https:\\\/\\\/www.rucashk.com\\\/pt\\\/#website\",\"url\":\"https:\\\/\\\/www.rucashk.com\\\/pt\\\/\",\"name\":\"Rucas - Wholesale and distribution worldwide\",\"alternateName\":\"Rucas - One-stop AIoT Distribution Worldwide\",\"description\":\"One-stop AIoT Distribution Worldwide\",\"inLanguage\":\"pt-PT\",\"publisher\":{\"@id\":\"https:\\\/\\\/www.rucashk.com\\\/pt\\\/#organization\"}}]}\n\t\t<\/script>\n\t\t<!-- All in One SEO Pro -->\r\n\t\t<title>Mi smart clock - Rucas - Wholesale and Distribution<\/title>\n\n","aioseo_head_json":{"title":"Mi smart clock - Rucas - Wholesale and Distribution","description":"4\" Touchsreen Display Stream Favorite Music Smart IoT Control Hub Digital Photo Frame Keep Watch & Feel Safe Chromecast Built-in","canonical_url":"https:\/\/www.rucashk.com\/pt\/produto\/mi-smart-clock\/","robots":"max-image-preview:large","keywords":"","webmasterTools":{"miscellaneous":""},"og:locale":"pt_PT","og:site_name":"Rucas - One-stop AIoT Distribution Worldwide","og:type":"article","og:title":"Mi smart clock - Rucas - Wholesale and Distribution","og:description":"4&quot; Touchsreen Display Stream Favorite Music Smart IoT Control Hub Digital Photo Frame Keep Watch &amp; Feel Safe Chromecast Built-in","og:url":"https:\/\/www.rucashk.com\/pt\/produto\/mi-smart-clock\/","og:image":"https:\/\/www.rucashk.com\/wp-content\/uploads\/replace\/503b8e645f128a97ccde2b6290747646.jpeg","og:image:secure_url":"https:\/\/www.rucashk.com\/wp-content\/uploads\/replace\/503b8e645f128a97ccde2b6290747646.jpeg","og:image:width":1456,"og:image:height":816,"article:published_time":"2024-01-09T16:19:24+00:00","article:modified_time":"2025-06-22T07:16:13+00:00","twitter:card":"summary_large_image","twitter:title":"Mi smart clock - Rucas - Wholesale and Distribution","twitter:description":"4&quot; Touchsreen Display Stream Favorite Music Smart IoT Control Hub Digital Photo Frame Keep Watch &amp; Feel Safe Chromecast Built-in","twitter:image":"https:\/\/www.rucashk.com\/wp-content\/uploads\/replace\/503b8e645f128a97ccde2b6290747646.jpeg","schema":{"@context":"https:\/\/schema.org","@graph":[{"@type":"BreadcrumbList","@id":"https:\/\/www.rucashk.com\/pt\/produto\/mi-smart-clock\/#breadcrumblist","itemListElement":[{"@type":"ListItem","@id":"https:\/\/www.rucashk.com\/pt\/#listItem","position":1,"name":"Home","item":"https:\/\/www.rucashk.com\/pt\/","nextItem":"https:\/\/www.rucashk.com\/pt\/produto\/mi-smart-clock\/#listItem"},{"@type":"ListItem","@id":"https:\/\/www.rucashk.com\/pt\/produto\/mi-smart-clock\/#listItem","position":2,"name":"Mi smart clock","previousItem":"https:\/\/www.rucashk.com\/pt\/#listItem"}]},{"@type":"Organization","@id":"https:\/\/www.rucashk.com\/pt\/#organization","name":"Rucas","url":"https:\/\/www.rucashk.com\/pt\/","logo":{"@type":"ImageObject","url":"https:\/\/www.rucashk.com\/wp-content\/uploads\/2023\/12\/Rucas_campany_logo.png","@id":"https:\/\/www.rucashk.com\/pt\/produto\/mi-smart-clock\/#organizationLogo","width":221,"height":65},"image":{"@id":"https:\/\/www.rucashk.com\/pt\/#organizationLogo"}},{"@type":"Person","@id":"https:\/\/www.rucashk.com\/pt\/author\/admin\/#author","url":"https:\/\/www.rucashk.com\/pt\/author\/admin\/","name":"admin","image":{"@type":"ImageObject","@id":"https:\/\/www.rucashk.com\/pt\/produto\/mi-smart-clock\/#authorImage","url":"https:\/\/secure.gravatar.com\/avatar\/b7c8925b09a27e72b30232f8ecaadbd5af0f70a38c78096863fe51b64f031c24?s=96&d=mm&r=g","width":96,"height":96,"caption":"admin"}},{"@type":"WebPage","@id":"https:\/\/www.rucashk.com\/pt\/produto\/mi-smart-clock\/#webpage","url":"https:\/\/www.rucashk.com\/pt\/produto\/mi-smart-clock\/","name":"Mi smart clock - Rucas - Wholesale and Distribution","description":"4\" Touchsreen Display Stream Favorite Music Smart IoT Control Hub Digital Photo Frame Keep Watch & Feel Safe Chromecast Built-in","inLanguage":"pt-PT","isPartOf":{"@id":"https:\/\/www.rucashk.com\/pt\/#website"},"breadcrumb":{"@id":"https:\/\/www.rucashk.com\/pt\/produto\/mi-smart-clock\/#breadcrumblist"},"author":{"@id":"https:\/\/www.rucashk.com\/pt\/author\/admin\/#author"},"creator":{"@id":"https:\/\/www.rucashk.com\/pt\/author\/admin\/#author"},"image":{"@type":"ImageObject","url":"https:\/\/www.rucashk.com\/wp-content\/uploads\/2024\/01\/Mi-smart-clock-1.jpg","@id":"https:\/\/www.rucashk.com\/pt\/produto\/mi-smart-clock\/#mainImage","width":800,"height":800},"primaryImageOfPage":{"@id":"https:\/\/www.rucashk.com\/pt\/produto\/mi-smart-clock\/#mainImage"},"datePublished":"2024-01-09T16:19:24+00:00","dateModified":"2025-06-22T07:16:13+00:00"},{"@type":"WebSite","@id":"https:\/\/www.rucashk.com\/pt\/#website","url":"https:\/\/www.rucashk.com\/pt\/","name":"Rucas - Wholesale and distribution worldwide","alternateName":"Rucas - One-stop AIoT Distribution Worldwide","description":"One-stop AIoT Distribution Worldwide","inLanguage":"pt-PT","publisher":{"@id":"https:\/\/www.rucashk.com\/pt\/#organization"}}]}},"aioseo_meta_data":{"post_id":"25623","title":null,"description":null,"keywords":null,"keyphrases":null,"primary_term":null,"canonical_url":null,"og_title":null,"og_description":null,"og_object_type":"default","og_image_type":"default","og_image_url":null,"og_image_width":null,"og_image_height":null,"og_image_custom_url":null,"og_image_custom_fields":null,"og_video":null,"og_custom_url":null,"og_article_section":null,"og_article_tags":null,"twitter_use_og":false,"twitter_card":"default","twitter_image_type":"default","twitter_image_url":null,"twitter_image_custom_url":null,"twitter_image_custom_fields":null,"twitter_title":null,"twitter_description":null,"schema":{"blockGraphs":[],"customGraphs":[],"default":{"data":{"Article":[],"Course":[],"Dataset":[],"FAQPage":[],"Movie":[],"Person":[],"Product":[],"Recipe":[],"Service":[],"SoftwareApplication":[],"WebPage":[]},"graphName":"","isEnabled":true},"graphs":[]},"schema_type":"default","schema_type_options":null,"pillar_content":false,"robots_default":true,"robots_noindex":false,"robots_noarchive":false,"robots_nosnippet":false,"robots_nofollow":false,"robots_noimageindex":false,"robots_noodp":false,"robots_notranslate":false,"robots_max_snippet":null,"robots_max_videopreview":null,"robots_max_imagepreview":"large","priority":null,"frequency":null,"local_seo":null,"breadcrumb_settings":null,"limit_modified_date":false,"created":"2024-04-11 01:57:19","updated":"2025-06-22 17:59:25"},"aioseo_breadcrumb":"<div class=\"aioseo-breadcrumbs\"><span class=\"aioseo-breadcrumb\">\n\t<a href=\"https:\/\/www.rucashk.com\/pt\" title=\"Home\">Home<\/a>\n<\/span><span class=\"aioseo-breadcrumb-separator\">&raquo;<\/span><span class=\"aioseo-breadcrumb\">\n\t<a href=\"https:\/\/www.rucashk.com\/pt\/products\/\" title=\"Produtos\">Produtos<\/a>\n<\/span><span class=\"aioseo-breadcrumb-separator\">&raquo;<\/span><span class=\"aioseo-breadcrumb\">\n\t<a href=\"https:\/\/www.rucashk.com\/pt\/marca\/xiaomi\/\" title=\"Xiaomi\">Xiaomi<\/a>\n<\/span><span class=\"aioseo-breadcrumb-separator\">&raquo;<\/span><span class=\"aioseo-breadcrumb\">\n\tMi smart clock\n<\/span><\/div>","aioseo_breadcrumb_json":[{"label":"Home","link":"https:\/\/www.rucashk.com\/pt"},{"label":"Produtos","link":"https:\/\/www.rucashk.com\/pt\/products\/"},{"label":"Xiaomi","link":"https:\/\/www.rucashk.com\/pt\/marca\/xiaomi\/"},{"label":"Mi smart clock","link":"https:\/\/www.rucashk.com\/pt\/produto\/mi-smart-clock\/"}],"_links":{"self":[{"href":"https:\/\/www.rucashk.com\/pt\/wp-json\/wp\/v2\/product\/25623","targetHints":{"allow":["GET"]}}],"collection":[{"href":"https:\/\/www.rucashk.com\/pt\/wp-json\/wp\/v2\/product"}],"about":[{"href":"https:\/\/www.rucashk.com\/pt\/wp-json\/wp\/v2\/types\/product"}],"wp:featuredmedia":[{"embeddable":true,"href":"https:\/\/www.rucashk.com\/pt\/wp-json\/wp\/v2\/media\/25772"}],"wp:attachment":[{"href":"https:\/\/www.rucashk.com\/pt\/wp-json\/wp\/v2\/media?parent=25623"}],"wp:term":[{"taxonomy":"product_brand","embeddable":true,"href":"https:\/\/www.rucashk.com\/pt\/wp-json\/wp\/v2\/product_brand?post=25623"},{"taxonomy":"product_cat","embeddable":true,"href":"https:\/\/www.rucashk.com\/pt\/wp-json\/wp\/v2\/product_cat?post=25623"},{"taxonomy":"product_tag","embeddable":true,"href":"https:\/\/www.rucashk.com\/pt\/wp-json\/wp\/v2\/product_tag?post=25623"}],"curies":[{"name":"wp","href":"https:\/\/api.w.org\/{rel}","templated":true}]}}