{"id":25620,"date":"2024-01-09T16:19:24","date_gmt":"2024-01-09T16:19:24","guid":{"rendered":"http:\/\/rucashk.com\/?post_type=product&#038;p=25620"},"modified":"2024-01-23T09:59:52","modified_gmt":"2024-01-23T09:59:52","slug":"infinix-hot-10s-smartphone","status":"publish","type":"product","link":"https:\/\/www.rucashk.com\/pt\/produto\/infinix-hot-10s-smartphone\/","title":{"rendered":"Smartphone Infinix quente 10S"},"content":{"rendered":"<div class=\"detailmodule_html\" align=\"center\"><img fetchpriority=\"high\" decoding=\"async\" class=\"aligncenter\" src=\"https:\/\/www.rucashk.com\/wp-content\/uploads\/2021\/09\/H3579660038744ad4bbd3d68346e43680x.jpg\" alt=\"Infinix hot 10S Smartphone\" width=\"1000\" height=\"482\" \/><\/div>\n<div class=\"detailmodule_html\" style=\"text-align: center\" align=\"center\"><\/div>\n<div class=\"detailmodule_html\" style=\"text-align: center\" align=\"center\">MediaTek Helio G85 \/ c\u00e2mera tripla de 48 MP \/ 90 Hz 6,82 \u201dHD +<\/div>\n<div class=\"detailmodule_html\" style=\"text-align: center\" align=\"center\">5000mAh \/ Desbloqueio facial e de impress\u00e3o digital \/ Dar-link<\/div>\n<p style=\"text-align: center\"><img decoding=\"async\" class=\"aligncenter\" src=\"https:\/\/www.rucashk.com\/wp-content\/uploads\/2021\/09\/He9eda2f50ca043088d474afe76f99591x.jpg\" alt=\"Infinix hot 10S Smartphone\" width=\"1000\" height=\"560\" \/><\/p>\n<div align=\"center\"><\/div>\n<div class=\"detailmodule_html\" style=\"text-align: center\" align=\"center\"><strong>MediaTK helio G85<\/strong><\/div>\n<div class=\"detailmodule_html\" style=\"text-align: center\" align=\"center\">Alto desempenho e experi\u00eancia poderosa<\/div>\n<p class=\"detailmodule_html\" style=\"text-align: center\"><img decoding=\"async\" class=\"aligncenter\" src=\"https:\/\/www.rucashk.com\/wp-content\/uploads\/2021\/09\/H93e5815dd4df45c89e7d7854304b43c3Q.jpg\" alt=\"Infinix hot 10S Smartphone\" width=\"1000\" height=\"1669\" \/><\/p>\n<div class=\"detailmodule_html\" style=\"text-align: center\" align=\"center\">\n<div class=\"detailmodule_html\" align=\"center\"><\/div>\n<\/div>\n<div class=\"detail-desc-decorate-richtext\" style=\"text-align: center\" align=\"center\"><strong>Super Nightscape com c\u00e2mera tripla de 48MP<\/strong><\/div>\n<p class=\"detailmodule_html\" style=\"text-align: center\"><img loading=\"lazy\" decoding=\"async\" class=\"aligncenter\" src=\"https:\/\/www.rucashk.com\/wp-content\/uploads\/2021\/09\/H8dc774b3e2b74432b8f8e5c36b4c970c8.jpg\" alt=\"Infinix hot 10S Smartphone\" width=\"1000\" height=\"503\" \/><\/p>\n<p style=\"text-align: center\">\n<div class=\"detailmodule_html\" style=\"text-align: center\" align=\"center\"><strong>Desbloqueio facial e de impress\u00e3o digital Desbloqueie facilmente com uma m\u00e1scara<\/strong><\/div>\n<div class=\"detailmodule_html\" style=\"text-align: center\" align=\"center\">HOT 10S pode ser desbloqueado em um piscar de olhos com impress\u00e3o digital ou reconhecimento facial,<\/div>\n<div class=\"detailmodule_html\" style=\"text-align: center\" align=\"center\">proporcionando seguran\u00e7a e comodidade.<\/div>\n<p class=\"detailmodule_html\"><img loading=\"lazy\" decoding=\"async\" class=\"aligncenter\" src=\"https:\/\/www.rucashk.com\/wp-content\/uploads\/2021\/09\/H2f42ed6150174c54b6f741b0bbad90b9R.jpg\" alt=\"Infinix hot 10S Smartphone\" width=\"1000\" height=\"965\" \/><\/p>\n<p>&nbsp;<\/p>\n<p style=\"text-align: center\">Rucas, distribuidor l\u00edder da Xiaomi em Hong Kong.<br \/>\nFocando no produto de acess\u00f3rios ecol\u00f3gicos de uma marca da China, como Amazfit, Haylou, Ninebot, Roborock, Dreame, Imilab, 70Mai, Deerma. Mantemos centenas de SKUs Xiaomi com estoque em dep\u00f3sitos em HK e Shenzhen de forma est\u00e1vel para um prazo de entrega mais r\u00e1pido.<\/p>","protected":false},"excerpt":{"rendered":"<ul>\n<li>90Hz+180Hz<\/li>\n<li>Helio G85\/G25 Jogo Suave<\/li>\n<li>Tela de reprodu\u00e7\u00e3o de v\u00eddeo HD+ de 82 polegadas<\/li>\n<li>C\u00e2mera frontal de beleza de 8MP<\/li>\n<li>C\u00e2mera traseira dupla AI de 48 MP<\/li>\n<li>Desbloqueio facial e impress\u00e3o digital<\/li>\n<li>D\u00ea energia ao seu dia com a super bateria de 5000mAh<\/li>\n<\/ul>","protected":false},"featured_media":25752,"template":"","meta":[],"product_brand":[],"product_cat":[1302,1295],"product_tag":[],"class_list":{"0":"post-25620","1":"product","2":"type-product","3":"status-publish","4":"has-post-thumbnail","6":"product_cat-infinix-mobile-phone","7":"product_cat-mobile-phone","9":"first","10":"instock","11":"shipping-taxable","12":"product-type-simple"},"aioseo_notices":[],"aioseo_head":"\n\t\t<!-- All in One SEO Pro 4.5.9.2 - aioseo.com -->\n\t\t<meta name=\"description\" content=\"90Hz+180Hz Helio G85\/G25 Smooth Game Playing 82 inch HD+ Video playing display 8MP Beauty front camera 48MP AI dual rear camera Face Unlock &amp; Fingerprint Power Your Day with 5000mAh Super Battery\" \/>\n\t\t<meta name=\"robots\" content=\"max-image-preview:large\" \/>\n\t\t<link rel=\"canonical\" href=\"https:\/\/www.rucashk.com\/pt\/produto\/infinix-hot-10s-smartphone\/\" \/>\n\t\t<meta name=\"generator\" content=\"All in One SEO Pro (AIOSEO) 4.5.9.2\" \/>\n\t\t<meta property=\"og:locale\" content=\"pt_PT\" \/>\n\t\t<meta property=\"og:site_name\" content=\"Rucas - One-stop AIoT Distribution Worldwide\" \/>\n\t\t<meta property=\"og:type\" content=\"article\" \/>\n\t\t<meta property=\"og:title\" content=\"Infinix hot 10S Smartphone - Rucas - Wholesale and Distribution\" \/>\n\t\t<meta property=\"og:description\" content=\"90Hz+180Hz Helio G85\/G25 Smooth Game Playing 82 inch HD+ Video playing display 8MP Beauty front camera 48MP AI dual rear camera Face Unlock &amp; Fingerprint Power Your Day with 5000mAh Super Battery\" \/>\n\t\t<meta property=\"og:url\" content=\"https:\/\/www.rucashk.com\/pt\/produto\/infinix-hot-10s-smartphone\/\" \/>\n\t\t<meta property=\"og:image\" content=\"https:\/\/www.rucashk.com\/wp-content\/uploads\/replace\/503b8e645f128a97ccde2b6290747646.jpeg\" \/>\n\t\t<meta property=\"og:image:secure_url\" content=\"https:\/\/www.rucashk.com\/wp-content\/uploads\/replace\/503b8e645f128a97ccde2b6290747646.jpeg\" \/>\n\t\t<meta property=\"og:image:width\" content=\"1456\" \/>\n\t\t<meta property=\"og:image:height\" content=\"816\" \/>\n\t\t<meta property=\"article:published_time\" content=\"2024-01-09T16:19:24+00:00\" \/>\n\t\t<meta property=\"article:modified_time\" content=\"2024-01-23T09:59:52+00:00\" \/>\n\t\t<meta name=\"twitter:card\" content=\"summary_large_image\" \/>\n\t\t<meta name=\"twitter:title\" content=\"Infinix hot 10S Smartphone - Rucas - Wholesale and Distribution\" \/>\n\t\t<meta name=\"twitter:description\" content=\"90Hz+180Hz Helio G85\/G25 Smooth Game Playing 82 inch HD+ Video playing display 8MP Beauty front camera 48MP AI dual rear camera Face Unlock &amp; Fingerprint Power Your Day with 5000mAh Super Battery\" \/>\n\t\t<meta name=\"twitter:image\" content=\"https:\/\/www.rucashk.com\/wp-content\/uploads\/replace\/503b8e645f128a97ccde2b6290747646.jpeg\" \/>\n\t\t<script type=\"application\/ld+json\" class=\"aioseo-schema\">\n\t\t\t{\"@context\":\"https:\\\/\\\/schema.org\",\"@graph\":[{\"@type\":\"BreadcrumbList\",\"@id\":\"https:\\\/\\\/www.rucashk.com\\\/pt\\\/produto\\\/infinix-hot-10s-smartphone\\\/#breadcrumblist\",\"itemListElement\":[{\"@type\":\"ListItem\",\"@id\":\"https:\\\/\\\/www.rucashk.com\\\/pt\\\/#listItem\",\"position\":1,\"name\":\"Home\",\"item\":\"https:\\\/\\\/www.rucashk.com\\\/pt\\\/\",\"nextItem\":\"https:\\\/\\\/www.rucashk.com\\\/pt\\\/produto\\\/infinix-hot-10s-smartphone\\\/#listItem\"},{\"@type\":\"ListItem\",\"@id\":\"https:\\\/\\\/www.rucashk.com\\\/pt\\\/produto\\\/infinix-hot-10s-smartphone\\\/#listItem\",\"position\":2,\"name\":\"Infinix hot 10S Smartphone\",\"previousItem\":\"https:\\\/\\\/www.rucashk.com\\\/pt\\\/#listItem\"}]},{\"@type\":\"Organization\",\"@id\":\"https:\\\/\\\/www.rucashk.com\\\/pt\\\/#organization\",\"name\":\"Rucas\",\"url\":\"https:\\\/\\\/www.rucashk.com\\\/pt\\\/\",\"logo\":{\"@type\":\"ImageObject\",\"url\":\"https:\\\/\\\/www.rucashk.com\\\/wp-content\\\/uploads\\\/2023\\\/12\\\/Rucas_campany_logo.png\",\"@id\":\"https:\\\/\\\/www.rucashk.com\\\/pt\\\/produto\\\/infinix-hot-10s-smartphone\\\/#organizationLogo\",\"width\":221,\"height\":65},\"image\":{\"@id\":\"https:\\\/\\\/www.rucashk.com\\\/pt\\\/#organizationLogo\"}},{\"@type\":\"Person\",\"@id\":\"https:\\\/\\\/www.rucashk.com\\\/pt\\\/author\\\/admin\\\/#author\",\"url\":\"https:\\\/\\\/www.rucashk.com\\\/pt\\\/author\\\/admin\\\/\",\"name\":\"admin\",\"image\":{\"@type\":\"ImageObject\",\"@id\":\"https:\\\/\\\/www.rucashk.com\\\/pt\\\/produto\\\/infinix-hot-10s-smartphone\\\/#authorImage\",\"url\":\"https:\\\/\\\/secure.gravatar.com\\\/avatar\\\/b7c8925b09a27e72b30232f8ecaadbd5af0f70a38c78096863fe51b64f031c24?s=96&d=mm&r=g\",\"width\":96,\"height\":96,\"caption\":\"admin\"}},{\"@type\":\"WebPage\",\"@id\":\"https:\\\/\\\/www.rucashk.com\\\/pt\\\/produto\\\/infinix-hot-10s-smartphone\\\/#webpage\",\"url\":\"https:\\\/\\\/www.rucashk.com\\\/pt\\\/produto\\\/infinix-hot-10s-smartphone\\\/\",\"name\":\"Infinix hot 10S Smartphone - Rucas - Wholesale and Distribution\",\"description\":\"90Hz+180Hz Helio G85\\\/G25 Smooth Game Playing 82 inch HD+ Video playing display 8MP Beauty front camera 48MP AI dual rear camera Face Unlock & Fingerprint Power Your Day with 5000mAh Super Battery\",\"inLanguage\":\"pt-PT\",\"isPartOf\":{\"@id\":\"https:\\\/\\\/www.rucashk.com\\\/pt\\\/#website\"},\"breadcrumb\":{\"@id\":\"https:\\\/\\\/www.rucashk.com\\\/pt\\\/produto\\\/infinix-hot-10s-smartphone\\\/#breadcrumblist\"},\"author\":{\"@id\":\"https:\\\/\\\/www.rucashk.com\\\/pt\\\/author\\\/admin\\\/#author\"},\"creator\":{\"@id\":\"https:\\\/\\\/www.rucashk.com\\\/pt\\\/author\\\/admin\\\/#author\"},\"image\":{\"@type\":\"ImageObject\",\"url\":\"https:\\\/\\\/www.rucashk.com\\\/wp-content\\\/uploads\\\/2024\\\/01\\\/Infinix-hot-10S-Smartphone-2.jpg\",\"@id\":\"https:\\\/\\\/www.rucashk.com\\\/pt\\\/produto\\\/infinix-hot-10s-smartphone\\\/#mainImage\",\"width\":800,\"height\":800},\"primaryImageOfPage\":{\"@id\":\"https:\\\/\\\/www.rucashk.com\\\/pt\\\/produto\\\/infinix-hot-10s-smartphone\\\/#mainImage\"},\"datePublished\":\"2024-01-09T16:19:24+00:00\",\"dateModified\":\"2024-01-23T09:59:52+00:00\"},{\"@type\":\"WebSite\",\"@id\":\"https:\\\/\\\/www.rucashk.com\\\/pt\\\/#website\",\"url\":\"https:\\\/\\\/www.rucashk.com\\\/pt\\\/\",\"name\":\"Rucas - Wholesale and distribution worldwide\",\"alternateName\":\"Rucas - One-stop AIoT Distribution Worldwide\",\"description\":\"One-stop AIoT Distribution Worldwide\",\"inLanguage\":\"pt-PT\",\"publisher\":{\"@id\":\"https:\\\/\\\/www.rucashk.com\\\/pt\\\/#organization\"}}]}\n\t\t<\/script>\n\t\t<!-- All in One SEO Pro -->\r\n\t\t<title>Infinix hot 10S Smartphone - Rucas - Wholesale and Distribution<\/title>\n\n","aioseo_head_json":{"title":"Infinix hot 10S Smartphone - Rucas - Wholesale and Distribution","description":"90Hz+180Hz Helio G85\/G25 Smooth Game Playing 82 inch HD+ Video playing display 8MP Beauty front camera 48MP AI dual rear camera Face Unlock & Fingerprint Power Your Day with 5000mAh Super Battery","canonical_url":"https:\/\/www.rucashk.com\/pt\/produto\/infinix-hot-10s-smartphone\/","robots":"max-image-preview:large","keywords":"","webmasterTools":{"miscellaneous":""},"og:locale":"pt_PT","og:site_name":"Rucas - One-stop AIoT Distribution Worldwide","og:type":"article","og:title":"Infinix hot 10S Smartphone - Rucas - Wholesale and Distribution","og:description":"90Hz+180Hz Helio G85\/G25 Smooth Game Playing 82 inch HD+ Video playing display 8MP Beauty front camera 48MP AI dual rear camera Face Unlock &amp; Fingerprint Power Your Day with 5000mAh Super Battery","og:url":"https:\/\/www.rucashk.com\/pt\/produto\/infinix-hot-10s-smartphone\/","og:image":"https:\/\/www.rucashk.com\/wp-content\/uploads\/replace\/503b8e645f128a97ccde2b6290747646.jpeg","og:image:secure_url":"https:\/\/www.rucashk.com\/wp-content\/uploads\/replace\/503b8e645f128a97ccde2b6290747646.jpeg","og:image:width":1456,"og:image:height":816,"article:published_time":"2024-01-09T16:19:24+00:00","article:modified_time":"2024-01-23T09:59:52+00:00","twitter:card":"summary_large_image","twitter:title":"Infinix hot 10S Smartphone - Rucas - Wholesale and Distribution","twitter:description":"90Hz+180Hz Helio G85\/G25 Smooth Game Playing 82 inch HD+ Video playing display 8MP Beauty front camera 48MP AI dual rear camera Face Unlock &amp; Fingerprint Power Your Day with 5000mAh Super Battery","twitter:image":"https:\/\/www.rucashk.com\/wp-content\/uploads\/replace\/503b8e645f128a97ccde2b6290747646.jpeg","schema":{"@context":"https:\/\/schema.org","@graph":[{"@type":"BreadcrumbList","@id":"https:\/\/www.rucashk.com\/pt\/produto\/infinix-hot-10s-smartphone\/#breadcrumblist","itemListElement":[{"@type":"ListItem","@id":"https:\/\/www.rucashk.com\/pt\/#listItem","position":1,"name":"Home","item":"https:\/\/www.rucashk.com\/pt\/","nextItem":"https:\/\/www.rucashk.com\/pt\/produto\/infinix-hot-10s-smartphone\/#listItem"},{"@type":"ListItem","@id":"https:\/\/www.rucashk.com\/pt\/produto\/infinix-hot-10s-smartphone\/#listItem","position":2,"name":"Infinix hot 10S Smartphone","previousItem":"https:\/\/www.rucashk.com\/pt\/#listItem"}]},{"@type":"Organization","@id":"https:\/\/www.rucashk.com\/pt\/#organization","name":"Rucas","url":"https:\/\/www.rucashk.com\/pt\/","logo":{"@type":"ImageObject","url":"https:\/\/www.rucashk.com\/wp-content\/uploads\/2023\/12\/Rucas_campany_logo.png","@id":"https:\/\/www.rucashk.com\/pt\/produto\/infinix-hot-10s-smartphone\/#organizationLogo","width":221,"height":65},"image":{"@id":"https:\/\/www.rucashk.com\/pt\/#organizationLogo"}},{"@type":"Person","@id":"https:\/\/www.rucashk.com\/pt\/author\/admin\/#author","url":"https:\/\/www.rucashk.com\/pt\/author\/admin\/","name":"admin","image":{"@type":"ImageObject","@id":"https:\/\/www.rucashk.com\/pt\/produto\/infinix-hot-10s-smartphone\/#authorImage","url":"https:\/\/secure.gravatar.com\/avatar\/b7c8925b09a27e72b30232f8ecaadbd5af0f70a38c78096863fe51b64f031c24?s=96&d=mm&r=g","width":96,"height":96,"caption":"admin"}},{"@type":"WebPage","@id":"https:\/\/www.rucashk.com\/pt\/produto\/infinix-hot-10s-smartphone\/#webpage","url":"https:\/\/www.rucashk.com\/pt\/produto\/infinix-hot-10s-smartphone\/","name":"Infinix hot 10S Smartphone - Rucas - Wholesale and Distribution","description":"90Hz+180Hz Helio G85\/G25 Smooth Game Playing 82 inch HD+ Video playing display 8MP Beauty front camera 48MP AI dual rear camera Face Unlock & Fingerprint Power Your Day with 5000mAh Super Battery","inLanguage":"pt-PT","isPartOf":{"@id":"https:\/\/www.rucashk.com\/pt\/#website"},"breadcrumb":{"@id":"https:\/\/www.rucashk.com\/pt\/produto\/infinix-hot-10s-smartphone\/#breadcrumblist"},"author":{"@id":"https:\/\/www.rucashk.com\/pt\/author\/admin\/#author"},"creator":{"@id":"https:\/\/www.rucashk.com\/pt\/author\/admin\/#author"},"image":{"@type":"ImageObject","url":"https:\/\/www.rucashk.com\/wp-content\/uploads\/2024\/01\/Infinix-hot-10S-Smartphone-2.jpg","@id":"https:\/\/www.rucashk.com\/pt\/produto\/infinix-hot-10s-smartphone\/#mainImage","width":800,"height":800},"primaryImageOfPage":{"@id":"https:\/\/www.rucashk.com\/pt\/produto\/infinix-hot-10s-smartphone\/#mainImage"},"datePublished":"2024-01-09T16:19:24+00:00","dateModified":"2024-01-23T09:59:52+00:00"},{"@type":"WebSite","@id":"https:\/\/www.rucashk.com\/pt\/#website","url":"https:\/\/www.rucashk.com\/pt\/","name":"Rucas - Wholesale and distribution worldwide","alternateName":"Rucas - One-stop AIoT Distribution Worldwide","description":"One-stop AIoT Distribution Worldwide","inLanguage":"pt-PT","publisher":{"@id":"https:\/\/www.rucashk.com\/pt\/#organization"}}]}},"aioseo_meta_data":{"post_id":"25620","title":null,"description":null,"keywords":null,"keyphrases":null,"primary_term":null,"canonical_url":null,"og_title":null,"og_description":null,"og_object_type":"default","og_image_type":"default","og_image_url":null,"og_image_width":null,"og_image_height":null,"og_image_custom_url":null,"og_image_custom_fields":null,"og_video":null,"og_custom_url":null,"og_article_section":null,"og_article_tags":null,"twitter_use_og":false,"twitter_card":"default","twitter_image_type":"default","twitter_image_url":null,"twitter_image_custom_url":null,"twitter_image_custom_fields":null,"twitter_title":null,"twitter_description":null,"schema":{"blockGraphs":[],"customGraphs":[],"default":{"data":{"Article":[],"Course":[],"Dataset":[],"FAQPage":[],"Movie":[],"Person":[],"Product":[],"Recipe":[],"Service":[],"SoftwareApplication":[],"WebPage":[]},"graphName":"","isEnabled":true},"graphs":[]},"schema_type":"default","schema_type_options":null,"pillar_content":false,"robots_default":true,"robots_noindex":false,"robots_noarchive":false,"robots_nosnippet":false,"robots_nofollow":false,"robots_noimageindex":false,"robots_noodp":false,"robots_notranslate":false,"robots_max_snippet":null,"robots_max_videopreview":null,"robots_max_imagepreview":"large","priority":null,"frequency":null,"local_seo":null,"breadcrumb_settings":null,"limit_modified_date":false,"created":"2024-04-11 01:57:19","updated":"2025-06-22 17:58:13"},"aioseo_breadcrumb":"<div class=\"aioseo-breadcrumbs\"><span class=\"aioseo-breadcrumb\">\n\t<a href=\"https:\/\/www.rucashk.com\/pt\" title=\"Home\">Home<\/a>\n<\/span><span class=\"aioseo-breadcrumb-separator\">&raquo;<\/span><span class=\"aioseo-breadcrumb\">\n\t<a href=\"https:\/\/www.rucashk.com\/pt\/products\/\" title=\"Produtos\">Produtos<\/a>\n<\/span><span class=\"aioseo-breadcrumb-separator\">&raquo;<\/span><span class=\"aioseo-breadcrumb\">\n\t<a href=\"https:\/\/www.rucashk.com\/pt\/categoria-produto\/mobile-phone\/\" title=\"Mobile Phone\">Mobile Phone<\/a>\n<\/span><span class=\"aioseo-breadcrumb-separator\">&raquo;<\/span><span class=\"aioseo-breadcrumb\">\n\t<a href=\"https:\/\/www.rucashk.com\/pt\/categoria-produto\/mobile-phone\/infinix-mobile-phone\/\" title=\"Infinix\">Infinix<\/a>\n<\/span><span class=\"aioseo-breadcrumb-separator\">&raquo;<\/span><span class=\"aioseo-breadcrumb\">\n\tInfinix hot 10S Smartphone\n<\/span><\/div>","aioseo_breadcrumb_json":[{"label":"Home","link":"https:\/\/www.rucashk.com\/pt"},{"label":"Produtos","link":"https:\/\/www.rucashk.com\/pt\/products\/"},{"label":"Mobile Phone","link":"https:\/\/www.rucashk.com\/pt\/categoria-produto\/mobile-phone\/"},{"label":"Infinix","link":"https:\/\/www.rucashk.com\/pt\/categoria-produto\/mobile-phone\/infinix-mobile-phone\/"},{"label":"Infinix hot 10S Smartphone","link":"https:\/\/www.rucashk.com\/pt\/produto\/infinix-hot-10s-smartphone\/"}],"_links":{"self":[{"href":"https:\/\/www.rucashk.com\/pt\/wp-json\/wp\/v2\/product\/25620","targetHints":{"allow":["GET"]}}],"collection":[{"href":"https:\/\/www.rucashk.com\/pt\/wp-json\/wp\/v2\/product"}],"about":[{"href":"https:\/\/www.rucashk.com\/pt\/wp-json\/wp\/v2\/types\/product"}],"wp:featuredmedia":[{"embeddable":true,"href":"https:\/\/www.rucashk.com\/pt\/wp-json\/wp\/v2\/media\/25752"}],"wp:attachment":[{"href":"https:\/\/www.rucashk.com\/pt\/wp-json\/wp\/v2\/media?parent=25620"}],"wp:term":[{"taxonomy":"product_brand","embeddable":true,"href":"https:\/\/www.rucashk.com\/pt\/wp-json\/wp\/v2\/product_brand?post=25620"},{"taxonomy":"product_cat","embeddable":true,"href":"https:\/\/www.rucashk.com\/pt\/wp-json\/wp\/v2\/product_cat?post=25620"},{"taxonomy":"product_tag","embeddable":true,"href":"https:\/\/www.rucashk.com\/pt\/wp-json\/wp\/v2\/product_tag?post=25620"}],"curies":[{"name":"wp","href":"https:\/\/api.w.org\/{rel}","templated":true}]}}