{"id":25619,"date":"2024-01-09T16:19:23","date_gmt":"2024-01-09T16:19:23","guid":{"rendered":"http:\/\/rucashk.com\/?post_type=product&#038;p=25619"},"modified":"2024-01-23T10:00:44","modified_gmt":"2024-01-23T10:00:44","slug":"infinix-note-10-pro-smartphone","status":"publish","type":"product","link":"https:\/\/www.rucashk.com\/pt\/produto\/infinix-note-10-pro-smartphone\/","title":{"rendered":"Smartphone Infinix NOTA 10 pro"},"content":{"rendered":"<div>\n<p class=\"detail-desc-decorate-content\" data-spm-anchor-id=\"a2g0o.detail.1000023.i0.64505fc6w5CpCP\"><img fetchpriority=\"high\" decoding=\"async\" class=\"detail-desc-decorate-image aligncenter\" src=\"https:\/\/www.rucashk.com\/wp-content\/uploads\/2021\/09\/Hc345996a0de84de7ae21e4fb663dd552E.jpg\" alt=\"Infinix NOTE 10 pro Smartphone\" width=\"1000\" height=\"1374\" \/><\/p>\n<\/div>\n<div style=\"text-align: center\">\n<p class=\"detail-desc-decorate-content\">Muito mais rapido<\/p>\n<\/div>\n<div style=\"text-align: center\">\n<p class=\"detail-desc-decorate-content\">O melhor processador da s\u00e9rie NOTE<\/p>\n<\/div>\n<div style=\"text-align: center\">\n<p class=\"detail-desc-decorate-content\">*O MediaTek Helio G95 foi projetado para oferecer maior desempenho em todos os n\u00edveis de jogabilidade superior. A enorme mem\u00f3ria de armazenamento de 128 GB e 8 GB de RAM ajudam a aumentar a efici\u00eancia na acelera\u00e7\u00e3o de jogos e no processamento de dados, o que faz com que o NOTE 10 Pro realmente se destaque.<\/p>\n<\/div>\n<div style=\"text-align: center\">\n<p class=\"detail-desc-decorate-content\">*A CPU octa-core MediaTek Helio G95 possui dois poderosos n\u00facleos de processadores Arm Cortex-A76 com freq\u00fc\u00eancia de at\u00e9 2,05 GHz, al\u00e9m de seis processadores Cortex-A55 focados na efici\u00eancia, proporcionando uma experi\u00eancia de jogo incr\u00edvel e sem atrasos.<\/p>\n<\/div>\n<div style=\"text-align: center\"><img decoding=\"async\" class=\"detail-desc-decorate-image aligncenter\" src=\"https:\/\/www.rucashk.com\/wp-content\/uploads\/2021\/09\/H126be5e3b11e4c248e27c519cddaabe5J.jpg\" alt=\"Infinix NOTE 10 pro Smartphone\" width=\"1000\" height=\"500\" \/><img decoding=\"async\" class=\"detail-desc-decorate-image aligncenter\" src=\"https:\/\/www.rucashk.com\/wp-content\/uploads\/2021\/09\/Hfebdba0836c6450e84975c88db081b00g.jpg\" alt=\"Infinix NOTE 10 pro Smartphone\" width=\"1000\" height=\"1011\" \/><\/div>\n<div style=\"text-align: center\">\n<p class=\"detail-desc-decorate-content\">Carregamento mais r\u00e1pido, maior velocidade<\/p>\n<\/div>\n<div style=\"text-align: center\">\n<p class=\"detail-desc-decorate-content\">Tecnologia de armazenamento UFS 2.2 com Write Booster<\/p>\n<\/div>\n<div style=\"text-align: center\">\n<p class=\"detail-desc-decorate-content\">Com a ajuda da tecnologia de armazenamento UFS 2.2 e armazenamento massivo de 128 GB, voc\u00ea pode baixar jogos e v\u00eddeos grandes, tirando fotos o quanto quiser sem se preocupar com armazenamento. Est\u00e1 tudo no seu bolso.<\/p>\n<\/div>\n<div style=\"text-align: center\">\n<p class=\"detail-desc-decorate-content\">O NOTE 10 Pro oferece transfer\u00eancia m\u00e1xima de cerca de 5.830 Mb\/s para leitura e grava\u00e7\u00e3o. A velocidade e os recursos multitarefa melhoraram dramaticamente.<\/p>\n<\/div>\n<div style=\"text-align: center\"><img loading=\"lazy\" decoding=\"async\" class=\"detail-desc-decorate-image aligncenter\" src=\"https:\/\/www.rucashk.com\/wp-content\/uploads\/2021\/09\/H3de2b7389f04447ea137b00451f08f3fo.jpg\" alt=\"Infinix NOTE 10 pro Smartphone\" width=\"1000\" height=\"823\" \/><\/div>\n<div style=\"text-align: center\">\n<p class=\"detail-desc-decorate-content\">Dar-link, Ultimate Game Booster<\/p>\n<\/div>\n<div style=\"text-align: center\">\n<p class=\"detail-desc-decorate-content\">Resposta r\u00e1pida, rea\u00e7\u00f5es r\u00e1pidas<\/p>\n<\/div>\n<div style=\"text-align: center\">\n<p class=\"detail-desc-decorate-content\">Resposta sens\u00edvel ao toque conquistando seu campo de batalha<\/p>\n<\/div>\n<div style=\"text-align: center\">\n<p class=\"detail-desc-decorate-content\">Capaz de aumentar a sensibilidade do controle de toque com base em um algoritmo de IA, o inteligente Dar-link pode ajud\u00e1-lo a capturar oportunidades de vit\u00f3ria cr\u00edticas mais rapidamente do que seus oponentes, al\u00e9m da exibi\u00e7\u00e3o da taxa de amostragem de 180 Hz.<\/p>\n<\/div>\n<div style=\"text-align: center\">\n<p class=\"detail-desc-decorate-content\">Estabilidade de imagem perfeita intensifica seu jogo<\/p>\n<\/div>\n<div style=\"text-align: center\">\n<p class=\"detail-desc-decorate-content\">O Dar-link pode efetivamente melhorar a estabilidade da imagem durante o jogo, o que contribui para uma experi\u00eancia de tela inteira perfeitamente envolvente desde o in\u00edcio.<\/p>\n<\/div>\n<div style=\"text-align: center\"><img loading=\"lazy\" decoding=\"async\" class=\"detail-desc-decorate-image aligncenter\" src=\"https:\/\/www.rucashk.com\/wp-content\/uploads\/2021\/09\/Hbee8c94e16f84389893c3fa167f6c3d1q.jpg\" alt=\"Infinix NOTE 10 pro Smartphone\" width=\"1000\" height=\"2052\" \/><\/div>\n<div style=\"text-align: center\">\n<p class=\"detail-desc-decorate-content\">Batalhas quentes em m\u00e3os legais<\/p>\n<\/div>\n<div style=\"text-align: center\">\n<p class=\"detail-desc-decorate-content\">O Dar-link pode efetivamente reduzir a temperatura do dispositivo em v\u00e1rias cenas de jogos. Uma redu\u00e7\u00e3o m\u00e9dia de 4 \u2103 nos jogos quando o Dar-link \u00e9 ativado antecipadamente.<\/p>\n<\/div>\n<div style=\"text-align: center\">\n<p class=\"detail-desc-decorate-content\">Zona de jogos<\/p>\n<\/div>\n<div style=\"text-align: center\">\n<p class=\"detail-desc-decorate-content\">A melhor cole\u00e7\u00e3o de jogos em um smartphone com toda a divers\u00e3o.<\/p>\n<\/div>\n<div style=\"text-align: center\"><img loading=\"lazy\" decoding=\"async\" class=\"detail-desc-decorate-image aligncenter\" src=\"https:\/\/www.rucashk.com\/wp-content\/uploads\/2021\/09\/Ha3f6efaf78274069a49c12f4b7191295Z.jpg\" alt=\"Infinix NOTE 10 pro Smartphone\" width=\"1000\" height=\"1395\" \/><\/div>\n<div style=\"text-align: center\">\n<p class=\"detail-desc-decorate-content\">O carregamento r\u00e1pido \u00e9 seguro<\/p>\n<\/div>\n<div style=\"text-align: center\">\n<p class=\"detail-desc-decorate-content\">5 minutos de carga para 2 horas de jogo<\/p>\n<\/div>\n<div style=\"text-align: center\">\n<p class=\"detail-desc-decorate-content\">*Condi\u00e7\u00f5es de uso e fatores ambientais ligeiramente diferentes podem ocorrer ao usar dados diretamente do laborat\u00f3rio Infinix.<\/p>\n<\/div>\n<div style=\"text-align: center\">\n<p class=\"detail-desc-decorate-content\">Aumente o seu dia de uso intenso do telefone com a superbateria de 5000mAh, fa\u00e7a recargas r\u00e1pidas com o X-Charge de 33W, trabalhando em conjunto para aliviar a carga de um dia agitado.<\/p>\n<\/div>\n<div style=\"text-align: center\"><img loading=\"lazy\" decoding=\"async\" class=\"detail-desc-decorate-image aligncenter\" src=\"https:\/\/www.rucashk.com\/wp-content\/uploads\/2021\/09\/H46f35cf77a834653bf2866f70af34bb7B.jpg\" alt=\"Infinix NOTE 10 pro Smartphone\" width=\"1000\" height=\"1718\" \/><\/div>\n<div style=\"text-align: center\"><img loading=\"lazy\" decoding=\"async\" class=\"detail-desc-decorate-image aligncenter\" src=\"https:\/\/www.rucashk.com\/wp-content\/uploads\/2021\/09\/H9690c83338254d1d9a367c10051c4ae9E.jpg\" alt=\"Infinix NOTE 10 pro Smartphone\" width=\"1000\" height=\"1542\" \/><\/div>\n<div style=\"text-align: center\"><img loading=\"lazy\" decoding=\"async\" class=\"detail-desc-decorate-image aligncenter\" src=\"https:\/\/www.rucashk.com\/wp-content\/uploads\/2021\/09\/Hd109461654cf40298800248f2bfee5a9Q.jpg\" alt=\"Infinix NOTE 10 pro Smartphone\" width=\"1000\" height=\"597\" \/><\/div>\n<div style=\"text-align: center\"><img loading=\"lazy\" decoding=\"async\" class=\"detail-desc-decorate-image aligncenter\" src=\"https:\/\/www.rucashk.com\/wp-content\/uploads\/2021\/09\/Ha289c572bf274607863d0adbd493bacdQ.jpg\" alt=\"Infinix NOTE 10 pro Smartphone\" width=\"1000\" height=\"554\" \/><\/div>\n<div style=\"text-align: center\"><img loading=\"lazy\" decoding=\"async\" class=\"detail-desc-decorate-image aligncenter\" src=\"https:\/\/www.rucashk.com\/wp-content\/uploads\/2021\/09\/Hcaea8cdc33774dc28d1579066d140497A.jpg\" alt=\"Infinix NOTE 10 pro Smartphone\" width=\"1000\" height=\"497\" \/><img loading=\"lazy\" decoding=\"async\" class=\"detail-desc-decorate-image aligncenter\" src=\"https:\/\/www.rucashk.com\/wp-content\/uploads\/2021\/09\/Hcd9a22189c874827bb9f087c41f9d606S.jpg\" alt=\"Infinix NOTE 10 pro Smartphone\" width=\"1000\" height=\"1559\" \/><\/div>\n<div style=\"text-align: center\"><img loading=\"lazy\" decoding=\"async\" class=\"detail-desc-decorate-image aligncenter\" src=\"https:\/\/www.rucashk.com\/wp-content\/uploads\/2021\/09\/H65e9bba710764e57ab7a09fdb582579du.jpg\" alt=\"Infinix NOTE 10 pro Smartphone\" width=\"1000\" height=\"612\" \/><\/div>\n<div style=\"text-align: center\"><img loading=\"lazy\" decoding=\"async\" class=\"detail-desc-decorate-image aligncenter\" src=\"https:\/\/www.rucashk.com\/wp-content\/uploads\/2021\/09\/H3e2b892d7f0249a2820ad67ac78eaba6P.jpg\" alt=\"Infinix NOTE 10 pro Smartphone\" width=\"1000\" height=\"1566\" \/><\/div>\n<div style=\"text-align: center\"><img loading=\"lazy\" decoding=\"async\" class=\"detail-desc-decorate-image aligncenter\" src=\"https:\/\/www.rucashk.com\/wp-content\/uploads\/2021\/09\/H9f8b4f35fdcd4c25a81ad0e3df3cb9d03.jpg\" alt=\"Infinix NOTE 10 pro Smartphone\" width=\"1000\" height=\"2552\" \/><\/div>\n<div style=\"text-align: center\"><img loading=\"lazy\" decoding=\"async\" class=\"detail-desc-decorate-image aligncenter\" src=\"https:\/\/www.rucashk.com\/wp-content\/uploads\/2021\/09\/H707bb096d5cf469ea46269e118bf2b53m.jpg\" alt=\"Infinix NOTE 10 pro Smartphone\" width=\"1000\" height=\"1368\" \/><\/div>\n<div><img loading=\"lazy\" decoding=\"async\" class=\"detail-desc-decorate-image aligncenter\" src=\"https:\/\/www.rucashk.com\/wp-content\/uploads\/2021\/09\/Hf8f2e379f08249df9990270c3339fa5cD.jpg\" alt=\"Infinix NOTE 10 pro Smartphone\" width=\"1000\" height=\"2647\" \/><\/div>\n<div><\/div>\n<p style=\"text-align: center\">Rucas, distribuidor l\u00edder da Xiaomi em Hong Kong.<br \/>\nFocando no produto de acess\u00f3rios ecol\u00f3gicos de uma marca da China, como Amazfit, Haylou, Ninebot, Roborock, Dreame, Imilab, 70Mai, Deerma. Mantemos centenas de SKUs Xiaomi com estoque em dep\u00f3sitos em HK e Shenzhen de forma est\u00e1vel para um prazo de entrega mais r\u00e1pido.<\/p>","protected":false},"excerpt":{"rendered":"<ul>\n<li>Excelente processador de jogos MediaTek Helio G95 128 GB + 8 GB * (armazenamento m\u00e1ximo)<\/li>\n<li>90Hz 6.95&#8243;&#8221;FHD+ Super Fluid Display<\/li>\n<li>C\u00e2mera Ultra Noturna de 64 MP<\/li>\n<li>Carga segura e corporal<\/li>\n<li>C\u00e2mera selfie avan\u00e7ada com IA de 16 MP<\/li>\n<li>Alto-falantes duplos cinematogr\u00e1ficos com DTS<\/li>\n<\/ul>","protected":false},"featured_media":25749,"template":"","meta":[],"product_brand":[],"product_cat":[1302,1295],"product_tag":[],"class_list":{"0":"post-25619","1":"product","2":"type-product","3":"status-publish","4":"has-post-thumbnail","6":"product_cat-infinix-mobile-phone","7":"product_cat-mobile-phone","9":"first","10":"instock","11":"shipping-taxable","12":"product-type-simple"},"aioseo_notices":[],"aioseo_head":"\n\t\t<!-- All in One SEO Pro 4.5.9.2 - aioseo.com -->\n\t\t<meta name=\"description\" content=\"MediaTek Helio G95 Excellent Game Processor 128 GB+8GB* (Maximum storage) 90Hz 6.95&quot;&quot;FHD+ Super Fluid Display 64MP Ultra Night Camera Safe &amp; Flesh Charge 16MP AI Advanced Selfie Camera Cinematic Dual Speakers with DTS\" \/>\n\t\t<meta name=\"robots\" content=\"max-image-preview:large\" \/>\n\t\t<link rel=\"canonical\" href=\"https:\/\/www.rucashk.com\/pt\/produto\/infinix-note-10-pro-smartphone\/\" \/>\n\t\t<meta name=\"generator\" content=\"All in One SEO Pro (AIOSEO) 4.5.9.2\" \/>\n\t\t<meta property=\"og:locale\" content=\"pt_PT\" \/>\n\t\t<meta property=\"og:site_name\" content=\"Rucas - One-stop AIoT Distribution Worldwide\" \/>\n\t\t<meta property=\"og:type\" content=\"article\" \/>\n\t\t<meta property=\"og:title\" content=\"Infinix NOTE 10 pro Smartphone - Rucas - Wholesale and Distribution\" \/>\n\t\t<meta property=\"og:description\" content=\"MediaTek Helio G95 Excellent Game Processor 128 GB+8GB* (Maximum storage) 90Hz 6.95&quot;&quot;FHD+ Super Fluid Display 64MP Ultra Night Camera Safe &amp; Flesh Charge 16MP AI Advanced Selfie Camera Cinematic Dual Speakers with DTS\" \/>\n\t\t<meta property=\"og:url\" content=\"https:\/\/www.rucashk.com\/pt\/produto\/infinix-note-10-pro-smartphone\/\" \/>\n\t\t<meta property=\"og:image\" content=\"https:\/\/www.rucashk.com\/wp-content\/uploads\/replace\/503b8e645f128a97ccde2b6290747646.jpeg\" \/>\n\t\t<meta property=\"og:image:secure_url\" content=\"https:\/\/www.rucashk.com\/wp-content\/uploads\/replace\/503b8e645f128a97ccde2b6290747646.jpeg\" \/>\n\t\t<meta property=\"og:image:width\" content=\"1456\" \/>\n\t\t<meta property=\"og:image:height\" content=\"816\" \/>\n\t\t<meta property=\"article:published_time\" content=\"2024-01-09T16:19:23+00:00\" \/>\n\t\t<meta property=\"article:modified_time\" content=\"2024-01-23T10:00:44+00:00\" \/>\n\t\t<meta name=\"twitter:card\" content=\"summary_large_image\" \/>\n\t\t<meta name=\"twitter:title\" content=\"Infinix NOTE 10 pro Smartphone - Rucas - Wholesale and Distribution\" \/>\n\t\t<meta name=\"twitter:description\" content=\"MediaTek Helio G95 Excellent Game Processor 128 GB+8GB* (Maximum storage) 90Hz 6.95&quot;&quot;FHD+ Super Fluid Display 64MP Ultra Night Camera Safe &amp; Flesh Charge 16MP AI Advanced Selfie Camera Cinematic Dual Speakers with DTS\" \/>\n\t\t<meta name=\"twitter:image\" content=\"https:\/\/www.rucashk.com\/wp-content\/uploads\/replace\/503b8e645f128a97ccde2b6290747646.jpeg\" \/>\n\t\t<script type=\"application\/ld+json\" class=\"aioseo-schema\">\n\t\t\t{\"@context\":\"https:\\\/\\\/schema.org\",\"@graph\":[{\"@type\":\"BreadcrumbList\",\"@id\":\"https:\\\/\\\/www.rucashk.com\\\/pt\\\/produto\\\/infinix-note-10-pro-smartphone\\\/#breadcrumblist\",\"itemListElement\":[{\"@type\":\"ListItem\",\"@id\":\"https:\\\/\\\/www.rucashk.com\\\/pt\\\/#listItem\",\"position\":1,\"name\":\"Home\",\"item\":\"https:\\\/\\\/www.rucashk.com\\\/pt\\\/\",\"nextItem\":\"https:\\\/\\\/www.rucashk.com\\\/pt\\\/produto\\\/infinix-note-10-pro-smartphone\\\/#listItem\"},{\"@type\":\"ListItem\",\"@id\":\"https:\\\/\\\/www.rucashk.com\\\/pt\\\/produto\\\/infinix-note-10-pro-smartphone\\\/#listItem\",\"position\":2,\"name\":\"Infinix NOTE 10 pro Smartphone\",\"previousItem\":\"https:\\\/\\\/www.rucashk.com\\\/pt\\\/#listItem\"}]},{\"@type\":\"Organization\",\"@id\":\"https:\\\/\\\/www.rucashk.com\\\/pt\\\/#organization\",\"name\":\"Rucas\",\"url\":\"https:\\\/\\\/www.rucashk.com\\\/pt\\\/\",\"logo\":{\"@type\":\"ImageObject\",\"url\":\"https:\\\/\\\/www.rucashk.com\\\/wp-content\\\/uploads\\\/2023\\\/12\\\/Rucas_campany_logo.png\",\"@id\":\"https:\\\/\\\/www.rucashk.com\\\/pt\\\/produto\\\/infinix-note-10-pro-smartphone\\\/#organizationLogo\",\"width\":221,\"height\":65},\"image\":{\"@id\":\"https:\\\/\\\/www.rucashk.com\\\/pt\\\/#organizationLogo\"}},{\"@type\":\"Person\",\"@id\":\"https:\\\/\\\/www.rucashk.com\\\/pt\\\/author\\\/admin\\\/#author\",\"url\":\"https:\\\/\\\/www.rucashk.com\\\/pt\\\/author\\\/admin\\\/\",\"name\":\"admin\",\"image\":{\"@type\":\"ImageObject\",\"@id\":\"https:\\\/\\\/www.rucashk.com\\\/pt\\\/produto\\\/infinix-note-10-pro-smartphone\\\/#authorImage\",\"url\":\"https:\\\/\\\/secure.gravatar.com\\\/avatar\\\/b7c8925b09a27e72b30232f8ecaadbd5af0f70a38c78096863fe51b64f031c24?s=96&d=mm&r=g\",\"width\":96,\"height\":96,\"caption\":\"admin\"}},{\"@type\":\"WebPage\",\"@id\":\"https:\\\/\\\/www.rucashk.com\\\/pt\\\/produto\\\/infinix-note-10-pro-smartphone\\\/#webpage\",\"url\":\"https:\\\/\\\/www.rucashk.com\\\/pt\\\/produto\\\/infinix-note-10-pro-smartphone\\\/\",\"name\":\"Infinix NOTE 10 pro Smartphone - Rucas - Wholesale and Distribution\",\"description\":\"MediaTek Helio G95 Excellent Game Processor 128 GB+8GB* (Maximum storage) 90Hz 6.95\\\"\\\"FHD+ Super Fluid Display 64MP Ultra Night Camera Safe & Flesh Charge 16MP AI Advanced Selfie Camera Cinematic Dual Speakers with DTS\",\"inLanguage\":\"pt-PT\",\"isPartOf\":{\"@id\":\"https:\\\/\\\/www.rucashk.com\\\/pt\\\/#website\"},\"breadcrumb\":{\"@id\":\"https:\\\/\\\/www.rucashk.com\\\/pt\\\/produto\\\/infinix-note-10-pro-smartphone\\\/#breadcrumblist\"},\"author\":{\"@id\":\"https:\\\/\\\/www.rucashk.com\\\/pt\\\/author\\\/admin\\\/#author\"},\"creator\":{\"@id\":\"https:\\\/\\\/www.rucashk.com\\\/pt\\\/author\\\/admin\\\/#author\"},\"image\":{\"@type\":\"ImageObject\",\"url\":\"https:\\\/\\\/www.rucashk.com\\\/wp-content\\\/uploads\\\/2024\\\/01\\\/Infinix-NOTE-10-pro-Smartphone.jpg\",\"@id\":\"https:\\\/\\\/www.rucashk.com\\\/pt\\\/produto\\\/infinix-note-10-pro-smartphone\\\/#mainImage\",\"width\":800,\"height\":800},\"primaryImageOfPage\":{\"@id\":\"https:\\\/\\\/www.rucashk.com\\\/pt\\\/produto\\\/infinix-note-10-pro-smartphone\\\/#mainImage\"},\"datePublished\":\"2024-01-09T16:19:23+00:00\",\"dateModified\":\"2024-01-23T10:00:44+00:00\"},{\"@type\":\"WebSite\",\"@id\":\"https:\\\/\\\/www.rucashk.com\\\/pt\\\/#website\",\"url\":\"https:\\\/\\\/www.rucashk.com\\\/pt\\\/\",\"name\":\"Rucas - Wholesale and distribution worldwide\",\"alternateName\":\"Rucas - One-stop AIoT Distribution Worldwide\",\"description\":\"One-stop AIoT Distribution Worldwide\",\"inLanguage\":\"pt-PT\",\"publisher\":{\"@id\":\"https:\\\/\\\/www.rucashk.com\\\/pt\\\/#organization\"}}]}\n\t\t<\/script>\n\t\t<!-- All in One SEO Pro -->\r\n\t\t<title>Infinix NOTE 10 pro Smartphone - Rucas - Wholesale and Distribution<\/title>\n\n","aioseo_head_json":{"title":"Infinix NOTE 10 pro Smartphone - Rucas - Wholesale and Distribution","description":"MediaTek Helio G95 Excellent Game Processor 128 GB+8GB* (Maximum storage) 90Hz 6.95\"\"FHD+ Super Fluid Display 64MP Ultra Night Camera Safe & Flesh Charge 16MP AI Advanced Selfie Camera Cinematic Dual Speakers with DTS","canonical_url":"https:\/\/www.rucashk.com\/pt\/produto\/infinix-note-10-pro-smartphone\/","robots":"max-image-preview:large","keywords":"","webmasterTools":{"miscellaneous":""},"og:locale":"pt_PT","og:site_name":"Rucas - One-stop AIoT Distribution Worldwide","og:type":"article","og:title":"Infinix NOTE 10 pro Smartphone - Rucas - Wholesale and Distribution","og:description":"MediaTek Helio G95 Excellent Game Processor 128 GB+8GB* (Maximum storage) 90Hz 6.95&quot;&quot;FHD+ Super Fluid Display 64MP Ultra Night Camera Safe &amp; Flesh Charge 16MP AI Advanced Selfie Camera Cinematic Dual Speakers with DTS","og:url":"https:\/\/www.rucashk.com\/pt\/produto\/infinix-note-10-pro-smartphone\/","og:image":"https:\/\/www.rucashk.com\/wp-content\/uploads\/replace\/503b8e645f128a97ccde2b6290747646.jpeg","og:image:secure_url":"https:\/\/www.rucashk.com\/wp-content\/uploads\/replace\/503b8e645f128a97ccde2b6290747646.jpeg","og:image:width":1456,"og:image:height":816,"article:published_time":"2024-01-09T16:19:23+00:00","article:modified_time":"2024-01-23T10:00:44+00:00","twitter:card":"summary_large_image","twitter:title":"Infinix NOTE 10 pro Smartphone - Rucas - Wholesale and Distribution","twitter:description":"MediaTek Helio G95 Excellent Game Processor 128 GB+8GB* (Maximum storage) 90Hz 6.95&quot;&quot;FHD+ Super Fluid Display 64MP Ultra Night Camera Safe &amp; Flesh Charge 16MP AI Advanced Selfie Camera Cinematic Dual Speakers with DTS","twitter:image":"https:\/\/www.rucashk.com\/wp-content\/uploads\/replace\/503b8e645f128a97ccde2b6290747646.jpeg","schema":{"@context":"https:\/\/schema.org","@graph":[{"@type":"BreadcrumbList","@id":"https:\/\/www.rucashk.com\/pt\/produto\/infinix-note-10-pro-smartphone\/#breadcrumblist","itemListElement":[{"@type":"ListItem","@id":"https:\/\/www.rucashk.com\/pt\/#listItem","position":1,"name":"Home","item":"https:\/\/www.rucashk.com\/pt\/","nextItem":"https:\/\/www.rucashk.com\/pt\/produto\/infinix-note-10-pro-smartphone\/#listItem"},{"@type":"ListItem","@id":"https:\/\/www.rucashk.com\/pt\/produto\/infinix-note-10-pro-smartphone\/#listItem","position":2,"name":"Infinix NOTE 10 pro Smartphone","previousItem":"https:\/\/www.rucashk.com\/pt\/#listItem"}]},{"@type":"Organization","@id":"https:\/\/www.rucashk.com\/pt\/#organization","name":"Rucas","url":"https:\/\/www.rucashk.com\/pt\/","logo":{"@type":"ImageObject","url":"https:\/\/www.rucashk.com\/wp-content\/uploads\/2023\/12\/Rucas_campany_logo.png","@id":"https:\/\/www.rucashk.com\/pt\/produto\/infinix-note-10-pro-smartphone\/#organizationLogo","width":221,"height":65},"image":{"@id":"https:\/\/www.rucashk.com\/pt\/#organizationLogo"}},{"@type":"Person","@id":"https:\/\/www.rucashk.com\/pt\/author\/admin\/#author","url":"https:\/\/www.rucashk.com\/pt\/author\/admin\/","name":"admin","image":{"@type":"ImageObject","@id":"https:\/\/www.rucashk.com\/pt\/produto\/infinix-note-10-pro-smartphone\/#authorImage","url":"https:\/\/secure.gravatar.com\/avatar\/b7c8925b09a27e72b30232f8ecaadbd5af0f70a38c78096863fe51b64f031c24?s=96&d=mm&r=g","width":96,"height":96,"caption":"admin"}},{"@type":"WebPage","@id":"https:\/\/www.rucashk.com\/pt\/produto\/infinix-note-10-pro-smartphone\/#webpage","url":"https:\/\/www.rucashk.com\/pt\/produto\/infinix-note-10-pro-smartphone\/","name":"Infinix NOTE 10 pro Smartphone - Rucas - Wholesale and Distribution","description":"MediaTek Helio G95 Excellent Game Processor 128 GB+8GB* (Maximum storage) 90Hz 6.95\"\"FHD+ Super Fluid Display 64MP Ultra Night Camera Safe & Flesh Charge 16MP AI Advanced Selfie Camera Cinematic Dual Speakers with DTS","inLanguage":"pt-PT","isPartOf":{"@id":"https:\/\/www.rucashk.com\/pt\/#website"},"breadcrumb":{"@id":"https:\/\/www.rucashk.com\/pt\/produto\/infinix-note-10-pro-smartphone\/#breadcrumblist"},"author":{"@id":"https:\/\/www.rucashk.com\/pt\/author\/admin\/#author"},"creator":{"@id":"https:\/\/www.rucashk.com\/pt\/author\/admin\/#author"},"image":{"@type":"ImageObject","url":"https:\/\/www.rucashk.com\/wp-content\/uploads\/2024\/01\/Infinix-NOTE-10-pro-Smartphone.jpg","@id":"https:\/\/www.rucashk.com\/pt\/produto\/infinix-note-10-pro-smartphone\/#mainImage","width":800,"height":800},"primaryImageOfPage":{"@id":"https:\/\/www.rucashk.com\/pt\/produto\/infinix-note-10-pro-smartphone\/#mainImage"},"datePublished":"2024-01-09T16:19:23+00:00","dateModified":"2024-01-23T10:00:44+00:00"},{"@type":"WebSite","@id":"https:\/\/www.rucashk.com\/pt\/#website","url":"https:\/\/www.rucashk.com\/pt\/","name":"Rucas - Wholesale and distribution worldwide","alternateName":"Rucas - One-stop AIoT Distribution Worldwide","description":"One-stop AIoT Distribution Worldwide","inLanguage":"pt-PT","publisher":{"@id":"https:\/\/www.rucashk.com\/pt\/#organization"}}]}},"aioseo_meta_data":{"post_id":"25619","title":null,"description":null,"keywords":null,"keyphrases":null,"primary_term":null,"canonical_url":null,"og_title":null,"og_description":null,"og_object_type":"default","og_image_type":"default","og_image_url":null,"og_image_width":null,"og_image_height":null,"og_image_custom_url":null,"og_image_custom_fields":null,"og_video":null,"og_custom_url":null,"og_article_section":null,"og_article_tags":null,"twitter_use_og":false,"twitter_card":"default","twitter_image_type":"default","twitter_image_url":null,"twitter_image_custom_url":null,"twitter_image_custom_fields":null,"twitter_title":null,"twitter_description":null,"schema":{"blockGraphs":[],"customGraphs":[],"default":{"data":{"Article":[],"Course":[],"Dataset":[],"FAQPage":[],"Movie":[],"Person":[],"Product":[],"Recipe":[],"Service":[],"SoftwareApplication":[],"WebPage":[]},"graphName":"","isEnabled":true},"graphs":[]},"schema_type":"default","schema_type_options":null,"pillar_content":false,"robots_default":true,"robots_noindex":false,"robots_noarchive":false,"robots_nosnippet":false,"robots_nofollow":false,"robots_noimageindex":false,"robots_noodp":false,"robots_notranslate":false,"robots_max_snippet":null,"robots_max_videopreview":null,"robots_max_imagepreview":"large","priority":null,"frequency":null,"local_seo":null,"breadcrumb_settings":null,"limit_modified_date":false,"created":"2024-04-11 01:57:19","updated":"2025-06-22 17:58:13"},"aioseo_breadcrumb":"<div class=\"aioseo-breadcrumbs\"><span class=\"aioseo-breadcrumb\">\n\t<a href=\"https:\/\/www.rucashk.com\/pt\" title=\"Home\">Home<\/a>\n<\/span><span class=\"aioseo-breadcrumb-separator\">&raquo;<\/span><span class=\"aioseo-breadcrumb\">\n\t<a href=\"https:\/\/www.rucashk.com\/pt\/products\/\" title=\"Produtos\">Produtos<\/a>\n<\/span><span class=\"aioseo-breadcrumb-separator\">&raquo;<\/span><span class=\"aioseo-breadcrumb\">\n\t<a href=\"https:\/\/www.rucashk.com\/pt\/categoria-produto\/mobile-phone\/\" title=\"Mobile Phone\">Mobile Phone<\/a>\n<\/span><span class=\"aioseo-breadcrumb-separator\">&raquo;<\/span><span class=\"aioseo-breadcrumb\">\n\t<a href=\"https:\/\/www.rucashk.com\/pt\/categoria-produto\/mobile-phone\/infinix-mobile-phone\/\" title=\"Infinix\">Infinix<\/a>\n<\/span><span class=\"aioseo-breadcrumb-separator\">&raquo;<\/span><span class=\"aioseo-breadcrumb\">\n\tInfinix NOTE 10 pro Smartphone\n<\/span><\/div>","aioseo_breadcrumb_json":[{"label":"Home","link":"https:\/\/www.rucashk.com\/pt"},{"label":"Produtos","link":"https:\/\/www.rucashk.com\/pt\/products\/"},{"label":"Mobile Phone","link":"https:\/\/www.rucashk.com\/pt\/categoria-produto\/mobile-phone\/"},{"label":"Infinix","link":"https:\/\/www.rucashk.com\/pt\/categoria-produto\/mobile-phone\/infinix-mobile-phone\/"},{"label":"Infinix NOTE 10 pro Smartphone","link":"https:\/\/www.rucashk.com\/pt\/produto\/infinix-note-10-pro-smartphone\/"}],"_links":{"self":[{"href":"https:\/\/www.rucashk.com\/pt\/wp-json\/wp\/v2\/product\/25619","targetHints":{"allow":["GET"]}}],"collection":[{"href":"https:\/\/www.rucashk.com\/pt\/wp-json\/wp\/v2\/product"}],"about":[{"href":"https:\/\/www.rucashk.com\/pt\/wp-json\/wp\/v2\/types\/product"}],"wp:featuredmedia":[{"embeddable":true,"href":"https:\/\/www.rucashk.com\/pt\/wp-json\/wp\/v2\/media\/25749"}],"wp:attachment":[{"href":"https:\/\/www.rucashk.com\/pt\/wp-json\/wp\/v2\/media?parent=25619"}],"wp:term":[{"taxonomy":"product_brand","embeddable":true,"href":"https:\/\/www.rucashk.com\/pt\/wp-json\/wp\/v2\/product_brand?post=25619"},{"taxonomy":"product_cat","embeddable":true,"href":"https:\/\/www.rucashk.com\/pt\/wp-json\/wp\/v2\/product_cat?post=25619"},{"taxonomy":"product_tag","embeddable":true,"href":"https:\/\/www.rucashk.com\/pt\/wp-json\/wp\/v2\/product_tag?post=25619"}],"curies":[{"name":"wp","href":"https:\/\/api.w.org\/{rel}","templated":true}]}}