{"id":25593,"date":"2024-01-09T16:18:59","date_gmt":"2024-01-09T16:18:59","guid":{"rendered":"http:\/\/rucashk.com\/?post_type=product&#038;p=25593"},"modified":"2025-06-22T07:16:14","modified_gmt":"2025-06-22T07:16:14","slug":"mi-laser-projector-tv-4k-150-inch","status":"publish","type":"product","link":"https:\/\/www.rucashk.com\/pt\/produto\/mi-laser-projector-tv-4k-150-inch\/","title":{"rendered":"Mi Projetor Laser TV 4K 150 polegadas"},"content":{"rendered":"<div class=\"detailmodule_text\">\n<p class=\"detail-desc-decorate-content\" data-spm-anchor-id=\"a2g0o.detail.1000023.i1.1b6b7a55s5j14r\"><img fetchpriority=\"high\" decoding=\"async\" class=\"detail-desc-decorate-image aligncenter\" src=\"https:\/\/www.rucashk.com\/wp-content\/uploads\/2021\/09\/Hdeba84f6488b407b8754f4b3bfb70e203.jpg\" alt=\"Mi Laser Projector TV 4K 150 inch\" width=\"1000\" height=\"1181\" \/><img decoding=\"async\" class=\"detail-desc-decorate-image aligncenter\" src=\"https:\/\/www.rucashk.com\/wp-content\/uploads\/2021\/09\/H63bdf036e1354f87b76c913c7b708819F.jpg\" alt=\"Mi Laser Projector TV 4K 150 inch\" width=\"1000\" height=\"1773\" \/><img decoding=\"async\" class=\"detail-desc-decorate-image aligncenter\" src=\"https:\/\/www.rucashk.com\/wp-content\/uploads\/2021\/09\/H75ae27d39e34467da4fc95b886309320F.jpg\" alt=\"Mi Laser Projector TV 4K 150 inch\" width=\"1000\" height=\"1112\" \/><img loading=\"lazy\" decoding=\"async\" class=\"detail-desc-decorate-image aligncenter\" src=\"https:\/\/www.rucashk.com\/wp-content\/uploads\/2021\/09\/H7c6fcd51c63146a082173292676b0c39D.jpg\" alt=\"Mi Laser Projector TV 4K 150 inch\" width=\"1000\" height=\"971\" \/><img loading=\"lazy\" decoding=\"async\" class=\"detail-desc-decorate-image aligncenter\" src=\"https:\/\/www.rucashk.com\/wp-content\/uploads\/2021\/09\/H334694f11b3145ec997570321a12a473u.jpg\" alt=\"Mi Laser Projector TV 4K 150 inch\" width=\"1000\" height=\"1182\" \/><img loading=\"lazy\" decoding=\"async\" class=\"detail-desc-decorate-image aligncenter\" src=\"https:\/\/www.rucashk.com\/wp-content\/uploads\/2021\/09\/Hd845420ed1154c739ed8aae83b48acbbC.jpg\" alt=\"Mi Laser Projector TV 4K 150 inch\" width=\"1000\" height=\"1203\" \/><img loading=\"lazy\" decoding=\"async\" class=\"detail-desc-decorate-image aligncenter\" src=\"https:\/\/www.rucashk.com\/wp-content\/uploads\/2021\/09\/Hb043d5705e8e4638a7ff40b05d8115d1m.jpg\" alt=\"Mi Laser Projector TV 4K 150 inch\" width=\"1000\" height=\"974\" \/><img loading=\"lazy\" decoding=\"async\" class=\"detail-desc-decorate-image aligncenter\" src=\"https:\/\/www.rucashk.com\/wp-content\/uploads\/2021\/09\/H0eb695e0962c4b4d8d4560bbde102ccfp.jpg\" alt=\"Mi Laser Projector TV 4K 150 inch\" width=\"1000\" height=\"1055\" \/><img loading=\"lazy\" decoding=\"async\" class=\"detail-desc-decorate-image aligncenter\" src=\"https:\/\/www.rucashk.com\/wp-content\/uploads\/2021\/09\/He5201495dcb7435790f2a34a79bd74dcw.jpg\" alt=\"Mi Laser Projector TV 4K 150 inch\" width=\"1000\" height=\"1096\" \/><img loading=\"lazy\" decoding=\"async\" class=\"detail-desc-decorate-image aligncenter\" src=\"https:\/\/www.rucashk.com\/wp-content\/uploads\/2021\/09\/H8b99a2ea3bad40acbef6cb04cf45a2c4X.jpg\" alt=\"Mi Laser Projector TV 4K 150 inch\" width=\"1000\" height=\"1071\" \/><img loading=\"lazy\" decoding=\"async\" class=\"detail-desc-decorate-image aligncenter\" src=\"https:\/\/www.rucashk.com\/wp-content\/uploads\/2021\/09\/H974512ee277440e39afbf1627ee23611O.jpg\" alt=\"Mi Laser Projector TV 4K 150 inch\" width=\"1080\" height=\"1080\" \/><\/p>\n<\/div>\n<p style=\"text-align: center\">Especifica\u00e7\u00f5es<\/p>\n<p style=\"text-align: center\">Modelo: Projetor laser Xiaomi mijia 4K 1S<br \/>\nResolu\u00e7\u00e3o: 4K (3840x2160dpi)<br \/>\nSistema: Android<br \/>\nRAM + ROM: 2 GB DDR3 + 16 GB eMMC<br \/>\nProcessador central: T968-H<br \/>\nFun\u00e7\u00e3o: Wi-Fi\/Bluetooth<br \/>\nBrilho: 5000 l\u00famens<br \/>\nContraste: 3001:1-4000:1<br \/>\nPropor\u00e7\u00e3o de lan\u00e7amento: 0,233:1<br \/>\nEfeito de v\u00eddeo: 2D\/3D<br \/>\nTamanho da tela de proje\u00e7\u00e3o: 50-150 polegadas<br \/>\nTecnologia: DLP<br \/>\nCorre\u00e7\u00e3o Keystone: \u00b1 40 \u00b0 (vertical)<br \/>\nVida \u00fatil da l\u00e2mpada: 25.000h+<br \/>\nTipo de l\u00e2mpada: fonte de luz laser<br \/>\nDist\u00e2ncia ideal: 14cm-50cm<br \/>\nPot\u00eancia: 220W<br \/>\nTamanho do projetor: 41*29,1*8,8 cm<br \/>\nPeso do projetor: 7,2kg<br \/>\nConsumo de energia: &lt;300W (modo de destaque)<br \/>\nEntrada de energia: 200-240 V, 50\/60 Hz<br \/>\nConsumo de energia em espera: &lt;0,5W<br \/>\nTecnologia de exibi\u00e7\u00e3o: 0,47 \u201cDMD<br \/>\nTecnologia de fonte de luz: ALPD<br \/>\nSistema operacional: MIUITV<br \/>\nImagem Din\u00e2mica: Suporte HDR<br \/>\nFoco: foco el\u00e9trico<\/p>\n<p>&nbsp;<\/p>\n<p style=\"text-align: center\">Rucas, distribuidor l\u00edder da Xiaomi em Hong Kong.<br \/>\nFocando no produto de acess\u00f3rios ecol\u00f3gicos de uma marca da China, como Amazfit, Haylou, Ninebot, Roborock, Dreame, Imilab, 70Mai, Deerma. Mantemos centenas de SKUs Xiaomi com estoque em dep\u00f3sitos em HK e Shenzhen de forma est\u00e1vel para um prazo de entrega mais r\u00e1pido.<\/p>","protected":false},"excerpt":{"rendered":"<ul>\n<li>Imagem 4K, aproveite o banquete do sentido visual<\/li>\n<li>Directly placed in the TV cabinet to cast 80 &#8211; 150 inch large screen<\/li>\n<li>Foco ultracurto, s\u00f3 precisa de 24 cm da parede para lan\u00e7ar uma tela grande de 100 polegadas, sem espa\u00e7o, adeus \u00e0 tela<\/li>\n<li>ALPD 3.0, tecnologia de fonte de laser de n\u00edvel cinematogr\u00e1fico<\/li>\n<li>Rela\u00e7\u00e3o de contraste de 3000:1, imagem v\u00edvida<\/li>\n<li>\u00c1udio de alta fidelidade, alto-falante de tubo invertido, dupla frequ\u00eancia dupla de faixa completa<\/li>\n<li>Resfriamento inteligente, ventilador com controle de temperatura em tempo real<\/li>\n<li>Idioma do sistema: chin\u00eas (padr\u00e3o), ingl\u00eas. Parte do APP chin\u00eas pode ser exibida apenas em chin\u00eas.<\/li>\n<\/ul>","protected":false},"featured_media":25730,"template":"","meta":[],"product_brand":[1363],"product_cat":[1313,1305],"product_tag":[],"class_list":{"0":"post-25593","1":"product","2":"type-product","3":"status-publish","4":"has-post-thumbnail","6":"product_brand-xiaomi","7":"product_cat-projector","8":"product_cat-xiaomi-eco","10":"first","11":"instock","12":"shipping-taxable","13":"product-type-simple"},"aioseo_notices":[],"aioseo_head":"\n\t\t<!-- All in One SEO Pro 4.5.9.2 - aioseo.com -->\n\t\t<meta name=\"description\" content=\"4K picture, enjoy the visual sense feast Directly placed in the TV cabinet to cast 80 - 150 inch large screen Ultra short-focus, only need 24cm from the wall to cast 100 inch large screen, no space, farewell to the screen ALPD 3.0, cinema-grade laser source technology 3000:1 contrast ratio, vivid image High-fidelity audio, inverted tube speaker, dual full-range dual-frequency Intelligent cooling, real-time temperature control fan System language: Chinese ( default ), English. Part of Chinese APP can merely be displayed in Chinese.\" \/>\n\t\t<meta name=\"robots\" content=\"max-image-preview:large\" \/>\n\t\t<link rel=\"canonical\" href=\"https:\/\/www.rucashk.com\/pt\/produto\/mi-laser-projector-tv-4k-150-inch\/\" \/>\n\t\t<meta name=\"generator\" content=\"All in One SEO Pro (AIOSEO) 4.5.9.2\" \/>\n\t\t<meta property=\"og:locale\" content=\"pt_PT\" \/>\n\t\t<meta property=\"og:site_name\" content=\"Rucas - One-stop AIoT Distribution Worldwide\" \/>\n\t\t<meta property=\"og:type\" content=\"article\" \/>\n\t\t<meta property=\"og:title\" content=\"Mi Laser Projector TV 4K 150 inch - Rucas - Wholesale and Distribution\" \/>\n\t\t<meta property=\"og:description\" content=\"4K picture, enjoy the visual sense feast Directly placed in the TV cabinet to cast 80 - 150 inch large screen Ultra short-focus, only need 24cm from the wall to cast 100 inch large screen, no space, farewell to the screen ALPD 3.0, cinema-grade laser source technology 3000:1 contrast ratio, vivid image High-fidelity audio, inverted tube speaker, dual full-range dual-frequency Intelligent cooling, real-time temperature control fan System language: Chinese ( default ), English. Part of Chinese APP can merely be displayed in Chinese.\" \/>\n\t\t<meta property=\"og:url\" content=\"https:\/\/www.rucashk.com\/pt\/produto\/mi-laser-projector-tv-4k-150-inch\/\" \/>\n\t\t<meta property=\"og:image\" content=\"https:\/\/www.rucashk.com\/wp-content\/uploads\/replace\/503b8e645f128a97ccde2b6290747646.jpeg\" \/>\n\t\t<meta property=\"og:image:secure_url\" content=\"https:\/\/www.rucashk.com\/wp-content\/uploads\/replace\/503b8e645f128a97ccde2b6290747646.jpeg\" \/>\n\t\t<meta property=\"og:image:width\" content=\"1456\" \/>\n\t\t<meta property=\"og:image:height\" content=\"816\" \/>\n\t\t<meta property=\"article:published_time\" content=\"2024-01-09T16:18:59+00:00\" \/>\n\t\t<meta property=\"article:modified_time\" content=\"2025-06-22T07:16:14+00:00\" \/>\n\t\t<meta name=\"twitter:card\" content=\"summary_large_image\" \/>\n\t\t<meta name=\"twitter:title\" content=\"Mi Laser Projector TV 4K 150 inch - Rucas - Wholesale and Distribution\" \/>\n\t\t<meta name=\"twitter:description\" content=\"4K picture, enjoy the visual sense feast Directly placed in the TV cabinet to cast 80 - 150 inch large screen Ultra short-focus, only need 24cm from the wall to cast 100 inch large screen, no space, farewell to the screen ALPD 3.0, cinema-grade laser source technology 3000:1 contrast ratio, vivid image High-fidelity audio, inverted tube speaker, dual full-range dual-frequency Intelligent cooling, real-time temperature control fan System language: Chinese ( default ), English. Part of Chinese APP can merely be displayed in Chinese.\" \/>\n\t\t<meta name=\"twitter:image\" content=\"https:\/\/www.rucashk.com\/wp-content\/uploads\/replace\/503b8e645f128a97ccde2b6290747646.jpeg\" \/>\n\t\t<script type=\"application\/ld+json\" class=\"aioseo-schema\">\n\t\t\t{\"@context\":\"https:\\\/\\\/schema.org\",\"@graph\":[{\"@type\":\"BreadcrumbList\",\"@id\":\"https:\\\/\\\/www.rucashk.com\\\/pt\\\/produto\\\/mi-laser-projector-tv-4k-150-inch\\\/#breadcrumblist\",\"itemListElement\":[{\"@type\":\"ListItem\",\"@id\":\"https:\\\/\\\/www.rucashk.com\\\/pt\\\/#listItem\",\"position\":1,\"name\":\"Home\",\"item\":\"https:\\\/\\\/www.rucashk.com\\\/pt\\\/\",\"nextItem\":\"https:\\\/\\\/www.rucashk.com\\\/pt\\\/produto\\\/mi-laser-projector-tv-4k-150-inch\\\/#listItem\"},{\"@type\":\"ListItem\",\"@id\":\"https:\\\/\\\/www.rucashk.com\\\/pt\\\/produto\\\/mi-laser-projector-tv-4k-150-inch\\\/#listItem\",\"position\":2,\"name\":\"Mi Laser Projector TV 4K 150 inch\",\"previousItem\":\"https:\\\/\\\/www.rucashk.com\\\/pt\\\/#listItem\"}]},{\"@type\":\"Organization\",\"@id\":\"https:\\\/\\\/www.rucashk.com\\\/pt\\\/#organization\",\"name\":\"Rucas\",\"url\":\"https:\\\/\\\/www.rucashk.com\\\/pt\\\/\",\"logo\":{\"@type\":\"ImageObject\",\"url\":\"https:\\\/\\\/www.rucashk.com\\\/wp-content\\\/uploads\\\/2023\\\/12\\\/Rucas_campany_logo.png\",\"@id\":\"https:\\\/\\\/www.rucashk.com\\\/pt\\\/produto\\\/mi-laser-projector-tv-4k-150-inch\\\/#organizationLogo\",\"width\":221,\"height\":65},\"image\":{\"@id\":\"https:\\\/\\\/www.rucashk.com\\\/pt\\\/#organizationLogo\"}},{\"@type\":\"Person\",\"@id\":\"https:\\\/\\\/www.rucashk.com\\\/pt\\\/author\\\/admin\\\/#author\",\"url\":\"https:\\\/\\\/www.rucashk.com\\\/pt\\\/author\\\/admin\\\/\",\"name\":\"admin\",\"image\":{\"@type\":\"ImageObject\",\"@id\":\"https:\\\/\\\/www.rucashk.com\\\/pt\\\/produto\\\/mi-laser-projector-tv-4k-150-inch\\\/#authorImage\",\"url\":\"https:\\\/\\\/secure.gravatar.com\\\/avatar\\\/b7c8925b09a27e72b30232f8ecaadbd5af0f70a38c78096863fe51b64f031c24?s=96&d=mm&r=g\",\"width\":96,\"height\":96,\"caption\":\"admin\"}},{\"@type\":\"WebPage\",\"@id\":\"https:\\\/\\\/www.rucashk.com\\\/pt\\\/produto\\\/mi-laser-projector-tv-4k-150-inch\\\/#webpage\",\"url\":\"https:\\\/\\\/www.rucashk.com\\\/pt\\\/produto\\\/mi-laser-projector-tv-4k-150-inch\\\/\",\"name\":\"Mi Laser Projector TV 4K 150 inch - Rucas - Wholesale and Distribution\",\"description\":\"4K picture, enjoy the visual sense feast Directly placed in the TV cabinet to cast 80 - 150 inch large screen Ultra short-focus, only need 24cm from the wall to cast 100 inch large screen, no space, farewell to the screen ALPD 3.0, cinema-grade laser source technology 3000:1 contrast ratio, vivid image High-fidelity audio, inverted tube speaker, dual full-range dual-frequency Intelligent cooling, real-time temperature control fan System language: Chinese ( default ), English. Part of Chinese APP can merely be displayed in Chinese.\",\"inLanguage\":\"pt-PT\",\"isPartOf\":{\"@id\":\"https:\\\/\\\/www.rucashk.com\\\/pt\\\/#website\"},\"breadcrumb\":{\"@id\":\"https:\\\/\\\/www.rucashk.com\\\/pt\\\/produto\\\/mi-laser-projector-tv-4k-150-inch\\\/#breadcrumblist\"},\"author\":{\"@id\":\"https:\\\/\\\/www.rucashk.com\\\/pt\\\/author\\\/admin\\\/#author\"},\"creator\":{\"@id\":\"https:\\\/\\\/www.rucashk.com\\\/pt\\\/author\\\/admin\\\/#author\"},\"image\":{\"@type\":\"ImageObject\",\"url\":\"https:\\\/\\\/www.rucashk.com\\\/wp-content\\\/uploads\\\/2024\\\/01\\\/Mi-Laser-Projector-TV-4K-150-inch-3.jpg\",\"@id\":\"https:\\\/\\\/www.rucashk.com\\\/pt\\\/produto\\\/mi-laser-projector-tv-4k-150-inch\\\/#mainImage\",\"width\":800,\"height\":800},\"primaryImageOfPage\":{\"@id\":\"https:\\\/\\\/www.rucashk.com\\\/pt\\\/produto\\\/mi-laser-projector-tv-4k-150-inch\\\/#mainImage\"},\"datePublished\":\"2024-01-09T16:18:59+00:00\",\"dateModified\":\"2025-06-22T07:16:14+00:00\"},{\"@type\":\"WebSite\",\"@id\":\"https:\\\/\\\/www.rucashk.com\\\/pt\\\/#website\",\"url\":\"https:\\\/\\\/www.rucashk.com\\\/pt\\\/\",\"name\":\"Rucas - Wholesale and distribution worldwide\",\"alternateName\":\"Rucas - One-stop AIoT Distribution Worldwide\",\"description\":\"One-stop AIoT Distribution Worldwide\",\"inLanguage\":\"pt-PT\",\"publisher\":{\"@id\":\"https:\\\/\\\/www.rucashk.com\\\/pt\\\/#organization\"}}]}\n\t\t<\/script>\n\t\t<!-- All in One SEO Pro -->\r\n\t\t<title>Mi Laser Projector TV 4K 150 inch - Rucas - Wholesale and Distribution<\/title>\n\n","aioseo_head_json":{"title":"Mi Laser Projector TV 4K 150 inch - Rucas - Wholesale and Distribution","description":"4K picture, enjoy the visual sense feast Directly placed in the TV cabinet to cast 80 - 150 inch large screen Ultra short-focus, only need 24cm from the wall to cast 100 inch large screen, no space, farewell to the screen ALPD 3.0, cinema-grade laser source technology 3000:1 contrast ratio, vivid image High-fidelity audio, inverted tube speaker, dual full-range dual-frequency Intelligent cooling, real-time temperature control fan System language: Chinese ( default ), English. Part of Chinese APP can merely be displayed in Chinese.","canonical_url":"https:\/\/www.rucashk.com\/pt\/produto\/mi-laser-projector-tv-4k-150-inch\/","robots":"max-image-preview:large","keywords":"","webmasterTools":{"miscellaneous":""},"og:locale":"pt_PT","og:site_name":"Rucas - One-stop AIoT Distribution Worldwide","og:type":"article","og:title":"Mi Laser Projector TV 4K 150 inch - Rucas - Wholesale and Distribution","og:description":"4K picture, enjoy the visual sense feast Directly placed in the TV cabinet to cast 80 - 150 inch large screen Ultra short-focus, only need 24cm from the wall to cast 100 inch large screen, no space, farewell to the screen ALPD 3.0, cinema-grade laser source technology 3000:1 contrast ratio, vivid image High-fidelity audio, inverted tube speaker, dual full-range dual-frequency Intelligent cooling, real-time temperature control fan System language: Chinese ( default ), English. Part of Chinese APP can merely be displayed in Chinese.","og:url":"https:\/\/www.rucashk.com\/pt\/produto\/mi-laser-projector-tv-4k-150-inch\/","og:image":"https:\/\/www.rucashk.com\/wp-content\/uploads\/replace\/503b8e645f128a97ccde2b6290747646.jpeg","og:image:secure_url":"https:\/\/www.rucashk.com\/wp-content\/uploads\/replace\/503b8e645f128a97ccde2b6290747646.jpeg","og:image:width":1456,"og:image:height":816,"article:published_time":"2024-01-09T16:18:59+00:00","article:modified_time":"2025-06-22T07:16:14+00:00","twitter:card":"summary_large_image","twitter:title":"Mi Laser Projector TV 4K 150 inch - Rucas - Wholesale and Distribution","twitter:description":"4K picture, enjoy the visual sense feast Directly placed in the TV cabinet to cast 80 - 150 inch large screen Ultra short-focus, only need 24cm from the wall to cast 100 inch large screen, no space, farewell to the screen ALPD 3.0, cinema-grade laser source technology 3000:1 contrast ratio, vivid image High-fidelity audio, inverted tube speaker, dual full-range dual-frequency Intelligent cooling, real-time temperature control fan System language: Chinese ( default ), English. Part of Chinese APP can merely be displayed in Chinese.","twitter:image":"https:\/\/www.rucashk.com\/wp-content\/uploads\/replace\/503b8e645f128a97ccde2b6290747646.jpeg","schema":{"@context":"https:\/\/schema.org","@graph":[{"@type":"BreadcrumbList","@id":"https:\/\/www.rucashk.com\/pt\/produto\/mi-laser-projector-tv-4k-150-inch\/#breadcrumblist","itemListElement":[{"@type":"ListItem","@id":"https:\/\/www.rucashk.com\/pt\/#listItem","position":1,"name":"Home","item":"https:\/\/www.rucashk.com\/pt\/","nextItem":"https:\/\/www.rucashk.com\/pt\/produto\/mi-laser-projector-tv-4k-150-inch\/#listItem"},{"@type":"ListItem","@id":"https:\/\/www.rucashk.com\/pt\/produto\/mi-laser-projector-tv-4k-150-inch\/#listItem","position":2,"name":"Mi Laser Projector TV 4K 150 inch","previousItem":"https:\/\/www.rucashk.com\/pt\/#listItem"}]},{"@type":"Organization","@id":"https:\/\/www.rucashk.com\/pt\/#organization","name":"Rucas","url":"https:\/\/www.rucashk.com\/pt\/","logo":{"@type":"ImageObject","url":"https:\/\/www.rucashk.com\/wp-content\/uploads\/2023\/12\/Rucas_campany_logo.png","@id":"https:\/\/www.rucashk.com\/pt\/produto\/mi-laser-projector-tv-4k-150-inch\/#organizationLogo","width":221,"height":65},"image":{"@id":"https:\/\/www.rucashk.com\/pt\/#organizationLogo"}},{"@type":"Person","@id":"https:\/\/www.rucashk.com\/pt\/author\/admin\/#author","url":"https:\/\/www.rucashk.com\/pt\/author\/admin\/","name":"admin","image":{"@type":"ImageObject","@id":"https:\/\/www.rucashk.com\/pt\/produto\/mi-laser-projector-tv-4k-150-inch\/#authorImage","url":"https:\/\/secure.gravatar.com\/avatar\/b7c8925b09a27e72b30232f8ecaadbd5af0f70a38c78096863fe51b64f031c24?s=96&d=mm&r=g","width":96,"height":96,"caption":"admin"}},{"@type":"WebPage","@id":"https:\/\/www.rucashk.com\/pt\/produto\/mi-laser-projector-tv-4k-150-inch\/#webpage","url":"https:\/\/www.rucashk.com\/pt\/produto\/mi-laser-projector-tv-4k-150-inch\/","name":"Mi Laser Projector TV 4K 150 inch - Rucas - Wholesale and Distribution","description":"4K picture, enjoy the visual sense feast Directly placed in the TV cabinet to cast 80 - 150 inch large screen Ultra short-focus, only need 24cm from the wall to cast 100 inch large screen, no space, farewell to the screen ALPD 3.0, cinema-grade laser source technology 3000:1 contrast ratio, vivid image High-fidelity audio, inverted tube speaker, dual full-range dual-frequency Intelligent cooling, real-time temperature control fan System language: Chinese ( default ), English. Part of Chinese APP can merely be displayed in Chinese.","inLanguage":"pt-PT","isPartOf":{"@id":"https:\/\/www.rucashk.com\/pt\/#website"},"breadcrumb":{"@id":"https:\/\/www.rucashk.com\/pt\/produto\/mi-laser-projector-tv-4k-150-inch\/#breadcrumblist"},"author":{"@id":"https:\/\/www.rucashk.com\/pt\/author\/admin\/#author"},"creator":{"@id":"https:\/\/www.rucashk.com\/pt\/author\/admin\/#author"},"image":{"@type":"ImageObject","url":"https:\/\/www.rucashk.com\/wp-content\/uploads\/2024\/01\/Mi-Laser-Projector-TV-4K-150-inch-3.jpg","@id":"https:\/\/www.rucashk.com\/pt\/produto\/mi-laser-projector-tv-4k-150-inch\/#mainImage","width":800,"height":800},"primaryImageOfPage":{"@id":"https:\/\/www.rucashk.com\/pt\/produto\/mi-laser-projector-tv-4k-150-inch\/#mainImage"},"datePublished":"2024-01-09T16:18:59+00:00","dateModified":"2025-06-22T07:16:14+00:00"},{"@type":"WebSite","@id":"https:\/\/www.rucashk.com\/pt\/#website","url":"https:\/\/www.rucashk.com\/pt\/","name":"Rucas - Wholesale and distribution worldwide","alternateName":"Rucas - One-stop AIoT Distribution Worldwide","description":"One-stop AIoT Distribution Worldwide","inLanguage":"pt-PT","publisher":{"@id":"https:\/\/www.rucashk.com\/pt\/#organization"}}]}},"aioseo_meta_data":{"post_id":"25593","title":null,"description":null,"keywords":null,"keyphrases":null,"primary_term":null,"canonical_url":null,"og_title":null,"og_description":null,"og_object_type":"default","og_image_type":"default","og_image_url":null,"og_image_width":null,"og_image_height":null,"og_image_custom_url":null,"og_image_custom_fields":null,"og_video":null,"og_custom_url":null,"og_article_section":null,"og_article_tags":null,"twitter_use_og":false,"twitter_card":"default","twitter_image_type":"default","twitter_image_url":null,"twitter_image_custom_url":null,"twitter_image_custom_fields":null,"twitter_title":null,"twitter_description":null,"schema":{"blockGraphs":[],"customGraphs":[],"default":{"data":{"Article":[],"Course":[],"Dataset":[],"FAQPage":[],"Movie":[],"Person":[],"Product":[],"Recipe":[],"Service":[],"SoftwareApplication":[],"WebPage":[]},"graphName":"","isEnabled":true},"graphs":[]},"schema_type":"default","schema_type_options":null,"pillar_content":false,"robots_default":true,"robots_noindex":false,"robots_noarchive":false,"robots_nosnippet":false,"robots_nofollow":false,"robots_noimageindex":false,"robots_noodp":false,"robots_notranslate":false,"robots_max_snippet":null,"robots_max_videopreview":null,"robots_max_imagepreview":"large","priority":null,"frequency":null,"local_seo":null,"breadcrumb_settings":null,"limit_modified_date":false,"created":"2024-04-11 01:57:19","updated":"2025-06-22 17:58:12"},"aioseo_breadcrumb":"<div class=\"aioseo-breadcrumbs\"><span class=\"aioseo-breadcrumb\">\n\t<a href=\"https:\/\/www.rucashk.com\/pt\" title=\"Home\">Home<\/a>\n<\/span><span class=\"aioseo-breadcrumb-separator\">&raquo;<\/span><span class=\"aioseo-breadcrumb\">\n\t<a href=\"https:\/\/www.rucashk.com\/pt\/products\/\" title=\"Produtos\">Produtos<\/a>\n<\/span><span class=\"aioseo-breadcrumb-separator\">&raquo;<\/span><span class=\"aioseo-breadcrumb\">\n\t<a href=\"https:\/\/www.rucashk.com\/pt\/marca\/xiaomi\/\" title=\"Xiaomi\">Xiaomi<\/a>\n<\/span><span class=\"aioseo-breadcrumb-separator\">&raquo;<\/span><span class=\"aioseo-breadcrumb\">\n\tMi Laser Projector TV 4K 150 inch\n<\/span><\/div>","aioseo_breadcrumb_json":[{"label":"Home","link":"https:\/\/www.rucashk.com\/pt"},{"label":"Produtos","link":"https:\/\/www.rucashk.com\/pt\/products\/"},{"label":"Xiaomi","link":"https:\/\/www.rucashk.com\/pt\/marca\/xiaomi\/"},{"label":"Mi Laser Projector TV 4K 150 inch","link":"https:\/\/www.rucashk.com\/pt\/produto\/mi-laser-projector-tv-4k-150-inch\/"}],"_links":{"self":[{"href":"https:\/\/www.rucashk.com\/pt\/wp-json\/wp\/v2\/product\/25593","targetHints":{"allow":["GET"]}}],"collection":[{"href":"https:\/\/www.rucashk.com\/pt\/wp-json\/wp\/v2\/product"}],"about":[{"href":"https:\/\/www.rucashk.com\/pt\/wp-json\/wp\/v2\/types\/product"}],"wp:featuredmedia":[{"embeddable":true,"href":"https:\/\/www.rucashk.com\/pt\/wp-json\/wp\/v2\/media\/25730"}],"wp:attachment":[{"href":"https:\/\/www.rucashk.com\/pt\/wp-json\/wp\/v2\/media?parent=25593"}],"wp:term":[{"taxonomy":"product_brand","embeddable":true,"href":"https:\/\/www.rucashk.com\/pt\/wp-json\/wp\/v2\/product_brand?post=25593"},{"taxonomy":"product_cat","embeddable":true,"href":"https:\/\/www.rucashk.com\/pt\/wp-json\/wp\/v2\/product_cat?post=25593"},{"taxonomy":"product_tag","embeddable":true,"href":"https:\/\/www.rucashk.com\/pt\/wp-json\/wp\/v2\/product_tag?post=25593"}],"curies":[{"name":"wp","href":"https:\/\/api.w.org\/{rel}","templated":true}]}}