{"id":25564,"date":"2024-01-09T16:18:37","date_gmt":"2024-01-09T16:18:37","guid":{"rendered":"http:\/\/rucashk.com\/?post_type=product&#038;p=25564"},"modified":"2025-06-22T07:16:14","modified_gmt":"2025-06-22T07:16:14","slug":"mi-home-security-camera-360-2k-stock-list","status":"publish","type":"product","link":"https:\/\/www.rucashk.com\/pt\/produto\/mi-home-security-camera-360-2k-stock-list\/","title":{"rendered":"Lista de estoque da c\u00e2mera de seguran\u00e7a dom\u00e9stica Mi 360 \u00b0 2K"},"content":{"rendered":"<p align=\"center\" data-spm-anchor-id=\"a2g0o.detail.1000023.i2.47881a8dE0lWkI\"><strong>C\u00e2mera de seguran\u00e7a dom\u00e9stica Mi 360\u00b0 2K<\/strong><\/p>\n<p align=\"center\" data-spm-anchor-id=\"a2g0o.detail.1000023.i1.47881a8dE0lWkI\">Com qualidade de imagem 2K super n\u00edtida e IA atualizada<\/p>\n<p align=\"center\"><span data-spm-anchor-id=\"a2g0o.detail.1000023.i0.47881a8dE0lWkI\">3 megapixels\uff5cF1.4 grande abertura\uff5cCor total em pouca luz\uff5cDetec\u00e7\u00e3o humana AI<\/span><\/p>\n<p align=\"center\"><img fetchpriority=\"high\" decoding=\"async\" class=\"aligncenter\" src=\"https:\/\/www.rucashk.com\/wp-content\/uploads\/2021\/09\/H6ace3601477d421d8ae5fa43665d9264V.jpg\" alt=\"Mi 360\u00b0 Home Security Camera 2K\" width=\"1000\" height=\"472\" \/><strong>2K HD ultra n\u00edtido, qualidade de imagem totalmente atualizada<\/strong><\/p>\n<p align=\"center\">A Mi 360\u00b0 Home Security Camera 2K usa tecnologia HD ultra n\u00edtida para capturar imagens mais detalhadas. Desfrute de uma experi\u00eancia visual aprimorada com tecnologia HD ultra n\u00edtida 2K totalmente atualizada.<img decoding=\"async\" class=\"aligncenter\" src=\"https:\/\/www.rucashk.com\/wp-content\/uploads\/2021\/09\/H54bf91423ada425893f8337a852ca4071.jpg\" alt=\"Mi 360\u00b0 Home Security Camera 2K\" width=\"1000\" height=\"634\" \/><strong>Grande abertura para imagens n\u00edtidas mesmo em condi\u00e7\u00f5es de pouca luz<\/strong><\/p>\n<p align=\"center\">A lente de grande abertura F1.4 permite a entrada de significativamente mais luz, capturando imagens detalhadas mesmo em condi\u00e7\u00f5es de pouca luz.<img decoding=\"async\" class=\"aligncenter\" src=\"https:\/\/www.rucashk.com\/wp-content\/uploads\/2021\/09\/Hf5e62ab8a91545108c32bc24a2de6338H.jpg\" alt=\"Mi 360\u00b0 Home Security Camera 2K\" width=\"1000\" height=\"606\" \/><strong>Lente 6P atualizada para uma exibi\u00e7\u00e3o de maior qualidade<\/strong><\/p>\n<p align=\"center\">A lente totalmente atualizada reduz efetivamente a refra\u00e7\u00e3o da luz para imagens mais n\u00edtidas e detalhadas.<img loading=\"lazy\" decoding=\"async\" class=\"aligncenter\" src=\"https:\/\/www.rucashk.com\/wp-content\/uploads\/2021\/09\/Hc30ed1521aff4246be9e380fd333974ce.jpg\" alt=\"Mi 360\u00b0 Home Security Camera 2K\" width=\"1000\" height=\"594\" \/><strong>Vis\u00e3o noturna infravermelha aprimorada para imagens n\u00edtidas mesmo com pouca luz<\/strong><\/p>\n<p align=\"center\">A luz infravermelha de 940 nm sem brilho vermelho vis\u00edvel permite que voc\u00ea e sua fam\u00edlia durmam sem serem perturbados; possui um sensor de imagem de alta sensibilidade e exibe v\u00eddeo colorido mesmo em condi\u00e7\u00f5es de pouca luz.<img loading=\"lazy\" decoding=\"async\" class=\"aligncenter\" src=\"https:\/\/www.rucashk.com\/wp-content\/uploads\/2021\/09\/Hfafac4cf5f584da59495faa457367d0eK.jpg\" alt=\"Mi 360\u00b0 Home Security Camera 2K\" width=\"1000\" height=\"581\" \/><strong>Exiba a sa\u00edda de v\u00eddeo da c\u00e2mera no seu dispositivo<\/strong><\/p>\n<p align=\"center\">Basta pedir ao seu Mi Smart Clock para mostrar a sa\u00edda de v\u00eddeo em tempo real da sua c\u00e2mera.<img loading=\"lazy\" decoding=\"async\" class=\"aligncenter\" src=\"https:\/\/www.rucashk.com\/wp-content\/uploads\/2021\/09\/Ha280f225264d4643ba1b55184687460fk.jpg\" alt=\"Mi 360\u00b0 Home Security Camera 2K\" width=\"1000\" height=\"555\" \/><strong>A detec\u00e7\u00e3o humana por IA filtra eficazmente alarmes falsos<\/strong><\/p>\n<p align=\"center\">Com uma combina\u00e7\u00e3o de aplica\u00e7\u00f5es de aprendizagem profunda, bem como algoritmos e otimiza\u00e7\u00e3o de rede, a IA filtra eficazmente alarmes falsos para melhorar a precis\u00e3o.<img loading=\"lazy\" decoding=\"async\" class=\"aligncenter\" src=\"https:\/\/www.rucashk.com\/wp-content\/uploads\/2021\/09\/H3959ded520284830bbe9b03a18d75e8em.jpg\" alt=\"Mi 360\u00b0 Home Security Camera 2K\" width=\"1000\" height=\"697\" \/><strong>Vis\u00e3o panor\u00e2mica de 360\u00b0 com zoom panor\u00e2mico e inclina\u00e7\u00e3o para monitoramento completo sem pontos cegos<\/strong><\/p>\n<p align=\"center\">Apresenta um motor panor\u00e2mico-inclina\u00e7\u00e3o-zoom de eixo duplo, com um \u00e2ngulo de vis\u00e3o horizontal de 360\u00b0 e um \u00e2ngulo de vis\u00e3o vertical de 118\u00b0.<img loading=\"lazy\" decoding=\"async\" class=\"aligncenter\" src=\"https:\/\/www.rucashk.com\/wp-content\/uploads\/2021\/09\/H330e4966cf1641bbaf4306386cbe612cH.jpg\" alt=\"Mi 360\u00b0 Home Security Camera 2K\" width=\"1000\" height=\"628\" \/><strong>Chamadas de voz bidirecionais em tempo real, para que voc\u00ea possa \u201cvisitar sua casa\u201d sempre que quiser<\/strong><\/p>\n<p style=\"text-align: center\" align=\"left\">Suporta chamadas de voz bidirecionais em tempo real que parecem uma conversa cara a cara, para que voc\u00ea possa conversar intimamente com seus entes queridos, n\u00e3o importa onde voc\u00ea esteja.<img loading=\"lazy\" decoding=\"async\" class=\"aligncenter\" src=\"https:\/\/www.rucashk.com\/wp-content\/uploads\/2021\/09\/Hda2e4f7facc341348754a5141b17ff8b1.jpg\" alt=\"Mi 360\u00b0 Home Security Camera 2K\" width=\"1000\" height=\"560\" \/><img loading=\"lazy\" decoding=\"async\" class=\"aligncenter\" src=\"https:\/\/www.rucashk.com\/wp-content\/uploads\/2021\/09\/He281f146fa264a73af3fc3b0c0aafaccB.jpg\" alt=\"Mi 360\u00b0 Home Security Camera 2K\" width=\"1000\" height=\"523\" \/><strong>Habilite sua c\u00e2mera de seguran\u00e7a em tr\u00eas etapas simples<\/strong><\/p>\n<p style=\"text-align: center\" align=\"left\">1, Baixe o aplicativo Mi Home\/Xiaomi Home;<\/p>\n<p style=\"text-align: center\" align=\"left\">2, ligue a c\u00e2mera de seguran\u00e7a dom\u00e9stica Mi 360 \u00b0 2K;<\/p>\n<p style=\"text-align: center\" align=\"left\">3, Abra o aplicativo, procure e conecte-se ao dispositivo para us\u00e1-lo normalmente;<img loading=\"lazy\" decoding=\"async\" class=\"aligncenter\" src=\"https:\/\/www.rucashk.com\/wp-content\/uploads\/2021\/09\/Hbde0fd86de7643448cb0bbd88c21c16cy.jpg\" alt=\"Mi 360\u00b0 Home Security Camera 2K\" width=\"1000\" height=\"309\" \/><\/p>\n<p style=\"text-align: center\" align=\"left\"><strong>Rucas, distribuidor l\u00edder da Xiaomi em Hong Kong.<\/strong><br \/>\nFocando no produto de acess\u00f3rios ecol\u00f3gicos de uma marca da China, como Amazfit, Haylou, Ninebot, Roborock, Dreame, Imilab, 70Mai, Deerma. Mantemos centenas de SKUs Xiaomi com estoque em dep\u00f3sitos em HK e Shenzhen de forma est\u00e1vel para um prazo de entrega mais r\u00e1pido.<\/p>","protected":false},"excerpt":{"rendered":"<ul>\n<li>Resolu\u00e7\u00e3o: 2304*1296<\/li>\n<li>Codifica\u00e7\u00e3o de v\u00eddeo: H.265<\/li>\n<li>Temperatura de trabalho:-10\u00b0C ~ 50\u00b0C<\/li>\n<li>\u00c2ngulo de vis\u00e3o: 110\u00b0<\/li>\n<li>Mem\u00f3ria Expans\u00edvel: Cart\u00e3o Micro SD (at\u00e9 32 GB)<\/li>\n<li>Compat\u00edvel com: Android 4.4, iOS 9.0 ou superior<\/li>\n<li>Entrada de energia: 5V 2A<\/li>\n<li>Tamanho: 115x78x78mm<\/li>\n<\/ul>","protected":false},"featured_media":25702,"template":"","meta":[],"product_brand":[1363],"product_cat":[1316,1305],"product_tag":[],"class_list":{"0":"post-25564","1":"product","2":"type-product","3":"status-publish","4":"has-post-thumbnail","6":"product_brand-xiaomi","7":"product_cat-mi-camera","8":"product_cat-xiaomi-eco","10":"first","11":"instock","12":"shipping-taxable","13":"product-type-simple"},"aioseo_notices":[],"aioseo_head":"\n\t\t<!-- All in One SEO Pro 4.5.9.2 - aioseo.com -->\n\t\t<meta name=\"description\" content=\"Resolution: 2304*1296 Video Coding: H.265 Working Temperature\uff1a-10\u2103 ~ 50\u2103 Angle of View: 110\u00b0 Expandable Memory\uff1aMicro SD Card (up to 32GB) Compatible with: Android 4.4, iOS 9.0 or above Power Input: 5V 2A Size: 115 x 78 x 78mm\" \/>\n\t\t<meta name=\"robots\" content=\"max-image-preview:large\" \/>\n\t\t<link rel=\"canonical\" href=\"https:\/\/www.rucashk.com\/pt\/produto\/mi-home-security-camera-360-2k-stock-list\/\" \/>\n\t\t<meta name=\"generator\" content=\"All in One SEO Pro (AIOSEO) 4.5.9.2\" \/>\n\t\t<meta property=\"og:locale\" content=\"pt_PT\" \/>\n\t\t<meta property=\"og:site_name\" content=\"Rucas - One-stop AIoT Distribution Worldwide\" \/>\n\t\t<meta property=\"og:type\" content=\"article\" \/>\n\t\t<meta property=\"og:title\" content=\"Mi Home Security Camera 360\u00b0 2K stock list - Rucas - Wholesale and Distribution\" \/>\n\t\t<meta property=\"og:description\" content=\"Resolution: 2304*1296 Video Coding: H.265 Working Temperature\uff1a-10\u2103 ~ 50\u2103 Angle of View: 110\u00b0 Expandable Memory\uff1aMicro SD Card (up to 32GB) Compatible with: Android 4.4, iOS 9.0 or above Power Input: 5V 2A Size: 115 x 78 x 78mm\" \/>\n\t\t<meta property=\"og:url\" content=\"https:\/\/www.rucashk.com\/pt\/produto\/mi-home-security-camera-360-2k-stock-list\/\" \/>\n\t\t<meta property=\"og:image\" content=\"https:\/\/www.rucashk.com\/wp-content\/uploads\/replace\/503b8e645f128a97ccde2b6290747646.jpeg\" \/>\n\t\t<meta property=\"og:image:secure_url\" content=\"https:\/\/www.rucashk.com\/wp-content\/uploads\/replace\/503b8e645f128a97ccde2b6290747646.jpeg\" \/>\n\t\t<meta property=\"og:image:width\" content=\"1456\" \/>\n\t\t<meta property=\"og:image:height\" content=\"816\" \/>\n\t\t<meta property=\"article:published_time\" content=\"2024-01-09T16:18:37+00:00\" \/>\n\t\t<meta property=\"article:modified_time\" content=\"2025-06-22T07:16:14+00:00\" \/>\n\t\t<meta name=\"twitter:card\" content=\"summary_large_image\" \/>\n\t\t<meta name=\"twitter:title\" content=\"Mi Home Security Camera 360\u00b0 2K stock list - Rucas - Wholesale and Distribution\" \/>\n\t\t<meta name=\"twitter:description\" content=\"Resolution: 2304*1296 Video Coding: H.265 Working Temperature\uff1a-10\u2103 ~ 50\u2103 Angle of View: 110\u00b0 Expandable Memory\uff1aMicro SD Card (up to 32GB) Compatible with: Android 4.4, iOS 9.0 or above Power Input: 5V 2A Size: 115 x 78 x 78mm\" \/>\n\t\t<meta name=\"twitter:image\" content=\"https:\/\/www.rucashk.com\/wp-content\/uploads\/replace\/503b8e645f128a97ccde2b6290747646.jpeg\" \/>\n\t\t<script type=\"application\/ld+json\" class=\"aioseo-schema\">\n\t\t\t{\"@context\":\"https:\\\/\\\/schema.org\",\"@graph\":[{\"@type\":\"BreadcrumbList\",\"@id\":\"https:\\\/\\\/www.rucashk.com\\\/pt\\\/produto\\\/mi-home-security-camera-360-2k-stock-list\\\/#breadcrumblist\",\"itemListElement\":[{\"@type\":\"ListItem\",\"@id\":\"https:\\\/\\\/www.rucashk.com\\\/pt\\\/#listItem\",\"position\":1,\"name\":\"Home\",\"item\":\"https:\\\/\\\/www.rucashk.com\\\/pt\\\/\",\"nextItem\":\"https:\\\/\\\/www.rucashk.com\\\/pt\\\/produto\\\/mi-home-security-camera-360-2k-stock-list\\\/#listItem\"},{\"@type\":\"ListItem\",\"@id\":\"https:\\\/\\\/www.rucashk.com\\\/pt\\\/produto\\\/mi-home-security-camera-360-2k-stock-list\\\/#listItem\",\"position\":2,\"name\":\"Mi Home Security Camera 360\\u00b0 2K stock list\",\"previousItem\":\"https:\\\/\\\/www.rucashk.com\\\/pt\\\/#listItem\"}]},{\"@type\":\"Organization\",\"@id\":\"https:\\\/\\\/www.rucashk.com\\\/pt\\\/#organization\",\"name\":\"Rucas\",\"url\":\"https:\\\/\\\/www.rucashk.com\\\/pt\\\/\",\"logo\":{\"@type\":\"ImageObject\",\"url\":\"https:\\\/\\\/www.rucashk.com\\\/wp-content\\\/uploads\\\/2023\\\/12\\\/Rucas_campany_logo.png\",\"@id\":\"https:\\\/\\\/www.rucashk.com\\\/pt\\\/produto\\\/mi-home-security-camera-360-2k-stock-list\\\/#organizationLogo\",\"width\":221,\"height\":65},\"image\":{\"@id\":\"https:\\\/\\\/www.rucashk.com\\\/pt\\\/#organizationLogo\"}},{\"@type\":\"Person\",\"@id\":\"https:\\\/\\\/www.rucashk.com\\\/pt\\\/author\\\/admin\\\/#author\",\"url\":\"https:\\\/\\\/www.rucashk.com\\\/pt\\\/author\\\/admin\\\/\",\"name\":\"admin\",\"image\":{\"@type\":\"ImageObject\",\"@id\":\"https:\\\/\\\/www.rucashk.com\\\/pt\\\/produto\\\/mi-home-security-camera-360-2k-stock-list\\\/#authorImage\",\"url\":\"https:\\\/\\\/secure.gravatar.com\\\/avatar\\\/b7c8925b09a27e72b30232f8ecaadbd5af0f70a38c78096863fe51b64f031c24?s=96&d=mm&r=g\",\"width\":96,\"height\":96,\"caption\":\"admin\"}},{\"@type\":\"WebPage\",\"@id\":\"https:\\\/\\\/www.rucashk.com\\\/pt\\\/produto\\\/mi-home-security-camera-360-2k-stock-list\\\/#webpage\",\"url\":\"https:\\\/\\\/www.rucashk.com\\\/pt\\\/produto\\\/mi-home-security-camera-360-2k-stock-list\\\/\",\"name\":\"Mi Home Security Camera 360\\u00b0 2K stock list - Rucas - Wholesale and Distribution\",\"description\":\"Resolution: 2304*1296 Video Coding: H.265 Working Temperature\\uff1a-10\\u2103 ~ 50\\u2103 Angle of View: 110\\u00b0 Expandable Memory\\uff1aMicro SD Card (up to 32GB) Compatible with: Android 4.4, iOS 9.0 or above Power Input: 5V 2A Size: 115 x 78 x 78mm\",\"inLanguage\":\"pt-PT\",\"isPartOf\":{\"@id\":\"https:\\\/\\\/www.rucashk.com\\\/pt\\\/#website\"},\"breadcrumb\":{\"@id\":\"https:\\\/\\\/www.rucashk.com\\\/pt\\\/produto\\\/mi-home-security-camera-360-2k-stock-list\\\/#breadcrumblist\"},\"author\":{\"@id\":\"https:\\\/\\\/www.rucashk.com\\\/pt\\\/author\\\/admin\\\/#author\"},\"creator\":{\"@id\":\"https:\\\/\\\/www.rucashk.com\\\/pt\\\/author\\\/admin\\\/#author\"},\"image\":{\"@type\":\"ImageObject\",\"url\":\"https:\\\/\\\/www.rucashk.com\\\/wp-content\\\/uploads\\\/2024\\\/01\\\/Mi-360\\u00b0-Home-Security-Camera-2K-14.jpg\",\"@id\":\"https:\\\/\\\/www.rucashk.com\\\/pt\\\/produto\\\/mi-home-security-camera-360-2k-stock-list\\\/#mainImage\",\"width\":800,\"height\":800},\"primaryImageOfPage\":{\"@id\":\"https:\\\/\\\/www.rucashk.com\\\/pt\\\/produto\\\/mi-home-security-camera-360-2k-stock-list\\\/#mainImage\"},\"datePublished\":\"2024-01-09T16:18:37+00:00\",\"dateModified\":\"2025-06-22T07:16:14+00:00\"},{\"@type\":\"WebSite\",\"@id\":\"https:\\\/\\\/www.rucashk.com\\\/pt\\\/#website\",\"url\":\"https:\\\/\\\/www.rucashk.com\\\/pt\\\/\",\"name\":\"Rucas - Wholesale and distribution worldwide\",\"alternateName\":\"Rucas - One-stop AIoT Distribution Worldwide\",\"description\":\"One-stop AIoT Distribution Worldwide\",\"inLanguage\":\"pt-PT\",\"publisher\":{\"@id\":\"https:\\\/\\\/www.rucashk.com\\\/pt\\\/#organization\"}}]}\n\t\t<\/script>\n\t\t<!-- All in One SEO Pro -->\r\n\t\t<title>Mi Home Security Camera 360\u00b0 2K stock list - Rucas - Wholesale and Distribution<\/title>\n\n","aioseo_head_json":{"title":"Mi Home Security Camera 360\u00b0 2K stock list - Rucas - Wholesale and Distribution","description":"Resolution: 2304*1296 Video Coding: H.265 Working Temperature\uff1a-10\u2103 ~ 50\u2103 Angle of View: 110\u00b0 Expandable Memory\uff1aMicro SD Card (up to 32GB) Compatible with: Android 4.4, iOS 9.0 or above Power Input: 5V 2A Size: 115 x 78 x 78mm","canonical_url":"https:\/\/www.rucashk.com\/pt\/produto\/mi-home-security-camera-360-2k-stock-list\/","robots":"max-image-preview:large","keywords":"","webmasterTools":{"miscellaneous":""},"og:locale":"pt_PT","og:site_name":"Rucas - One-stop AIoT Distribution Worldwide","og:type":"article","og:title":"Mi Home Security Camera 360\u00b0 2K stock list - Rucas - Wholesale and Distribution","og:description":"Resolution: 2304*1296 Video Coding: H.265 Working Temperature\uff1a-10\u2103 ~ 50\u2103 Angle of View: 110\u00b0 Expandable Memory\uff1aMicro SD Card (up to 32GB) Compatible with: Android 4.4, iOS 9.0 or above Power Input: 5V 2A Size: 115 x 78 x 78mm","og:url":"https:\/\/www.rucashk.com\/pt\/produto\/mi-home-security-camera-360-2k-stock-list\/","og:image":"https:\/\/www.rucashk.com\/wp-content\/uploads\/replace\/503b8e645f128a97ccde2b6290747646.jpeg","og:image:secure_url":"https:\/\/www.rucashk.com\/wp-content\/uploads\/replace\/503b8e645f128a97ccde2b6290747646.jpeg","og:image:width":1456,"og:image:height":816,"article:published_time":"2024-01-09T16:18:37+00:00","article:modified_time":"2025-06-22T07:16:14+00:00","twitter:card":"summary_large_image","twitter:title":"Mi Home Security Camera 360\u00b0 2K stock list - Rucas - Wholesale and Distribution","twitter:description":"Resolution: 2304*1296 Video Coding: H.265 Working Temperature\uff1a-10\u2103 ~ 50\u2103 Angle of View: 110\u00b0 Expandable Memory\uff1aMicro SD Card (up to 32GB) Compatible with: Android 4.4, iOS 9.0 or above Power Input: 5V 2A Size: 115 x 78 x 78mm","twitter:image":"https:\/\/www.rucashk.com\/wp-content\/uploads\/replace\/503b8e645f128a97ccde2b6290747646.jpeg","schema":{"@context":"https:\/\/schema.org","@graph":[{"@type":"BreadcrumbList","@id":"https:\/\/www.rucashk.com\/pt\/produto\/mi-home-security-camera-360-2k-stock-list\/#breadcrumblist","itemListElement":[{"@type":"ListItem","@id":"https:\/\/www.rucashk.com\/pt\/#listItem","position":1,"name":"Home","item":"https:\/\/www.rucashk.com\/pt\/","nextItem":"https:\/\/www.rucashk.com\/pt\/produto\/mi-home-security-camera-360-2k-stock-list\/#listItem"},{"@type":"ListItem","@id":"https:\/\/www.rucashk.com\/pt\/produto\/mi-home-security-camera-360-2k-stock-list\/#listItem","position":2,"name":"Mi Home Security Camera 360\u00b0 2K stock list","previousItem":"https:\/\/www.rucashk.com\/pt\/#listItem"}]},{"@type":"Organization","@id":"https:\/\/www.rucashk.com\/pt\/#organization","name":"Rucas","url":"https:\/\/www.rucashk.com\/pt\/","logo":{"@type":"ImageObject","url":"https:\/\/www.rucashk.com\/wp-content\/uploads\/2023\/12\/Rucas_campany_logo.png","@id":"https:\/\/www.rucashk.com\/pt\/produto\/mi-home-security-camera-360-2k-stock-list\/#organizationLogo","width":221,"height":65},"image":{"@id":"https:\/\/www.rucashk.com\/pt\/#organizationLogo"}},{"@type":"Person","@id":"https:\/\/www.rucashk.com\/pt\/author\/admin\/#author","url":"https:\/\/www.rucashk.com\/pt\/author\/admin\/","name":"admin","image":{"@type":"ImageObject","@id":"https:\/\/www.rucashk.com\/pt\/produto\/mi-home-security-camera-360-2k-stock-list\/#authorImage","url":"https:\/\/secure.gravatar.com\/avatar\/b7c8925b09a27e72b30232f8ecaadbd5af0f70a38c78096863fe51b64f031c24?s=96&d=mm&r=g","width":96,"height":96,"caption":"admin"}},{"@type":"WebPage","@id":"https:\/\/www.rucashk.com\/pt\/produto\/mi-home-security-camera-360-2k-stock-list\/#webpage","url":"https:\/\/www.rucashk.com\/pt\/produto\/mi-home-security-camera-360-2k-stock-list\/","name":"Mi Home Security Camera 360\u00b0 2K stock list - Rucas - Wholesale and Distribution","description":"Resolution: 2304*1296 Video Coding: H.265 Working Temperature\uff1a-10\u2103 ~ 50\u2103 Angle of View: 110\u00b0 Expandable Memory\uff1aMicro SD Card (up to 32GB) Compatible with: Android 4.4, iOS 9.0 or above Power Input: 5V 2A Size: 115 x 78 x 78mm","inLanguage":"pt-PT","isPartOf":{"@id":"https:\/\/www.rucashk.com\/pt\/#website"},"breadcrumb":{"@id":"https:\/\/www.rucashk.com\/pt\/produto\/mi-home-security-camera-360-2k-stock-list\/#breadcrumblist"},"author":{"@id":"https:\/\/www.rucashk.com\/pt\/author\/admin\/#author"},"creator":{"@id":"https:\/\/www.rucashk.com\/pt\/author\/admin\/#author"},"image":{"@type":"ImageObject","url":"https:\/\/www.rucashk.com\/wp-content\/uploads\/2024\/01\/Mi-360\u00b0-Home-Security-Camera-2K-14.jpg","@id":"https:\/\/www.rucashk.com\/pt\/produto\/mi-home-security-camera-360-2k-stock-list\/#mainImage","width":800,"height":800},"primaryImageOfPage":{"@id":"https:\/\/www.rucashk.com\/pt\/produto\/mi-home-security-camera-360-2k-stock-list\/#mainImage"},"datePublished":"2024-01-09T16:18:37+00:00","dateModified":"2025-06-22T07:16:14+00:00"},{"@type":"WebSite","@id":"https:\/\/www.rucashk.com\/pt\/#website","url":"https:\/\/www.rucashk.com\/pt\/","name":"Rucas - Wholesale and distribution worldwide","alternateName":"Rucas - One-stop AIoT Distribution Worldwide","description":"One-stop AIoT Distribution Worldwide","inLanguage":"pt-PT","publisher":{"@id":"https:\/\/www.rucashk.com\/pt\/#organization"}}]}},"aioseo_meta_data":{"post_id":"25564","title":null,"description":null,"keywords":null,"keyphrases":null,"primary_term":null,"canonical_url":null,"og_title":null,"og_description":null,"og_object_type":"default","og_image_type":"default","og_image_url":null,"og_image_width":null,"og_image_height":null,"og_image_custom_url":null,"og_image_custom_fields":null,"og_video":null,"og_custom_url":null,"og_article_section":null,"og_article_tags":null,"twitter_use_og":false,"twitter_card":"default","twitter_image_type":"default","twitter_image_url":null,"twitter_image_custom_url":null,"twitter_image_custom_fields":null,"twitter_title":null,"twitter_description":null,"schema":{"blockGraphs":[],"customGraphs":[],"default":{"data":{"Article":[],"Course":[],"Dataset":[],"FAQPage":[],"Movie":[],"Person":[],"Product":[],"Recipe":[],"Service":[],"SoftwareApplication":[],"WebPage":[]},"graphName":"","isEnabled":true},"graphs":[]},"schema_type":"default","schema_type_options":null,"pillar_content":false,"robots_default":true,"robots_noindex":false,"robots_noarchive":false,"robots_nosnippet":false,"robots_nofollow":false,"robots_noimageindex":false,"robots_noodp":false,"robots_notranslate":false,"robots_max_snippet":null,"robots_max_videopreview":null,"robots_max_imagepreview":"large","priority":null,"frequency":null,"local_seo":null,"breadcrumb_settings":null,"limit_modified_date":false,"created":"2024-04-11 01:57:18","updated":"2025-06-22 17:57:10"},"aioseo_breadcrumb":"<div class=\"aioseo-breadcrumbs\"><span class=\"aioseo-breadcrumb\">\n\t<a href=\"https:\/\/www.rucashk.com\/pt\" title=\"Home\">Home<\/a>\n<\/span><span class=\"aioseo-breadcrumb-separator\">&raquo;<\/span><span class=\"aioseo-breadcrumb\">\n\t<a href=\"https:\/\/www.rucashk.com\/pt\/products\/\" title=\"Produtos\">Produtos<\/a>\n<\/span><span class=\"aioseo-breadcrumb-separator\">&raquo;<\/span><span class=\"aioseo-breadcrumb\">\n\t<a href=\"https:\/\/www.rucashk.com\/pt\/marca\/xiaomi\/\" title=\"Xiaomi\">Xiaomi<\/a>\n<\/span><span class=\"aioseo-breadcrumb-separator\">&raquo;<\/span><span class=\"aioseo-breadcrumb\">\n\tMi Home Security Camera 360\u00b0 2K stock list\n<\/span><\/div>","aioseo_breadcrumb_json":[{"label":"Home","link":"https:\/\/www.rucashk.com\/pt"},{"label":"Produtos","link":"https:\/\/www.rucashk.com\/pt\/products\/"},{"label":"Xiaomi","link":"https:\/\/www.rucashk.com\/pt\/marca\/xiaomi\/"},{"label":"Mi Home Security Camera 360\u00b0 2K stock list","link":"https:\/\/www.rucashk.com\/pt\/produto\/mi-home-security-camera-360-2k-stock-list\/"}],"_links":{"self":[{"href":"https:\/\/www.rucashk.com\/pt\/wp-json\/wp\/v2\/product\/25564","targetHints":{"allow":["GET"]}}],"collection":[{"href":"https:\/\/www.rucashk.com\/pt\/wp-json\/wp\/v2\/product"}],"about":[{"href":"https:\/\/www.rucashk.com\/pt\/wp-json\/wp\/v2\/types\/product"}],"wp:featuredmedia":[{"embeddable":true,"href":"https:\/\/www.rucashk.com\/pt\/wp-json\/wp\/v2\/media\/25702"}],"wp:attachment":[{"href":"https:\/\/www.rucashk.com\/pt\/wp-json\/wp\/v2\/media?parent=25564"}],"wp:term":[{"taxonomy":"product_brand","embeddable":true,"href":"https:\/\/www.rucashk.com\/pt\/wp-json\/wp\/v2\/product_brand?post=25564"},{"taxonomy":"product_cat","embeddable":true,"href":"https:\/\/www.rucashk.com\/pt\/wp-json\/wp\/v2\/product_cat?post=25564"},{"taxonomy":"product_tag","embeddable":true,"href":"https:\/\/www.rucashk.com\/pt\/wp-json\/wp\/v2\/product_tag?post=25564"}],"curies":[{"name":"wp","href":"https:\/\/api.w.org\/{rel}","templated":true}]}}