{"id":25527,"date":"2024-01-09T16:18:13","date_gmt":"2024-01-09T16:18:13","guid":{"rendered":"http:\/\/rucashk.com\/?post_type=product&#038;p=25527"},"modified":"2024-03-12T04:00:50","modified_gmt":"2024-03-12T04:00:50","slug":"amazfit-t-rex-pro-smartwatch","status":"publish","type":"product","link":"https:\/\/www.rucashk.com\/pt\/produto\/amazfit-t-rex-pro-smartwatch\/","title":{"rendered":"Smartwatch Amazfit T-rex Pro"},"content":{"rendered":"<div class=\"detailmodule_image\">\n<div class=\"detailmodule_image\">\n<div>\n<p><img fetchpriority=\"high\" decoding=\"async\" class=\"detail-desc-decorate-image aligncenter\" src=\"\/wp-content\/uploads\/replace\/c6fe177e46291b5ded14e93d8a9f96f7.jpeg\" alt=\"Amazfit T-rex Pro Smartwatch\" width=\"1080\" height=\"1763\" \/><img decoding=\"async\" class=\"detail-desc-decorate-image aligncenter\" src=\"\/wp-content\/uploads\/replace\/745c87d7b19edb5e7c1cba090a972892.jpeg\" alt=\"Amazfit T-rex Pro Smartwatch\" width=\"1080\" height=\"1346\" \/><img decoding=\"async\" class=\"detail-desc-decorate-image aligncenter\" src=\"\/wp-content\/uploads\/replace\/cbbe5bb3ac8f5819a232c78def479b84.jpeg\" alt=\"Amazfit T-rex Pro Smartwatch\" width=\"1080\" height=\"2008\" \/><img loading=\"lazy\" decoding=\"async\" class=\"detail-desc-decorate-image aligncenter\" src=\"\/wp-content\/uploads\/replace\/2f33dc6ba5b20e14507d8f37fd0b8a4f.jpeg\" alt=\"Amazfit T-rex Pro Smartwatch\" width=\"1080\" height=\"1399\" \/><img loading=\"lazy\" decoding=\"async\" class=\"detail-desc-decorate-image aligncenter\" src=\"\/wp-content\/uploads\/replace\/abb3b303aa5468c74148e27889c36eb8.jpeg\" alt=\"Amazfit T-rex Pro Smartwatch\" width=\"1080\" height=\"2148\" \/><img loading=\"lazy\" decoding=\"async\" class=\"detail-desc-decorate-image aligncenter\" src=\"\/wp-content\/uploads\/replace\/3cb3ae4cb725aed2d752fc5fd1277c99.jpeg\" alt=\"Amazfit T-rex Pro Smartwatch\" width=\"1080\" height=\"1469\" \/><img loading=\"lazy\" decoding=\"async\" class=\"detail-desc-decorate-image aligncenter\" src=\"\/wp-content\/uploads\/replace\/83b3440d2e063c4ba05ced29225d04d6.jpeg\" alt=\"Amazfit T-rex Pro Smartwatch\" width=\"1080\" height=\"1315\" \/><img loading=\"lazy\" decoding=\"async\" class=\"detail-desc-decorate-image aligncenter\" src=\"\/wp-content\/uploads\/replace\/9ed6a06aa213f4cd8d2873bebb24634c.jpeg\" alt=\"Amazfit T-rex Pro Smartwatch\" width=\"1080\" height=\"1443\" \/><img loading=\"lazy\" decoding=\"async\" class=\"detail-desc-decorate-image aligncenter\" src=\"\/wp-content\/uploads\/replace\/eeb0df79ab1376db28a717c127fc6d6e.jpeg\" alt=\"Amazfit T-rex Pro Smartwatch\" width=\"1080\" height=\"1815\" \/><img loading=\"lazy\" decoding=\"async\" class=\"detail-desc-decorate-image aligncenter\" src=\"\/wp-content\/uploads\/replace\/af21fdf0a4fb6d335aa2c785005fad81.jpeg\" alt=\"Amazfit T-rex Pro Smartwatch\" width=\"1080\" height=\"2353\" \/><\/p>\n<\/div>\n<\/div>\n<div class=\"detailmodule_image\"><img loading=\"lazy\" decoding=\"async\" class=\"detail-desc-decorate-image aligncenter\" src=\"\/wp-content\/uploads\/replace\/44a0bb4432fc7dec29d4120dbe0e8530.jpeg\" alt=\"Amazfit T-rex Pro Smartwatch\" width=\"1080\" height=\"2249\" \/><img loading=\"lazy\" decoding=\"async\" class=\"detail-desc-decorate-image aligncenter\" src=\"\/wp-content\/uploads\/replace\/dba27418ab325c146b60803bc83a1cc7.jpeg\" alt=\"Amazfit T-rex Pro Smartwatch\" width=\"1080\" height=\"2217\" \/><img loading=\"lazy\" decoding=\"async\" class=\"detail-desc-decorate-image aligncenter\" src=\"\/wp-content\/uploads\/replace\/4979298f0f11e76d7cad24b22843697a.jpeg\" alt=\"Amazfit T-rex Pro Smartwatch\" width=\"1080\" height=\"2181\" \/><img loading=\"lazy\" decoding=\"async\" class=\"detail-desc-decorate-image aligncenter\" src=\"\/wp-content\/uploads\/replace\/cdc29b3fd1d7ef00a52a6e679b422b69.jpeg\" alt=\"Amazfit T-rex Pro Smartwatch\" width=\"1080\" height=\"1544\" \/><img loading=\"lazy\" decoding=\"async\" class=\"detail-desc-decorate-image aligncenter\" src=\"\/wp-content\/uploads\/replace\/7fa4aaaf119f109565a40112edc037a3.jpeg\" alt=\"Amazfit T-rex Pro Smartwatch\" width=\"1080\" height=\"2895\" \/><img loading=\"lazy\" decoding=\"async\" class=\"detail-desc-decorate-image aligncenter\" src=\"\/wp-content\/uploads\/replace\/18ebae00b5df4fe6eb4fa30a2072cb5a.jpeg\" alt=\"Amazfit T-rex Pro Smartwatch\" width=\"1080\" height=\"3518\" \/><\/div>\n<\/div>\n<div style=\"text-align: center\">Rucas, distribuidor l\u00edder da Xiaomi em Hong Kong.<br \/>\nFocando no produto de acess\u00f3rios ecol\u00f3gicos de uma marca da China, como Amazfit, Haylou, Ninebot, Roborock, Dreame, Imilab, 70Mai, Deerma. Mantemos centenas de SKUs Xiaomi com estoque em dep\u00f3sitos em HK e Shenzhen de forma est\u00e1vel para um prazo de entrega mais r\u00e1pido.<\/div>\n<div class=\"detailmodule_image\"><\/div>","protected":false},"excerpt":{"rendered":"<ul>\n<li>Dimens\u00f5es: 47,7 x 47,7 x 13,5 mm<\/li>\n<li>Peso: 60g (incluindo al\u00e7a)<\/li>\n<li>Material do corpo: corpo de pl\u00e1stico<\/li>\n<li>Material da pulseira: silicone<\/li>\n<li>Classifica\u00e7\u00e3o \u00e0 prova d&#039;\u00e1gua: 10 ATM<\/li>\n<li>Screen and touch parameters: 1.3&#8243; AMOLED<\/li>\n<li>Resolu\u00e7\u00e3o da tela: resolu\u00e7\u00e3o 360X360<\/li>\n<li>Tela sens\u00edvel ao toque: toque de ponto \u00fanico, material de vidro<\/li>\n<li>Sensores: Sensor de dados biol\u00f3gicos BioTrackerTM 2 PPG (suporte de oxig\u00eanio no sangue) desenvolvido pela Huami, sensor de acelera\u00e7\u00e3o de 3 eixos, girosc\u00f3pio de 3 eixos, sensor geomagn\u00e9tico, bar\u00f4metro, sensor de brilho da luz ambiente<\/li>\n<li>Posicionamento: GPS + GLONASS, GPS + Beidou, GPS + Galileo<\/li>\n<li>Conex\u00e3o: BT5.0 BLE<\/li>\n<li>Bateria: Li-Po de 390mAh<\/li>\n<\/ul>","protected":false},"featured_media":25665,"template":"","meta":[],"product_brand":[],"product_cat":[1339,1305],"product_tag":[],"class_list":{"0":"post-25527","1":"product","2":"type-product","3":"status-publish","4":"has-post-thumbnail","6":"product_cat-amazfit-smartwatch","7":"product_cat-xiaomi-eco","9":"first","10":"instock","11":"shipping-taxable","12":"product-type-simple"},"aioseo_notices":[],"aioseo_head":"\n\t\t<!-- All in One SEO Pro 4.5.9.2 - aioseo.com -->\n\t\t<meta name=\"description\" content=\"Dimensions: 47.7 X 47.7 X 13.5 mm Weight: 60g (including strap) Body material: plastic body Wristband material: silicone Waterproof rating: 10 ATM Screen and touch parameters: 1.3&quot; AMOLED Screen resolution: resolution 360 X 360 Touch screen: single-point touch, glass material Sensors: Huami self-developed BioTrackerTM 2 PPG (support blood oxygen) biological data sensor, 3-axis acceleration sensor, 3-axis gyroscope, geomagnetic sensor, barometer, ambient light brightness sensor Positioning: GPS + GLONASS, GPS + Beidou, GPS + Galileo Connection: BT5.0 BLE Battery: 390mAh LiPo\" \/>\n\t\t<meta name=\"robots\" content=\"max-image-preview:large\" \/>\n\t\t<link rel=\"canonical\" href=\"https:\/\/www.rucashk.com\/pt\/produto\/amazfit-t-rex-pro-smartwatch\/\" \/>\n\t\t<meta name=\"generator\" content=\"All in One SEO Pro (AIOSEO) 4.5.9.2\" \/>\n\t\t<meta property=\"og:locale\" content=\"pt_PT\" \/>\n\t\t<meta property=\"og:site_name\" content=\"Rucas - One-stop AIoT Distribution Worldwide\" \/>\n\t\t<meta property=\"og:type\" content=\"article\" \/>\n\t\t<meta property=\"og:title\" content=\"Amazfit T-rex Pro Smartwatch - Rucas - Wholesale and Distribution\" \/>\n\t\t<meta property=\"og:description\" content=\"Dimensions: 47.7 X 47.7 X 13.5 mm Weight: 60g (including strap) Body material: plastic body Wristband material: silicone Waterproof rating: 10 ATM Screen and touch parameters: 1.3&quot; AMOLED Screen resolution: resolution 360 X 360 Touch screen: single-point touch, glass material Sensors: Huami self-developed BioTrackerTM 2 PPG (support blood oxygen) biological data sensor, 3-axis acceleration sensor, 3-axis gyroscope, geomagnetic sensor, barometer, ambient light brightness sensor Positioning: GPS + GLONASS, GPS + Beidou, GPS + Galileo Connection: BT5.0 BLE Battery: 390mAh LiPo\" \/>\n\t\t<meta property=\"og:url\" content=\"https:\/\/www.rucashk.com\/pt\/produto\/amazfit-t-rex-pro-smartwatch\/\" \/>\n\t\t<meta property=\"og:image\" content=\"https:\/\/www.rucashk.com\/wp-content\/uploads\/replace\/503b8e645f128a97ccde2b6290747646.jpeg\" \/>\n\t\t<meta property=\"og:image:secure_url\" content=\"https:\/\/www.rucashk.com\/wp-content\/uploads\/replace\/503b8e645f128a97ccde2b6290747646.jpeg\" \/>\n\t\t<meta property=\"og:image:width\" content=\"1456\" \/>\n\t\t<meta property=\"og:image:height\" content=\"816\" \/>\n\t\t<meta property=\"article:published_time\" content=\"2024-01-09T16:18:13+00:00\" \/>\n\t\t<meta property=\"article:modified_time\" content=\"2024-03-12T04:00:50+00:00\" \/>\n\t\t<meta name=\"twitter:card\" content=\"summary_large_image\" \/>\n\t\t<meta name=\"twitter:title\" content=\"Amazfit T-rex Pro Smartwatch - Rucas - Wholesale and Distribution\" \/>\n\t\t<meta name=\"twitter:description\" content=\"Dimensions: 47.7 X 47.7 X 13.5 mm Weight: 60g (including strap) Body material: plastic body Wristband material: silicone Waterproof rating: 10 ATM Screen and touch parameters: 1.3&quot; AMOLED Screen resolution: resolution 360 X 360 Touch screen: single-point touch, glass material Sensors: Huami self-developed BioTrackerTM 2 PPG (support blood oxygen) biological data sensor, 3-axis acceleration sensor, 3-axis gyroscope, geomagnetic sensor, barometer, ambient light brightness sensor Positioning: GPS + GLONASS, GPS + Beidou, GPS + Galileo Connection: BT5.0 BLE Battery: 390mAh LiPo\" \/>\n\t\t<meta name=\"twitter:image\" content=\"https:\/\/www.rucashk.com\/wp-content\/uploads\/replace\/503b8e645f128a97ccde2b6290747646.jpeg\" \/>\n\t\t<script type=\"application\/ld+json\" class=\"aioseo-schema\">\n\t\t\t{\"@context\":\"https:\\\/\\\/schema.org\",\"@graph\":[{\"@type\":\"BreadcrumbList\",\"@id\":\"https:\\\/\\\/www.rucashk.com\\\/pt\\\/produto\\\/amazfit-t-rex-pro-smartwatch\\\/#breadcrumblist\",\"itemListElement\":[{\"@type\":\"ListItem\",\"@id\":\"https:\\\/\\\/www.rucashk.com\\\/pt\\\/#listItem\",\"position\":1,\"name\":\"Home\",\"item\":\"https:\\\/\\\/www.rucashk.com\\\/pt\\\/\",\"nextItem\":\"https:\\\/\\\/www.rucashk.com\\\/pt\\\/produto\\\/amazfit-t-rex-pro-smartwatch\\\/#listItem\"},{\"@type\":\"ListItem\",\"@id\":\"https:\\\/\\\/www.rucashk.com\\\/pt\\\/produto\\\/amazfit-t-rex-pro-smartwatch\\\/#listItem\",\"position\":2,\"name\":\"Amazfit T-rex Pro Smartwatch\",\"previousItem\":\"https:\\\/\\\/www.rucashk.com\\\/pt\\\/#listItem\"}]},{\"@type\":\"Organization\",\"@id\":\"https:\\\/\\\/www.rucashk.com\\\/pt\\\/#organization\",\"name\":\"Rucas\",\"url\":\"https:\\\/\\\/www.rucashk.com\\\/pt\\\/\",\"logo\":{\"@type\":\"ImageObject\",\"url\":\"https:\\\/\\\/www.rucashk.com\\\/wp-content\\\/uploads\\\/2023\\\/12\\\/Rucas_campany_logo.png\",\"@id\":\"https:\\\/\\\/www.rucashk.com\\\/pt\\\/produto\\\/amazfit-t-rex-pro-smartwatch\\\/#organizationLogo\",\"width\":221,\"height\":65},\"image\":{\"@id\":\"https:\\\/\\\/www.rucashk.com\\\/pt\\\/#organizationLogo\"}},{\"@type\":\"Person\",\"@id\":\"https:\\\/\\\/www.rucashk.com\\\/pt\\\/author\\\/admin\\\/#author\",\"url\":\"https:\\\/\\\/www.rucashk.com\\\/pt\\\/author\\\/admin\\\/\",\"name\":\"admin\",\"image\":{\"@type\":\"ImageObject\",\"@id\":\"https:\\\/\\\/www.rucashk.com\\\/pt\\\/produto\\\/amazfit-t-rex-pro-smartwatch\\\/#authorImage\",\"url\":\"https:\\\/\\\/secure.gravatar.com\\\/avatar\\\/b7c8925b09a27e72b30232f8ecaadbd5af0f70a38c78096863fe51b64f031c24?s=96&d=mm&r=g\",\"width\":96,\"height\":96,\"caption\":\"admin\"}},{\"@type\":\"WebPage\",\"@id\":\"https:\\\/\\\/www.rucashk.com\\\/pt\\\/produto\\\/amazfit-t-rex-pro-smartwatch\\\/#webpage\",\"url\":\"https:\\\/\\\/www.rucashk.com\\\/pt\\\/produto\\\/amazfit-t-rex-pro-smartwatch\\\/\",\"name\":\"Amazfit T-rex Pro Smartwatch - Rucas - Wholesale and Distribution\",\"description\":\"Dimensions: 47.7 X 47.7 X 13.5 mm Weight: 60g (including strap) Body material: plastic body Wristband material: silicone Waterproof rating: 10 ATM Screen and touch parameters: 1.3\\\" AMOLED Screen resolution: resolution 360 X 360 Touch screen: single-point touch, glass material Sensors: Huami self-developed BioTrackerTM 2 PPG (support blood oxygen) biological data sensor, 3-axis acceleration sensor, 3-axis gyroscope, geomagnetic sensor, barometer, ambient light brightness sensor Positioning: GPS + GLONASS, GPS + Beidou, GPS + Galileo Connection: BT5.0 BLE Battery: 390mAh LiPo\",\"inLanguage\":\"pt-PT\",\"isPartOf\":{\"@id\":\"https:\\\/\\\/www.rucashk.com\\\/pt\\\/#website\"},\"breadcrumb\":{\"@id\":\"https:\\\/\\\/www.rucashk.com\\\/pt\\\/produto\\\/amazfit-t-rex-pro-smartwatch\\\/#breadcrumblist\"},\"author\":{\"@id\":\"https:\\\/\\\/www.rucashk.com\\\/pt\\\/author\\\/admin\\\/#author\"},\"creator\":{\"@id\":\"https:\\\/\\\/www.rucashk.com\\\/pt\\\/author\\\/admin\\\/#author\"},\"image\":{\"@type\":\"ImageObject\",\"url\":\"https:\\\/\\\/www.rucashk.com\\\/wp-content\\\/uploads\\\/2024\\\/01\\\/Amazfit-T-rex-Pro-1.jpg\",\"@id\":\"https:\\\/\\\/www.rucashk.com\\\/pt\\\/produto\\\/amazfit-t-rex-pro-smartwatch\\\/#mainImage\",\"width\":800,\"height\":800},\"primaryImageOfPage\":{\"@id\":\"https:\\\/\\\/www.rucashk.com\\\/pt\\\/produto\\\/amazfit-t-rex-pro-smartwatch\\\/#mainImage\"},\"datePublished\":\"2024-01-09T16:18:13+00:00\",\"dateModified\":\"2024-03-12T04:00:50+00:00\"},{\"@type\":\"WebSite\",\"@id\":\"https:\\\/\\\/www.rucashk.com\\\/pt\\\/#website\",\"url\":\"https:\\\/\\\/www.rucashk.com\\\/pt\\\/\",\"name\":\"Rucas - Wholesale and distribution worldwide\",\"alternateName\":\"Rucas - One-stop AIoT Distribution Worldwide\",\"description\":\"One-stop AIoT Distribution Worldwide\",\"inLanguage\":\"pt-PT\",\"publisher\":{\"@id\":\"https:\\\/\\\/www.rucashk.com\\\/pt\\\/#organization\"}}]}\n\t\t<\/script>\n\t\t<!-- All in One SEO Pro -->\r\n\t\t<title>Amazfit T-rex Pro Smartwatch - Rucas - Wholesale and Distribution<\/title>\n\n","aioseo_head_json":{"title":"Amazfit T-rex Pro Smartwatch - Rucas - Wholesale and Distribution","description":"Dimensions: 47.7 X 47.7 X 13.5 mm Weight: 60g (including strap) Body material: plastic body Wristband material: silicone Waterproof rating: 10 ATM Screen and touch parameters: 1.3\" AMOLED Screen resolution: resolution 360 X 360 Touch screen: single-point touch, glass material Sensors: Huami self-developed BioTrackerTM 2 PPG (support blood oxygen) biological data sensor, 3-axis acceleration sensor, 3-axis gyroscope, geomagnetic sensor, barometer, ambient light brightness sensor Positioning: GPS + GLONASS, GPS + Beidou, GPS + Galileo Connection: BT5.0 BLE Battery: 390mAh LiPo","canonical_url":"https:\/\/www.rucashk.com\/pt\/produto\/amazfit-t-rex-pro-smartwatch\/","robots":"max-image-preview:large","keywords":"","webmasterTools":{"miscellaneous":""},"og:locale":"pt_PT","og:site_name":"Rucas - One-stop AIoT Distribution Worldwide","og:type":"article","og:title":"Amazfit T-rex Pro Smartwatch - Rucas - Wholesale and Distribution","og:description":"Dimensions: 47.7 X 47.7 X 13.5 mm Weight: 60g (including strap) Body material: plastic body Wristband material: silicone Waterproof rating: 10 ATM Screen and touch parameters: 1.3&quot; AMOLED Screen resolution: resolution 360 X 360 Touch screen: single-point touch, glass material Sensors: Huami self-developed BioTrackerTM 2 PPG (support blood oxygen) biological data sensor, 3-axis acceleration sensor, 3-axis gyroscope, geomagnetic sensor, barometer, ambient light brightness sensor Positioning: GPS + GLONASS, GPS + Beidou, GPS + Galileo Connection: BT5.0 BLE Battery: 390mAh LiPo","og:url":"https:\/\/www.rucashk.com\/pt\/produto\/amazfit-t-rex-pro-smartwatch\/","og:image":"https:\/\/www.rucashk.com\/wp-content\/uploads\/replace\/503b8e645f128a97ccde2b6290747646.jpeg","og:image:secure_url":"https:\/\/www.rucashk.com\/wp-content\/uploads\/replace\/503b8e645f128a97ccde2b6290747646.jpeg","og:image:width":1456,"og:image:height":816,"article:published_time":"2024-01-09T16:18:13+00:00","article:modified_time":"2024-03-12T04:00:50+00:00","twitter:card":"summary_large_image","twitter:title":"Amazfit T-rex Pro Smartwatch - Rucas - Wholesale and Distribution","twitter:description":"Dimensions: 47.7 X 47.7 X 13.5 mm Weight: 60g (including strap) Body material: plastic body Wristband material: silicone Waterproof rating: 10 ATM Screen and touch parameters: 1.3&quot; AMOLED Screen resolution: resolution 360 X 360 Touch screen: single-point touch, glass material Sensors: Huami self-developed BioTrackerTM 2 PPG (support blood oxygen) biological data sensor, 3-axis acceleration sensor, 3-axis gyroscope, geomagnetic sensor, barometer, ambient light brightness sensor Positioning: GPS + GLONASS, GPS + Beidou, GPS + Galileo Connection: BT5.0 BLE Battery: 390mAh LiPo","twitter:image":"https:\/\/www.rucashk.com\/wp-content\/uploads\/replace\/503b8e645f128a97ccde2b6290747646.jpeg","schema":{"@context":"https:\/\/schema.org","@graph":[{"@type":"BreadcrumbList","@id":"https:\/\/www.rucashk.com\/pt\/produto\/amazfit-t-rex-pro-smartwatch\/#breadcrumblist","itemListElement":[{"@type":"ListItem","@id":"https:\/\/www.rucashk.com\/pt\/#listItem","position":1,"name":"Home","item":"https:\/\/www.rucashk.com\/pt\/","nextItem":"https:\/\/www.rucashk.com\/pt\/produto\/amazfit-t-rex-pro-smartwatch\/#listItem"},{"@type":"ListItem","@id":"https:\/\/www.rucashk.com\/pt\/produto\/amazfit-t-rex-pro-smartwatch\/#listItem","position":2,"name":"Amazfit T-rex Pro Smartwatch","previousItem":"https:\/\/www.rucashk.com\/pt\/#listItem"}]},{"@type":"Organization","@id":"https:\/\/www.rucashk.com\/pt\/#organization","name":"Rucas","url":"https:\/\/www.rucashk.com\/pt\/","logo":{"@type":"ImageObject","url":"https:\/\/www.rucashk.com\/wp-content\/uploads\/2023\/12\/Rucas_campany_logo.png","@id":"https:\/\/www.rucashk.com\/pt\/produto\/amazfit-t-rex-pro-smartwatch\/#organizationLogo","width":221,"height":65},"image":{"@id":"https:\/\/www.rucashk.com\/pt\/#organizationLogo"}},{"@type":"Person","@id":"https:\/\/www.rucashk.com\/pt\/author\/admin\/#author","url":"https:\/\/www.rucashk.com\/pt\/author\/admin\/","name":"admin","image":{"@type":"ImageObject","@id":"https:\/\/www.rucashk.com\/pt\/produto\/amazfit-t-rex-pro-smartwatch\/#authorImage","url":"https:\/\/secure.gravatar.com\/avatar\/b7c8925b09a27e72b30232f8ecaadbd5af0f70a38c78096863fe51b64f031c24?s=96&d=mm&r=g","width":96,"height":96,"caption":"admin"}},{"@type":"WebPage","@id":"https:\/\/www.rucashk.com\/pt\/produto\/amazfit-t-rex-pro-smartwatch\/#webpage","url":"https:\/\/www.rucashk.com\/pt\/produto\/amazfit-t-rex-pro-smartwatch\/","name":"Amazfit T-rex Pro Smartwatch - Rucas - Wholesale and Distribution","description":"Dimensions: 47.7 X 47.7 X 13.5 mm Weight: 60g (including strap) Body material: plastic body Wristband material: silicone Waterproof rating: 10 ATM Screen and touch parameters: 1.3\" AMOLED Screen resolution: resolution 360 X 360 Touch screen: single-point touch, glass material Sensors: Huami self-developed BioTrackerTM 2 PPG (support blood oxygen) biological data sensor, 3-axis acceleration sensor, 3-axis gyroscope, geomagnetic sensor, barometer, ambient light brightness sensor Positioning: GPS + GLONASS, GPS + Beidou, GPS + Galileo Connection: BT5.0 BLE Battery: 390mAh LiPo","inLanguage":"pt-PT","isPartOf":{"@id":"https:\/\/www.rucashk.com\/pt\/#website"},"breadcrumb":{"@id":"https:\/\/www.rucashk.com\/pt\/produto\/amazfit-t-rex-pro-smartwatch\/#breadcrumblist"},"author":{"@id":"https:\/\/www.rucashk.com\/pt\/author\/admin\/#author"},"creator":{"@id":"https:\/\/www.rucashk.com\/pt\/author\/admin\/#author"},"image":{"@type":"ImageObject","url":"https:\/\/www.rucashk.com\/wp-content\/uploads\/2024\/01\/Amazfit-T-rex-Pro-1.jpg","@id":"https:\/\/www.rucashk.com\/pt\/produto\/amazfit-t-rex-pro-smartwatch\/#mainImage","width":800,"height":800},"primaryImageOfPage":{"@id":"https:\/\/www.rucashk.com\/pt\/produto\/amazfit-t-rex-pro-smartwatch\/#mainImage"},"datePublished":"2024-01-09T16:18:13+00:00","dateModified":"2024-03-12T04:00:50+00:00"},{"@type":"WebSite","@id":"https:\/\/www.rucashk.com\/pt\/#website","url":"https:\/\/www.rucashk.com\/pt\/","name":"Rucas - Wholesale and distribution worldwide","alternateName":"Rucas - One-stop AIoT Distribution Worldwide","description":"One-stop AIoT Distribution Worldwide","inLanguage":"pt-PT","publisher":{"@id":"https:\/\/www.rucashk.com\/pt\/#organization"}}]}},"aioseo_meta_data":{"post_id":"25527","title":null,"description":null,"keywords":null,"keyphrases":null,"primary_term":null,"canonical_url":null,"og_title":null,"og_description":null,"og_object_type":"default","og_image_type":"default","og_image_url":null,"og_image_width":null,"og_image_height":null,"og_image_custom_url":null,"og_image_custom_fields":null,"og_video":null,"og_custom_url":null,"og_article_section":null,"og_article_tags":null,"twitter_use_og":false,"twitter_card":"default","twitter_image_type":"default","twitter_image_url":null,"twitter_image_custom_url":null,"twitter_image_custom_fields":null,"twitter_title":null,"twitter_description":null,"schema":{"blockGraphs":[],"customGraphs":[],"default":{"data":{"Article":[],"Course":[],"Dataset":[],"FAQPage":[],"Movie":[],"Person":[],"Product":[],"Recipe":[],"Service":[],"SoftwareApplication":[],"WebPage":[]},"graphName":"","isEnabled":true},"graphs":[]},"schema_type":"default","schema_type_options":null,"pillar_content":false,"robots_default":true,"robots_noindex":false,"robots_noarchive":false,"robots_nosnippet":false,"robots_nofollow":false,"robots_noimageindex":false,"robots_noodp":false,"robots_notranslate":false,"robots_max_snippet":null,"robots_max_videopreview":null,"robots_max_imagepreview":"large","priority":null,"frequency":null,"local_seo":null,"breadcrumb_settings":null,"limit_modified_date":false,"created":"2024-04-11 01:57:18","updated":"2025-06-22 17:57:07"},"aioseo_breadcrumb":"<div class=\"aioseo-breadcrumbs\"><span class=\"aioseo-breadcrumb\">\n\t<a href=\"https:\/\/www.rucashk.com\/pt\" title=\"Home\">Home<\/a>\n<\/span><span class=\"aioseo-breadcrumb-separator\">&raquo;<\/span><span class=\"aioseo-breadcrumb\">\n\t<a href=\"https:\/\/www.rucashk.com\/pt\/products\/\" title=\"Produtos\">Produtos<\/a>\n<\/span><span class=\"aioseo-breadcrumb-separator\">&raquo;<\/span><span class=\"aioseo-breadcrumb\">\n\t<a href=\"https:\/\/www.rucashk.com\/pt\/categoria-produto\/xiaomi-eco\/\" title=\"Xiaomi Eco\">Xiaomi Eco<\/a>\n<\/span><span class=\"aioseo-breadcrumb-separator\">&raquo;<\/span><span class=\"aioseo-breadcrumb\">\n\t<a href=\"https:\/\/www.rucashk.com\/pt\/categoria-produto\/xiaomi-eco\/amazfit-smartwatch\/\" title=\"Amazfit Smartwatch\">Amazfit Smartwatch<\/a>\n<\/span><span class=\"aioseo-breadcrumb-separator\">&raquo;<\/span><span class=\"aioseo-breadcrumb\">\n\tAmazfit T-rex Pro Smartwatch\n<\/span><\/div>","aioseo_breadcrumb_json":[{"label":"Home","link":"https:\/\/www.rucashk.com\/pt"},{"label":"Produtos","link":"https:\/\/www.rucashk.com\/pt\/products\/"},{"label":"Xiaomi Eco","link":"https:\/\/www.rucashk.com\/pt\/categoria-produto\/xiaomi-eco\/"},{"label":"Amazfit Smartwatch","link":"https:\/\/www.rucashk.com\/pt\/categoria-produto\/xiaomi-eco\/amazfit-smartwatch\/"},{"label":"Amazfit T-rex Pro Smartwatch","link":"https:\/\/www.rucashk.com\/pt\/produto\/amazfit-t-rex-pro-smartwatch\/"}],"_links":{"self":[{"href":"https:\/\/www.rucashk.com\/pt\/wp-json\/wp\/v2\/product\/25527","targetHints":{"allow":["GET"]}}],"collection":[{"href":"https:\/\/www.rucashk.com\/pt\/wp-json\/wp\/v2\/product"}],"about":[{"href":"https:\/\/www.rucashk.com\/pt\/wp-json\/wp\/v2\/types\/product"}],"wp:featuredmedia":[{"embeddable":true,"href":"https:\/\/www.rucashk.com\/pt\/wp-json\/wp\/v2\/media\/25665"}],"wp:attachment":[{"href":"https:\/\/www.rucashk.com\/pt\/wp-json\/wp\/v2\/media?parent=25527"}],"wp:term":[{"taxonomy":"product_brand","embeddable":true,"href":"https:\/\/www.rucashk.com\/pt\/wp-json\/wp\/v2\/product_brand?post=25527"},{"taxonomy":"product_cat","embeddable":true,"href":"https:\/\/www.rucashk.com\/pt\/wp-json\/wp\/v2\/product_cat?post=25527"},{"taxonomy":"product_tag","embeddable":true,"href":"https:\/\/www.rucashk.com\/pt\/wp-json\/wp\/v2\/product_tag?post=25527"}],"curies":[{"name":"wp","href":"https:\/\/api.w.org\/{rel}","templated":true}]}}