{"id":25454,"date":"2024-01-09T16:17:27","date_gmt":"2024-01-09T16:17:27","guid":{"rendered":"http:\/\/rucashk.com\/?post_type=product&#038;p=25454"},"modified":"2024-01-23T10:06:17","modified_gmt":"2024-01-23T10:06:17","slug":"realme-c21-smartphone","status":"publish","type":"product","link":"https:\/\/www.rucashk.com\/pt\/produto\/realme-c21-smartphone\/","title":{"rendered":"Smartphone Realme c21"},"content":{"rendered":"<div class=\"detailmodule_text-image\">\n<div><img fetchpriority=\"high\" decoding=\"async\" class=\"detail-desc-decorate-image aligncenter\" src=\"https:\/\/www.rucashk.com\/wp-content\/uploads\/2021\/08\/Ha60ff026bf754bed8dae542630de935bW.png\" alt=\"Realme\u00a0c21 Smartphone\" width=\"1280\" height=\"464\" \/><img decoding=\"async\" class=\"detail-desc-decorate-image aligncenter\" src=\"https:\/\/www.rucashk.com\/wp-content\/uploads\/2021\/08\/H32b95ec570b44b60b1c83344e58acb1fT.png\" alt=\"Realme\u00a0c21 Smartphone\" width=\"1280\" height=\"825\" \/><\/div>\n<\/div>\n<div class=\"detailmodule_text-image\">\n<div><img decoding=\"async\" class=\"detail-desc-decorate-image aligncenter\" src=\"https:\/\/www.rucashk.com\/wp-content\/uploads\/2021\/08\/H5395ef17ce634a26844b311bdfed353bf.png\" alt=\"Realme\u00a0c21 Smartphone\" width=\"1280\" height=\"862\" \/><\/div>\n<\/div>\n<div class=\"detailmodule_text-image\">\n<div><img loading=\"lazy\" decoding=\"async\" class=\"detail-desc-decorate-image aligncenter\" src=\"https:\/\/www.rucashk.com\/wp-content\/uploads\/2021\/08\/H4d7f73d956ea45f7bd3852b411048d9fC.png\" alt=\"Realme\u00a0c21 Smartphone\" width=\"1280\" height=\"739\" \/><\/div>\n<\/div>\n<div class=\"detailmodule_text-image\">\n<div><img loading=\"lazy\" decoding=\"async\" class=\"detail-desc-decorate-image aligncenter\" src=\"https:\/\/www.rucashk.com\/wp-content\/uploads\/2021\/08\/H68d1cf8a577f482391b63a41a4bb7f03v.png\" alt=\"Realme\u00a0c21 Smartphone\" width=\"1280\" height=\"1031\" \/><\/div>\n<\/div>\n<div class=\"detailmodule_text-image\">\n<div><img loading=\"lazy\" decoding=\"async\" class=\"detail-desc-decorate-image aligncenter\" src=\"https:\/\/www.rucashk.com\/wp-content\/uploads\/2021\/08\/H8cfcd6ff42d74ad98b6d0c225b630696e.png\" alt=\"Realme\u00a0c21 Smartphone\" width=\"1280\" height=\"1140\" \/><\/div>\n<\/div>\n<div class=\"detailmodule_text-image\">\n<div><img loading=\"lazy\" decoding=\"async\" class=\"detail-desc-decorate-image aligncenter\" src=\"https:\/\/www.rucashk.com\/wp-content\/uploads\/2021\/08\/Hacb76e2d1b5049e0842fefeccf04ca60E.png\" alt=\"Realme\u00a0c21 Smartphone\" width=\"1280\" height=\"1036\" \/><img loading=\"lazy\" decoding=\"async\" class=\"detail-desc-decorate-image aligncenter\" src=\"https:\/\/www.rucashk.com\/wp-content\/uploads\/2021\/08\/Hed1e259deb8a4b9ba9a18b498ee379173.png\" alt=\"Realme\u00a0c21 Smartphone\" width=\"1280\" height=\"1151\" \/><img loading=\"lazy\" decoding=\"async\" class=\"detail-desc-decorate-image aligncenter\" src=\"https:\/\/www.rucashk.com\/wp-content\/uploads\/2021\/08\/Hf807f9a893984f70a08fdd1c6b64ec21x.png\" alt=\"Realme\u00a0c21 Smartphone\" width=\"1280\" height=\"1293\" \/><\/div>\n<\/div>\n<div class=\"detailmodule_text-image\">\n<div><img loading=\"lazy\" decoding=\"async\" class=\"detail-desc-decorate-image aligncenter\" src=\"https:\/\/www.rucashk.com\/wp-content\/uploads\/2021\/08\/Hef54a12ecb304491b3fb01cbd4d95809L.png\" alt=\"Realme\u00a0c21 Smartphone\" width=\"1280\" height=\"974\" \/><img loading=\"lazy\" decoding=\"async\" class=\"detail-desc-decorate-image aligncenter\" src=\"https:\/\/www.rucashk.com\/wp-content\/uploads\/2021\/08\/H3298804cae5c4c83a9833b9089218ee8h.png\" alt=\"Realme\u00a0c21 Smartphone\" width=\"1280\" height=\"1132\" \/><\/div>\n<\/div>\n<div class=\"detailmodule_text-image\">\n<div><img loading=\"lazy\" decoding=\"async\" class=\"detail-desc-decorate-image aligncenter\" src=\"https:\/\/www.rucashk.com\/wp-content\/uploads\/2021\/08\/Hd98d4f3b0e3242d3a983d78fca190f1cU.png\" alt=\"Realme\u00a0c21 Smartphone\" width=\"1280\" height=\"711\" \/><\/div>\n<\/div>\n<div class=\"detailmodule_text-image\">\n<div><img loading=\"lazy\" decoding=\"async\" class=\"detail-desc-decorate-image aligncenter\" src=\"https:\/\/www.rucashk.com\/wp-content\/uploads\/2021\/08\/Hf22a953116694f65878117efa2a45536A.png\" alt=\"Realme\u00a0c21 Smartphone\" width=\"1280\" height=\"1039\" \/><\/div>\n<\/div>\n<div class=\"detailmodule_text-image\">\n<div><img loading=\"lazy\" decoding=\"async\" class=\"detail-desc-decorate-image aligncenter\" src=\"https:\/\/www.rucashk.com\/wp-content\/uploads\/2021\/08\/H785156493c214c46b4b4d6db1f44ec5ba.png\" alt=\"Realme\u00a0c21 Smartphone\" width=\"1280\" height=\"1136\" \/><img loading=\"lazy\" decoding=\"async\" class=\"detail-desc-decorate-image aligncenter\" src=\"https:\/\/www.rucashk.com\/wp-content\/uploads\/2021\/08\/H955fb9c858f24a5caebee8138d37cfedr.png\" alt=\"Realme\u00a0c21 Smartphone\" width=\"1280\" height=\"355\" \/><\/div>\n<\/div>\n<p style=\"text-align: center\">Rucas, distribuidor l\u00edder da Xiaomi em Hong Kong.<br \/>\nFocando no produto de acess\u00f3rios ecol\u00f3gicos de uma marca da China, como Amazfit, Haylou, Ninebot, Roborock, Dreame, Imilab, 70Mai, Deerma. Mantemos centenas de SKU Xiaomi com estoque em dep\u00f3sitos em HK e Shenzhen de forma est\u00e1vel para obter o prazo de entrega mais r\u00e1pido.<\/p>","protected":false},"excerpt":{"rendered":"<ul>\n<li>Processador: CPU: Processador poderoso MediaTek Helio G35, Octa-core, at\u00e9 2,3 GHz; GPU: IMG GE8320<\/li>\n<li>Screen: 5 Inch Large LCD Display, 1600&#215;720<\/li>\n<li>SO: realme UI (baseado no Android 10)<\/li>\n<li>Armazenamento: 3 GB de RAM e 32 GB de ROM<\/li>\n<li>C\u00e2mera traseira: c\u00e2meras triplas AI de 13 MP + 2 MP + 2 MP<\/li>\n<li>C\u00e2mera frontal: c\u00e2mera selfie AI de 5 MP<\/li>\n<li>Bateria: 5000mAh (T\u00edp.)<\/li>\n<li>Recursos: Servi\u00e7o Google, v\u00e1rios idiomas, Bluetooth 5.0, desbloqueio facial<\/li>\n<li>Redes: Slot para 3 cart\u00f5es (2 Nano + 1 Micro SD)<\/li>\n<li>4G: FDD-LTE: Bandas 1\/3\/5\/7\/8\/20\/28<\/li>\n<li>4G: TD-LTE: Bandas 38\/40\/41 (2535MHz-2655MHz)<\/li>\n<li>3G: WCDMA: Bandas 1\/5\/8<\/li>\n<li>2G: GSM: 850\/900\/1800\/1900 MHz<\/li>\n<\/ul>","protected":false},"featured_media":25601,"template":"","meta":[],"product_brand":[],"product_cat":[1295,1301],"product_tag":[],"class_list":{"0":"post-25454","1":"product","2":"type-product","3":"status-publish","4":"has-post-thumbnail","6":"product_cat-mobile-phone","7":"product_cat-realme-mobile-phone","9":"first","10":"instock","11":"shipping-taxable","12":"product-type-simple"},"aioseo_notices":[],"aioseo_head":"\n\t\t<!-- All in One SEO Pro 4.5.9.2 - aioseo.com -->\n\t\t<meta name=\"description\" content=\"Processor: CPU: MediaTek Helio G35 Powerful Processor, Octa-core, Up to 2.3GHz; GPU: IMG GE8320 Screen: 5 Inch Large LCD Display, 1600x720 OS: realme UI (Based on Android 10) Storage: 3GB RAM 32GB ROM Rear Camera: 13MP+2MP+2MP AI Triple Cameras Front Camera: 5MP AI Selfie Camera Battery: 5000mAh(Typ.) Features: Google Service, Multi-languages, Bluetooth 5.0, Face Unlock Networks: 3-Card Slot(2 Nano+1 Micro SD) 4G: FDD-LTE: Bands 1\/3\/5\/7\/8\/20\/28 4G: TD-LTE: Bands 38\/40\/41 (2535MHz-2655MHz) 3G: WCDMA: Bands 1\/5\/8 2G: GSM: 850\/900\/1800\/1900MHz\" \/>\n\t\t<meta name=\"robots\" content=\"max-image-preview:large\" \/>\n\t\t<link rel=\"canonical\" href=\"https:\/\/www.rucashk.com\/pt\/produto\/realme-c21-smartphone\/\" \/>\n\t\t<meta name=\"generator\" content=\"All in One SEO Pro (AIOSEO) 4.5.9.2\" \/>\n\t\t<meta property=\"og:locale\" content=\"pt_PT\" \/>\n\t\t<meta property=\"og:site_name\" content=\"Rucas - One-stop AIoT Distribution Worldwide\" \/>\n\t\t<meta property=\"og:type\" content=\"article\" \/>\n\t\t<meta property=\"og:title\" content=\"Realme c21 Smartphone - Rucas - Wholesale and Distribution\" \/>\n\t\t<meta property=\"og:description\" content=\"Processor: CPU: MediaTek Helio G35 Powerful Processor, Octa-core, Up to 2.3GHz; GPU: IMG GE8320 Screen: 5 Inch Large LCD Display, 1600x720 OS: realme UI (Based on Android 10) Storage: 3GB RAM 32GB ROM Rear Camera: 13MP+2MP+2MP AI Triple Cameras Front Camera: 5MP AI Selfie Camera Battery: 5000mAh(Typ.) Features: Google Service, Multi-languages, Bluetooth 5.0, Face Unlock Networks: 3-Card Slot(2 Nano+1 Micro SD) 4G: FDD-LTE: Bands 1\/3\/5\/7\/8\/20\/28 4G: TD-LTE: Bands 38\/40\/41 (2535MHz-2655MHz) 3G: WCDMA: Bands 1\/5\/8 2G: GSM: 850\/900\/1800\/1900MHz\" \/>\n\t\t<meta property=\"og:url\" content=\"https:\/\/www.rucashk.com\/pt\/produto\/realme-c21-smartphone\/\" \/>\n\t\t<meta property=\"og:image\" content=\"https:\/\/www.rucashk.com\/wp-content\/uploads\/replace\/503b8e645f128a97ccde2b6290747646.jpeg\" \/>\n\t\t<meta property=\"og:image:secure_url\" content=\"https:\/\/www.rucashk.com\/wp-content\/uploads\/replace\/503b8e645f128a97ccde2b6290747646.jpeg\" \/>\n\t\t<meta property=\"og:image:width\" content=\"1456\" \/>\n\t\t<meta property=\"og:image:height\" content=\"816\" \/>\n\t\t<meta property=\"article:published_time\" content=\"2024-01-09T16:17:27+00:00\" \/>\n\t\t<meta property=\"article:modified_time\" content=\"2024-01-23T10:06:17+00:00\" \/>\n\t\t<meta name=\"twitter:card\" content=\"summary_large_image\" \/>\n\t\t<meta name=\"twitter:title\" content=\"Realme c21 Smartphone - Rucas - Wholesale and Distribution\" \/>\n\t\t<meta name=\"twitter:description\" content=\"Processor: CPU: MediaTek Helio G35 Powerful Processor, Octa-core, Up to 2.3GHz; GPU: IMG GE8320 Screen: 5 Inch Large LCD Display, 1600x720 OS: realme UI (Based on Android 10) Storage: 3GB RAM 32GB ROM Rear Camera: 13MP+2MP+2MP AI Triple Cameras Front Camera: 5MP AI Selfie Camera Battery: 5000mAh(Typ.) Features: Google Service, Multi-languages, Bluetooth 5.0, Face Unlock Networks: 3-Card Slot(2 Nano+1 Micro SD) 4G: FDD-LTE: Bands 1\/3\/5\/7\/8\/20\/28 4G: TD-LTE: Bands 38\/40\/41 (2535MHz-2655MHz) 3G: WCDMA: Bands 1\/5\/8 2G: GSM: 850\/900\/1800\/1900MHz\" \/>\n\t\t<meta name=\"twitter:image\" content=\"https:\/\/www.rucashk.com\/wp-content\/uploads\/replace\/503b8e645f128a97ccde2b6290747646.jpeg\" \/>\n\t\t<script type=\"application\/ld+json\" class=\"aioseo-schema\">\n\t\t\t{\"@context\":\"https:\\\/\\\/schema.org\",\"@graph\":[{\"@type\":\"BreadcrumbList\",\"@id\":\"https:\\\/\\\/www.rucashk.com\\\/pt\\\/produto\\\/realme-c21-smartphone\\\/#breadcrumblist\",\"itemListElement\":[{\"@type\":\"ListItem\",\"@id\":\"https:\\\/\\\/www.rucashk.com\\\/pt\\\/#listItem\",\"position\":1,\"name\":\"Home\",\"item\":\"https:\\\/\\\/www.rucashk.com\\\/pt\\\/\",\"nextItem\":\"https:\\\/\\\/www.rucashk.com\\\/pt\\\/produto\\\/realme-c21-smartphone\\\/#listItem\"},{\"@type\":\"ListItem\",\"@id\":\"https:\\\/\\\/www.rucashk.com\\\/pt\\\/produto\\\/realme-c21-smartphone\\\/#listItem\",\"position\":2,\"name\":\"Realme\\u00a0c21 Smartphone\",\"previousItem\":\"https:\\\/\\\/www.rucashk.com\\\/pt\\\/#listItem\"}]},{\"@type\":\"Organization\",\"@id\":\"https:\\\/\\\/www.rucashk.com\\\/pt\\\/#organization\",\"name\":\"Rucas\",\"url\":\"https:\\\/\\\/www.rucashk.com\\\/pt\\\/\",\"logo\":{\"@type\":\"ImageObject\",\"url\":\"https:\\\/\\\/www.rucashk.com\\\/wp-content\\\/uploads\\\/2023\\\/12\\\/Rucas_campany_logo.png\",\"@id\":\"https:\\\/\\\/www.rucashk.com\\\/pt\\\/produto\\\/realme-c21-smartphone\\\/#organizationLogo\",\"width\":221,\"height\":65},\"image\":{\"@id\":\"https:\\\/\\\/www.rucashk.com\\\/pt\\\/#organizationLogo\"}},{\"@type\":\"Person\",\"@id\":\"https:\\\/\\\/www.rucashk.com\\\/pt\\\/author\\\/admin\\\/#author\",\"url\":\"https:\\\/\\\/www.rucashk.com\\\/pt\\\/author\\\/admin\\\/\",\"name\":\"admin\",\"image\":{\"@type\":\"ImageObject\",\"@id\":\"https:\\\/\\\/www.rucashk.com\\\/pt\\\/produto\\\/realme-c21-smartphone\\\/#authorImage\",\"url\":\"https:\\\/\\\/secure.gravatar.com\\\/avatar\\\/b7c8925b09a27e72b30232f8ecaadbd5af0f70a38c78096863fe51b64f031c24?s=96&d=mm&r=g\",\"width\":96,\"height\":96,\"caption\":\"admin\"}},{\"@type\":\"WebPage\",\"@id\":\"https:\\\/\\\/www.rucashk.com\\\/pt\\\/produto\\\/realme-c21-smartphone\\\/#webpage\",\"url\":\"https:\\\/\\\/www.rucashk.com\\\/pt\\\/produto\\\/realme-c21-smartphone\\\/\",\"name\":\"Realme c21 Smartphone - Rucas - Wholesale and Distribution\",\"description\":\"Processor: CPU: MediaTek Helio G35 Powerful Processor, Octa-core, Up to 2.3GHz; GPU: IMG GE8320 Screen: 5 Inch Large LCD Display, 1600x720 OS: realme UI (Based on Android 10) Storage: 3GB RAM 32GB ROM Rear Camera: 13MP+2MP+2MP AI Triple Cameras Front Camera: 5MP AI Selfie Camera Battery: 5000mAh(Typ.) Features: Google Service, Multi-languages, Bluetooth 5.0, Face Unlock Networks: 3-Card Slot(2 Nano+1 Micro SD) 4G: FDD-LTE: Bands 1\\\/3\\\/5\\\/7\\\/8\\\/20\\\/28 4G: TD-LTE: Bands 38\\\/40\\\/41 (2535MHz-2655MHz) 3G: WCDMA: Bands 1\\\/5\\\/8 2G: GSM: 850\\\/900\\\/1800\\\/1900MHz\",\"inLanguage\":\"pt-PT\",\"isPartOf\":{\"@id\":\"https:\\\/\\\/www.rucashk.com\\\/pt\\\/#website\"},\"breadcrumb\":{\"@id\":\"https:\\\/\\\/www.rucashk.com\\\/pt\\\/produto\\\/realme-c21-smartphone\\\/#breadcrumblist\"},\"author\":{\"@id\":\"https:\\\/\\\/www.rucashk.com\\\/pt\\\/author\\\/admin\\\/#author\"},\"creator\":{\"@id\":\"https:\\\/\\\/www.rucashk.com\\\/pt\\\/author\\\/admin\\\/#author\"},\"image\":{\"@type\":\"ImageObject\",\"url\":\"https:\\\/\\\/www.rucashk.com\\\/wp-content\\\/uploads\\\/2024\\\/01\\\/Realme-c21-Smartphone-1.jpg\",\"@id\":\"https:\\\/\\\/www.rucashk.com\\\/pt\\\/produto\\\/realme-c21-smartphone\\\/#mainImage\",\"width\":800,\"height\":800},\"primaryImageOfPage\":{\"@id\":\"https:\\\/\\\/www.rucashk.com\\\/pt\\\/produto\\\/realme-c21-smartphone\\\/#mainImage\"},\"datePublished\":\"2024-01-09T16:17:27+00:00\",\"dateModified\":\"2024-01-23T10:06:17+00:00\"},{\"@type\":\"WebSite\",\"@id\":\"https:\\\/\\\/www.rucashk.com\\\/pt\\\/#website\",\"url\":\"https:\\\/\\\/www.rucashk.com\\\/pt\\\/\",\"name\":\"Rucas - Wholesale and distribution worldwide\",\"alternateName\":\"Rucas - One-stop AIoT Distribution Worldwide\",\"description\":\"One-stop AIoT Distribution Worldwide\",\"inLanguage\":\"pt-PT\",\"publisher\":{\"@id\":\"https:\\\/\\\/www.rucashk.com\\\/pt\\\/#organization\"}}]}\n\t\t<\/script>\n\t\t<!-- All in One SEO Pro -->\r\n\t\t<title>Realme c21 Smartphone - Rucas - Wholesale and Distribution<\/title>\n\n","aioseo_head_json":{"title":"Realme c21 Smartphone - Rucas - Wholesale and Distribution","description":"Processor: CPU: MediaTek Helio G35 Powerful Processor, Octa-core, Up to 2.3GHz; GPU: IMG GE8320 Screen: 5 Inch Large LCD Display, 1600x720 OS: realme UI (Based on Android 10) Storage: 3GB RAM 32GB ROM Rear Camera: 13MP+2MP+2MP AI Triple Cameras Front Camera: 5MP AI Selfie Camera Battery: 5000mAh(Typ.) Features: Google Service, Multi-languages, Bluetooth 5.0, Face Unlock Networks: 3-Card Slot(2 Nano+1 Micro SD) 4G: FDD-LTE: Bands 1\/3\/5\/7\/8\/20\/28 4G: TD-LTE: Bands 38\/40\/41 (2535MHz-2655MHz) 3G: WCDMA: Bands 1\/5\/8 2G: GSM: 850\/900\/1800\/1900MHz","canonical_url":"https:\/\/www.rucashk.com\/pt\/produto\/realme-c21-smartphone\/","robots":"max-image-preview:large","keywords":"","webmasterTools":{"miscellaneous":""},"og:locale":"pt_PT","og:site_name":"Rucas - One-stop AIoT Distribution Worldwide","og:type":"article","og:title":"Realme c21 Smartphone - Rucas - Wholesale and Distribution","og:description":"Processor: CPU: MediaTek Helio G35 Powerful Processor, Octa-core, Up to 2.3GHz; GPU: IMG GE8320 Screen: 5 Inch Large LCD Display, 1600x720 OS: realme UI (Based on Android 10) Storage: 3GB RAM 32GB ROM Rear Camera: 13MP+2MP+2MP AI Triple Cameras Front Camera: 5MP AI Selfie Camera Battery: 5000mAh(Typ.) Features: Google Service, Multi-languages, Bluetooth 5.0, Face Unlock Networks: 3-Card Slot(2 Nano+1 Micro SD) 4G: FDD-LTE: Bands 1\/3\/5\/7\/8\/20\/28 4G: TD-LTE: Bands 38\/40\/41 (2535MHz-2655MHz) 3G: WCDMA: Bands 1\/5\/8 2G: GSM: 850\/900\/1800\/1900MHz","og:url":"https:\/\/www.rucashk.com\/pt\/produto\/realme-c21-smartphone\/","og:image":"https:\/\/www.rucashk.com\/wp-content\/uploads\/replace\/503b8e645f128a97ccde2b6290747646.jpeg","og:image:secure_url":"https:\/\/www.rucashk.com\/wp-content\/uploads\/replace\/503b8e645f128a97ccde2b6290747646.jpeg","og:image:width":1456,"og:image:height":816,"article:published_time":"2024-01-09T16:17:27+00:00","article:modified_time":"2024-01-23T10:06:17+00:00","twitter:card":"summary_large_image","twitter:title":"Realme c21 Smartphone - Rucas - Wholesale and Distribution","twitter:description":"Processor: CPU: MediaTek Helio G35 Powerful Processor, Octa-core, Up to 2.3GHz; GPU: IMG GE8320 Screen: 5 Inch Large LCD Display, 1600x720 OS: realme UI (Based on Android 10) Storage: 3GB RAM 32GB ROM Rear Camera: 13MP+2MP+2MP AI Triple Cameras Front Camera: 5MP AI Selfie Camera Battery: 5000mAh(Typ.) Features: Google Service, Multi-languages, Bluetooth 5.0, Face Unlock Networks: 3-Card Slot(2 Nano+1 Micro SD) 4G: FDD-LTE: Bands 1\/3\/5\/7\/8\/20\/28 4G: TD-LTE: Bands 38\/40\/41 (2535MHz-2655MHz) 3G: WCDMA: Bands 1\/5\/8 2G: GSM: 850\/900\/1800\/1900MHz","twitter:image":"https:\/\/www.rucashk.com\/wp-content\/uploads\/replace\/503b8e645f128a97ccde2b6290747646.jpeg","schema":{"@context":"https:\/\/schema.org","@graph":[{"@type":"BreadcrumbList","@id":"https:\/\/www.rucashk.com\/pt\/produto\/realme-c21-smartphone\/#breadcrumblist","itemListElement":[{"@type":"ListItem","@id":"https:\/\/www.rucashk.com\/pt\/#listItem","position":1,"name":"Home","item":"https:\/\/www.rucashk.com\/pt\/","nextItem":"https:\/\/www.rucashk.com\/pt\/produto\/realme-c21-smartphone\/#listItem"},{"@type":"ListItem","@id":"https:\/\/www.rucashk.com\/pt\/produto\/realme-c21-smartphone\/#listItem","position":2,"name":"Realme\u00a0c21 Smartphone","previousItem":"https:\/\/www.rucashk.com\/pt\/#listItem"}]},{"@type":"Organization","@id":"https:\/\/www.rucashk.com\/pt\/#organization","name":"Rucas","url":"https:\/\/www.rucashk.com\/pt\/","logo":{"@type":"ImageObject","url":"https:\/\/www.rucashk.com\/wp-content\/uploads\/2023\/12\/Rucas_campany_logo.png","@id":"https:\/\/www.rucashk.com\/pt\/produto\/realme-c21-smartphone\/#organizationLogo","width":221,"height":65},"image":{"@id":"https:\/\/www.rucashk.com\/pt\/#organizationLogo"}},{"@type":"Person","@id":"https:\/\/www.rucashk.com\/pt\/author\/admin\/#author","url":"https:\/\/www.rucashk.com\/pt\/author\/admin\/","name":"admin","image":{"@type":"ImageObject","@id":"https:\/\/www.rucashk.com\/pt\/produto\/realme-c21-smartphone\/#authorImage","url":"https:\/\/secure.gravatar.com\/avatar\/b7c8925b09a27e72b30232f8ecaadbd5af0f70a38c78096863fe51b64f031c24?s=96&d=mm&r=g","width":96,"height":96,"caption":"admin"}},{"@type":"WebPage","@id":"https:\/\/www.rucashk.com\/pt\/produto\/realme-c21-smartphone\/#webpage","url":"https:\/\/www.rucashk.com\/pt\/produto\/realme-c21-smartphone\/","name":"Realme c21 Smartphone - Rucas - Wholesale and Distribution","description":"Processor: CPU: MediaTek Helio G35 Powerful Processor, Octa-core, Up to 2.3GHz; GPU: IMG GE8320 Screen: 5 Inch Large LCD Display, 1600x720 OS: realme UI (Based on Android 10) Storage: 3GB RAM 32GB ROM Rear Camera: 13MP+2MP+2MP AI Triple Cameras Front Camera: 5MP AI Selfie Camera Battery: 5000mAh(Typ.) Features: Google Service, Multi-languages, Bluetooth 5.0, Face Unlock Networks: 3-Card Slot(2 Nano+1 Micro SD) 4G: FDD-LTE: Bands 1\/3\/5\/7\/8\/20\/28 4G: TD-LTE: Bands 38\/40\/41 (2535MHz-2655MHz) 3G: WCDMA: Bands 1\/5\/8 2G: GSM: 850\/900\/1800\/1900MHz","inLanguage":"pt-PT","isPartOf":{"@id":"https:\/\/www.rucashk.com\/pt\/#website"},"breadcrumb":{"@id":"https:\/\/www.rucashk.com\/pt\/produto\/realme-c21-smartphone\/#breadcrumblist"},"author":{"@id":"https:\/\/www.rucashk.com\/pt\/author\/admin\/#author"},"creator":{"@id":"https:\/\/www.rucashk.com\/pt\/author\/admin\/#author"},"image":{"@type":"ImageObject","url":"https:\/\/www.rucashk.com\/wp-content\/uploads\/2024\/01\/Realme-c21-Smartphone-1.jpg","@id":"https:\/\/www.rucashk.com\/pt\/produto\/realme-c21-smartphone\/#mainImage","width":800,"height":800},"primaryImageOfPage":{"@id":"https:\/\/www.rucashk.com\/pt\/produto\/realme-c21-smartphone\/#mainImage"},"datePublished":"2024-01-09T16:17:27+00:00","dateModified":"2024-01-23T10:06:17+00:00"},{"@type":"WebSite","@id":"https:\/\/www.rucashk.com\/pt\/#website","url":"https:\/\/www.rucashk.com\/pt\/","name":"Rucas - Wholesale and distribution worldwide","alternateName":"Rucas - One-stop AIoT Distribution Worldwide","description":"One-stop AIoT Distribution Worldwide","inLanguage":"pt-PT","publisher":{"@id":"https:\/\/www.rucashk.com\/pt\/#organization"}}]}},"aioseo_meta_data":{"post_id":"25454","title":null,"description":null,"keywords":null,"keyphrases":null,"primary_term":null,"canonical_url":null,"og_title":null,"og_description":null,"og_object_type":"default","og_image_type":"default","og_image_url":null,"og_image_width":null,"og_image_height":null,"og_image_custom_url":null,"og_image_custom_fields":null,"og_video":null,"og_custom_url":null,"og_article_section":null,"og_article_tags":null,"twitter_use_og":false,"twitter_card":"default","twitter_image_type":"default","twitter_image_url":null,"twitter_image_custom_url":null,"twitter_image_custom_fields":null,"twitter_title":null,"twitter_description":null,"schema":{"blockGraphs":[],"customGraphs":[],"default":{"data":{"Article":[],"Course":[],"Dataset":[],"FAQPage":[],"Movie":[],"Person":[],"Product":[],"Recipe":[],"Service":[],"SoftwareApplication":[],"WebPage":[]},"graphName":"","isEnabled":true},"graphs":[]},"schema_type":"default","schema_type_options":null,"pillar_content":false,"robots_default":true,"robots_noindex":false,"robots_noarchive":false,"robots_nosnippet":false,"robots_nofollow":false,"robots_noimageindex":false,"robots_noodp":false,"robots_notranslate":false,"robots_max_snippet":null,"robots_max_videopreview":null,"robots_max_imagepreview":"large","priority":null,"frequency":null,"local_seo":null,"breadcrumb_settings":null,"limit_modified_date":false,"created":"2024-04-11 01:57:18","updated":"2025-06-22 17:55:09"},"aioseo_breadcrumb":"<div class=\"aioseo-breadcrumbs\"><span class=\"aioseo-breadcrumb\">\n\t<a href=\"https:\/\/www.rucashk.com\/pt\" title=\"Home\">Home<\/a>\n<\/span><span class=\"aioseo-breadcrumb-separator\">&raquo;<\/span><span class=\"aioseo-breadcrumb\">\n\t<a href=\"https:\/\/www.rucashk.com\/pt\/products\/\" title=\"Produtos\">Produtos<\/a>\n<\/span><span class=\"aioseo-breadcrumb-separator\">&raquo;<\/span><span class=\"aioseo-breadcrumb\">\n\t<a href=\"https:\/\/www.rucashk.com\/pt\/categoria-produto\/mobile-phone\/\" title=\"Mobile Phone\">Mobile Phone<\/a>\n<\/span><span class=\"aioseo-breadcrumb-separator\">&raquo;<\/span><span class=\"aioseo-breadcrumb\">\n\t<a href=\"https:\/\/www.rucashk.com\/pt\/categoria-produto\/mobile-phone\/realme-mobile-phone\/\" title=\"Realme\">Realme<\/a>\n<\/span><span class=\"aioseo-breadcrumb-separator\">&raquo;<\/span><span class=\"aioseo-breadcrumb\">\n\tRealme\u00a0c21 Smartphone\n<\/span><\/div>","aioseo_breadcrumb_json":[{"label":"Home","link":"https:\/\/www.rucashk.com\/pt"},{"label":"Produtos","link":"https:\/\/www.rucashk.com\/pt\/products\/"},{"label":"Mobile Phone","link":"https:\/\/www.rucashk.com\/pt\/categoria-produto\/mobile-phone\/"},{"label":"Realme","link":"https:\/\/www.rucashk.com\/pt\/categoria-produto\/mobile-phone\/realme-mobile-phone\/"},{"label":"Realme\u00a0c21 Smartphone","link":"https:\/\/www.rucashk.com\/pt\/produto\/realme-c21-smartphone\/"}],"_links":{"self":[{"href":"https:\/\/www.rucashk.com\/pt\/wp-json\/wp\/v2\/product\/25454","targetHints":{"allow":["GET"]}}],"collection":[{"href":"https:\/\/www.rucashk.com\/pt\/wp-json\/wp\/v2\/product"}],"about":[{"href":"https:\/\/www.rucashk.com\/pt\/wp-json\/wp\/v2\/types\/product"}],"wp:featuredmedia":[{"embeddable":true,"href":"https:\/\/www.rucashk.com\/pt\/wp-json\/wp\/v2\/media\/25601"}],"wp:attachment":[{"href":"https:\/\/www.rucashk.com\/pt\/wp-json\/wp\/v2\/media?parent=25454"}],"wp:term":[{"taxonomy":"product_brand","embeddable":true,"href":"https:\/\/www.rucashk.com\/pt\/wp-json\/wp\/v2\/product_brand?post=25454"},{"taxonomy":"product_cat","embeddable":true,"href":"https:\/\/www.rucashk.com\/pt\/wp-json\/wp\/v2\/product_cat?post=25454"},{"taxonomy":"product_tag","embeddable":true,"href":"https:\/\/www.rucashk.com\/pt\/wp-json\/wp\/v2\/product_tag?post=25454"}],"curies":[{"name":"wp","href":"https:\/\/api.w.org\/{rel}","templated":true}]}}