{"id":25452,"date":"2024-01-09T16:17:26","date_gmt":"2024-01-09T16:17:26","guid":{"rendered":"http:\/\/rucashk.com\/?post_type=product&#038;p=25452"},"modified":"2025-06-22T07:35:45","modified_gmt":"2025-06-22T07:35:45","slug":"mi-11-smartphone","status":"publish","type":"product","link":"https:\/\/www.rucashk.com\/pt\/produto\/mi-11-smartphone\/","title":{"rendered":"Smartphone Mi 11"},"content":{"rendered":"<p><img fetchpriority=\"high\" decoding=\"async\" class=\"aligncenter\" src=\"https:\/\/www.rucashk.com\/wp-content\/uploads\/2021\/08\/H5defcb3eae4541cd99aad79568b81caei.jpg\" alt=\"Mi 11 Smartphone\" width=\"1500\" height=\"1500\" data-spm-anchor-id=\"a2g0o.detail.1000023.i1.48886b2fopAtoe\" \/><img decoding=\"async\" class=\"aligncenter\" src=\"https:\/\/www.rucashk.com\/wp-content\/uploads\/2021\/08\/H2ca4d15b451a4ffd8bc26ba3a78896a8W.jpg\" alt=\"Mi 11 Smartphone\" width=\"1500\" height=\"1500\" \/><img decoding=\"async\" class=\"aligncenter\" src=\"https:\/\/www.rucashk.com\/wp-content\/uploads\/2021\/08\/H8a5d08ce90a841babed872cfbb34d1efR.jpg\" alt=\"Mi 11 Smartphone\" width=\"1500\" height=\"1500\" \/><img loading=\"lazy\" decoding=\"async\" class=\"aligncenter\" src=\"https:\/\/www.rucashk.com\/wp-content\/uploads\/2021\/08\/H3a5833dc9859490eb1d1b01e2e04608en.jpg\" alt=\"Mi 11 Smartphone\" width=\"1500\" height=\"1500\" \/><img loading=\"lazy\" decoding=\"async\" class=\"aligncenter\" src=\"https:\/\/www.rucashk.com\/wp-content\/uploads\/2021\/08\/H29f90d9eb1264e73834fca030768ff157.jpg\" alt=\"Mi 11 Smartphone\" width=\"1500\" height=\"1500\" \/><img loading=\"lazy\" decoding=\"async\" class=\"aligncenter\" src=\"https:\/\/www.rucashk.com\/wp-content\/uploads\/2021\/08\/Hadcdaa516db64106aa027e4da8244d91l.jpg\" alt=\"Mi 11 Smartphone\" width=\"1500\" height=\"1500\" \/><img loading=\"lazy\" decoding=\"async\" class=\"aligncenter\" src=\"https:\/\/www.rucashk.com\/wp-content\/uploads\/2021\/08\/Hd097147c384c47c2b9630209ed2eb87dL.jpg\" alt=\"Mi 11 Smartphone\" width=\"1500\" height=\"1500\" \/><img loading=\"lazy\" decoding=\"async\" class=\"aligncenter\" src=\"https:\/\/www.rucashk.com\/wp-content\/uploads\/2021\/08\/H73b0dd7bd9e540dca0e1b3474a76e3c7q.jpg\" alt=\"Mi 11 Smartphone\" width=\"1500\" height=\"1500\" \/><img loading=\"lazy\" decoding=\"async\" class=\"aligncenter\" src=\"https:\/\/www.rucashk.com\/wp-content\/uploads\/2021\/08\/H5da97fbab085463bb39b696d408e01038.jpg\" alt=\"Mi 11 Smartphone\" width=\"1500\" height=\"1500\" \/><img loading=\"lazy\" decoding=\"async\" class=\"aligncenter\" src=\"https:\/\/www.rucashk.com\/wp-content\/uploads\/2021\/08\/Hbc963de4429e40bf91a188393871c91a7.jpg\" alt=\"Mi 11 Smartphone\" width=\"1500\" height=\"1500\" data-spm-anchor-id=\"a2g0o.detail.1000023.i4.48886b2fopAtoe\" \/><\/p>\n<p>&nbsp;<\/p>\n<p style=\"text-align: center\">Rucas, distribuidor l\u00edder da Xiaomi em Hong Kong.<br \/>\ncom foco no produto de acess\u00f3rios ecol\u00f3gicos da marca China A, como Amazfit, Haylou, Ninebot, Roborock, Dreame, Imilab, 70Mai, Deerma. Mantemos centenas de SKU Xiaomi com estoque em dep\u00f3sitos em HK e Shenzhen de forma est\u00e1vel para obter o prazo de entrega mais r\u00e1pido.<\/p>","protected":false},"excerpt":{"rendered":"<ul>\n<li><strong>CPU<\/strong><strong>\uff1a<\/strong>Snapdragon 888 Octa-N\u00facleo<\/li>\n<li><strong>Tela: <\/strong>81&#8243; Full Screen Display, 3200 x 1440 WQHD<\/li>\n<li><strong>RAM + ROM: <\/strong>8 GB + 128 GB \/ 8 GB + 256 GB<\/li>\n<li><strong>C\u00e2mera: <\/strong>C\u00e2mera traseira tripla de 108 MP + 13 MP + 5 MP, frontal de 20 MP<\/li>\n<li><strong>Bateria: <\/strong>4600mAh (tipo) \/ 4500mAh (min), suporta carga r\u00e1pida de 55W, carga sem fio de 50W<\/li>\n<li><strong>SO: <\/strong>A vers\u00e3o global, MIUI12, suporta atualiza\u00e7\u00e3o OTA e suporta portugu\u00eas, espanhol e russo. Idiomas em v\u00e1rios pa\u00edses e regi\u00f5es\u3002 Suporte aos servi\u00e7os do Google<\/li>\n<li><strong>Outro: <\/strong>5G Wi-Fi, Bluetooth 5.2, GPS, taxa de atualiza\u00e7\u00e3o de tela de 120 Hz, NFC<\/li>\n<li><strong>Rede: <\/strong>Netcom completo, Dual SIM Dual Standby<\/li>\n<\/ul>","protected":false},"featured_media":25586,"template":"","meta":[],"product_brand":[1363],"product_cat":[1295,1296],"product_tag":[],"class_list":{"0":"post-25452","1":"product","2":"type-product","3":"status-publish","4":"has-post-thumbnail","6":"product_brand-xiaomi","7":"product_cat-mobile-phone","8":"product_cat-xiaomi-mobile-phone","10":"first","11":"instock","12":"shipping-taxable","13":"product-type-simple"},"aioseo_notices":[],"aioseo_head":"\n\t\t<!-- All in One SEO Pro 4.5.9.2 - aioseo.com -->\n\t\t<meta name=\"description\" content=\"CPU\uff1aSnapdragon 888 Octa Core Screen: 81&quot; Full Screen Display, 3200 x 1440 WQHD RAM+ROM: 8GB +128GB \/ 8GB + 256GB Camera: 108MP+13MP+5MP Triple Rear Camera, 20MP Front Battery: 4600mAh(typ) \/ 4500mAh(min) , Supports 55W Fast Charge,50W Wireless Charge OS: Global version, MIUI12, supports OTA update and supports Portuguese, Spanish, and Russian. Languages in multiple countries and regions\u3002 Support Google services Other: 5G Wi-Fi , Bluetooth 5.2, GPS,120Hz Screen refresh rate,NFC Network: Full Netcom, Dual SIM Dual Standby\" \/>\n\t\t<meta name=\"robots\" content=\"max-image-preview:large\" \/>\n\t\t<link rel=\"canonical\" href=\"https:\/\/www.rucashk.com\/pt\/produto\/mi-11-smartphone\/\" \/>\n\t\t<meta name=\"generator\" content=\"All in One SEO Pro (AIOSEO) 4.5.9.2\" \/>\n\t\t<meta property=\"og:locale\" content=\"pt_PT\" \/>\n\t\t<meta property=\"og:site_name\" content=\"Rucas - One-stop AIoT Distribution Worldwide\" \/>\n\t\t<meta property=\"og:type\" content=\"article\" \/>\n\t\t<meta property=\"og:title\" content=\"Mi 11 Smartphone - Rucas - Wholesale and Distribution\" \/>\n\t\t<meta property=\"og:description\" content=\"CPU\uff1aSnapdragon 888 Octa Core Screen: 81&quot; Full Screen Display, 3200 x 1440 WQHD RAM+ROM: 8GB +128GB \/ 8GB + 256GB Camera: 108MP+13MP+5MP Triple Rear Camera, 20MP Front Battery: 4600mAh(typ) \/ 4500mAh(min) , Supports 55W Fast Charge,50W Wireless Charge OS: Global version, MIUI12, supports OTA update and supports Portuguese, Spanish, and Russian. Languages in multiple countries and regions\u3002 Support Google services Other: 5G Wi-Fi , Bluetooth 5.2, GPS,120Hz Screen refresh rate,NFC Network: Full Netcom, Dual SIM Dual Standby\" \/>\n\t\t<meta property=\"og:url\" content=\"https:\/\/www.rucashk.com\/pt\/produto\/mi-11-smartphone\/\" \/>\n\t\t<meta property=\"og:image\" content=\"https:\/\/www.rucashk.com\/wp-content\/uploads\/replace\/503b8e645f128a97ccde2b6290747646.jpeg\" \/>\n\t\t<meta property=\"og:image:secure_url\" content=\"https:\/\/www.rucashk.com\/wp-content\/uploads\/replace\/503b8e645f128a97ccde2b6290747646.jpeg\" \/>\n\t\t<meta property=\"og:image:width\" content=\"1456\" \/>\n\t\t<meta property=\"og:image:height\" content=\"816\" \/>\n\t\t<meta property=\"article:published_time\" content=\"2024-01-09T16:17:26+00:00\" \/>\n\t\t<meta property=\"article:modified_time\" content=\"2025-06-22T07:35:45+00:00\" \/>\n\t\t<meta name=\"twitter:card\" content=\"summary_large_image\" \/>\n\t\t<meta name=\"twitter:title\" content=\"Mi 11 Smartphone - Rucas - Wholesale and Distribution\" \/>\n\t\t<meta name=\"twitter:description\" content=\"CPU\uff1aSnapdragon 888 Octa Core Screen: 81&quot; Full Screen Display, 3200 x 1440 WQHD RAM+ROM: 8GB +128GB \/ 8GB + 256GB Camera: 108MP+13MP+5MP Triple Rear Camera, 20MP Front Battery: 4600mAh(typ) \/ 4500mAh(min) , Supports 55W Fast Charge,50W Wireless Charge OS: Global version, MIUI12, supports OTA update and supports Portuguese, Spanish, and Russian. Languages in multiple countries and regions\u3002 Support Google services Other: 5G Wi-Fi , Bluetooth 5.2, GPS,120Hz Screen refresh rate,NFC Network: Full Netcom, Dual SIM Dual Standby\" \/>\n\t\t<meta name=\"twitter:image\" content=\"https:\/\/www.rucashk.com\/wp-content\/uploads\/replace\/503b8e645f128a97ccde2b6290747646.jpeg\" \/>\n\t\t<script type=\"application\/ld+json\" class=\"aioseo-schema\">\n\t\t\t{\"@context\":\"https:\\\/\\\/schema.org\",\"@graph\":[{\"@type\":\"BreadcrumbList\",\"@id\":\"https:\\\/\\\/www.rucashk.com\\\/pt\\\/produto\\\/mi-11-smartphone\\\/#breadcrumblist\",\"itemListElement\":[{\"@type\":\"ListItem\",\"@id\":\"https:\\\/\\\/www.rucashk.com\\\/pt\\\/#listItem\",\"position\":1,\"name\":\"Home\",\"item\":\"https:\\\/\\\/www.rucashk.com\\\/pt\\\/\",\"nextItem\":\"https:\\\/\\\/www.rucashk.com\\\/pt\\\/produto\\\/mi-11-smartphone\\\/#listItem\"},{\"@type\":\"ListItem\",\"@id\":\"https:\\\/\\\/www.rucashk.com\\\/pt\\\/produto\\\/mi-11-smartphone\\\/#listItem\",\"position\":2,\"name\":\"Mi 11 Smartphone\",\"previousItem\":\"https:\\\/\\\/www.rucashk.com\\\/pt\\\/#listItem\"}]},{\"@type\":\"Organization\",\"@id\":\"https:\\\/\\\/www.rucashk.com\\\/pt\\\/#organization\",\"name\":\"Rucas\",\"url\":\"https:\\\/\\\/www.rucashk.com\\\/pt\\\/\",\"logo\":{\"@type\":\"ImageObject\",\"url\":\"https:\\\/\\\/www.rucashk.com\\\/wp-content\\\/uploads\\\/2023\\\/12\\\/Rucas_campany_logo.png\",\"@id\":\"https:\\\/\\\/www.rucashk.com\\\/pt\\\/produto\\\/mi-11-smartphone\\\/#organizationLogo\",\"width\":221,\"height\":65},\"image\":{\"@id\":\"https:\\\/\\\/www.rucashk.com\\\/pt\\\/#organizationLogo\"}},{\"@type\":\"Person\",\"@id\":\"https:\\\/\\\/www.rucashk.com\\\/pt\\\/author\\\/admin\\\/#author\",\"url\":\"https:\\\/\\\/www.rucashk.com\\\/pt\\\/author\\\/admin\\\/\",\"name\":\"admin\",\"image\":{\"@type\":\"ImageObject\",\"@id\":\"https:\\\/\\\/www.rucashk.com\\\/pt\\\/produto\\\/mi-11-smartphone\\\/#authorImage\",\"url\":\"https:\\\/\\\/secure.gravatar.com\\\/avatar\\\/b7c8925b09a27e72b30232f8ecaadbd5af0f70a38c78096863fe51b64f031c24?s=96&d=mm&r=g\",\"width\":96,\"height\":96,\"caption\":\"admin\"}},{\"@type\":\"WebPage\",\"@id\":\"https:\\\/\\\/www.rucashk.com\\\/pt\\\/produto\\\/mi-11-smartphone\\\/#webpage\",\"url\":\"https:\\\/\\\/www.rucashk.com\\\/pt\\\/produto\\\/mi-11-smartphone\\\/\",\"name\":\"Mi 11 Smartphone - Rucas - Wholesale and Distribution\",\"description\":\"CPU\\uff1aSnapdragon 888 Octa Core Screen: 81\\\" Full Screen Display, 3200 x 1440 WQHD RAM+ROM: 8GB +128GB \\\/ 8GB + 256GB Camera: 108MP+13MP+5MP Triple Rear Camera, 20MP Front Battery: 4600mAh(typ) \\\/ 4500mAh(min) , Supports 55W Fast Charge,50W Wireless Charge OS: Global version, MIUI12, supports OTA update and supports Portuguese, Spanish, and Russian. Languages in multiple countries and regions\\u3002 Support Google services Other: 5G Wi-Fi , Bluetooth 5.2, GPS,120Hz Screen refresh rate,NFC Network: Full Netcom, Dual SIM Dual Standby\",\"inLanguage\":\"pt-PT\",\"isPartOf\":{\"@id\":\"https:\\\/\\\/www.rucashk.com\\\/pt\\\/#website\"},\"breadcrumb\":{\"@id\":\"https:\\\/\\\/www.rucashk.com\\\/pt\\\/produto\\\/mi-11-smartphone\\\/#breadcrumblist\"},\"author\":{\"@id\":\"https:\\\/\\\/www.rucashk.com\\\/pt\\\/author\\\/admin\\\/#author\"},\"creator\":{\"@id\":\"https:\\\/\\\/www.rucashk.com\\\/pt\\\/author\\\/admin\\\/#author\"},\"image\":{\"@type\":\"ImageObject\",\"url\":\"https:\\\/\\\/www.rucashk.com\\\/wp-content\\\/uploads\\\/2024\\\/01\\\/Mi-11-Smartphone-4.jpg\",\"@id\":\"https:\\\/\\\/www.rucashk.com\\\/pt\\\/produto\\\/mi-11-smartphone\\\/#mainImage\",\"width\":800,\"height\":800},\"primaryImageOfPage\":{\"@id\":\"https:\\\/\\\/www.rucashk.com\\\/pt\\\/produto\\\/mi-11-smartphone\\\/#mainImage\"},\"datePublished\":\"2024-01-09T16:17:26+00:00\",\"dateModified\":\"2025-06-22T07:35:45+00:00\"},{\"@type\":\"WebSite\",\"@id\":\"https:\\\/\\\/www.rucashk.com\\\/pt\\\/#website\",\"url\":\"https:\\\/\\\/www.rucashk.com\\\/pt\\\/\",\"name\":\"Rucas - Wholesale and distribution worldwide\",\"alternateName\":\"Rucas - One-stop AIoT Distribution Worldwide\",\"description\":\"One-stop AIoT Distribution Worldwide\",\"inLanguage\":\"pt-PT\",\"publisher\":{\"@id\":\"https:\\\/\\\/www.rucashk.com\\\/pt\\\/#organization\"}}]}\n\t\t<\/script>\n\t\t<!-- All in One SEO Pro -->\r\n\t\t<title>Mi 11 Smartphone - Rucas - Wholesale and Distribution<\/title>\n\n","aioseo_head_json":{"title":"Mi 11 Smartphone - Rucas - Wholesale and Distribution","description":"CPU\uff1aSnapdragon 888 Octa Core Screen: 81\" Full Screen Display, 3200 x 1440 WQHD RAM+ROM: 8GB +128GB \/ 8GB + 256GB Camera: 108MP+13MP+5MP Triple Rear Camera, 20MP Front Battery: 4600mAh(typ) \/ 4500mAh(min) , Supports 55W Fast Charge,50W Wireless Charge OS: Global version, MIUI12, supports OTA update and supports Portuguese, Spanish, and Russian. Languages in multiple countries and regions\u3002 Support Google services Other: 5G Wi-Fi , Bluetooth 5.2, GPS,120Hz Screen refresh rate,NFC Network: Full Netcom, Dual SIM Dual Standby","canonical_url":"https:\/\/www.rucashk.com\/pt\/produto\/mi-11-smartphone\/","robots":"max-image-preview:large","keywords":"","webmasterTools":{"miscellaneous":""},"og:locale":"pt_PT","og:site_name":"Rucas - One-stop AIoT Distribution Worldwide","og:type":"article","og:title":"Mi 11 Smartphone - Rucas - Wholesale and Distribution","og:description":"CPU\uff1aSnapdragon 888 Octa Core Screen: 81&quot; Full Screen Display, 3200 x 1440 WQHD RAM+ROM: 8GB +128GB \/ 8GB + 256GB Camera: 108MP+13MP+5MP Triple Rear Camera, 20MP Front Battery: 4600mAh(typ) \/ 4500mAh(min) , Supports 55W Fast Charge,50W Wireless Charge OS: Global version, MIUI12, supports OTA update and supports Portuguese, Spanish, and Russian. Languages in multiple countries and regions\u3002 Support Google services Other: 5G Wi-Fi , Bluetooth 5.2, GPS,120Hz Screen refresh rate,NFC Network: Full Netcom, Dual SIM Dual Standby","og:url":"https:\/\/www.rucashk.com\/pt\/produto\/mi-11-smartphone\/","og:image":"https:\/\/www.rucashk.com\/wp-content\/uploads\/replace\/503b8e645f128a97ccde2b6290747646.jpeg","og:image:secure_url":"https:\/\/www.rucashk.com\/wp-content\/uploads\/replace\/503b8e645f128a97ccde2b6290747646.jpeg","og:image:width":1456,"og:image:height":816,"article:published_time":"2024-01-09T16:17:26+00:00","article:modified_time":"2025-06-22T07:35:45+00:00","twitter:card":"summary_large_image","twitter:title":"Mi 11 Smartphone - Rucas - Wholesale and Distribution","twitter:description":"CPU\uff1aSnapdragon 888 Octa Core Screen: 81&quot; Full Screen Display, 3200 x 1440 WQHD RAM+ROM: 8GB +128GB \/ 8GB + 256GB Camera: 108MP+13MP+5MP Triple Rear Camera, 20MP Front Battery: 4600mAh(typ) \/ 4500mAh(min) , Supports 55W Fast Charge,50W Wireless Charge OS: Global version, MIUI12, supports OTA update and supports Portuguese, Spanish, and Russian. Languages in multiple countries and regions\u3002 Support Google services Other: 5G Wi-Fi , Bluetooth 5.2, GPS,120Hz Screen refresh rate,NFC Network: Full Netcom, Dual SIM Dual Standby","twitter:image":"https:\/\/www.rucashk.com\/wp-content\/uploads\/replace\/503b8e645f128a97ccde2b6290747646.jpeg","schema":{"@context":"https:\/\/schema.org","@graph":[{"@type":"BreadcrumbList","@id":"https:\/\/www.rucashk.com\/pt\/produto\/mi-11-smartphone\/#breadcrumblist","itemListElement":[{"@type":"ListItem","@id":"https:\/\/www.rucashk.com\/pt\/#listItem","position":1,"name":"Home","item":"https:\/\/www.rucashk.com\/pt\/","nextItem":"https:\/\/www.rucashk.com\/pt\/produto\/mi-11-smartphone\/#listItem"},{"@type":"ListItem","@id":"https:\/\/www.rucashk.com\/pt\/produto\/mi-11-smartphone\/#listItem","position":2,"name":"Mi 11 Smartphone","previousItem":"https:\/\/www.rucashk.com\/pt\/#listItem"}]},{"@type":"Organization","@id":"https:\/\/www.rucashk.com\/pt\/#organization","name":"Rucas","url":"https:\/\/www.rucashk.com\/pt\/","logo":{"@type":"ImageObject","url":"https:\/\/www.rucashk.com\/wp-content\/uploads\/2023\/12\/Rucas_campany_logo.png","@id":"https:\/\/www.rucashk.com\/pt\/produto\/mi-11-smartphone\/#organizationLogo","width":221,"height":65},"image":{"@id":"https:\/\/www.rucashk.com\/pt\/#organizationLogo"}},{"@type":"Person","@id":"https:\/\/www.rucashk.com\/pt\/author\/admin\/#author","url":"https:\/\/www.rucashk.com\/pt\/author\/admin\/","name":"admin","image":{"@type":"ImageObject","@id":"https:\/\/www.rucashk.com\/pt\/produto\/mi-11-smartphone\/#authorImage","url":"https:\/\/secure.gravatar.com\/avatar\/b7c8925b09a27e72b30232f8ecaadbd5af0f70a38c78096863fe51b64f031c24?s=96&d=mm&r=g","width":96,"height":96,"caption":"admin"}},{"@type":"WebPage","@id":"https:\/\/www.rucashk.com\/pt\/produto\/mi-11-smartphone\/#webpage","url":"https:\/\/www.rucashk.com\/pt\/produto\/mi-11-smartphone\/","name":"Mi 11 Smartphone - Rucas - Wholesale and Distribution","description":"CPU\uff1aSnapdragon 888 Octa Core Screen: 81\" Full Screen Display, 3200 x 1440 WQHD RAM+ROM: 8GB +128GB \/ 8GB + 256GB Camera: 108MP+13MP+5MP Triple Rear Camera, 20MP Front Battery: 4600mAh(typ) \/ 4500mAh(min) , Supports 55W Fast Charge,50W Wireless Charge OS: Global version, MIUI12, supports OTA update and supports Portuguese, Spanish, and Russian. Languages in multiple countries and regions\u3002 Support Google services Other: 5G Wi-Fi , Bluetooth 5.2, GPS,120Hz Screen refresh rate,NFC Network: Full Netcom, Dual SIM Dual Standby","inLanguage":"pt-PT","isPartOf":{"@id":"https:\/\/www.rucashk.com\/pt\/#website"},"breadcrumb":{"@id":"https:\/\/www.rucashk.com\/pt\/produto\/mi-11-smartphone\/#breadcrumblist"},"author":{"@id":"https:\/\/www.rucashk.com\/pt\/author\/admin\/#author"},"creator":{"@id":"https:\/\/www.rucashk.com\/pt\/author\/admin\/#author"},"image":{"@type":"ImageObject","url":"https:\/\/www.rucashk.com\/wp-content\/uploads\/2024\/01\/Mi-11-Smartphone-4.jpg","@id":"https:\/\/www.rucashk.com\/pt\/produto\/mi-11-smartphone\/#mainImage","width":800,"height":800},"primaryImageOfPage":{"@id":"https:\/\/www.rucashk.com\/pt\/produto\/mi-11-smartphone\/#mainImage"},"datePublished":"2024-01-09T16:17:26+00:00","dateModified":"2025-06-22T07:35:45+00:00"},{"@type":"WebSite","@id":"https:\/\/www.rucashk.com\/pt\/#website","url":"https:\/\/www.rucashk.com\/pt\/","name":"Rucas - Wholesale and distribution worldwide","alternateName":"Rucas - One-stop AIoT Distribution Worldwide","description":"One-stop AIoT Distribution Worldwide","inLanguage":"pt-PT","publisher":{"@id":"https:\/\/www.rucashk.com\/pt\/#organization"}}]}},"aioseo_meta_data":{"post_id":"25452","title":null,"description":null,"keywords":null,"keyphrases":null,"primary_term":null,"canonical_url":null,"og_title":null,"og_description":null,"og_object_type":"default","og_image_type":"default","og_image_url":null,"og_image_width":null,"og_image_height":null,"og_image_custom_url":null,"og_image_custom_fields":null,"og_video":null,"og_custom_url":null,"og_article_section":null,"og_article_tags":null,"twitter_use_og":false,"twitter_card":"default","twitter_image_type":"default","twitter_image_url":null,"twitter_image_custom_url":null,"twitter_image_custom_fields":null,"twitter_title":null,"twitter_description":null,"schema":{"blockGraphs":[],"customGraphs":[],"default":{"data":{"Article":[],"Course":[],"Dataset":[],"FAQPage":[],"Movie":[],"Person":[],"Product":[],"Recipe":[],"Service":[],"SoftwareApplication":[],"WebPage":[]},"graphName":"","isEnabled":true},"graphs":[]},"schema_type":"default","schema_type_options":null,"pillar_content":false,"robots_default":true,"robots_noindex":false,"robots_noarchive":false,"robots_nosnippet":false,"robots_nofollow":false,"robots_noimageindex":false,"robots_noodp":false,"robots_notranslate":false,"robots_max_snippet":null,"robots_max_videopreview":null,"robots_max_imagepreview":"large","priority":null,"frequency":null,"local_seo":null,"breadcrumb_settings":null,"limit_modified_date":false,"created":"2024-04-11 01:57:18","updated":"2025-06-22 17:55:07"},"aioseo_breadcrumb":"<div class=\"aioseo-breadcrumbs\"><span class=\"aioseo-breadcrumb\">\n\t<a href=\"https:\/\/www.rucashk.com\/pt\" title=\"Home\">Home<\/a>\n<\/span><span class=\"aioseo-breadcrumb-separator\">&raquo;<\/span><span class=\"aioseo-breadcrumb\">\n\t<a href=\"https:\/\/www.rucashk.com\/pt\/products\/\" title=\"Produtos\">Produtos<\/a>\n<\/span><span class=\"aioseo-breadcrumb-separator\">&raquo;<\/span><span class=\"aioseo-breadcrumb\">\n\t<a href=\"https:\/\/www.rucashk.com\/pt\/marca\/xiaomi\/\" title=\"Xiaomi\">Xiaomi<\/a>\n<\/span><span class=\"aioseo-breadcrumb-separator\">&raquo;<\/span><span class=\"aioseo-breadcrumb\">\n\tMi 11 Smartphone\n<\/span><\/div>","aioseo_breadcrumb_json":[{"label":"Home","link":"https:\/\/www.rucashk.com\/pt"},{"label":"Produtos","link":"https:\/\/www.rucashk.com\/pt\/products\/"},{"label":"Xiaomi","link":"https:\/\/www.rucashk.com\/pt\/marca\/xiaomi\/"},{"label":"Mi 11 Smartphone","link":"https:\/\/www.rucashk.com\/pt\/produto\/mi-11-smartphone\/"}],"_links":{"self":[{"href":"https:\/\/www.rucashk.com\/pt\/wp-json\/wp\/v2\/product\/25452","targetHints":{"allow":["GET"]}}],"collection":[{"href":"https:\/\/www.rucashk.com\/pt\/wp-json\/wp\/v2\/product"}],"about":[{"href":"https:\/\/www.rucashk.com\/pt\/wp-json\/wp\/v2\/types\/product"}],"wp:featuredmedia":[{"embeddable":true,"href":"https:\/\/www.rucashk.com\/pt\/wp-json\/wp\/v2\/media\/25586"}],"wp:attachment":[{"href":"https:\/\/www.rucashk.com\/pt\/wp-json\/wp\/v2\/media?parent=25452"}],"wp:term":[{"taxonomy":"product_brand","embeddable":true,"href":"https:\/\/www.rucashk.com\/pt\/wp-json\/wp\/v2\/product_brand?post=25452"},{"taxonomy":"product_cat","embeddable":true,"href":"https:\/\/www.rucashk.com\/pt\/wp-json\/wp\/v2\/product_cat?post=25452"},{"taxonomy":"product_tag","embeddable":true,"href":"https:\/\/www.rucashk.com\/pt\/wp-json\/wp\/v2\/product_tag?post=25452"}],"curies":[{"name":"wp","href":"https:\/\/api.w.org\/{rel}","templated":true}]}}