{"id":25414,"date":"2024-01-09T16:17:04","date_gmt":"2024-01-09T16:17:04","guid":{"rendered":"http:\/\/rucashk.com\/?post_type=product&#038;p=25414"},"modified":"2024-01-23T10:11:50","modified_gmt":"2024-01-23T10:11:50","slug":"poco-m3-smartphone","status":"publish","type":"product","link":"https:\/\/www.rucashk.com\/pt\/produto\/poco-m3-smartphone\/","title":{"rendered":"Smartphone POCO M3"},"content":{"rendered":"<div class=\"detailmodule_text\">\n<p class=\"detail-desc-decorate-content\" data-spm-anchor-id=\"a2g0o.detail.1000023.i0.6a2930dftmYAxO\"><img fetchpriority=\"high\" decoding=\"async\" class=\"detail-desc-decorate-image aligncenter\" src=\"https:\/\/www.rucashk.com\/wp-content\/uploads\/2021\/08\/H6368298da48c400191a381607974e923R.jpg\" alt=\"POCO M3 Smartphone\" width=\"960\" height=\"260\" \/><\/p>\n<\/div>\n<div class=\"detailmodule_text-image\"><img decoding=\"async\" class=\"detail-desc-decorate-image aligncenter\" src=\"https:\/\/www.rucashk.com\/wp-content\/uploads\/2021\/08\/H75fe8bdb534844248947d7402c1ccd46Y.jpg\" alt=\"POCO M3 Smartphone\" width=\"950\" height=\"445\" \/><\/div>\n<div class=\"detailmodule_text-image\">\n<div><img decoding=\"async\" class=\"detail-desc-decorate-image aligncenter\" src=\"https:\/\/www.rucashk.com\/wp-content\/uploads\/2021\/08\/H147578eace03494f80e5b3b0ea4a25e4E.jpg\" alt=\"POCO M3 Smartphone\" width=\"950\" height=\"650\" \/><\/div>\n<\/div>\n<div class=\"detailmodule_text-image\">\n<div><img loading=\"lazy\" decoding=\"async\" class=\"detail-desc-decorate-image aligncenter\" src=\"https:\/\/www.rucashk.com\/wp-content\/uploads\/2021\/08\/He275b105e58447f6b1cd8e91bd5455f0A.jpg\" alt=\"POCO M3 Smartphone\" width=\"950\" height=\"856\" \/><\/div>\n<\/div>\n<div class=\"detailmodule_text-image\">\n<div><img loading=\"lazy\" decoding=\"async\" class=\"detail-desc-decorate-image aligncenter\" src=\"https:\/\/www.rucashk.com\/wp-content\/uploads\/2021\/08\/H343982be455944f098d254b884814f72Q.jpg\" alt=\"POCO M3 Smartphone\" width=\"950\" height=\"853\" \/><\/div>\n<\/div>\n<div class=\"detailmodule_text-image\">\n<div><img loading=\"lazy\" decoding=\"async\" class=\"detail-desc-decorate-image aligncenter\" src=\"https:\/\/www.rucashk.com\/wp-content\/uploads\/2021\/08\/H8e85ed92c5a948d68d471914b5d12317g.jpg\" alt=\"POCO M3 Smartphone\" width=\"950\" height=\"489\" \/><\/div>\n<\/div>\n<div class=\"detailmodule_text-image\">\n<div><img loading=\"lazy\" decoding=\"async\" class=\"detail-desc-decorate-image aligncenter\" src=\"https:\/\/www.rucashk.com\/wp-content\/uploads\/2021\/08\/H1255f660c70c489e99df41bd63d6f002K.jpg\" alt=\"POCO M3 Smartphone\" width=\"950\" height=\"445\" \/><\/div>\n<\/div>\n<div class=\"detailmodule_text-image\">\n<div><img loading=\"lazy\" decoding=\"async\" class=\"detail-desc-decorate-image aligncenter\" src=\"https:\/\/www.rucashk.com\/wp-content\/uploads\/2021\/08\/Hec2b5b63d82341edb33e85115b25d0e6R.jpg\" alt=\"POCO M3 Smartphone\" width=\"950\" height=\"480\" \/><\/div>\n<\/div>\n<div class=\"detailmodule_text-image\">\n<div><img loading=\"lazy\" decoding=\"async\" class=\"detail-desc-decorate-image aligncenter\" src=\"https:\/\/www.rucashk.com\/wp-content\/uploads\/2021\/08\/H0a44aaa532fe495590e94e75069f3d77Y.jpg\" alt=\"POCO M3 Smartphone\" width=\"950\" height=\"480\" \/><\/div>\n<\/div>\n<div class=\"detailmodule_text-image\">\n<div><img loading=\"lazy\" decoding=\"async\" class=\"detail-desc-decorate-image aligncenter\" src=\"https:\/\/www.rucashk.com\/wp-content\/uploads\/2021\/08\/Hec3569c7ce7946d3a31795c0247b50385.jpg\" alt=\"POCO M3 Smartphone\" width=\"950\" height=\"458\" \/><\/div>\n<\/div>\n<div class=\"detailmodule_text-image\">\n<p class=\"detail-desc-decorate-title\"><img loading=\"lazy\" decoding=\"async\" class=\"detail-desc-decorate-image aligncenter\" src=\"https:\/\/www.rucashk.com\/wp-content\/uploads\/2021\/08\/H84993f24cd144908a6ea8c98ae2a3835O.jpg\" alt=\"POCO M3 Smartphone\" width=\"950\" height=\"694\" \/><\/p>\n<\/div>\n<div class=\"detailmodule_text-image\"><img loading=\"lazy\" decoding=\"async\" class=\"detail-desc-decorate-image aligncenter\" src=\"https:\/\/www.rucashk.com\/wp-content\/uploads\/2021\/08\/Hdee11dbc6b9e4058b569e50555b6c3a2P.jpg\" alt=\"POCO M3 Smartphone\" width=\"950\" height=\"680\" \/><\/div>\n<div><\/div>\n<div style=\"text-align: center\">Smartphone POCO M3<\/div>\n<div style=\"text-align: center\"><\/div>\n<div class=\"detailmodule_text-image\" style=\"text-align: center\">Rucas, distribuidor l\u00edder da Xiaomi em Hong Kong.<br \/>\nFocando no produto de acess\u00f3rios ecol\u00f3gicos de uma marca da China, como Amazfit, Haylou, Ninebot, Roborock, Dreame, Imilab, 70Mai, Deerma. Mantemos centenas de SKU Xiaomi com estoque em dep\u00f3sitos em HK e Shenzhen de forma est\u00e1vel para obter o prazo de entrega mais r\u00e1pido.<\/div>","protected":false},"excerpt":{"rendered":"<ul>\n<li>Processador: Snapdragon 662 Octa Core<\/li>\n<li>Screen: 6.53&#8243; 2340&#215;1080 FHD+ Dot Drop display<\/li>\n<li>RAM + ROM: 4 GB + 64 GB\/4 GB + 128 GB<\/li>\n<li>C\u00e2mera: c\u00e2mera traseira tripla AI de 48 MP + 2 MP + 2 MP, c\u00e2mera frontal de 8 MP<\/li>\n<li>Bateria: 6000mAh (Typ), suporta carregamento r\u00e1pido de 18W, carregador de 22,5W na caixa<\/li>\n<li>SO: MIUI, vers\u00e3o global, suporte para atualiza\u00e7\u00e3o OTA<\/li>\n<li>Outros: WIFI, Bluetooth 5.0, GPS, OTG, R\u00e1dio FM<\/li>\n<li>Conte\u00fado do pacote: POCO M3 \/ Adaptador \/ Cabo USB tipo C \/ Ferramenta de eje\u00e7\u00e3o SIM \/ Estojo flex\u00edvel \/ Guia do usu\u00e1rio<\/li>\n<li>Rede: Full Netcom, Dual SIM Dual Standby (Slot para cart\u00e3o Nano SIM x 2+ Slot para cart\u00e3o Micro SD x 1)<\/li>\n<\/ul>","protected":false},"featured_media":25571,"template":"","meta":[],"product_brand":[],"product_cat":[1295,1298],"product_tag":[],"class_list":{"0":"post-25414","1":"product","2":"type-product","3":"status-publish","4":"has-post-thumbnail","6":"product_cat-mobile-phone","7":"product_cat-poco-mobile-phone","9":"first","10":"instock","11":"shipping-taxable","12":"product-type-simple"},"aioseo_notices":[],"aioseo_head":"\n\t\t<!-- All in One SEO Pro 4.5.9.2 - aioseo.com -->\n\t\t<meta name=\"description\" content=\"CPU: Snapdragon 662 Octa Core Screen: 6.53&quot; 2340x1080 FHD+ Dot Drop display RAM+ROM: 4GB + 64GB\/4GB + 128GB Camera: 48MP+2MP+2MP AI Triple Rear Camera, 8MP Front Camera Battery: 6000mAh(Typ), Supports 18W fast charging, 22.5W Charger In-box OS: MIUI, Global Version, Support OTA Update Other: WIFI, Bluetooth 5.0, GPS, OTG, FM Radio Package Content: POCO M3 \/ Adapter \/ USB Type-C cable \/ SIM Eject Tool \/ Soft Case\/ User Guide Network: Full Netcom, Dual SIM Dual Standby (Nano SIM Card Slot x 2+ Micro SD Card Slot x 1)\" \/>\n\t\t<meta name=\"robots\" content=\"max-image-preview:large\" \/>\n\t\t<link rel=\"canonical\" href=\"https:\/\/www.rucashk.com\/pt\/produto\/poco-m3-smartphone\/\" \/>\n\t\t<meta name=\"generator\" content=\"All in One SEO Pro (AIOSEO) 4.5.9.2\" \/>\n\t\t<meta property=\"og:locale\" content=\"pt_PT\" \/>\n\t\t<meta property=\"og:site_name\" content=\"Rucas - One-stop AIoT Distribution Worldwide\" \/>\n\t\t<meta property=\"og:type\" content=\"article\" \/>\n\t\t<meta property=\"og:title\" content=\"POCO M3 Smartphone - Rucas - Wholesale and Distribution\" \/>\n\t\t<meta property=\"og:description\" content=\"CPU: Snapdragon 662 Octa Core Screen: 6.53&quot; 2340x1080 FHD+ Dot Drop display RAM+ROM: 4GB + 64GB\/4GB + 128GB Camera: 48MP+2MP+2MP AI Triple Rear Camera, 8MP Front Camera Battery: 6000mAh(Typ), Supports 18W fast charging, 22.5W Charger In-box OS: MIUI, Global Version, Support OTA Update Other: WIFI, Bluetooth 5.0, GPS, OTG, FM Radio Package Content: POCO M3 \/ Adapter \/ USB Type-C cable \/ SIM Eject Tool \/ Soft Case\/ User Guide Network: Full Netcom, Dual SIM Dual Standby (Nano SIM Card Slot x 2+ Micro SD Card Slot x 1)\" \/>\n\t\t<meta property=\"og:url\" content=\"https:\/\/www.rucashk.com\/pt\/produto\/poco-m3-smartphone\/\" \/>\n\t\t<meta property=\"og:image\" content=\"https:\/\/www.rucashk.com\/wp-content\/uploads\/replace\/503b8e645f128a97ccde2b6290747646.jpeg\" \/>\n\t\t<meta property=\"og:image:secure_url\" content=\"https:\/\/www.rucashk.com\/wp-content\/uploads\/replace\/503b8e645f128a97ccde2b6290747646.jpeg\" \/>\n\t\t<meta property=\"og:image:width\" content=\"1456\" \/>\n\t\t<meta property=\"og:image:height\" content=\"816\" \/>\n\t\t<meta property=\"article:published_time\" content=\"2024-01-09T16:17:04+00:00\" \/>\n\t\t<meta property=\"article:modified_time\" content=\"2024-01-23T10:11:50+00:00\" \/>\n\t\t<meta name=\"twitter:card\" content=\"summary_large_image\" \/>\n\t\t<meta name=\"twitter:title\" content=\"POCO M3 Smartphone - Rucas - Wholesale and Distribution\" \/>\n\t\t<meta name=\"twitter:description\" content=\"CPU: Snapdragon 662 Octa Core Screen: 6.53&quot; 2340x1080 FHD+ Dot Drop display RAM+ROM: 4GB + 64GB\/4GB + 128GB Camera: 48MP+2MP+2MP AI Triple Rear Camera, 8MP Front Camera Battery: 6000mAh(Typ), Supports 18W fast charging, 22.5W Charger In-box OS: MIUI, Global Version, Support OTA Update Other: WIFI, Bluetooth 5.0, GPS, OTG, FM Radio Package Content: POCO M3 \/ Adapter \/ USB Type-C cable \/ SIM Eject Tool \/ Soft Case\/ User Guide Network: Full Netcom, Dual SIM Dual Standby (Nano SIM Card Slot x 2+ Micro SD Card Slot x 1)\" \/>\n\t\t<meta name=\"twitter:image\" content=\"https:\/\/www.rucashk.com\/wp-content\/uploads\/replace\/503b8e645f128a97ccde2b6290747646.jpeg\" \/>\n\t\t<script type=\"application\/ld+json\" class=\"aioseo-schema\">\n\t\t\t{\"@context\":\"https:\\\/\\\/schema.org\",\"@graph\":[{\"@type\":\"BreadcrumbList\",\"@id\":\"https:\\\/\\\/www.rucashk.com\\\/pt\\\/produto\\\/poco-m3-smartphone\\\/#breadcrumblist\",\"itemListElement\":[{\"@type\":\"ListItem\",\"@id\":\"https:\\\/\\\/www.rucashk.com\\\/pt\\\/#listItem\",\"position\":1,\"name\":\"Home\",\"item\":\"https:\\\/\\\/www.rucashk.com\\\/pt\\\/\",\"nextItem\":\"https:\\\/\\\/www.rucashk.com\\\/pt\\\/produto\\\/poco-m3-smartphone\\\/#listItem\"},{\"@type\":\"ListItem\",\"@id\":\"https:\\\/\\\/www.rucashk.com\\\/pt\\\/produto\\\/poco-m3-smartphone\\\/#listItem\",\"position\":2,\"name\":\"POCO M3 Smartphone\",\"previousItem\":\"https:\\\/\\\/www.rucashk.com\\\/pt\\\/#listItem\"}]},{\"@type\":\"Organization\",\"@id\":\"https:\\\/\\\/www.rucashk.com\\\/pt\\\/#organization\",\"name\":\"Rucas\",\"url\":\"https:\\\/\\\/www.rucashk.com\\\/pt\\\/\",\"logo\":{\"@type\":\"ImageObject\",\"url\":\"https:\\\/\\\/www.rucashk.com\\\/wp-content\\\/uploads\\\/2023\\\/12\\\/Rucas_campany_logo.png\",\"@id\":\"https:\\\/\\\/www.rucashk.com\\\/pt\\\/produto\\\/poco-m3-smartphone\\\/#organizationLogo\",\"width\":221,\"height\":65},\"image\":{\"@id\":\"https:\\\/\\\/www.rucashk.com\\\/pt\\\/#organizationLogo\"}},{\"@type\":\"Person\",\"@id\":\"https:\\\/\\\/www.rucashk.com\\\/pt\\\/author\\\/admin\\\/#author\",\"url\":\"https:\\\/\\\/www.rucashk.com\\\/pt\\\/author\\\/admin\\\/\",\"name\":\"admin\",\"image\":{\"@type\":\"ImageObject\",\"@id\":\"https:\\\/\\\/www.rucashk.com\\\/pt\\\/produto\\\/poco-m3-smartphone\\\/#authorImage\",\"url\":\"https:\\\/\\\/secure.gravatar.com\\\/avatar\\\/b7c8925b09a27e72b30232f8ecaadbd5af0f70a38c78096863fe51b64f031c24?s=96&d=mm&r=g\",\"width\":96,\"height\":96,\"caption\":\"admin\"}},{\"@type\":\"WebPage\",\"@id\":\"https:\\\/\\\/www.rucashk.com\\\/pt\\\/produto\\\/poco-m3-smartphone\\\/#webpage\",\"url\":\"https:\\\/\\\/www.rucashk.com\\\/pt\\\/produto\\\/poco-m3-smartphone\\\/\",\"name\":\"POCO M3 Smartphone - Rucas - Wholesale and Distribution\",\"description\":\"CPU: Snapdragon 662 Octa Core Screen: 6.53\\\" 2340x1080 FHD+ Dot Drop display RAM+ROM: 4GB + 64GB\\\/4GB + 128GB Camera: 48MP+2MP+2MP AI Triple Rear Camera, 8MP Front Camera Battery: 6000mAh(Typ), Supports 18W fast charging, 22.5W Charger In-box OS: MIUI, Global Version, Support OTA Update Other: WIFI, Bluetooth 5.0, GPS, OTG, FM Radio Package Content: POCO M3 \\\/ Adapter \\\/ USB Type-C cable \\\/ SIM Eject Tool \\\/ Soft Case\\\/ User Guide Network: Full Netcom, Dual SIM Dual Standby (Nano SIM Card Slot x 2+ Micro SD Card Slot x 1)\",\"inLanguage\":\"pt-PT\",\"isPartOf\":{\"@id\":\"https:\\\/\\\/www.rucashk.com\\\/pt\\\/#website\"},\"breadcrumb\":{\"@id\":\"https:\\\/\\\/www.rucashk.com\\\/pt\\\/produto\\\/poco-m3-smartphone\\\/#breadcrumblist\"},\"author\":{\"@id\":\"https:\\\/\\\/www.rucashk.com\\\/pt\\\/author\\\/admin\\\/#author\"},\"creator\":{\"@id\":\"https:\\\/\\\/www.rucashk.com\\\/pt\\\/author\\\/admin\\\/#author\"},\"image\":{\"@type\":\"ImageObject\",\"url\":\"https:\\\/\\\/www.rucashk.com\\\/wp-content\\\/uploads\\\/2024\\\/01\\\/POCO-M3-Smartphone-1.png\",\"@id\":\"https:\\\/\\\/www.rucashk.com\\\/pt\\\/produto\\\/poco-m3-smartphone\\\/#mainImage\",\"width\":800,\"height\":800},\"primaryImageOfPage\":{\"@id\":\"https:\\\/\\\/www.rucashk.com\\\/pt\\\/produto\\\/poco-m3-smartphone\\\/#mainImage\"},\"datePublished\":\"2024-01-09T16:17:04+00:00\",\"dateModified\":\"2024-01-23T10:11:50+00:00\"},{\"@type\":\"WebSite\",\"@id\":\"https:\\\/\\\/www.rucashk.com\\\/pt\\\/#website\",\"url\":\"https:\\\/\\\/www.rucashk.com\\\/pt\\\/\",\"name\":\"Rucas - Wholesale and distribution worldwide\",\"alternateName\":\"Rucas - One-stop AIoT Distribution Worldwide\",\"description\":\"One-stop AIoT Distribution Worldwide\",\"inLanguage\":\"pt-PT\",\"publisher\":{\"@id\":\"https:\\\/\\\/www.rucashk.com\\\/pt\\\/#organization\"}}]}\n\t\t<\/script>\n\t\t<!-- All in One SEO Pro -->\r\n\t\t<title>POCO M3 Smartphone - Rucas - Wholesale and Distribution<\/title>\n\n","aioseo_head_json":{"title":"POCO M3 Smartphone - Rucas - Wholesale and Distribution","description":"CPU: Snapdragon 662 Octa Core Screen: 6.53\" 2340x1080 FHD+ Dot Drop display RAM+ROM: 4GB + 64GB\/4GB + 128GB Camera: 48MP+2MP+2MP AI Triple Rear Camera, 8MP Front Camera Battery: 6000mAh(Typ), Supports 18W fast charging, 22.5W Charger In-box OS: MIUI, Global Version, Support OTA Update Other: WIFI, Bluetooth 5.0, GPS, OTG, FM Radio Package Content: POCO M3 \/ Adapter \/ USB Type-C cable \/ SIM Eject Tool \/ Soft Case\/ User Guide Network: Full Netcom, Dual SIM Dual Standby (Nano SIM Card Slot x 2+ Micro SD Card Slot x 1)","canonical_url":"https:\/\/www.rucashk.com\/pt\/produto\/poco-m3-smartphone\/","robots":"max-image-preview:large","keywords":"","webmasterTools":{"miscellaneous":""},"og:locale":"pt_PT","og:site_name":"Rucas - One-stop AIoT Distribution Worldwide","og:type":"article","og:title":"POCO M3 Smartphone - Rucas - Wholesale and Distribution","og:description":"CPU: Snapdragon 662 Octa Core Screen: 6.53&quot; 2340x1080 FHD+ Dot Drop display RAM+ROM: 4GB + 64GB\/4GB + 128GB Camera: 48MP+2MP+2MP AI Triple Rear Camera, 8MP Front Camera Battery: 6000mAh(Typ), Supports 18W fast charging, 22.5W Charger In-box OS: MIUI, Global Version, Support OTA Update Other: WIFI, Bluetooth 5.0, GPS, OTG, FM Radio Package Content: POCO M3 \/ Adapter \/ USB Type-C cable \/ SIM Eject Tool \/ Soft Case\/ User Guide Network: Full Netcom, Dual SIM Dual Standby (Nano SIM Card Slot x 2+ Micro SD Card Slot x 1)","og:url":"https:\/\/www.rucashk.com\/pt\/produto\/poco-m3-smartphone\/","og:image":"https:\/\/www.rucashk.com\/wp-content\/uploads\/replace\/503b8e645f128a97ccde2b6290747646.jpeg","og:image:secure_url":"https:\/\/www.rucashk.com\/wp-content\/uploads\/replace\/503b8e645f128a97ccde2b6290747646.jpeg","og:image:width":1456,"og:image:height":816,"article:published_time":"2024-01-09T16:17:04+00:00","article:modified_time":"2024-01-23T10:11:50+00:00","twitter:card":"summary_large_image","twitter:title":"POCO M3 Smartphone - Rucas - Wholesale and Distribution","twitter:description":"CPU: Snapdragon 662 Octa Core Screen: 6.53&quot; 2340x1080 FHD+ Dot Drop display RAM+ROM: 4GB + 64GB\/4GB + 128GB Camera: 48MP+2MP+2MP AI Triple Rear Camera, 8MP Front Camera Battery: 6000mAh(Typ), Supports 18W fast charging, 22.5W Charger In-box OS: MIUI, Global Version, Support OTA Update Other: WIFI, Bluetooth 5.0, GPS, OTG, FM Radio Package Content: POCO M3 \/ Adapter \/ USB Type-C cable \/ SIM Eject Tool \/ Soft Case\/ User Guide Network: Full Netcom, Dual SIM Dual Standby (Nano SIM Card Slot x 2+ Micro SD Card Slot x 1)","twitter:image":"https:\/\/www.rucashk.com\/wp-content\/uploads\/replace\/503b8e645f128a97ccde2b6290747646.jpeg","schema":{"@context":"https:\/\/schema.org","@graph":[{"@type":"BreadcrumbList","@id":"https:\/\/www.rucashk.com\/pt\/produto\/poco-m3-smartphone\/#breadcrumblist","itemListElement":[{"@type":"ListItem","@id":"https:\/\/www.rucashk.com\/pt\/#listItem","position":1,"name":"Home","item":"https:\/\/www.rucashk.com\/pt\/","nextItem":"https:\/\/www.rucashk.com\/pt\/produto\/poco-m3-smartphone\/#listItem"},{"@type":"ListItem","@id":"https:\/\/www.rucashk.com\/pt\/produto\/poco-m3-smartphone\/#listItem","position":2,"name":"POCO M3 Smartphone","previousItem":"https:\/\/www.rucashk.com\/pt\/#listItem"}]},{"@type":"Organization","@id":"https:\/\/www.rucashk.com\/pt\/#organization","name":"Rucas","url":"https:\/\/www.rucashk.com\/pt\/","logo":{"@type":"ImageObject","url":"https:\/\/www.rucashk.com\/wp-content\/uploads\/2023\/12\/Rucas_campany_logo.png","@id":"https:\/\/www.rucashk.com\/pt\/produto\/poco-m3-smartphone\/#organizationLogo","width":221,"height":65},"image":{"@id":"https:\/\/www.rucashk.com\/pt\/#organizationLogo"}},{"@type":"Person","@id":"https:\/\/www.rucashk.com\/pt\/author\/admin\/#author","url":"https:\/\/www.rucashk.com\/pt\/author\/admin\/","name":"admin","image":{"@type":"ImageObject","@id":"https:\/\/www.rucashk.com\/pt\/produto\/poco-m3-smartphone\/#authorImage","url":"https:\/\/secure.gravatar.com\/avatar\/b7c8925b09a27e72b30232f8ecaadbd5af0f70a38c78096863fe51b64f031c24?s=96&d=mm&r=g","width":96,"height":96,"caption":"admin"}},{"@type":"WebPage","@id":"https:\/\/www.rucashk.com\/pt\/produto\/poco-m3-smartphone\/#webpage","url":"https:\/\/www.rucashk.com\/pt\/produto\/poco-m3-smartphone\/","name":"POCO M3 Smartphone - Rucas - Wholesale and Distribution","description":"CPU: Snapdragon 662 Octa Core Screen: 6.53\" 2340x1080 FHD+ Dot Drop display RAM+ROM: 4GB + 64GB\/4GB + 128GB Camera: 48MP+2MP+2MP AI Triple Rear Camera, 8MP Front Camera Battery: 6000mAh(Typ), Supports 18W fast charging, 22.5W Charger In-box OS: MIUI, Global Version, Support OTA Update Other: WIFI, Bluetooth 5.0, GPS, OTG, FM Radio Package Content: POCO M3 \/ Adapter \/ USB Type-C cable \/ SIM Eject Tool \/ Soft Case\/ User Guide Network: Full Netcom, Dual SIM Dual Standby (Nano SIM Card Slot x 2+ Micro SD Card Slot x 1)","inLanguage":"pt-PT","isPartOf":{"@id":"https:\/\/www.rucashk.com\/pt\/#website"},"breadcrumb":{"@id":"https:\/\/www.rucashk.com\/pt\/produto\/poco-m3-smartphone\/#breadcrumblist"},"author":{"@id":"https:\/\/www.rucashk.com\/pt\/author\/admin\/#author"},"creator":{"@id":"https:\/\/www.rucashk.com\/pt\/author\/admin\/#author"},"image":{"@type":"ImageObject","url":"https:\/\/www.rucashk.com\/wp-content\/uploads\/2024\/01\/POCO-M3-Smartphone-1.png","@id":"https:\/\/www.rucashk.com\/pt\/produto\/poco-m3-smartphone\/#mainImage","width":800,"height":800},"primaryImageOfPage":{"@id":"https:\/\/www.rucashk.com\/pt\/produto\/poco-m3-smartphone\/#mainImage"},"datePublished":"2024-01-09T16:17:04+00:00","dateModified":"2024-01-23T10:11:50+00:00"},{"@type":"WebSite","@id":"https:\/\/www.rucashk.com\/pt\/#website","url":"https:\/\/www.rucashk.com\/pt\/","name":"Rucas - Wholesale and distribution worldwide","alternateName":"Rucas - One-stop AIoT Distribution Worldwide","description":"One-stop AIoT Distribution Worldwide","inLanguage":"pt-PT","publisher":{"@id":"https:\/\/www.rucashk.com\/pt\/#organization"}}]}},"aioseo_meta_data":{"post_id":"25414","title":null,"description":null,"keywords":null,"keyphrases":null,"primary_term":null,"canonical_url":null,"og_title":null,"og_description":null,"og_object_type":"default","og_image_type":"default","og_image_url":null,"og_image_width":null,"og_image_height":null,"og_image_custom_url":null,"og_image_custom_fields":null,"og_video":null,"og_custom_url":null,"og_article_section":null,"og_article_tags":null,"twitter_use_og":false,"twitter_card":"default","twitter_image_type":"default","twitter_image_url":null,"twitter_image_custom_url":null,"twitter_image_custom_fields":null,"twitter_title":null,"twitter_description":null,"schema":{"blockGraphs":[],"customGraphs":[],"default":{"data":{"Article":[],"Course":[],"Dataset":[],"FAQPage":[],"Movie":[],"Person":[],"Product":[],"Recipe":[],"Service":[],"SoftwareApplication":[],"WebPage":[]},"graphName":"","isEnabled":true},"graphs":[]},"schema_type":"default","schema_type_options":null,"pillar_content":false,"robots_default":true,"robots_noindex":false,"robots_noarchive":false,"robots_nosnippet":false,"robots_nofollow":false,"robots_noimageindex":false,"robots_noodp":false,"robots_notranslate":false,"robots_max_snippet":null,"robots_max_videopreview":null,"robots_max_imagepreview":"large","priority":null,"frequency":null,"local_seo":null,"breadcrumb_settings":null,"limit_modified_date":false,"created":"2024-04-11 01:57:18","updated":"2025-06-22 17:55:04"},"aioseo_breadcrumb":"<div class=\"aioseo-breadcrumbs\"><span class=\"aioseo-breadcrumb\">\n\t<a href=\"https:\/\/www.rucashk.com\/pt\" title=\"Home\">Home<\/a>\n<\/span><span class=\"aioseo-breadcrumb-separator\">&raquo;<\/span><span class=\"aioseo-breadcrumb\">\n\t<a href=\"https:\/\/www.rucashk.com\/pt\/products\/\" title=\"Produtos\">Produtos<\/a>\n<\/span><span class=\"aioseo-breadcrumb-separator\">&raquo;<\/span><span class=\"aioseo-breadcrumb\">\n\t<a href=\"https:\/\/www.rucashk.com\/pt\/categoria-produto\/mobile-phone\/\" title=\"Mobile Phone\">Mobile Phone<\/a>\n<\/span><span class=\"aioseo-breadcrumb-separator\">&raquo;<\/span><span class=\"aioseo-breadcrumb\">\n\t<a href=\"https:\/\/www.rucashk.com\/pt\/categoria-produto\/mobile-phone\/poco-mobile-phone\/\" title=\"Poco\">Poco<\/a>\n<\/span><span class=\"aioseo-breadcrumb-separator\">&raquo;<\/span><span class=\"aioseo-breadcrumb\">\n\tPOCO M3 Smartphone\n<\/span><\/div>","aioseo_breadcrumb_json":[{"label":"Home","link":"https:\/\/www.rucashk.com\/pt"},{"label":"Produtos","link":"https:\/\/www.rucashk.com\/pt\/products\/"},{"label":"Mobile Phone","link":"https:\/\/www.rucashk.com\/pt\/categoria-produto\/mobile-phone\/"},{"label":"Poco","link":"https:\/\/www.rucashk.com\/pt\/categoria-produto\/mobile-phone\/poco-mobile-phone\/"},{"label":"POCO M3 Smartphone","link":"https:\/\/www.rucashk.com\/pt\/produto\/poco-m3-smartphone\/"}],"_links":{"self":[{"href":"https:\/\/www.rucashk.com\/pt\/wp-json\/wp\/v2\/product\/25414","targetHints":{"allow":["GET"]}}],"collection":[{"href":"https:\/\/www.rucashk.com\/pt\/wp-json\/wp\/v2\/product"}],"about":[{"href":"https:\/\/www.rucashk.com\/pt\/wp-json\/wp\/v2\/types\/product"}],"wp:featuredmedia":[{"embeddable":true,"href":"https:\/\/www.rucashk.com\/pt\/wp-json\/wp\/v2\/media\/25571"}],"wp:attachment":[{"href":"https:\/\/www.rucashk.com\/pt\/wp-json\/wp\/v2\/media?parent=25414"}],"wp:term":[{"taxonomy":"product_brand","embeddable":true,"href":"https:\/\/www.rucashk.com\/pt\/wp-json\/wp\/v2\/product_brand?post=25414"},{"taxonomy":"product_cat","embeddable":true,"href":"https:\/\/www.rucashk.com\/pt\/wp-json\/wp\/v2\/product_cat?post=25414"},{"taxonomy":"product_tag","embeddable":true,"href":"https:\/\/www.rucashk.com\/pt\/wp-json\/wp\/v2\/product_tag?post=25414"}],"curies":[{"name":"wp","href":"https:\/\/api.w.org\/{rel}","templated":true}]}}