{"id":25411,"date":"2024-01-09T16:17:03","date_gmt":"2024-01-09T16:17:03","guid":{"rendered":"http:\/\/rucashk.com\/?post_type=product&#038;p=25411"},"modified":"2025-06-22T07:37:18","modified_gmt":"2025-06-22T07:37:18","slug":"xiao-mi-portable-bluetooth-speaker-global","status":"publish","type":"product","link":"https:\/\/www.rucashk.com\/pt\/produto\/xiao-mi-portable-bluetooth-speaker-global\/","title":{"rendered":"Alto-falante port\u00e1til Bluetooth Xiao Mi global"},"content":{"rendered":"<p align=\"center\" data-spm-anchor-id=\"a2g0o.detail.1000023.i5.64641dc2emdq0m\"><img fetchpriority=\"high\" decoding=\"async\" class=\"aligncenter\" src=\"https:\/\/www.rucashk.com\/wp-content\/uploads\/2021\/08\/U15bdcc99cca14b82b051b41bab748f5fz.jpg\" alt=\"Xiao Mi Portable Bluetooth Speaker Global\" width=\"1797\" height=\"8912\" data-spm-anchor-id=\"a2g0o.detail.1000023.i3.64641dc2emdq0m\" \/><img decoding=\"async\" class=\"aligncenter\" src=\"https:\/\/www.rucashk.com\/wp-content\/uploads\/2021\/08\/Ue69029c1a3044e409d33198b4872e4d7a.jpg\" alt=\"Xiao Mi Portable Bluetooth Speaker Global\" width=\"1574\" height=\"2565\" data-spm-anchor-id=\"a2g0o.detail.1000023.i2.64641dc2emdq0m\" \/><\/p>\n<p align=\"center\" data-spm-anchor-id=\"a2g0o.detail.1000023.i5.64641dc2emdq0m\">Alto-falante port\u00e1til Bluetooth Xiao Mi global<\/p>\n<p style=\"text-align: center\" align=\"center\" data-spm-anchor-id=\"a2g0o.detail.1000023.i5.64641dc2emdq0m\">Rucas, distribuidor l\u00edder da Xiaomi em Hong Kong.<br \/>\ncom foco no produto de acess\u00f3rios ecol\u00f3gicos da marca China A, como Amazfit, Haylou, Ninebot, Roborock, Dreame, Imilab, 70Mai, Deerma. Mantemos centenas de SKU Xiaomi com estoque em dep\u00f3sitos em HK e Shenzhen de forma est\u00e1vel para obter o prazo de entrega mais r\u00e1pido.<\/p>","protected":false},"excerpt":{"rendered":"<p>1. A perfect portable bluetooth speaker<\/p>\n<p>2. True Wireless Stereo<\/p>\n<p>3. Bluetooth5.0<\/p>\n<p>4. Stable connection smooth music flow<\/p>\n<p>5. IPX7 Waterproof<\/p>\n<p>6. Easy To Carry<\/p>\n<p>7. Charge once, listen for 13 hours<\/p>\n<p>8. Built-in Microphone<\/p>","protected":false},"featured_media":25551,"template":"","meta":[],"product_brand":[1363],"product_cat":[1318,1305],"product_tag":[],"class_list":{"0":"post-25411","1":"product","2":"type-product","3":"status-publish","4":"has-post-thumbnail","6":"product_brand-xiaomi","7":"product_cat-gadgets","8":"product_cat-xiaomi-eco","10":"first","11":"instock","12":"shipping-taxable","13":"product-type-simple"},"aioseo_notices":[],"aioseo_head":"\n\t\t<!-- All in One SEO Pro 4.5.9.2 - aioseo.com -->\n\t\t<meta name=\"description\" content=\"1. A perfect portable bluetooth speaker 2. True Wireless Stereo 3. Bluetooth5.0 4. Stable connection smooth music flow 5. IPX7 Waterproof 6. Easy To Carry 7. Charge once, listen for 13 hours 8. Built-in Microphone\" \/>\n\t\t<meta name=\"robots\" content=\"max-image-preview:large\" \/>\n\t\t<link rel=\"canonical\" href=\"https:\/\/www.rucashk.com\/pt\/produto\/xiao-mi-portable-bluetooth-speaker-global\/\" \/>\n\t\t<meta name=\"generator\" content=\"All in One SEO Pro (AIOSEO) 4.5.9.2\" \/>\n\t\t<meta property=\"og:locale\" content=\"pt_PT\" \/>\n\t\t<meta property=\"og:site_name\" content=\"Rucas - One-stop AIoT Distribution Worldwide\" \/>\n\t\t<meta property=\"og:type\" content=\"article\" \/>\n\t\t<meta property=\"og:title\" content=\"Xiao Mi Portable Bluetooth Speaker Global - Rucas - Wholesale and Distribution\" \/>\n\t\t<meta property=\"og:description\" content=\"1. A perfect portable bluetooth speaker 2. True Wireless Stereo 3. Bluetooth5.0 4. Stable connection smooth music flow 5. IPX7 Waterproof 6. Easy To Carry 7. Charge once, listen for 13 hours 8. Built-in Microphone\" \/>\n\t\t<meta property=\"og:url\" content=\"https:\/\/www.rucashk.com\/pt\/produto\/xiao-mi-portable-bluetooth-speaker-global\/\" \/>\n\t\t<meta property=\"og:image\" content=\"https:\/\/www.rucashk.com\/wp-content\/uploads\/replace\/503b8e645f128a97ccde2b6290747646.jpeg\" \/>\n\t\t<meta property=\"og:image:secure_url\" content=\"https:\/\/www.rucashk.com\/wp-content\/uploads\/replace\/503b8e645f128a97ccde2b6290747646.jpeg\" \/>\n\t\t<meta property=\"og:image:width\" content=\"1456\" \/>\n\t\t<meta property=\"og:image:height\" content=\"816\" \/>\n\t\t<meta property=\"article:published_time\" content=\"2024-01-09T16:17:03+00:00\" \/>\n\t\t<meta property=\"article:modified_time\" content=\"2025-06-22T07:37:18+00:00\" \/>\n\t\t<meta name=\"twitter:card\" content=\"summary_large_image\" \/>\n\t\t<meta name=\"twitter:title\" content=\"Xiao Mi Portable Bluetooth Speaker Global - Rucas - Wholesale and Distribution\" \/>\n\t\t<meta name=\"twitter:description\" content=\"1. A perfect portable bluetooth speaker 2. True Wireless Stereo 3. Bluetooth5.0 4. Stable connection smooth music flow 5. IPX7 Waterproof 6. Easy To Carry 7. Charge once, listen for 13 hours 8. Built-in Microphone\" \/>\n\t\t<meta name=\"twitter:image\" content=\"https:\/\/www.rucashk.com\/wp-content\/uploads\/replace\/503b8e645f128a97ccde2b6290747646.jpeg\" \/>\n\t\t<script type=\"application\/ld+json\" class=\"aioseo-schema\">\n\t\t\t{\"@context\":\"https:\\\/\\\/schema.org\",\"@graph\":[{\"@type\":\"BreadcrumbList\",\"@id\":\"https:\\\/\\\/www.rucashk.com\\\/pt\\\/produto\\\/xiao-mi-portable-bluetooth-speaker-global\\\/#breadcrumblist\",\"itemListElement\":[{\"@type\":\"ListItem\",\"@id\":\"https:\\\/\\\/www.rucashk.com\\\/pt\\\/#listItem\",\"position\":1,\"name\":\"Home\",\"item\":\"https:\\\/\\\/www.rucashk.com\\\/pt\\\/\",\"nextItem\":\"https:\\\/\\\/www.rucashk.com\\\/pt\\\/produto\\\/xiao-mi-portable-bluetooth-speaker-global\\\/#listItem\"},{\"@type\":\"ListItem\",\"@id\":\"https:\\\/\\\/www.rucashk.com\\\/pt\\\/produto\\\/xiao-mi-portable-bluetooth-speaker-global\\\/#listItem\",\"position\":2,\"name\":\"Xiao Mi Portable Bluetooth Speaker Global\",\"previousItem\":\"https:\\\/\\\/www.rucashk.com\\\/pt\\\/#listItem\"}]},{\"@type\":\"Organization\",\"@id\":\"https:\\\/\\\/www.rucashk.com\\\/pt\\\/#organization\",\"name\":\"Rucas\",\"url\":\"https:\\\/\\\/www.rucashk.com\\\/pt\\\/\",\"logo\":{\"@type\":\"ImageObject\",\"url\":\"https:\\\/\\\/www.rucashk.com\\\/wp-content\\\/uploads\\\/2023\\\/12\\\/Rucas_campany_logo.png\",\"@id\":\"https:\\\/\\\/www.rucashk.com\\\/pt\\\/produto\\\/xiao-mi-portable-bluetooth-speaker-global\\\/#organizationLogo\",\"width\":221,\"height\":65},\"image\":{\"@id\":\"https:\\\/\\\/www.rucashk.com\\\/pt\\\/#organizationLogo\"}},{\"@type\":\"Person\",\"@id\":\"https:\\\/\\\/www.rucashk.com\\\/pt\\\/author\\\/admin\\\/#author\",\"url\":\"https:\\\/\\\/www.rucashk.com\\\/pt\\\/author\\\/admin\\\/\",\"name\":\"admin\",\"image\":{\"@type\":\"ImageObject\",\"@id\":\"https:\\\/\\\/www.rucashk.com\\\/pt\\\/produto\\\/xiao-mi-portable-bluetooth-speaker-global\\\/#authorImage\",\"url\":\"https:\\\/\\\/secure.gravatar.com\\\/avatar\\\/b7c8925b09a27e72b30232f8ecaadbd5af0f70a38c78096863fe51b64f031c24?s=96&d=mm&r=g\",\"width\":96,\"height\":96,\"caption\":\"admin\"}},{\"@type\":\"WebPage\",\"@id\":\"https:\\\/\\\/www.rucashk.com\\\/pt\\\/produto\\\/xiao-mi-portable-bluetooth-speaker-global\\\/#webpage\",\"url\":\"https:\\\/\\\/www.rucashk.com\\\/pt\\\/produto\\\/xiao-mi-portable-bluetooth-speaker-global\\\/\",\"name\":\"Xiao Mi Portable Bluetooth Speaker Global - Rucas - Wholesale and Distribution\",\"description\":\"1. A perfect portable bluetooth speaker 2. True Wireless Stereo 3. Bluetooth5.0 4. Stable connection smooth music flow 5. IPX7 Waterproof 6. Easy To Carry 7. Charge once, listen for 13 hours 8. Built-in Microphone\",\"inLanguage\":\"pt-PT\",\"isPartOf\":{\"@id\":\"https:\\\/\\\/www.rucashk.com\\\/pt\\\/#website\"},\"breadcrumb\":{\"@id\":\"https:\\\/\\\/www.rucashk.com\\\/pt\\\/produto\\\/xiao-mi-portable-bluetooth-speaker-global\\\/#breadcrumblist\"},\"author\":{\"@id\":\"https:\\\/\\\/www.rucashk.com\\\/pt\\\/author\\\/admin\\\/#author\"},\"creator\":{\"@id\":\"https:\\\/\\\/www.rucashk.com\\\/pt\\\/author\\\/admin\\\/#author\"},\"image\":{\"@type\":\"ImageObject\",\"url\":\"https:\\\/\\\/www.rucashk.com\\\/wp-content\\\/uploads\\\/2024\\\/01\\\/Xiao-Mi-Portable-Bluetooth-Speaker-Global-1.jpg\",\"@id\":\"https:\\\/\\\/www.rucashk.com\\\/pt\\\/produto\\\/xiao-mi-portable-bluetooth-speaker-global\\\/#mainImage\",\"width\":800,\"height\":800},\"primaryImageOfPage\":{\"@id\":\"https:\\\/\\\/www.rucashk.com\\\/pt\\\/produto\\\/xiao-mi-portable-bluetooth-speaker-global\\\/#mainImage\"},\"datePublished\":\"2024-01-09T16:17:03+00:00\",\"dateModified\":\"2025-06-22T07:37:18+00:00\"},{\"@type\":\"WebSite\",\"@id\":\"https:\\\/\\\/www.rucashk.com\\\/pt\\\/#website\",\"url\":\"https:\\\/\\\/www.rucashk.com\\\/pt\\\/\",\"name\":\"Rucas - Wholesale and distribution worldwide\",\"alternateName\":\"Rucas - One-stop AIoT Distribution Worldwide\",\"description\":\"One-stop AIoT Distribution Worldwide\",\"inLanguage\":\"pt-PT\",\"publisher\":{\"@id\":\"https:\\\/\\\/www.rucashk.com\\\/pt\\\/#organization\"}}]}\n\t\t<\/script>\n\t\t<!-- All in One SEO Pro -->\r\n\t\t<title>Xiao Mi Portable Bluetooth Speaker Global - Rucas - Wholesale and Distribution<\/title>\n\n","aioseo_head_json":{"title":"Xiao Mi Portable Bluetooth Speaker Global - Rucas - Wholesale and Distribution","description":"1. A perfect portable bluetooth speaker 2. True Wireless Stereo 3. Bluetooth5.0 4. Stable connection smooth music flow 5. IPX7 Waterproof 6. Easy To Carry 7. Charge once, listen for 13 hours 8. Built-in Microphone","canonical_url":"https:\/\/www.rucashk.com\/pt\/produto\/xiao-mi-portable-bluetooth-speaker-global\/","robots":"max-image-preview:large","keywords":"","webmasterTools":{"miscellaneous":""},"og:locale":"pt_PT","og:site_name":"Rucas - One-stop AIoT Distribution Worldwide","og:type":"article","og:title":"Xiao Mi Portable Bluetooth Speaker Global - Rucas - Wholesale and Distribution","og:description":"1. A perfect portable bluetooth speaker 2. True Wireless Stereo 3. Bluetooth5.0 4. Stable connection smooth music flow 5. IPX7 Waterproof 6. Easy To Carry 7. Charge once, listen for 13 hours 8. Built-in Microphone","og:url":"https:\/\/www.rucashk.com\/pt\/produto\/xiao-mi-portable-bluetooth-speaker-global\/","og:image":"https:\/\/www.rucashk.com\/wp-content\/uploads\/replace\/503b8e645f128a97ccde2b6290747646.jpeg","og:image:secure_url":"https:\/\/www.rucashk.com\/wp-content\/uploads\/replace\/503b8e645f128a97ccde2b6290747646.jpeg","og:image:width":1456,"og:image:height":816,"article:published_time":"2024-01-09T16:17:03+00:00","article:modified_time":"2025-06-22T07:37:18+00:00","twitter:card":"summary_large_image","twitter:title":"Xiao Mi Portable Bluetooth Speaker Global - Rucas - Wholesale and Distribution","twitter:description":"1. A perfect portable bluetooth speaker 2. True Wireless Stereo 3. Bluetooth5.0 4. Stable connection smooth music flow 5. IPX7 Waterproof 6. Easy To Carry 7. Charge once, listen for 13 hours 8. Built-in Microphone","twitter:image":"https:\/\/www.rucashk.com\/wp-content\/uploads\/replace\/503b8e645f128a97ccde2b6290747646.jpeg","schema":{"@context":"https:\/\/schema.org","@graph":[{"@type":"BreadcrumbList","@id":"https:\/\/www.rucashk.com\/pt\/produto\/xiao-mi-portable-bluetooth-speaker-global\/#breadcrumblist","itemListElement":[{"@type":"ListItem","@id":"https:\/\/www.rucashk.com\/pt\/#listItem","position":1,"name":"Home","item":"https:\/\/www.rucashk.com\/pt\/","nextItem":"https:\/\/www.rucashk.com\/pt\/produto\/xiao-mi-portable-bluetooth-speaker-global\/#listItem"},{"@type":"ListItem","@id":"https:\/\/www.rucashk.com\/pt\/produto\/xiao-mi-portable-bluetooth-speaker-global\/#listItem","position":2,"name":"Xiao Mi Portable Bluetooth Speaker Global","previousItem":"https:\/\/www.rucashk.com\/pt\/#listItem"}]},{"@type":"Organization","@id":"https:\/\/www.rucashk.com\/pt\/#organization","name":"Rucas","url":"https:\/\/www.rucashk.com\/pt\/","logo":{"@type":"ImageObject","url":"https:\/\/www.rucashk.com\/wp-content\/uploads\/2023\/12\/Rucas_campany_logo.png","@id":"https:\/\/www.rucashk.com\/pt\/produto\/xiao-mi-portable-bluetooth-speaker-global\/#organizationLogo","width":221,"height":65},"image":{"@id":"https:\/\/www.rucashk.com\/pt\/#organizationLogo"}},{"@type":"Person","@id":"https:\/\/www.rucashk.com\/pt\/author\/admin\/#author","url":"https:\/\/www.rucashk.com\/pt\/author\/admin\/","name":"admin","image":{"@type":"ImageObject","@id":"https:\/\/www.rucashk.com\/pt\/produto\/xiao-mi-portable-bluetooth-speaker-global\/#authorImage","url":"https:\/\/secure.gravatar.com\/avatar\/b7c8925b09a27e72b30232f8ecaadbd5af0f70a38c78096863fe51b64f031c24?s=96&d=mm&r=g","width":96,"height":96,"caption":"admin"}},{"@type":"WebPage","@id":"https:\/\/www.rucashk.com\/pt\/produto\/xiao-mi-portable-bluetooth-speaker-global\/#webpage","url":"https:\/\/www.rucashk.com\/pt\/produto\/xiao-mi-portable-bluetooth-speaker-global\/","name":"Xiao Mi Portable Bluetooth Speaker Global - Rucas - Wholesale and Distribution","description":"1. A perfect portable bluetooth speaker 2. True Wireless Stereo 3. Bluetooth5.0 4. Stable connection smooth music flow 5. IPX7 Waterproof 6. Easy To Carry 7. Charge once, listen for 13 hours 8. Built-in Microphone","inLanguage":"pt-PT","isPartOf":{"@id":"https:\/\/www.rucashk.com\/pt\/#website"},"breadcrumb":{"@id":"https:\/\/www.rucashk.com\/pt\/produto\/xiao-mi-portable-bluetooth-speaker-global\/#breadcrumblist"},"author":{"@id":"https:\/\/www.rucashk.com\/pt\/author\/admin\/#author"},"creator":{"@id":"https:\/\/www.rucashk.com\/pt\/author\/admin\/#author"},"image":{"@type":"ImageObject","url":"https:\/\/www.rucashk.com\/wp-content\/uploads\/2024\/01\/Xiao-Mi-Portable-Bluetooth-Speaker-Global-1.jpg","@id":"https:\/\/www.rucashk.com\/pt\/produto\/xiao-mi-portable-bluetooth-speaker-global\/#mainImage","width":800,"height":800},"primaryImageOfPage":{"@id":"https:\/\/www.rucashk.com\/pt\/produto\/xiao-mi-portable-bluetooth-speaker-global\/#mainImage"},"datePublished":"2024-01-09T16:17:03+00:00","dateModified":"2025-06-22T07:37:18+00:00"},{"@type":"WebSite","@id":"https:\/\/www.rucashk.com\/pt\/#website","url":"https:\/\/www.rucashk.com\/pt\/","name":"Rucas - Wholesale and distribution worldwide","alternateName":"Rucas - One-stop AIoT Distribution Worldwide","description":"One-stop AIoT Distribution Worldwide","inLanguage":"pt-PT","publisher":{"@id":"https:\/\/www.rucashk.com\/pt\/#organization"}}]}},"aioseo_meta_data":{"post_id":"25411","title":null,"description":null,"keywords":null,"keyphrases":null,"primary_term":null,"canonical_url":null,"og_title":null,"og_description":null,"og_object_type":"default","og_image_type":"default","og_image_url":null,"og_image_width":null,"og_image_height":null,"og_image_custom_url":null,"og_image_custom_fields":null,"og_video":null,"og_custom_url":null,"og_article_section":null,"og_article_tags":null,"twitter_use_og":false,"twitter_card":"default","twitter_image_type":"default","twitter_image_url":null,"twitter_image_custom_url":null,"twitter_image_custom_fields":null,"twitter_title":null,"twitter_description":null,"schema":{"blockGraphs":[],"customGraphs":[],"default":{"data":{"Article":[],"Course":[],"Dataset":[],"FAQPage":[],"Movie":[],"Person":[],"Product":[],"Recipe":[],"Service":[],"SoftwareApplication":[],"WebPage":[]},"graphName":"","isEnabled":true},"graphs":[]},"schema_type":"default","schema_type_options":null,"pillar_content":false,"robots_default":true,"robots_noindex":false,"robots_noarchive":false,"robots_nosnippet":false,"robots_nofollow":false,"robots_noimageindex":false,"robots_noodp":false,"robots_notranslate":false,"robots_max_snippet":null,"robots_max_videopreview":null,"robots_max_imagepreview":"large","priority":null,"frequency":null,"local_seo":null,"breadcrumb_settings":null,"limit_modified_date":false,"created":"2024-04-11 01:57:18","updated":"2025-06-22 17:55:03"},"aioseo_breadcrumb":"<div class=\"aioseo-breadcrumbs\"><span class=\"aioseo-breadcrumb\">\n\t<a href=\"https:\/\/www.rucashk.com\/pt\" title=\"Home\">Home<\/a>\n<\/span><span class=\"aioseo-breadcrumb-separator\">&raquo;<\/span><span class=\"aioseo-breadcrumb\">\n\t<a href=\"https:\/\/www.rucashk.com\/pt\/products\/\" title=\"Produtos\">Produtos<\/a>\n<\/span><span class=\"aioseo-breadcrumb-separator\">&raquo;<\/span><span class=\"aioseo-breadcrumb\">\n\t<a href=\"https:\/\/www.rucashk.com\/pt\/marca\/xiaomi\/\" title=\"Xiaomi\">Xiaomi<\/a>\n<\/span><span class=\"aioseo-breadcrumb-separator\">&raquo;<\/span><span class=\"aioseo-breadcrumb\">\n\tXiao Mi Portable Bluetooth Speaker Global\n<\/span><\/div>","aioseo_breadcrumb_json":[{"label":"Home","link":"https:\/\/www.rucashk.com\/pt"},{"label":"Produtos","link":"https:\/\/www.rucashk.com\/pt\/products\/"},{"label":"Xiaomi","link":"https:\/\/www.rucashk.com\/pt\/marca\/xiaomi\/"},{"label":"Xiao Mi Portable Bluetooth Speaker Global","link":"https:\/\/www.rucashk.com\/pt\/produto\/xiao-mi-portable-bluetooth-speaker-global\/"}],"_links":{"self":[{"href":"https:\/\/www.rucashk.com\/pt\/wp-json\/wp\/v2\/product\/25411","targetHints":{"allow":["GET"]}}],"collection":[{"href":"https:\/\/www.rucashk.com\/pt\/wp-json\/wp\/v2\/product"}],"about":[{"href":"https:\/\/www.rucashk.com\/pt\/wp-json\/wp\/v2\/types\/product"}],"wp:featuredmedia":[{"embeddable":true,"href":"https:\/\/www.rucashk.com\/pt\/wp-json\/wp\/v2\/media\/25551"}],"wp:attachment":[{"href":"https:\/\/www.rucashk.com\/pt\/wp-json\/wp\/v2\/media?parent=25411"}],"wp:term":[{"taxonomy":"product_brand","embeddable":true,"href":"https:\/\/www.rucashk.com\/pt\/wp-json\/wp\/v2\/product_brand?post=25411"},{"taxonomy":"product_cat","embeddable":true,"href":"https:\/\/www.rucashk.com\/pt\/wp-json\/wp\/v2\/product_cat?post=25411"},{"taxonomy":"product_tag","embeddable":true,"href":"https:\/\/www.rucashk.com\/pt\/wp-json\/wp\/v2\/product_tag?post=25411"}],"curies":[{"name":"wp","href":"https:\/\/api.w.org\/{rel}","templated":true}]}}