{"id":25410,"date":"2024-01-09T16:17:03","date_gmt":"2024-01-09T16:17:03","guid":{"rendered":"http:\/\/rucashk.com\/?post_type=product&#038;p=25410"},"modified":"2025-06-22T07:37:18","modified_gmt":"2025-06-22T07:37:18","slug":"redmi-note10-pro-smartphone","status":"publish","type":"product","link":"https:\/\/www.rucashk.com\/pt\/produto\/redmi-note10-pro-smartphone\/","title":{"rendered":"Smartphone Redmi Note10 Pro"},"content":{"rendered":"<div class=\"detailmodule_text\">\n<p class=\"detail-desc-decorate-content\" data-spm-anchor-id=\"a2g0o.detail.1000023.i2.5e377551AHTl6v\">\n<\/div>\n<div class=\"detailmodule_image\"><img fetchpriority=\"high\" decoding=\"async\" class=\"detail-desc-decorate-image aligncenter\" src=\"https:\/\/www.rucashk.com\/wp-content\/uploads\/2021\/08\/H47c9c279306e40b4acd836445a083034U.jpg\" alt=\"Redmi Note10 Pro Smartphone\" width=\"1500\" height=\"1500\" \/><img decoding=\"async\" class=\"detail-desc-decorate-image aligncenter\" src=\"https:\/\/www.rucashk.com\/wp-content\/uploads\/2021\/08\/H5f026ab5866c422caacc2781d487c010f.jpg\" alt=\"Redmi Note10 Pro Smartphone\" width=\"1500\" height=\"1500\" \/><img decoding=\"async\" class=\"detail-desc-decorate-image aligncenter\" src=\"https:\/\/www.rucashk.com\/wp-content\/uploads\/2021\/08\/H684442e3f2d344718edd39249a927b10i.jpg\" alt=\"Redmi Note10 Pro Smartphone\" width=\"1500\" height=\"1500\" \/><img loading=\"lazy\" decoding=\"async\" class=\"detail-desc-decorate-image aligncenter\" src=\"https:\/\/www.rucashk.com\/wp-content\/uploads\/2021\/08\/H8a53e7191e7241a585808c12175bc07eE.jpg\" alt=\"Redmi Note10 Pro Smartphone\" width=\"1500\" height=\"1500\" \/><img loading=\"lazy\" decoding=\"async\" class=\"detail-desc-decorate-image aligncenter\" src=\"https:\/\/www.rucashk.com\/wp-content\/uploads\/2021\/08\/H3c7eeaf7649e44d28e9c23fe44982a97C.jpg\" alt=\"Redmi Note10 Pro Smartphone\" width=\"1500\" height=\"1500\" \/><img loading=\"lazy\" decoding=\"async\" class=\"detail-desc-decorate-image aligncenter\" src=\"https:\/\/www.rucashk.com\/wp-content\/uploads\/2021\/08\/H1bb426bbd1484f7383360dfe751817912.jpg\" alt=\"Redmi Note10 Pro Smartphone\" width=\"1500\" height=\"1500\" \/><img loading=\"lazy\" decoding=\"async\" class=\"detail-desc-decorate-image aligncenter\" src=\"https:\/\/www.rucashk.com\/wp-content\/uploads\/2021\/08\/H29e8531533e94192b6d76e2c13e03cc30.jpg\" alt=\"Redmi Note10 Pro Smartphone\" width=\"1500\" height=\"1500\" \/><img loading=\"lazy\" decoding=\"async\" class=\"detail-desc-decorate-image aligncenter\" src=\"https:\/\/www.rucashk.com\/wp-content\/uploads\/2021\/08\/H748cbce7773c4cc994e0a1f70c89e0b6h.jpg\" alt=\"Redmi Note10 Pro Smartphone\" width=\"1500\" height=\"1500\" \/><img loading=\"lazy\" decoding=\"async\" class=\"detail-desc-decorate-image aligncenter\" src=\"https:\/\/www.rucashk.com\/wp-content\/uploads\/2021\/08\/H6ae007ffb4cf4777b3900dd3c40a0d06W.jpg\" alt=\"Redmi Note10 Pro Smartphone\" width=\"1500\" height=\"1500\" \/><img loading=\"lazy\" decoding=\"async\" class=\"detail-desc-decorate-image aligncenter\" src=\"https:\/\/www.rucashk.com\/wp-content\/uploads\/2021\/08\/H7b58fc753594424d8aae1a433bced07eS.jpg\" alt=\"Redmi Note10 Pro Smartphone\" width=\"1500\" height=\"1500\" \/><\/div>\n<div class=\"detailmodule_image\" style=\"text-align: left\"><img loading=\"lazy\" decoding=\"async\" class=\"detail-desc-decorate-image aligncenter\" src=\"https:\/\/www.rucashk.com\/wp-content\/uploads\/2021\/08\/H0b14d888deeb4561a9115a65ac84616c9.jpg\" alt=\"Redmi Note10 Pro Smartphone\" width=\"1500\" height=\"1500\" \/><img loading=\"lazy\" decoding=\"async\" class=\"detail-desc-decorate-image aligncenter\" src=\"https:\/\/www.rucashk.com\/wp-content\/uploads\/2021\/08\/Hd4eebf25fca640f58598c66144460b3bI.jpg\" alt=\"Redmi Note10 Pro Smartphone\" width=\"1500\" height=\"1500\" data-spm-anchor-id=\"a2g0o.detail.1000023.i3.5e377551AHTl6v\" \/><\/div>\n<div><\/div>\n<div style=\"text-align: center\">Smartphone Redmi Note10 Pro<\/div>\n<div style=\"text-align: center\"><\/div>\n<div class=\"detailmodule_image\" style=\"text-align: center\">Rucas, distribuidor l\u00edder da Xiaomi em Hong Kong.<br \/>\ncom foco no produto de acess\u00f3rios ecol\u00f3gicos da marca China A, como Amazfit, Haylou, Ninebot, Roborock, Dreame, Imilab, 70Mai, Deerma. Mantemos centenas de SKU Xiaomi com estoque em dep\u00f3sitos em HK e Shenzhen de forma est\u00e1vel para obter o prazo de entrega mais r\u00e1pido.<\/div>","protected":false},"excerpt":{"rendered":"<p>1. Model No: Note10 pro<br \/>\n2. Platform: MTK6763 10 core 5G network<br \/>\n3. Standby: Dual SIM Dual Standby Supports tf card expansion<br \/>\n4. Screen: 6.1 HD<br \/>\n5. Speaker: 1511 Box Speaker<br \/>\n6. Colors: Black \/ White \/ Gray<br \/>\n7. Memory: RAM 6GB + ROM 128G<br \/>\n8. Multi Media: MP3\/MP4\/3GP\/FM Radio\/Bluetooth<\/p>","protected":false},"featured_media":25546,"template":"","meta":[],"product_brand":[1363],"product_cat":[1295,1297],"product_tag":[],"class_list":{"0":"post-25410","1":"product","2":"type-product","3":"status-publish","4":"has-post-thumbnail","6":"product_brand-xiaomi","7":"product_cat-mobile-phone","8":"product_cat-redmi-mobile-phone","10":"first","11":"instock","12":"shipping-taxable","13":"product-type-simple"},"aioseo_notices":[],"aioseo_head":"\n\t\t<!-- All in One SEO Pro 4.5.9.2 - aioseo.com -->\n\t\t<meta name=\"description\" content=\"1. Model No: Note10 pro 2. Platform: MTK6763 10 core 5G network 3. Standby: Dual SIM Dual Standby Supports tf card expansion 4. Screen: 6.1 HD 5. Speaker: 1511 Box Speaker 6. Colors: Black \/ White \/ Gray 7. Memory: RAM 6GB + ROM 128G 8. Multi Media: MP3\/MP4\/3GP\/FM Radio\/Bluetooth\" \/>\n\t\t<meta name=\"robots\" content=\"max-image-preview:large\" \/>\n\t\t<link rel=\"canonical\" href=\"https:\/\/www.rucashk.com\/pt\/produto\/redmi-note10-pro-smartphone\/\" \/>\n\t\t<meta name=\"generator\" content=\"All in One SEO Pro (AIOSEO) 4.5.9.2\" \/>\n\t\t<meta property=\"og:locale\" content=\"pt_PT\" \/>\n\t\t<meta property=\"og:site_name\" content=\"Rucas - One-stop AIoT Distribution Worldwide\" \/>\n\t\t<meta property=\"og:type\" content=\"article\" \/>\n\t\t<meta property=\"og:title\" content=\"Redmi Note10 Pro Smartphone - Rucas - Wholesale and Distribution\" \/>\n\t\t<meta property=\"og:description\" content=\"1. Model No: Note10 pro 2. Platform: MTK6763 10 core 5G network 3. Standby: Dual SIM Dual Standby Supports tf card expansion 4. Screen: 6.1 HD 5. Speaker: 1511 Box Speaker 6. Colors: Black \/ White \/ Gray 7. Memory: RAM 6GB + ROM 128G 8. Multi Media: MP3\/MP4\/3GP\/FM Radio\/Bluetooth\" \/>\n\t\t<meta property=\"og:url\" content=\"https:\/\/www.rucashk.com\/pt\/produto\/redmi-note10-pro-smartphone\/\" \/>\n\t\t<meta property=\"og:image\" content=\"https:\/\/www.rucashk.com\/wp-content\/uploads\/replace\/503b8e645f128a97ccde2b6290747646.jpeg\" \/>\n\t\t<meta property=\"og:image:secure_url\" content=\"https:\/\/www.rucashk.com\/wp-content\/uploads\/replace\/503b8e645f128a97ccde2b6290747646.jpeg\" \/>\n\t\t<meta property=\"og:image:width\" content=\"1456\" \/>\n\t\t<meta property=\"og:image:height\" content=\"816\" \/>\n\t\t<meta property=\"article:published_time\" content=\"2024-01-09T16:17:03+00:00\" \/>\n\t\t<meta property=\"article:modified_time\" content=\"2025-06-22T07:37:18+00:00\" \/>\n\t\t<meta name=\"twitter:card\" content=\"summary_large_image\" \/>\n\t\t<meta name=\"twitter:title\" content=\"Redmi Note10 Pro Smartphone - Rucas - Wholesale and Distribution\" \/>\n\t\t<meta name=\"twitter:description\" content=\"1. Model No: Note10 pro 2. Platform: MTK6763 10 core 5G network 3. Standby: Dual SIM Dual Standby Supports tf card expansion 4. Screen: 6.1 HD 5. Speaker: 1511 Box Speaker 6. Colors: Black \/ White \/ Gray 7. Memory: RAM 6GB + ROM 128G 8. Multi Media: MP3\/MP4\/3GP\/FM Radio\/Bluetooth\" \/>\n\t\t<meta name=\"twitter:image\" content=\"https:\/\/www.rucashk.com\/wp-content\/uploads\/replace\/503b8e645f128a97ccde2b6290747646.jpeg\" \/>\n\t\t<script type=\"application\/ld+json\" class=\"aioseo-schema\">\n\t\t\t{\"@context\":\"https:\\\/\\\/schema.org\",\"@graph\":[{\"@type\":\"BreadcrumbList\",\"@id\":\"https:\\\/\\\/www.rucashk.com\\\/pt\\\/produto\\\/redmi-note10-pro-smartphone\\\/#breadcrumblist\",\"itemListElement\":[{\"@type\":\"ListItem\",\"@id\":\"https:\\\/\\\/www.rucashk.com\\\/pt\\\/#listItem\",\"position\":1,\"name\":\"Home\",\"item\":\"https:\\\/\\\/www.rucashk.com\\\/pt\\\/\",\"nextItem\":\"https:\\\/\\\/www.rucashk.com\\\/pt\\\/produto\\\/redmi-note10-pro-smartphone\\\/#listItem\"},{\"@type\":\"ListItem\",\"@id\":\"https:\\\/\\\/www.rucashk.com\\\/pt\\\/produto\\\/redmi-note10-pro-smartphone\\\/#listItem\",\"position\":2,\"name\":\"Redmi Note10 Pro Smartphone\",\"previousItem\":\"https:\\\/\\\/www.rucashk.com\\\/pt\\\/#listItem\"}]},{\"@type\":\"Organization\",\"@id\":\"https:\\\/\\\/www.rucashk.com\\\/pt\\\/#organization\",\"name\":\"Rucas\",\"url\":\"https:\\\/\\\/www.rucashk.com\\\/pt\\\/\",\"logo\":{\"@type\":\"ImageObject\",\"url\":\"https:\\\/\\\/www.rucashk.com\\\/wp-content\\\/uploads\\\/2023\\\/12\\\/Rucas_campany_logo.png\",\"@id\":\"https:\\\/\\\/www.rucashk.com\\\/pt\\\/produto\\\/redmi-note10-pro-smartphone\\\/#organizationLogo\",\"width\":221,\"height\":65},\"image\":{\"@id\":\"https:\\\/\\\/www.rucashk.com\\\/pt\\\/#organizationLogo\"}},{\"@type\":\"Person\",\"@id\":\"https:\\\/\\\/www.rucashk.com\\\/pt\\\/author\\\/admin\\\/#author\",\"url\":\"https:\\\/\\\/www.rucashk.com\\\/pt\\\/author\\\/admin\\\/\",\"name\":\"admin\",\"image\":{\"@type\":\"ImageObject\",\"@id\":\"https:\\\/\\\/www.rucashk.com\\\/pt\\\/produto\\\/redmi-note10-pro-smartphone\\\/#authorImage\",\"url\":\"https:\\\/\\\/secure.gravatar.com\\\/avatar\\\/b7c8925b09a27e72b30232f8ecaadbd5af0f70a38c78096863fe51b64f031c24?s=96&d=mm&r=g\",\"width\":96,\"height\":96,\"caption\":\"admin\"}},{\"@type\":\"WebPage\",\"@id\":\"https:\\\/\\\/www.rucashk.com\\\/pt\\\/produto\\\/redmi-note10-pro-smartphone\\\/#webpage\",\"url\":\"https:\\\/\\\/www.rucashk.com\\\/pt\\\/produto\\\/redmi-note10-pro-smartphone\\\/\",\"name\":\"Redmi Note10 Pro Smartphone - Rucas - Wholesale and Distribution\",\"description\":\"1. Model No: Note10 pro 2. Platform: MTK6763 10 core 5G network 3. Standby: Dual SIM Dual Standby Supports tf card expansion 4. Screen: 6.1 HD 5. Speaker: 1511 Box Speaker 6. Colors: Black \\\/ White \\\/ Gray 7. Memory: RAM 6GB + ROM 128G 8. Multi Media: MP3\\\/MP4\\\/3GP\\\/FM Radio\\\/Bluetooth\",\"inLanguage\":\"pt-PT\",\"isPartOf\":{\"@id\":\"https:\\\/\\\/www.rucashk.com\\\/pt\\\/#website\"},\"breadcrumb\":{\"@id\":\"https:\\\/\\\/www.rucashk.com\\\/pt\\\/produto\\\/redmi-note10-pro-smartphone\\\/#breadcrumblist\"},\"author\":{\"@id\":\"https:\\\/\\\/www.rucashk.com\\\/pt\\\/author\\\/admin\\\/#author\"},\"creator\":{\"@id\":\"https:\\\/\\\/www.rucashk.com\\\/pt\\\/author\\\/admin\\\/#author\"},\"image\":{\"@type\":\"ImageObject\",\"url\":\"https:\\\/\\\/www.rucashk.com\\\/wp-content\\\/uploads\\\/2024\\\/01\\\/Redmi-Note10-Pro.jpg\",\"@id\":\"https:\\\/\\\/www.rucashk.com\\\/pt\\\/produto\\\/redmi-note10-pro-smartphone\\\/#mainImage\",\"width\":800,\"height\":800},\"primaryImageOfPage\":{\"@id\":\"https:\\\/\\\/www.rucashk.com\\\/pt\\\/produto\\\/redmi-note10-pro-smartphone\\\/#mainImage\"},\"datePublished\":\"2024-01-09T16:17:03+00:00\",\"dateModified\":\"2025-06-22T07:37:18+00:00\"},{\"@type\":\"WebSite\",\"@id\":\"https:\\\/\\\/www.rucashk.com\\\/pt\\\/#website\",\"url\":\"https:\\\/\\\/www.rucashk.com\\\/pt\\\/\",\"name\":\"Rucas - Wholesale and distribution worldwide\",\"alternateName\":\"Rucas - One-stop AIoT Distribution Worldwide\",\"description\":\"One-stop AIoT Distribution Worldwide\",\"inLanguage\":\"pt-PT\",\"publisher\":{\"@id\":\"https:\\\/\\\/www.rucashk.com\\\/pt\\\/#organization\"}}]}\n\t\t<\/script>\n\t\t<!-- All in One SEO Pro -->\r\n\t\t<title>Redmi Note10 Pro Smartphone - Rucas - Wholesale and Distribution<\/title>\n\n","aioseo_head_json":{"title":"Redmi Note10 Pro Smartphone - Rucas - Wholesale and Distribution","description":"1. Model No: Note10 pro 2. Platform: MTK6763 10 core 5G network 3. Standby: Dual SIM Dual Standby Supports tf card expansion 4. Screen: 6.1 HD 5. Speaker: 1511 Box Speaker 6. Colors: Black \/ White \/ Gray 7. Memory: RAM 6GB + ROM 128G 8. Multi Media: MP3\/MP4\/3GP\/FM Radio\/Bluetooth","canonical_url":"https:\/\/www.rucashk.com\/pt\/produto\/redmi-note10-pro-smartphone\/","robots":"max-image-preview:large","keywords":"","webmasterTools":{"miscellaneous":""},"og:locale":"pt_PT","og:site_name":"Rucas - One-stop AIoT Distribution Worldwide","og:type":"article","og:title":"Redmi Note10 Pro Smartphone - Rucas - Wholesale and Distribution","og:description":"1. Model No: Note10 pro 2. Platform: MTK6763 10 core 5G network 3. Standby: Dual SIM Dual Standby Supports tf card expansion 4. Screen: 6.1 HD 5. Speaker: 1511 Box Speaker 6. Colors: Black \/ White \/ Gray 7. Memory: RAM 6GB + ROM 128G 8. Multi Media: MP3\/MP4\/3GP\/FM Radio\/Bluetooth","og:url":"https:\/\/www.rucashk.com\/pt\/produto\/redmi-note10-pro-smartphone\/","og:image":"https:\/\/www.rucashk.com\/wp-content\/uploads\/replace\/503b8e645f128a97ccde2b6290747646.jpeg","og:image:secure_url":"https:\/\/www.rucashk.com\/wp-content\/uploads\/replace\/503b8e645f128a97ccde2b6290747646.jpeg","og:image:width":1456,"og:image:height":816,"article:published_time":"2024-01-09T16:17:03+00:00","article:modified_time":"2025-06-22T07:37:18+00:00","twitter:card":"summary_large_image","twitter:title":"Redmi Note10 Pro Smartphone - Rucas - Wholesale and Distribution","twitter:description":"1. Model No: Note10 pro 2. Platform: MTK6763 10 core 5G network 3. Standby: Dual SIM Dual Standby Supports tf card expansion 4. Screen: 6.1 HD 5. Speaker: 1511 Box Speaker 6. Colors: Black \/ White \/ Gray 7. Memory: RAM 6GB + ROM 128G 8. Multi Media: MP3\/MP4\/3GP\/FM Radio\/Bluetooth","twitter:image":"https:\/\/www.rucashk.com\/wp-content\/uploads\/replace\/503b8e645f128a97ccde2b6290747646.jpeg","schema":{"@context":"https:\/\/schema.org","@graph":[{"@type":"BreadcrumbList","@id":"https:\/\/www.rucashk.com\/pt\/produto\/redmi-note10-pro-smartphone\/#breadcrumblist","itemListElement":[{"@type":"ListItem","@id":"https:\/\/www.rucashk.com\/pt\/#listItem","position":1,"name":"Home","item":"https:\/\/www.rucashk.com\/pt\/","nextItem":"https:\/\/www.rucashk.com\/pt\/produto\/redmi-note10-pro-smartphone\/#listItem"},{"@type":"ListItem","@id":"https:\/\/www.rucashk.com\/pt\/produto\/redmi-note10-pro-smartphone\/#listItem","position":2,"name":"Redmi Note10 Pro Smartphone","previousItem":"https:\/\/www.rucashk.com\/pt\/#listItem"}]},{"@type":"Organization","@id":"https:\/\/www.rucashk.com\/pt\/#organization","name":"Rucas","url":"https:\/\/www.rucashk.com\/pt\/","logo":{"@type":"ImageObject","url":"https:\/\/www.rucashk.com\/wp-content\/uploads\/2023\/12\/Rucas_campany_logo.png","@id":"https:\/\/www.rucashk.com\/pt\/produto\/redmi-note10-pro-smartphone\/#organizationLogo","width":221,"height":65},"image":{"@id":"https:\/\/www.rucashk.com\/pt\/#organizationLogo"}},{"@type":"Person","@id":"https:\/\/www.rucashk.com\/pt\/author\/admin\/#author","url":"https:\/\/www.rucashk.com\/pt\/author\/admin\/","name":"admin","image":{"@type":"ImageObject","@id":"https:\/\/www.rucashk.com\/pt\/produto\/redmi-note10-pro-smartphone\/#authorImage","url":"https:\/\/secure.gravatar.com\/avatar\/b7c8925b09a27e72b30232f8ecaadbd5af0f70a38c78096863fe51b64f031c24?s=96&d=mm&r=g","width":96,"height":96,"caption":"admin"}},{"@type":"WebPage","@id":"https:\/\/www.rucashk.com\/pt\/produto\/redmi-note10-pro-smartphone\/#webpage","url":"https:\/\/www.rucashk.com\/pt\/produto\/redmi-note10-pro-smartphone\/","name":"Redmi Note10 Pro Smartphone - Rucas - Wholesale and Distribution","description":"1. Model No: Note10 pro 2. Platform: MTK6763 10 core 5G network 3. Standby: Dual SIM Dual Standby Supports tf card expansion 4. Screen: 6.1 HD 5. Speaker: 1511 Box Speaker 6. Colors: Black \/ White \/ Gray 7. Memory: RAM 6GB + ROM 128G 8. Multi Media: MP3\/MP4\/3GP\/FM Radio\/Bluetooth","inLanguage":"pt-PT","isPartOf":{"@id":"https:\/\/www.rucashk.com\/pt\/#website"},"breadcrumb":{"@id":"https:\/\/www.rucashk.com\/pt\/produto\/redmi-note10-pro-smartphone\/#breadcrumblist"},"author":{"@id":"https:\/\/www.rucashk.com\/pt\/author\/admin\/#author"},"creator":{"@id":"https:\/\/www.rucashk.com\/pt\/author\/admin\/#author"},"image":{"@type":"ImageObject","url":"https:\/\/www.rucashk.com\/wp-content\/uploads\/2024\/01\/Redmi-Note10-Pro.jpg","@id":"https:\/\/www.rucashk.com\/pt\/produto\/redmi-note10-pro-smartphone\/#mainImage","width":800,"height":800},"primaryImageOfPage":{"@id":"https:\/\/www.rucashk.com\/pt\/produto\/redmi-note10-pro-smartphone\/#mainImage"},"datePublished":"2024-01-09T16:17:03+00:00","dateModified":"2025-06-22T07:37:18+00:00"},{"@type":"WebSite","@id":"https:\/\/www.rucashk.com\/pt\/#website","url":"https:\/\/www.rucashk.com\/pt\/","name":"Rucas - Wholesale and distribution worldwide","alternateName":"Rucas - One-stop AIoT Distribution Worldwide","description":"One-stop AIoT Distribution Worldwide","inLanguage":"pt-PT","publisher":{"@id":"https:\/\/www.rucashk.com\/pt\/#organization"}}]}},"aioseo_meta_data":{"post_id":"25410","title":null,"description":null,"keywords":null,"keyphrases":null,"primary_term":null,"canonical_url":null,"og_title":null,"og_description":null,"og_object_type":"default","og_image_type":"default","og_image_url":null,"og_image_width":null,"og_image_height":null,"og_image_custom_url":null,"og_image_custom_fields":null,"og_video":null,"og_custom_url":null,"og_article_section":null,"og_article_tags":null,"twitter_use_og":false,"twitter_card":"default","twitter_image_type":"default","twitter_image_url":null,"twitter_image_custom_url":null,"twitter_image_custom_fields":null,"twitter_title":null,"twitter_description":null,"schema":{"blockGraphs":[],"customGraphs":[],"default":{"data":{"Article":[],"Course":[],"Dataset":[],"FAQPage":[],"Movie":[],"Person":[],"Product":[],"Recipe":[],"Service":[],"SoftwareApplication":[],"WebPage":[]},"graphName":"","isEnabled":true},"graphs":[]},"schema_type":"default","schema_type_options":null,"pillar_content":false,"robots_default":true,"robots_noindex":false,"robots_noarchive":false,"robots_nosnippet":false,"robots_nofollow":false,"robots_noimageindex":false,"robots_noodp":false,"robots_notranslate":false,"robots_max_snippet":null,"robots_max_videopreview":null,"robots_max_imagepreview":"large","priority":null,"frequency":null,"local_seo":null,"breadcrumb_settings":null,"limit_modified_date":false,"created":"2024-04-11 01:57:18","updated":"2025-06-22 17:53:57"},"aioseo_breadcrumb":"<div class=\"aioseo-breadcrumbs\"><span class=\"aioseo-breadcrumb\">\n\t<a href=\"https:\/\/www.rucashk.com\/pt\" title=\"Home\">Home<\/a>\n<\/span><span class=\"aioseo-breadcrumb-separator\">&raquo;<\/span><span class=\"aioseo-breadcrumb\">\n\t<a href=\"https:\/\/www.rucashk.com\/pt\/products\/\" title=\"Produtos\">Produtos<\/a>\n<\/span><span class=\"aioseo-breadcrumb-separator\">&raquo;<\/span><span class=\"aioseo-breadcrumb\">\n\t<a href=\"https:\/\/www.rucashk.com\/pt\/marca\/xiaomi\/\" title=\"Xiaomi\">Xiaomi<\/a>\n<\/span><span class=\"aioseo-breadcrumb-separator\">&raquo;<\/span><span class=\"aioseo-breadcrumb\">\n\tRedmi Note10 Pro Smartphone\n<\/span><\/div>","aioseo_breadcrumb_json":[{"label":"Home","link":"https:\/\/www.rucashk.com\/pt"},{"label":"Produtos","link":"https:\/\/www.rucashk.com\/pt\/products\/"},{"label":"Xiaomi","link":"https:\/\/www.rucashk.com\/pt\/marca\/xiaomi\/"},{"label":"Redmi Note10 Pro Smartphone","link":"https:\/\/www.rucashk.com\/pt\/produto\/redmi-note10-pro-smartphone\/"}],"_links":{"self":[{"href":"https:\/\/www.rucashk.com\/pt\/wp-json\/wp\/v2\/product\/25410","targetHints":{"allow":["GET"]}}],"collection":[{"href":"https:\/\/www.rucashk.com\/pt\/wp-json\/wp\/v2\/product"}],"about":[{"href":"https:\/\/www.rucashk.com\/pt\/wp-json\/wp\/v2\/types\/product"}],"wp:featuredmedia":[{"embeddable":true,"href":"https:\/\/www.rucashk.com\/pt\/wp-json\/wp\/v2\/media\/25546"}],"wp:attachment":[{"href":"https:\/\/www.rucashk.com\/pt\/wp-json\/wp\/v2\/media?parent=25410"}],"wp:term":[{"taxonomy":"product_brand","embeddable":true,"href":"https:\/\/www.rucashk.com\/pt\/wp-json\/wp\/v2\/product_brand?post=25410"},{"taxonomy":"product_cat","embeddable":true,"href":"https:\/\/www.rucashk.com\/pt\/wp-json\/wp\/v2\/product_cat?post=25410"},{"taxonomy":"product_tag","embeddable":true,"href":"https:\/\/www.rucashk.com\/pt\/wp-json\/wp\/v2\/product_tag?post=25410"}],"curies":[{"name":"wp","href":"https:\/\/api.w.org\/{rel}","templated":true}]}}