{"id":25369,"date":"2024-01-09T16:16:40","date_gmt":"2024-01-09T16:16:40","guid":{"rendered":"http:\/\/rucashk.com\/?post_type=product&#038;p=25369"},"modified":"2025-06-22T07:37:18","modified_gmt":"2025-06-22T07:37:18","slug":"xiaomi-dreame-mijia-hair-dryer-1400w-110000-rpm","status":"publish","type":"product","link":"https:\/\/www.rucashk.com\/pt\/produto\/xiaomi-dreame-mijia-hair-dryer-1400w-110000-rpm\/","title":{"rendered":"Secador de cabelo XIAOMI Dreame Mijia 1400W 110.000 rpm"},"content":{"rendered":"<div class=\"detailmodule_text\">\n<p class=\"detail-desc-decorate-content\" data-spm-anchor-id=\"a2g0o.detail.1000023.i0.616411b83KThJf\"><img fetchpriority=\"high\" decoding=\"async\" class=\"detail-desc-decorate-image aligncenter\" src=\"https:\/\/www.rucashk.com\/wp-content\/uploads\/2021\/06\/Hc37026c461f6458bad14cac24d9586f8z.jpg\" alt=\"Soocas Sonic Electric Toothbrush C1\" width=\"930\" height=\"1448\" \/><\/p>\n<\/div>\n<div class=\"detailmodule_text\" style=\"text-align: center\">\n<p class=\"detail-desc-decorate-content\">Motor sem escova de alta velocidade de 110.000 rpm<br \/>\nFluxo de ar de alta velocidade<br \/>\nControle inteligente de temperatura<br \/>\nCuidados capilares com \u00edons negativos<br \/>\nDesign humanizado<br \/>\nDesign magn\u00e9tico<\/p>\n<\/div>\n<div class=\"detailmodule_image\" style=\"text-align: center\"><img decoding=\"async\" class=\"detail-desc-decorate-image aligncenter\" src=\"https:\/\/www.rucashk.com\/wp-content\/uploads\/2021\/06\/H42ad68b6270c44ffb5647dc95d3b11ad2.jpg\" alt=\"XIAOMI\u00a0Dreame\u00a0Mijia\u00a0Hair\u00a0Dryer\u00a01400W 110,000 rpm\" width=\"930\" height=\"942\" \/><\/div>\n<div class=\"detailmodule_text\" style=\"text-align: center\">\n<p class=\"detail-desc-decorate-content\">Fluxo de ar forte, derivado da energia central<br \/>\nEquipado com um motor sem escova de alta velocidade de 110.000 rpm para uma experi\u00eancia de sopro suave<\/p>\n<\/div>\n<div class=\"detailmodule_image\" style=\"text-align: center\"><img decoding=\"async\" class=\"detail-desc-decorate-image aligncenter\" src=\"https:\/\/www.rucashk.com\/wp-content\/uploads\/2021\/06\/H1558bdafb65241dabbc711731f4ed226V.jpg\" alt=\"XIAOMI\u00a0Dreame\u00a0Mijia\u00a0Hair\u00a0Dryer\u00a01400W 110,000 rpm\" width=\"930\" height=\"1391\" \/><\/div>\n<div class=\"detailmodule_text\" style=\"text-align: center\">\n<p class=\"detail-desc-decorate-content\">O cabelo das meninas \u00e9 a delicadeza do mundo<br \/>\nBaixa temperatura e secagem r\u00e1pida s\u00e3o a chave para corrigir o sopro do cabelo<\/p>\n<\/div>\n<div class=\"detailmodule_image\" style=\"text-align: center\"><img loading=\"lazy\" decoding=\"async\" class=\"detail-desc-decorate-image aligncenter\" src=\"https:\/\/www.rucashk.com\/wp-content\/uploads\/2021\/06\/H79b7a81765b840e08c6a075d5513adb0p.jpg\" alt=\"XIAOMI\u00a0Dreame\u00a0Mijia\u00a0Hair\u00a0Dryer\u00a01400W 110,000 rpm\" width=\"930\" height=\"1362\" \/><\/div>\n<div class=\"detailmodule_text\" style=\"text-align: center\">\n<p class=\"detail-desc-decorate-content\">Projeto de canal de condu\u00e7\u00e3o de ar de alta velocidade para criar fluxo de ar externo duplo<br \/>\nVelocidade do vento super alta de 60m\/s, cabelo seco mais r\u00e1pido<\/p>\n<\/div>\n<div class=\"detailmodule_image\" style=\"text-align: center\"><img loading=\"lazy\" decoding=\"async\" class=\"detail-desc-decorate-image aligncenter\" src=\"https:\/\/www.rucashk.com\/wp-content\/uploads\/2021\/06\/Had59ce6a1ffd45048a95bc4de7c559d7L.jpg\" alt=\"XIAOMI\u00a0Dreame\u00a0Mijia\u00a0Hair\u00a0Dryer\u00a01400W 110,000 rpm\" width=\"930\" height=\"1273\" \/><\/div>\n<div class=\"detailmodule_text\" style=\"text-align: center\">\n<p class=\"detail-desc-decorate-content\">Valorizar cada fio de cabelo \u00e9 reter os anos.<br \/>\nSoprando e protegendo um, reduzindo a perda f\u00edsica de cabelo<\/p>\n<\/div>\n<div class=\"detailmodule_image\" style=\"text-align: center\"><img loading=\"lazy\" decoding=\"async\" class=\"detail-desc-decorate-image aligncenter\" src=\"https:\/\/www.rucashk.com\/wp-content\/uploads\/2021\/06\/H784a259acafa4c3099a7b50aa7b9f208O.jpg\" alt=\"XIAOMI\u00a0Dreame\u00a0Mijia\u00a0Hair\u00a0Dryer\u00a01400W 110,000 rpm\" width=\"930\" height=\"812\" \/><img decoding=\"async\" class=\"detail-desc-decorate-image aligncenter\" src=\"https:\/\/www.rucashk.com\/wp-content\/uploads\/2021\/06\/Hf140b1a8b3c542dca052e09ef098a48aV.jpg\" \/><img loading=\"lazy\" decoding=\"async\" class=\"detail-desc-decorate-image aligncenter\" src=\"https:\/\/www.rucashk.com\/wp-content\/uploads\/2021\/06\/H1de8ef79c0094a36abb00b80ac171c8av.jpg\" alt=\"XIAOMI\u00a0Dreame\u00a0Mijia\u00a0Hair\u00a0Dryer\u00a01400W 110,000 rpm\" width=\"930\" height=\"1356\" \/><\/div>\n<div class=\"detailmodule_text\" style=\"text-align: center\">\n<p class=\"detail-desc-decorate-content\">Bocal de vento com isolamento duplo<br \/>\nConex\u00e3o magn\u00e9tica de 360 graus<br \/>\nAlterne livremente de acordo com suas necessidades de modelagem<\/p>\n<\/div>\n<div class=\"detailmodule_image\" style=\"text-align: center\"><img loading=\"lazy\" decoding=\"async\" class=\"detail-desc-decorate-image aligncenter\" src=\"https:\/\/www.rucashk.com\/wp-content\/uploads\/2021\/06\/H724ed265225542c7b94bf21605a203043.jpg\" alt=\"XIAOMI\u00a0Dreame\u00a0Mijia\u00a0Hair\u00a0Dryer\u00a01400W 110,000 rpm\" width=\"930\" height=\"1432\" \/><img loading=\"lazy\" decoding=\"async\" class=\"detail-desc-decorate-image aligncenter\" src=\"https:\/\/www.rucashk.com\/wp-content\/uploads\/2021\/06\/H44e452206bd04b48ad6a8bc2c7188fdf2.jpg\" alt=\"XIAOMI\u00a0Dreame\u00a0Mijia\u00a0Hair\u00a0Dryer\u00a01400W 110,000 rpm\" width=\"930\" height=\"1181\" \/><\/div>\n<div class=\"detailmodule_text\" style=\"text-align: center\">\n<p class=\"detail-desc-decorate-content\">Cuidados com a temperatura constante para evitar danos por superaquecimento<br \/>\nDetec\u00e7\u00e3o de temperatura constante de sa\u00edda de ar<\/p>\n<\/div>\n<div class=\"detailmodule_image\" style=\"text-align: center\"><img loading=\"lazy\" decoding=\"async\" class=\"detail-desc-decorate-image aligncenter\" src=\"https:\/\/www.rucashk.com\/wp-content\/uploads\/2021\/06\/Ha23febfd0dab48a7bd5c01095b9d23d75.jpg\" alt=\"XIAOMI\u00a0Dreame\u00a0Mijia\u00a0Hair\u00a0Dryer\u00a01400W 110,000 rpm\" width=\"930\" height=\"1347\" \/><\/div>\n<div class=\"detailmodule_text\" style=\"text-align: center\">\n<p class=\"detail-desc-decorate-content\">Os \u00edons negativos cuidam do cabelo, alis\u00e1-lo fica mais flex\u00edvel<br \/>\nDez milh\u00f5es de \u00edons negativos de alta concentra\u00e7\u00e3o, direto para a superf\u00edcie do cabelo<\/p>\n<\/div>\n<div class=\"detailmodule_image\" style=\"text-align: center\"><img loading=\"lazy\" decoding=\"async\" class=\"detail-desc-decorate-image aligncenter\" src=\"https:\/\/www.rucashk.com\/wp-content\/uploads\/2021\/06\/Hb77280aabbdf48be9f751c89560d82d4f.jpg\" alt=\"XIAOMI\u00a0Dreame\u00a0Mijia\u00a0Hair\u00a0Dryer\u00a01400W 110,000 rpm\" width=\"930\" height=\"1556\" \/><\/div>\n<div class=\"detailmodule_text\" style=\"text-align: center\">\n<p class=\"detail-desc-decorate-content\">Entrada de ar de subsid\u00eancia<br \/>\nEvite o perigo de fios de cabelo<\/p>\n<\/div>\n<div class=\"detailmodule_image\" style=\"text-align: center\"><img loading=\"lazy\" decoding=\"async\" class=\"detail-desc-decorate-image aligncenter\" src=\"https:\/\/www.rucashk.com\/wp-content\/uploads\/2021\/06\/H428bbecf712d4fb08f5527d53cfd508f7.jpg\" alt=\"XIAOMI\u00a0Dreame\u00a0Mijia\u00a0Hair\u00a0Dryer\u00a01400W 110,000 rpm\" width=\"930\" height=\"1236\" \/><\/div>\n<div class=\"detailmodule_text\" style=\"text-align: center\">\n<p class=\"detail-desc-decorate-content\">Estrutura motora colocada verticalmente para uso confort\u00e1vel por meninas<br \/>\nManter um equil\u00edbrio din\u00e2mico de ader\u00eancia<\/p>\n<\/div>\n<div class=\"detailmodule_image\" style=\"text-align: center\"><img loading=\"lazy\" decoding=\"async\" class=\"detail-desc-decorate-image aligncenter\" src=\"https:\/\/www.rucashk.com\/wp-content\/uploads\/2021\/06\/H4e29c7ac710749008133617ad0ecf5faJ.jpg\" alt=\"XIAOMI\u00a0Dreame\u00a0Mijia\u00a0Hair\u00a0Dryer\u00a01400W 110,000 rpm\" width=\"930\" height=\"1330\" \/><\/div>\n<div class=\"detailmodule_text\" style=\"text-align: center\">\n<p class=\"detail-desc-decorate-content\">Design c\u00f4ncavo tipo po\u00e7o lunar<br \/>\nTenha um sentido futurista e ao mesmo tempo reduza sutilmente o peso da m\u00e1quina<br \/>\nDuas velocidades do vento e tr\u00eas regula\u00e7\u00f5es de temperatura<br \/>\nModelagem de ar frio com um clique<\/p>\n<\/div>\n<div class=\"detailmodule_image\" style=\"text-align: center\"><img loading=\"lazy\" decoding=\"async\" class=\"detail-desc-decorate-image aligncenter\" src=\"https:\/\/www.rucashk.com\/wp-content\/uploads\/2021\/06\/H74b7d3eb8b204f2f83bc61c59270cb4d2.jpg\" alt=\"XIAOMI\u00a0Dreame\u00a0Mijia\u00a0Hair\u00a0Dryer\u00a01400W 110,000 rpm\" width=\"930\" height=\"922\" \/><img loading=\"lazy\" decoding=\"async\" class=\"detail-desc-decorate-image aligncenter\" src=\"https:\/\/www.rucashk.com\/wp-content\/uploads\/2021\/06\/Hbd9717443ceb4407ab46c719b069ff1ah.jpg\" alt=\"XIAOMI\u00a0Dreame\u00a0Mijia\u00a0Hair\u00a0Dryer\u00a01400W 110,000 rpm\" width=\"930\" height=\"816\" \/><\/div>\n<div class=\"detailmodule_image\" style=\"text-align: center\"><img loading=\"lazy\" decoding=\"async\" class=\"detail-desc-decorate-image aligncenter\" src=\"https:\/\/www.rucashk.com\/wp-content\/uploads\/2021\/06\/He22277eeeace4e549ebeb67a8a25e471r.jpg\" alt=\"XIAOMI\u00a0Dreame\u00a0Mijia\u00a0Hair\u00a0Dryer\u00a01400W 110,000 rpm\" width=\"930\" height=\"329\" data-spm-anchor-id=\"a2g0o.detail.1000023.i1.616411b83KThJf\" \/><\/div>\n<div>\n<h4 class=\"product-title-text\" style=\"text-align: center\">Xiaomi youpin dreame mijia secador de cabelo 1400w 110.000 rpm controle inteligente temperatura \u00edon negativo masculino feminino para casa<\/h4>\n<\/div>","protected":false},"excerpt":{"rendered":"<h2>Recurso:<\/h2>\n<ul>\n<li>Secador de cabelo com controle inteligente de temperatura Dreame<\/li>\n<li>Cabeleireiro<\/li>\n<li>Cabelo seco r\u00e1pido<\/li>\n<li>Prote\u00e7\u00e3o de temperatura constante<\/li>\n<li>\u00cdons negativos alisam o cabelo<\/li>\n<li>Bocal de suc\u00e7\u00e3o magn\u00e9tica de 360 graus<\/li>\n<\/ul>","protected":false},"featured_media":25498,"template":"","meta":[],"product_brand":[1363],"product_cat":[1320,1305],"product_tag":[],"class_list":{"0":"post-25369","1":"product","2":"type-product","3":"status-publish","4":"has-post-thumbnail","6":"product_brand-xiaomi","7":"product_cat-personal-care","8":"product_cat-xiaomi-eco","10":"first","11":"instock","12":"shipping-taxable","13":"product-type-simple"},"aioseo_notices":[],"aioseo_head":"\n\t\t<!-- All in One SEO Pro 4.5.9.2 - aioseo.com -->\n\t\t<meta name=\"description\" content=\"Feature: Dreame Intelligent Temperature Control Hair Dryer Hair Artist Quick dry hair Constant temperature protection Negative ions smooth hair 360 degree magnetic suction nozzle\" \/>\n\t\t<meta name=\"robots\" content=\"max-image-preview:large\" \/>\n\t\t<link rel=\"canonical\" href=\"https:\/\/www.rucashk.com\/pt\/produto\/xiaomi-dreame-mijia-hair-dryer-1400w-110000-rpm\/\" \/>\n\t\t<meta name=\"generator\" content=\"All in One SEO Pro (AIOSEO) 4.5.9.2\" \/>\n\t\t<meta property=\"og:locale\" content=\"pt_PT\" \/>\n\t\t<meta property=\"og:site_name\" content=\"Rucas - One-stop AIoT Distribution Worldwide\" \/>\n\t\t<meta property=\"og:type\" content=\"article\" \/>\n\t\t<meta property=\"og:title\" content=\"XIAOMI Dreame Mijia Hair Dryer 1400W 110,000 rpm - Rucas - Wholesale and Distribution\" \/>\n\t\t<meta property=\"og:description\" content=\"Feature: Dreame Intelligent Temperature Control Hair Dryer Hair Artist Quick dry hair Constant temperature protection Negative ions smooth hair 360 degree magnetic suction nozzle\" \/>\n\t\t<meta property=\"og:url\" content=\"https:\/\/www.rucashk.com\/pt\/produto\/xiaomi-dreame-mijia-hair-dryer-1400w-110000-rpm\/\" \/>\n\t\t<meta property=\"og:image\" content=\"https:\/\/www.rucashk.com\/wp-content\/uploads\/replace\/503b8e645f128a97ccde2b6290747646.jpeg\" \/>\n\t\t<meta property=\"og:image:secure_url\" content=\"https:\/\/www.rucashk.com\/wp-content\/uploads\/replace\/503b8e645f128a97ccde2b6290747646.jpeg\" \/>\n\t\t<meta property=\"og:image:width\" content=\"1456\" \/>\n\t\t<meta property=\"og:image:height\" content=\"816\" \/>\n\t\t<meta property=\"article:published_time\" content=\"2024-01-09T16:16:40+00:00\" \/>\n\t\t<meta property=\"article:modified_time\" content=\"2025-06-22T07:37:18+00:00\" \/>\n\t\t<meta name=\"twitter:card\" content=\"summary_large_image\" \/>\n\t\t<meta name=\"twitter:title\" content=\"XIAOMI Dreame Mijia Hair Dryer 1400W 110,000 rpm - Rucas - Wholesale and Distribution\" \/>\n\t\t<meta name=\"twitter:description\" content=\"Feature: Dreame Intelligent Temperature Control Hair Dryer Hair Artist Quick dry hair Constant temperature protection Negative ions smooth hair 360 degree magnetic suction nozzle\" \/>\n\t\t<meta name=\"twitter:image\" content=\"https:\/\/www.rucashk.com\/wp-content\/uploads\/replace\/503b8e645f128a97ccde2b6290747646.jpeg\" \/>\n\t\t<script type=\"application\/ld+json\" class=\"aioseo-schema\">\n\t\t\t{\"@context\":\"https:\\\/\\\/schema.org\",\"@graph\":[{\"@type\":\"BreadcrumbList\",\"@id\":\"https:\\\/\\\/www.rucashk.com\\\/pt\\\/produto\\\/xiaomi-dreame-mijia-hair-dryer-1400w-110000-rpm\\\/#breadcrumblist\",\"itemListElement\":[{\"@type\":\"ListItem\",\"@id\":\"https:\\\/\\\/www.rucashk.com\\\/pt\\\/#listItem\",\"position\":1,\"name\":\"Home\",\"item\":\"https:\\\/\\\/www.rucashk.com\\\/pt\\\/\",\"nextItem\":\"https:\\\/\\\/www.rucashk.com\\\/pt\\\/produto\\\/xiaomi-dreame-mijia-hair-dryer-1400w-110000-rpm\\\/#listItem\"},{\"@type\":\"ListItem\",\"@id\":\"https:\\\/\\\/www.rucashk.com\\\/pt\\\/produto\\\/xiaomi-dreame-mijia-hair-dryer-1400w-110000-rpm\\\/#listItem\",\"position\":2,\"name\":\"XIAOMI\\u00a0Dreame\\u00a0Mijia\\u00a0Hair\\u00a0Dryer\\u00a01400W 110,000 rpm\",\"previousItem\":\"https:\\\/\\\/www.rucashk.com\\\/pt\\\/#listItem\"}]},{\"@type\":\"Organization\",\"@id\":\"https:\\\/\\\/www.rucashk.com\\\/pt\\\/#organization\",\"name\":\"Rucas\",\"url\":\"https:\\\/\\\/www.rucashk.com\\\/pt\\\/\",\"logo\":{\"@type\":\"ImageObject\",\"url\":\"https:\\\/\\\/www.rucashk.com\\\/wp-content\\\/uploads\\\/2023\\\/12\\\/Rucas_campany_logo.png\",\"@id\":\"https:\\\/\\\/www.rucashk.com\\\/pt\\\/produto\\\/xiaomi-dreame-mijia-hair-dryer-1400w-110000-rpm\\\/#organizationLogo\",\"width\":221,\"height\":65},\"image\":{\"@id\":\"https:\\\/\\\/www.rucashk.com\\\/pt\\\/#organizationLogo\"}},{\"@type\":\"Person\",\"@id\":\"https:\\\/\\\/www.rucashk.com\\\/pt\\\/author\\\/admin\\\/#author\",\"url\":\"https:\\\/\\\/www.rucashk.com\\\/pt\\\/author\\\/admin\\\/\",\"name\":\"admin\",\"image\":{\"@type\":\"ImageObject\",\"@id\":\"https:\\\/\\\/www.rucashk.com\\\/pt\\\/produto\\\/xiaomi-dreame-mijia-hair-dryer-1400w-110000-rpm\\\/#authorImage\",\"url\":\"https:\\\/\\\/secure.gravatar.com\\\/avatar\\\/b7c8925b09a27e72b30232f8ecaadbd5af0f70a38c78096863fe51b64f031c24?s=96&d=mm&r=g\",\"width\":96,\"height\":96,\"caption\":\"admin\"}},{\"@type\":\"WebPage\",\"@id\":\"https:\\\/\\\/www.rucashk.com\\\/pt\\\/produto\\\/xiaomi-dreame-mijia-hair-dryer-1400w-110000-rpm\\\/#webpage\",\"url\":\"https:\\\/\\\/www.rucashk.com\\\/pt\\\/produto\\\/xiaomi-dreame-mijia-hair-dryer-1400w-110000-rpm\\\/\",\"name\":\"XIAOMI Dreame Mijia Hair Dryer 1400W 110,000 rpm - Rucas - Wholesale and Distribution\",\"description\":\"Feature: Dreame Intelligent Temperature Control Hair Dryer Hair Artist Quick dry hair Constant temperature protection Negative ions smooth hair 360 degree magnetic suction nozzle\",\"inLanguage\":\"pt-PT\",\"isPartOf\":{\"@id\":\"https:\\\/\\\/www.rucashk.com\\\/pt\\\/#website\"},\"breadcrumb\":{\"@id\":\"https:\\\/\\\/www.rucashk.com\\\/pt\\\/produto\\\/xiaomi-dreame-mijia-hair-dryer-1400w-110000-rpm\\\/#breadcrumblist\"},\"author\":{\"@id\":\"https:\\\/\\\/www.rucashk.com\\\/pt\\\/author\\\/admin\\\/#author\"},\"creator\":{\"@id\":\"https:\\\/\\\/www.rucashk.com\\\/pt\\\/author\\\/admin\\\/#author\"},\"image\":{\"@type\":\"ImageObject\",\"url\":\"https:\\\/\\\/www.rucashk.com\\\/wp-content\\\/uploads\\\/2024\\\/01\\\/XIAOMI-youpin-Dreame-Mijia-Hair-Dryer-1400W-110-000-rpm-Intelligent-Temperature-Control-Negative-Ion-Male.jpg\",\"@id\":\"https:\\\/\\\/www.rucashk.com\\\/pt\\\/produto\\\/xiaomi-dreame-mijia-hair-dryer-1400w-110000-rpm\\\/#mainImage\",\"width\":557,\"height\":557},\"primaryImageOfPage\":{\"@id\":\"https:\\\/\\\/www.rucashk.com\\\/pt\\\/produto\\\/xiaomi-dreame-mijia-hair-dryer-1400w-110000-rpm\\\/#mainImage\"},\"datePublished\":\"2024-01-09T16:16:40+00:00\",\"dateModified\":\"2025-06-22T07:37:18+00:00\"},{\"@type\":\"WebSite\",\"@id\":\"https:\\\/\\\/www.rucashk.com\\\/pt\\\/#website\",\"url\":\"https:\\\/\\\/www.rucashk.com\\\/pt\\\/\",\"name\":\"Rucas - Wholesale and distribution worldwide\",\"alternateName\":\"Rucas - One-stop AIoT Distribution Worldwide\",\"description\":\"One-stop AIoT Distribution Worldwide\",\"inLanguage\":\"pt-PT\",\"publisher\":{\"@id\":\"https:\\\/\\\/www.rucashk.com\\\/pt\\\/#organization\"}}]}\n\t\t<\/script>\n\t\t<!-- All in One SEO Pro -->\r\n\t\t<title>XIAOMI Dreame Mijia Hair Dryer 1400W 110,000 rpm - Rucas - Wholesale and Distribution<\/title>\n\n","aioseo_head_json":{"title":"XIAOMI Dreame Mijia Hair Dryer 1400W 110,000 rpm - Rucas - Wholesale and Distribution","description":"Feature: Dreame Intelligent Temperature Control Hair Dryer Hair Artist Quick dry hair Constant temperature protection Negative ions smooth hair 360 degree magnetic suction nozzle","canonical_url":"https:\/\/www.rucashk.com\/pt\/produto\/xiaomi-dreame-mijia-hair-dryer-1400w-110000-rpm\/","robots":"max-image-preview:large","keywords":"","webmasterTools":{"miscellaneous":""},"og:locale":"pt_PT","og:site_name":"Rucas - One-stop AIoT Distribution Worldwide","og:type":"article","og:title":"XIAOMI Dreame Mijia Hair Dryer 1400W 110,000 rpm - Rucas - Wholesale and Distribution","og:description":"Feature: Dreame Intelligent Temperature Control Hair Dryer Hair Artist Quick dry hair Constant temperature protection Negative ions smooth hair 360 degree magnetic suction nozzle","og:url":"https:\/\/www.rucashk.com\/pt\/produto\/xiaomi-dreame-mijia-hair-dryer-1400w-110000-rpm\/","og:image":"https:\/\/www.rucashk.com\/wp-content\/uploads\/replace\/503b8e645f128a97ccde2b6290747646.jpeg","og:image:secure_url":"https:\/\/www.rucashk.com\/wp-content\/uploads\/replace\/503b8e645f128a97ccde2b6290747646.jpeg","og:image:width":1456,"og:image:height":816,"article:published_time":"2024-01-09T16:16:40+00:00","article:modified_time":"2025-06-22T07:37:18+00:00","twitter:card":"summary_large_image","twitter:title":"XIAOMI Dreame Mijia Hair Dryer 1400W 110,000 rpm - Rucas - Wholesale and Distribution","twitter:description":"Feature: Dreame Intelligent Temperature Control Hair Dryer Hair Artist Quick dry hair Constant temperature protection Negative ions smooth hair 360 degree magnetic suction nozzle","twitter:image":"https:\/\/www.rucashk.com\/wp-content\/uploads\/replace\/503b8e645f128a97ccde2b6290747646.jpeg","schema":{"@context":"https:\/\/schema.org","@graph":[{"@type":"BreadcrumbList","@id":"https:\/\/www.rucashk.com\/pt\/produto\/xiaomi-dreame-mijia-hair-dryer-1400w-110000-rpm\/#breadcrumblist","itemListElement":[{"@type":"ListItem","@id":"https:\/\/www.rucashk.com\/pt\/#listItem","position":1,"name":"Home","item":"https:\/\/www.rucashk.com\/pt\/","nextItem":"https:\/\/www.rucashk.com\/pt\/produto\/xiaomi-dreame-mijia-hair-dryer-1400w-110000-rpm\/#listItem"},{"@type":"ListItem","@id":"https:\/\/www.rucashk.com\/pt\/produto\/xiaomi-dreame-mijia-hair-dryer-1400w-110000-rpm\/#listItem","position":2,"name":"XIAOMI\u00a0Dreame\u00a0Mijia\u00a0Hair\u00a0Dryer\u00a01400W 110,000 rpm","previousItem":"https:\/\/www.rucashk.com\/pt\/#listItem"}]},{"@type":"Organization","@id":"https:\/\/www.rucashk.com\/pt\/#organization","name":"Rucas","url":"https:\/\/www.rucashk.com\/pt\/","logo":{"@type":"ImageObject","url":"https:\/\/www.rucashk.com\/wp-content\/uploads\/2023\/12\/Rucas_campany_logo.png","@id":"https:\/\/www.rucashk.com\/pt\/produto\/xiaomi-dreame-mijia-hair-dryer-1400w-110000-rpm\/#organizationLogo","width":221,"height":65},"image":{"@id":"https:\/\/www.rucashk.com\/pt\/#organizationLogo"}},{"@type":"Person","@id":"https:\/\/www.rucashk.com\/pt\/author\/admin\/#author","url":"https:\/\/www.rucashk.com\/pt\/author\/admin\/","name":"admin","image":{"@type":"ImageObject","@id":"https:\/\/www.rucashk.com\/pt\/produto\/xiaomi-dreame-mijia-hair-dryer-1400w-110000-rpm\/#authorImage","url":"https:\/\/secure.gravatar.com\/avatar\/b7c8925b09a27e72b30232f8ecaadbd5af0f70a38c78096863fe51b64f031c24?s=96&d=mm&r=g","width":96,"height":96,"caption":"admin"}},{"@type":"WebPage","@id":"https:\/\/www.rucashk.com\/pt\/produto\/xiaomi-dreame-mijia-hair-dryer-1400w-110000-rpm\/#webpage","url":"https:\/\/www.rucashk.com\/pt\/produto\/xiaomi-dreame-mijia-hair-dryer-1400w-110000-rpm\/","name":"XIAOMI Dreame Mijia Hair Dryer 1400W 110,000 rpm - Rucas - Wholesale and Distribution","description":"Feature: Dreame Intelligent Temperature Control Hair Dryer Hair Artist Quick dry hair Constant temperature protection Negative ions smooth hair 360 degree magnetic suction nozzle","inLanguage":"pt-PT","isPartOf":{"@id":"https:\/\/www.rucashk.com\/pt\/#website"},"breadcrumb":{"@id":"https:\/\/www.rucashk.com\/pt\/produto\/xiaomi-dreame-mijia-hair-dryer-1400w-110000-rpm\/#breadcrumblist"},"author":{"@id":"https:\/\/www.rucashk.com\/pt\/author\/admin\/#author"},"creator":{"@id":"https:\/\/www.rucashk.com\/pt\/author\/admin\/#author"},"image":{"@type":"ImageObject","url":"https:\/\/www.rucashk.com\/wp-content\/uploads\/2024\/01\/XIAOMI-youpin-Dreame-Mijia-Hair-Dryer-1400W-110-000-rpm-Intelligent-Temperature-Control-Negative-Ion-Male.jpg","@id":"https:\/\/www.rucashk.com\/pt\/produto\/xiaomi-dreame-mijia-hair-dryer-1400w-110000-rpm\/#mainImage","width":557,"height":557},"primaryImageOfPage":{"@id":"https:\/\/www.rucashk.com\/pt\/produto\/xiaomi-dreame-mijia-hair-dryer-1400w-110000-rpm\/#mainImage"},"datePublished":"2024-01-09T16:16:40+00:00","dateModified":"2025-06-22T07:37:18+00:00"},{"@type":"WebSite","@id":"https:\/\/www.rucashk.com\/pt\/#website","url":"https:\/\/www.rucashk.com\/pt\/","name":"Rucas - Wholesale and distribution worldwide","alternateName":"Rucas - One-stop AIoT Distribution Worldwide","description":"One-stop AIoT Distribution Worldwide","inLanguage":"pt-PT","publisher":{"@id":"https:\/\/www.rucashk.com\/pt\/#organization"}}]}},"aioseo_meta_data":{"post_id":"25369","title":null,"description":null,"keywords":null,"keyphrases":null,"primary_term":null,"canonical_url":null,"og_title":null,"og_description":null,"og_object_type":"default","og_image_type":"default","og_image_url":null,"og_image_width":null,"og_image_height":null,"og_image_custom_url":null,"og_image_custom_fields":null,"og_video":null,"og_custom_url":null,"og_article_section":null,"og_article_tags":null,"twitter_use_og":false,"twitter_card":"default","twitter_image_type":"default","twitter_image_url":null,"twitter_image_custom_url":null,"twitter_image_custom_fields":null,"twitter_title":null,"twitter_description":null,"schema":{"blockGraphs":[],"customGraphs":[],"default":{"data":{"Article":[],"Course":[],"Dataset":[],"FAQPage":[],"Movie":[],"Person":[],"Product":[],"Recipe":[],"Service":[],"SoftwareApplication":[],"WebPage":[]},"graphName":"","isEnabled":true},"graphs":[]},"schema_type":"default","schema_type_options":null,"pillar_content":false,"robots_default":true,"robots_noindex":false,"robots_noarchive":false,"robots_nosnippet":false,"robots_nofollow":false,"robots_noimageindex":false,"robots_noodp":false,"robots_notranslate":false,"robots_max_snippet":null,"robots_max_videopreview":null,"robots_max_imagepreview":"large","priority":null,"frequency":null,"local_seo":null,"breadcrumb_settings":null,"limit_modified_date":false,"created":"2024-04-11 01:57:18","updated":"2025-06-22 17:53:56"},"aioseo_breadcrumb":"<div class=\"aioseo-breadcrumbs\"><span class=\"aioseo-breadcrumb\">\n\t<a href=\"https:\/\/www.rucashk.com\/pt\" title=\"Home\">Home<\/a>\n<\/span><span class=\"aioseo-breadcrumb-separator\">&raquo;<\/span><span class=\"aioseo-breadcrumb\">\n\t<a href=\"https:\/\/www.rucashk.com\/pt\/products\/\" title=\"Produtos\">Produtos<\/a>\n<\/span><span class=\"aioseo-breadcrumb-separator\">&raquo;<\/span><span class=\"aioseo-breadcrumb\">\n\t<a href=\"https:\/\/www.rucashk.com\/pt\/marca\/xiaomi\/\" title=\"Xiaomi\">Xiaomi<\/a>\n<\/span><span class=\"aioseo-breadcrumb-separator\">&raquo;<\/span><span class=\"aioseo-breadcrumb\">\n\tXIAOMI\u00a0Dreame\u00a0Mijia\u00a0Hair\u00a0Dryer\u00a01400W 110,000 rpm\n<\/span><\/div>","aioseo_breadcrumb_json":[{"label":"Home","link":"https:\/\/www.rucashk.com\/pt"},{"label":"Produtos","link":"https:\/\/www.rucashk.com\/pt\/products\/"},{"label":"Xiaomi","link":"https:\/\/www.rucashk.com\/pt\/marca\/xiaomi\/"},{"label":"XIAOMI\u00a0Dreame\u00a0Mijia\u00a0Hair\u00a0Dryer\u00a01400W 110,000 rpm","link":"https:\/\/www.rucashk.com\/pt\/produto\/xiaomi-dreame-mijia-hair-dryer-1400w-110000-rpm\/"}],"_links":{"self":[{"href":"https:\/\/www.rucashk.com\/pt\/wp-json\/wp\/v2\/product\/25369","targetHints":{"allow":["GET"]}}],"collection":[{"href":"https:\/\/www.rucashk.com\/pt\/wp-json\/wp\/v2\/product"}],"about":[{"href":"https:\/\/www.rucashk.com\/pt\/wp-json\/wp\/v2\/types\/product"}],"wp:featuredmedia":[{"embeddable":true,"href":"https:\/\/www.rucashk.com\/pt\/wp-json\/wp\/v2\/media\/25498"}],"wp:attachment":[{"href":"https:\/\/www.rucashk.com\/pt\/wp-json\/wp\/v2\/media?parent=25369"}],"wp:term":[{"taxonomy":"product_brand","embeddable":true,"href":"https:\/\/www.rucashk.com\/pt\/wp-json\/wp\/v2\/product_brand?post=25369"},{"taxonomy":"product_cat","embeddable":true,"href":"https:\/\/www.rucashk.com\/pt\/wp-json\/wp\/v2\/product_cat?post=25369"},{"taxonomy":"product_tag","embeddable":true,"href":"https:\/\/www.rucashk.com\/pt\/wp-json\/wp\/v2\/product_tag?post=25369"}],"curies":[{"name":"wp","href":"https:\/\/api.w.org\/{rel}","templated":true}]}}