{"id":25366,"date":"2024-01-09T16:16:39","date_gmt":"2024-01-09T16:16:39","guid":{"rendered":"http:\/\/rucashk.com\/?post_type=product&#038;p=25366"},"modified":"2024-01-22T07:48:01","modified_gmt":"2024-01-22T07:48:01","slug":"himo-eectric-bicycle-c30r","status":"publish","type":"product","link":"https:\/\/www.rucashk.com\/pt\/produto\/himo-eectric-bicycle-c30r\/","title":{"rendered":"Bicicleta El\u00e9trica HIMO C30R"},"content":{"rendered":"<p><img fetchpriority=\"high\" decoding=\"async\" class=\"detail-desc-decorate-image aligncenter\" src=\"https:\/\/www.rucashk.com\/wp-content\/uploads\/2021\/05\/H4231d6e14fcb44f5b022cabc94ffb653A.jpg\" alt=\"HIMO Eectric Bicycle C30R\" width=\"1080\" height=\"738\" \/><img decoding=\"async\" class=\"detail-desc-decorate-image aligncenter\" src=\"https:\/\/www.rucashk.com\/wp-content\/uploads\/2021\/05\/H96bd7c2d43704683a810a7ee771cb690t.jpg\" \/><img decoding=\"async\" class=\"detail-desc-decorate-image aligncenter\" src=\"https:\/\/www.rucashk.com\/wp-content\/uploads\/2021\/05\/H401727802e77470b9366bfff7952e18fu.jpg\" alt=\"HIMO Eectric Bicycle C30R\" width=\"1080\" height=\"1164\" \/><img decoding=\"async\" class=\"detail-desc-decorate-image aligncenter\" src=\"https:\/\/www.rucashk.com\/wp-content\/uploads\/2021\/05\/H756425a9607f4b0b9cd9e131e86c1df4m.jpg\" alt=\"HIMO Eectric Bicycle C30R\" width=\"1080\" height=\"2651\" \/><img decoding=\"async\" class=\"detail-desc-decorate-image aligncenter\" src=\"https:\/\/www.rucashk.com\/wp-content\/uploads\/2021\/05\/H33ab38fc66c3416eaf05d0254d3c60104.jpg\" \/><img loading=\"lazy\" decoding=\"async\" class=\"detail-desc-decorate-image aligncenter\" src=\"https:\/\/www.rucashk.com\/wp-content\/uploads\/2021\/05\/H9aab556e629444c39883429573d359bcx.jpg\" alt=\"HIMO Eectric Bicycle C30R\" width=\"1080\" height=\"1680\" \/><img loading=\"lazy\" decoding=\"async\" class=\"detail-desc-decorate-image aligncenter\" src=\"https:\/\/www.rucashk.com\/wp-content\/uploads\/2021\/05\/H4dc5a26175cd4022a1c3ad58891c777el.jpg\" alt=\"HIMO Eectric Bicycle C30R\" width=\"1080\" height=\"1817\" \/><img loading=\"lazy\" decoding=\"async\" class=\"detail-desc-decorate-image aligncenter\" src=\"https:\/\/www.rucashk.com\/wp-content\/uploads\/2021\/05\/H551137ac3d98401397f5354fcd33ce9fN.jpg\" alt=\"HIMO Eectric Bicycle C30R\" width=\"1080\" height=\"1350\" \/><img decoding=\"async\" class=\"detail-desc-decorate-image aligncenter\" src=\"https:\/\/www.rucashk.com\/wp-content\/uploads\/2021\/05\/H51768f2e719645289cb5e9e082ffda275.jpg\" \/><img loading=\"lazy\" decoding=\"async\" class=\"detail-desc-decorate-image aligncenter\" src=\"https:\/\/www.rucashk.com\/wp-content\/uploads\/2021\/05\/Hb1389efc74bf445c8413ea3f333886651.jpg\" alt=\"HIMO Eectric Bicycle C30R\" width=\"1080\" height=\"840\" \/><img decoding=\"async\" class=\"detail-desc-decorate-image aligncenter\" src=\"https:\/\/www.rucashk.com\/wp-content\/uploads\/2021\/05\/Hd7d43453c0bf4e6aa092fe18646fc679l.jpg\" \/><img loading=\"lazy\" decoding=\"async\" class=\"detail-desc-decorate-image aligncenter\" src=\"https:\/\/www.rucashk.com\/wp-content\/uploads\/2021\/05\/H75473edc3fc44c398c864d6caae2d5215.jpg\" alt=\"HIMO Eectric Bicycle C30R\" width=\"1080\" height=\"888\" data-spm-anchor-id=\"a2g0o.detail.1000023.i2.1720576aweeIqU\" \/><img decoding=\"async\" class=\"detail-desc-decorate-image aligncenter\" src=\"https:\/\/www.rucashk.com\/wp-content\/uploads\/2021\/05\/H2b915d96db854e14a16af1579d062711Z.jpg\" data-spm-anchor-id=\"a2g0o.detail.1000023.i1.1720576aweeIqU\" \/><img decoding=\"async\" class=\"detail-desc-decorate-image aligncenter\" src=\"https:\/\/www.rucashk.com\/wp-content\/uploads\/2021\/05\/H375fa804ffe647cca80918599ab371e6t.jpg\" \/><img decoding=\"async\" class=\"detail-desc-decorate-image aligncenter\" src=\"https:\/\/www.rucashk.com\/wp-content\/uploads\/2021\/05\/H9d25fa12f877454e8c53fe189ad08ba8y.jpg\" \/><img decoding=\"async\" class=\"detail-desc-decorate-image aligncenter\" src=\"https:\/\/www.rucashk.com\/wp-content\/uploads\/2021\/05\/H7e6fd2c96be64ef78dcfcb1d8111abc1E.jpg\" \/><img decoding=\"async\" class=\"detail-desc-decorate-image aligncenter\" src=\"https:\/\/www.rucashk.com\/wp-content\/uploads\/2021\/05\/H9d07a2e5556d4bb485873e4910640183v.jpg\" \/><img decoding=\"async\" class=\"detail-desc-decorate-image aligncenter\" src=\"https:\/\/www.rucashk.com\/wp-content\/uploads\/2021\/05\/H2477154d7ff74c45b4419e019556ce77a.jpg\" \/><img decoding=\"async\" class=\"detail-desc-decorate-image aligncenter\" src=\"https:\/\/www.rucashk.com\/wp-content\/uploads\/2021\/05\/Hd1439a98dce6466d8fe85e0ce9acb4ean.jpg\" \/><img decoding=\"async\" class=\"detail-desc-decorate-image aligncenter\" src=\"https:\/\/www.rucashk.com\/wp-content\/uploads\/2021\/05\/He48563c37ff04c13baaa811ca31fc1d8w.jpg\" \/><img decoding=\"async\" class=\"detail-desc-decorate-image aligncenter\" src=\"https:\/\/www.rucashk.com\/wp-content\/uploads\/2021\/05\/H08809ef140fe470494fb743263e16d0b1.png\" data-spm-anchor-id=\"a2g0o.detail.1000023.i3.1720576aweeIqU\" \/><\/p>","protected":false},"excerpt":{"rendered":"<p class=\"product-title-text\" data-spm-anchor-id=\"a2g0o.detail.1000016.i7.1720576aweeIqU\">Himo c30 bicicleta el\u00e9trica de estrada, motor de roda traseira 250w, bateria de l\u00edtio escondida 36v, sensor de torque, bicicleta el\u00e9trica<\/p>\n<div class=\"row\">\n<ul>\n<li class=\"col-sm-4\"><strong>Tamanho:<\/strong>1740*630*1015mm<\/li>\n<\/ul>\n<\/div>\n<div class=\"row\">\n<ul>\n<li class=\"col-sm-4\"><strong>Dist\u00e2ncia central da roda dianteira e traseira:<\/strong>1040 mm<\/li>\n<\/ul>\n<\/div>\n<div class=\"row\">\n<ul>\n<li class=\"col-sm-4\"><strong>NO:<\/strong>18,5kg<\/li>\n<\/ul>\n<\/div>\n<div class=\"row\">\n<ul>\n<li class=\"col-sm-4\"><strong>Velocidade m\u00e1xima:<\/strong>25km\/h<\/li>\n<\/ul>\n<\/div>\n<div class=\"row\">\n<ul>\n<li class=\"col-sm-4\"><strong>Faixa:<\/strong>Pas percorre cerca de 70 km<\/li>\n<\/ul>\n<\/div>\n<div class=\"row\">\n<ul>\n<li class=\"col-sm-4\"><strong>100 quil\u00f4metros de consumo de eletricidade:<\/strong>0,46 km.h\/100 km<\/li>\n<\/ul>\n<\/div>\n<div class=\"row\">\n<ul>\n<li class=\"col-sm-4\"><strong>Peso da carga:<\/strong>100kg<\/li>\n<\/ul>\n<\/div>\n<div class=\"row\">\n<ul>\n<li class=\"col-sm-4\"><strong>Bateria de l\u00edtio:<\/strong>C\u00e9lulas SAMSUNG 21700<\/li>\n<\/ul>\n<\/div>\n<div class=\"row\">\n<ul>\n<li class=\"col-sm-4\"><strong>Capacidade de carga:<\/strong>9,6 ah<\/li>\n<\/ul>\n<\/div>\n<div class=\"row\">\n<ul>\n<li class=\"col-sm-4\"><strong>Tens\u00e3o padr\u00e3o:<\/strong>36 V<\/li>\n<\/ul>\n<\/div>\n<div class=\"row\">\n<ul>\n<li class=\"col-sm-4\"><strong>Velocidade nominal:<\/strong>380r\/min<\/li>\n<\/ul>\n<\/div>\n<div class=\"row\">\n<ul>\n<li class=\"col-sm-4\"><strong>Motor:<\/strong>Motor de tra\u00e7\u00e3o traseira de 250 W, motor sem escova DC<\/li>\n<\/ul>\n<\/div>\n<div class=\"row\">\n<ul>\n<li class=\"col-sm-4\"><strong>Controlador:<\/strong>36 V<\/li>\n<\/ul>\n<\/div>\n<div class=\"row\">\n<ul>\n<li class=\"col-sm-4\"><strong>Prote\u00e7\u00e3o contra subtens\u00e3o:<\/strong>15A<\/li>\n<\/ul>\n<\/div>\n<div class=\"row\">\n<ul>\n<li class=\"col-sm-4\"><strong>Prote\u00e7\u00e3o contra sobrecorrente:<\/strong>31V<\/li>\n<\/ul>\n<\/div>\n<div class=\"row\">\n<ul>\n<li class=\"col-sm-4\"><strong>Conte\u00fado do pacote:<\/strong>Placa de lama*1; Suporte para placa de lama*1; Parafuso da placa de lama * 1; Manual de instru\u00e7\u00f5es*1; Cart\u00e3o de garantia*1; Carregador*1; Chave de boca No.15*1; Chave hexagonal n\u00ba 4 * 1<\/li>\n<\/ul>\n<\/div>","protected":false},"featured_media":25474,"template":"","meta":[],"product_brand":[],"product_cat":[1341,1305],"product_tag":[],"class_list":{"0":"post-25366","1":"product","2":"type-product","3":"status-publish","4":"has-post-thumbnail","6":"product_cat-others","7":"product_cat-xiaomi-eco","9":"first","10":"instock","11":"shipping-taxable","12":"product-type-simple"},"aioseo_notices":[],"aioseo_head":"\n\t\t<!-- All in One SEO Pro 4.5.9.2 - aioseo.com -->\n\t\t<meta name=\"description\" content=\"HIMO C30 Electric Powered Road eBike 250w rear wheel motor 36v hidden lithium battery Torque sensor electric bike Size\uff1a1740*630*1015mm Front and rear wheel center distance\uff1a1040mm N.W.\uff1a18.5kg Maximum speed\uff1a25km\/h Range\uff1aPas range about 70km 100 Kilometers of electricity consumption\uff1a0.46KM.H\/100KM Load weight\uff1a100kgs Lihium battery\uff1aSAMSUNG 21700 cells Battery capacity\uff1a9.6ah Standard Voltage\uff1a36V Rated speed\uff1a380r\/min Motor\uff1a250w rear wheel drive motor DC brushless motor Controller\uff1a36V Undervoltage protection\uff1a15A Overcurrent protection\uff1a31V Package Contents\uff1aMud board*1; Mud board support*1; Mud board screw*1; Instruction manual*1; Warranty card*1; Charger*1; No.15 open-end wrench*1; No.4 hexagonal wrench*1\" \/>\n\t\t<meta name=\"robots\" content=\"max-image-preview:large\" \/>\n\t\t<link rel=\"canonical\" href=\"https:\/\/www.rucashk.com\/pt\/produto\/himo-eectric-bicycle-c30r\/\" \/>\n\t\t<meta name=\"generator\" content=\"All in One SEO Pro (AIOSEO) 4.5.9.2\" \/>\n\t\t<meta property=\"og:locale\" content=\"pt_PT\" \/>\n\t\t<meta property=\"og:site_name\" content=\"Rucas - One-stop AIoT Distribution Worldwide\" \/>\n\t\t<meta property=\"og:type\" content=\"article\" \/>\n\t\t<meta property=\"og:title\" content=\"HIMO Eectric Bicycle C30R - Rucas - Wholesale and Distribution\" \/>\n\t\t<meta property=\"og:description\" content=\"HIMO C30 Electric Powered Road eBike 250w rear wheel motor 36v hidden lithium battery Torque sensor electric bike Size\uff1a1740*630*1015mm Front and rear wheel center distance\uff1a1040mm N.W.\uff1a18.5kg Maximum speed\uff1a25km\/h Range\uff1aPas range about 70km 100 Kilometers of electricity consumption\uff1a0.46KM.H\/100KM Load weight\uff1a100kgs Lihium battery\uff1aSAMSUNG 21700 cells Battery capacity\uff1a9.6ah Standard Voltage\uff1a36V Rated speed\uff1a380r\/min Motor\uff1a250w rear wheel drive motor DC brushless motor Controller\uff1a36V Undervoltage protection\uff1a15A Overcurrent protection\uff1a31V Package Contents\uff1aMud board*1; Mud board support*1; Mud board screw*1; Instruction manual*1; Warranty card*1; Charger*1; No.15 open-end wrench*1; No.4 hexagonal wrench*1\" \/>\n\t\t<meta property=\"og:url\" content=\"https:\/\/www.rucashk.com\/pt\/produto\/himo-eectric-bicycle-c30r\/\" \/>\n\t\t<meta property=\"og:image\" content=\"https:\/\/www.rucashk.com\/wp-content\/uploads\/replace\/503b8e645f128a97ccde2b6290747646.jpeg\" \/>\n\t\t<meta property=\"og:image:secure_url\" content=\"https:\/\/www.rucashk.com\/wp-content\/uploads\/replace\/503b8e645f128a97ccde2b6290747646.jpeg\" \/>\n\t\t<meta property=\"og:image:width\" content=\"1456\" \/>\n\t\t<meta property=\"og:image:height\" content=\"816\" \/>\n\t\t<meta property=\"article:published_time\" content=\"2024-01-09T16:16:39+00:00\" \/>\n\t\t<meta property=\"article:modified_time\" content=\"2024-01-22T07:48:01+00:00\" \/>\n\t\t<meta name=\"twitter:card\" content=\"summary_large_image\" \/>\n\t\t<meta name=\"twitter:title\" content=\"HIMO Eectric Bicycle C30R - Rucas - Wholesale and Distribution\" \/>\n\t\t<meta name=\"twitter:description\" content=\"HIMO C30 Electric Powered Road eBike 250w rear wheel motor 36v hidden lithium battery Torque sensor electric bike Size\uff1a1740*630*1015mm Front and rear wheel center distance\uff1a1040mm N.W.\uff1a18.5kg Maximum speed\uff1a25km\/h Range\uff1aPas range about 70km 100 Kilometers of electricity consumption\uff1a0.46KM.H\/100KM Load weight\uff1a100kgs Lihium battery\uff1aSAMSUNG 21700 cells Battery capacity\uff1a9.6ah Standard Voltage\uff1a36V Rated speed\uff1a380r\/min Motor\uff1a250w rear wheel drive motor DC brushless motor Controller\uff1a36V Undervoltage protection\uff1a15A Overcurrent protection\uff1a31V Package Contents\uff1aMud board*1; Mud board support*1; Mud board screw*1; Instruction manual*1; Warranty card*1; Charger*1; No.15 open-end wrench*1; No.4 hexagonal wrench*1\" \/>\n\t\t<meta name=\"twitter:image\" content=\"https:\/\/www.rucashk.com\/wp-content\/uploads\/replace\/503b8e645f128a97ccde2b6290747646.jpeg\" \/>\n\t\t<script type=\"application\/ld+json\" class=\"aioseo-schema\">\n\t\t\t{\"@context\":\"https:\\\/\\\/schema.org\",\"@graph\":[{\"@type\":\"BreadcrumbList\",\"@id\":\"https:\\\/\\\/www.rucashk.com\\\/pt\\\/produto\\\/himo-eectric-bicycle-c30r\\\/#breadcrumblist\",\"itemListElement\":[{\"@type\":\"ListItem\",\"@id\":\"https:\\\/\\\/www.rucashk.com\\\/pt\\\/#listItem\",\"position\":1,\"name\":\"Home\",\"item\":\"https:\\\/\\\/www.rucashk.com\\\/pt\\\/\",\"nextItem\":\"https:\\\/\\\/www.rucashk.com\\\/pt\\\/produto\\\/himo-eectric-bicycle-c30r\\\/#listItem\"},{\"@type\":\"ListItem\",\"@id\":\"https:\\\/\\\/www.rucashk.com\\\/pt\\\/produto\\\/himo-eectric-bicycle-c30r\\\/#listItem\",\"position\":2,\"name\":\"HIMO Eectric Bicycle C30R\",\"previousItem\":\"https:\\\/\\\/www.rucashk.com\\\/pt\\\/#listItem\"}]},{\"@type\":\"Organization\",\"@id\":\"https:\\\/\\\/www.rucashk.com\\\/pt\\\/#organization\",\"name\":\"Rucas\",\"url\":\"https:\\\/\\\/www.rucashk.com\\\/pt\\\/\",\"logo\":{\"@type\":\"ImageObject\",\"url\":\"https:\\\/\\\/www.rucashk.com\\\/wp-content\\\/uploads\\\/2023\\\/12\\\/Rucas_campany_logo.png\",\"@id\":\"https:\\\/\\\/www.rucashk.com\\\/pt\\\/produto\\\/himo-eectric-bicycle-c30r\\\/#organizationLogo\",\"width\":221,\"height\":65},\"image\":{\"@id\":\"https:\\\/\\\/www.rucashk.com\\\/pt\\\/#organizationLogo\"}},{\"@type\":\"Person\",\"@id\":\"https:\\\/\\\/www.rucashk.com\\\/pt\\\/author\\\/admin\\\/#author\",\"url\":\"https:\\\/\\\/www.rucashk.com\\\/pt\\\/author\\\/admin\\\/\",\"name\":\"admin\",\"image\":{\"@type\":\"ImageObject\",\"@id\":\"https:\\\/\\\/www.rucashk.com\\\/pt\\\/produto\\\/himo-eectric-bicycle-c30r\\\/#authorImage\",\"url\":\"https:\\\/\\\/secure.gravatar.com\\\/avatar\\\/b7c8925b09a27e72b30232f8ecaadbd5af0f70a38c78096863fe51b64f031c24?s=96&d=mm&r=g\",\"width\":96,\"height\":96,\"caption\":\"admin\"}},{\"@type\":\"WebPage\",\"@id\":\"https:\\\/\\\/www.rucashk.com\\\/pt\\\/produto\\\/himo-eectric-bicycle-c30r\\\/#webpage\",\"url\":\"https:\\\/\\\/www.rucashk.com\\\/pt\\\/produto\\\/himo-eectric-bicycle-c30r\\\/\",\"name\":\"HIMO Eectric Bicycle C30R - Rucas - Wholesale and Distribution\",\"description\":\"HIMO C30 Electric Powered Road eBike 250w rear wheel motor 36v hidden lithium battery Torque sensor electric bike Size\\uff1a1740*630*1015mm Front and rear wheel center distance\\uff1a1040mm N.W.\\uff1a18.5kg Maximum speed\\uff1a25km\\\/h Range\\uff1aPas range about 70km 100 Kilometers of electricity consumption\\uff1a0.46KM.H\\\/100KM Load weight\\uff1a100kgs Lihium battery\\uff1aSAMSUNG 21700 cells Battery capacity\\uff1a9.6ah Standard Voltage\\uff1a36V Rated speed\\uff1a380r\\\/min Motor\\uff1a250w rear wheel drive motor DC brushless motor Controller\\uff1a36V Undervoltage protection\\uff1a15A Overcurrent protection\\uff1a31V Package Contents\\uff1aMud board*1; Mud board support*1; Mud board screw*1; Instruction manual*1; Warranty card*1; Charger*1; No.15 open-end wrench*1; No.4 hexagonal wrench*1\",\"inLanguage\":\"pt-PT\",\"isPartOf\":{\"@id\":\"https:\\\/\\\/www.rucashk.com\\\/pt\\\/#website\"},\"breadcrumb\":{\"@id\":\"https:\\\/\\\/www.rucashk.com\\\/pt\\\/produto\\\/himo-eectric-bicycle-c30r\\\/#breadcrumblist\"},\"author\":{\"@id\":\"https:\\\/\\\/www.rucashk.com\\\/pt\\\/author\\\/admin\\\/#author\"},\"creator\":{\"@id\":\"https:\\\/\\\/www.rucashk.com\\\/pt\\\/author\\\/admin\\\/#author\"},\"image\":{\"@type\":\"ImageObject\",\"url\":\"https:\\\/\\\/www.rucashk.com\\\/wp-content\\\/uploads\\\/2024\\\/01\\\/Hacb97a045e784a1fbd6dfc0519f9e0d2A.jpg\",\"@id\":\"https:\\\/\\\/www.rucashk.com\\\/pt\\\/produto\\\/himo-eectric-bicycle-c30r\\\/#mainImage\",\"width\":800,\"height\":800},\"primaryImageOfPage\":{\"@id\":\"https:\\\/\\\/www.rucashk.com\\\/pt\\\/produto\\\/himo-eectric-bicycle-c30r\\\/#mainImage\"},\"datePublished\":\"2024-01-09T16:16:39+00:00\",\"dateModified\":\"2024-01-22T07:48:01+00:00\"},{\"@type\":\"WebSite\",\"@id\":\"https:\\\/\\\/www.rucashk.com\\\/pt\\\/#website\",\"url\":\"https:\\\/\\\/www.rucashk.com\\\/pt\\\/\",\"name\":\"Rucas - Wholesale and distribution worldwide\",\"alternateName\":\"Rucas - One-stop AIoT Distribution Worldwide\",\"description\":\"One-stop AIoT Distribution Worldwide\",\"inLanguage\":\"pt-PT\",\"publisher\":{\"@id\":\"https:\\\/\\\/www.rucashk.com\\\/pt\\\/#organization\"}}]}\n\t\t<\/script>\n\t\t<!-- All in One SEO Pro -->\r\n\t\t<title>HIMO Eectric Bicycle C30R - Rucas - Wholesale and Distribution<\/title>\n\n","aioseo_head_json":{"title":"HIMO Eectric Bicycle C30R - Rucas - Wholesale and Distribution","description":"HIMO C30 Electric Powered Road eBike 250w rear wheel motor 36v hidden lithium battery Torque sensor electric bike Size\uff1a1740*630*1015mm Front and rear wheel center distance\uff1a1040mm N.W.\uff1a18.5kg Maximum speed\uff1a25km\/h Range\uff1aPas range about 70km 100 Kilometers of electricity consumption\uff1a0.46KM.H\/100KM Load weight\uff1a100kgs Lihium battery\uff1aSAMSUNG 21700 cells Battery capacity\uff1a9.6ah Standard Voltage\uff1a36V Rated speed\uff1a380r\/min Motor\uff1a250w rear wheel drive motor DC brushless motor Controller\uff1a36V Undervoltage protection\uff1a15A Overcurrent protection\uff1a31V Package Contents\uff1aMud board*1; Mud board support*1; Mud board screw*1; Instruction manual*1; Warranty card*1; Charger*1; No.15 open-end wrench*1; No.4 hexagonal wrench*1","canonical_url":"https:\/\/www.rucashk.com\/pt\/produto\/himo-eectric-bicycle-c30r\/","robots":"max-image-preview:large","keywords":"","webmasterTools":{"miscellaneous":""},"og:locale":"pt_PT","og:site_name":"Rucas - One-stop AIoT Distribution Worldwide","og:type":"article","og:title":"HIMO Eectric Bicycle C30R - Rucas - Wholesale and Distribution","og:description":"HIMO C30 Electric Powered Road eBike 250w rear wheel motor 36v hidden lithium battery Torque sensor electric bike Size\uff1a1740*630*1015mm Front and rear wheel center distance\uff1a1040mm N.W.\uff1a18.5kg Maximum speed\uff1a25km\/h Range\uff1aPas range about 70km 100 Kilometers of electricity consumption\uff1a0.46KM.H\/100KM Load weight\uff1a100kgs Lihium battery\uff1aSAMSUNG 21700 cells Battery capacity\uff1a9.6ah Standard Voltage\uff1a36V Rated speed\uff1a380r\/min Motor\uff1a250w rear wheel drive motor DC brushless motor Controller\uff1a36V Undervoltage protection\uff1a15A Overcurrent protection\uff1a31V Package Contents\uff1aMud board*1; Mud board support*1; Mud board screw*1; Instruction manual*1; Warranty card*1; Charger*1; No.15 open-end wrench*1; No.4 hexagonal wrench*1","og:url":"https:\/\/www.rucashk.com\/pt\/produto\/himo-eectric-bicycle-c30r\/","og:image":"https:\/\/www.rucashk.com\/wp-content\/uploads\/replace\/503b8e645f128a97ccde2b6290747646.jpeg","og:image:secure_url":"https:\/\/www.rucashk.com\/wp-content\/uploads\/replace\/503b8e645f128a97ccde2b6290747646.jpeg","og:image:width":1456,"og:image:height":816,"article:published_time":"2024-01-09T16:16:39+00:00","article:modified_time":"2024-01-22T07:48:01+00:00","twitter:card":"summary_large_image","twitter:title":"HIMO Eectric Bicycle C30R - Rucas - Wholesale and Distribution","twitter:description":"HIMO C30 Electric Powered Road eBike 250w rear wheel motor 36v hidden lithium battery Torque sensor electric bike Size\uff1a1740*630*1015mm Front and rear wheel center distance\uff1a1040mm N.W.\uff1a18.5kg Maximum speed\uff1a25km\/h Range\uff1aPas range about 70km 100 Kilometers of electricity consumption\uff1a0.46KM.H\/100KM Load weight\uff1a100kgs Lihium battery\uff1aSAMSUNG 21700 cells Battery capacity\uff1a9.6ah Standard Voltage\uff1a36V Rated speed\uff1a380r\/min Motor\uff1a250w rear wheel drive motor DC brushless motor Controller\uff1a36V Undervoltage protection\uff1a15A Overcurrent protection\uff1a31V Package Contents\uff1aMud board*1; Mud board support*1; Mud board screw*1; Instruction manual*1; Warranty card*1; Charger*1; No.15 open-end wrench*1; No.4 hexagonal wrench*1","twitter:image":"https:\/\/www.rucashk.com\/wp-content\/uploads\/replace\/503b8e645f128a97ccde2b6290747646.jpeg","schema":{"@context":"https:\/\/schema.org","@graph":[{"@type":"BreadcrumbList","@id":"https:\/\/www.rucashk.com\/pt\/produto\/himo-eectric-bicycle-c30r\/#breadcrumblist","itemListElement":[{"@type":"ListItem","@id":"https:\/\/www.rucashk.com\/pt\/#listItem","position":1,"name":"Home","item":"https:\/\/www.rucashk.com\/pt\/","nextItem":"https:\/\/www.rucashk.com\/pt\/produto\/himo-eectric-bicycle-c30r\/#listItem"},{"@type":"ListItem","@id":"https:\/\/www.rucashk.com\/pt\/produto\/himo-eectric-bicycle-c30r\/#listItem","position":2,"name":"HIMO Eectric Bicycle C30R","previousItem":"https:\/\/www.rucashk.com\/pt\/#listItem"}]},{"@type":"Organization","@id":"https:\/\/www.rucashk.com\/pt\/#organization","name":"Rucas","url":"https:\/\/www.rucashk.com\/pt\/","logo":{"@type":"ImageObject","url":"https:\/\/www.rucashk.com\/wp-content\/uploads\/2023\/12\/Rucas_campany_logo.png","@id":"https:\/\/www.rucashk.com\/pt\/produto\/himo-eectric-bicycle-c30r\/#organizationLogo","width":221,"height":65},"image":{"@id":"https:\/\/www.rucashk.com\/pt\/#organizationLogo"}},{"@type":"Person","@id":"https:\/\/www.rucashk.com\/pt\/author\/admin\/#author","url":"https:\/\/www.rucashk.com\/pt\/author\/admin\/","name":"admin","image":{"@type":"ImageObject","@id":"https:\/\/www.rucashk.com\/pt\/produto\/himo-eectric-bicycle-c30r\/#authorImage","url":"https:\/\/secure.gravatar.com\/avatar\/b7c8925b09a27e72b30232f8ecaadbd5af0f70a38c78096863fe51b64f031c24?s=96&d=mm&r=g","width":96,"height":96,"caption":"admin"}},{"@type":"WebPage","@id":"https:\/\/www.rucashk.com\/pt\/produto\/himo-eectric-bicycle-c30r\/#webpage","url":"https:\/\/www.rucashk.com\/pt\/produto\/himo-eectric-bicycle-c30r\/","name":"HIMO Eectric Bicycle C30R - Rucas - Wholesale and Distribution","description":"HIMO C30 Electric Powered Road eBike 250w rear wheel motor 36v hidden lithium battery Torque sensor electric bike Size\uff1a1740*630*1015mm Front and rear wheel center distance\uff1a1040mm N.W.\uff1a18.5kg Maximum speed\uff1a25km\/h Range\uff1aPas range about 70km 100 Kilometers of electricity consumption\uff1a0.46KM.H\/100KM Load weight\uff1a100kgs Lihium battery\uff1aSAMSUNG 21700 cells Battery capacity\uff1a9.6ah Standard Voltage\uff1a36V Rated speed\uff1a380r\/min Motor\uff1a250w rear wheel drive motor DC brushless motor Controller\uff1a36V Undervoltage protection\uff1a15A Overcurrent protection\uff1a31V Package Contents\uff1aMud board*1; Mud board support*1; Mud board screw*1; Instruction manual*1; Warranty card*1; Charger*1; No.15 open-end wrench*1; No.4 hexagonal wrench*1","inLanguage":"pt-PT","isPartOf":{"@id":"https:\/\/www.rucashk.com\/pt\/#website"},"breadcrumb":{"@id":"https:\/\/www.rucashk.com\/pt\/produto\/himo-eectric-bicycle-c30r\/#breadcrumblist"},"author":{"@id":"https:\/\/www.rucashk.com\/pt\/author\/admin\/#author"},"creator":{"@id":"https:\/\/www.rucashk.com\/pt\/author\/admin\/#author"},"image":{"@type":"ImageObject","url":"https:\/\/www.rucashk.com\/wp-content\/uploads\/2024\/01\/Hacb97a045e784a1fbd6dfc0519f9e0d2A.jpg","@id":"https:\/\/www.rucashk.com\/pt\/produto\/himo-eectric-bicycle-c30r\/#mainImage","width":800,"height":800},"primaryImageOfPage":{"@id":"https:\/\/www.rucashk.com\/pt\/produto\/himo-eectric-bicycle-c30r\/#mainImage"},"datePublished":"2024-01-09T16:16:39+00:00","dateModified":"2024-01-22T07:48:01+00:00"},{"@type":"WebSite","@id":"https:\/\/www.rucashk.com\/pt\/#website","url":"https:\/\/www.rucashk.com\/pt\/","name":"Rucas - Wholesale and distribution worldwide","alternateName":"Rucas - One-stop AIoT Distribution Worldwide","description":"One-stop AIoT Distribution Worldwide","inLanguage":"pt-PT","publisher":{"@id":"https:\/\/www.rucashk.com\/pt\/#organization"}}]}},"aioseo_meta_data":{"post_id":"25366","title":null,"description":null,"keywords":null,"keyphrases":null,"primary_term":null,"canonical_url":null,"og_title":null,"og_description":null,"og_object_type":"default","og_image_type":"default","og_image_url":null,"og_image_width":null,"og_image_height":null,"og_image_custom_url":null,"og_image_custom_fields":null,"og_video":null,"og_custom_url":null,"og_article_section":null,"og_article_tags":null,"twitter_use_og":false,"twitter_card":"default","twitter_image_type":"default","twitter_image_url":null,"twitter_image_custom_url":null,"twitter_image_custom_fields":null,"twitter_title":null,"twitter_description":null,"schema":{"blockGraphs":[],"customGraphs":[],"default":{"data":{"Article":[],"Course":[],"Dataset":[],"FAQPage":[],"Movie":[],"Person":[],"Product":[],"Recipe":[],"Service":[],"SoftwareApplication":[],"WebPage":[]},"graphName":"","isEnabled":true},"graphs":[]},"schema_type":"default","schema_type_options":null,"pillar_content":false,"robots_default":true,"robots_noindex":false,"robots_noarchive":false,"robots_nosnippet":false,"robots_nofollow":false,"robots_noimageindex":false,"robots_noodp":false,"robots_notranslate":false,"robots_max_snippet":null,"robots_max_videopreview":null,"robots_max_imagepreview":"large","priority":null,"frequency":null,"local_seo":null,"breadcrumb_settings":null,"limit_modified_date":false,"created":"2024-04-11 01:57:18","updated":"2025-06-22 17:53:06"},"aioseo_breadcrumb":"<div class=\"aioseo-breadcrumbs\"><span class=\"aioseo-breadcrumb\">\n\t<a href=\"https:\/\/www.rucashk.com\/pt\" title=\"Home\">Home<\/a>\n<\/span><span class=\"aioseo-breadcrumb-separator\">&raquo;<\/span><span class=\"aioseo-breadcrumb\">\n\t<a href=\"https:\/\/www.rucashk.com\/pt\/products\/\" title=\"Produtos\">Produtos<\/a>\n<\/span><span class=\"aioseo-breadcrumb-separator\">&raquo;<\/span><span class=\"aioseo-breadcrumb\">\n\t<a href=\"https:\/\/www.rucashk.com\/pt\/categoria-produto\/xiaomi-eco\/\" title=\"Xiaomi Eco\">Xiaomi Eco<\/a>\n<\/span><span class=\"aioseo-breadcrumb-separator\">&raquo;<\/span><span class=\"aioseo-breadcrumb\">\n\t<a href=\"https:\/\/www.rucashk.com\/pt\/categoria-produto\/xiaomi-eco\/others\/\" title=\"Others\">Others<\/a>\n<\/span><span class=\"aioseo-breadcrumb-separator\">&raquo;<\/span><span class=\"aioseo-breadcrumb\">\n\tHIMO Eectric Bicycle C30R\n<\/span><\/div>","aioseo_breadcrumb_json":[{"label":"Home","link":"https:\/\/www.rucashk.com\/pt"},{"label":"Produtos","link":"https:\/\/www.rucashk.com\/pt\/products\/"},{"label":"Xiaomi Eco","link":"https:\/\/www.rucashk.com\/pt\/categoria-produto\/xiaomi-eco\/"},{"label":"Others","link":"https:\/\/www.rucashk.com\/pt\/categoria-produto\/xiaomi-eco\/others\/"},{"label":"HIMO Eectric Bicycle C30R","link":"https:\/\/www.rucashk.com\/pt\/produto\/himo-eectric-bicycle-c30r\/"}],"_links":{"self":[{"href":"https:\/\/www.rucashk.com\/pt\/wp-json\/wp\/v2\/product\/25366","targetHints":{"allow":["GET"]}}],"collection":[{"href":"https:\/\/www.rucashk.com\/pt\/wp-json\/wp\/v2\/product"}],"about":[{"href":"https:\/\/www.rucashk.com\/pt\/wp-json\/wp\/v2\/types\/product"}],"wp:featuredmedia":[{"embeddable":true,"href":"https:\/\/www.rucashk.com\/pt\/wp-json\/wp\/v2\/media\/25474"}],"wp:attachment":[{"href":"https:\/\/www.rucashk.com\/pt\/wp-json\/wp\/v2\/media?parent=25366"}],"wp:term":[{"taxonomy":"product_brand","embeddable":true,"href":"https:\/\/www.rucashk.com\/pt\/wp-json\/wp\/v2\/product_brand?post=25366"},{"taxonomy":"product_cat","embeddable":true,"href":"https:\/\/www.rucashk.com\/pt\/wp-json\/wp\/v2\/product_cat?post=25366"},{"taxonomy":"product_tag","embeddable":true,"href":"https:\/\/www.rucashk.com\/pt\/wp-json\/wp\/v2\/product_tag?post=25366"}],"curies":[{"name":"wp","href":"https:\/\/api.w.org\/{rel}","templated":true}]}}