{"id":25336,"date":"2024-01-09T16:16:16","date_gmt":"2024-01-09T16:16:16","guid":{"rendered":"http:\/\/rucashk.com\/?post_type=product&#038;p=25336"},"modified":"2024-01-21T08:28:10","modified_gmt":"2024-01-21T08:28:10","slug":"mavic-2-fly-more-combo-kit","status":"publish","type":"product","link":"https:\/\/www.rucashk.com\/pt\/produto\/mavic-2-fly-more-combo-kit\/","title":{"rendered":"Kit combo DJI MAVIC 2 fly more"},"content":{"rendered":"<p style=\"text-align: center\" data-spm-anchor-id=\"a2g0o.detail.1000023.i1.28e5692e73LqRc\"><strong>Kit combo DJI Mavic 2 pro fly mais<\/strong><\/p>\n<p style=\"text-align: center\"><strong><img fetchpriority=\"high\" decoding=\"async\" class=\"aligncenter\" src=\"https:\/\/www.rucashk.com\/wp-content\/uploads\/2021\/05\/HTB1LUnJKk9WBuNjSspeq6yz5VXaw.jpg\" alt=\"MAVIC 2 fly more combo kit\" width=\"720\" height=\"480\" data-spm-anchor-id=\"a2g0o.detail.1000023.i0.28e5692e73LqRc\" \/><img decoding=\"async\" class=\"aligncenter\" src=\"https:\/\/www.rucashk.com\/wp-content\/uploads\/2021\/05\/HTB1__VwdjbguuRkHFrdq6z.LFXay_.jpg\" alt=\"MAVIC 2 fly more combo kit\" width=\"720\" height=\"480\" \/><\/strong><\/p>\n<hr class=\"bucketDivider\" noshade=\"noshade\" size=\"1\" \/>\n<h2 style=\"text-align: center\">Do fabricante<\/h2>\n<div class=\"aplus-v2 desktop celwidget\" style=\"text-align: center\" data-csa-c-id=\"m6o12b-he39i3-xtn4ku-en4q94\" data-cel-widget=\"aplus\">\n<div class=\"celwidget aplus-module module-2 aplus-standard\" data-csa-c-id=\"js69yk-ekqbv3-cvuj0d-ssc3y3\" data-cel-widget=\"aplus-module-2\">\n<div class=\"a-expander-collapsed-height a-row a-expander-container a-expander-partial-collapse-container\" data-a-expander-name=\"aplus-module-expander\" data-a-expander-collapsed-height=\"700\">\n<div class=\"a-expander-content a-expander-partial-collapse-content\">\n<div class=\"aplus-module-wrapper apm-floatnone apm-fixed-width\">\n<div class=\"apm-sidemodule apm-spacing\">\n<div class=\"apm-sidemodule-imageleft\"><img decoding=\"async\" class=\"aligncenter\" src=\"https:\/\/www.rucashk.com\/wp-content\/uploads\/2021\/05\/79c622bf-fc83-42eb-8935-2d54b1223773.__CR640025602560_PT0_SX300_V1___.jpg\" alt=\" MAVIC 2 fly more combo kit\" width=\"803\" height=\"803\" data-src=\"https:\/\/www.rucashk.com\/wp-content\/uploads\/2021\/05\/79c622bf-fc83-42eb-8935-2d54b1223773.__CR640025602560_PT0_SX300_V1___.jpg\" \/><\/div>\n<div class=\"apm-sidemodule-textright\">\n<h3 class=\"a-spacing-mini\">Kit DJI Mavic 2 Fly More para pacote combinado de acess\u00f3rios Mavic 2 PRO e Mavic 2 Zoom<\/h3>\n<p>O kit Mavic 2 Fly More inclui duas baterias de voo inteligentes, um carregador de carro Mavic 2, um hub de carregamento de bateria, um adaptador de bateria para banco de energia, h\u00e9lices de baixo ru\u00eddo e uma bolsa de ombro Mavic 2, fornecendo suporte abrangente durante a filmagem.<\/p>\n<p>Ambas as baterias de voo inteligentes t\u00eam capacidade de at\u00e9 59,29 Wh e cada uma tem tempo m\u00e1ximo de voo de 31 minutos. Com um sistema de gerenciamento inteligente de bateria DJI integrado, o status da bateria \u00e9 monitorado e relatado em tempo real, permitindo que voc\u00ea se concentre menos nos n\u00edveis de energia e mais em ter um voo \u00e9pico.<\/p>\n<p>O carregador de carro Mavic 2 permite carregar baterias enquanto dirige, tem pot\u00eancia m\u00e1xima de sa\u00edda de at\u00e9 80W e possui tecnologia de prote\u00e7\u00e3o de baixa tens\u00e3o que garante que a carga n\u00e3o impedir\u00e1 a partida normal do seu carro.<\/p>\n<\/div>\n<\/div>\n<\/div>\n<div><\/div>\n<\/div>\n<\/div>\n<\/div>\n<div class=\"celwidget aplus-module module-3 aplus-standard\" data-csa-c-id=\"r5bk9e-tn39p7-6dsm61-a48fjp\" data-cel-widget=\"aplus-module-3\">\n<div class=\"a-expander-collapsed-height a-row a-expander-container a-expander-partial-collapse-container\" data-a-expander-name=\"aplus-module-expander\" data-a-expander-collapsed-height=\"700\">\n<div class=\"a-expander-content a-expander-partial-collapse-content\">\n<div class=\"aplus-module-wrapper apm-floatnone apm-fixed-width\">\n<div class=\"apm-sidemodule apm-spacing\">\n<div class=\"apm-sidemodule-imageright\"><\/div>\n<div class=\"apm-sidemodule-textleft\">\n<p>O Battery Charging Hub aumenta a efici\u00eancia carregando as baterias em sequ\u00eancia de acordo com o n\u00edvel de energia restante, com as baterias mais carregadas recebendo energia primeiro. Gra\u00e7as ao design dobr\u00e1vel do Battery Charging Hub, \u00e9 f\u00e1cil lev\u00e1-lo onde quer que voc\u00ea v\u00e1. Voc\u00ea pode at\u00e9 desfrutar de at\u00e9 quatro portas de carregamento ao us\u00e1-lo com o carregador de carro ou carregador de bateria.<\/p>\n<p>O adaptador de bateria para banco de energia transforma suas baterias de voo inteligentes em bancos de energia de alta capacidade. Cada adaptador de bateria para banco de energia possui duas portas USB Tipo A, oferecendo sa\u00edda dupla de 10 W, permitindo carregar totalmente um smartphone usando apenas 20% de uma bateria.<\/p>\n<p>Dois pares de h\u00e9lices de baixo ru\u00eddo tamb\u00e9m v\u00eam no kit. Essas h\u00e9lices de pr\u00f3xima gera\u00e7\u00e3o adotam um design aerodin\u00e2mico totalmente novo, que resulta em um voo mais silencioso, maior efici\u00eancia e maior tempo de voo.<\/p>\n<\/div>\n<\/div>\n<\/div>\n<div><\/div>\n<\/div>\n<\/div>\n<\/div>\n<div class=\"celwidget aplus-module basic-module-13-text aplus-standard\" data-csa-c-id=\"yvb5b3-mjnf9s-nrtj4f-8nfe14\" data-cel-widget=\"aplus-basic-module-13-text\">\n<div class=\"a-section a-spacing-none aplus-module aplus-module-13 aplus-module-wrapper apm-fixed-width\">\n<div class=\"a-section a-spacing-none aplus-13-heading\"><\/div>\n<div class=\"a-section a-spacing-none aplus-module-section aplus-text-section\">\n<p class=\"description\">A vers\u00e1til bolsa de ombro Mavic 2 foi especialmente projetada para o Mavic 2. \u00c9 capaz de acomodar uma aeronave, um controle remoto, quatro baterias de voo inteligentes, um smartphone, h\u00e9lices extras, filtros ND, cabos, cart\u00f5es microSD e muitos outros acess\u00f3rios.<\/p>\n<p class=\"description\"><span class=\"a-text-bold\">Destaques<\/span><\/p>\n<p><span class=\"a-list-item\">V\u00e1rias baterias de voo inteligentes para um voo mais longo<\/span><\/p>\n<p><span class=\"a-list-item\">Carregue as baterias enquanto dirige<\/span><\/p>\n<p><span class=\"a-list-item\">Transforme suas baterias em bancos de energia<\/span><\/p>\n<p><span class=\"a-list-item\">H\u00e9lices de baixo ru\u00eddo para um voo mais silencioso<\/span><\/p>\n<p><span class=\"a-list-item\">Uma bolsa de ombro vers\u00e1til para carregar tudo<\/span><\/p>\n<\/div>\n<\/div>\n<\/div>\n<\/div>\n<p style=\"text-align: center\"><strong><img decoding=\"async\" class=\"aligncenter\" src=\"https:\/\/www.rucashk.com\/wp-content\/uploads\/2021\/05\/HTB1k60hXsvrK1Rjy0Feq6ATmVXa4.jpg\" data-spm-anchor-id=\"a2g0o.detail.1000023.i2.28e5692e73LqRc\" \/><\/strong><\/p>\n<p style=\"text-align: center\">","protected":false},"excerpt":{"rendered":"<p><span id=\"productTitle\" class=\"a-size-large product-title-word-break\">Kit DJI Mavic 2 Fly More para pacote combinado de acess\u00f3rios Mavic 2 PRO e Mavic 2 Zoom<\/span><\/p>\n<table class=\"a-normal a-spacing-micro\">\n<tbody>\n<tr class=\"a-spacing-small\">\n<td class=\"a-span3\"><span class=\"a-size-base a-text-bold\">Marca<\/span><\/td>\n<td class=\"a-span9\"><span class=\"a-size-base\">DJI<\/span><\/td>\n<\/tr>\n<tr class=\"a-spacing-small\">\n<td class=\"a-span3\"><span class=\"a-size-base a-text-bold\">Nome do modelo<\/span><\/td>\n<td class=\"a-span9\"><span class=\"a-size-base\">CP.MA.00000037.01<\/span><\/td>\n<\/tr>\n<tr class=\"a-spacing-small\">\n<td class=\"a-span3\"><span class=\"a-size-base a-text-bold\">Material<\/span><\/td>\n<td class=\"a-span9\"><span class=\"a-size-base\">Couro do falso<\/span><\/td>\n<\/tr>\n<tr class=\"a-spacing-small\">\n<td class=\"a-span3\"><span class=\"a-size-base a-text-bold\">As baterias est\u00e3o inclu\u00eddas<\/span><\/td>\n<td class=\"a-span9\"><span class=\"a-size-base\">Sim<\/span><\/td>\n<\/tr>\n<tr class=\"a-spacing-small\">\n<td class=\"a-span3\"><span class=\"a-size-base a-text-bold\">Peso do Item<\/span><\/td>\n<td class=\"a-span9\"><span class=\"a-size-base\">600 gramas<\/span><\/td>\n<\/tr>\n<tr class=\"a-spacing-small\">\n<td class=\"a-span3\"><span class=\"a-size-base a-text-bold\">Controle remoto inclu\u00eddo?<\/span><\/td>\n<td class=\"a-span9\"><span class=\"a-size-base\">N\u00e3o<\/span><\/td>\n<\/tr>\n<tr class=\"a-spacing-small\">\n<td class=\"a-span3\"><span class=\"a-size-base a-text-bold\">Composi\u00e7\u00e3o da c\u00e9lula da bateria<\/span><\/td>\n<td class=\"a-span9\"><span class=\"a-size-base\">\u00cdon de l\u00edtio<\/span><\/td>\n<\/tr>\n<tr class=\"a-spacing-small\">\n<td class=\"a-span3\"><span class=\"a-size-base a-text-bold\">Bateria recarreg\u00e1vel inclu\u00edda<\/span><\/td>\n<td class=\"a-span9\"><span class=\"a-size-base\">Sim<\/span><\/td>\n<\/tr>\n<\/tbody>\n<\/table>","protected":false},"featured_media":25458,"template":"","meta":[],"product_brand":[],"product_cat":[1322],"product_tag":[],"class_list":{"0":"post-25336","1":"product","2":"type-product","3":"status-publish","4":"has-post-thumbnail","6":"product_cat-other-a-brands","8":"first","9":"instock","10":"shipping-taxable","11":"product-type-simple"},"aioseo_notices":[],"aioseo_head":"\n\t\t<!-- All in One SEO Pro 4.5.9.2 - aioseo.com -->\n\t\t<meta name=\"description\" content=\"DJI Mavic 2 Fly More Kit for Mavic 2 PRO &amp; Mavic 2 Zoom Accessories Combo Bundle Brand DJI Model Name CP.MA.00000037.01 Material Faux Leather Are Batteries Included Yes Item Weight 600 Grams Remote Control Included? No Battery Cell Composition Lithium Ion Rechargeable Battery Included Yes\" \/>\n\t\t<meta name=\"robots\" content=\"max-image-preview:large\" \/>\n\t\t<link rel=\"canonical\" href=\"https:\/\/www.rucashk.com\/pt\/produto\/mavic-2-fly-more-combo-kit\/\" \/>\n\t\t<meta name=\"generator\" content=\"All in One SEO Pro (AIOSEO) 4.5.9.2\" \/>\n\t\t<meta property=\"og:locale\" content=\"pt_PT\" \/>\n\t\t<meta property=\"og:site_name\" content=\"Rucas - One-stop AIoT Distribution Worldwide\" \/>\n\t\t<meta property=\"og:type\" content=\"article\" \/>\n\t\t<meta property=\"og:title\" content=\"DJI MAVIC 2 fly more combo kit - Rucas - Wholesale and Distribution\" \/>\n\t\t<meta property=\"og:description\" content=\"DJI Mavic 2 Fly More Kit for Mavic 2 PRO &amp; Mavic 2 Zoom Accessories Combo Bundle Brand DJI Model Name CP.MA.00000037.01 Material Faux Leather Are Batteries Included Yes Item Weight 600 Grams Remote Control Included? No Battery Cell Composition Lithium Ion Rechargeable Battery Included Yes\" \/>\n\t\t<meta property=\"og:url\" content=\"https:\/\/www.rucashk.com\/pt\/produto\/mavic-2-fly-more-combo-kit\/\" \/>\n\t\t<meta property=\"og:image\" content=\"https:\/\/www.rucashk.com\/wp-content\/uploads\/replace\/503b8e645f128a97ccde2b6290747646.jpeg\" \/>\n\t\t<meta property=\"og:image:secure_url\" content=\"https:\/\/www.rucashk.com\/wp-content\/uploads\/replace\/503b8e645f128a97ccde2b6290747646.jpeg\" \/>\n\t\t<meta property=\"og:image:width\" content=\"1456\" \/>\n\t\t<meta property=\"og:image:height\" content=\"816\" \/>\n\t\t<meta property=\"article:published_time\" content=\"2024-01-09T16:16:16+00:00\" \/>\n\t\t<meta property=\"article:modified_time\" content=\"2024-01-21T08:28:10+00:00\" \/>\n\t\t<meta name=\"twitter:card\" content=\"summary_large_image\" \/>\n\t\t<meta name=\"twitter:title\" content=\"DJI MAVIC 2 fly more combo kit - Rucas - Wholesale and Distribution\" \/>\n\t\t<meta name=\"twitter:description\" content=\"DJI Mavic 2 Fly More Kit for Mavic 2 PRO &amp; Mavic 2 Zoom Accessories Combo Bundle Brand DJI Model Name CP.MA.00000037.01 Material Faux Leather Are Batteries Included Yes Item Weight 600 Grams Remote Control Included? No Battery Cell Composition Lithium Ion Rechargeable Battery Included Yes\" \/>\n\t\t<meta name=\"twitter:image\" content=\"https:\/\/www.rucashk.com\/wp-content\/uploads\/replace\/503b8e645f128a97ccde2b6290747646.jpeg\" \/>\n\t\t<script type=\"application\/ld+json\" class=\"aioseo-schema\">\n\t\t\t{\"@context\":\"https:\\\/\\\/schema.org\",\"@graph\":[{\"@type\":\"BreadcrumbList\",\"@id\":\"https:\\\/\\\/www.rucashk.com\\\/pt\\\/produto\\\/mavic-2-fly-more-combo-kit\\\/#breadcrumblist\",\"itemListElement\":[{\"@type\":\"ListItem\",\"@id\":\"https:\\\/\\\/www.rucashk.com\\\/pt\\\/#listItem\",\"position\":1,\"name\":\"Home\",\"item\":\"https:\\\/\\\/www.rucashk.com\\\/pt\\\/\",\"nextItem\":\"https:\\\/\\\/www.rucashk.com\\\/pt\\\/produto\\\/mavic-2-fly-more-combo-kit\\\/#listItem\"},{\"@type\":\"ListItem\",\"@id\":\"https:\\\/\\\/www.rucashk.com\\\/pt\\\/produto\\\/mavic-2-fly-more-combo-kit\\\/#listItem\",\"position\":2,\"name\":\"DJI MAVIC 2 fly more combo kit\",\"previousItem\":\"https:\\\/\\\/www.rucashk.com\\\/pt\\\/#listItem\"}]},{\"@type\":\"Organization\",\"@id\":\"https:\\\/\\\/www.rucashk.com\\\/pt\\\/#organization\",\"name\":\"Rucas\",\"url\":\"https:\\\/\\\/www.rucashk.com\\\/pt\\\/\",\"logo\":{\"@type\":\"ImageObject\",\"url\":\"https:\\\/\\\/www.rucashk.com\\\/wp-content\\\/uploads\\\/2023\\\/12\\\/Rucas_campany_logo.png\",\"@id\":\"https:\\\/\\\/www.rucashk.com\\\/pt\\\/produto\\\/mavic-2-fly-more-combo-kit\\\/#organizationLogo\",\"width\":221,\"height\":65},\"image\":{\"@id\":\"https:\\\/\\\/www.rucashk.com\\\/pt\\\/#organizationLogo\"}},{\"@type\":\"Person\",\"@id\":\"https:\\\/\\\/www.rucashk.com\\\/pt\\\/author\\\/admin\\\/#author\",\"url\":\"https:\\\/\\\/www.rucashk.com\\\/pt\\\/author\\\/admin\\\/\",\"name\":\"admin\",\"image\":{\"@type\":\"ImageObject\",\"@id\":\"https:\\\/\\\/www.rucashk.com\\\/pt\\\/produto\\\/mavic-2-fly-more-combo-kit\\\/#authorImage\",\"url\":\"https:\\\/\\\/secure.gravatar.com\\\/avatar\\\/b7c8925b09a27e72b30232f8ecaadbd5af0f70a38c78096863fe51b64f031c24?s=96&d=mm&r=g\",\"width\":96,\"height\":96,\"caption\":\"admin\"}},{\"@type\":\"WebPage\",\"@id\":\"https:\\\/\\\/www.rucashk.com\\\/pt\\\/produto\\\/mavic-2-fly-more-combo-kit\\\/#webpage\",\"url\":\"https:\\\/\\\/www.rucashk.com\\\/pt\\\/produto\\\/mavic-2-fly-more-combo-kit\\\/\",\"name\":\"DJI MAVIC 2 fly more combo kit - Rucas - Wholesale and Distribution\",\"description\":\"DJI Mavic 2 Fly More Kit for Mavic 2 PRO & Mavic 2 Zoom Accessories Combo Bundle Brand DJI Model Name CP.MA.00000037.01 Material Faux Leather Are Batteries Included Yes Item Weight 600 Grams Remote Control Included? No Battery Cell Composition Lithium Ion Rechargeable Battery Included Yes\",\"inLanguage\":\"pt-PT\",\"isPartOf\":{\"@id\":\"https:\\\/\\\/www.rucashk.com\\\/pt\\\/#website\"},\"breadcrumb\":{\"@id\":\"https:\\\/\\\/www.rucashk.com\\\/pt\\\/produto\\\/mavic-2-fly-more-combo-kit\\\/#breadcrumblist\"},\"author\":{\"@id\":\"https:\\\/\\\/www.rucashk.com\\\/pt\\\/author\\\/admin\\\/#author\"},\"creator\":{\"@id\":\"https:\\\/\\\/www.rucashk.com\\\/pt\\\/author\\\/admin\\\/#author\"},\"image\":{\"@type\":\"ImageObject\",\"url\":\"https:\\\/\\\/www.rucashk.com\\\/wp-content\\\/uploads\\\/2024\\\/01\\\/large_7aba93f6-dbaf-44b4-82e7-9bbab2f1f059.jpg\",\"@id\":\"https:\\\/\\\/www.rucashk.com\\\/pt\\\/produto\\\/mavic-2-fly-more-combo-kit\\\/#mainImage\",\"width\":800,\"height\":800},\"primaryImageOfPage\":{\"@id\":\"https:\\\/\\\/www.rucashk.com\\\/pt\\\/produto\\\/mavic-2-fly-more-combo-kit\\\/#mainImage\"},\"datePublished\":\"2024-01-09T16:16:16+00:00\",\"dateModified\":\"2024-01-21T08:28:10+00:00\"},{\"@type\":\"WebSite\",\"@id\":\"https:\\\/\\\/www.rucashk.com\\\/pt\\\/#website\",\"url\":\"https:\\\/\\\/www.rucashk.com\\\/pt\\\/\",\"name\":\"Rucas - Wholesale and distribution worldwide\",\"alternateName\":\"Rucas - One-stop AIoT Distribution Worldwide\",\"description\":\"One-stop AIoT Distribution Worldwide\",\"inLanguage\":\"pt-PT\",\"publisher\":{\"@id\":\"https:\\\/\\\/www.rucashk.com\\\/pt\\\/#organization\"}}]}\n\t\t<\/script>\n\t\t<!-- All in One SEO Pro -->\r\n\t\t<title>DJI MAVIC 2 fly more combo kit - Rucas - Wholesale and Distribution<\/title>\n\n","aioseo_head_json":{"title":"DJI MAVIC 2 fly more combo kit - Rucas - Wholesale and Distribution","description":"DJI Mavic 2 Fly More Kit for Mavic 2 PRO & Mavic 2 Zoom Accessories Combo Bundle Brand DJI Model Name CP.MA.00000037.01 Material Faux Leather Are Batteries Included Yes Item Weight 600 Grams Remote Control Included? No Battery Cell Composition Lithium Ion Rechargeable Battery Included Yes","canonical_url":"https:\/\/www.rucashk.com\/pt\/produto\/mavic-2-fly-more-combo-kit\/","robots":"max-image-preview:large","keywords":"","webmasterTools":{"miscellaneous":""},"og:locale":"pt_PT","og:site_name":"Rucas - One-stop AIoT Distribution Worldwide","og:type":"article","og:title":"DJI MAVIC 2 fly more combo kit - Rucas - Wholesale and Distribution","og:description":"DJI Mavic 2 Fly More Kit for Mavic 2 PRO &amp; Mavic 2 Zoom Accessories Combo Bundle Brand DJI Model Name CP.MA.00000037.01 Material Faux Leather Are Batteries Included Yes Item Weight 600 Grams Remote Control Included? No Battery Cell Composition Lithium Ion Rechargeable Battery Included Yes","og:url":"https:\/\/www.rucashk.com\/pt\/produto\/mavic-2-fly-more-combo-kit\/","og:image":"https:\/\/www.rucashk.com\/wp-content\/uploads\/replace\/503b8e645f128a97ccde2b6290747646.jpeg","og:image:secure_url":"https:\/\/www.rucashk.com\/wp-content\/uploads\/replace\/503b8e645f128a97ccde2b6290747646.jpeg","og:image:width":1456,"og:image:height":816,"article:published_time":"2024-01-09T16:16:16+00:00","article:modified_time":"2024-01-21T08:28:10+00:00","twitter:card":"summary_large_image","twitter:title":"DJI MAVIC 2 fly more combo kit - Rucas - Wholesale and Distribution","twitter:description":"DJI Mavic 2 Fly More Kit for Mavic 2 PRO &amp; Mavic 2 Zoom Accessories Combo Bundle Brand DJI Model Name CP.MA.00000037.01 Material Faux Leather Are Batteries Included Yes Item Weight 600 Grams Remote Control Included? No Battery Cell Composition Lithium Ion Rechargeable Battery Included Yes","twitter:image":"https:\/\/www.rucashk.com\/wp-content\/uploads\/replace\/503b8e645f128a97ccde2b6290747646.jpeg","schema":{"@context":"https:\/\/schema.org","@graph":[{"@type":"BreadcrumbList","@id":"https:\/\/www.rucashk.com\/pt\/produto\/mavic-2-fly-more-combo-kit\/#breadcrumblist","itemListElement":[{"@type":"ListItem","@id":"https:\/\/www.rucashk.com\/pt\/#listItem","position":1,"name":"Home","item":"https:\/\/www.rucashk.com\/pt\/","nextItem":"https:\/\/www.rucashk.com\/pt\/produto\/mavic-2-fly-more-combo-kit\/#listItem"},{"@type":"ListItem","@id":"https:\/\/www.rucashk.com\/pt\/produto\/mavic-2-fly-more-combo-kit\/#listItem","position":2,"name":"DJI MAVIC 2 fly more combo kit","previousItem":"https:\/\/www.rucashk.com\/pt\/#listItem"}]},{"@type":"Organization","@id":"https:\/\/www.rucashk.com\/pt\/#organization","name":"Rucas","url":"https:\/\/www.rucashk.com\/pt\/","logo":{"@type":"ImageObject","url":"https:\/\/www.rucashk.com\/wp-content\/uploads\/2023\/12\/Rucas_campany_logo.png","@id":"https:\/\/www.rucashk.com\/pt\/produto\/mavic-2-fly-more-combo-kit\/#organizationLogo","width":221,"height":65},"image":{"@id":"https:\/\/www.rucashk.com\/pt\/#organizationLogo"}},{"@type":"Person","@id":"https:\/\/www.rucashk.com\/pt\/author\/admin\/#author","url":"https:\/\/www.rucashk.com\/pt\/author\/admin\/","name":"admin","image":{"@type":"ImageObject","@id":"https:\/\/www.rucashk.com\/pt\/produto\/mavic-2-fly-more-combo-kit\/#authorImage","url":"https:\/\/secure.gravatar.com\/avatar\/b7c8925b09a27e72b30232f8ecaadbd5af0f70a38c78096863fe51b64f031c24?s=96&d=mm&r=g","width":96,"height":96,"caption":"admin"}},{"@type":"WebPage","@id":"https:\/\/www.rucashk.com\/pt\/produto\/mavic-2-fly-more-combo-kit\/#webpage","url":"https:\/\/www.rucashk.com\/pt\/produto\/mavic-2-fly-more-combo-kit\/","name":"DJI MAVIC 2 fly more combo kit - Rucas - Wholesale and Distribution","description":"DJI Mavic 2 Fly More Kit for Mavic 2 PRO & Mavic 2 Zoom Accessories Combo Bundle Brand DJI Model Name CP.MA.00000037.01 Material Faux Leather Are Batteries Included Yes Item Weight 600 Grams Remote Control Included? No Battery Cell Composition Lithium Ion Rechargeable Battery Included Yes","inLanguage":"pt-PT","isPartOf":{"@id":"https:\/\/www.rucashk.com\/pt\/#website"},"breadcrumb":{"@id":"https:\/\/www.rucashk.com\/pt\/produto\/mavic-2-fly-more-combo-kit\/#breadcrumblist"},"author":{"@id":"https:\/\/www.rucashk.com\/pt\/author\/admin\/#author"},"creator":{"@id":"https:\/\/www.rucashk.com\/pt\/author\/admin\/#author"},"image":{"@type":"ImageObject","url":"https:\/\/www.rucashk.com\/wp-content\/uploads\/2024\/01\/large_7aba93f6-dbaf-44b4-82e7-9bbab2f1f059.jpg","@id":"https:\/\/www.rucashk.com\/pt\/produto\/mavic-2-fly-more-combo-kit\/#mainImage","width":800,"height":800},"primaryImageOfPage":{"@id":"https:\/\/www.rucashk.com\/pt\/produto\/mavic-2-fly-more-combo-kit\/#mainImage"},"datePublished":"2024-01-09T16:16:16+00:00","dateModified":"2024-01-21T08:28:10+00:00"},{"@type":"WebSite","@id":"https:\/\/www.rucashk.com\/pt\/#website","url":"https:\/\/www.rucashk.com\/pt\/","name":"Rucas - Wholesale and distribution worldwide","alternateName":"Rucas - One-stop AIoT Distribution Worldwide","description":"One-stop AIoT Distribution Worldwide","inLanguage":"pt-PT","publisher":{"@id":"https:\/\/www.rucashk.com\/pt\/#organization"}}]}},"aioseo_meta_data":{"post_id":"25336","title":null,"description":null,"keywords":null,"keyphrases":null,"primary_term":null,"canonical_url":null,"og_title":null,"og_description":null,"og_object_type":"default","og_image_type":"default","og_image_url":null,"og_image_width":null,"og_image_height":null,"og_image_custom_url":null,"og_image_custom_fields":null,"og_video":null,"og_custom_url":null,"og_article_section":null,"og_article_tags":null,"twitter_use_og":false,"twitter_card":"default","twitter_image_type":"default","twitter_image_url":null,"twitter_image_custom_url":null,"twitter_image_custom_fields":null,"twitter_title":null,"twitter_description":null,"schema":{"blockGraphs":[],"customGraphs":[],"default":{"data":{"Article":[],"Course":[],"Dataset":[],"FAQPage":[],"Movie":[],"Person":[],"Product":[],"Recipe":[],"Service":[],"SoftwareApplication":[],"WebPage":[]},"graphName":"","isEnabled":true},"graphs":[]},"schema_type":"default","schema_type_options":null,"pillar_content":false,"robots_default":true,"robots_noindex":false,"robots_noarchive":false,"robots_nosnippet":false,"robots_nofollow":false,"robots_noimageindex":false,"robots_noodp":false,"robots_notranslate":false,"robots_max_snippet":null,"robots_max_videopreview":null,"robots_max_imagepreview":"large","priority":null,"frequency":null,"local_seo":null,"breadcrumb_settings":null,"limit_modified_date":false,"created":"2024-04-11 01:57:18","updated":"2025-06-22 17:53:04"},"aioseo_breadcrumb":"<div class=\"aioseo-breadcrumbs\"><span class=\"aioseo-breadcrumb\">\n\t<a href=\"https:\/\/www.rucashk.com\/pt\" title=\"Home\">Home<\/a>\n<\/span><span class=\"aioseo-breadcrumb-separator\">&raquo;<\/span><span class=\"aioseo-breadcrumb\">\n\t<a href=\"https:\/\/www.rucashk.com\/pt\/products\/\" title=\"Produtos\">Produtos<\/a>\n<\/span><span class=\"aioseo-breadcrumb-separator\">&raquo;<\/span><span class=\"aioseo-breadcrumb\">\n\t<a href=\"https:\/\/www.rucashk.com\/pt\/categoria-produto\/other-a-brands\/\" title=\"Other A-Brands\">Other A-Brands<\/a>\n<\/span><span class=\"aioseo-breadcrumb-separator\">&raquo;<\/span><span class=\"aioseo-breadcrumb\">\n\tDJI MAVIC 2 fly more combo kit\n<\/span><\/div>","aioseo_breadcrumb_json":[{"label":"Home","link":"https:\/\/www.rucashk.com\/pt"},{"label":"Produtos","link":"https:\/\/www.rucashk.com\/pt\/products\/"},{"label":"Other A-Brands","link":"https:\/\/www.rucashk.com\/pt\/categoria-produto\/other-a-brands\/"},{"label":"DJI MAVIC 2 fly more combo kit","link":"https:\/\/www.rucashk.com\/pt\/produto\/mavic-2-fly-more-combo-kit\/"}],"_links":{"self":[{"href":"https:\/\/www.rucashk.com\/pt\/wp-json\/wp\/v2\/product\/25336","targetHints":{"allow":["GET"]}}],"collection":[{"href":"https:\/\/www.rucashk.com\/pt\/wp-json\/wp\/v2\/product"}],"about":[{"href":"https:\/\/www.rucashk.com\/pt\/wp-json\/wp\/v2\/types\/product"}],"wp:featuredmedia":[{"embeddable":true,"href":"https:\/\/www.rucashk.com\/pt\/wp-json\/wp\/v2\/media\/25458"}],"wp:attachment":[{"href":"https:\/\/www.rucashk.com\/pt\/wp-json\/wp\/v2\/media?parent=25336"}],"wp:term":[{"taxonomy":"product_brand","embeddable":true,"href":"https:\/\/www.rucashk.com\/pt\/wp-json\/wp\/v2\/product_brand?post=25336"},{"taxonomy":"product_cat","embeddable":true,"href":"https:\/\/www.rucashk.com\/pt\/wp-json\/wp\/v2\/product_cat?post=25336"},{"taxonomy":"product_tag","embeddable":true,"href":"https:\/\/www.rucashk.com\/pt\/wp-json\/wp\/v2\/product_tag?post=25336"}],"curies":[{"name":"wp","href":"https:\/\/api.w.org\/{rel}","templated":true}]}}