{"id":25331,"date":"2024-01-09T16:16:16","date_gmt":"2024-01-09T16:16:16","guid":{"rendered":"http:\/\/rucashk.com\/?post_type=product&#038;p=25331"},"modified":"2024-01-21T08:25:58","modified_gmt":"2024-01-21T08:25:58","slug":"mavic-2-pro","status":"publish","type":"product","link":"https:\/\/www.rucashk.com\/pt\/produto\/mavic-2-pro\/","title":{"rendered":"DJI MAVIC 2 pro"},"content":{"rendered":"<p><img \/><img fetchpriority=\"high\" decoding=\"async\" class=\"aligncenter\" src=\"https:\/\/www.rucashk.com\/wp-content\/uploads\/2021\/05\/ef162a07-59ed-48e3-a058-e2698a866b13.__CR0029281200_PT0_SX1464_V1___.jpg\" alt=\"MAVIC 2 pro\" width=\"1464\" height=\"600\" \/><\/p>\n<div class=\"a-section a-spacing-none aplus-module-section aplus-display-table-cell aplus-image-section\"><img decoding=\"async\" class=\"aligncenter\" src=\"https:\/\/www.rucashk.com\/wp-content\/uploads\/2021\/05\/f6d6501a-b1ba-4e7c-a223-af083687c644.__CR170027162037_PT0_SX800_V1___.jpg\" alt=\"Mavic 2 Pro\" data-src=\"https:\/\/www.rucashk.com\/wp-content\/uploads\/2021\/05\/f6d6501a-b1ba-4e7c-a223-af083687c644.__CR170027162037_PT0_SX800_V1___.jpg\" \/><\/div>\n<div class=\"a-section a-spacing-none aplus-module-section aplus-display-table-cell aplus-text-section-right\">\n<h1 class=\"aplus-h1 aplus-module-1-heading a-text-bold\" style=\"text-align: center\">C\u00e2mera Hasselblad L1D-20c<\/h1>\n<p class=\"aplus-p2 aplus-module-1-description\" style=\"text-align: center\">A L1D-20c possui a tecnologia Hasselblad Natural Color Solution da Hasselblad, ajudando os usu\u00e1rios a capturar fotos a\u00e9reas de 20 MP com detalhes impressionantes. O novo sensor CMOS de 1 polegada possui uma \u00e1rea de detec\u00e7\u00e3o ativa quatro vezes mais eficaz que o Mavic Pro original. O sensor grande tamb\u00e9m significa melhor desempenho em ambientes com pouca luz, com uma faixa ISO mais extensa, ISO m\u00e1ximo aumentado de 3.200 para 12.800.<img decoding=\"async\" class=\"wp-image-27113 size-full aligncenter\" src=\"https:\/\/www.rucashk.com\/wp-content\/uploads\/2021\/05\/H84bd38d3fbe74915bfd107ca8700581fH.jpg\" alt=\"MAVIC 2 pro\" width=\"960\" height=\"1426\" \/><\/p>\n<\/div>\n<p><img \/><img \/><img \/><img \/><img \/><img data-spm-anchor-id=\"a2g0o.detail.1000023.i0.32499872jE4yMI\" \/><img \/><img \/><img \/><img \/><img \/><img \/><img \/><img \/><img \/><img \/><img \/><br \/>\n<img decoding=\"async\" class=\"wp-image-27116 size-full aligncenter\" src=\"https:\/\/www.rucashk.com\/wp-content\/uploads\/2021\/05\/H1a11dab47d944cedb6ef6525319117498.jpg\" alt=\"MAVIC 2 pro\" width=\"960\" height=\"1378\" \/> <img loading=\"lazy\" decoding=\"async\" class=\"wp-image-27117 aligncenter\" src=\"https:\/\/www.rucashk.com\/wp-content\/uploads\/2021\/05\/H2e2987bd6ccb4fdc829f89015185d999Q.jpg\" alt=\"MAVIC 2 pro\" width=\"764\" height=\"833\" \/> <img loading=\"lazy\" decoding=\"async\" class=\"wp-image-27118 aligncenter\" src=\"https:\/\/www.rucashk.com\/wp-content\/uploads\/2021\/05\/H4cd1f5ed392f41fc925009e0870ea594z.jpg\" alt=\"MAVIC 2 pro\" width=\"879\" height=\"1221\" \/> <img loading=\"lazy\" decoding=\"async\" class=\"wp-image-27119 aligncenter\" src=\"https:\/\/www.rucashk.com\/wp-content\/uploads\/2021\/05\/H84bd38d3fbe74915bfd107ca8700581fH-1.jpg\" alt=\"\" width=\"1030\" height=\"1530\" \/> \u00a0<img loading=\"lazy\" decoding=\"async\" class=\"wp-image-27121 aligncenter\" src=\"https:\/\/www.rucashk.com\/wp-content\/uploads\/2021\/05\/H6485e173895b41618c43abc9e4493923p.jpg\" alt=\"MAVIC 2 pro\" width=\"861\" height=\"844\" \/> <img loading=\"lazy\" decoding=\"async\" class=\"wp-image-27122 aligncenter\" src=\"https:\/\/www.rucashk.com\/wp-content\/uploads\/2021\/05\/Ha7165177ab474b0bb4d56130e7ae9f33I.jpg\" alt=\"MAVIC 2 pro\" width=\"952\" height=\"1322\" \/><img \/><img \/><img \/><img \/><img \/><img \/><img \/><img \/><img \/><img \/><img \/><br \/>\n<img \/><img \/><img \/><img \/><img data-spm-anchor-id=\"a2g0o.detail.1000023.i1.32499872jE4yMI\" \/><br \/>\n<img \/><img \/><img \/><img data-spm-anchor-id=\"a2g0o.detail.1000023.i0.32499872jE4yMI\" \/><img \/><img \/><img \/><img \/><img \/><img \/><br \/>\n<img loading=\"lazy\" decoding=\"async\" class=\"wp-image-27123 size-full aligncenter\" src=\"https:\/\/www.rucashk.com\/wp-content\/uploads\/2021\/05\/DJI-Mavic-2-Pro-Hasselblad-Camera-4K-HDR-Video-1-CMOS-8km-Remote-31Mins-Flight-Time.jpg\" alt=\"MAVIC 2 pro\" width=\"800\" height=\"800\" \/> <img loading=\"lazy\" decoding=\"async\" class=\"wp-image-27124 aligncenter\" src=\"https:\/\/www.rucashk.com\/wp-content\/uploads\/2021\/05\/DJI-Mavic-2-Pro-Mavic-2-Zoom-DJI-drone-Smart-Controller-Hasselblad-Camera-4K-HDR-Video.jpg\" alt=\"MAVIC 2 pro\" width=\"938\" height=\"938\" \/><img \/><img \/><img \/><img \/><img \/><img \/><img \/><img \/><img \/><img \/><img \/><br \/>\n<img \/><img \/><img \/><img \/><img data-spm-anchor-id=\"a2g0o.detail.1000023.i1.32499872jE4yMI\" \/><br \/>\n<img \/><img \/><img \/><img data-spm-anchor-id=\"a2g0o.detail.1000023.i0.32499872jE4yMI\" \/><img \/><img \/><img \/><img \/><img \/><img \/><img \/><img \/><img \/><img \/><img \/><br \/>\n<img \/><img \/><img \/><img \/><img \/><img \/><img \/><img \/><img \/><img \/><img \/><img \/><br \/>\n<img \/><img \/><img \/><img \/><img data-spm-anchor-id=\"a2g0o.detail.1000023.i1.32499872jE4yMI\" \/><img \/><img \/><img data-spm-anchor-id=\"a2g0o.detail.1000023.i0.32499872jE4yMI\" \/><img \/><img \/><img \/><img \/><img \/><img \/><img \/><img \/><img \/><br \/>\n<img \/><img \/><img \/><img \/><img \/><img \/><img \/><img \/><img \/><img \/><img \/><img \/><\/p>","protected":false},"excerpt":{"rendered":"<table class=\"a-normal a-spacing-micro\">\n<tbody>\n<tr class=\"a-spacing-small\">\n<td class=\"a-span3\">\n<p class=\"product-title-text\" data-spm-anchor-id=\"a2g0o.detail.1000016.i5.571b9872k3ognA\">DJI Mavic 2 Pro with DJI Smart Controller Hasselblad Camera 1&#8243;CMOS Sensor 4K 10-bit HDR Video 8km Remote Control 10-bit Dlog-M<\/p>\n<p><span class=\"a-size-base a-text-bold\">Marca<\/span><\/td>\n<td class=\"a-span9\">&nbsp;<\/p>\n<p>&nbsp;<\/p>\n<p><span class=\"a-size-base\">DJI<\/span><\/td>\n<\/tr>\n<tr class=\"a-spacing-small\">\n<td class=\"a-span3\"><span class=\"a-size-base a-text-bold\">Nome do modelo<\/span><\/td>\n<td class=\"a-span9\"><span class=\"a-size-base\">DJI Mavic 2 Pr\u00f3<\/span><\/td>\n<\/tr>\n<tr class=\"a-spacing-small\">\n<td class=\"a-span3\"><span class=\"a-size-base a-text-bold\">Tipo de controlo<\/span><\/td>\n<td class=\"a-span9\"><span class=\"a-size-base\">Controle remoto<\/span><\/td>\n<\/tr>\n<tr class=\"a-spacing-small\">\n<td class=\"a-span3\"><span class=\"a-size-base a-text-bold\">Tipo de m\u00eddia<\/span><\/td>\n<td class=\"a-span9\"><span class=\"a-size-base\">Cart\u00e3o MicroSD<\/span><\/td>\n<\/tr>\n<tr class=\"a-spacing-small\">\n<td class=\"a-span3\"><span class=\"a-size-base a-text-bold\">Resolu\u00e7\u00e3o de captura de v\u00eddeo<\/span><\/td>\n<td class=\"a-span9\"><span class=\"a-size-base\">4K HD<\/span><\/td>\n<\/tr>\n<tr class=\"a-spacing-small\">\n<td class=\"a-span3\"><span class=\"a-size-base a-text-bold\">As baterias est\u00e3o inclu\u00eddas<\/span><\/td>\n<td class=\"a-span9\"><span class=\"a-size-base\">Sim<\/span><\/td>\n<\/tr>\n<tr class=\"a-spacing-small\">\n<td class=\"a-span3\"><span class=\"a-size-base a-text-bold\">Peso do Item<\/span><\/td>\n<td class=\"a-span9\"><span class=\"a-size-base\">907 gramas<\/span><\/td>\n<\/tr>\n<tr class=\"a-spacing-small\">\n<td class=\"a-span3\"><span class=\"a-size-base a-text-bold\">Controle remoto inclu\u00eddo?<\/span><\/td>\n<td class=\"a-span9\"><span class=\"a-size-base\">Sim<\/span><\/td>\n<\/tr>\n<tr class=\"a-spacing-small\">\n<td class=\"a-span3\"><span class=\"a-size-base a-text-bold\">Composi\u00e7\u00e3o da c\u00e9lula da bateria<\/span><\/td>\n<td class=\"a-span9\"><span class=\"a-size-base\">\u00cdon de l\u00edtio<\/span><\/td>\n<\/tr>\n<tr class=\"a-spacing-small\">\n<td class=\"a-span3\"><span class=\"a-size-base a-text-bold\">Bateria recarreg\u00e1vel inclu\u00edda<\/span><\/td>\n<td class=\"a-span9\"><span class=\"a-size-base\">Sim<\/span><\/td>\n<\/tr>\n<\/tbody>\n<\/table>","protected":false},"featured_media":25427,"template":"","meta":[],"product_brand":[],"product_cat":[1322],"product_tag":[],"class_list":{"0":"post-25331","1":"product","2":"type-product","3":"status-publish","4":"has-post-thumbnail","6":"product_cat-other-a-brands","8":"first","9":"instock","10":"shipping-taxable","11":"product-type-simple"},"aioseo_notices":[],"aioseo_head":"\n\t\t<!-- All in One SEO Pro 4.5.9.2 - aioseo.com -->\n\t\t<meta name=\"description\" content=\"DJI Mavic 2 Pro with DJI Smart Controller Hasselblad Camera 1&quot;CMOS Sensor 4K 10-bit HDR Video 8km Remote Control 10-bit Dlog-M Brand DJI Model Name DJI Mavic 2 Pro Control Type Remote Control Media Type Micro SD Card Video Capture Resolution 4K HD Are Batteries Included Yes Item Weight 907 Grams Remote Control Included? Yes Battery Cell Composition Lithium Ion Rechargeable Battery Included Yes\" \/>\n\t\t<meta name=\"robots\" content=\"max-image-preview:large\" \/>\n\t\t<link rel=\"canonical\" href=\"https:\/\/www.rucashk.com\/pt\/produto\/mavic-2-pro\/\" \/>\n\t\t<meta name=\"generator\" content=\"All in One SEO Pro (AIOSEO) 4.5.9.2\" \/>\n\t\t<meta property=\"og:locale\" content=\"pt_PT\" \/>\n\t\t<meta property=\"og:site_name\" content=\"Rucas - One-stop AIoT Distribution Worldwide\" \/>\n\t\t<meta property=\"og:type\" content=\"article\" \/>\n\t\t<meta property=\"og:title\" content=\"DJI MAVIC 2 pro - Rucas - Wholesale and Distribution\" \/>\n\t\t<meta property=\"og:description\" content=\"DJI Mavic 2 Pro with DJI Smart Controller Hasselblad Camera 1&quot;CMOS Sensor 4K 10-bit HDR Video 8km Remote Control 10-bit Dlog-M Brand DJI Model Name DJI Mavic 2 Pro Control Type Remote Control Media Type Micro SD Card Video Capture Resolution 4K HD Are Batteries Included Yes Item Weight 907 Grams Remote Control Included? Yes Battery Cell Composition Lithium Ion Rechargeable Battery Included Yes\" \/>\n\t\t<meta property=\"og:url\" content=\"https:\/\/www.rucashk.com\/pt\/produto\/mavic-2-pro\/\" \/>\n\t\t<meta property=\"og:image\" content=\"https:\/\/www.rucashk.com\/wp-content\/uploads\/replace\/503b8e645f128a97ccde2b6290747646.jpeg\" \/>\n\t\t<meta property=\"og:image:secure_url\" content=\"https:\/\/www.rucashk.com\/wp-content\/uploads\/replace\/503b8e645f128a97ccde2b6290747646.jpeg\" \/>\n\t\t<meta property=\"og:image:width\" content=\"1456\" \/>\n\t\t<meta property=\"og:image:height\" content=\"816\" \/>\n\t\t<meta property=\"article:published_time\" content=\"2024-01-09T16:16:16+00:00\" \/>\n\t\t<meta property=\"article:modified_time\" content=\"2024-01-21T08:25:58+00:00\" \/>\n\t\t<meta name=\"twitter:card\" content=\"summary_large_image\" \/>\n\t\t<meta name=\"twitter:title\" content=\"DJI MAVIC 2 pro - Rucas - Wholesale and Distribution\" \/>\n\t\t<meta name=\"twitter:description\" content=\"DJI Mavic 2 Pro with DJI Smart Controller Hasselblad Camera 1&quot;CMOS Sensor 4K 10-bit HDR Video 8km Remote Control 10-bit Dlog-M Brand DJI Model Name DJI Mavic 2 Pro Control Type Remote Control Media Type Micro SD Card Video Capture Resolution 4K HD Are Batteries Included Yes Item Weight 907 Grams Remote Control Included? Yes Battery Cell Composition Lithium Ion Rechargeable Battery Included Yes\" \/>\n\t\t<meta name=\"twitter:image\" content=\"https:\/\/www.rucashk.com\/wp-content\/uploads\/replace\/503b8e645f128a97ccde2b6290747646.jpeg\" \/>\n\t\t<script type=\"application\/ld+json\" class=\"aioseo-schema\">\n\t\t\t{\"@context\":\"https:\\\/\\\/schema.org\",\"@graph\":[{\"@type\":\"BreadcrumbList\",\"@id\":\"https:\\\/\\\/www.rucashk.com\\\/pt\\\/produto\\\/mavic-2-pro\\\/#breadcrumblist\",\"itemListElement\":[{\"@type\":\"ListItem\",\"@id\":\"https:\\\/\\\/www.rucashk.com\\\/pt\\\/#listItem\",\"position\":1,\"name\":\"Home\",\"item\":\"https:\\\/\\\/www.rucashk.com\\\/pt\\\/\",\"nextItem\":\"https:\\\/\\\/www.rucashk.com\\\/pt\\\/produto\\\/mavic-2-pro\\\/#listItem\"},{\"@type\":\"ListItem\",\"@id\":\"https:\\\/\\\/www.rucashk.com\\\/pt\\\/produto\\\/mavic-2-pro\\\/#listItem\",\"position\":2,\"name\":\"DJI MAVIC 2 pro\",\"previousItem\":\"https:\\\/\\\/www.rucashk.com\\\/pt\\\/#listItem\"}]},{\"@type\":\"Organization\",\"@id\":\"https:\\\/\\\/www.rucashk.com\\\/pt\\\/#organization\",\"name\":\"Rucas\",\"url\":\"https:\\\/\\\/www.rucashk.com\\\/pt\\\/\",\"logo\":{\"@type\":\"ImageObject\",\"url\":\"https:\\\/\\\/www.rucashk.com\\\/wp-content\\\/uploads\\\/2023\\\/12\\\/Rucas_campany_logo.png\",\"@id\":\"https:\\\/\\\/www.rucashk.com\\\/pt\\\/produto\\\/mavic-2-pro\\\/#organizationLogo\",\"width\":221,\"height\":65},\"image\":{\"@id\":\"https:\\\/\\\/www.rucashk.com\\\/pt\\\/#organizationLogo\"}},{\"@type\":\"Person\",\"@id\":\"https:\\\/\\\/www.rucashk.com\\\/pt\\\/author\\\/admin\\\/#author\",\"url\":\"https:\\\/\\\/www.rucashk.com\\\/pt\\\/author\\\/admin\\\/\",\"name\":\"admin\",\"image\":{\"@type\":\"ImageObject\",\"@id\":\"https:\\\/\\\/www.rucashk.com\\\/pt\\\/produto\\\/mavic-2-pro\\\/#authorImage\",\"url\":\"https:\\\/\\\/secure.gravatar.com\\\/avatar\\\/b7c8925b09a27e72b30232f8ecaadbd5af0f70a38c78096863fe51b64f031c24?s=96&d=mm&r=g\",\"width\":96,\"height\":96,\"caption\":\"admin\"}},{\"@type\":\"WebPage\",\"@id\":\"https:\\\/\\\/www.rucashk.com\\\/pt\\\/produto\\\/mavic-2-pro\\\/#webpage\",\"url\":\"https:\\\/\\\/www.rucashk.com\\\/pt\\\/produto\\\/mavic-2-pro\\\/\",\"name\":\"DJI MAVIC 2 pro - Rucas - Wholesale and Distribution\",\"description\":\"DJI Mavic 2 Pro with DJI Smart Controller Hasselblad Camera 1\\\"CMOS Sensor 4K 10-bit HDR Video 8km Remote Control 10-bit Dlog-M Brand DJI Model Name DJI Mavic 2 Pro Control Type Remote Control Media Type Micro SD Card Video Capture Resolution 4K HD Are Batteries Included Yes Item Weight 907 Grams Remote Control Included? Yes Battery Cell Composition Lithium Ion Rechargeable Battery Included Yes\",\"inLanguage\":\"pt-PT\",\"isPartOf\":{\"@id\":\"https:\\\/\\\/www.rucashk.com\\\/pt\\\/#website\"},\"breadcrumb\":{\"@id\":\"https:\\\/\\\/www.rucashk.com\\\/pt\\\/produto\\\/mavic-2-pro\\\/#breadcrumblist\"},\"author\":{\"@id\":\"https:\\\/\\\/www.rucashk.com\\\/pt\\\/author\\\/admin\\\/#author\"},\"creator\":{\"@id\":\"https:\\\/\\\/www.rucashk.com\\\/pt\\\/author\\\/admin\\\/#author\"},\"image\":{\"@type\":\"ImageObject\",\"url\":\"https:\\\/\\\/www.rucashk.com\\\/wp-content\\\/uploads\\\/2024\\\/01\\\/51wapsIlpIL._AC_SL1200_.jpg\",\"@id\":\"https:\\\/\\\/www.rucashk.com\\\/pt\\\/produto\\\/mavic-2-pro\\\/#mainImage\",\"width\":800,\"height\":800},\"primaryImageOfPage\":{\"@id\":\"https:\\\/\\\/www.rucashk.com\\\/pt\\\/produto\\\/mavic-2-pro\\\/#mainImage\"},\"datePublished\":\"2024-01-09T16:16:16+00:00\",\"dateModified\":\"2024-01-21T08:25:58+00:00\"},{\"@type\":\"WebSite\",\"@id\":\"https:\\\/\\\/www.rucashk.com\\\/pt\\\/#website\",\"url\":\"https:\\\/\\\/www.rucashk.com\\\/pt\\\/\",\"name\":\"Rucas - Wholesale and distribution worldwide\",\"alternateName\":\"Rucas - One-stop AIoT Distribution Worldwide\",\"description\":\"One-stop AIoT Distribution Worldwide\",\"inLanguage\":\"pt-PT\",\"publisher\":{\"@id\":\"https:\\\/\\\/www.rucashk.com\\\/pt\\\/#organization\"}}]}\n\t\t<\/script>\n\t\t<!-- All in One SEO Pro -->\r\n\t\t<title>DJI MAVIC 2 pro - Rucas - Wholesale and Distribution<\/title>\n\n","aioseo_head_json":{"title":"DJI MAVIC 2 pro - Rucas - Wholesale and Distribution","description":"DJI Mavic 2 Pro with DJI Smart Controller Hasselblad Camera 1\"CMOS Sensor 4K 10-bit HDR Video 8km Remote Control 10-bit Dlog-M Brand DJI Model Name DJI Mavic 2 Pro Control Type Remote Control Media Type Micro SD Card Video Capture Resolution 4K HD Are Batteries Included Yes Item Weight 907 Grams Remote Control Included? Yes Battery Cell Composition Lithium Ion Rechargeable Battery Included Yes","canonical_url":"https:\/\/www.rucashk.com\/pt\/produto\/mavic-2-pro\/","robots":"max-image-preview:large","keywords":"","webmasterTools":{"miscellaneous":""},"og:locale":"pt_PT","og:site_name":"Rucas - One-stop AIoT Distribution Worldwide","og:type":"article","og:title":"DJI MAVIC 2 pro - Rucas - Wholesale and Distribution","og:description":"DJI Mavic 2 Pro with DJI Smart Controller Hasselblad Camera 1&quot;CMOS Sensor 4K 10-bit HDR Video 8km Remote Control 10-bit Dlog-M Brand DJI Model Name DJI Mavic 2 Pro Control Type Remote Control Media Type Micro SD Card Video Capture Resolution 4K HD Are Batteries Included Yes Item Weight 907 Grams Remote Control Included? Yes Battery Cell Composition Lithium Ion Rechargeable Battery Included Yes","og:url":"https:\/\/www.rucashk.com\/pt\/produto\/mavic-2-pro\/","og:image":"https:\/\/www.rucashk.com\/wp-content\/uploads\/replace\/503b8e645f128a97ccde2b6290747646.jpeg","og:image:secure_url":"https:\/\/www.rucashk.com\/wp-content\/uploads\/replace\/503b8e645f128a97ccde2b6290747646.jpeg","og:image:width":1456,"og:image:height":816,"article:published_time":"2024-01-09T16:16:16+00:00","article:modified_time":"2024-01-21T08:25:58+00:00","twitter:card":"summary_large_image","twitter:title":"DJI MAVIC 2 pro - Rucas - Wholesale and Distribution","twitter:description":"DJI Mavic 2 Pro with DJI Smart Controller Hasselblad Camera 1&quot;CMOS Sensor 4K 10-bit HDR Video 8km Remote Control 10-bit Dlog-M Brand DJI Model Name DJI Mavic 2 Pro Control Type Remote Control Media Type Micro SD Card Video Capture Resolution 4K HD Are Batteries Included Yes Item Weight 907 Grams Remote Control Included? Yes Battery Cell Composition Lithium Ion Rechargeable Battery Included Yes","twitter:image":"https:\/\/www.rucashk.com\/wp-content\/uploads\/replace\/503b8e645f128a97ccde2b6290747646.jpeg","schema":{"@context":"https:\/\/schema.org","@graph":[{"@type":"BreadcrumbList","@id":"https:\/\/www.rucashk.com\/pt\/produto\/mavic-2-pro\/#breadcrumblist","itemListElement":[{"@type":"ListItem","@id":"https:\/\/www.rucashk.com\/pt\/#listItem","position":1,"name":"Home","item":"https:\/\/www.rucashk.com\/pt\/","nextItem":"https:\/\/www.rucashk.com\/pt\/produto\/mavic-2-pro\/#listItem"},{"@type":"ListItem","@id":"https:\/\/www.rucashk.com\/pt\/produto\/mavic-2-pro\/#listItem","position":2,"name":"DJI MAVIC 2 pro","previousItem":"https:\/\/www.rucashk.com\/pt\/#listItem"}]},{"@type":"Organization","@id":"https:\/\/www.rucashk.com\/pt\/#organization","name":"Rucas","url":"https:\/\/www.rucashk.com\/pt\/","logo":{"@type":"ImageObject","url":"https:\/\/www.rucashk.com\/wp-content\/uploads\/2023\/12\/Rucas_campany_logo.png","@id":"https:\/\/www.rucashk.com\/pt\/produto\/mavic-2-pro\/#organizationLogo","width":221,"height":65},"image":{"@id":"https:\/\/www.rucashk.com\/pt\/#organizationLogo"}},{"@type":"Person","@id":"https:\/\/www.rucashk.com\/pt\/author\/admin\/#author","url":"https:\/\/www.rucashk.com\/pt\/author\/admin\/","name":"admin","image":{"@type":"ImageObject","@id":"https:\/\/www.rucashk.com\/pt\/produto\/mavic-2-pro\/#authorImage","url":"https:\/\/secure.gravatar.com\/avatar\/b7c8925b09a27e72b30232f8ecaadbd5af0f70a38c78096863fe51b64f031c24?s=96&d=mm&r=g","width":96,"height":96,"caption":"admin"}},{"@type":"WebPage","@id":"https:\/\/www.rucashk.com\/pt\/produto\/mavic-2-pro\/#webpage","url":"https:\/\/www.rucashk.com\/pt\/produto\/mavic-2-pro\/","name":"DJI MAVIC 2 pro - Rucas - Wholesale and Distribution","description":"DJI Mavic 2 Pro with DJI Smart Controller Hasselblad Camera 1\"CMOS Sensor 4K 10-bit HDR Video 8km Remote Control 10-bit Dlog-M Brand DJI Model Name DJI Mavic 2 Pro Control Type Remote Control Media Type Micro SD Card Video Capture Resolution 4K HD Are Batteries Included Yes Item Weight 907 Grams Remote Control Included? Yes Battery Cell Composition Lithium Ion Rechargeable Battery Included Yes","inLanguage":"pt-PT","isPartOf":{"@id":"https:\/\/www.rucashk.com\/pt\/#website"},"breadcrumb":{"@id":"https:\/\/www.rucashk.com\/pt\/produto\/mavic-2-pro\/#breadcrumblist"},"author":{"@id":"https:\/\/www.rucashk.com\/pt\/author\/admin\/#author"},"creator":{"@id":"https:\/\/www.rucashk.com\/pt\/author\/admin\/#author"},"image":{"@type":"ImageObject","url":"https:\/\/www.rucashk.com\/wp-content\/uploads\/2024\/01\/51wapsIlpIL._AC_SL1200_.jpg","@id":"https:\/\/www.rucashk.com\/pt\/produto\/mavic-2-pro\/#mainImage","width":800,"height":800},"primaryImageOfPage":{"@id":"https:\/\/www.rucashk.com\/pt\/produto\/mavic-2-pro\/#mainImage"},"datePublished":"2024-01-09T16:16:16+00:00","dateModified":"2024-01-21T08:25:58+00:00"},{"@type":"WebSite","@id":"https:\/\/www.rucashk.com\/pt\/#website","url":"https:\/\/www.rucashk.com\/pt\/","name":"Rucas - Wholesale and distribution worldwide","alternateName":"Rucas - One-stop AIoT Distribution Worldwide","description":"One-stop AIoT Distribution Worldwide","inLanguage":"pt-PT","publisher":{"@id":"https:\/\/www.rucashk.com\/pt\/#organization"}}]}},"aioseo_meta_data":{"post_id":"25331","title":null,"description":null,"keywords":null,"keyphrases":null,"primary_term":null,"canonical_url":null,"og_title":null,"og_description":null,"og_object_type":"default","og_image_type":"default","og_image_url":null,"og_image_width":null,"og_image_height":null,"og_image_custom_url":null,"og_image_custom_fields":null,"og_video":null,"og_custom_url":null,"og_article_section":null,"og_article_tags":null,"twitter_use_og":false,"twitter_card":"default","twitter_image_type":"default","twitter_image_url":null,"twitter_image_custom_url":null,"twitter_image_custom_fields":null,"twitter_title":null,"twitter_description":null,"schema":{"blockGraphs":[],"customGraphs":[],"default":{"data":{"Article":[],"Course":[],"Dataset":[],"FAQPage":[],"Movie":[],"Person":[],"Product":[],"Recipe":[],"Service":[],"SoftwareApplication":[],"WebPage":[]},"graphName":"","isEnabled":true},"graphs":[]},"schema_type":"default","schema_type_options":null,"pillar_content":false,"robots_default":true,"robots_noindex":false,"robots_noarchive":false,"robots_nosnippet":false,"robots_nofollow":false,"robots_noimageindex":false,"robots_noodp":false,"robots_notranslate":false,"robots_max_snippet":null,"robots_max_videopreview":null,"robots_max_imagepreview":"large","priority":null,"frequency":null,"local_seo":null,"breadcrumb_settings":null,"limit_modified_date":false,"created":"2024-04-11 01:57:18","updated":"2025-06-22 17:53:02"},"aioseo_breadcrumb":"<div class=\"aioseo-breadcrumbs\"><span class=\"aioseo-breadcrumb\">\n\t<a href=\"https:\/\/www.rucashk.com\/pt\" title=\"Home\">Home<\/a>\n<\/span><span class=\"aioseo-breadcrumb-separator\">&raquo;<\/span><span class=\"aioseo-breadcrumb\">\n\t<a href=\"https:\/\/www.rucashk.com\/pt\/products\/\" title=\"Produtos\">Produtos<\/a>\n<\/span><span class=\"aioseo-breadcrumb-separator\">&raquo;<\/span><span class=\"aioseo-breadcrumb\">\n\t<a href=\"https:\/\/www.rucashk.com\/pt\/categoria-produto\/other-a-brands\/\" title=\"Other A-Brands\">Other A-Brands<\/a>\n<\/span><span class=\"aioseo-breadcrumb-separator\">&raquo;<\/span><span class=\"aioseo-breadcrumb\">\n\tDJI MAVIC 2 pro\n<\/span><\/div>","aioseo_breadcrumb_json":[{"label":"Home","link":"https:\/\/www.rucashk.com\/pt"},{"label":"Produtos","link":"https:\/\/www.rucashk.com\/pt\/products\/"},{"label":"Other A-Brands","link":"https:\/\/www.rucashk.com\/pt\/categoria-produto\/other-a-brands\/"},{"label":"DJI MAVIC 2 pro","link":"https:\/\/www.rucashk.com\/pt\/produto\/mavic-2-pro\/"}],"_links":{"self":[{"href":"https:\/\/www.rucashk.com\/pt\/wp-json\/wp\/v2\/product\/25331","targetHints":{"allow":["GET"]}}],"collection":[{"href":"https:\/\/www.rucashk.com\/pt\/wp-json\/wp\/v2\/product"}],"about":[{"href":"https:\/\/www.rucashk.com\/pt\/wp-json\/wp\/v2\/types\/product"}],"wp:featuredmedia":[{"embeddable":true,"href":"https:\/\/www.rucashk.com\/pt\/wp-json\/wp\/v2\/media\/25427"}],"wp:attachment":[{"href":"https:\/\/www.rucashk.com\/pt\/wp-json\/wp\/v2\/media?parent=25331"}],"wp:term":[{"taxonomy":"product_brand","embeddable":true,"href":"https:\/\/www.rucashk.com\/pt\/wp-json\/wp\/v2\/product_brand?post=25331"},{"taxonomy":"product_cat","embeddable":true,"href":"https:\/\/www.rucashk.com\/pt\/wp-json\/wp\/v2\/product_cat?post=25331"},{"taxonomy":"product_tag","embeddable":true,"href":"https:\/\/www.rucashk.com\/pt\/wp-json\/wp\/v2\/product_tag?post=25331"}],"curies":[{"name":"wp","href":"https:\/\/api.w.org\/{rel}","templated":true}]}}