{"id":25328,"date":"2024-01-09T16:16:15","date_gmt":"2024-01-09T16:16:15","guid":{"rendered":"http:\/\/rucashk.com\/?post_type=product&#038;p=25328"},"modified":"2024-03-12T08:20:23","modified_gmt":"2024-03-12T08:20:23","slug":"mi-wifi-range-extender-ac1200","status":"publish","type":"product","link":"https:\/\/www.rucashk.com\/pt\/produto\/mi-wifi-range-extender-ac1200\/","title":{"rendered":"Extensor de alcance Mi WiFi AC1200"},"content":{"rendered":"<p><img fetchpriority=\"high\" decoding=\"async\" class=\"wp-image-26715 size-full aligncenter\" src=\"\/wp-content\/uploads\/replace\/d53ba8bf8a1e13c85985d690768bb414.png\" alt=\"\u5c0f\u7c73WiFi\u8303\u56f4\u6269\u5c55\u5668AC1200\" width=\"1888\" height=\"823\" \/> <img decoding=\"async\" class=\"wp-image-26716 aligncenter\" src=\"\/wp-content\/uploads\/replace\/a333d409c106e71f42368a6d279add56.png\" alt=\"\u5c0f\u7c73WiFi\u8303\u56f4\u6269\u5c55\u5668AC1200\" width=\"786\" height=\"332\" \/> <img decoding=\"async\" class=\"wp-image-26717 aligncenter\" src=\"\/wp-content\/uploads\/replace\/2b55aa02b50cf26a4df24282db3a1573.png\" alt=\"\u5c0f\u7c73WiFi\u8303\u56f4\u6269\u5c55\u5668AC1200\" width=\"1087\" height=\"460\" \/> <img loading=\"lazy\" decoding=\"async\" class=\"wp-image-26718 aligncenter\" src=\"\/wp-content\/uploads\/replace\/3d44a564386c4a789134b912ed42aec6.png\" alt=\"\u5c0f\u7c73WiFi\u8303\u56f4\u6269\u5c55\u5668AC1200\" width=\"1044\" height=\"442\" \/> <img loading=\"lazy\" decoding=\"async\" class=\"wp-image-26719 aligncenter\" src=\"\/wp-content\/uploads\/replace\/44ac9ab05cb49574a6b810ed202a07e7.png\" alt=\"\u5c0f\u7c73WiFi\u8303\u56f4\u6269\u5c55\u5668AC1200\" width=\"938\" height=\"347\" \/> <img loading=\"lazy\" decoding=\"async\" class=\"wp-image-26720 aligncenter\" src=\"\/wp-content\/uploads\/replace\/82bc450a11b5ef1a9adc5e8128957025.png\" alt=\"\u5c0f\u7c73WiFi\u8303\u56f4\u6269\u5c55\u5668AC1200\" width=\"727\" height=\"303\" \/><\/p>","protected":false},"excerpt":{"rendered":"<ul>\n<li>Suporta roteador Mi, controle de aplicativo Wi-Fi inteligente e amplificador WiFi de 300 Mbps de atualiza\u00e7\u00e3o autom\u00e1tica<\/li>\n<li>Extensor de alcance WiFi sem fio universal<\/li>\n<li>Extensor de sinal<\/li>\n<li>Repetidor<\/li>\n<li>Amplificador amplificador de sinal de largura de banda de rede<\/li>\n<\/ul>","protected":false},"featured_media":25403,"template":"","meta":[],"product_brand":[],"product_cat":[1315,1305],"product_tag":[],"class_list":{"0":"post-25328","1":"product","2":"type-product","3":"status-publish","4":"has-post-thumbnail","6":"product_cat-tv-accessories","7":"product_cat-xiaomi-eco","9":"first","10":"instock","11":"shipping-taxable","12":"product-type-simple"},"aioseo_notices":[],"aioseo_head":"\n\t\t<!-- All in One SEO Pro 4.5.9.2 - aioseo.com -->\n\t\t<meta name=\"description\" content=\"Support Mi router, smart Wi-Fi application control and automatic update 300Mbps WiFi amplifier Universal wireless WiFi range extender Signal extender Repeater Network bandwidth signal booster amplifier\" \/>\n\t\t<meta name=\"robots\" content=\"max-image-preview:large\" \/>\n\t\t<link rel=\"canonical\" href=\"https:\/\/www.rucashk.com\/pt\/produto\/mi-wifi-range-extender-ac1200\/\" \/>\n\t\t<meta name=\"generator\" content=\"All in One SEO Pro (AIOSEO) 4.5.9.2\" \/>\n\t\t<meta property=\"og:locale\" content=\"pt_PT\" \/>\n\t\t<meta property=\"og:site_name\" content=\"Rucas - One-stop AIoT Distribution Worldwide\" \/>\n\t\t<meta property=\"og:type\" content=\"article\" \/>\n\t\t<meta property=\"og:title\" content=\"Mi WiFi Range Extender AC1200 - Rucas - Wholesale and Distribution\" \/>\n\t\t<meta property=\"og:description\" content=\"Support Mi router, smart Wi-Fi application control and automatic update 300Mbps WiFi amplifier Universal wireless WiFi range extender Signal extender Repeater Network bandwidth signal booster amplifier\" \/>\n\t\t<meta property=\"og:url\" content=\"https:\/\/www.rucashk.com\/pt\/produto\/mi-wifi-range-extender-ac1200\/\" \/>\n\t\t<meta property=\"og:image\" content=\"https:\/\/www.rucashk.com\/wp-content\/uploads\/replace\/503b8e645f128a97ccde2b6290747646.jpeg\" \/>\n\t\t<meta property=\"og:image:secure_url\" content=\"https:\/\/www.rucashk.com\/wp-content\/uploads\/replace\/503b8e645f128a97ccde2b6290747646.jpeg\" \/>\n\t\t<meta property=\"og:image:width\" content=\"1456\" \/>\n\t\t<meta property=\"og:image:height\" content=\"816\" \/>\n\t\t<meta property=\"article:published_time\" content=\"2024-01-09T16:16:15+00:00\" \/>\n\t\t<meta property=\"article:modified_time\" content=\"2024-03-12T08:20:23+00:00\" \/>\n\t\t<meta name=\"twitter:card\" content=\"summary_large_image\" \/>\n\t\t<meta name=\"twitter:title\" content=\"Mi WiFi Range Extender AC1200 - Rucas - Wholesale and Distribution\" \/>\n\t\t<meta name=\"twitter:description\" content=\"Support Mi router, smart Wi-Fi application control and automatic update 300Mbps WiFi amplifier Universal wireless WiFi range extender Signal extender Repeater Network bandwidth signal booster amplifier\" \/>\n\t\t<meta name=\"twitter:image\" content=\"https:\/\/www.rucashk.com\/wp-content\/uploads\/replace\/503b8e645f128a97ccde2b6290747646.jpeg\" \/>\n\t\t<script type=\"application\/ld+json\" class=\"aioseo-schema\">\n\t\t\t{\"@context\":\"https:\\\/\\\/schema.org\",\"@graph\":[{\"@type\":\"BreadcrumbList\",\"@id\":\"https:\\\/\\\/www.rucashk.com\\\/pt\\\/produto\\\/mi-wifi-range-extender-ac1200\\\/#breadcrumblist\",\"itemListElement\":[{\"@type\":\"ListItem\",\"@id\":\"https:\\\/\\\/www.rucashk.com\\\/pt\\\/#listItem\",\"position\":1,\"name\":\"Home\",\"item\":\"https:\\\/\\\/www.rucashk.com\\\/pt\\\/\",\"nextItem\":\"https:\\\/\\\/www.rucashk.com\\\/pt\\\/produto\\\/mi-wifi-range-extender-ac1200\\\/#listItem\"},{\"@type\":\"ListItem\",\"@id\":\"https:\\\/\\\/www.rucashk.com\\\/pt\\\/produto\\\/mi-wifi-range-extender-ac1200\\\/#listItem\",\"position\":2,\"name\":\"Mi WiFi Range Extender AC1200\",\"previousItem\":\"https:\\\/\\\/www.rucashk.com\\\/pt\\\/#listItem\"}]},{\"@type\":\"Organization\",\"@id\":\"https:\\\/\\\/www.rucashk.com\\\/pt\\\/#organization\",\"name\":\"Rucas\",\"url\":\"https:\\\/\\\/www.rucashk.com\\\/pt\\\/\",\"logo\":{\"@type\":\"ImageObject\",\"url\":\"https:\\\/\\\/www.rucashk.com\\\/wp-content\\\/uploads\\\/2023\\\/12\\\/Rucas_campany_logo.png\",\"@id\":\"https:\\\/\\\/www.rucashk.com\\\/pt\\\/produto\\\/mi-wifi-range-extender-ac1200\\\/#organizationLogo\",\"width\":221,\"height\":65},\"image\":{\"@id\":\"https:\\\/\\\/www.rucashk.com\\\/pt\\\/#organizationLogo\"}},{\"@type\":\"Person\",\"@id\":\"https:\\\/\\\/www.rucashk.com\\\/pt\\\/author\\\/admin\\\/#author\",\"url\":\"https:\\\/\\\/www.rucashk.com\\\/pt\\\/author\\\/admin\\\/\",\"name\":\"admin\",\"image\":{\"@type\":\"ImageObject\",\"@id\":\"https:\\\/\\\/www.rucashk.com\\\/pt\\\/produto\\\/mi-wifi-range-extender-ac1200\\\/#authorImage\",\"url\":\"https:\\\/\\\/secure.gravatar.com\\\/avatar\\\/b7c8925b09a27e72b30232f8ecaadbd5af0f70a38c78096863fe51b64f031c24?s=96&d=mm&r=g\",\"width\":96,\"height\":96,\"caption\":\"admin\"}},{\"@type\":\"WebPage\",\"@id\":\"https:\\\/\\\/www.rucashk.com\\\/pt\\\/produto\\\/mi-wifi-range-extender-ac1200\\\/#webpage\",\"url\":\"https:\\\/\\\/www.rucashk.com\\\/pt\\\/produto\\\/mi-wifi-range-extender-ac1200\\\/\",\"name\":\"Mi WiFi Range Extender AC1200 - Rucas - Wholesale and Distribution\",\"description\":\"Support Mi router, smart Wi-Fi application control and automatic update 300Mbps WiFi amplifier Universal wireless WiFi range extender Signal extender Repeater Network bandwidth signal booster amplifier\",\"inLanguage\":\"pt-PT\",\"isPartOf\":{\"@id\":\"https:\\\/\\\/www.rucashk.com\\\/pt\\\/#website\"},\"breadcrumb\":{\"@id\":\"https:\\\/\\\/www.rucashk.com\\\/pt\\\/produto\\\/mi-wifi-range-extender-ac1200\\\/#breadcrumblist\"},\"author\":{\"@id\":\"https:\\\/\\\/www.rucashk.com\\\/pt\\\/author\\\/admin\\\/#author\"},\"creator\":{\"@id\":\"https:\\\/\\\/www.rucashk.com\\\/pt\\\/author\\\/admin\\\/#author\"},\"image\":{\"@type\":\"ImageObject\",\"url\":\"https:\\\/\\\/www.rucashk.com\\\/wp-content\\\/uploads\\\/2024\\\/01\\\/d04c44d4-d526-4b9a-86c9-5663c140b43b-wifi.jpg\",\"@id\":\"https:\\\/\\\/www.rucashk.com\\\/pt\\\/produto\\\/mi-wifi-range-extender-ac1200\\\/#mainImage\",\"width\":800,\"height\":800},\"primaryImageOfPage\":{\"@id\":\"https:\\\/\\\/www.rucashk.com\\\/pt\\\/produto\\\/mi-wifi-range-extender-ac1200\\\/#mainImage\"},\"datePublished\":\"2024-01-09T16:16:15+00:00\",\"dateModified\":\"2024-03-12T08:20:23+00:00\"},{\"@type\":\"WebSite\",\"@id\":\"https:\\\/\\\/www.rucashk.com\\\/pt\\\/#website\",\"url\":\"https:\\\/\\\/www.rucashk.com\\\/pt\\\/\",\"name\":\"Rucas - Wholesale and distribution worldwide\",\"alternateName\":\"Rucas - One-stop AIoT Distribution Worldwide\",\"description\":\"One-stop AIoT Distribution Worldwide\",\"inLanguage\":\"pt-PT\",\"publisher\":{\"@id\":\"https:\\\/\\\/www.rucashk.com\\\/pt\\\/#organization\"}}]}\n\t\t<\/script>\n\t\t<!-- All in One SEO Pro -->\r\n\t\t<title>Mi WiFi Range Extender AC1200 - Rucas - Wholesale and Distribution<\/title>\n\n","aioseo_head_json":{"title":"Mi WiFi Range Extender AC1200 - Rucas - Wholesale and Distribution","description":"Support Mi router, smart Wi-Fi application control and automatic update 300Mbps WiFi amplifier Universal wireless WiFi range extender Signal extender Repeater Network bandwidth signal booster amplifier","canonical_url":"https:\/\/www.rucashk.com\/pt\/produto\/mi-wifi-range-extender-ac1200\/","robots":"max-image-preview:large","keywords":"","webmasterTools":{"miscellaneous":""},"og:locale":"pt_PT","og:site_name":"Rucas - One-stop AIoT Distribution Worldwide","og:type":"article","og:title":"Mi WiFi Range Extender AC1200 - Rucas - Wholesale and Distribution","og:description":"Support Mi router, smart Wi-Fi application control and automatic update 300Mbps WiFi amplifier Universal wireless WiFi range extender Signal extender Repeater Network bandwidth signal booster amplifier","og:url":"https:\/\/www.rucashk.com\/pt\/produto\/mi-wifi-range-extender-ac1200\/","og:image":"https:\/\/www.rucashk.com\/wp-content\/uploads\/replace\/503b8e645f128a97ccde2b6290747646.jpeg","og:image:secure_url":"https:\/\/www.rucashk.com\/wp-content\/uploads\/replace\/503b8e645f128a97ccde2b6290747646.jpeg","og:image:width":1456,"og:image:height":816,"article:published_time":"2024-01-09T16:16:15+00:00","article:modified_time":"2024-03-12T08:20:23+00:00","twitter:card":"summary_large_image","twitter:title":"Mi WiFi Range Extender AC1200 - Rucas - Wholesale and Distribution","twitter:description":"Support Mi router, smart Wi-Fi application control and automatic update 300Mbps WiFi amplifier Universal wireless WiFi range extender Signal extender Repeater Network bandwidth signal booster amplifier","twitter:image":"https:\/\/www.rucashk.com\/wp-content\/uploads\/replace\/503b8e645f128a97ccde2b6290747646.jpeg","schema":{"@context":"https:\/\/schema.org","@graph":[{"@type":"BreadcrumbList","@id":"https:\/\/www.rucashk.com\/pt\/produto\/mi-wifi-range-extender-ac1200\/#breadcrumblist","itemListElement":[{"@type":"ListItem","@id":"https:\/\/www.rucashk.com\/pt\/#listItem","position":1,"name":"Home","item":"https:\/\/www.rucashk.com\/pt\/","nextItem":"https:\/\/www.rucashk.com\/pt\/produto\/mi-wifi-range-extender-ac1200\/#listItem"},{"@type":"ListItem","@id":"https:\/\/www.rucashk.com\/pt\/produto\/mi-wifi-range-extender-ac1200\/#listItem","position":2,"name":"Mi WiFi Range Extender AC1200","previousItem":"https:\/\/www.rucashk.com\/pt\/#listItem"}]},{"@type":"Organization","@id":"https:\/\/www.rucashk.com\/pt\/#organization","name":"Rucas","url":"https:\/\/www.rucashk.com\/pt\/","logo":{"@type":"ImageObject","url":"https:\/\/www.rucashk.com\/wp-content\/uploads\/2023\/12\/Rucas_campany_logo.png","@id":"https:\/\/www.rucashk.com\/pt\/produto\/mi-wifi-range-extender-ac1200\/#organizationLogo","width":221,"height":65},"image":{"@id":"https:\/\/www.rucashk.com\/pt\/#organizationLogo"}},{"@type":"Person","@id":"https:\/\/www.rucashk.com\/pt\/author\/admin\/#author","url":"https:\/\/www.rucashk.com\/pt\/author\/admin\/","name":"admin","image":{"@type":"ImageObject","@id":"https:\/\/www.rucashk.com\/pt\/produto\/mi-wifi-range-extender-ac1200\/#authorImage","url":"https:\/\/secure.gravatar.com\/avatar\/b7c8925b09a27e72b30232f8ecaadbd5af0f70a38c78096863fe51b64f031c24?s=96&d=mm&r=g","width":96,"height":96,"caption":"admin"}},{"@type":"WebPage","@id":"https:\/\/www.rucashk.com\/pt\/produto\/mi-wifi-range-extender-ac1200\/#webpage","url":"https:\/\/www.rucashk.com\/pt\/produto\/mi-wifi-range-extender-ac1200\/","name":"Mi WiFi Range Extender AC1200 - Rucas - Wholesale and Distribution","description":"Support Mi router, smart Wi-Fi application control and automatic update 300Mbps WiFi amplifier Universal wireless WiFi range extender Signal extender Repeater Network bandwidth signal booster amplifier","inLanguage":"pt-PT","isPartOf":{"@id":"https:\/\/www.rucashk.com\/pt\/#website"},"breadcrumb":{"@id":"https:\/\/www.rucashk.com\/pt\/produto\/mi-wifi-range-extender-ac1200\/#breadcrumblist"},"author":{"@id":"https:\/\/www.rucashk.com\/pt\/author\/admin\/#author"},"creator":{"@id":"https:\/\/www.rucashk.com\/pt\/author\/admin\/#author"},"image":{"@type":"ImageObject","url":"https:\/\/www.rucashk.com\/wp-content\/uploads\/2024\/01\/d04c44d4-d526-4b9a-86c9-5663c140b43b-wifi.jpg","@id":"https:\/\/www.rucashk.com\/pt\/produto\/mi-wifi-range-extender-ac1200\/#mainImage","width":800,"height":800},"primaryImageOfPage":{"@id":"https:\/\/www.rucashk.com\/pt\/produto\/mi-wifi-range-extender-ac1200\/#mainImage"},"datePublished":"2024-01-09T16:16:15+00:00","dateModified":"2024-03-12T08:20:23+00:00"},{"@type":"WebSite","@id":"https:\/\/www.rucashk.com\/pt\/#website","url":"https:\/\/www.rucashk.com\/pt\/","name":"Rucas - Wholesale and distribution worldwide","alternateName":"Rucas - One-stop AIoT Distribution Worldwide","description":"One-stop AIoT Distribution Worldwide","inLanguage":"pt-PT","publisher":{"@id":"https:\/\/www.rucashk.com\/pt\/#organization"}}]}},"aioseo_meta_data":{"post_id":"25328","title":null,"description":null,"keywords":null,"keyphrases":null,"primary_term":null,"canonical_url":null,"og_title":null,"og_description":null,"og_object_type":"default","og_image_type":"default","og_image_url":null,"og_image_width":null,"og_image_height":null,"og_image_custom_url":null,"og_image_custom_fields":null,"og_video":null,"og_custom_url":null,"og_article_section":null,"og_article_tags":null,"twitter_use_og":false,"twitter_card":"default","twitter_image_type":"default","twitter_image_url":null,"twitter_image_custom_url":null,"twitter_image_custom_fields":null,"twitter_title":null,"twitter_description":null,"schema":{"blockGraphs":[],"customGraphs":[],"default":{"data":{"Article":[],"Course":[],"Dataset":[],"FAQPage":[],"Movie":[],"Person":[],"Product":[],"Recipe":[],"Service":[],"SoftwareApplication":[],"WebPage":[]},"graphName":"","isEnabled":true},"graphs":[]},"schema_type":"default","schema_type_options":null,"pillar_content":false,"robots_default":true,"robots_noindex":false,"robots_noarchive":false,"robots_nosnippet":false,"robots_nofollow":false,"robots_noimageindex":false,"robots_noodp":false,"robots_notranslate":false,"robots_max_snippet":null,"robots_max_videopreview":null,"robots_max_imagepreview":"large","priority":null,"frequency":null,"local_seo":null,"breadcrumb_settings":null,"limit_modified_date":false,"created":"2024-04-11 01:57:18","updated":"2025-06-22 17:52:01"},"aioseo_breadcrumb":"<div class=\"aioseo-breadcrumbs\"><span class=\"aioseo-breadcrumb\">\n\t<a href=\"https:\/\/www.rucashk.com\/pt\" title=\"Home\">Home<\/a>\n<\/span><span class=\"aioseo-breadcrumb-separator\">&raquo;<\/span><span class=\"aioseo-breadcrumb\">\n\t<a href=\"https:\/\/www.rucashk.com\/pt\/products\/\" title=\"Produtos\">Produtos<\/a>\n<\/span><span class=\"aioseo-breadcrumb-separator\">&raquo;<\/span><span class=\"aioseo-breadcrumb\">\n\t<a href=\"https:\/\/www.rucashk.com\/pt\/categoria-produto\/xiaomi-eco\/\" title=\"Xiaomi Eco\">Xiaomi Eco<\/a>\n<\/span><span class=\"aioseo-breadcrumb-separator\">&raquo;<\/span><span class=\"aioseo-breadcrumb\">\n\t<a href=\"https:\/\/www.rucashk.com\/pt\/categoria-produto\/xiaomi-eco\/tv-accessories\/\" title=\"TV Accessories\">TV Accessories<\/a>\n<\/span><span class=\"aioseo-breadcrumb-separator\">&raquo;<\/span><span class=\"aioseo-breadcrumb\">\n\tMi WiFi Range Extender AC1200\n<\/span><\/div>","aioseo_breadcrumb_json":[{"label":"Home","link":"https:\/\/www.rucashk.com\/pt"},{"label":"Produtos","link":"https:\/\/www.rucashk.com\/pt\/products\/"},{"label":"Xiaomi Eco","link":"https:\/\/www.rucashk.com\/pt\/categoria-produto\/xiaomi-eco\/"},{"label":"TV Accessories","link":"https:\/\/www.rucashk.com\/pt\/categoria-produto\/xiaomi-eco\/tv-accessories\/"},{"label":"Mi WiFi Range Extender AC1200","link":"https:\/\/www.rucashk.com\/pt\/produto\/mi-wifi-range-extender-ac1200\/"}],"_links":{"self":[{"href":"https:\/\/www.rucashk.com\/pt\/wp-json\/wp\/v2\/product\/25328","targetHints":{"allow":["GET"]}}],"collection":[{"href":"https:\/\/www.rucashk.com\/pt\/wp-json\/wp\/v2\/product"}],"about":[{"href":"https:\/\/www.rucashk.com\/pt\/wp-json\/wp\/v2\/types\/product"}],"wp:featuredmedia":[{"embeddable":true,"href":"https:\/\/www.rucashk.com\/pt\/wp-json\/wp\/v2\/media\/25403"}],"wp:attachment":[{"href":"https:\/\/www.rucashk.com\/pt\/wp-json\/wp\/v2\/media?parent=25328"}],"wp:term":[{"taxonomy":"product_brand","embeddable":true,"href":"https:\/\/www.rucashk.com\/pt\/wp-json\/wp\/v2\/product_brand?post=25328"},{"taxonomy":"product_cat","embeddable":true,"href":"https:\/\/www.rucashk.com\/pt\/wp-json\/wp\/v2\/product_cat?post=25328"},{"taxonomy":"product_tag","embeddable":true,"href":"https:\/\/www.rucashk.com\/pt\/wp-json\/wp\/v2\/product_tag?post=25328"}],"curies":[{"name":"wp","href":"https:\/\/api.w.org\/{rel}","templated":true}]}}