{"id":25289,"date":"2024-01-09T16:15:52","date_gmt":"2024-01-09T16:15:52","guid":{"rendered":"http:\/\/rucashk.com\/?post_type=product&#038;p=25289"},"modified":"2025-06-22T07:37:19","modified_gmt":"2025-06-22T07:37:19","slug":"xiaomi-mi-band-5-global-version-smart-bracelet","status":"publish","type":"product","link":"https:\/\/www.rucashk.com\/pt\/produto\/xiaomi-mi-band-5-global-version-smart-bracelet\/","title":{"rendered":"Pulseira inteligente Xiaomi Mi Band 5 vers\u00e3o global"},"content":{"rendered":"<div class=\"sizeDesc js-sizeDescription\">\n<div class=\"sizeDescTable\">\n<div class=\"sizeDescCate\" style=\"text-align: center\"><img fetchpriority=\"high\" decoding=\"async\" class=\"js-descLazyload lazy-loaded aligncenter\" src=\"https:\/\/www.rucashk.com\/wp-content\/uploads\/2021\/05\/73162ae812a5.jpg\" alt=\"Xiaomi Mi Band 5 Global Version Smart Bracelet\" width=\"950\" height=\"767\" data-lazy=\"https:\/\/www.rucashk.com\/wp-content\/uploads\/2021\/05\/73162ae812a5.jpg\" data-was-processed=\"true\" \/><\/div>\n<\/div>\n<\/div>\n<div class=\"imageDesc\">\n<p style=\"text-align: center\"><img decoding=\"async\" class=\"js-descLazyload lazy-loaded aligncenter\" src=\"https:\/\/www.rucashk.com\/wp-content\/uploads\/2021\/05\/96cf99858db9.jpg\" alt=\"Xiaomi Mi Band 5 Global Version Smart Bracelet\" width=\"950\" height=\"747\" data-lazy=\"https:\/\/www.rucashk.com\/wp-content\/uploads\/2021\/05\/96cf99858db9.jpg\" data-was-processed=\"true\" \/><\/p>\n<p style=\"text-align: center\"><img decoding=\"async\" class=\"js-descLazyload lazy-loaded aligncenter\" src=\"https:\/\/www.rucashk.com\/wp-content\/uploads\/2021\/05\/5cff725f7be1.jpg\" alt=\"Xiaomi Mi Band 5 Global Version Smart Bracelet\" width=\"1000\" height=\"453\" data-lazy=\"https:\/\/www.rucashk.com\/wp-content\/uploads\/2021\/05\/5cff725f7be1.jpg\" data-was-processed=\"true\" \/><\/p>\n<p style=\"text-align: center\"><img loading=\"lazy\" decoding=\"async\" class=\"js-descLazyload lazy-loaded aligncenter\" src=\"https:\/\/www.rucashk.com\/wp-content\/uploads\/2021\/05\/471e476db15f.jpg\" alt=\"Xiaomi Mi Band 5 Global Version Smart Bracelet\" width=\"950\" height=\"426\" data-lazy=\"https:\/\/www.rucashk.com\/wp-content\/uploads\/2021\/05\/471e476db15f.jpg\" data-was-processed=\"true\" \/><\/p>\n<p style=\"text-align: center\"><img loading=\"lazy\" decoding=\"async\" class=\"js-descLazyload lazy-loaded aligncenter\" src=\"https:\/\/www.rucashk.com\/wp-content\/uploads\/2021\/05\/e760c69a2762.jpg\" alt=\"Xiaomi Mi Band 5 Global Version Smart Bracelet\" width=\"950\" height=\"502\" data-lazy=\"https:\/\/www.rucashk.com\/wp-content\/uploads\/2021\/05\/e760c69a2762.jpg\" data-was-processed=\"true\" \/><\/p>\n<p style=\"text-align: center\"><img loading=\"lazy\" decoding=\"async\" class=\"js-descLazyload lazy-loaded aligncenter\" src=\"https:\/\/www.rucashk.com\/wp-content\/uploads\/2021\/05\/6d90f5f22b8f.jpg\" alt=\"Xiaomi Mi Band 5 Global Version Smart Bracelet\" width=\"950\" height=\"534\" data-lazy=\"https:\/\/www.rucashk.com\/wp-content\/uploads\/2021\/05\/6d90f5f22b8f.jpg\" data-was-processed=\"true\" \/><\/p>\n<p style=\"text-align: center\"><img loading=\"lazy\" decoding=\"async\" class=\"js-descLazyload lazy-loaded aligncenter\" src=\"https:\/\/www.rucashk.com\/wp-content\/uploads\/2021\/05\/b4a1d66d06da.jpg\" alt=\"Xiaomi Mi Band 5 Global Version Smart Bracelet\" width=\"950\" height=\"500\" data-lazy=\"https:\/\/www.rucashk.com\/wp-content\/uploads\/2021\/05\/b4a1d66d06da.jpg\" data-was-processed=\"true\" \/><\/p>\n<p style=\"text-align: center\"><img loading=\"lazy\" decoding=\"async\" class=\"js-descLazyload lazy-loaded aligncenter\" src=\"https:\/\/www.rucashk.com\/wp-content\/uploads\/2021\/05\/189ea863a5c2.jpg\" alt=\"Xiaomi Mi Band 5 Global Version Smart Bracelet\" width=\"950\" height=\"573\" data-lazy=\"https:\/\/www.rucashk.com\/wp-content\/uploads\/2021\/05\/189ea863a5c2.jpg\" data-was-processed=\"true\" \/><\/p>\n<p style=\"text-align: center\"><img loading=\"lazy\" decoding=\"async\" class=\"js-descLazyload lazy-loaded aligncenter\" src=\"https:\/\/www.rucashk.com\/wp-content\/uploads\/2021\/05\/45338e1751d3.jpg\" alt=\"Xiaomi Mi Band 5 Global Version Smart Bracelet\" width=\"950\" height=\"744\" data-lazy=\"https:\/\/www.rucashk.com\/wp-content\/uploads\/2021\/05\/45338e1751d3.jpg\" data-was-processed=\"true\" \/><\/p>\n<p style=\"text-align: center\"><img loading=\"lazy\" decoding=\"async\" class=\"js-descLazyload lazy-loaded aligncenter\" src=\"https:\/\/www.rucashk.com\/wp-content\/uploads\/2021\/05\/3f519b112de1.jpg\" alt=\"Xiaomi Mi Band 5 Global Version Smart Bracelet\" width=\"950\" height=\"1191\" data-lazy=\"https:\/\/www.rucashk.com\/wp-content\/uploads\/2021\/05\/3f519b112de1.jpg\" data-was-processed=\"true\" \/><\/p>\n<p style=\"text-align: center\"><img loading=\"lazy\" decoding=\"async\" class=\"js-descLazyload lazy-loaded aligncenter\" src=\"https:\/\/www.rucashk.com\/wp-content\/uploads\/2021\/05\/cbb2a96c3a5f.jpg\" alt=\"Xiaomi Mi Band 5 Global Version Smart Bracelet\" width=\"950\" height=\"487\" data-lazy=\"https:\/\/www.rucashk.com\/wp-content\/uploads\/2021\/05\/cbb2a96c3a5f.jpg\" data-was-processed=\"true\" \/><\/p>\n<p style=\"text-align: center\"><img loading=\"lazy\" decoding=\"async\" class=\"js-descLazyload lazy-loaded aligncenter\" src=\"https:\/\/www.rucashk.com\/wp-content\/uploads\/2021\/05\/d6114bf02ea6.jpg\" alt=\"Xiaomi Mi Band 5 Global Version Smart Bracelet\" width=\"950\" height=\"1025\" data-lazy=\"https:\/\/www.rucashk.com\/wp-content\/uploads\/2021\/05\/d6114bf02ea6.jpg\" data-was-processed=\"true\" \/><\/p>\n<p style=\"text-align: center\"><img loading=\"lazy\" decoding=\"async\" class=\"js-descLazyload lazy-loaded aligncenter\" src=\"https:\/\/www.rucashk.com\/wp-content\/uploads\/2021\/05\/2f1ede27a69b.jpg\" alt=\"Xiaomi Mi Band 5 Global Version Smart Bracelet\" width=\"950\" height=\"345\" data-lazy=\"https:\/\/www.rucashk.com\/wp-content\/uploads\/2021\/05\/2f1ede27a69b.jpg\" data-was-processed=\"true\" \/><\/p>\n<p style=\"text-align: center\"><img loading=\"lazy\" decoding=\"async\" class=\"js-descLazyload lazy-loaded aligncenter\" src=\"https:\/\/www.rucashk.com\/wp-content\/uploads\/2021\/05\/4d16af260123.jpg\" alt=\"Xiaomi Mi Band 5 Global Version Smart Bracelet\" width=\"950\" height=\"650\" data-lazy=\"https:\/\/www.rucashk.com\/wp-content\/uploads\/2021\/05\/4d16af260123.jpg\" data-was-processed=\"true\" \/><\/p>\n<h4 class=\"goodsIntro_title\" style=\"text-align: center\">Xiaomi mi band 5 vers\u00e3o global pulseira inteligente grande tela amoled freq\u00fc\u00eancia card\u00edaca fitness bluetooth 5.0 esporte densidade de \u00e1gua<\/h4>\n<p style=\"text-align: center\"><img loading=\"lazy\" decoding=\"async\" class=\"aligncenter wp-image-26628 size-full\" src=\"https:\/\/www.rucashk.com\/wp-content\/uploads\/2021\/05\/xiaomi-band-5.jpg\" alt=\"Xiaomi Mi Band 5 Global Version Smart Bracelet\" width=\"1224\" height=\"627\" \/><\/p>\n<p style=\"text-align: center\">\n<\/div>","protected":false},"excerpt":{"rendered":"<p><strong>Principais caracter\u00edsticas:<\/strong><\/p>\n<ul>\n<li>Color Sreen: 1.1 &#8220;large screen color display, resolution: 126&#215;294 RGB<\/li>\n<li>Alarme (deve ser configurado no aplicativo *124ze; Modo soneca: 10 minutos).<\/li>\n<li>Sensor: tecnologia de aceler\u00f4metro de 3 eixos, girosc\u00f3pio de 3 eixos<\/li>\n<li>Mais de 100 mostradores tem\u00e1ticos on-line e depois do papel de parede<\/li>\n<li>Bateria: Compacidade da bateria de 125mAh, at\u00e9 14 dias (tempo de carregamento &lt;2 horas)<\/li>\n<li>Controle o telefone para tirar fotos<\/li>\n<\/ul>","protected":false},"featured_media":25390,"template":"","meta":[],"product_brand":[1363],"product_cat":[1307,1305],"product_tag":[],"class_list":{"0":"post-25289","1":"product","2":"type-product","3":"status-publish","4":"has-post-thumbnail","6":"product_brand-xiaomi","7":"product_cat-mi-band-smartwatch","8":"product_cat-xiaomi-eco","10":"first","11":"instock","12":"shipping-taxable","13":"product-type-simple"},"aioseo_notices":[],"aioseo_head":"\n\t\t<!-- All in One SEO Pro 4.5.9.2 - aioseo.com -->\n\t\t<meta name=\"description\" content=\"Main features: Color Sreen: 1.1 &quot;large screen color display, resolution: 126x294 RGB Alarm (must set in application *124ze; Snooze mode: 10 minutes). Sensor: 3-axis accelerometer technology, 3-axis gyroscope 100 + online theme dials and after wallpaper Battery: 125mAh battery compacity, up to 14 days (charging time\" \/>\n\t\t<meta name=\"robots\" content=\"max-image-preview:large\" \/>\n\t\t<link rel=\"canonical\" href=\"https:\/\/www.rucashk.com\/pt\/produto\/xiaomi-mi-band-5-global-version-smart-bracelet\/\" \/>\n\t\t<meta name=\"generator\" content=\"All in One SEO Pro (AIOSEO) 4.5.9.2\" \/>\n\t\t<meta property=\"og:locale\" content=\"pt_PT\" \/>\n\t\t<meta property=\"og:site_name\" content=\"Rucas - One-stop AIoT Distribution Worldwide\" \/>\n\t\t<meta property=\"og:type\" content=\"article\" \/>\n\t\t<meta property=\"og:title\" content=\"Xiaomi Mi Band 5 Global Version Smart Bracelet - Rucas - Wholesale and Distribution\" \/>\n\t\t<meta property=\"og:description\" content=\"Main features: Color Sreen: 1.1 &quot;large screen color display, resolution: 126x294 RGB Alarm (must set in application *124ze; Snooze mode: 10 minutes). Sensor: 3-axis accelerometer technology, 3-axis gyroscope 100 + online theme dials and after wallpaper Battery: 125mAh battery compacity, up to 14 days (charging time\" \/>\n\t\t<meta property=\"og:url\" content=\"https:\/\/www.rucashk.com\/pt\/produto\/xiaomi-mi-band-5-global-version-smart-bracelet\/\" \/>\n\t\t<meta property=\"og:image\" content=\"https:\/\/www.rucashk.com\/wp-content\/uploads\/replace\/503b8e645f128a97ccde2b6290747646.jpeg\" \/>\n\t\t<meta property=\"og:image:secure_url\" content=\"https:\/\/www.rucashk.com\/wp-content\/uploads\/replace\/503b8e645f128a97ccde2b6290747646.jpeg\" \/>\n\t\t<meta property=\"og:image:width\" content=\"1456\" \/>\n\t\t<meta property=\"og:image:height\" content=\"816\" \/>\n\t\t<meta property=\"article:published_time\" content=\"2024-01-09T16:15:52+00:00\" \/>\n\t\t<meta property=\"article:modified_time\" content=\"2025-06-22T07:37:19+00:00\" \/>\n\t\t<meta name=\"twitter:card\" content=\"summary_large_image\" \/>\n\t\t<meta name=\"twitter:title\" content=\"Xiaomi Mi Band 5 Global Version Smart Bracelet - Rucas - Wholesale and Distribution\" \/>\n\t\t<meta name=\"twitter:description\" content=\"Main features: Color Sreen: 1.1 &quot;large screen color display, resolution: 126x294 RGB Alarm (must set in application *124ze; Snooze mode: 10 minutes). Sensor: 3-axis accelerometer technology, 3-axis gyroscope 100 + online theme dials and after wallpaper Battery: 125mAh battery compacity, up to 14 days (charging time\" \/>\n\t\t<meta name=\"twitter:image\" content=\"https:\/\/www.rucashk.com\/wp-content\/uploads\/replace\/503b8e645f128a97ccde2b6290747646.jpeg\" \/>\n\t\t<script type=\"application\/ld+json\" class=\"aioseo-schema\">\n\t\t\t{\"@context\":\"https:\\\/\\\/schema.org\",\"@graph\":[{\"@type\":\"BreadcrumbList\",\"@id\":\"https:\\\/\\\/www.rucashk.com\\\/pt\\\/produto\\\/xiaomi-mi-band-5-global-version-smart-bracelet\\\/#breadcrumblist\",\"itemListElement\":[{\"@type\":\"ListItem\",\"@id\":\"https:\\\/\\\/www.rucashk.com\\\/pt\\\/#listItem\",\"position\":1,\"name\":\"Home\",\"item\":\"https:\\\/\\\/www.rucashk.com\\\/pt\\\/\",\"nextItem\":\"https:\\\/\\\/www.rucashk.com\\\/pt\\\/produto\\\/xiaomi-mi-band-5-global-version-smart-bracelet\\\/#listItem\"},{\"@type\":\"ListItem\",\"@id\":\"https:\\\/\\\/www.rucashk.com\\\/pt\\\/produto\\\/xiaomi-mi-band-5-global-version-smart-bracelet\\\/#listItem\",\"position\":2,\"name\":\"Xiaomi Mi Band 5 Global Version Smart Bracelet\",\"previousItem\":\"https:\\\/\\\/www.rucashk.com\\\/pt\\\/#listItem\"}]},{\"@type\":\"Organization\",\"@id\":\"https:\\\/\\\/www.rucashk.com\\\/pt\\\/#organization\",\"name\":\"Rucas\",\"url\":\"https:\\\/\\\/www.rucashk.com\\\/pt\\\/\",\"logo\":{\"@type\":\"ImageObject\",\"url\":\"https:\\\/\\\/www.rucashk.com\\\/wp-content\\\/uploads\\\/2023\\\/12\\\/Rucas_campany_logo.png\",\"@id\":\"https:\\\/\\\/www.rucashk.com\\\/pt\\\/produto\\\/xiaomi-mi-band-5-global-version-smart-bracelet\\\/#organizationLogo\",\"width\":221,\"height\":65},\"image\":{\"@id\":\"https:\\\/\\\/www.rucashk.com\\\/pt\\\/#organizationLogo\"}},{\"@type\":\"Person\",\"@id\":\"https:\\\/\\\/www.rucashk.com\\\/pt\\\/author\\\/admin\\\/#author\",\"url\":\"https:\\\/\\\/www.rucashk.com\\\/pt\\\/author\\\/admin\\\/\",\"name\":\"admin\",\"image\":{\"@type\":\"ImageObject\",\"@id\":\"https:\\\/\\\/www.rucashk.com\\\/pt\\\/produto\\\/xiaomi-mi-band-5-global-version-smart-bracelet\\\/#authorImage\",\"url\":\"https:\\\/\\\/secure.gravatar.com\\\/avatar\\\/b7c8925b09a27e72b30232f8ecaadbd5af0f70a38c78096863fe51b64f031c24?s=96&d=mm&r=g\",\"width\":96,\"height\":96,\"caption\":\"admin\"}},{\"@type\":\"WebPage\",\"@id\":\"https:\\\/\\\/www.rucashk.com\\\/pt\\\/produto\\\/xiaomi-mi-band-5-global-version-smart-bracelet\\\/#webpage\",\"url\":\"https:\\\/\\\/www.rucashk.com\\\/pt\\\/produto\\\/xiaomi-mi-band-5-global-version-smart-bracelet\\\/\",\"name\":\"Xiaomi Mi Band 5 Global Version Smart Bracelet - Rucas - Wholesale and Distribution\",\"description\":\"Main features: Color Sreen: 1.1 \\\"large screen color display, resolution: 126x294 RGB Alarm (must set in application *124ze; Snooze mode: 10 minutes). Sensor: 3-axis accelerometer technology, 3-axis gyroscope 100 + online theme dials and after wallpaper Battery: 125mAh battery compacity, up to 14 days (charging time\",\"inLanguage\":\"pt-PT\",\"isPartOf\":{\"@id\":\"https:\\\/\\\/www.rucashk.com\\\/pt\\\/#website\"},\"breadcrumb\":{\"@id\":\"https:\\\/\\\/www.rucashk.com\\\/pt\\\/produto\\\/xiaomi-mi-band-5-global-version-smart-bracelet\\\/#breadcrumblist\"},\"author\":{\"@id\":\"https:\\\/\\\/www.rucashk.com\\\/pt\\\/author\\\/admin\\\/#author\"},\"creator\":{\"@id\":\"https:\\\/\\\/www.rucashk.com\\\/pt\\\/author\\\/admin\\\/#author\"},\"image\":{\"@type\":\"ImageObject\",\"url\":\"https:\\\/\\\/www.rucashk.com\\\/wp-content\\\/uploads\\\/2024\\\/01\\\/1.Xiaomi-Mi-Band-5-Global-Version-Smart-Bracelet-Large-AMOLED-Screen-Heart-Rate-Fitness-Bluetooth-5.0-Sport-Water-Density-Black-Global-Version.jpg\",\"@id\":\"https:\\\/\\\/www.rucashk.com\\\/pt\\\/produto\\\/xiaomi-mi-band-5-global-version-smart-bracelet\\\/#mainImage\",\"width\":512,\"height\":580},\"primaryImageOfPage\":{\"@id\":\"https:\\\/\\\/www.rucashk.com\\\/pt\\\/produto\\\/xiaomi-mi-band-5-global-version-smart-bracelet\\\/#mainImage\"},\"datePublished\":\"2024-01-09T16:15:52+00:00\",\"dateModified\":\"2025-06-22T07:37:19+00:00\"},{\"@type\":\"WebSite\",\"@id\":\"https:\\\/\\\/www.rucashk.com\\\/pt\\\/#website\",\"url\":\"https:\\\/\\\/www.rucashk.com\\\/pt\\\/\",\"name\":\"Rucas - Wholesale and distribution worldwide\",\"alternateName\":\"Rucas - One-stop AIoT Distribution Worldwide\",\"description\":\"One-stop AIoT Distribution Worldwide\",\"inLanguage\":\"pt-PT\",\"publisher\":{\"@id\":\"https:\\\/\\\/www.rucashk.com\\\/pt\\\/#organization\"}}]}\n\t\t<\/script>\n\t\t<!-- All in One SEO Pro -->\r\n\t\t<title>Xiaomi Mi Band 5 Global Version Smart Bracelet - Rucas - Wholesale and Distribution<\/title>\n\n","aioseo_head_json":{"title":"Xiaomi Mi Band 5 Global Version Smart Bracelet - Rucas - Wholesale and Distribution","description":"Main features: Color Sreen: 1.1 \"large screen color display, resolution: 126x294 RGB Alarm (must set in application *124ze; Snooze mode: 10 minutes). Sensor: 3-axis accelerometer technology, 3-axis gyroscope 100 + online theme dials and after wallpaper Battery: 125mAh battery compacity, up to 14 days (charging time","canonical_url":"https:\/\/www.rucashk.com\/pt\/produto\/xiaomi-mi-band-5-global-version-smart-bracelet\/","robots":"max-image-preview:large","keywords":"","webmasterTools":{"miscellaneous":""},"og:locale":"pt_PT","og:site_name":"Rucas - One-stop AIoT Distribution Worldwide","og:type":"article","og:title":"Xiaomi Mi Band 5 Global Version Smart Bracelet - Rucas - Wholesale and Distribution","og:description":"Main features: Color Sreen: 1.1 &quot;large screen color display, resolution: 126x294 RGB Alarm (must set in application *124ze; Snooze mode: 10 minutes). Sensor: 3-axis accelerometer technology, 3-axis gyroscope 100 + online theme dials and after wallpaper Battery: 125mAh battery compacity, up to 14 days (charging time","og:url":"https:\/\/www.rucashk.com\/pt\/produto\/xiaomi-mi-band-5-global-version-smart-bracelet\/","og:image":"https:\/\/www.rucashk.com\/wp-content\/uploads\/replace\/503b8e645f128a97ccde2b6290747646.jpeg","og:image:secure_url":"https:\/\/www.rucashk.com\/wp-content\/uploads\/replace\/503b8e645f128a97ccde2b6290747646.jpeg","og:image:width":1456,"og:image:height":816,"article:published_time":"2024-01-09T16:15:52+00:00","article:modified_time":"2025-06-22T07:37:19+00:00","twitter:card":"summary_large_image","twitter:title":"Xiaomi Mi Band 5 Global Version Smart Bracelet - Rucas - Wholesale and Distribution","twitter:description":"Main features: Color Sreen: 1.1 &quot;large screen color display, resolution: 126x294 RGB Alarm (must set in application *124ze; Snooze mode: 10 minutes). Sensor: 3-axis accelerometer technology, 3-axis gyroscope 100 + online theme dials and after wallpaper Battery: 125mAh battery compacity, up to 14 days (charging time","twitter:image":"https:\/\/www.rucashk.com\/wp-content\/uploads\/replace\/503b8e645f128a97ccde2b6290747646.jpeg","schema":{"@context":"https:\/\/schema.org","@graph":[{"@type":"BreadcrumbList","@id":"https:\/\/www.rucashk.com\/pt\/produto\/xiaomi-mi-band-5-global-version-smart-bracelet\/#breadcrumblist","itemListElement":[{"@type":"ListItem","@id":"https:\/\/www.rucashk.com\/pt\/#listItem","position":1,"name":"Home","item":"https:\/\/www.rucashk.com\/pt\/","nextItem":"https:\/\/www.rucashk.com\/pt\/produto\/xiaomi-mi-band-5-global-version-smart-bracelet\/#listItem"},{"@type":"ListItem","@id":"https:\/\/www.rucashk.com\/pt\/produto\/xiaomi-mi-band-5-global-version-smart-bracelet\/#listItem","position":2,"name":"Xiaomi Mi Band 5 Global Version Smart Bracelet","previousItem":"https:\/\/www.rucashk.com\/pt\/#listItem"}]},{"@type":"Organization","@id":"https:\/\/www.rucashk.com\/pt\/#organization","name":"Rucas","url":"https:\/\/www.rucashk.com\/pt\/","logo":{"@type":"ImageObject","url":"https:\/\/www.rucashk.com\/wp-content\/uploads\/2023\/12\/Rucas_campany_logo.png","@id":"https:\/\/www.rucashk.com\/pt\/produto\/xiaomi-mi-band-5-global-version-smart-bracelet\/#organizationLogo","width":221,"height":65},"image":{"@id":"https:\/\/www.rucashk.com\/pt\/#organizationLogo"}},{"@type":"Person","@id":"https:\/\/www.rucashk.com\/pt\/author\/admin\/#author","url":"https:\/\/www.rucashk.com\/pt\/author\/admin\/","name":"admin","image":{"@type":"ImageObject","@id":"https:\/\/www.rucashk.com\/pt\/produto\/xiaomi-mi-band-5-global-version-smart-bracelet\/#authorImage","url":"https:\/\/secure.gravatar.com\/avatar\/b7c8925b09a27e72b30232f8ecaadbd5af0f70a38c78096863fe51b64f031c24?s=96&d=mm&r=g","width":96,"height":96,"caption":"admin"}},{"@type":"WebPage","@id":"https:\/\/www.rucashk.com\/pt\/produto\/xiaomi-mi-band-5-global-version-smart-bracelet\/#webpage","url":"https:\/\/www.rucashk.com\/pt\/produto\/xiaomi-mi-band-5-global-version-smart-bracelet\/","name":"Xiaomi Mi Band 5 Global Version Smart Bracelet - Rucas - Wholesale and Distribution","description":"Main features: Color Sreen: 1.1 \"large screen color display, resolution: 126x294 RGB Alarm (must set in application *124ze; Snooze mode: 10 minutes). Sensor: 3-axis accelerometer technology, 3-axis gyroscope 100 + online theme dials and after wallpaper Battery: 125mAh battery compacity, up to 14 days (charging time","inLanguage":"pt-PT","isPartOf":{"@id":"https:\/\/www.rucashk.com\/pt\/#website"},"breadcrumb":{"@id":"https:\/\/www.rucashk.com\/pt\/produto\/xiaomi-mi-band-5-global-version-smart-bracelet\/#breadcrumblist"},"author":{"@id":"https:\/\/www.rucashk.com\/pt\/author\/admin\/#author"},"creator":{"@id":"https:\/\/www.rucashk.com\/pt\/author\/admin\/#author"},"image":{"@type":"ImageObject","url":"https:\/\/www.rucashk.com\/wp-content\/uploads\/2024\/01\/1.Xiaomi-Mi-Band-5-Global-Version-Smart-Bracelet-Large-AMOLED-Screen-Heart-Rate-Fitness-Bluetooth-5.0-Sport-Water-Density-Black-Global-Version.jpg","@id":"https:\/\/www.rucashk.com\/pt\/produto\/xiaomi-mi-band-5-global-version-smart-bracelet\/#mainImage","width":512,"height":580},"primaryImageOfPage":{"@id":"https:\/\/www.rucashk.com\/pt\/produto\/xiaomi-mi-band-5-global-version-smart-bracelet\/#mainImage"},"datePublished":"2024-01-09T16:15:52+00:00","dateModified":"2025-06-22T07:37:19+00:00"},{"@type":"WebSite","@id":"https:\/\/www.rucashk.com\/pt\/#website","url":"https:\/\/www.rucashk.com\/pt\/","name":"Rucas - Wholesale and distribution worldwide","alternateName":"Rucas - One-stop AIoT Distribution Worldwide","description":"One-stop AIoT Distribution Worldwide","inLanguage":"pt-PT","publisher":{"@id":"https:\/\/www.rucashk.com\/pt\/#organization"}}]}},"aioseo_meta_data":{"post_id":"25289","title":null,"description":null,"keywords":null,"keyphrases":null,"primary_term":null,"canonical_url":null,"og_title":null,"og_description":null,"og_object_type":"default","og_image_type":"default","og_image_url":null,"og_image_width":null,"og_image_height":null,"og_image_custom_url":null,"og_image_custom_fields":null,"og_video":null,"og_custom_url":null,"og_article_section":null,"og_article_tags":null,"twitter_use_og":false,"twitter_card":"default","twitter_image_type":"default","twitter_image_url":null,"twitter_image_custom_url":null,"twitter_image_custom_fields":null,"twitter_title":null,"twitter_description":null,"schema":{"blockGraphs":[],"customGraphs":[],"default":{"data":{"Article":[],"Course":[],"Dataset":[],"FAQPage":[],"Movie":[],"Person":[],"Product":[],"Recipe":[],"Service":[],"SoftwareApplication":[],"WebPage":[]},"graphName":"","isEnabled":true},"graphs":[]},"schema_type":"default","schema_type_options":null,"pillar_content":false,"robots_default":true,"robots_noindex":false,"robots_noarchive":false,"robots_nosnippet":false,"robots_nofollow":false,"robots_noimageindex":false,"robots_noodp":false,"robots_notranslate":false,"robots_max_snippet":null,"robots_max_videopreview":null,"robots_max_imagepreview":"large","priority":null,"frequency":null,"local_seo":null,"breadcrumb_settings":null,"limit_modified_date":false,"created":"2024-04-11 01:57:18","updated":"2025-06-22 17:51:59"},"aioseo_breadcrumb":"<div class=\"aioseo-breadcrumbs\"><span class=\"aioseo-breadcrumb\">\n\t<a href=\"https:\/\/www.rucashk.com\/pt\" title=\"Home\">Home<\/a>\n<\/span><span class=\"aioseo-breadcrumb-separator\">&raquo;<\/span><span class=\"aioseo-breadcrumb\">\n\t<a href=\"https:\/\/www.rucashk.com\/pt\/products\/\" title=\"Produtos\">Produtos<\/a>\n<\/span><span class=\"aioseo-breadcrumb-separator\">&raquo;<\/span><span class=\"aioseo-breadcrumb\">\n\t<a href=\"https:\/\/www.rucashk.com\/pt\/marca\/xiaomi\/\" title=\"Xiaomi\">Xiaomi<\/a>\n<\/span><span class=\"aioseo-breadcrumb-separator\">&raquo;<\/span><span class=\"aioseo-breadcrumb\">\n\tXiaomi Mi Band 5 Global Version Smart Bracelet\n<\/span><\/div>","aioseo_breadcrumb_json":[{"label":"Home","link":"https:\/\/www.rucashk.com\/pt"},{"label":"Produtos","link":"https:\/\/www.rucashk.com\/pt\/products\/"},{"label":"Xiaomi","link":"https:\/\/www.rucashk.com\/pt\/marca\/xiaomi\/"},{"label":"Xiaomi Mi Band 5 Global Version Smart Bracelet","link":"https:\/\/www.rucashk.com\/pt\/produto\/xiaomi-mi-band-5-global-version-smart-bracelet\/"}],"_links":{"self":[{"href":"https:\/\/www.rucashk.com\/pt\/wp-json\/wp\/v2\/product\/25289","targetHints":{"allow":["GET"]}}],"collection":[{"href":"https:\/\/www.rucashk.com\/pt\/wp-json\/wp\/v2\/product"}],"about":[{"href":"https:\/\/www.rucashk.com\/pt\/wp-json\/wp\/v2\/types\/product"}],"wp:featuredmedia":[{"embeddable":true,"href":"https:\/\/www.rucashk.com\/pt\/wp-json\/wp\/v2\/media\/25390"}],"wp:attachment":[{"href":"https:\/\/www.rucashk.com\/pt\/wp-json\/wp\/v2\/media?parent=25289"}],"wp:term":[{"taxonomy":"product_brand","embeddable":true,"href":"https:\/\/www.rucashk.com\/pt\/wp-json\/wp\/v2\/product_brand?post=25289"},{"taxonomy":"product_cat","embeddable":true,"href":"https:\/\/www.rucashk.com\/pt\/wp-json\/wp\/v2\/product_cat?post=25289"},{"taxonomy":"product_tag","embeddable":true,"href":"https:\/\/www.rucashk.com\/pt\/wp-json\/wp\/v2\/product_tag?post=25289"}],"curies":[{"name":"wp","href":"https:\/\/api.w.org\/{rel}","templated":true}]}}