{"id":25253,"date":"2024-01-09T16:15:26","date_gmt":"2024-01-09T16:15:26","guid":{"rendered":"http:\/\/rucashk.com\/?post_type=product&#038;p=25253"},"modified":"2024-02-15T04:28:54","modified_gmt":"2024-02-15T04:28:54","slug":"mi-smartmi-air-purifier","status":"publish","type":"product","link":"https:\/\/www.rucashk.com\/pt\/produto\/mi-smartmi-air-purifier\/","title":{"rendered":"Purificador de ar Mi Smartmi"},"content":{"rendered":"<p><img fetchpriority=\"high\" decoding=\"async\" class=\"size-full wp-image-26500 aligncenter\" src=\"https:\/\/www.rucashk.com\/wp-content\/uploads\/2021\/05\/33.Mi-Smartmi-Air-Purifier.jpg\" alt=\"\" width=\"970\" height=\"600\" \/><\/p>\n<p class=\"a-spacing-base\" style=\"text-align: center\"><span class=\"a-text-bold\">Projetado para salas grandes<\/span><\/p>\n<p class=\"a-spacing-base\" style=\"text-align: center\">cobrindo 100-517 p\u00e9s\u00b2 (9-48 m\u00b2), este purificador de ar \u00e9 ideal para salas grandes e salas de estar.<\/p>\n<p class=\"a-spacing-base\" style=\"text-align: center\">Nosso purificador de ar inteligente \u00e9 adequado para pessoas que sofrem de desconforto, animais de estima\u00e7\u00e3o, pessoas que desejam remover odores internos ou fuma\u00e7a.<\/p>\n<p class=\"a-spacing-base\" style=\"text-align: center\">Sua fun\u00e7\u00e3o inteligente suporta sistemas como Alexa e Google Assistant, permitindo que voc\u00ea defina um cron\u00f4metro de sua escolha e controle as configura\u00e7\u00f5es em qualquer lugar, a qualquer hora, a partir do seu telefone!<\/p>\n<p class=\"a-spacing-base\" style=\"text-align: center\">O sensor duplo pode detectar com precis\u00e3o part\u00edculas poluentes e TVOC na atmosfera. O H13 HEPA garante alta efic\u00e1cia!<\/p>\n<p><img decoding=\"async\" class=\"size-full wp-image-26501 aligncenter\" src=\"https:\/\/www.rucashk.com\/wp-content\/uploads\/2021\/05\/34.Mi-Smartmi-Air-Purifier.jpg\" alt=\"\" width=\"970\" height=\"300\" \/><\/p>\n<p><img decoding=\"async\" class=\"size-full wp-image-26502 aligncenter\" src=\"https:\/\/www.rucashk.com\/wp-content\/uploads\/2021\/05\/36.Designed-for-Large-Rooms.jpg\" alt=\"\" width=\"1144\" height=\"505\" \/> <img loading=\"lazy\" decoding=\"async\" class=\"size-full wp-image-26503 aligncenter\" src=\"https:\/\/www.rucashk.com\/wp-content\/uploads\/2021\/05\/37.Mi-Smartmi-Air-Purifier.jpg\" alt=\"\" width=\"1144\" height=\"606\" \/><\/p>\n<h5 id=\"title\" class=\"a-size-large a-spacing-none\" style=\"text-align: center\"><span id=\"productTitle\" class=\"a-size-large product-title-word-break\">Purificadores de ar smartmi HEPA para salas grandes em casa - Purificadores de ar inteligentes para quarto, sala de estar, escrit\u00f3rio - Odor Pet Dander Smoke TVOC Removedor de p\u00f3len, modo de sono silencioso, controle de gestos de voz do aplicativo (branco)<\/span><\/h5>\n<h4 style=\"text-align: center\"><strong>Recurso:<\/strong><\/h4>\n<p style=\"text-align: center\"><span class=\"a-list-item\">Filtro H13 HEPA: Se voc\u00ea est\u00e1 cansado de lidar com cheiros desconfort\u00e1veis, fuma\u00e7a ou p\u00ealos de animais no ar, ent\u00e3o os purificadores de ar Smartmi HEPA para casa s\u00e3o o que voc\u00ea est\u00e1 procurando. Compat\u00edvel com filtro HEPA H13 \u2013 Asin B08NCK3WK5, ele pode absorver odores, fuma\u00e7a, TVOC liberado de produtos di\u00e1rios e part\u00edculas como p\u00f3len para ajudar a manter a pureza do ar. Certificado CARB.<\/span><\/p>\n<p style=\"text-align: center\"><span class=\"a-list-item\">Exibi\u00e7\u00e3o em tempo real: Os purificadores de ar Smartmi hepa para uso dom\u00e9stico s\u00e3o projetados com um display OLED ultra n\u00edtido, que ajuda voc\u00ea a ler e operar facilmente o purificador, al\u00e9m de exibir a temperatura e a umidade. Ele possui um sensor laser preciso que detecta o n\u00edvel PM2,5 ao redor, o sensor TVOC indica o n\u00edvel de concentra\u00e7\u00e3o de vol\u00e1teis nocivos e uma al\u00e7a que muda de cor de acordo com o ambiente em tempo real.<\/span><\/p>\n<p style=\"text-align: center\"><span class=\"a-list-item\">Alta efici\u00eancia: Em apenas 5 minutos, nosso purificador de ar ajudar\u00e1 a melhorar o ar de uma sala de 100 p\u00e9s\u00b2 (9m\u00b2) e 26 minutos para 517 p\u00e9s\u00b2 (48m\u00b2), tornando-o a escolha perfeita para sua sala de estar, sala de jantar ou quarto principal. , e quase qualquer outro c\u00f4modo da sua casa ou escrit\u00f3rio.<\/span><\/p>\n<p style=\"text-align: center\"><span class=\"a-list-item\">Opera\u00e7\u00e3o silenciosa: com o modo de suspens\u00e3o ativado, ele emite menos de 30dB de ru\u00eddo e permite desligar o display OLED, para que voc\u00ea possa desfrutar de um sono tranquilo e confort\u00e1vel durante toda a noite, mantendo-o funcionando.<\/span><\/p>\n<p style=\"text-align: center\"><span class=\"a-list-item\">Vida inteligente: se voc\u00ea deseja usar o purificador remotamente ou apenas personaliz\u00e1-lo da maneira que desejar, nosso purificador de ar facilita muito. Oferece toque na tela, controle por gestos, controle de APP e controle de voz. \u00c9 compat\u00edvel com Google Assistant e Alexa. A vida inteligente come\u00e7a aqui!<\/span><\/p>","protected":false},"excerpt":{"rendered":"<h3><strong>Recurso:<\/strong><\/h3>\n<ul>\n<li>-Filtro H13 HEPA<\/li>\n<li>-Exibi\u00e7\u00e3o em tempo real<\/li>\n<li>-Alta efici\u00eancia<\/li>\n<li>-Opera\u00e7\u00e3o silenciosa<\/li>\n<li>-Vida inteligente<\/li>\n<\/ul>","protected":false},"featured_media":25376,"template":"","meta":[],"product_brand":[],"product_cat":[1319,1305],"product_tag":[],"class_list":{"0":"post-25253","1":"product","2":"type-product","3":"status-publish","4":"has-post-thumbnail","6":"product_cat-purifier-xiaomi-eco","7":"product_cat-xiaomi-eco","9":"first","10":"instock","11":"shipping-taxable","12":"product-type-simple"},"aioseo_notices":[],"aioseo_head":"\n\t\t<!-- All in One SEO Pro 4.5.9.2 - aioseo.com -->\n\t\t<meta name=\"description\" content=\"Feature: -H13 HEPA Filter -Real-Time Display -High Efficiency -Quiet Operation -Smart Life\" \/>\n\t\t<meta name=\"robots\" content=\"max-image-preview:large\" \/>\n\t\t<link rel=\"canonical\" href=\"https:\/\/www.rucashk.com\/pt\/produto\/mi-smartmi-air-purifier\/\" \/>\n\t\t<meta name=\"generator\" content=\"All in One SEO Pro (AIOSEO) 4.5.9.2\" \/>\n\t\t<meta property=\"og:locale\" content=\"pt_PT\" \/>\n\t\t<meta property=\"og:site_name\" content=\"Rucas - One-stop AIoT Distribution Worldwide\" \/>\n\t\t<meta property=\"og:type\" content=\"article\" \/>\n\t\t<meta property=\"og:title\" content=\"Mi Smartmi Air Purifier - Rucas - Wholesale and Distribution\" \/>\n\t\t<meta property=\"og:description\" content=\"Feature: -H13 HEPA Filter -Real-Time Display -High Efficiency -Quiet Operation -Smart Life\" \/>\n\t\t<meta property=\"og:url\" content=\"https:\/\/www.rucashk.com\/pt\/produto\/mi-smartmi-air-purifier\/\" \/>\n\t\t<meta property=\"og:image\" content=\"https:\/\/www.rucashk.com\/wp-content\/uploads\/replace\/503b8e645f128a97ccde2b6290747646.jpeg\" \/>\n\t\t<meta property=\"og:image:secure_url\" content=\"https:\/\/www.rucashk.com\/wp-content\/uploads\/replace\/503b8e645f128a97ccde2b6290747646.jpeg\" \/>\n\t\t<meta property=\"og:image:width\" content=\"1456\" \/>\n\t\t<meta property=\"og:image:height\" content=\"816\" \/>\n\t\t<meta property=\"article:published_time\" content=\"2024-01-09T16:15:26+00:00\" \/>\n\t\t<meta property=\"article:modified_time\" content=\"2024-02-15T04:28:54+00:00\" \/>\n\t\t<meta name=\"twitter:card\" content=\"summary_large_image\" \/>\n\t\t<meta name=\"twitter:title\" content=\"Mi Smartmi Air Purifier - Rucas - Wholesale and Distribution\" \/>\n\t\t<meta name=\"twitter:description\" content=\"Feature: -H13 HEPA Filter -Real-Time Display -High Efficiency -Quiet Operation -Smart Life\" \/>\n\t\t<meta name=\"twitter:image\" content=\"https:\/\/www.rucashk.com\/wp-content\/uploads\/replace\/503b8e645f128a97ccde2b6290747646.jpeg\" \/>\n\t\t<script type=\"application\/ld+json\" class=\"aioseo-schema\">\n\t\t\t{\"@context\":\"https:\\\/\\\/schema.org\",\"@graph\":[{\"@type\":\"BreadcrumbList\",\"@id\":\"https:\\\/\\\/www.rucashk.com\\\/pt\\\/produto\\\/mi-smartmi-air-purifier\\\/#breadcrumblist\",\"itemListElement\":[{\"@type\":\"ListItem\",\"@id\":\"https:\\\/\\\/www.rucashk.com\\\/pt\\\/#listItem\",\"position\":1,\"name\":\"Home\",\"item\":\"https:\\\/\\\/www.rucashk.com\\\/pt\\\/\",\"nextItem\":\"https:\\\/\\\/www.rucashk.com\\\/pt\\\/produto\\\/mi-smartmi-air-purifier\\\/#listItem\"},{\"@type\":\"ListItem\",\"@id\":\"https:\\\/\\\/www.rucashk.com\\\/pt\\\/produto\\\/mi-smartmi-air-purifier\\\/#listItem\",\"position\":2,\"name\":\"Mi Smartmi Air Purifier\",\"previousItem\":\"https:\\\/\\\/www.rucashk.com\\\/pt\\\/#listItem\"}]},{\"@type\":\"Organization\",\"@id\":\"https:\\\/\\\/www.rucashk.com\\\/pt\\\/#organization\",\"name\":\"Rucas\",\"url\":\"https:\\\/\\\/www.rucashk.com\\\/pt\\\/\",\"logo\":{\"@type\":\"ImageObject\",\"url\":\"https:\\\/\\\/www.rucashk.com\\\/wp-content\\\/uploads\\\/2023\\\/12\\\/Rucas_campany_logo.png\",\"@id\":\"https:\\\/\\\/www.rucashk.com\\\/pt\\\/produto\\\/mi-smartmi-air-purifier\\\/#organizationLogo\",\"width\":221,\"height\":65},\"image\":{\"@id\":\"https:\\\/\\\/www.rucashk.com\\\/pt\\\/#organizationLogo\"}},{\"@type\":\"Person\",\"@id\":\"https:\\\/\\\/www.rucashk.com\\\/pt\\\/author\\\/admin\\\/#author\",\"url\":\"https:\\\/\\\/www.rucashk.com\\\/pt\\\/author\\\/admin\\\/\",\"name\":\"admin\",\"image\":{\"@type\":\"ImageObject\",\"@id\":\"https:\\\/\\\/www.rucashk.com\\\/pt\\\/produto\\\/mi-smartmi-air-purifier\\\/#authorImage\",\"url\":\"https:\\\/\\\/secure.gravatar.com\\\/avatar\\\/b7c8925b09a27e72b30232f8ecaadbd5af0f70a38c78096863fe51b64f031c24?s=96&d=mm&r=g\",\"width\":96,\"height\":96,\"caption\":\"admin\"}},{\"@type\":\"WebPage\",\"@id\":\"https:\\\/\\\/www.rucashk.com\\\/pt\\\/produto\\\/mi-smartmi-air-purifier\\\/#webpage\",\"url\":\"https:\\\/\\\/www.rucashk.com\\\/pt\\\/produto\\\/mi-smartmi-air-purifier\\\/\",\"name\":\"Mi Smartmi Air Purifier - Rucas - Wholesale and Distribution\",\"description\":\"Feature: -H13 HEPA Filter -Real-Time Display -High Efficiency -Quiet Operation -Smart Life\",\"inLanguage\":\"pt-PT\",\"isPartOf\":{\"@id\":\"https:\\\/\\\/www.rucashk.com\\\/pt\\\/#website\"},\"breadcrumb\":{\"@id\":\"https:\\\/\\\/www.rucashk.com\\\/pt\\\/produto\\\/mi-smartmi-air-purifier\\\/#breadcrumblist\"},\"author\":{\"@id\":\"https:\\\/\\\/www.rucashk.com\\\/pt\\\/author\\\/admin\\\/#author\"},\"creator\":{\"@id\":\"https:\\\/\\\/www.rucashk.com\\\/pt\\\/author\\\/admin\\\/#author\"},\"image\":{\"@type\":\"ImageObject\",\"url\":\"https:\\\/\\\/www.rucashk.com\\\/wp-content\\\/uploads\\\/2024\\\/01\\\/35.Mi-Smartmi-Air-Purifier.jpg\",\"@id\":\"https:\\\/\\\/www.rucashk.com\\\/pt\\\/produto\\\/mi-smartmi-air-purifier\\\/#mainImage\",\"width\":689,\"height\":623},\"primaryImageOfPage\":{\"@id\":\"https:\\\/\\\/www.rucashk.com\\\/pt\\\/produto\\\/mi-smartmi-air-purifier\\\/#mainImage\"},\"datePublished\":\"2024-01-09T16:15:26+00:00\",\"dateModified\":\"2024-02-15T04:28:54+00:00\"},{\"@type\":\"WebSite\",\"@id\":\"https:\\\/\\\/www.rucashk.com\\\/pt\\\/#website\",\"url\":\"https:\\\/\\\/www.rucashk.com\\\/pt\\\/\",\"name\":\"Rucas - Wholesale and distribution worldwide\",\"alternateName\":\"Rucas - One-stop AIoT Distribution Worldwide\",\"description\":\"One-stop AIoT Distribution Worldwide\",\"inLanguage\":\"pt-PT\",\"publisher\":{\"@id\":\"https:\\\/\\\/www.rucashk.com\\\/pt\\\/#organization\"}}]}\n\t\t<\/script>\n\t\t<!-- All in One SEO Pro -->\r\n\t\t<title>Mi Smartmi Air Purifier - Rucas - Wholesale and Distribution<\/title>\n\n","aioseo_head_json":{"title":"Mi Smartmi Air Purifier - Rucas - Wholesale and Distribution","description":"Feature: -H13 HEPA Filter -Real-Time Display -High Efficiency -Quiet Operation -Smart Life","canonical_url":"https:\/\/www.rucashk.com\/pt\/produto\/mi-smartmi-air-purifier\/","robots":"max-image-preview:large","keywords":"","webmasterTools":{"miscellaneous":""},"og:locale":"pt_PT","og:site_name":"Rucas - One-stop AIoT Distribution Worldwide","og:type":"article","og:title":"Mi Smartmi Air Purifier - Rucas - Wholesale and Distribution","og:description":"Feature: -H13 HEPA Filter -Real-Time Display -High Efficiency -Quiet Operation -Smart Life","og:url":"https:\/\/www.rucashk.com\/pt\/produto\/mi-smartmi-air-purifier\/","og:image":"https:\/\/www.rucashk.com\/wp-content\/uploads\/replace\/503b8e645f128a97ccde2b6290747646.jpeg","og:image:secure_url":"https:\/\/www.rucashk.com\/wp-content\/uploads\/replace\/503b8e645f128a97ccde2b6290747646.jpeg","og:image:width":1456,"og:image:height":816,"article:published_time":"2024-01-09T16:15:26+00:00","article:modified_time":"2024-02-15T04:28:54+00:00","twitter:card":"summary_large_image","twitter:title":"Mi Smartmi Air Purifier - Rucas - Wholesale and Distribution","twitter:description":"Feature: -H13 HEPA Filter -Real-Time Display -High Efficiency -Quiet Operation -Smart Life","twitter:image":"https:\/\/www.rucashk.com\/wp-content\/uploads\/replace\/503b8e645f128a97ccde2b6290747646.jpeg","schema":{"@context":"https:\/\/schema.org","@graph":[{"@type":"BreadcrumbList","@id":"https:\/\/www.rucashk.com\/pt\/produto\/mi-smartmi-air-purifier\/#breadcrumblist","itemListElement":[{"@type":"ListItem","@id":"https:\/\/www.rucashk.com\/pt\/#listItem","position":1,"name":"Home","item":"https:\/\/www.rucashk.com\/pt\/","nextItem":"https:\/\/www.rucashk.com\/pt\/produto\/mi-smartmi-air-purifier\/#listItem"},{"@type":"ListItem","@id":"https:\/\/www.rucashk.com\/pt\/produto\/mi-smartmi-air-purifier\/#listItem","position":2,"name":"Mi Smartmi Air Purifier","previousItem":"https:\/\/www.rucashk.com\/pt\/#listItem"}]},{"@type":"Organization","@id":"https:\/\/www.rucashk.com\/pt\/#organization","name":"Rucas","url":"https:\/\/www.rucashk.com\/pt\/","logo":{"@type":"ImageObject","url":"https:\/\/www.rucashk.com\/wp-content\/uploads\/2023\/12\/Rucas_campany_logo.png","@id":"https:\/\/www.rucashk.com\/pt\/produto\/mi-smartmi-air-purifier\/#organizationLogo","width":221,"height":65},"image":{"@id":"https:\/\/www.rucashk.com\/pt\/#organizationLogo"}},{"@type":"Person","@id":"https:\/\/www.rucashk.com\/pt\/author\/admin\/#author","url":"https:\/\/www.rucashk.com\/pt\/author\/admin\/","name":"admin","image":{"@type":"ImageObject","@id":"https:\/\/www.rucashk.com\/pt\/produto\/mi-smartmi-air-purifier\/#authorImage","url":"https:\/\/secure.gravatar.com\/avatar\/b7c8925b09a27e72b30232f8ecaadbd5af0f70a38c78096863fe51b64f031c24?s=96&d=mm&r=g","width":96,"height":96,"caption":"admin"}},{"@type":"WebPage","@id":"https:\/\/www.rucashk.com\/pt\/produto\/mi-smartmi-air-purifier\/#webpage","url":"https:\/\/www.rucashk.com\/pt\/produto\/mi-smartmi-air-purifier\/","name":"Mi Smartmi Air Purifier - Rucas - Wholesale and Distribution","description":"Feature: -H13 HEPA Filter -Real-Time Display -High Efficiency -Quiet Operation -Smart Life","inLanguage":"pt-PT","isPartOf":{"@id":"https:\/\/www.rucashk.com\/pt\/#website"},"breadcrumb":{"@id":"https:\/\/www.rucashk.com\/pt\/produto\/mi-smartmi-air-purifier\/#breadcrumblist"},"author":{"@id":"https:\/\/www.rucashk.com\/pt\/author\/admin\/#author"},"creator":{"@id":"https:\/\/www.rucashk.com\/pt\/author\/admin\/#author"},"image":{"@type":"ImageObject","url":"https:\/\/www.rucashk.com\/wp-content\/uploads\/2024\/01\/35.Mi-Smartmi-Air-Purifier.jpg","@id":"https:\/\/www.rucashk.com\/pt\/produto\/mi-smartmi-air-purifier\/#mainImage","width":689,"height":623},"primaryImageOfPage":{"@id":"https:\/\/www.rucashk.com\/pt\/produto\/mi-smartmi-air-purifier\/#mainImage"},"datePublished":"2024-01-09T16:15:26+00:00","dateModified":"2024-02-15T04:28:54+00:00"},{"@type":"WebSite","@id":"https:\/\/www.rucashk.com\/pt\/#website","url":"https:\/\/www.rucashk.com\/pt\/","name":"Rucas - Wholesale and distribution worldwide","alternateName":"Rucas - One-stop AIoT Distribution Worldwide","description":"One-stop AIoT Distribution Worldwide","inLanguage":"pt-PT","publisher":{"@id":"https:\/\/www.rucashk.com\/pt\/#organization"}}]}},"aioseo_meta_data":{"post_id":"25253","title":null,"description":null,"keywords":null,"keyphrases":null,"primary_term":null,"canonical_url":null,"og_title":null,"og_description":null,"og_object_type":"default","og_image_type":"default","og_image_url":null,"og_image_width":null,"og_image_height":null,"og_image_custom_url":null,"og_image_custom_fields":null,"og_video":null,"og_custom_url":null,"og_article_section":null,"og_article_tags":null,"twitter_use_og":false,"twitter_card":"default","twitter_image_type":"default","twitter_image_url":null,"twitter_image_custom_url":null,"twitter_image_custom_fields":null,"twitter_title":null,"twitter_description":null,"schema":{"blockGraphs":[],"customGraphs":[],"default":{"data":{"Article":[],"Course":[],"Dataset":[],"FAQPage":[],"Movie":[],"Person":[],"Product":[],"Recipe":[],"Service":[],"SoftwareApplication":[],"WebPage":[]},"graphName":"","isEnabled":true},"graphs":[]},"schema_type":"default","schema_type_options":null,"pillar_content":false,"robots_default":true,"robots_noindex":false,"robots_noarchive":false,"robots_nosnippet":false,"robots_nofollow":false,"robots_noimageindex":false,"robots_noodp":false,"robots_notranslate":false,"robots_max_snippet":null,"robots_max_videopreview":null,"robots_max_imagepreview":"large","priority":null,"frequency":null,"local_seo":null,"breadcrumb_settings":null,"limit_modified_date":false,"created":"2024-04-11 01:57:18","updated":"2025-06-22 17:51:19"},"aioseo_breadcrumb":"<div class=\"aioseo-breadcrumbs\"><span class=\"aioseo-breadcrumb\">\n\t<a href=\"https:\/\/www.rucashk.com\/pt\" title=\"Home\">Home<\/a>\n<\/span><span class=\"aioseo-breadcrumb-separator\">&raquo;<\/span><span class=\"aioseo-breadcrumb\">\n\t<a href=\"https:\/\/www.rucashk.com\/pt\/products\/\" title=\"Produtos\">Produtos<\/a>\n<\/span><span class=\"aioseo-breadcrumb-separator\">&raquo;<\/span><span class=\"aioseo-breadcrumb\">\n\t<a href=\"https:\/\/www.rucashk.com\/pt\/categoria-produto\/xiaomi-eco\/\" title=\"Xiaomi Eco\">Xiaomi Eco<\/a>\n<\/span><span class=\"aioseo-breadcrumb-separator\">&raquo;<\/span><span class=\"aioseo-breadcrumb\">\n\t<a href=\"https:\/\/www.rucashk.com\/pt\/categoria-produto\/xiaomi-eco\/purifier-xiaomi-eco\/\" title=\"Purifier\">Purifier<\/a>\n<\/span><span class=\"aioseo-breadcrumb-separator\">&raquo;<\/span><span class=\"aioseo-breadcrumb\">\n\tMi Smartmi Air Purifier\n<\/span><\/div>","aioseo_breadcrumb_json":[{"label":"Home","link":"https:\/\/www.rucashk.com\/pt"},{"label":"Produtos","link":"https:\/\/www.rucashk.com\/pt\/products\/"},{"label":"Xiaomi Eco","link":"https:\/\/www.rucashk.com\/pt\/categoria-produto\/xiaomi-eco\/"},{"label":"Purifier","link":"https:\/\/www.rucashk.com\/pt\/categoria-produto\/xiaomi-eco\/purifier-xiaomi-eco\/"},{"label":"Mi Smartmi Air Purifier","link":"https:\/\/www.rucashk.com\/pt\/produto\/mi-smartmi-air-purifier\/"}],"_links":{"self":[{"href":"https:\/\/www.rucashk.com\/pt\/wp-json\/wp\/v2\/product\/25253","targetHints":{"allow":["GET"]}}],"collection":[{"href":"https:\/\/www.rucashk.com\/pt\/wp-json\/wp\/v2\/product"}],"about":[{"href":"https:\/\/www.rucashk.com\/pt\/wp-json\/wp\/v2\/types\/product"}],"wp:featuredmedia":[{"embeddable":true,"href":"https:\/\/www.rucashk.com\/pt\/wp-json\/wp\/v2\/media\/25376"}],"wp:attachment":[{"href":"https:\/\/www.rucashk.com\/pt\/wp-json\/wp\/v2\/media?parent=25253"}],"wp:term":[{"taxonomy":"product_brand","embeddable":true,"href":"https:\/\/www.rucashk.com\/pt\/wp-json\/wp\/v2\/product_brand?post=25253"},{"taxonomy":"product_cat","embeddable":true,"href":"https:\/\/www.rucashk.com\/pt\/wp-json\/wp\/v2\/product_cat?post=25253"},{"taxonomy":"product_tag","embeddable":true,"href":"https:\/\/www.rucashk.com\/pt\/wp-json\/wp\/v2\/product_tag?post=25253"}],"curies":[{"name":"wp","href":"https:\/\/api.w.org\/{rel}","templated":true}]}}