{"id":25252,"date":"2024-01-09T16:15:26","date_gmt":"2024-01-09T16:15:26","guid":{"rendered":"http:\/\/rucashk.com\/?post_type=product&#038;p=25252"},"modified":"2024-01-20T10:02:58","modified_gmt":"2024-01-20T10:02:58","slug":"mi-portable-bluetooth-speaker%ef%bc%8816w%ef%bc%89","status":"publish","type":"product","link":"https:\/\/www.rucashk.com\/pt\/produto\/mi-portable-bluetooth-speaker%ef%bc%8816w%ef%bc%89\/","title":{"rendered":"Alto-falante port\u00e1til Bluetooth Mi (16W)"},"content":{"rendered":"<p><img fetchpriority=\"high\" decoding=\"async\" class=\"size-full wp-image-26493 aligncenter\" src=\"https:\/\/www.rucashk.com\/wp-content\/uploads\/2021\/05\/Mi-Portable-Bluetooth-Speaker\uff0816W\uff09-2.jpg\" alt=\"\" width=\"1896\" height=\"1136\" \/><img decoding=\"async\" class=\"size-full wp-image-26490 aligncenter\" src=\"https:\/\/www.rucashk.com\/wp-content\/uploads\/2021\/05\/Mi-Portable-Bluetooth-Speaker\uff0816W\uff09-1.jpg\" alt=\"\" width=\"1898\" height=\"1760\" \/> <img decoding=\"async\" class=\"size-full wp-image-26489 aligncenter\" src=\"https:\/\/www.rucashk.com\/wp-content\/uploads\/2021\/05\/Mi-Portable-Bluetooth-Speaker\uff0816W\uff09.jpg\" alt=\"\" width=\"1900\" height=\"1700\" \/> <img loading=\"lazy\" decoding=\"async\" class=\"size-full wp-image-26491 aligncenter\" src=\"https:\/\/www.rucashk.com\/wp-content\/uploads\/2021\/05\/Mi_Vacuum-Cleaner-G10-1.jpg\" alt=\"\" width=\"1903\" height=\"1363\" \/> <img loading=\"lazy\" decoding=\"async\" class=\"size-full wp-image-26492 aligncenter\" src=\"https:\/\/www.rucashk.com\/wp-content\/uploads\/2021\/05\/Mi_Portable_Bluetooth-Speaker\uff0816W\uff09-scaled.jpg\" alt=\"\" width=\"1879\" height=\"2560\" \/><\/p>\n<div class=\"items-box\">\n<p class=\"title\" style=\"text-align: center\"><strong>Especifica\u00e7\u00e3o<\/strong><\/p>\n<p style=\"text-align: center\"><strong>Nome do Produto:<\/strong>Alto-falante Bluetooth port\u00e1til Mi (16W)<br \/>\n<strong>Modelo:<\/strong>MDZ-36-DB<br \/>\n<strong>Cor:<\/strong>Preto Azul<br \/>\n<strong>Dimens\u00f5es do produto:<\/strong>L 213 * P 74 * A 74 mm<br \/>\n<strong>Conectividade:<\/strong>Bluetooth \/ entrada auxiliar de 3,5 mm<br \/>\n<strong>Pot\u00eancia de sa\u00edda nominal:<\/strong>2\u00d78W (@1KHz THD=1%)<br \/>\n<strong>A rela\u00e7\u00e3o sinal-ru\u00eddo:<\/strong>70dB<br \/>\n<strong>Conex\u00e3o TWS:<\/strong>Sim (\u22645m)<br \/>\n<strong>\u00c0 prova d&#039;\u00e1gua:<\/strong>IPX7<br \/>\n<strong>Tempo de carregamento da bateria:<\/strong>4 horas<br \/>\n<strong>Tempo de reprodu\u00e7\u00e3o:<\/strong>Aproximadamente. 13 horas (no volume 50%)<br \/>\n<strong>Vers\u00e3o Bluetooth:<\/strong>5.0<br \/>\n<strong>Alcance de frequ\u00eancia:<\/strong>80Hz a 20KHz<br \/>\n<strong>Imped\u00e2ncia nominal:<\/strong>4\u03a9<br \/>\n<strong>Dist\u00e2ncia de transmiss\u00e3o<\/strong>:15m<br \/>\n<strong>Bateria:<\/strong>\u00cdon de l\u00edtio, 3,7 V, 2600mAh<br \/>\n<strong>Entrada nominal:<\/strong>5V 1A<\/p>\n<\/div>","protected":false},"excerpt":{"rendered":"<p><strong>Caracter\u00edstica principal<\/strong><br \/>\n1. A perfect portable bluetooth speaker<br \/>\n2. True Wireless Stereo<br \/>\n3. Bluetooth5.0<br \/>\n4. Stable connection smooth music flow<br \/>\n5. IPX7 Waterproof<br \/>\n6. Easy To Carry<br \/>\n7. Charge once, listen for 13 hours<br \/>\n8. Built-in Microphone<\/p>","protected":false},"featured_media":25362,"template":"","meta":[],"product_brand":[],"product_cat":[1318,1305],"product_tag":[],"class_list":{"0":"post-25252","1":"product","2":"type-product","3":"status-publish","4":"has-post-thumbnail","6":"product_cat-gadgets","7":"product_cat-xiaomi-eco","9":"first","10":"outofstock","11":"shipping-taxable","12":"product-type-variable"},"aioseo_notices":[],"aioseo_head":"\n\t\t<!-- All in One SEO Pro 4.5.9.2 - aioseo.com -->\n\t\t<meta name=\"description\" content=\"Main Feature 1. A perfect portable bluetooth speaker 2. True Wireless Stereo 3. Bluetooth5.0 4. Stable connection smooth music flow 5. IPX7 Waterproof 6. Easy To Carry 7. Charge once, listen for 13 hours 8. Built-in Microphone\" \/>\n\t\t<meta name=\"robots\" content=\"max-image-preview:large\" \/>\n\t\t<link rel=\"canonical\" href=\"https:\/\/www.rucashk.com\/pt\/produto\/mi-portable-bluetooth-speaker%ef%bc%8816w%ef%bc%89\/\" \/>\n\t\t<meta name=\"generator\" content=\"All in One SEO Pro (AIOSEO) 4.5.9.2\" \/>\n\t\t<meta property=\"og:locale\" content=\"pt_PT\" \/>\n\t\t<meta property=\"og:site_name\" content=\"Rucas - One-stop AIoT Distribution Worldwide\" \/>\n\t\t<meta property=\"og:type\" content=\"article\" \/>\n\t\t<meta property=\"og:title\" content=\"Mi Portable Bluetooth Speaker\uff0816W\uff09 - Rucas - Wholesale and Distribution\" \/>\n\t\t<meta property=\"og:description\" content=\"Main Feature 1. A perfect portable bluetooth speaker 2. True Wireless Stereo 3. Bluetooth5.0 4. Stable connection smooth music flow 5. IPX7 Waterproof 6. Easy To Carry 7. Charge once, listen for 13 hours 8. Built-in Microphone\" \/>\n\t\t<meta property=\"og:url\" content=\"https:\/\/www.rucashk.com\/pt\/produto\/mi-portable-bluetooth-speaker%ef%bc%8816w%ef%bc%89\/\" \/>\n\t\t<meta property=\"og:image\" content=\"https:\/\/www.rucashk.com\/wp-content\/uploads\/replace\/503b8e645f128a97ccde2b6290747646.jpeg\" \/>\n\t\t<meta property=\"og:image:secure_url\" content=\"https:\/\/www.rucashk.com\/wp-content\/uploads\/replace\/503b8e645f128a97ccde2b6290747646.jpeg\" \/>\n\t\t<meta property=\"og:image:width\" content=\"1456\" \/>\n\t\t<meta property=\"og:image:height\" content=\"816\" \/>\n\t\t<meta property=\"article:published_time\" content=\"2024-01-09T16:15:26+00:00\" \/>\n\t\t<meta property=\"article:modified_time\" content=\"2024-01-20T10:02:58+00:00\" \/>\n\t\t<meta name=\"twitter:card\" content=\"summary_large_image\" \/>\n\t\t<meta name=\"twitter:title\" content=\"Mi Portable Bluetooth Speaker\uff0816W\uff09 - Rucas - Wholesale and Distribution\" \/>\n\t\t<meta name=\"twitter:description\" content=\"Main Feature 1. A perfect portable bluetooth speaker 2. True Wireless Stereo 3. Bluetooth5.0 4. Stable connection smooth music flow 5. IPX7 Waterproof 6. Easy To Carry 7. Charge once, listen for 13 hours 8. Built-in Microphone\" \/>\n\t\t<meta name=\"twitter:image\" content=\"https:\/\/www.rucashk.com\/wp-content\/uploads\/replace\/503b8e645f128a97ccde2b6290747646.jpeg\" \/>\n\t\t<script type=\"application\/ld+json\" class=\"aioseo-schema\">\n\t\t\t{\"@context\":\"https:\\\/\\\/schema.org\",\"@graph\":[{\"@type\":\"BreadcrumbList\",\"@id\":\"https:\\\/\\\/www.rucashk.com\\\/pt\\\/produto\\\/mi-portable-bluetooth-speaker%ef%bc%8816w%ef%bc%89\\\/#breadcrumblist\",\"itemListElement\":[{\"@type\":\"ListItem\",\"@id\":\"https:\\\/\\\/www.rucashk.com\\\/pt\\\/#listItem\",\"position\":1,\"name\":\"Home\",\"item\":\"https:\\\/\\\/www.rucashk.com\\\/pt\\\/\",\"nextItem\":\"https:\\\/\\\/www.rucashk.com\\\/pt\\\/produto\\\/mi-portable-bluetooth-speaker%ef%bc%8816w%ef%bc%89\\\/#listItem\"},{\"@type\":\"ListItem\",\"@id\":\"https:\\\/\\\/www.rucashk.com\\\/pt\\\/produto\\\/mi-portable-bluetooth-speaker%ef%bc%8816w%ef%bc%89\\\/#listItem\",\"position\":2,\"name\":\"Mi Portable Bluetooth Speaker\\uff0816W\\uff09\",\"previousItem\":\"https:\\\/\\\/www.rucashk.com\\\/pt\\\/#listItem\"}]},{\"@type\":\"Organization\",\"@id\":\"https:\\\/\\\/www.rucashk.com\\\/pt\\\/#organization\",\"name\":\"Rucas\",\"url\":\"https:\\\/\\\/www.rucashk.com\\\/pt\\\/\",\"logo\":{\"@type\":\"ImageObject\",\"url\":\"https:\\\/\\\/www.rucashk.com\\\/wp-content\\\/uploads\\\/2023\\\/12\\\/Rucas_campany_logo.png\",\"@id\":\"https:\\\/\\\/www.rucashk.com\\\/pt\\\/produto\\\/mi-portable-bluetooth-speaker%ef%bc%8816w%ef%bc%89\\\/#organizationLogo\",\"width\":221,\"height\":65},\"image\":{\"@id\":\"https:\\\/\\\/www.rucashk.com\\\/pt\\\/#organizationLogo\"}},{\"@type\":\"Person\",\"@id\":\"https:\\\/\\\/www.rucashk.com\\\/pt\\\/author\\\/admin\\\/#author\",\"url\":\"https:\\\/\\\/www.rucashk.com\\\/pt\\\/author\\\/admin\\\/\",\"name\":\"admin\",\"image\":{\"@type\":\"ImageObject\",\"@id\":\"https:\\\/\\\/www.rucashk.com\\\/pt\\\/produto\\\/mi-portable-bluetooth-speaker%ef%bc%8816w%ef%bc%89\\\/#authorImage\",\"url\":\"https:\\\/\\\/secure.gravatar.com\\\/avatar\\\/b7c8925b09a27e72b30232f8ecaadbd5af0f70a38c78096863fe51b64f031c24?s=96&d=mm&r=g\",\"width\":96,\"height\":96,\"caption\":\"admin\"}},{\"@type\":\"WebPage\",\"@id\":\"https:\\\/\\\/www.rucashk.com\\\/pt\\\/produto\\\/mi-portable-bluetooth-speaker%ef%bc%8816w%ef%bc%89\\\/#webpage\",\"url\":\"https:\\\/\\\/www.rucashk.com\\\/pt\\\/produto\\\/mi-portable-bluetooth-speaker%ef%bc%8816w%ef%bc%89\\\/\",\"name\":\"Mi Portable Bluetooth Speaker\\uff0816W\\uff09 - Rucas - Wholesale and Distribution\",\"description\":\"Main Feature 1. A perfect portable bluetooth speaker 2. True Wireless Stereo 3. Bluetooth5.0 4. Stable connection smooth music flow 5. IPX7 Waterproof 6. Easy To Carry 7. Charge once, listen for 13 hours 8. Built-in Microphone\",\"inLanguage\":\"pt-PT\",\"isPartOf\":{\"@id\":\"https:\\\/\\\/www.rucashk.com\\\/pt\\\/#website\"},\"breadcrumb\":{\"@id\":\"https:\\\/\\\/www.rucashk.com\\\/pt\\\/produto\\\/mi-portable-bluetooth-speaker%ef%bc%8816w%ef%bc%89\\\/#breadcrumblist\"},\"author\":{\"@id\":\"https:\\\/\\\/www.rucashk.com\\\/pt\\\/author\\\/admin\\\/#author\"},\"creator\":{\"@id\":\"https:\\\/\\\/www.rucashk.com\\\/pt\\\/author\\\/admin\\\/#author\"},\"image\":{\"@type\":\"ImageObject\",\"url\":\"https:\\\/\\\/www.rucashk.com\\\/wp-content\\\/uploads\\\/2024\\\/01\\\/Xiaomi-Portable-Bluetooth-Speaker-16W.jpg\",\"@id\":\"https:\\\/\\\/www.rucashk.com\\\/pt\\\/produto\\\/mi-portable-bluetooth-speaker%ef%bc%8816w%ef%bc%89\\\/#mainImage\",\"width\":800,\"height\":800},\"primaryImageOfPage\":{\"@id\":\"https:\\\/\\\/www.rucashk.com\\\/pt\\\/produto\\\/mi-portable-bluetooth-speaker%ef%bc%8816w%ef%bc%89\\\/#mainImage\"},\"datePublished\":\"2024-01-09T16:15:26+00:00\",\"dateModified\":\"2024-01-20T10:02:58+00:00\"},{\"@type\":\"WebSite\",\"@id\":\"https:\\\/\\\/www.rucashk.com\\\/pt\\\/#website\",\"url\":\"https:\\\/\\\/www.rucashk.com\\\/pt\\\/\",\"name\":\"Rucas - Wholesale and distribution worldwide\",\"alternateName\":\"Rucas - One-stop AIoT Distribution Worldwide\",\"description\":\"One-stop AIoT Distribution Worldwide\",\"inLanguage\":\"pt-PT\",\"publisher\":{\"@id\":\"https:\\\/\\\/www.rucashk.com\\\/pt\\\/#organization\"}}]}\n\t\t<\/script>\n\t\t<!-- All in One SEO Pro -->\r\n\t\t<title>Mi Portable Bluetooth Speaker\uff0816W\uff09 - Rucas - Wholesale and Distribution<\/title>\n\n","aioseo_head_json":{"title":"Mi Portable Bluetooth Speaker\uff0816W\uff09 - Rucas - Wholesale and Distribution","description":"Main Feature 1. A perfect portable bluetooth speaker 2. True Wireless Stereo 3. Bluetooth5.0 4. Stable connection smooth music flow 5. IPX7 Waterproof 6. Easy To Carry 7. Charge once, listen for 13 hours 8. Built-in Microphone","canonical_url":"https:\/\/www.rucashk.com\/pt\/produto\/mi-portable-bluetooth-speaker%ef%bc%8816w%ef%bc%89\/","robots":"max-image-preview:large","keywords":"","webmasterTools":{"miscellaneous":""},"og:locale":"pt_PT","og:site_name":"Rucas - One-stop AIoT Distribution Worldwide","og:type":"article","og:title":"Mi Portable Bluetooth Speaker\uff0816W\uff09 - Rucas - Wholesale and Distribution","og:description":"Main Feature 1. A perfect portable bluetooth speaker 2. True Wireless Stereo 3. Bluetooth5.0 4. Stable connection smooth music flow 5. IPX7 Waterproof 6. Easy To Carry 7. Charge once, listen for 13 hours 8. Built-in Microphone","og:url":"https:\/\/www.rucashk.com\/pt\/produto\/mi-portable-bluetooth-speaker%ef%bc%8816w%ef%bc%89\/","og:image":"https:\/\/www.rucashk.com\/wp-content\/uploads\/replace\/503b8e645f128a97ccde2b6290747646.jpeg","og:image:secure_url":"https:\/\/www.rucashk.com\/wp-content\/uploads\/replace\/503b8e645f128a97ccde2b6290747646.jpeg","og:image:width":1456,"og:image:height":816,"article:published_time":"2024-01-09T16:15:26+00:00","article:modified_time":"2024-01-20T10:02:58+00:00","twitter:card":"summary_large_image","twitter:title":"Mi Portable Bluetooth Speaker\uff0816W\uff09 - Rucas - Wholesale and Distribution","twitter:description":"Main Feature 1. A perfect portable bluetooth speaker 2. True Wireless Stereo 3. Bluetooth5.0 4. Stable connection smooth music flow 5. IPX7 Waterproof 6. Easy To Carry 7. Charge once, listen for 13 hours 8. Built-in Microphone","twitter:image":"https:\/\/www.rucashk.com\/wp-content\/uploads\/replace\/503b8e645f128a97ccde2b6290747646.jpeg","schema":{"@context":"https:\/\/schema.org","@graph":[{"@type":"BreadcrumbList","@id":"https:\/\/www.rucashk.com\/pt\/produto\/mi-portable-bluetooth-speaker%ef%bc%8816w%ef%bc%89\/#breadcrumblist","itemListElement":[{"@type":"ListItem","@id":"https:\/\/www.rucashk.com\/pt\/#listItem","position":1,"name":"Home","item":"https:\/\/www.rucashk.com\/pt\/","nextItem":"https:\/\/www.rucashk.com\/pt\/produto\/mi-portable-bluetooth-speaker%ef%bc%8816w%ef%bc%89\/#listItem"},{"@type":"ListItem","@id":"https:\/\/www.rucashk.com\/pt\/produto\/mi-portable-bluetooth-speaker%ef%bc%8816w%ef%bc%89\/#listItem","position":2,"name":"Mi Portable Bluetooth Speaker\uff0816W\uff09","previousItem":"https:\/\/www.rucashk.com\/pt\/#listItem"}]},{"@type":"Organization","@id":"https:\/\/www.rucashk.com\/pt\/#organization","name":"Rucas","url":"https:\/\/www.rucashk.com\/pt\/","logo":{"@type":"ImageObject","url":"https:\/\/www.rucashk.com\/wp-content\/uploads\/2023\/12\/Rucas_campany_logo.png","@id":"https:\/\/www.rucashk.com\/pt\/produto\/mi-portable-bluetooth-speaker%ef%bc%8816w%ef%bc%89\/#organizationLogo","width":221,"height":65},"image":{"@id":"https:\/\/www.rucashk.com\/pt\/#organizationLogo"}},{"@type":"Person","@id":"https:\/\/www.rucashk.com\/pt\/author\/admin\/#author","url":"https:\/\/www.rucashk.com\/pt\/author\/admin\/","name":"admin","image":{"@type":"ImageObject","@id":"https:\/\/www.rucashk.com\/pt\/produto\/mi-portable-bluetooth-speaker%ef%bc%8816w%ef%bc%89\/#authorImage","url":"https:\/\/secure.gravatar.com\/avatar\/b7c8925b09a27e72b30232f8ecaadbd5af0f70a38c78096863fe51b64f031c24?s=96&d=mm&r=g","width":96,"height":96,"caption":"admin"}},{"@type":"WebPage","@id":"https:\/\/www.rucashk.com\/pt\/produto\/mi-portable-bluetooth-speaker%ef%bc%8816w%ef%bc%89\/#webpage","url":"https:\/\/www.rucashk.com\/pt\/produto\/mi-portable-bluetooth-speaker%ef%bc%8816w%ef%bc%89\/","name":"Mi Portable Bluetooth Speaker\uff0816W\uff09 - Rucas - Wholesale and Distribution","description":"Main Feature 1. A perfect portable bluetooth speaker 2. True Wireless Stereo 3. Bluetooth5.0 4. Stable connection smooth music flow 5. IPX7 Waterproof 6. Easy To Carry 7. Charge once, listen for 13 hours 8. Built-in Microphone","inLanguage":"pt-PT","isPartOf":{"@id":"https:\/\/www.rucashk.com\/pt\/#website"},"breadcrumb":{"@id":"https:\/\/www.rucashk.com\/pt\/produto\/mi-portable-bluetooth-speaker%ef%bc%8816w%ef%bc%89\/#breadcrumblist"},"author":{"@id":"https:\/\/www.rucashk.com\/pt\/author\/admin\/#author"},"creator":{"@id":"https:\/\/www.rucashk.com\/pt\/author\/admin\/#author"},"image":{"@type":"ImageObject","url":"https:\/\/www.rucashk.com\/wp-content\/uploads\/2024\/01\/Xiaomi-Portable-Bluetooth-Speaker-16W.jpg","@id":"https:\/\/www.rucashk.com\/pt\/produto\/mi-portable-bluetooth-speaker%ef%bc%8816w%ef%bc%89\/#mainImage","width":800,"height":800},"primaryImageOfPage":{"@id":"https:\/\/www.rucashk.com\/pt\/produto\/mi-portable-bluetooth-speaker%ef%bc%8816w%ef%bc%89\/#mainImage"},"datePublished":"2024-01-09T16:15:26+00:00","dateModified":"2024-01-20T10:02:58+00:00"},{"@type":"WebSite","@id":"https:\/\/www.rucashk.com\/pt\/#website","url":"https:\/\/www.rucashk.com\/pt\/","name":"Rucas - Wholesale and distribution worldwide","alternateName":"Rucas - One-stop AIoT Distribution Worldwide","description":"One-stop AIoT Distribution Worldwide","inLanguage":"pt-PT","publisher":{"@id":"https:\/\/www.rucashk.com\/pt\/#organization"}}]}},"aioseo_meta_data":{"post_id":"25252","title":null,"description":null,"keywords":null,"keyphrases":null,"primary_term":null,"canonical_url":null,"og_title":null,"og_description":null,"og_object_type":"default","og_image_type":"default","og_image_url":null,"og_image_width":null,"og_image_height":null,"og_image_custom_url":null,"og_image_custom_fields":null,"og_video":null,"og_custom_url":null,"og_article_section":null,"og_article_tags":null,"twitter_use_og":false,"twitter_card":"default","twitter_image_type":"default","twitter_image_url":null,"twitter_image_custom_url":null,"twitter_image_custom_fields":null,"twitter_title":null,"twitter_description":null,"schema":{"blockGraphs":[],"customGraphs":[],"default":{"data":{"Article":[],"Course":[],"Dataset":[],"FAQPage":[],"Movie":[],"Person":[],"Product":[],"Recipe":[],"Service":[],"SoftwareApplication":[],"WebPage":[]},"graphName":"","isEnabled":true},"graphs":[]},"schema_type":"default","schema_type_options":null,"pillar_content":false,"robots_default":true,"robots_noindex":false,"robots_noarchive":false,"robots_nosnippet":false,"robots_nofollow":false,"robots_noimageindex":false,"robots_noodp":false,"robots_notranslate":false,"robots_max_snippet":null,"robots_max_videopreview":null,"robots_max_imagepreview":"large","priority":null,"frequency":null,"local_seo":null,"breadcrumb_settings":null,"limit_modified_date":false,"created":"2024-04-11 01:57:18","updated":"2025-06-22 17:51:18"},"aioseo_breadcrumb":"<div class=\"aioseo-breadcrumbs\"><span class=\"aioseo-breadcrumb\">\n\t<a href=\"https:\/\/www.rucashk.com\/pt\" title=\"Home\">Home<\/a>\n<\/span><span class=\"aioseo-breadcrumb-separator\">&raquo;<\/span><span class=\"aioseo-breadcrumb\">\n\t<a href=\"https:\/\/www.rucashk.com\/pt\/products\/\" title=\"Produtos\">Produtos<\/a>\n<\/span><span class=\"aioseo-breadcrumb-separator\">&raquo;<\/span><span class=\"aioseo-breadcrumb\">\n\t<a href=\"https:\/\/www.rucashk.com\/pt\/categoria-produto\/xiaomi-eco\/\" title=\"Xiaomi Eco\">Xiaomi Eco<\/a>\n<\/span><span class=\"aioseo-breadcrumb-separator\">&raquo;<\/span><span class=\"aioseo-breadcrumb\">\n\t<a href=\"https:\/\/www.rucashk.com\/pt\/categoria-produto\/xiaomi-eco\/gadgets\/\" title=\"Gadgets\">Gadgets<\/a>\n<\/span><span class=\"aioseo-breadcrumb-separator\">&raquo;<\/span><span class=\"aioseo-breadcrumb\">\n\tMi Portable Bluetooth Speaker\uff0816W\uff09\n<\/span><\/div>","aioseo_breadcrumb_json":[{"label":"Home","link":"https:\/\/www.rucashk.com\/pt"},{"label":"Produtos","link":"https:\/\/www.rucashk.com\/pt\/products\/"},{"label":"Xiaomi Eco","link":"https:\/\/www.rucashk.com\/pt\/categoria-produto\/xiaomi-eco\/"},{"label":"Gadgets","link":"https:\/\/www.rucashk.com\/pt\/categoria-produto\/xiaomi-eco\/gadgets\/"},{"label":"Mi Portable Bluetooth Speaker\uff0816W\uff09","link":"https:\/\/www.rucashk.com\/pt\/produto\/mi-portable-bluetooth-speaker%ef%bc%8816w%ef%bc%89\/"}],"_links":{"self":[{"href":"https:\/\/www.rucashk.com\/pt\/wp-json\/wp\/v2\/product\/25252","targetHints":{"allow":["GET"]}}],"collection":[{"href":"https:\/\/www.rucashk.com\/pt\/wp-json\/wp\/v2\/product"}],"about":[{"href":"https:\/\/www.rucashk.com\/pt\/wp-json\/wp\/v2\/types\/product"}],"wp:featuredmedia":[{"embeddable":true,"href":"https:\/\/www.rucashk.com\/pt\/wp-json\/wp\/v2\/media\/25362"}],"wp:attachment":[{"href":"https:\/\/www.rucashk.com\/pt\/wp-json\/wp\/v2\/media?parent=25252"}],"wp:term":[{"taxonomy":"product_brand","embeddable":true,"href":"https:\/\/www.rucashk.com\/pt\/wp-json\/wp\/v2\/product_brand?post=25252"},{"taxonomy":"product_cat","embeddable":true,"href":"https:\/\/www.rucashk.com\/pt\/wp-json\/wp\/v2\/product_cat?post=25252"},{"taxonomy":"product_tag","embeddable":true,"href":"https:\/\/www.rucashk.com\/pt\/wp-json\/wp\/v2\/product_tag?post=25252"}],"curies":[{"name":"wp","href":"https:\/\/api.w.org\/{rel}","templated":true}]}}