{"id":25251,"date":"2024-01-09T16:15:26","date_gmt":"2024-01-09T16:15:26","guid":{"rendered":"http:\/\/rucashk.com\/?post_type=product&#038;p=25251"},"modified":"2025-06-22T07:37:19","modified_gmt":"2025-06-22T07:37:19","slug":"dreame-v12-handheld-vacuum","status":"publish","type":"product","link":"https:\/\/www.rucashk.com\/pt\/produto\/dreame-v12-handheld-vacuum\/","title":{"rendered":"Aspirador port\u00e1til Dreame V12"},"content":{"rendered":"<div class=\"detailmodule_text-image\"><img decoding=\"async\" alt=\"Dreame V12 Handheld Vacuum\" class=\"detail-desc-decorate-image aligncenter\" src=\"\/wp-content\/uploads\/replace\/85e985a4f4ad587cfb30a94be61c8919.jpeg\" \/><\/div>\n<div class=\"detailmodule_text-image\"><img decoding=\"async\" alt=\"Dreame V12 Handheld Vacuum\" class=\"detail-desc-decorate-image aligncenter\" src=\"\/wp-content\/uploads\/replace\/8379e3bfe18e80fc0b5e5f4130cb41b3.jpeg\" \/><\/div>\n<div class=\"detailmodule_text-image\"><img decoding=\"async\" alt=\"Dreame V12 Handheld Vacuum\" class=\"detail-desc-decorate-image aligncenter\" src=\"\/wp-content\/uploads\/replace\/3f179adcc8f93517e29e2b18bc693dbb.jpeg\" \/><\/div>\n<div class=\"detailmodule_text-image\"><img decoding=\"async\" alt=\"Dreame V12 Handheld Vacuum\" class=\"detail-desc-decorate-image aligncenter\" src=\"\/wp-content\/uploads\/replace\/3ea66cc27f18167c2a2e7d10588fd298.jpeg\" \/><\/div>\n<div class=\"detailmodule_text-image\"><img decoding=\"async\" alt=\"Dreame V12 Handheld Vacuum\" class=\"detail-desc-decorate-image aligncenter\" src=\"\/wp-content\/uploads\/replace\/f1f44d4c31f1ab8343143bb402004c00.jpeg\" \/><\/div>\n<div class=\"detailmodule_image\"><img decoding=\"async\" alt=\"Dreame V12 Handheld Vacuum\" class=\"detail-desc-decorate-image aligncenter\" src=\"\/wp-content\/uploads\/replace\/26671b84c4848058187aa651f4a9b435.jpeg\" data-spm-anchor-id=\"a2g0o.detail.1000023.i0.6df0630bLSpC1E\" \/><\/div>\n<div><\/div>\n<div>\n<p style=\"text-align: center\">O aspirador sem fio Dream V12 \u00e9 uma submarca da Xiaomi que se concentra na dura\u00e7\u00e3o da bateria e no sucesso de energia. Esta incr\u00edvel m\u00e1quina de limpeza traz um motor sem escova integrado ao seu cora\u00e7\u00e3o e sua velocidade varia em torno de 150.000 rpm.<\/p>\n<p style=\"text-align: center\">O Dream V12 \u00e9 um modelo totalmente novo do Dream que agora possui uma pot\u00eancia de peito avan\u00e7ada de 185 AW. No verso, o novo modelo tem pot\u00eancia nominal de 550W, enquanto o single anterior era de 450W. Ao contr\u00e1rio do limpador anterior, o novo painel da marca utiliza um impulsor extra superior com sistema de fluxo de ar acoplado. O ru\u00eddo pode ser menor em compara\u00e7\u00e3o com o Mankin anterior.<\/p>\n<p style=\"text-align: center\">O Dream V12 possui um \u00f3timo sistema de ciclones de m\u00faltiplos cones com resist\u00eancia de drenagem reduzida e maior efici\u00eancia de isolamento de lama 99.9%. Com essa suc\u00e7\u00e3o de carga muito menor, provavelmente levar\u00e1 mais alguns anos para voltar. O tempo de funcionamento deste aspirador \u00e9 o seguinte: oito minutos no modo turbo, 30 minutos no modo normal e 90 minutos no modo eco.<\/p>\n<p style=\"text-align: center\">Um aspirador de p\u00f3 requer o equipamento certo, mas o aspirador Dream V12 tamb\u00e9m requer um adaptador de mesa girat\u00f3rio ininterrupto e uma mini escova macia. Ele vem com retroilumina\u00e7\u00e3o LED como b\u00f4nus e, como resultado, permite limpar \u00e1reas duras. Com o Dream V12, aproveite a limpeza simples da sua casa com op\u00e7\u00f5es rec\u00e9m-adicionadas.<\/p>\n<\/div>","protected":false},"excerpt":{"rendered":"<ul>\n<li>Quebre o limite de desempenho do motor<\/li>\n<li>Crie energia central de n\u00edvel de avia\u00e7\u00e3o<\/li>\n<li>O motor de alta velocidade Chaimu SPACE 5.0 \u00e9 constru\u00eddo pela equipe Chaimu Aerodynamics.<\/li>\n<li>Ele rompe os tr\u00eas campos da aerodin\u00e2mica, ci\u00eancia dos materiais e fabrica\u00e7\u00e3o de precis\u00e3o.<\/li>\n<li>Ele produz um desempenho super limpo para o V12 com velocidade ultra-alta.<\/li>\n<\/ul>","protected":false},"featured_media":25360,"template":"","meta":[],"product_brand":[1363],"product_cat":[1341,1305],"product_tag":[],"class_list":{"0":"post-25251","1":"product","2":"type-product","3":"status-publish","4":"has-post-thumbnail","6":"product_brand-xiaomi","7":"product_cat-others","8":"product_cat-xiaomi-eco","10":"first","11":"outofstock","12":"shipping-taxable","13":"product-type-variable"},"aioseo_notices":[],"aioseo_head":"\n\t\t<!-- All in One SEO Pro 4.5.9.2 - aioseo.com -->\n\t\t<meta name=\"description\" content=\"Break the motor performance limit Create aviation-grade core power The Chaimu SPACE 5.0 high-speed motor is built by the Chaimu Aerodynamics team. It breaks through the three fields of aerodynamics, materials science, and precision manufacturing. It outputs super clean performance for the V12 with ultra-high speed.\" \/>\n\t\t<meta name=\"robots\" content=\"max-image-preview:large\" \/>\n\t\t<link rel=\"canonical\" href=\"https:\/\/www.rucashk.com\/pt\/produto\/dreame-v12-handheld-vacuum\/\" \/>\n\t\t<meta name=\"generator\" content=\"All in One SEO Pro (AIOSEO) 4.5.9.2\" \/>\n\t\t<meta property=\"og:locale\" content=\"pt_PT\" \/>\n\t\t<meta property=\"og:site_name\" content=\"Rucas - One-stop AIoT Distribution Worldwide\" \/>\n\t\t<meta property=\"og:type\" content=\"article\" \/>\n\t\t<meta property=\"og:title\" content=\"Dreame V12 Handheld Vacuum - Rucas - Wholesale and Distribution\" \/>\n\t\t<meta property=\"og:description\" content=\"Break the motor performance limit Create aviation-grade core power The Chaimu SPACE 5.0 high-speed motor is built by the Chaimu Aerodynamics team. It breaks through the three fields of aerodynamics, materials science, and precision manufacturing. It outputs super clean performance for the V12 with ultra-high speed.\" \/>\n\t\t<meta property=\"og:url\" content=\"https:\/\/www.rucashk.com\/pt\/produto\/dreame-v12-handheld-vacuum\/\" \/>\n\t\t<meta property=\"og:image\" content=\"https:\/\/www.rucashk.com\/wp-content\/uploads\/replace\/503b8e645f128a97ccde2b6290747646.jpeg\" \/>\n\t\t<meta property=\"og:image:secure_url\" content=\"https:\/\/www.rucashk.com\/wp-content\/uploads\/replace\/503b8e645f128a97ccde2b6290747646.jpeg\" \/>\n\t\t<meta property=\"og:image:width\" content=\"1456\" \/>\n\t\t<meta property=\"og:image:height\" content=\"816\" \/>\n\t\t<meta property=\"article:published_time\" content=\"2024-01-09T16:15:26+00:00\" \/>\n\t\t<meta property=\"article:modified_time\" content=\"2025-06-22T07:37:19+00:00\" \/>\n\t\t<meta name=\"twitter:card\" content=\"summary_large_image\" \/>\n\t\t<meta name=\"twitter:title\" content=\"Dreame V12 Handheld Vacuum - Rucas - Wholesale and Distribution\" \/>\n\t\t<meta name=\"twitter:description\" content=\"Break the motor performance limit Create aviation-grade core power The Chaimu SPACE 5.0 high-speed motor is built by the Chaimu Aerodynamics team. It breaks through the three fields of aerodynamics, materials science, and precision manufacturing. It outputs super clean performance for the V12 with ultra-high speed.\" \/>\n\t\t<meta name=\"twitter:image\" content=\"https:\/\/www.rucashk.com\/wp-content\/uploads\/replace\/503b8e645f128a97ccde2b6290747646.jpeg\" \/>\n\t\t<script type=\"application\/ld+json\" class=\"aioseo-schema\">\n\t\t\t{\"@context\":\"https:\\\/\\\/schema.org\",\"@graph\":[{\"@type\":\"BreadcrumbList\",\"@id\":\"https:\\\/\\\/www.rucashk.com\\\/pt\\\/produto\\\/dreame-v12-handheld-vacuum\\\/#breadcrumblist\",\"itemListElement\":[{\"@type\":\"ListItem\",\"@id\":\"https:\\\/\\\/www.rucashk.com\\\/pt\\\/#listItem\",\"position\":1,\"name\":\"Home\",\"item\":\"https:\\\/\\\/www.rucashk.com\\\/pt\\\/\",\"nextItem\":\"https:\\\/\\\/www.rucashk.com\\\/pt\\\/produto\\\/dreame-v12-handheld-vacuum\\\/#listItem\"},{\"@type\":\"ListItem\",\"@id\":\"https:\\\/\\\/www.rucashk.com\\\/pt\\\/produto\\\/dreame-v12-handheld-vacuum\\\/#listItem\",\"position\":2,\"name\":\"Dreame V12 Handheld Vacuum\",\"previousItem\":\"https:\\\/\\\/www.rucashk.com\\\/pt\\\/#listItem\"}]},{\"@type\":\"Organization\",\"@id\":\"https:\\\/\\\/www.rucashk.com\\\/pt\\\/#organization\",\"name\":\"Rucas\",\"url\":\"https:\\\/\\\/www.rucashk.com\\\/pt\\\/\",\"logo\":{\"@type\":\"ImageObject\",\"url\":\"https:\\\/\\\/www.rucashk.com\\\/wp-content\\\/uploads\\\/2023\\\/12\\\/Rucas_campany_logo.png\",\"@id\":\"https:\\\/\\\/www.rucashk.com\\\/pt\\\/produto\\\/dreame-v12-handheld-vacuum\\\/#organizationLogo\",\"width\":221,\"height\":65},\"image\":{\"@id\":\"https:\\\/\\\/www.rucashk.com\\\/pt\\\/#organizationLogo\"}},{\"@type\":\"Person\",\"@id\":\"https:\\\/\\\/www.rucashk.com\\\/pt\\\/author\\\/admin\\\/#author\",\"url\":\"https:\\\/\\\/www.rucashk.com\\\/pt\\\/author\\\/admin\\\/\",\"name\":\"admin\",\"image\":{\"@type\":\"ImageObject\",\"@id\":\"https:\\\/\\\/www.rucashk.com\\\/pt\\\/produto\\\/dreame-v12-handheld-vacuum\\\/#authorImage\",\"url\":\"https:\\\/\\\/secure.gravatar.com\\\/avatar\\\/b7c8925b09a27e72b30232f8ecaadbd5af0f70a38c78096863fe51b64f031c24?s=96&d=mm&r=g\",\"width\":96,\"height\":96,\"caption\":\"admin\"}},{\"@type\":\"WebPage\",\"@id\":\"https:\\\/\\\/www.rucashk.com\\\/pt\\\/produto\\\/dreame-v12-handheld-vacuum\\\/#webpage\",\"url\":\"https:\\\/\\\/www.rucashk.com\\\/pt\\\/produto\\\/dreame-v12-handheld-vacuum\\\/\",\"name\":\"Dreame V12 Handheld Vacuum - Rucas - Wholesale and Distribution\",\"description\":\"Break the motor performance limit Create aviation-grade core power The Chaimu SPACE 5.0 high-speed motor is built by the Chaimu Aerodynamics team. It breaks through the three fields of aerodynamics, materials science, and precision manufacturing. It outputs super clean performance for the V12 with ultra-high speed.\",\"inLanguage\":\"pt-PT\",\"isPartOf\":{\"@id\":\"https:\\\/\\\/www.rucashk.com\\\/pt\\\/#website\"},\"breadcrumb\":{\"@id\":\"https:\\\/\\\/www.rucashk.com\\\/pt\\\/produto\\\/dreame-v12-handheld-vacuum\\\/#breadcrumblist\"},\"author\":{\"@id\":\"https:\\\/\\\/www.rucashk.com\\\/pt\\\/author\\\/admin\\\/#author\"},\"creator\":{\"@id\":\"https:\\\/\\\/www.rucashk.com\\\/pt\\\/author\\\/admin\\\/#author\"},\"image\":{\"@type\":\"ImageObject\",\"url\":\"https:\\\/\\\/www.rucashk.com\\\/wp-content\\\/uploads\\\/2024\\\/01\\\/Dreame-V12-Cordless-Vacuum-Cleaner-27000Pa-550W-Powerful-Suction-LED-HD-Color-Screen-Wireless-Handheld-Aspirator.jpg\",\"@id\":\"https:\\\/\\\/www.rucashk.com\\\/pt\\\/produto\\\/dreame-v12-handheld-vacuum\\\/#mainImage\",\"width\":800,\"height\":800},\"primaryImageOfPage\":{\"@id\":\"https:\\\/\\\/www.rucashk.com\\\/pt\\\/produto\\\/dreame-v12-handheld-vacuum\\\/#mainImage\"},\"datePublished\":\"2024-01-09T16:15:26+00:00\",\"dateModified\":\"2025-06-22T07:37:19+00:00\"},{\"@type\":\"WebSite\",\"@id\":\"https:\\\/\\\/www.rucashk.com\\\/pt\\\/#website\",\"url\":\"https:\\\/\\\/www.rucashk.com\\\/pt\\\/\",\"name\":\"Rucas - Wholesale and distribution worldwide\",\"alternateName\":\"Rucas - One-stop AIoT Distribution Worldwide\",\"description\":\"One-stop AIoT Distribution Worldwide\",\"inLanguage\":\"pt-PT\",\"publisher\":{\"@id\":\"https:\\\/\\\/www.rucashk.com\\\/pt\\\/#organization\"}}]}\n\t\t<\/script>\n\t\t<!-- All in One SEO Pro -->\r\n\t\t<title>Dreame V12 Handheld Vacuum - Rucas - Wholesale and Distribution<\/title>\n\n","aioseo_head_json":{"title":"Dreame V12 Handheld Vacuum - Rucas - Wholesale and Distribution","description":"Break the motor performance limit Create aviation-grade core power The Chaimu SPACE 5.0 high-speed motor is built by the Chaimu Aerodynamics team. It breaks through the three fields of aerodynamics, materials science, and precision manufacturing. It outputs super clean performance for the V12 with ultra-high speed.","canonical_url":"https:\/\/www.rucashk.com\/pt\/produto\/dreame-v12-handheld-vacuum\/","robots":"max-image-preview:large","keywords":"","webmasterTools":{"miscellaneous":""},"og:locale":"pt_PT","og:site_name":"Rucas - One-stop AIoT Distribution Worldwide","og:type":"article","og:title":"Dreame V12 Handheld Vacuum - Rucas - Wholesale and Distribution","og:description":"Break the motor performance limit Create aviation-grade core power The Chaimu SPACE 5.0 high-speed motor is built by the Chaimu Aerodynamics team. It breaks through the three fields of aerodynamics, materials science, and precision manufacturing. It outputs super clean performance for the V12 with ultra-high speed.","og:url":"https:\/\/www.rucashk.com\/pt\/produto\/dreame-v12-handheld-vacuum\/","og:image":"https:\/\/www.rucashk.com\/wp-content\/uploads\/replace\/503b8e645f128a97ccde2b6290747646.jpeg","og:image:secure_url":"https:\/\/www.rucashk.com\/wp-content\/uploads\/replace\/503b8e645f128a97ccde2b6290747646.jpeg","og:image:width":1456,"og:image:height":816,"article:published_time":"2024-01-09T16:15:26+00:00","article:modified_time":"2025-06-22T07:37:19+00:00","twitter:card":"summary_large_image","twitter:title":"Dreame V12 Handheld Vacuum - Rucas - Wholesale and Distribution","twitter:description":"Break the motor performance limit Create aviation-grade core power The Chaimu SPACE 5.0 high-speed motor is built by the Chaimu Aerodynamics team. It breaks through the three fields of aerodynamics, materials science, and precision manufacturing. It outputs super clean performance for the V12 with ultra-high speed.","twitter:image":"https:\/\/www.rucashk.com\/wp-content\/uploads\/replace\/503b8e645f128a97ccde2b6290747646.jpeg","schema":{"@context":"https:\/\/schema.org","@graph":[{"@type":"BreadcrumbList","@id":"https:\/\/www.rucashk.com\/pt\/produto\/dreame-v12-handheld-vacuum\/#breadcrumblist","itemListElement":[{"@type":"ListItem","@id":"https:\/\/www.rucashk.com\/pt\/#listItem","position":1,"name":"Home","item":"https:\/\/www.rucashk.com\/pt\/","nextItem":"https:\/\/www.rucashk.com\/pt\/produto\/dreame-v12-handheld-vacuum\/#listItem"},{"@type":"ListItem","@id":"https:\/\/www.rucashk.com\/pt\/produto\/dreame-v12-handheld-vacuum\/#listItem","position":2,"name":"Dreame V12 Handheld Vacuum","previousItem":"https:\/\/www.rucashk.com\/pt\/#listItem"}]},{"@type":"Organization","@id":"https:\/\/www.rucashk.com\/pt\/#organization","name":"Rucas","url":"https:\/\/www.rucashk.com\/pt\/","logo":{"@type":"ImageObject","url":"https:\/\/www.rucashk.com\/wp-content\/uploads\/2023\/12\/Rucas_campany_logo.png","@id":"https:\/\/www.rucashk.com\/pt\/produto\/dreame-v12-handheld-vacuum\/#organizationLogo","width":221,"height":65},"image":{"@id":"https:\/\/www.rucashk.com\/pt\/#organizationLogo"}},{"@type":"Person","@id":"https:\/\/www.rucashk.com\/pt\/author\/admin\/#author","url":"https:\/\/www.rucashk.com\/pt\/author\/admin\/","name":"admin","image":{"@type":"ImageObject","@id":"https:\/\/www.rucashk.com\/pt\/produto\/dreame-v12-handheld-vacuum\/#authorImage","url":"https:\/\/secure.gravatar.com\/avatar\/b7c8925b09a27e72b30232f8ecaadbd5af0f70a38c78096863fe51b64f031c24?s=96&d=mm&r=g","width":96,"height":96,"caption":"admin"}},{"@type":"WebPage","@id":"https:\/\/www.rucashk.com\/pt\/produto\/dreame-v12-handheld-vacuum\/#webpage","url":"https:\/\/www.rucashk.com\/pt\/produto\/dreame-v12-handheld-vacuum\/","name":"Dreame V12 Handheld Vacuum - Rucas - Wholesale and Distribution","description":"Break the motor performance limit Create aviation-grade core power The Chaimu SPACE 5.0 high-speed motor is built by the Chaimu Aerodynamics team. It breaks through the three fields of aerodynamics, materials science, and precision manufacturing. It outputs super clean performance for the V12 with ultra-high speed.","inLanguage":"pt-PT","isPartOf":{"@id":"https:\/\/www.rucashk.com\/pt\/#website"},"breadcrumb":{"@id":"https:\/\/www.rucashk.com\/pt\/produto\/dreame-v12-handheld-vacuum\/#breadcrumblist"},"author":{"@id":"https:\/\/www.rucashk.com\/pt\/author\/admin\/#author"},"creator":{"@id":"https:\/\/www.rucashk.com\/pt\/author\/admin\/#author"},"image":{"@type":"ImageObject","url":"https:\/\/www.rucashk.com\/wp-content\/uploads\/2024\/01\/Dreame-V12-Cordless-Vacuum-Cleaner-27000Pa-550W-Powerful-Suction-LED-HD-Color-Screen-Wireless-Handheld-Aspirator.jpg","@id":"https:\/\/www.rucashk.com\/pt\/produto\/dreame-v12-handheld-vacuum\/#mainImage","width":800,"height":800},"primaryImageOfPage":{"@id":"https:\/\/www.rucashk.com\/pt\/produto\/dreame-v12-handheld-vacuum\/#mainImage"},"datePublished":"2024-01-09T16:15:26+00:00","dateModified":"2025-06-22T07:37:19+00:00"},{"@type":"WebSite","@id":"https:\/\/www.rucashk.com\/pt\/#website","url":"https:\/\/www.rucashk.com\/pt\/","name":"Rucas - Wholesale and distribution worldwide","alternateName":"Rucas - One-stop AIoT Distribution Worldwide","description":"One-stop AIoT Distribution Worldwide","inLanguage":"pt-PT","publisher":{"@id":"https:\/\/www.rucashk.com\/pt\/#organization"}}]}},"aioseo_meta_data":{"post_id":"25251","title":null,"description":null,"keywords":null,"keyphrases":null,"primary_term":null,"canonical_url":null,"og_title":null,"og_description":null,"og_object_type":"default","og_image_type":"default","og_image_url":null,"og_image_width":null,"og_image_height":null,"og_image_custom_url":null,"og_image_custom_fields":null,"og_video":null,"og_custom_url":null,"og_article_section":null,"og_article_tags":null,"twitter_use_og":false,"twitter_card":"default","twitter_image_type":"default","twitter_image_url":null,"twitter_image_custom_url":null,"twitter_image_custom_fields":null,"twitter_title":null,"twitter_description":null,"schema":{"blockGraphs":[],"customGraphs":[],"default":{"data":{"Article":[],"Course":[],"Dataset":[],"FAQPage":[],"Movie":[],"Person":[],"Product":[],"Recipe":[],"Service":[],"SoftwareApplication":[],"WebPage":[]},"graphName":"","isEnabled":true},"graphs":[]},"schema_type":"default","schema_type_options":null,"pillar_content":false,"robots_default":true,"robots_noindex":false,"robots_noarchive":false,"robots_nosnippet":false,"robots_nofollow":false,"robots_noimageindex":false,"robots_noodp":false,"robots_notranslate":false,"robots_max_snippet":null,"robots_max_videopreview":null,"robots_max_imagepreview":"large","priority":null,"frequency":null,"local_seo":null,"breadcrumb_settings":null,"limit_modified_date":false,"created":"2024-04-11 01:57:18","updated":"2025-06-22 17:51:18"},"aioseo_breadcrumb":"<div class=\"aioseo-breadcrumbs\"><span class=\"aioseo-breadcrumb\">\n\t<a href=\"https:\/\/www.rucashk.com\/pt\" title=\"Home\">Home<\/a>\n<\/span><span class=\"aioseo-breadcrumb-separator\">&raquo;<\/span><span class=\"aioseo-breadcrumb\">\n\t<a href=\"https:\/\/www.rucashk.com\/pt\/products\/\" title=\"Produtos\">Produtos<\/a>\n<\/span><span class=\"aioseo-breadcrumb-separator\">&raquo;<\/span><span class=\"aioseo-breadcrumb\">\n\t<a href=\"https:\/\/www.rucashk.com\/pt\/marca\/xiaomi\/\" title=\"Xiaomi\">Xiaomi<\/a>\n<\/span><span class=\"aioseo-breadcrumb-separator\">&raquo;<\/span><span class=\"aioseo-breadcrumb\">\n\tDreame V12 Handheld Vacuum\n<\/span><\/div>","aioseo_breadcrumb_json":[{"label":"Home","link":"https:\/\/www.rucashk.com\/pt"},{"label":"Produtos","link":"https:\/\/www.rucashk.com\/pt\/products\/"},{"label":"Xiaomi","link":"https:\/\/www.rucashk.com\/pt\/marca\/xiaomi\/"},{"label":"Dreame V12 Handheld Vacuum","link":"https:\/\/www.rucashk.com\/pt\/produto\/dreame-v12-handheld-vacuum\/"}],"_links":{"self":[{"href":"https:\/\/www.rucashk.com\/pt\/wp-json\/wp\/v2\/product\/25251","targetHints":{"allow":["GET"]}}],"collection":[{"href":"https:\/\/www.rucashk.com\/pt\/wp-json\/wp\/v2\/product"}],"about":[{"href":"https:\/\/www.rucashk.com\/pt\/wp-json\/wp\/v2\/types\/product"}],"wp:featuredmedia":[{"embeddable":true,"href":"https:\/\/www.rucashk.com\/pt\/wp-json\/wp\/v2\/media\/25360"}],"wp:attachment":[{"href":"https:\/\/www.rucashk.com\/pt\/wp-json\/wp\/v2\/media?parent=25251"}],"wp:term":[{"taxonomy":"product_brand","embeddable":true,"href":"https:\/\/www.rucashk.com\/pt\/wp-json\/wp\/v2\/product_brand?post=25251"},{"taxonomy":"product_cat","embeddable":true,"href":"https:\/\/www.rucashk.com\/pt\/wp-json\/wp\/v2\/product_cat?post=25251"},{"taxonomy":"product_tag","embeddable":true,"href":"https:\/\/www.rucashk.com\/pt\/wp-json\/wp\/v2\/product_tag?post=25251"}],"curies":[{"name":"wp","href":"https:\/\/api.w.org\/{rel}","templated":true}]}}