{"id":25248,"date":"2024-01-09T16:15:26","date_gmt":"2024-01-09T16:15:26","guid":{"rendered":"http:\/\/rucashk.com\/?post_type=product&#038;p=25248"},"modified":"2024-01-23T10:17:06","modified_gmt":"2024-01-23T10:17:06","slug":"oppo-k9-5g-smartphone-6-43-90hz","status":"publish","type":"product","link":"https:\/\/www.rucashk.com\/pt\/produto\/oppo-k9-5g-smartphone-6-43-90hz\/","title":{"rendered":"Smartphone OPPO K9 5G 6,43\u201d 90 Hz"},"content":{"rendered":"<p><img decoding=\"async\" class=\"aligncenter\" src=\"https:\/\/www.rucashk.com\/wp-content\/uploads\/2021\/05\/Hf57f73b750c0463f9451b1c9291aee6ay.jpg\" \/><img decoding=\"async\" class=\"aligncenter\" src=\"https:\/\/www.rucashk.com\/wp-content\/uploads\/2021\/05\/Hfe510f39cba746b89a7e1a99a535156e8.jpg\" \/><img decoding=\"async\" class=\"aligncenter\" src=\"https:\/\/www.rucashk.com\/wp-content\/uploads\/2021\/05\/Hedbe3606317b44668f81c6b062c7daab0.jpg\" \/><img decoding=\"async\" class=\"aligncenter\" src=\"https:\/\/www.rucashk.com\/wp-content\/uploads\/2021\/05\/Hc7cdb50981364b088cab70622da0ccfdX.jpg\" \/><\/p>\n<h5 class=\"product-title-text\" style=\"text-align: center\" data-spm-anchor-id=\"a2g0o.detail.1000016.i3.4dfc55femaY5xE\">Oppo K9 5G Celular Snapdragon 768G Android 11.0 6.43\u2033 AMOLED 90HZ 8GB RAM 256GB ROM 64.0MP 65W Super Carregador OTA<\/h5>\n<p style=\"text-align: center\">Snapdragon 768G Octa Core, Android 11.0<br \/>\n8 GB de RAM, 128 GB de ROM\/256 GB de ROM<br \/>\nTela AMOLED de 6,43 polegadas com resolu\u00e7\u00e3o de 2400\u00d71080 90 Hz<\/p>\n<p style=\"text-align: center\">Bateria: 4300mAh de \u00edons de l\u00edtio, carregador r\u00e1pido de 65W<\/p>\n<p style=\"text-align: center\">C\u00e2meras Frontal 32.0MP Traseira 64.0MP+8.0MP+2.0MP<\/p>\n<p style=\"text-align: center\" data-spm-anchor-id=\"a2g0o.detail.1000023.i0.7da36bc1tf2SWh\">Suporta Google Playstore, impress\u00e3o digital de tela, ID facial.OTG<\/p>\n<div style=\"text-align: center\"><strong>C\u00e2mera<\/strong><\/div>\n<div style=\"text-align: center\" data-spm-anchor-id=\"a2g0o.detail.1000023.i5.4dfc55femaY5xE\">C\u00e2mera traseira 64,0 MP + 8,0 M + 2,0 MP<\/div>\n<div style=\"text-align: center\">C\u00e2mera frontal 32,0 MP<\/div>\n<div style=\"text-align: center\">Sensor CMOS<\/div>\n<div style=\"text-align: center\">V\u00eddeo 1080P<\/div>\n<div style=\"text-align: center\">Zoom Digital<\/div>\n<div style=\"text-align: center\">Suporte para foco autom\u00e1tico<\/div>\n<div style=\"text-align: center\" data-spm-anchor-id=\"a2g0o.detail.1000023.i2.4dfc55femaY5xE\"><\/div>\n<div style=\"text-align: center\"><strong>Multim\u00eddia<\/strong><\/div>\n<div style=\"text-align: center\" data-spm-anchor-id=\"a2g0o.detail.1000023.i4.4dfc55femaY5xE\">Formato de \u00e1udio mp3, ogg, amr, aac, flac, wav, midi<\/div>\n<div style=\"text-align: center\">Formato de v\u00eddeo 3gp, 3g2, mp4, mkv, mov, webm, avi<\/div>\n<div style=\"text-align: center\">Formato de imagem png, gif, jpg, bmp, wbmp<\/div>\n<div style=\"text-align: center\"><\/div>\n<div style=\"text-align: center\"><strong>Sensores<\/strong><\/div>\n<div style=\"text-align: center\">Sensor de gravidade Sim<\/div>\n<div style=\"text-align: center\">Sensor de luz ambiente Sim<\/div>\n<div style=\"text-align: center\">Girosc\u00f3pio Sim<\/div>\n<div style=\"text-align: center\">B\u00fassola Sim<\/div>\n<div style=\"text-align: center\">Sensor de luz de proximidade Sim<\/div>\n<div style=\"text-align: center\">sensor de impress\u00e3o digital Sim<\/div>\n<div style=\"text-align: center\">captura de tela com tr\u00eas dedos Sim<\/div>\n<div style=\"text-align: center\"><\/div>\n<div style=\"text-align: center\"><strong>conte\u00fado do pacote<\/strong><\/div>\n<div style=\"text-align: center\">1x Telefone<\/div>\n<div style=\"text-align: center\">1x Carregador<\/div>\n<div style=\"text-align: center\">1x cabo USB<\/div>\n<div style=\"text-align: center\">1x pino do cart\u00e3o SIM<\/div>\n<div style=\"text-align: center\">1x capa de telefone<\/div>\n<div style=\"text-align: center\">1x fone de ouvido<\/div>","protected":false},"excerpt":{"rendered":"<p><strong>Recurso:<\/strong><\/p>\n<ul>\n<li>-Chipset Snapdragon 768G,<\/li>\n<li>-8 GB de RAM, tela AMOLED de 6,4 polegadas e 90 Hz,<\/li>\n<li>Bateria de -4.300mAH que suporta carregamento r\u00e1pido de 65W<\/li>\n<\/ul>","protected":false},"featured_media":25351,"template":"","meta":[],"product_brand":[],"product_cat":[1295],"product_tag":[],"class_list":{"0":"post-25248","1":"product","2":"type-product","3":"status-publish","4":"has-post-thumbnail","6":"product_cat-mobile-phone","8":"first","9":"instock","10":"shipping-taxable","11":"product-type-simple"},"aioseo_notices":[],"aioseo_head":"\n\t\t<!-- All in One SEO Pro 4.5.9.2 - aioseo.com -->\n\t\t<meta name=\"description\" content=\"Feature: -Snapdragon 768G chipset, -8GB RAM, 6.4-inch 90Hz AMOLED screen, -4,300mAH battery that supports 65W fast charging\" \/>\n\t\t<meta name=\"robots\" content=\"max-image-preview:large\" \/>\n\t\t<link rel=\"canonical\" href=\"https:\/\/www.rucashk.com\/pt\/produto\/oppo-k9-5g-smartphone-6-43-90hz\/\" \/>\n\t\t<meta name=\"generator\" content=\"All in One SEO Pro (AIOSEO) 4.5.9.2\" \/>\n\t\t<meta property=\"og:locale\" content=\"pt_PT\" \/>\n\t\t<meta property=\"og:site_name\" content=\"Rucas - One-stop AIoT Distribution Worldwide\" \/>\n\t\t<meta property=\"og:type\" content=\"article\" \/>\n\t\t<meta property=\"og:title\" content=\"OPPO K9 5G SmartPhone 6.43\u201d 90Hz - Rucas - Wholesale and Distribution\" \/>\n\t\t<meta property=\"og:description\" content=\"Feature: -Snapdragon 768G chipset, -8GB RAM, 6.4-inch 90Hz AMOLED screen, -4,300mAH battery that supports 65W fast charging\" \/>\n\t\t<meta property=\"og:url\" content=\"https:\/\/www.rucashk.com\/pt\/produto\/oppo-k9-5g-smartphone-6-43-90hz\/\" \/>\n\t\t<meta property=\"og:image\" content=\"https:\/\/www.rucashk.com\/wp-content\/uploads\/replace\/503b8e645f128a97ccde2b6290747646.jpeg\" \/>\n\t\t<meta property=\"og:image:secure_url\" content=\"https:\/\/www.rucashk.com\/wp-content\/uploads\/replace\/503b8e645f128a97ccde2b6290747646.jpeg\" \/>\n\t\t<meta property=\"og:image:width\" content=\"1456\" \/>\n\t\t<meta property=\"og:image:height\" content=\"816\" \/>\n\t\t<meta property=\"article:published_time\" content=\"2024-01-09T16:15:26+00:00\" \/>\n\t\t<meta property=\"article:modified_time\" content=\"2024-01-23T10:17:06+00:00\" \/>\n\t\t<meta name=\"twitter:card\" content=\"summary_large_image\" \/>\n\t\t<meta name=\"twitter:title\" content=\"OPPO K9 5G SmartPhone 6.43\u201d 90Hz - Rucas - Wholesale and Distribution\" \/>\n\t\t<meta name=\"twitter:description\" content=\"Feature: -Snapdragon 768G chipset, -8GB RAM, 6.4-inch 90Hz AMOLED screen, -4,300mAH battery that supports 65W fast charging\" \/>\n\t\t<meta name=\"twitter:image\" content=\"https:\/\/www.rucashk.com\/wp-content\/uploads\/replace\/503b8e645f128a97ccde2b6290747646.jpeg\" \/>\n\t\t<script type=\"application\/ld+json\" class=\"aioseo-schema\">\n\t\t\t{\"@context\":\"https:\\\/\\\/schema.org\",\"@graph\":[{\"@type\":\"BreadcrumbList\",\"@id\":\"https:\\\/\\\/www.rucashk.com\\\/pt\\\/produto\\\/oppo-k9-5g-smartphone-6-43-90hz\\\/#breadcrumblist\",\"itemListElement\":[{\"@type\":\"ListItem\",\"@id\":\"https:\\\/\\\/www.rucashk.com\\\/pt\\\/#listItem\",\"position\":1,\"name\":\"Home\",\"item\":\"https:\\\/\\\/www.rucashk.com\\\/pt\\\/\",\"nextItem\":\"https:\\\/\\\/www.rucashk.com\\\/pt\\\/produto\\\/oppo-k9-5g-smartphone-6-43-90hz\\\/#listItem\"},{\"@type\":\"ListItem\",\"@id\":\"https:\\\/\\\/www.rucashk.com\\\/pt\\\/produto\\\/oppo-k9-5g-smartphone-6-43-90hz\\\/#listItem\",\"position\":2,\"name\":\"OPPO K9 5G SmartPhone 6.43'' 90Hz\",\"previousItem\":\"https:\\\/\\\/www.rucashk.com\\\/pt\\\/#listItem\"}]},{\"@type\":\"Organization\",\"@id\":\"https:\\\/\\\/www.rucashk.com\\\/pt\\\/#organization\",\"name\":\"Rucas\",\"url\":\"https:\\\/\\\/www.rucashk.com\\\/pt\\\/\",\"logo\":{\"@type\":\"ImageObject\",\"url\":\"https:\\\/\\\/www.rucashk.com\\\/wp-content\\\/uploads\\\/2023\\\/12\\\/Rucas_campany_logo.png\",\"@id\":\"https:\\\/\\\/www.rucashk.com\\\/pt\\\/produto\\\/oppo-k9-5g-smartphone-6-43-90hz\\\/#organizationLogo\",\"width\":221,\"height\":65},\"image\":{\"@id\":\"https:\\\/\\\/www.rucashk.com\\\/pt\\\/#organizationLogo\"}},{\"@type\":\"Person\",\"@id\":\"https:\\\/\\\/www.rucashk.com\\\/pt\\\/author\\\/admin\\\/#author\",\"url\":\"https:\\\/\\\/www.rucashk.com\\\/pt\\\/author\\\/admin\\\/\",\"name\":\"admin\",\"image\":{\"@type\":\"ImageObject\",\"@id\":\"https:\\\/\\\/www.rucashk.com\\\/pt\\\/produto\\\/oppo-k9-5g-smartphone-6-43-90hz\\\/#authorImage\",\"url\":\"https:\\\/\\\/secure.gravatar.com\\\/avatar\\\/b7c8925b09a27e72b30232f8ecaadbd5af0f70a38c78096863fe51b64f031c24?s=96&d=mm&r=g\",\"width\":96,\"height\":96,\"caption\":\"admin\"}},{\"@type\":\"WebPage\",\"@id\":\"https:\\\/\\\/www.rucashk.com\\\/pt\\\/produto\\\/oppo-k9-5g-smartphone-6-43-90hz\\\/#webpage\",\"url\":\"https:\\\/\\\/www.rucashk.com\\\/pt\\\/produto\\\/oppo-k9-5g-smartphone-6-43-90hz\\\/\",\"name\":\"OPPO K9 5G SmartPhone 6.43\\u201d 90Hz - Rucas - Wholesale and Distribution\",\"description\":\"Feature: -Snapdragon 768G chipset, -8GB RAM, 6.4-inch 90Hz AMOLED screen, -4,300mAH battery that supports 65W fast charging\",\"inLanguage\":\"pt-PT\",\"isPartOf\":{\"@id\":\"https:\\\/\\\/www.rucashk.com\\\/pt\\\/#website\"},\"breadcrumb\":{\"@id\":\"https:\\\/\\\/www.rucashk.com\\\/pt\\\/produto\\\/oppo-k9-5g-smartphone-6-43-90hz\\\/#breadcrumblist\"},\"author\":{\"@id\":\"https:\\\/\\\/www.rucashk.com\\\/pt\\\/author\\\/admin\\\/#author\"},\"creator\":{\"@id\":\"https:\\\/\\\/www.rucashk.com\\\/pt\\\/author\\\/admin\\\/#author\"},\"image\":{\"@type\":\"ImageObject\",\"url\":\"https:\\\/\\\/www.rucashk.com\\\/wp-content\\\/uploads\\\/2024\\\/01\\\/1.Oppo-K9-5G-Mobile-Phone.jpg\",\"@id\":\"https:\\\/\\\/www.rucashk.com\\\/pt\\\/produto\\\/oppo-k9-5g-smartphone-6-43-90hz\\\/#mainImage\",\"width\":800,\"height\":800},\"primaryImageOfPage\":{\"@id\":\"https:\\\/\\\/www.rucashk.com\\\/pt\\\/produto\\\/oppo-k9-5g-smartphone-6-43-90hz\\\/#mainImage\"},\"datePublished\":\"2024-01-09T16:15:26+00:00\",\"dateModified\":\"2024-01-23T10:17:06+00:00\"},{\"@type\":\"WebSite\",\"@id\":\"https:\\\/\\\/www.rucashk.com\\\/pt\\\/#website\",\"url\":\"https:\\\/\\\/www.rucashk.com\\\/pt\\\/\",\"name\":\"Rucas - Wholesale and distribution worldwide\",\"alternateName\":\"Rucas - One-stop AIoT Distribution Worldwide\",\"description\":\"One-stop AIoT Distribution Worldwide\",\"inLanguage\":\"pt-PT\",\"publisher\":{\"@id\":\"https:\\\/\\\/www.rucashk.com\\\/pt\\\/#organization\"}}]}\n\t\t<\/script>\n\t\t<!-- All in One SEO Pro -->\r\n\t\t<title>OPPO K9 5G SmartPhone 6.43\u201d 90Hz - Rucas - Wholesale and Distribution<\/title>\n\n","aioseo_head_json":{"title":"OPPO K9 5G SmartPhone 6.43\u201d 90Hz - Rucas - Wholesale and Distribution","description":"Feature: -Snapdragon 768G chipset, -8GB RAM, 6.4-inch 90Hz AMOLED screen, -4,300mAH battery that supports 65W fast charging","canonical_url":"https:\/\/www.rucashk.com\/pt\/produto\/oppo-k9-5g-smartphone-6-43-90hz\/","robots":"max-image-preview:large","keywords":"","webmasterTools":{"miscellaneous":""},"og:locale":"pt_PT","og:site_name":"Rucas - One-stop AIoT Distribution Worldwide","og:type":"article","og:title":"OPPO K9 5G SmartPhone 6.43\u201d 90Hz - Rucas - Wholesale and Distribution","og:description":"Feature: -Snapdragon 768G chipset, -8GB RAM, 6.4-inch 90Hz AMOLED screen, -4,300mAH battery that supports 65W fast charging","og:url":"https:\/\/www.rucashk.com\/pt\/produto\/oppo-k9-5g-smartphone-6-43-90hz\/","og:image":"https:\/\/www.rucashk.com\/wp-content\/uploads\/replace\/503b8e645f128a97ccde2b6290747646.jpeg","og:image:secure_url":"https:\/\/www.rucashk.com\/wp-content\/uploads\/replace\/503b8e645f128a97ccde2b6290747646.jpeg","og:image:width":1456,"og:image:height":816,"article:published_time":"2024-01-09T16:15:26+00:00","article:modified_time":"2024-01-23T10:17:06+00:00","twitter:card":"summary_large_image","twitter:title":"OPPO K9 5G SmartPhone 6.43\u201d 90Hz - Rucas - Wholesale and Distribution","twitter:description":"Feature: -Snapdragon 768G chipset, -8GB RAM, 6.4-inch 90Hz AMOLED screen, -4,300mAH battery that supports 65W fast charging","twitter:image":"https:\/\/www.rucashk.com\/wp-content\/uploads\/replace\/503b8e645f128a97ccde2b6290747646.jpeg","schema":{"@context":"https:\/\/schema.org","@graph":[{"@type":"BreadcrumbList","@id":"https:\/\/www.rucashk.com\/pt\/produto\/oppo-k9-5g-smartphone-6-43-90hz\/#breadcrumblist","itemListElement":[{"@type":"ListItem","@id":"https:\/\/www.rucashk.com\/pt\/#listItem","position":1,"name":"Home","item":"https:\/\/www.rucashk.com\/pt\/","nextItem":"https:\/\/www.rucashk.com\/pt\/produto\/oppo-k9-5g-smartphone-6-43-90hz\/#listItem"},{"@type":"ListItem","@id":"https:\/\/www.rucashk.com\/pt\/produto\/oppo-k9-5g-smartphone-6-43-90hz\/#listItem","position":2,"name":"OPPO K9 5G SmartPhone 6.43'' 90Hz","previousItem":"https:\/\/www.rucashk.com\/pt\/#listItem"}]},{"@type":"Organization","@id":"https:\/\/www.rucashk.com\/pt\/#organization","name":"Rucas","url":"https:\/\/www.rucashk.com\/pt\/","logo":{"@type":"ImageObject","url":"https:\/\/www.rucashk.com\/wp-content\/uploads\/2023\/12\/Rucas_campany_logo.png","@id":"https:\/\/www.rucashk.com\/pt\/produto\/oppo-k9-5g-smartphone-6-43-90hz\/#organizationLogo","width":221,"height":65},"image":{"@id":"https:\/\/www.rucashk.com\/pt\/#organizationLogo"}},{"@type":"Person","@id":"https:\/\/www.rucashk.com\/pt\/author\/admin\/#author","url":"https:\/\/www.rucashk.com\/pt\/author\/admin\/","name":"admin","image":{"@type":"ImageObject","@id":"https:\/\/www.rucashk.com\/pt\/produto\/oppo-k9-5g-smartphone-6-43-90hz\/#authorImage","url":"https:\/\/secure.gravatar.com\/avatar\/b7c8925b09a27e72b30232f8ecaadbd5af0f70a38c78096863fe51b64f031c24?s=96&d=mm&r=g","width":96,"height":96,"caption":"admin"}},{"@type":"WebPage","@id":"https:\/\/www.rucashk.com\/pt\/produto\/oppo-k9-5g-smartphone-6-43-90hz\/#webpage","url":"https:\/\/www.rucashk.com\/pt\/produto\/oppo-k9-5g-smartphone-6-43-90hz\/","name":"OPPO K9 5G SmartPhone 6.43\u201d 90Hz - Rucas - Wholesale and Distribution","description":"Feature: -Snapdragon 768G chipset, -8GB RAM, 6.4-inch 90Hz AMOLED screen, -4,300mAH battery that supports 65W fast charging","inLanguage":"pt-PT","isPartOf":{"@id":"https:\/\/www.rucashk.com\/pt\/#website"},"breadcrumb":{"@id":"https:\/\/www.rucashk.com\/pt\/produto\/oppo-k9-5g-smartphone-6-43-90hz\/#breadcrumblist"},"author":{"@id":"https:\/\/www.rucashk.com\/pt\/author\/admin\/#author"},"creator":{"@id":"https:\/\/www.rucashk.com\/pt\/author\/admin\/#author"},"image":{"@type":"ImageObject","url":"https:\/\/www.rucashk.com\/wp-content\/uploads\/2024\/01\/1.Oppo-K9-5G-Mobile-Phone.jpg","@id":"https:\/\/www.rucashk.com\/pt\/produto\/oppo-k9-5g-smartphone-6-43-90hz\/#mainImage","width":800,"height":800},"primaryImageOfPage":{"@id":"https:\/\/www.rucashk.com\/pt\/produto\/oppo-k9-5g-smartphone-6-43-90hz\/#mainImage"},"datePublished":"2024-01-09T16:15:26+00:00","dateModified":"2024-01-23T10:17:06+00:00"},{"@type":"WebSite","@id":"https:\/\/www.rucashk.com\/pt\/#website","url":"https:\/\/www.rucashk.com\/pt\/","name":"Rucas - Wholesale and distribution worldwide","alternateName":"Rucas - One-stop AIoT Distribution Worldwide","description":"One-stop AIoT Distribution Worldwide","inLanguage":"pt-PT","publisher":{"@id":"https:\/\/www.rucashk.com\/pt\/#organization"}}]}},"aioseo_meta_data":{"post_id":"25248","title":null,"description":null,"keywords":null,"keyphrases":null,"primary_term":null,"canonical_url":null,"og_title":null,"og_description":null,"og_object_type":"default","og_image_type":"default","og_image_url":null,"og_image_width":null,"og_image_height":null,"og_image_custom_url":null,"og_image_custom_fields":null,"og_video":null,"og_custom_url":null,"og_article_section":null,"og_article_tags":null,"twitter_use_og":false,"twitter_card":"default","twitter_image_type":"default","twitter_image_url":null,"twitter_image_custom_url":null,"twitter_image_custom_fields":null,"twitter_title":null,"twitter_description":null,"schema":{"blockGraphs":[],"customGraphs":[],"default":{"data":{"Article":[],"Course":[],"Dataset":[],"FAQPage":[],"Movie":[],"Person":[],"Product":[],"Recipe":[],"Service":[],"SoftwareApplication":[],"WebPage":[]},"graphName":"","isEnabled":true},"graphs":[]},"schema_type":"default","schema_type_options":null,"pillar_content":false,"robots_default":true,"robots_noindex":false,"robots_noarchive":false,"robots_nosnippet":false,"robots_nofollow":false,"robots_noimageindex":false,"robots_noodp":false,"robots_notranslate":false,"robots_max_snippet":null,"robots_max_videopreview":null,"robots_max_imagepreview":"large","priority":null,"frequency":null,"local_seo":null,"breadcrumb_settings":null,"limit_modified_date":false,"created":"2024-04-11 01:57:18","updated":"2025-06-22 17:51:18"},"aioseo_breadcrumb":"<div class=\"aioseo-breadcrumbs\"><span class=\"aioseo-breadcrumb\">\n\t<a href=\"https:\/\/www.rucashk.com\/pt\" title=\"Home\">Home<\/a>\n<\/span><span class=\"aioseo-breadcrumb-separator\">&raquo;<\/span><span class=\"aioseo-breadcrumb\">\n\t<a href=\"https:\/\/www.rucashk.com\/pt\/products\/\" title=\"Produtos\">Produtos<\/a>\n<\/span><span class=\"aioseo-breadcrumb-separator\">&raquo;<\/span><span class=\"aioseo-breadcrumb\">\n\t<a href=\"https:\/\/www.rucashk.com\/pt\/categoria-produto\/mobile-phone\/\" title=\"Mobile Phone\">Mobile Phone<\/a>\n<\/span><span class=\"aioseo-breadcrumb-separator\">&raquo;<\/span><span class=\"aioseo-breadcrumb\">\n\tOPPO K9 5G SmartPhone 6.43\u201d 90Hz\n<\/span><\/div>","aioseo_breadcrumb_json":[{"label":"Home","link":"https:\/\/www.rucashk.com\/pt"},{"label":"Produtos","link":"https:\/\/www.rucashk.com\/pt\/products\/"},{"label":"Mobile Phone","link":"https:\/\/www.rucashk.com\/pt\/categoria-produto\/mobile-phone\/"},{"label":"OPPO K9 5G SmartPhone 6.43&#8221; 90Hz","link":"https:\/\/www.rucashk.com\/pt\/produto\/oppo-k9-5g-smartphone-6-43-90hz\/"}],"_links":{"self":[{"href":"https:\/\/www.rucashk.com\/pt\/wp-json\/wp\/v2\/product\/25248","targetHints":{"allow":["GET"]}}],"collection":[{"href":"https:\/\/www.rucashk.com\/pt\/wp-json\/wp\/v2\/product"}],"about":[{"href":"https:\/\/www.rucashk.com\/pt\/wp-json\/wp\/v2\/types\/product"}],"wp:featuredmedia":[{"embeddable":true,"href":"https:\/\/www.rucashk.com\/pt\/wp-json\/wp\/v2\/media\/25351"}],"wp:attachment":[{"href":"https:\/\/www.rucashk.com\/pt\/wp-json\/wp\/v2\/media?parent=25248"}],"wp:term":[{"taxonomy":"product_brand","embeddable":true,"href":"https:\/\/www.rucashk.com\/pt\/wp-json\/wp\/v2\/product_brand?post=25248"},{"taxonomy":"product_cat","embeddable":true,"href":"https:\/\/www.rucashk.com\/pt\/wp-json\/wp\/v2\/product_cat?post=25248"},{"taxonomy":"product_tag","embeddable":true,"href":"https:\/\/www.rucashk.com\/pt\/wp-json\/wp\/v2\/product_tag?post=25248"}],"curies":[{"name":"wp","href":"https:\/\/api.w.org\/{rel}","templated":true}]}}