{"id":25243,"date":"2024-01-09T16:15:25","date_gmt":"2024-01-09T16:15:25","guid":{"rendered":"http:\/\/rucashk.com\/?post_type=product&#038;p=25243"},"modified":"2024-01-16T10:08:57","modified_gmt":"2024-01-16T10:08:57","slug":"logitech-f710-2-4ghz-wireless-game-controller-2","status":"publish","type":"product","link":"https:\/\/www.rucashk.com\/pt\/produto\/logitech-f710-2-4ghz-wireless-game-controller-2\/","title":{"rendered":"Controlador de jogo sem fio Logitech F710 2,4 GHz"},"content":{"rendered":"<p><img decoding=\"async\" class=\"aligncenter\" src=\"https:\/\/www.rucashk.com\/wp-content\/uploads\/2021\/05\/H5b79215ac9bf45af9cf129dfd0a70c7do-1.jpg\" alt=\"IP8G9812_5\" \/><img decoding=\"async\" class=\"aligncenter\" src=\"https:\/\/www.rucashk.com\/wp-content\/uploads\/2021\/05\/Hbdd4b371fed14924a99b6fd0230c3ab8p-1.jpg\" alt=\"IP8G9812_6\" \/><img decoding=\"async\" class=\"aligncenter\" src=\"https:\/\/www.rucashk.com\/wp-content\/uploads\/2021\/05\/H775fe7aaac2d4af0942f1f36eb80c10e8-1.jpg\" alt=\"IP8G9812_7\" \/><img decoding=\"async\" class=\"aligncenter\" src=\"https:\/\/www.rucashk.com\/wp-content\/uploads\/2021\/05\/Hbf69f6dc86634ffc92119347cdb30e07u-1.jpg\" alt=\"IP8G9812_8\" \/><img decoding=\"async\" class=\"aligncenter\" src=\"https:\/\/www.rucashk.com\/wp-content\/uploads\/2021\/05\/Hbedd8f3b89364e4e83815568517c140c2-1.jpg\" alt=\"IP8G9812_9\" \/><img decoding=\"async\" class=\"aligncenter\" src=\"https:\/\/www.rucashk.com\/wp-content\/uploads\/2021\/05\/H6f35002b0f284bf0b4b244c557827a23p-1.jpg\" alt=\"IP8G9812_10\" \/><img decoding=\"async\" class=\"aligncenter\" src=\"https:\/\/www.rucashk.com\/wp-content\/uploads\/2021\/05\/H9b512956217a43409c11cd39822749eda.jpg\" alt=\"IP8G9812_11\" \/><\/p>\n<h3 class=\"product-title-text\" style=\"text-align: center\">Controlador de jogo sem fio Logitech F710 2,4 GHz para jogos de PC<\/h3>\n<p style=\"text-align: center\">1. O receptor compacto joga fora o cabo e aproveita o jogo sem fio gratuito. Basta conectar o receptor \u00e0 porta USB para transfer\u00eancia r\u00e1pida de dados de 2,4 Ghz praticamente sem atrasos, perda de pacotes ou interfer\u00eancia.<br \/>\n2. Motor duplo de feedback de vibra\u00e7\u00e3o. Sinta os efeitos mais chocantes de cada impacto, colis\u00e3o e explos\u00e3o em um jogo que suporta feedback vibrat\u00f3rio.<br \/>\n3. Xinput\/directionput, dois dos padr\u00f5es de entrada mais comuns, facilitam a configura\u00e7\u00e3o e suportam facilmente seus jogos favoritos.<br \/>\n4. Divirta-se na TV. Combine o F710 com o Big Picture para operar o Steam, navegar na web, aproveitar o jogo e muito mais no confort\u00e1vel sof\u00e1. Leve toda a sua biblioteca de jogos Steam para a sala de estar.<br \/>\n5. Controle de dire\u00e7\u00e3o preciso. Os bot\u00f5es de dire\u00e7\u00e3o padr\u00e3o geralmente s\u00e3o bot\u00f5es \u00fanicos em todas as dire\u00e7\u00f5es, o que pode reduzir a precis\u00e3o operacional. Os bot\u00f5es direcionais do F710 foram projetados para serem facilmente deslizados em todas as dire\u00e7\u00f5es para um toque mais responsivo.<br \/>\n6. Layout de bot\u00e3o familiar, para que voc\u00ea n\u00e3o precise se adaptar, voc\u00ea pode entrar diretamente no estado do jogo. Inovador no design cl\u00e1ssico, o F710 foi projetado para dar a sensa\u00e7\u00e3o de um controlador semelhante a um console que \u00e9 t\u00e3o familiar quanto a natureza.<br \/>\n7. O controlador de jogo pode ser usado com Sony Android TV para ajustar a chave do controlador para o modo XID e permitir que voc\u00ea assuma a lideran\u00e7a do jogo por meio do layout familiar do controlador do console de jogo. Controles padr\u00e3o do Android TV: permitem uma navega\u00e7\u00e3o f\u00e1cil no Android TV pressionando simultaneamente o logotipo da Logitech e o bot\u00e3o Voltar do gamepad.<br \/>\n8. Use o software Logitech Profiler para alterar as instru\u00e7\u00f5es padr\u00e3o ou ajustar o F710 para controlar t\u00edtulos de jogos n\u00e3o suportados. Bot\u00f5es e controles s\u00e3o program\u00e1veis e podem at\u00e9 simular comandos de teclado e mouse.<br \/>\nF\u00e1cil de dominar.<br \/>\n9. Curvas suaves e punhos de borracha ondulados para uma experi\u00eancia de jogo longa e confort\u00e1vel.<\/p>\n<p style=\"text-align: center\"><strong>Requisitos de sistema:\u00a0<\/strong><br \/>\n1. Windows 8, Windows 7 ou Windows Vista.<br \/>\n2. Uma conex\u00e3o com a Internet para baixar software opcional.<\/p>\n<p style=\"text-align: center\"><strong>Conte\u00fado do pacote:\u00a0<\/strong><br \/>\nControle de jogo x 1<br \/>\nPlug and Play Ultra Micro Receptor x 1<br \/>\n2 pilhas AA x 1<br \/>\nCabo de extens\u00e3o do receptor x 1<br \/>\nManual do usu\u00e1rio x 1<\/p>","protected":false},"excerpt":{"rendered":"<p><strong>Recurso:<\/strong><\/p>\n<ul>\n<li>-O receptor compacto joga fora o cabo e aproveita o jogo sem fio gr\u00e1tis<\/li>\n<li>-Curvas suaves e punhos de borracha ondulados para uma experi\u00eancia de jogo longa e confort\u00e1vel<\/li>\n<li>-Controle de dire\u00e7\u00e3o preciso<\/li>\n<li>- Layout de bot\u00e3o familiar<\/li>\n<\/ul>","protected":false},"featured_media":25341,"template":"","meta":[],"product_brand":[],"product_cat":[1332,1322],"product_tag":[],"class_list":{"0":"post-25243","1":"product","2":"type-product","3":"status-publish","4":"has-post-thumbnail","6":"product_cat-logitech-other-a-brands","7":"product_cat-other-a-brands","9":"first","10":"instock","11":"shipping-taxable","12":"product-type-simple"},"aioseo_notices":[],"aioseo_head":"\n\t\t<!-- All in One SEO Pro 4.5.9.2 - aioseo.com -->\n\t\t<meta name=\"description\" content=\"Feature: -The compact receiver throws away the cable and enjoys the free wireless game -Smooth curves and wavy rubber grips for a long, comfortable gaming experience -Precise direction control -Familiar button layout\" \/>\n\t\t<meta name=\"robots\" content=\"max-image-preview:large\" \/>\n\t\t<link rel=\"canonical\" href=\"https:\/\/www.rucashk.com\/pt\/produto\/logitech-f710-2-4ghz-wireless-game-controller-2\/\" \/>\n\t\t<meta name=\"generator\" content=\"All in One SEO Pro (AIOSEO) 4.5.9.2\" \/>\n\t\t<meta property=\"og:locale\" content=\"pt_PT\" \/>\n\t\t<meta property=\"og:site_name\" content=\"Rucas - One-stop AIoT Distribution Worldwide\" \/>\n\t\t<meta property=\"og:type\" content=\"article\" \/>\n\t\t<meta property=\"og:title\" content=\"Logitech F710 2.4GHz Wireless Game Controller - Rucas - Wholesale and Distribution\" \/>\n\t\t<meta property=\"og:description\" content=\"Feature: -The compact receiver throws away the cable and enjoys the free wireless game -Smooth curves and wavy rubber grips for a long, comfortable gaming experience -Precise direction control -Familiar button layout\" \/>\n\t\t<meta property=\"og:url\" content=\"https:\/\/www.rucashk.com\/pt\/produto\/logitech-f710-2-4ghz-wireless-game-controller-2\/\" \/>\n\t\t<meta property=\"og:image\" content=\"https:\/\/www.rucashk.com\/wp-content\/uploads\/replace\/503b8e645f128a97ccde2b6290747646.jpeg\" \/>\n\t\t<meta property=\"og:image:secure_url\" content=\"https:\/\/www.rucashk.com\/wp-content\/uploads\/replace\/503b8e645f128a97ccde2b6290747646.jpeg\" \/>\n\t\t<meta property=\"og:image:width\" content=\"1456\" \/>\n\t\t<meta property=\"og:image:height\" content=\"816\" \/>\n\t\t<meta property=\"article:published_time\" content=\"2024-01-09T16:15:25+00:00\" \/>\n\t\t<meta property=\"article:modified_time\" content=\"2024-01-16T10:08:57+00:00\" \/>\n\t\t<meta name=\"twitter:card\" content=\"summary_large_image\" \/>\n\t\t<meta name=\"twitter:title\" content=\"Logitech F710 2.4GHz Wireless Game Controller - Rucas - Wholesale and Distribution\" \/>\n\t\t<meta name=\"twitter:description\" content=\"Feature: -The compact receiver throws away the cable and enjoys the free wireless game -Smooth curves and wavy rubber grips for a long, comfortable gaming experience -Precise direction control -Familiar button layout\" \/>\n\t\t<meta name=\"twitter:image\" content=\"https:\/\/www.rucashk.com\/wp-content\/uploads\/replace\/503b8e645f128a97ccde2b6290747646.jpeg\" \/>\n\t\t<script type=\"application\/ld+json\" class=\"aioseo-schema\">\n\t\t\t{\"@context\":\"https:\\\/\\\/schema.org\",\"@graph\":[{\"@type\":\"BreadcrumbList\",\"@id\":\"https:\\\/\\\/www.rucashk.com\\\/pt\\\/produto\\\/logitech-f710-2-4ghz-wireless-game-controller-2\\\/#breadcrumblist\",\"itemListElement\":[{\"@type\":\"ListItem\",\"@id\":\"https:\\\/\\\/www.rucashk.com\\\/pt\\\/#listItem\",\"position\":1,\"name\":\"Home\",\"item\":\"https:\\\/\\\/www.rucashk.com\\\/pt\\\/\",\"nextItem\":\"https:\\\/\\\/www.rucashk.com\\\/pt\\\/produto\\\/logitech-f710-2-4ghz-wireless-game-controller-2\\\/#listItem\"},{\"@type\":\"ListItem\",\"@id\":\"https:\\\/\\\/www.rucashk.com\\\/pt\\\/produto\\\/logitech-f710-2-4ghz-wireless-game-controller-2\\\/#listItem\",\"position\":2,\"name\":\"Logitech F710 2.4GHz Wireless Game Controller\",\"previousItem\":\"https:\\\/\\\/www.rucashk.com\\\/pt\\\/#listItem\"}]},{\"@type\":\"Organization\",\"@id\":\"https:\\\/\\\/www.rucashk.com\\\/pt\\\/#organization\",\"name\":\"Rucas\",\"url\":\"https:\\\/\\\/www.rucashk.com\\\/pt\\\/\",\"logo\":{\"@type\":\"ImageObject\",\"url\":\"https:\\\/\\\/www.rucashk.com\\\/wp-content\\\/uploads\\\/2023\\\/12\\\/Rucas_campany_logo.png\",\"@id\":\"https:\\\/\\\/www.rucashk.com\\\/pt\\\/produto\\\/logitech-f710-2-4ghz-wireless-game-controller-2\\\/#organizationLogo\",\"width\":221,\"height\":65},\"image\":{\"@id\":\"https:\\\/\\\/www.rucashk.com\\\/pt\\\/#organizationLogo\"}},{\"@type\":\"Person\",\"@id\":\"https:\\\/\\\/www.rucashk.com\\\/pt\\\/author\\\/admin\\\/#author\",\"url\":\"https:\\\/\\\/www.rucashk.com\\\/pt\\\/author\\\/admin\\\/\",\"name\":\"admin\",\"image\":{\"@type\":\"ImageObject\",\"@id\":\"https:\\\/\\\/www.rucashk.com\\\/pt\\\/produto\\\/logitech-f710-2-4ghz-wireless-game-controller-2\\\/#authorImage\",\"url\":\"https:\\\/\\\/secure.gravatar.com\\\/avatar\\\/b7c8925b09a27e72b30232f8ecaadbd5af0f70a38c78096863fe51b64f031c24?s=96&d=mm&r=g\",\"width\":96,\"height\":96,\"caption\":\"admin\"}},{\"@type\":\"WebPage\",\"@id\":\"https:\\\/\\\/www.rucashk.com\\\/pt\\\/produto\\\/logitech-f710-2-4ghz-wireless-game-controller-2\\\/#webpage\",\"url\":\"https:\\\/\\\/www.rucashk.com\\\/pt\\\/produto\\\/logitech-f710-2-4ghz-wireless-game-controller-2\\\/\",\"name\":\"Logitech F710 2.4GHz Wireless Game Controller - Rucas - Wholesale and Distribution\",\"description\":\"Feature: -The compact receiver throws away the cable and enjoys the free wireless game -Smooth curves and wavy rubber grips for a long, comfortable gaming experience -Precise direction control -Familiar button layout\",\"inLanguage\":\"pt-PT\",\"isPartOf\":{\"@id\":\"https:\\\/\\\/www.rucashk.com\\\/pt\\\/#website\"},\"breadcrumb\":{\"@id\":\"https:\\\/\\\/www.rucashk.com\\\/pt\\\/produto\\\/logitech-f710-2-4ghz-wireless-game-controller-2\\\/#breadcrumblist\"},\"author\":{\"@id\":\"https:\\\/\\\/www.rucashk.com\\\/pt\\\/author\\\/admin\\\/#author\"},\"creator\":{\"@id\":\"https:\\\/\\\/www.rucashk.com\\\/pt\\\/author\\\/admin\\\/#author\"},\"image\":{\"@type\":\"ImageObject\",\"url\":\"https:\\\/\\\/www.rucashk.com\\\/wp-content\\\/uploads\\\/2024\\\/01\\\/1.Logitech-F710-Gamepad.jpg\",\"@id\":\"https:\\\/\\\/www.rucashk.com\\\/pt\\\/produto\\\/logitech-f710-2-4ghz-wireless-game-controller-2\\\/#mainImage\",\"width\":800,\"height\":800},\"primaryImageOfPage\":{\"@id\":\"https:\\\/\\\/www.rucashk.com\\\/pt\\\/produto\\\/logitech-f710-2-4ghz-wireless-game-controller-2\\\/#mainImage\"},\"datePublished\":\"2024-01-09T16:15:25+00:00\",\"dateModified\":\"2024-01-16T10:08:57+00:00\"},{\"@type\":\"WebSite\",\"@id\":\"https:\\\/\\\/www.rucashk.com\\\/pt\\\/#website\",\"url\":\"https:\\\/\\\/www.rucashk.com\\\/pt\\\/\",\"name\":\"Rucas - Wholesale and distribution worldwide\",\"alternateName\":\"Rucas - One-stop AIoT Distribution Worldwide\",\"description\":\"One-stop AIoT Distribution Worldwide\",\"inLanguage\":\"pt-PT\",\"publisher\":{\"@id\":\"https:\\\/\\\/www.rucashk.com\\\/pt\\\/#organization\"}}]}\n\t\t<\/script>\n\t\t<!-- All in One SEO Pro -->\r\n\t\t<title>Logitech F710 2.4GHz Wireless Game Controller - Rucas - Wholesale and Distribution<\/title>\n\n","aioseo_head_json":{"title":"Logitech F710 2.4GHz Wireless Game Controller - Rucas - Wholesale and Distribution","description":"Feature: -The compact receiver throws away the cable and enjoys the free wireless game -Smooth curves and wavy rubber grips for a long, comfortable gaming experience -Precise direction control -Familiar button layout","canonical_url":"https:\/\/www.rucashk.com\/pt\/produto\/logitech-f710-2-4ghz-wireless-game-controller-2\/","robots":"max-image-preview:large","keywords":"","webmasterTools":{"miscellaneous":""},"og:locale":"pt_PT","og:site_name":"Rucas - One-stop AIoT Distribution Worldwide","og:type":"article","og:title":"Logitech F710 2.4GHz Wireless Game Controller - Rucas - Wholesale and Distribution","og:description":"Feature: -The compact receiver throws away the cable and enjoys the free wireless game -Smooth curves and wavy rubber grips for a long, comfortable gaming experience -Precise direction control -Familiar button layout","og:url":"https:\/\/www.rucashk.com\/pt\/produto\/logitech-f710-2-4ghz-wireless-game-controller-2\/","og:image":"https:\/\/www.rucashk.com\/wp-content\/uploads\/replace\/503b8e645f128a97ccde2b6290747646.jpeg","og:image:secure_url":"https:\/\/www.rucashk.com\/wp-content\/uploads\/replace\/503b8e645f128a97ccde2b6290747646.jpeg","og:image:width":1456,"og:image:height":816,"article:published_time":"2024-01-09T16:15:25+00:00","article:modified_time":"2024-01-16T10:08:57+00:00","twitter:card":"summary_large_image","twitter:title":"Logitech F710 2.4GHz Wireless Game Controller - Rucas - Wholesale and Distribution","twitter:description":"Feature: -The compact receiver throws away the cable and enjoys the free wireless game -Smooth curves and wavy rubber grips for a long, comfortable gaming experience -Precise direction control -Familiar button layout","twitter:image":"https:\/\/www.rucashk.com\/wp-content\/uploads\/replace\/503b8e645f128a97ccde2b6290747646.jpeg","schema":{"@context":"https:\/\/schema.org","@graph":[{"@type":"BreadcrumbList","@id":"https:\/\/www.rucashk.com\/pt\/produto\/logitech-f710-2-4ghz-wireless-game-controller-2\/#breadcrumblist","itemListElement":[{"@type":"ListItem","@id":"https:\/\/www.rucashk.com\/pt\/#listItem","position":1,"name":"Home","item":"https:\/\/www.rucashk.com\/pt\/","nextItem":"https:\/\/www.rucashk.com\/pt\/produto\/logitech-f710-2-4ghz-wireless-game-controller-2\/#listItem"},{"@type":"ListItem","@id":"https:\/\/www.rucashk.com\/pt\/produto\/logitech-f710-2-4ghz-wireless-game-controller-2\/#listItem","position":2,"name":"Logitech F710 2.4GHz Wireless Game Controller","previousItem":"https:\/\/www.rucashk.com\/pt\/#listItem"}]},{"@type":"Organization","@id":"https:\/\/www.rucashk.com\/pt\/#organization","name":"Rucas","url":"https:\/\/www.rucashk.com\/pt\/","logo":{"@type":"ImageObject","url":"https:\/\/www.rucashk.com\/wp-content\/uploads\/2023\/12\/Rucas_campany_logo.png","@id":"https:\/\/www.rucashk.com\/pt\/produto\/logitech-f710-2-4ghz-wireless-game-controller-2\/#organizationLogo","width":221,"height":65},"image":{"@id":"https:\/\/www.rucashk.com\/pt\/#organizationLogo"}},{"@type":"Person","@id":"https:\/\/www.rucashk.com\/pt\/author\/admin\/#author","url":"https:\/\/www.rucashk.com\/pt\/author\/admin\/","name":"admin","image":{"@type":"ImageObject","@id":"https:\/\/www.rucashk.com\/pt\/produto\/logitech-f710-2-4ghz-wireless-game-controller-2\/#authorImage","url":"https:\/\/secure.gravatar.com\/avatar\/b7c8925b09a27e72b30232f8ecaadbd5af0f70a38c78096863fe51b64f031c24?s=96&d=mm&r=g","width":96,"height":96,"caption":"admin"}},{"@type":"WebPage","@id":"https:\/\/www.rucashk.com\/pt\/produto\/logitech-f710-2-4ghz-wireless-game-controller-2\/#webpage","url":"https:\/\/www.rucashk.com\/pt\/produto\/logitech-f710-2-4ghz-wireless-game-controller-2\/","name":"Logitech F710 2.4GHz Wireless Game Controller - Rucas - Wholesale and Distribution","description":"Feature: -The compact receiver throws away the cable and enjoys the free wireless game -Smooth curves and wavy rubber grips for a long, comfortable gaming experience -Precise direction control -Familiar button layout","inLanguage":"pt-PT","isPartOf":{"@id":"https:\/\/www.rucashk.com\/pt\/#website"},"breadcrumb":{"@id":"https:\/\/www.rucashk.com\/pt\/produto\/logitech-f710-2-4ghz-wireless-game-controller-2\/#breadcrumblist"},"author":{"@id":"https:\/\/www.rucashk.com\/pt\/author\/admin\/#author"},"creator":{"@id":"https:\/\/www.rucashk.com\/pt\/author\/admin\/#author"},"image":{"@type":"ImageObject","url":"https:\/\/www.rucashk.com\/wp-content\/uploads\/2024\/01\/1.Logitech-F710-Gamepad.jpg","@id":"https:\/\/www.rucashk.com\/pt\/produto\/logitech-f710-2-4ghz-wireless-game-controller-2\/#mainImage","width":800,"height":800},"primaryImageOfPage":{"@id":"https:\/\/www.rucashk.com\/pt\/produto\/logitech-f710-2-4ghz-wireless-game-controller-2\/#mainImage"},"datePublished":"2024-01-09T16:15:25+00:00","dateModified":"2024-01-16T10:08:57+00:00"},{"@type":"WebSite","@id":"https:\/\/www.rucashk.com\/pt\/#website","url":"https:\/\/www.rucashk.com\/pt\/","name":"Rucas - Wholesale and distribution worldwide","alternateName":"Rucas - One-stop AIoT Distribution Worldwide","description":"One-stop AIoT Distribution Worldwide","inLanguage":"pt-PT","publisher":{"@id":"https:\/\/www.rucashk.com\/pt\/#organization"}}]}},"aioseo_meta_data":{"post_id":"25243","title":null,"description":null,"keywords":null,"keyphrases":null,"primary_term":null,"canonical_url":null,"og_title":null,"og_description":null,"og_object_type":"default","og_image_type":"default","og_image_url":null,"og_image_width":null,"og_image_height":null,"og_image_custom_url":null,"og_image_custom_fields":null,"og_video":null,"og_custom_url":null,"og_article_section":null,"og_article_tags":null,"twitter_use_og":false,"twitter_card":"default","twitter_image_type":"default","twitter_image_url":null,"twitter_image_custom_url":null,"twitter_image_custom_fields":null,"twitter_title":null,"twitter_description":null,"schema":{"blockGraphs":[],"customGraphs":[],"default":{"data":{"Article":[],"Course":[],"Dataset":[],"FAQPage":[],"Movie":[],"Person":[],"Product":[],"Recipe":[],"Service":[],"SoftwareApplication":[],"WebPage":[]},"graphName":"","isEnabled":true},"graphs":[]},"schema_type":"default","schema_type_options":null,"pillar_content":false,"robots_default":true,"robots_noindex":false,"robots_noarchive":false,"robots_nosnippet":false,"robots_nofollow":false,"robots_noimageindex":false,"robots_noodp":false,"robots_notranslate":false,"robots_max_snippet":null,"robots_max_videopreview":null,"robots_max_imagepreview":"large","priority":null,"frequency":null,"local_seo":null,"breadcrumb_settings":null,"limit_modified_date":false,"created":"2024-04-11 01:57:18","updated":"2025-06-22 17:51:17"},"aioseo_breadcrumb":"<div class=\"aioseo-breadcrumbs\"><span class=\"aioseo-breadcrumb\">\n\t<a href=\"https:\/\/www.rucashk.com\/pt\" title=\"Home\">Home<\/a>\n<\/span><span class=\"aioseo-breadcrumb-separator\">&raquo;<\/span><span class=\"aioseo-breadcrumb\">\n\t<a href=\"https:\/\/www.rucashk.com\/pt\/products\/\" title=\"Produtos\">Produtos<\/a>\n<\/span><span class=\"aioseo-breadcrumb-separator\">&raquo;<\/span><span class=\"aioseo-breadcrumb\">\n\t<a href=\"https:\/\/www.rucashk.com\/pt\/categoria-produto\/other-a-brands\/\" title=\"Other A-Brands\">Other A-Brands<\/a>\n<\/span><span class=\"aioseo-breadcrumb-separator\">&raquo;<\/span><span class=\"aioseo-breadcrumb\">\n\t<a href=\"https:\/\/www.rucashk.com\/pt\/categoria-produto\/other-a-brands\/logitech-other-a-brands\/\" title=\"Logitech\">Logitech<\/a>\n<\/span><span class=\"aioseo-breadcrumb-separator\">&raquo;<\/span><span class=\"aioseo-breadcrumb\">\n\tLogitech F710 2.4GHz Wireless Game Controller\n<\/span><\/div>","aioseo_breadcrumb_json":[{"label":"Home","link":"https:\/\/www.rucashk.com\/pt"},{"label":"Produtos","link":"https:\/\/www.rucashk.com\/pt\/products\/"},{"label":"Other A-Brands","link":"https:\/\/www.rucashk.com\/pt\/categoria-produto\/other-a-brands\/"},{"label":"Logitech","link":"https:\/\/www.rucashk.com\/pt\/categoria-produto\/other-a-brands\/logitech-other-a-brands\/"},{"label":"Logitech F710 2.4GHz Wireless Game Controller","link":"https:\/\/www.rucashk.com\/pt\/produto\/logitech-f710-2-4ghz-wireless-game-controller-2\/"}],"_links":{"self":[{"href":"https:\/\/www.rucashk.com\/pt\/wp-json\/wp\/v2\/product\/25243","targetHints":{"allow":["GET"]}}],"collection":[{"href":"https:\/\/www.rucashk.com\/pt\/wp-json\/wp\/v2\/product"}],"about":[{"href":"https:\/\/www.rucashk.com\/pt\/wp-json\/wp\/v2\/types\/product"}],"wp:featuredmedia":[{"embeddable":true,"href":"https:\/\/www.rucashk.com\/pt\/wp-json\/wp\/v2\/media\/25341"}],"wp:attachment":[{"href":"https:\/\/www.rucashk.com\/pt\/wp-json\/wp\/v2\/media?parent=25243"}],"wp:term":[{"taxonomy":"product_brand","embeddable":true,"href":"https:\/\/www.rucashk.com\/pt\/wp-json\/wp\/v2\/product_brand?post=25243"},{"taxonomy":"product_cat","embeddable":true,"href":"https:\/\/www.rucashk.com\/pt\/wp-json\/wp\/v2\/product_cat?post=25243"},{"taxonomy":"product_tag","embeddable":true,"href":"https:\/\/www.rucashk.com\/pt\/wp-json\/wp\/v2\/product_tag?post=25243"}],"curies":[{"name":"wp","href":"https:\/\/api.w.org\/{rel}","templated":true}]}}