{"id":25241,"date":"2024-01-09T16:15:25","date_gmt":"2024-01-09T16:15:25","guid":{"rendered":"http:\/\/rucashk.com\/?post_type=product&#038;p=25241"},"modified":"2024-01-16T09:44:08","modified_gmt":"2024-01-16T09:44:08","slug":"nintendo-switch-pro-controller","status":"publish","type":"product","link":"https:\/\/www.rucashk.com\/pt\/produto\/nintendo-switch-pro-controller\/","title":{"rendered":"Controlador Nintendo Switch Pro"},"content":{"rendered":"<p style=\"text-align: center\">Quer voc\u00ea seja um jogador hardcore ou apenas deseje a nostalgia de um controlador da velha escola, o Switch Pro Controller atende a todas as suas necessidades. Dois man\u00edpulos anal\u00f3gicos ajudam a produzir movimentos precisos na tela e um layout ergon\u00f4mico de bot\u00f5es permite jogos mais confort\u00e1veis. Uma bateria recarreg\u00e1vel de longa dura\u00e7\u00e3o proporciona horas de jogo com uma \u00fanica carga.<\/p>\n<p style=\"text-align: center\"><img fetchpriority=\"high\" decoding=\"async\" class=\"size-full wp-image-26329 aligncenter\" src=\"https:\/\/www.rucashk.com\/wp-content\/uploads\/2021\/05\/1.-Nintendo-Switch-Pro-Controller.jpg\" alt=\"\" width=\"500\" height=\"500\" \/> <img decoding=\"async\" class=\"size-full wp-image-26330 aligncenter\" src=\"https:\/\/www.rucashk.com\/wp-content\/uploads\/2021\/05\/2.-Nintendo-Switch-Pro-Controller.jpg\" alt=\"\" width=\"500\" height=\"500\" \/><img decoding=\"async\" class=\"size-full wp-image-26331 aligncenter\" src=\"https:\/\/www.rucashk.com\/wp-content\/uploads\/2021\/05\/3.-Nintendo-Switch-Pro-Controller.jpg\" alt=\"\" width=\"500\" height=\"500\" \/><img loading=\"lazy\" decoding=\"async\" class=\"size-full wp-image-26332 aligncenter\" src=\"https:\/\/www.rucashk.com\/wp-content\/uploads\/2021\/05\/4.-Nintendo-Switch-Pro-Controller.jpg\" alt=\"\" width=\"901\" height=\"612\" \/><img loading=\"lazy\" decoding=\"async\" class=\"size-full wp-image-26333 aligncenter\" src=\"https:\/\/www.rucashk.com\/wp-content\/uploads\/2021\/05\/5.-Nintendo-Switch-Pro-Controller.jpg\" alt=\"\" width=\"813\" height=\"574\" \/><\/p>\n<p style=\"text-align: center\"><strong>Recurso:<\/strong><\/p>\n<p style=\"text-align: center\">-Projetado para acessibilidade e conforto de jogo estendido<\/p>\n<p style=\"text-align: center\">-Apresenta dois man\u00edpulos anal\u00f3gicos, um layout de bot\u00e3o ergon\u00f4mico, controles de movimento e vibra\u00e7\u00e3o HD<\/p>\n<p style=\"text-align: center\">-Tamb\u00e9m possui funcionalidade amiibo integrada<\/p>","protected":false},"excerpt":{"rendered":"<p style=\"text-align: left\"><strong>Recurso:<\/strong><\/p>\n<ul>\n<li>-Projetado para acessibilidade e conforto de jogo estendido<\/li>\n<li>-Apresenta dois man\u00edpulos anal\u00f3gicos, um layout de bot\u00e3o ergon\u00f4mico, controles de movimento e vibra\u00e7\u00e3o HD<\/li>\n<li>-Tamb\u00e9m possui funcionalidade amiibo integrada<\/li>\n<\/ul>","protected":false},"featured_media":25322,"template":"","meta":[],"product_brand":[],"product_cat":[1286],"product_tag":[],"class_list":{"0":"post-25241","1":"product","2":"type-product","3":"status-publish","4":"has-post-thumbnail","6":"product_cat-nintendo-console","8":"first","9":"instock","10":"shipping-taxable","11":"product-type-simple"},"aioseo_notices":[],"aioseo_head":"\n\t\t<!-- All in One SEO Pro 4.5.9.2 - aioseo.com -->\n\t\t<meta name=\"description\" content=\"Feature: -Designed for accessibility and extended gameplay comfort -Features dual analog sticks, an ergonomic button layout, motion controls, and HD rumble -Also features built-in amiibo functionality\" \/>\n\t\t<meta name=\"robots\" content=\"max-image-preview:large\" \/>\n\t\t<link rel=\"canonical\" href=\"https:\/\/www.rucashk.com\/pt\/produto\/nintendo-switch-pro-controller\/\" \/>\n\t\t<meta name=\"generator\" content=\"All in One SEO Pro (AIOSEO) 4.5.9.2\" \/>\n\t\t<meta property=\"og:locale\" content=\"pt_PT\" \/>\n\t\t<meta property=\"og:site_name\" content=\"Rucas - One-stop AIoT Distribution Worldwide\" \/>\n\t\t<meta property=\"og:type\" content=\"article\" \/>\n\t\t<meta property=\"og:title\" content=\"Nintendo Switch Pro Controller - Rucas - Wholesale and Distribution\" \/>\n\t\t<meta property=\"og:description\" content=\"Feature: -Designed for accessibility and extended gameplay comfort -Features dual analog sticks, an ergonomic button layout, motion controls, and HD rumble -Also features built-in amiibo functionality\" \/>\n\t\t<meta property=\"og:url\" content=\"https:\/\/www.rucashk.com\/pt\/produto\/nintendo-switch-pro-controller\/\" \/>\n\t\t<meta property=\"og:image\" content=\"https:\/\/www.rucashk.com\/wp-content\/uploads\/replace\/503b8e645f128a97ccde2b6290747646.jpeg\" \/>\n\t\t<meta property=\"og:image:secure_url\" content=\"https:\/\/www.rucashk.com\/wp-content\/uploads\/replace\/503b8e645f128a97ccde2b6290747646.jpeg\" \/>\n\t\t<meta property=\"og:image:width\" content=\"1456\" \/>\n\t\t<meta property=\"og:image:height\" content=\"816\" \/>\n\t\t<meta property=\"article:published_time\" content=\"2024-01-09T16:15:25+00:00\" \/>\n\t\t<meta property=\"article:modified_time\" content=\"2024-01-16T09:44:08+00:00\" \/>\n\t\t<meta name=\"twitter:card\" content=\"summary_large_image\" \/>\n\t\t<meta name=\"twitter:title\" content=\"Nintendo Switch Pro Controller - Rucas - Wholesale and Distribution\" \/>\n\t\t<meta name=\"twitter:description\" content=\"Feature: -Designed for accessibility and extended gameplay comfort -Features dual analog sticks, an ergonomic button layout, motion controls, and HD rumble -Also features built-in amiibo functionality\" \/>\n\t\t<meta name=\"twitter:image\" content=\"https:\/\/www.rucashk.com\/wp-content\/uploads\/replace\/503b8e645f128a97ccde2b6290747646.jpeg\" \/>\n\t\t<script type=\"application\/ld+json\" class=\"aioseo-schema\">\n\t\t\t{\"@context\":\"https:\\\/\\\/schema.org\",\"@graph\":[{\"@type\":\"BreadcrumbList\",\"@id\":\"https:\\\/\\\/www.rucashk.com\\\/pt\\\/produto\\\/nintendo-switch-pro-controller\\\/#breadcrumblist\",\"itemListElement\":[{\"@type\":\"ListItem\",\"@id\":\"https:\\\/\\\/www.rucashk.com\\\/pt\\\/#listItem\",\"position\":1,\"name\":\"Home\",\"item\":\"https:\\\/\\\/www.rucashk.com\\\/pt\\\/\",\"nextItem\":\"https:\\\/\\\/www.rucashk.com\\\/pt\\\/produto\\\/nintendo-switch-pro-controller\\\/#listItem\"},{\"@type\":\"ListItem\",\"@id\":\"https:\\\/\\\/www.rucashk.com\\\/pt\\\/produto\\\/nintendo-switch-pro-controller\\\/#listItem\",\"position\":2,\"name\":\"Nintendo Switch Pro Controller\",\"previousItem\":\"https:\\\/\\\/www.rucashk.com\\\/pt\\\/#listItem\"}]},{\"@type\":\"Organization\",\"@id\":\"https:\\\/\\\/www.rucashk.com\\\/pt\\\/#organization\",\"name\":\"Rucas\",\"url\":\"https:\\\/\\\/www.rucashk.com\\\/pt\\\/\",\"logo\":{\"@type\":\"ImageObject\",\"url\":\"https:\\\/\\\/www.rucashk.com\\\/wp-content\\\/uploads\\\/2023\\\/12\\\/Rucas_campany_logo.png\",\"@id\":\"https:\\\/\\\/www.rucashk.com\\\/pt\\\/produto\\\/nintendo-switch-pro-controller\\\/#organizationLogo\",\"width\":221,\"height\":65},\"image\":{\"@id\":\"https:\\\/\\\/www.rucashk.com\\\/pt\\\/#organizationLogo\"}},{\"@type\":\"Person\",\"@id\":\"https:\\\/\\\/www.rucashk.com\\\/pt\\\/author\\\/admin\\\/#author\",\"url\":\"https:\\\/\\\/www.rucashk.com\\\/pt\\\/author\\\/admin\\\/\",\"name\":\"admin\",\"image\":{\"@type\":\"ImageObject\",\"@id\":\"https:\\\/\\\/www.rucashk.com\\\/pt\\\/produto\\\/nintendo-switch-pro-controller\\\/#authorImage\",\"url\":\"https:\\\/\\\/secure.gravatar.com\\\/avatar\\\/b7c8925b09a27e72b30232f8ecaadbd5af0f70a38c78096863fe51b64f031c24?s=96&d=mm&r=g\",\"width\":96,\"height\":96,\"caption\":\"admin\"}},{\"@type\":\"WebPage\",\"@id\":\"https:\\\/\\\/www.rucashk.com\\\/pt\\\/produto\\\/nintendo-switch-pro-controller\\\/#webpage\",\"url\":\"https:\\\/\\\/www.rucashk.com\\\/pt\\\/produto\\\/nintendo-switch-pro-controller\\\/\",\"name\":\"Nintendo Switch Pro Controller - Rucas - Wholesale and Distribution\",\"description\":\"Feature: -Designed for accessibility and extended gameplay comfort -Features dual analog sticks, an ergonomic button layout, motion controls, and HD rumble -Also features built-in amiibo functionality\",\"inLanguage\":\"pt-PT\",\"isPartOf\":{\"@id\":\"https:\\\/\\\/www.rucashk.com\\\/pt\\\/#website\"},\"breadcrumb\":{\"@id\":\"https:\\\/\\\/www.rucashk.com\\\/pt\\\/produto\\\/nintendo-switch-pro-controller\\\/#breadcrumblist\"},\"author\":{\"@id\":\"https:\\\/\\\/www.rucashk.com\\\/pt\\\/author\\\/admin\\\/#author\"},\"creator\":{\"@id\":\"https:\\\/\\\/www.rucashk.com\\\/pt\\\/author\\\/admin\\\/#author\"},\"image\":{\"@type\":\"ImageObject\",\"url\":\"https:\\\/\\\/www.rucashk.com\\\/wp-content\\\/uploads\\\/2024\\\/01\\\/4.-Nintendo-Switch-Pro-Controller.jpg\",\"@id\":\"https:\\\/\\\/www.rucashk.com\\\/pt\\\/produto\\\/nintendo-switch-pro-controller\\\/#mainImage\",\"width\":901,\"height\":612},\"primaryImageOfPage\":{\"@id\":\"https:\\\/\\\/www.rucashk.com\\\/pt\\\/produto\\\/nintendo-switch-pro-controller\\\/#mainImage\"},\"datePublished\":\"2024-01-09T16:15:25+00:00\",\"dateModified\":\"2024-01-16T09:44:08+00:00\"},{\"@type\":\"WebSite\",\"@id\":\"https:\\\/\\\/www.rucashk.com\\\/pt\\\/#website\",\"url\":\"https:\\\/\\\/www.rucashk.com\\\/pt\\\/\",\"name\":\"Rucas - Wholesale and distribution worldwide\",\"alternateName\":\"Rucas - One-stop AIoT Distribution Worldwide\",\"description\":\"One-stop AIoT Distribution Worldwide\",\"inLanguage\":\"pt-PT\",\"publisher\":{\"@id\":\"https:\\\/\\\/www.rucashk.com\\\/pt\\\/#organization\"}}]}\n\t\t<\/script>\n\t\t<!-- All in One SEO Pro -->\r\n\t\t<title>Nintendo Switch Pro Controller - Rucas - Wholesale and Distribution<\/title>\n\n","aioseo_head_json":{"title":"Nintendo Switch Pro Controller - Rucas - Wholesale and Distribution","description":"Feature: -Designed for accessibility and extended gameplay comfort -Features dual analog sticks, an ergonomic button layout, motion controls, and HD rumble -Also features built-in amiibo functionality","canonical_url":"https:\/\/www.rucashk.com\/pt\/produto\/nintendo-switch-pro-controller\/","robots":"max-image-preview:large","keywords":"","webmasterTools":{"miscellaneous":""},"og:locale":"pt_PT","og:site_name":"Rucas - One-stop AIoT Distribution Worldwide","og:type":"article","og:title":"Nintendo Switch Pro Controller - Rucas - Wholesale and Distribution","og:description":"Feature: -Designed for accessibility and extended gameplay comfort -Features dual analog sticks, an ergonomic button layout, motion controls, and HD rumble -Also features built-in amiibo functionality","og:url":"https:\/\/www.rucashk.com\/pt\/produto\/nintendo-switch-pro-controller\/","og:image":"https:\/\/www.rucashk.com\/wp-content\/uploads\/replace\/503b8e645f128a97ccde2b6290747646.jpeg","og:image:secure_url":"https:\/\/www.rucashk.com\/wp-content\/uploads\/replace\/503b8e645f128a97ccde2b6290747646.jpeg","og:image:width":1456,"og:image:height":816,"article:published_time":"2024-01-09T16:15:25+00:00","article:modified_time":"2024-01-16T09:44:08+00:00","twitter:card":"summary_large_image","twitter:title":"Nintendo Switch Pro Controller - Rucas - Wholesale and Distribution","twitter:description":"Feature: -Designed for accessibility and extended gameplay comfort -Features dual analog sticks, an ergonomic button layout, motion controls, and HD rumble -Also features built-in amiibo functionality","twitter:image":"https:\/\/www.rucashk.com\/wp-content\/uploads\/replace\/503b8e645f128a97ccde2b6290747646.jpeg","schema":{"@context":"https:\/\/schema.org","@graph":[{"@type":"BreadcrumbList","@id":"https:\/\/www.rucashk.com\/pt\/produto\/nintendo-switch-pro-controller\/#breadcrumblist","itemListElement":[{"@type":"ListItem","@id":"https:\/\/www.rucashk.com\/pt\/#listItem","position":1,"name":"Home","item":"https:\/\/www.rucashk.com\/pt\/","nextItem":"https:\/\/www.rucashk.com\/pt\/produto\/nintendo-switch-pro-controller\/#listItem"},{"@type":"ListItem","@id":"https:\/\/www.rucashk.com\/pt\/produto\/nintendo-switch-pro-controller\/#listItem","position":2,"name":"Nintendo Switch Pro Controller","previousItem":"https:\/\/www.rucashk.com\/pt\/#listItem"}]},{"@type":"Organization","@id":"https:\/\/www.rucashk.com\/pt\/#organization","name":"Rucas","url":"https:\/\/www.rucashk.com\/pt\/","logo":{"@type":"ImageObject","url":"https:\/\/www.rucashk.com\/wp-content\/uploads\/2023\/12\/Rucas_campany_logo.png","@id":"https:\/\/www.rucashk.com\/pt\/produto\/nintendo-switch-pro-controller\/#organizationLogo","width":221,"height":65},"image":{"@id":"https:\/\/www.rucashk.com\/pt\/#organizationLogo"}},{"@type":"Person","@id":"https:\/\/www.rucashk.com\/pt\/author\/admin\/#author","url":"https:\/\/www.rucashk.com\/pt\/author\/admin\/","name":"admin","image":{"@type":"ImageObject","@id":"https:\/\/www.rucashk.com\/pt\/produto\/nintendo-switch-pro-controller\/#authorImage","url":"https:\/\/secure.gravatar.com\/avatar\/b7c8925b09a27e72b30232f8ecaadbd5af0f70a38c78096863fe51b64f031c24?s=96&d=mm&r=g","width":96,"height":96,"caption":"admin"}},{"@type":"WebPage","@id":"https:\/\/www.rucashk.com\/pt\/produto\/nintendo-switch-pro-controller\/#webpage","url":"https:\/\/www.rucashk.com\/pt\/produto\/nintendo-switch-pro-controller\/","name":"Nintendo Switch Pro Controller - Rucas - Wholesale and Distribution","description":"Feature: -Designed for accessibility and extended gameplay comfort -Features dual analog sticks, an ergonomic button layout, motion controls, and HD rumble -Also features built-in amiibo functionality","inLanguage":"pt-PT","isPartOf":{"@id":"https:\/\/www.rucashk.com\/pt\/#website"},"breadcrumb":{"@id":"https:\/\/www.rucashk.com\/pt\/produto\/nintendo-switch-pro-controller\/#breadcrumblist"},"author":{"@id":"https:\/\/www.rucashk.com\/pt\/author\/admin\/#author"},"creator":{"@id":"https:\/\/www.rucashk.com\/pt\/author\/admin\/#author"},"image":{"@type":"ImageObject","url":"https:\/\/www.rucashk.com\/wp-content\/uploads\/2024\/01\/4.-Nintendo-Switch-Pro-Controller.jpg","@id":"https:\/\/www.rucashk.com\/pt\/produto\/nintendo-switch-pro-controller\/#mainImage","width":901,"height":612},"primaryImageOfPage":{"@id":"https:\/\/www.rucashk.com\/pt\/produto\/nintendo-switch-pro-controller\/#mainImage"},"datePublished":"2024-01-09T16:15:25+00:00","dateModified":"2024-01-16T09:44:08+00:00"},{"@type":"WebSite","@id":"https:\/\/www.rucashk.com\/pt\/#website","url":"https:\/\/www.rucashk.com\/pt\/","name":"Rucas - Wholesale and distribution worldwide","alternateName":"Rucas - One-stop AIoT Distribution Worldwide","description":"One-stop AIoT Distribution Worldwide","inLanguage":"pt-PT","publisher":{"@id":"https:\/\/www.rucashk.com\/pt\/#organization"}}]}},"aioseo_meta_data":{"post_id":"25241","title":null,"description":null,"keywords":null,"keyphrases":null,"primary_term":null,"canonical_url":null,"og_title":null,"og_description":null,"og_object_type":"default","og_image_type":"default","og_image_url":null,"og_image_width":null,"og_image_height":null,"og_image_custom_url":null,"og_image_custom_fields":null,"og_video":null,"og_custom_url":null,"og_article_section":null,"og_article_tags":null,"twitter_use_og":false,"twitter_card":"default","twitter_image_type":"default","twitter_image_url":null,"twitter_image_custom_url":null,"twitter_image_custom_fields":null,"twitter_title":null,"twitter_description":null,"schema":{"blockGraphs":[],"customGraphs":[],"default":{"data":{"Article":[],"Course":[],"Dataset":[],"FAQPage":[],"Movie":[],"Person":[],"Product":[],"Recipe":[],"Service":[],"SoftwareApplication":[],"WebPage":[]},"graphName":"","isEnabled":true},"graphs":[]},"schema_type":"default","schema_type_options":null,"pillar_content":false,"robots_default":true,"robots_noindex":false,"robots_noarchive":false,"robots_nosnippet":false,"robots_nofollow":false,"robots_noimageindex":false,"robots_noodp":false,"robots_notranslate":false,"robots_max_snippet":null,"robots_max_videopreview":null,"robots_max_imagepreview":"large","priority":null,"frequency":null,"local_seo":null,"breadcrumb_settings":null,"limit_modified_date":false,"created":"2024-04-11 01:57:18","updated":"2025-06-22 17:50:06"},"aioseo_breadcrumb":"<div class=\"aioseo-breadcrumbs\"><span class=\"aioseo-breadcrumb\">\n\t<a href=\"https:\/\/www.rucashk.com\/pt\" title=\"Home\">Home<\/a>\n<\/span><span class=\"aioseo-breadcrumb-separator\">&raquo;<\/span><span class=\"aioseo-breadcrumb\">\n\t<a href=\"https:\/\/www.rucashk.com\/pt\/products\/\" title=\"Produtos\">Produtos<\/a>\n<\/span><span class=\"aioseo-breadcrumb-separator\">&raquo;<\/span><span class=\"aioseo-breadcrumb\">\n\t<a href=\"https:\/\/www.rucashk.com\/pt\/categoria-produto\/nintendo-console\/\" title=\"Nintendo Console\">Nintendo Console<\/a>\n<\/span><span class=\"aioseo-breadcrumb-separator\">&raquo;<\/span><span class=\"aioseo-breadcrumb\">\n\tNintendo Switch Pro Controller\n<\/span><\/div>","aioseo_breadcrumb_json":[{"label":"Home","link":"https:\/\/www.rucashk.com\/pt"},{"label":"Produtos","link":"https:\/\/www.rucashk.com\/pt\/products\/"},{"label":"Nintendo Console","link":"https:\/\/www.rucashk.com\/pt\/categoria-produto\/nintendo-console\/"},{"label":"Nintendo Switch Pro Controller","link":"https:\/\/www.rucashk.com\/pt\/produto\/nintendo-switch-pro-controller\/"}],"_links":{"self":[{"href":"https:\/\/www.rucashk.com\/pt\/wp-json\/wp\/v2\/product\/25241","targetHints":{"allow":["GET"]}}],"collection":[{"href":"https:\/\/www.rucashk.com\/pt\/wp-json\/wp\/v2\/product"}],"about":[{"href":"https:\/\/www.rucashk.com\/pt\/wp-json\/wp\/v2\/types\/product"}],"wp:featuredmedia":[{"embeddable":true,"href":"https:\/\/www.rucashk.com\/pt\/wp-json\/wp\/v2\/media\/25322"}],"wp:attachment":[{"href":"https:\/\/www.rucashk.com\/pt\/wp-json\/wp\/v2\/media?parent=25241"}],"wp:term":[{"taxonomy":"product_brand","embeddable":true,"href":"https:\/\/www.rucashk.com\/pt\/wp-json\/wp\/v2\/product_brand?post=25241"},{"taxonomy":"product_cat","embeddable":true,"href":"https:\/\/www.rucashk.com\/pt\/wp-json\/wp\/v2\/product_cat?post=25241"},{"taxonomy":"product_tag","embeddable":true,"href":"https:\/\/www.rucashk.com\/pt\/wp-json\/wp\/v2\/product_tag?post=25241"}],"curies":[{"name":"wp","href":"https:\/\/api.w.org\/{rel}","templated":true}]}}