{"id":25239,"date":"2024-01-09T16:15:24","date_gmt":"2024-01-09T16:15:24","guid":{"rendered":"http:\/\/rucashk.com\/?post_type=product&#038;p=25239"},"modified":"2024-01-16T10:11:47","modified_gmt":"2024-01-16T10:11:47","slug":"playstation-4-console","status":"publish","type":"product","link":"https:\/\/www.rucashk.com\/pt\/produto\/playstation-4-console\/","title":{"rendered":"Consola PlayStation 4 da Sony"},"content":{"rendered":"<h2 class=\"sony-text-h2\" style=\"text-align: center\"><img fetchpriority=\"high\" decoding=\"async\" class=\"size-full wp-image-26310 aligncenter\" style=\"font-size: 16px\" src=\"https:\/\/www.rucashk.com\/wp-content\/uploads\/2021\/05\/5.Playstation-4-console.jpg\" alt=\"\" width=\"780\" height=\"438\" \/>Aproveite ao m\u00e1ximo seu PS4<\/h2>\n<ul>\n<li style=\"text-align: center\">Jogos Incr\u00edveis: Voc\u00ea veio ao lugar certo. Jogos exclusivos levam voc\u00ea a jornadas incr\u00edveis, desde indies aclamados pela cr\u00edtica at\u00e9 sucessos AAA premiados.<\/li>\n<li style=\"text-align: center\">Entretenimento sem fim: algo novo e incr\u00edvel est\u00e1 sempre ao seu alcance. Encontre o que procura e obtenha-o com o toque de um bot\u00e3o atrav\u00e9s das op\u00e7\u00f5es de entretenimento do PlayStation\u00ae. Pode ser necess\u00e1ria a compra, assinatura e\/ou conta da PlayStation Network.<\/li>\n<\/ul>\n<p>Console conectado: da PlayStation\u2122Store e do PlayStation\u2122App ao Share Play, Staged Multiplayer e Live Streaming, seu console PlayStation\u00ae4 mant\u00e9m voc\u00ea conectado aos amigos e aos seus jogos.<img decoding=\"async\" class=\"size-full wp-image-26309 aligncenter\" src=\"https:\/\/www.rucashk.com\/wp-content\/uploads\/2021\/05\/4.Playstation-4-console.jpg\" alt=\"\" width=\"780\" height=\"400\" \/><\/p>\n<h6 class=\"sony-text-h6\" style=\"text-align: center\">Conte\u00fado do pacote:<\/h6>\n<p style=\"text-align: center\">Sistema PlayStation\u00ae4 de 1 TB (Modelo # CUH-2215B)<\/p>\n<p style=\"text-align: center\">Controlador sem fio DUALSHOCK\u00ae4<\/p>\n<p style=\"text-align: center\">Fone de ouvido mono<\/p>\n<p style=\"text-align: center\">cabo HDMI<\/p>\n<p style=\"text-align: center\">Cabo de alimenta\u00e7\u00e3o CA<\/p>\n<p style=\"text-align: center\"><span id=\"productTitle\" class=\"a-size-large product-title-word-break\"><\/span><strong><span id=\"productTitle\" class=\"a-size-large product-title-word-break\">Console SONY PlayStation 4 Slim de 1 TB, sistema PS4 leve e fino, disco r\u00edgido de 1 TB, todos os melhores jogos, TV, m\u00fasica e muito mais<\/span><\/strong><\/p>\n<table id=\"productDetails_detailBullets_sections1\" class=\"a-keyvalue prodDetTable\" role=\"presentation\">\n<tbody>\n<tr>\n<th class=\"a-color-secondary a-size-base prodDetSectionEntry\">Dimens\u00f5es do produto<\/th>\n<td class=\"a-size-base prodDetAttrValue\">16,7 x 13,5 x 3,7 polegadas; 6,59 libras<\/td>\n<\/tr>\n<tr>\n<th class=\"a-color-secondary a-size-base prodDetSectionEntry\">Vinculativo<\/th>\n<td class=\"a-size-base prodDetAttrValue\">Videogame<\/td>\n<\/tr>\n<tr>\n<th class=\"a-color-secondary a-size-base prodDetSectionEntry\">N\u00famero do modelo do item<\/th>\n<td class=\"a-size-base prodDetAttrValue\">sbzhq3<\/td>\n<\/tr>\n<tr>\n<th class=\"a-color-secondary a-size-base prodDetSectionEntry\">Foi descontinuado pelo fabricante<\/th>\n<td class=\"a-size-base prodDetAttrValue\">N\u00e3o<\/td>\n<\/tr>\n<tr>\n<th class=\"a-color-secondary a-size-base prodDetSectionEntry\">Peso do Item<\/th>\n<td class=\"a-size-base prodDetAttrValue\">6,59 libras<\/td>\n<\/tr>\n<tr>\n<th class=\"a-color-secondary a-size-base prodDetSectionEntry\">Fabricante<\/th>\n<td class=\"a-size-base prodDetAttrValue\">Sony<\/td>\n<\/tr>\n<tr>\n<th class=\"a-color-secondary a-size-base prodDetSectionEntry\">Data dispon\u00edvel pela primeira vez<\/th>\n<td class=\"a-size-base prodDetAttrValue\">25 de novembro de 2017<\/td>\n<\/tr>\n<\/tbody>\n<\/table>","protected":false},"excerpt":{"rendered":"<p><strong><b>Recurso:<\/b><\/strong><\/p>\n<ul>\n<li>-Jogos incr\u00edveis, desde indies aclamados pela cr\u00edtica at\u00e9 sucessos AAA premiados.<\/li>\n<li>-Novo sistema PlayStation 4 fino de 1 TB, um controlador sem fio DualShock 4 correspondente<\/li>\n<li>-Comemore seus momentos \u00e9picos pressionando o bot\u00e3o Compartilhar no Twitch, YouTube, Facebook e Twitter<\/li>\n<\/ul>","protected":false},"featured_media":25316,"template":"","meta":[],"product_brand":[],"product_cat":[1287],"product_tag":[],"class_list":{"0":"post-25239","1":"product","2":"type-product","3":"status-publish","4":"has-post-thumbnail","6":"product_cat-sony-playstation","8":"first","9":"instock","10":"shipping-taxable","11":"product-type-simple"},"aioseo_notices":[],"aioseo_head":"\n\t\t<!-- All in One SEO Pro 4.5.9.2 - aioseo.com -->\n\t\t<meta name=\"description\" content=\"Feature: -Incredible Games,from critically acclaimed indies to award-winning AAA hits. -New slim 1TB PlayStation 4 system, a matching DualShock 4 Wireless Controller -Celebrate your epic moments at the press of the Share button to Twitch, YouTube, Facebook and Twitter\" \/>\n\t\t<meta name=\"robots\" content=\"max-image-preview:large\" \/>\n\t\t<link rel=\"canonical\" href=\"https:\/\/www.rucashk.com\/pt\/produto\/playstation-4-console\/\" \/>\n\t\t<meta name=\"generator\" content=\"All in One SEO Pro (AIOSEO) 4.5.9.2\" \/>\n\t\t<meta property=\"og:locale\" content=\"pt_PT\" \/>\n\t\t<meta property=\"og:site_name\" content=\"Rucas - One-stop AIoT Distribution Worldwide\" \/>\n\t\t<meta property=\"og:type\" content=\"article\" \/>\n\t\t<meta property=\"og:title\" content=\"Sony Playstation 4 console - Rucas - Wholesale and Distribution\" \/>\n\t\t<meta property=\"og:description\" content=\"Feature: -Incredible Games,from critically acclaimed indies to award-winning AAA hits. -New slim 1TB PlayStation 4 system, a matching DualShock 4 Wireless Controller -Celebrate your epic moments at the press of the Share button to Twitch, YouTube, Facebook and Twitter\" \/>\n\t\t<meta property=\"og:url\" content=\"https:\/\/www.rucashk.com\/pt\/produto\/playstation-4-console\/\" \/>\n\t\t<meta property=\"og:image\" content=\"https:\/\/www.rucashk.com\/wp-content\/uploads\/replace\/503b8e645f128a97ccde2b6290747646.jpeg\" \/>\n\t\t<meta property=\"og:image:secure_url\" content=\"https:\/\/www.rucashk.com\/wp-content\/uploads\/replace\/503b8e645f128a97ccde2b6290747646.jpeg\" \/>\n\t\t<meta property=\"og:image:width\" content=\"1456\" \/>\n\t\t<meta property=\"og:image:height\" content=\"816\" \/>\n\t\t<meta property=\"article:published_time\" content=\"2024-01-09T16:15:24+00:00\" \/>\n\t\t<meta property=\"article:modified_time\" content=\"2024-01-16T10:11:47+00:00\" \/>\n\t\t<meta name=\"twitter:card\" content=\"summary_large_image\" \/>\n\t\t<meta name=\"twitter:title\" content=\"Sony Playstation 4 console - Rucas - Wholesale and Distribution\" \/>\n\t\t<meta name=\"twitter:description\" content=\"Feature: -Incredible Games,from critically acclaimed indies to award-winning AAA hits. -New slim 1TB PlayStation 4 system, a matching DualShock 4 Wireless Controller -Celebrate your epic moments at the press of the Share button to Twitch, YouTube, Facebook and Twitter\" \/>\n\t\t<meta name=\"twitter:image\" content=\"https:\/\/www.rucashk.com\/wp-content\/uploads\/replace\/503b8e645f128a97ccde2b6290747646.jpeg\" \/>\n\t\t<script type=\"application\/ld+json\" class=\"aioseo-schema\">\n\t\t\t{\"@context\":\"https:\\\/\\\/schema.org\",\"@graph\":[{\"@type\":\"BreadcrumbList\",\"@id\":\"https:\\\/\\\/www.rucashk.com\\\/pt\\\/produto\\\/playstation-4-console\\\/#breadcrumblist\",\"itemListElement\":[{\"@type\":\"ListItem\",\"@id\":\"https:\\\/\\\/www.rucashk.com\\\/pt\\\/#listItem\",\"position\":1,\"name\":\"Home\",\"item\":\"https:\\\/\\\/www.rucashk.com\\\/pt\\\/\",\"nextItem\":\"https:\\\/\\\/www.rucashk.com\\\/pt\\\/produto\\\/playstation-4-console\\\/#listItem\"},{\"@type\":\"ListItem\",\"@id\":\"https:\\\/\\\/www.rucashk.com\\\/pt\\\/produto\\\/playstation-4-console\\\/#listItem\",\"position\":2,\"name\":\"Sony Playstation 4 console\",\"previousItem\":\"https:\\\/\\\/www.rucashk.com\\\/pt\\\/#listItem\"}]},{\"@type\":\"Organization\",\"@id\":\"https:\\\/\\\/www.rucashk.com\\\/pt\\\/#organization\",\"name\":\"Rucas\",\"url\":\"https:\\\/\\\/www.rucashk.com\\\/pt\\\/\",\"logo\":{\"@type\":\"ImageObject\",\"url\":\"https:\\\/\\\/www.rucashk.com\\\/wp-content\\\/uploads\\\/2023\\\/12\\\/Rucas_campany_logo.png\",\"@id\":\"https:\\\/\\\/www.rucashk.com\\\/pt\\\/produto\\\/playstation-4-console\\\/#organizationLogo\",\"width\":221,\"height\":65},\"image\":{\"@id\":\"https:\\\/\\\/www.rucashk.com\\\/pt\\\/#organizationLogo\"}},{\"@type\":\"Person\",\"@id\":\"https:\\\/\\\/www.rucashk.com\\\/pt\\\/author\\\/admin\\\/#author\",\"url\":\"https:\\\/\\\/www.rucashk.com\\\/pt\\\/author\\\/admin\\\/\",\"name\":\"admin\",\"image\":{\"@type\":\"ImageObject\",\"@id\":\"https:\\\/\\\/www.rucashk.com\\\/pt\\\/produto\\\/playstation-4-console\\\/#authorImage\",\"url\":\"https:\\\/\\\/secure.gravatar.com\\\/avatar\\\/b7c8925b09a27e72b30232f8ecaadbd5af0f70a38c78096863fe51b64f031c24?s=96&d=mm&r=g\",\"width\":96,\"height\":96,\"caption\":\"admin\"}},{\"@type\":\"WebPage\",\"@id\":\"https:\\\/\\\/www.rucashk.com\\\/pt\\\/produto\\\/playstation-4-console\\\/#webpage\",\"url\":\"https:\\\/\\\/www.rucashk.com\\\/pt\\\/produto\\\/playstation-4-console\\\/\",\"name\":\"Sony Playstation 4 console - Rucas - Wholesale and Distribution\",\"description\":\"Feature: -Incredible Games,from critically acclaimed indies to award-winning AAA hits. -New slim 1TB PlayStation 4 system, a matching DualShock 4 Wireless Controller -Celebrate your epic moments at the press of the Share button to Twitch, YouTube, Facebook and Twitter\",\"inLanguage\":\"pt-PT\",\"isPartOf\":{\"@id\":\"https:\\\/\\\/www.rucashk.com\\\/pt\\\/#website\"},\"breadcrumb\":{\"@id\":\"https:\\\/\\\/www.rucashk.com\\\/pt\\\/produto\\\/playstation-4-console\\\/#breadcrumblist\"},\"author\":{\"@id\":\"https:\\\/\\\/www.rucashk.com\\\/pt\\\/author\\\/admin\\\/#author\"},\"creator\":{\"@id\":\"https:\\\/\\\/www.rucashk.com\\\/pt\\\/author\\\/admin\\\/#author\"},\"image\":{\"@type\":\"ImageObject\",\"url\":\"https:\\\/\\\/www.rucashk.com\\\/wp-content\\\/uploads\\\/2024\\\/01\\\/PS4-slim-console-standing-profile-with-dualshock4.jpg\",\"@id\":\"https:\\\/\\\/www.rucashk.com\\\/pt\\\/produto\\\/playstation-4-console\\\/#mainImage\",\"width\":580,\"height\":580},\"primaryImageOfPage\":{\"@id\":\"https:\\\/\\\/www.rucashk.com\\\/pt\\\/produto\\\/playstation-4-console\\\/#mainImage\"},\"datePublished\":\"2024-01-09T16:15:24+00:00\",\"dateModified\":\"2024-01-16T10:11:47+00:00\"},{\"@type\":\"WebSite\",\"@id\":\"https:\\\/\\\/www.rucashk.com\\\/pt\\\/#website\",\"url\":\"https:\\\/\\\/www.rucashk.com\\\/pt\\\/\",\"name\":\"Rucas - Wholesale and distribution worldwide\",\"alternateName\":\"Rucas - One-stop AIoT Distribution Worldwide\",\"description\":\"One-stop AIoT Distribution Worldwide\",\"inLanguage\":\"pt-PT\",\"publisher\":{\"@id\":\"https:\\\/\\\/www.rucashk.com\\\/pt\\\/#organization\"}}]}\n\t\t<\/script>\n\t\t<!-- All in One SEO Pro -->\r\n\t\t<title>Sony Playstation 4 console - Rucas - Wholesale and Distribution<\/title>\n\n","aioseo_head_json":{"title":"Sony Playstation 4 console - Rucas - Wholesale and Distribution","description":"Feature: -Incredible Games,from critically acclaimed indies to award-winning AAA hits. -New slim 1TB PlayStation 4 system, a matching DualShock 4 Wireless Controller -Celebrate your epic moments at the press of the Share button to Twitch, YouTube, Facebook and Twitter","canonical_url":"https:\/\/www.rucashk.com\/pt\/produto\/playstation-4-console\/","robots":"max-image-preview:large","keywords":"","webmasterTools":{"miscellaneous":""},"og:locale":"pt_PT","og:site_name":"Rucas - One-stop AIoT Distribution Worldwide","og:type":"article","og:title":"Sony Playstation 4 console - Rucas - Wholesale and Distribution","og:description":"Feature: -Incredible Games,from critically acclaimed indies to award-winning AAA hits. -New slim 1TB PlayStation 4 system, a matching DualShock 4 Wireless Controller -Celebrate your epic moments at the press of the Share button to Twitch, YouTube, Facebook and Twitter","og:url":"https:\/\/www.rucashk.com\/pt\/produto\/playstation-4-console\/","og:image":"https:\/\/www.rucashk.com\/wp-content\/uploads\/replace\/503b8e645f128a97ccde2b6290747646.jpeg","og:image:secure_url":"https:\/\/www.rucashk.com\/wp-content\/uploads\/replace\/503b8e645f128a97ccde2b6290747646.jpeg","og:image:width":1456,"og:image:height":816,"article:published_time":"2024-01-09T16:15:24+00:00","article:modified_time":"2024-01-16T10:11:47+00:00","twitter:card":"summary_large_image","twitter:title":"Sony Playstation 4 console - Rucas - Wholesale and Distribution","twitter:description":"Feature: -Incredible Games,from critically acclaimed indies to award-winning AAA hits. -New slim 1TB PlayStation 4 system, a matching DualShock 4 Wireless Controller -Celebrate your epic moments at the press of the Share button to Twitch, YouTube, Facebook and Twitter","twitter:image":"https:\/\/www.rucashk.com\/wp-content\/uploads\/replace\/503b8e645f128a97ccde2b6290747646.jpeg","schema":{"@context":"https:\/\/schema.org","@graph":[{"@type":"BreadcrumbList","@id":"https:\/\/www.rucashk.com\/pt\/produto\/playstation-4-console\/#breadcrumblist","itemListElement":[{"@type":"ListItem","@id":"https:\/\/www.rucashk.com\/pt\/#listItem","position":1,"name":"Home","item":"https:\/\/www.rucashk.com\/pt\/","nextItem":"https:\/\/www.rucashk.com\/pt\/produto\/playstation-4-console\/#listItem"},{"@type":"ListItem","@id":"https:\/\/www.rucashk.com\/pt\/produto\/playstation-4-console\/#listItem","position":2,"name":"Sony Playstation 4 console","previousItem":"https:\/\/www.rucashk.com\/pt\/#listItem"}]},{"@type":"Organization","@id":"https:\/\/www.rucashk.com\/pt\/#organization","name":"Rucas","url":"https:\/\/www.rucashk.com\/pt\/","logo":{"@type":"ImageObject","url":"https:\/\/www.rucashk.com\/wp-content\/uploads\/2023\/12\/Rucas_campany_logo.png","@id":"https:\/\/www.rucashk.com\/pt\/produto\/playstation-4-console\/#organizationLogo","width":221,"height":65},"image":{"@id":"https:\/\/www.rucashk.com\/pt\/#organizationLogo"}},{"@type":"Person","@id":"https:\/\/www.rucashk.com\/pt\/author\/admin\/#author","url":"https:\/\/www.rucashk.com\/pt\/author\/admin\/","name":"admin","image":{"@type":"ImageObject","@id":"https:\/\/www.rucashk.com\/pt\/produto\/playstation-4-console\/#authorImage","url":"https:\/\/secure.gravatar.com\/avatar\/b7c8925b09a27e72b30232f8ecaadbd5af0f70a38c78096863fe51b64f031c24?s=96&d=mm&r=g","width":96,"height":96,"caption":"admin"}},{"@type":"WebPage","@id":"https:\/\/www.rucashk.com\/pt\/produto\/playstation-4-console\/#webpage","url":"https:\/\/www.rucashk.com\/pt\/produto\/playstation-4-console\/","name":"Sony Playstation 4 console - Rucas - Wholesale and Distribution","description":"Feature: -Incredible Games,from critically acclaimed indies to award-winning AAA hits. -New slim 1TB PlayStation 4 system, a matching DualShock 4 Wireless Controller -Celebrate your epic moments at the press of the Share button to Twitch, YouTube, Facebook and Twitter","inLanguage":"pt-PT","isPartOf":{"@id":"https:\/\/www.rucashk.com\/pt\/#website"},"breadcrumb":{"@id":"https:\/\/www.rucashk.com\/pt\/produto\/playstation-4-console\/#breadcrumblist"},"author":{"@id":"https:\/\/www.rucashk.com\/pt\/author\/admin\/#author"},"creator":{"@id":"https:\/\/www.rucashk.com\/pt\/author\/admin\/#author"},"image":{"@type":"ImageObject","url":"https:\/\/www.rucashk.com\/wp-content\/uploads\/2024\/01\/PS4-slim-console-standing-profile-with-dualshock4.jpg","@id":"https:\/\/www.rucashk.com\/pt\/produto\/playstation-4-console\/#mainImage","width":580,"height":580},"primaryImageOfPage":{"@id":"https:\/\/www.rucashk.com\/pt\/produto\/playstation-4-console\/#mainImage"},"datePublished":"2024-01-09T16:15:24+00:00","dateModified":"2024-01-16T10:11:47+00:00"},{"@type":"WebSite","@id":"https:\/\/www.rucashk.com\/pt\/#website","url":"https:\/\/www.rucashk.com\/pt\/","name":"Rucas - Wholesale and distribution worldwide","alternateName":"Rucas - One-stop AIoT Distribution Worldwide","description":"One-stop AIoT Distribution Worldwide","inLanguage":"pt-PT","publisher":{"@id":"https:\/\/www.rucashk.com\/pt\/#organization"}}]}},"aioseo_meta_data":{"post_id":"25239","title":null,"description":null,"keywords":null,"keyphrases":null,"primary_term":null,"canonical_url":null,"og_title":null,"og_description":null,"og_object_type":"default","og_image_type":"default","og_image_url":null,"og_image_width":null,"og_image_height":null,"og_image_custom_url":null,"og_image_custom_fields":null,"og_video":null,"og_custom_url":null,"og_article_section":null,"og_article_tags":null,"twitter_use_og":false,"twitter_card":"default","twitter_image_type":"default","twitter_image_url":null,"twitter_image_custom_url":null,"twitter_image_custom_fields":null,"twitter_title":null,"twitter_description":null,"schema":{"blockGraphs":[],"customGraphs":[],"default":{"data":{"Article":[],"Course":[],"Dataset":[],"FAQPage":[],"Movie":[],"Person":[],"Product":[],"Recipe":[],"Service":[],"SoftwareApplication":[],"WebPage":[]},"graphName":"","isEnabled":true},"graphs":[]},"schema_type":"default","schema_type_options":null,"pillar_content":false,"robots_default":true,"robots_noindex":false,"robots_noarchive":false,"robots_nosnippet":false,"robots_nofollow":false,"robots_noimageindex":false,"robots_noodp":false,"robots_notranslate":false,"robots_max_snippet":null,"robots_max_videopreview":null,"robots_max_imagepreview":"large","priority":null,"frequency":null,"local_seo":null,"breadcrumb_settings":null,"limit_modified_date":false,"created":"2024-04-11 01:57:18","updated":"2025-06-22 17:50:05"},"aioseo_breadcrumb":"<div class=\"aioseo-breadcrumbs\"><span class=\"aioseo-breadcrumb\">\n\t<a href=\"https:\/\/www.rucashk.com\/pt\" title=\"Home\">Home<\/a>\n<\/span><span class=\"aioseo-breadcrumb-separator\">&raquo;<\/span><span class=\"aioseo-breadcrumb\">\n\t<a href=\"https:\/\/www.rucashk.com\/pt\/products\/\" title=\"Produtos\">Produtos<\/a>\n<\/span><span class=\"aioseo-breadcrumb-separator\">&raquo;<\/span><span class=\"aioseo-breadcrumb\">\n\t<a href=\"https:\/\/www.rucashk.com\/pt\/categoria-produto\/sony-playstation\/\" title=\"Sony PlayStation\">Sony PlayStation<\/a>\n<\/span><span class=\"aioseo-breadcrumb-separator\">&raquo;<\/span><span class=\"aioseo-breadcrumb\">\n\tSony Playstation 4 console\n<\/span><\/div>","aioseo_breadcrumb_json":[{"label":"Home","link":"https:\/\/www.rucashk.com\/pt"},{"label":"Produtos","link":"https:\/\/www.rucashk.com\/pt\/products\/"},{"label":"Sony PlayStation","link":"https:\/\/www.rucashk.com\/pt\/categoria-produto\/sony-playstation\/"},{"label":"Sony Playstation 4 console","link":"https:\/\/www.rucashk.com\/pt\/produto\/playstation-4-console\/"}],"_links":{"self":[{"href":"https:\/\/www.rucashk.com\/pt\/wp-json\/wp\/v2\/product\/25239","targetHints":{"allow":["GET"]}}],"collection":[{"href":"https:\/\/www.rucashk.com\/pt\/wp-json\/wp\/v2\/product"}],"about":[{"href":"https:\/\/www.rucashk.com\/pt\/wp-json\/wp\/v2\/types\/product"}],"wp:featuredmedia":[{"embeddable":true,"href":"https:\/\/www.rucashk.com\/pt\/wp-json\/wp\/v2\/media\/25316"}],"wp:attachment":[{"href":"https:\/\/www.rucashk.com\/pt\/wp-json\/wp\/v2\/media?parent=25239"}],"wp:term":[{"taxonomy":"product_brand","embeddable":true,"href":"https:\/\/www.rucashk.com\/pt\/wp-json\/wp\/v2\/product_brand?post=25239"},{"taxonomy":"product_cat","embeddable":true,"href":"https:\/\/www.rucashk.com\/pt\/wp-json\/wp\/v2\/product_cat?post=25239"},{"taxonomy":"product_tag","embeddable":true,"href":"https:\/\/www.rucashk.com\/pt\/wp-json\/wp\/v2\/product_tag?post=25239"}],"curies":[{"name":"wp","href":"https:\/\/api.w.org\/{rel}","templated":true}]}}