{"id":25216,"date":"2024-01-09T16:15:03","date_gmt":"2024-01-09T16:15:03","guid":{"rendered":"http:\/\/rucashk.com\/?post_type=product&#038;p=25216"},"modified":"2024-01-16T10:12:40","modified_gmt":"2024-01-16T10:12:40","slug":"playstation-5-console","status":"publish","type":"product","link":"https:\/\/www.rucashk.com\/pt\/produto\/playstation-5-console\/","title":{"rendered":"Consola Playstation 5 da Sony"},"content":{"rendered":"<div class=\"minorsection background-white aem-GridColumn aem-GridColumn--default--12\">\n<div class=\"section-component container expand-content\">\n<h2 class=\"sony-text-h2\" style=\"text-align: center\">Caracter\u00edsticas principais<\/h2>\n<p><img fetchpriority=\"high\" decoding=\"async\" class=\"size-full wp-image-26298 aligncenter\" src=\"https:\/\/www.rucashk.com\/wp-content\/uploads\/2021\/05\/PS5-angle-shot-with-dualsense.jpg\" alt=\"\" width=\"780\" height=\"440\" \/><\/p>\n<div class=\"section-container row\">\n<div class=\"item\">\n<div class=\"container\">\n<div class=\"section-tile image-left row\">\n<div class=\"p-0 col-lg-5 order-xs-2 order-lg-2 order-2\">\n<div class=\"overline-title-h-four\">\n<h2 class=\"sony-text-h2\" style=\"text-align: center\">Velocidade da luz<\/h2>\n<div class=\"sony-text-body-1\">\n<ul style=\"text-align: center\">\n<li><b><u>SSD de ultra-alta velocidade<\/u><\/b>\u00a0\u2013 Maximize suas sess\u00f5es de jogo com tempos de carregamento quase instant\u00e2neos para jogos PS5\u2122 instalados.<\/li>\n<\/ul>\n<ul>\n<li style=\"text-align: center\"><b><u>E\/S integrada<\/u><\/b>\u00a0\u2013 A integra\u00e7\u00e3o personalizada dos sistemas do console PS5\u2122 permite que os criadores extraiam dados do SSD t\u00e3o rapidamente que possam projetar jogos de maneiras nunca antes poss\u00edveis.<\/li>\n<\/ul>\n<\/div>\n<\/div>\n<\/div>\n<\/div>\n<\/div>\n<\/div>\n<div class=\"item\">\n<div class=\"container\">\n<div class=\"section-tile image-right row\">\n<div class=\"p-0 col-lg-7 order-xs-1 order-lg-2 order-1\"><img decoding=\"async\" class=\"size-full wp-image-26299 aligncenter\" src=\"https:\/\/www.rucashk.com\/wp-content\/uploads\/2021\/05\/PS5-demons-souls-game-screenshot.jpg\" alt=\"\" width=\"780\" height=\"440\" \/><\/div>\n<div class=\"p-0 col-lg-5 order-xs-2 order-lg-1 order-2\">\n<div class=\"overline-title-h-four\">\n<h2 class=\"sony-text-h2\" style=\"text-align: center\">Jogos impressionantes<\/h2>\n<div class=\"sony-text-body-1\">\n<ul style=\"text-align: center\">\n<li><b><u>Rastreamento de raio<\/u><\/b>\u00a0\u2013 Mergulhe em mundos com um novo n\u00edvel de realismo \u00e0 medida que os raios de luz s\u00e3o simulados individualmente, criando sombras e reflexos realistas em jogos PS5\u2122 compat\u00edveis.<\/li>\n<\/ul>\n<ul style=\"text-align: center\">\n<li><b><u>Jogos em TV 4K<\/u><\/b>\u00a0\u2013 Jogue seus jogos PS5\u2122 favoritos em sua incr\u00edvel TV 4K.<\/li>\n<\/ul>\n<ul style=\"text-align: center\">\n<li><b><u>At\u00e9 120fps com sa\u00edda de 120Hz<\/u><\/b>\u00a0\u2013 Desfrute de uma jogabilidade suave e fluida com alta taxa de quadros de at\u00e9 120 fps para jogos compat\u00edveis, com suporte para sa\u00edda de 120 Hz em monitores 4K.<\/li>\n<\/ul>\n<ul style=\"text-align: center\">\n<li><b><u>Tecnologia HDR<\/u><\/b>\u00a0\u2013 Com uma TV HDR, os jogos PS5\u2122 compat\u00edveis exibem uma gama de cores incrivelmente vibrante e realista.<\/li>\n<\/ul>\n<ul>\n<li style=\"text-align: center\"><b><u>Sa\u00edda 8K<\/u><\/b>\u00a0\u2013 O console PS5\u2122 \u00e9 compat\u00edvel com monitores 8K por meio de suporte HDMI 2.1.<\/li>\n<\/ul>\n<\/div>\n<\/div>\n<\/div>\n<\/div>\n<\/div>\n<\/div>\n<div class=\"item\">\n<div class=\"container\">\n<div class=\"section-tile image-left row\">\n<div class=\"p-0 col-lg-7 order-xs-1 order-lg-1 order-1\"><img decoding=\"async\" class=\"size-full wp-image-26300 aligncenter\" src=\"https:\/\/www.rucashk.com\/wp-content\/uploads\/2021\/05\/PS5-spider-man-miles-morales-game-screenshot.jpg\" alt=\"\" width=\"780\" height=\"440\" \/><\/div>\n<div class=\"p-0 col-lg-5 order-xs-2 order-lg-2 order-2\">\n<div class=\"overline-title-h-four\">\n<h2 class=\"sony-text-h2\" style=\"text-align: center\">Imers\u00e3o de tirar o f\u00f4lego<\/h2>\n<div class=\"sony-text-body-1\">\n<ul style=\"text-align: center\">\n<li><b><u>Tempest 3D AudioTech<\/u><\/b>\u00a0\u2013 Mergulhe em paisagens sonoras onde parece que o som vem de todas as dire\u00e7\u00f5es. Atrav\u00e9s de seus fones de ouvido compat\u00edveis, o ambiente ao seu redor ganha vida com Tempest 3D AudioTech em jogos compat\u00edveis.<\/li>\n<\/ul>\n<ul>\n<li style=\"text-align: center\"><b><u>Feedback t\u00e1til<\/u><\/b>\u00a0\u2013 Experimente feedback t\u00e1til por meio do controle sem fio DualSense em t\u00edtulos PS5 selecionados e sinta os efeitos e o impacto de suas a\u00e7\u00f5es no jogo por meio de feedback sensorial din\u00e2mico.<\/li>\n<li style=\"text-align: center\"><b><u>Gatilhos adaptativos<\/u><\/b>\u00a0\u2013 Domine os gatilhos adaptativos envolventes, com n\u00edveis de resist\u00eancia din\u00e2micos que simulam o impacto f\u00edsico das atividades do jogo em jogos PS5 selecionados.<\/li>\n<\/ul>\n<\/div>\n<\/div>\n<\/div>\n<\/div>\n<\/div>\n<\/div>\n<\/div>\n<\/div>\n<\/div>\n<div class=\"inthebox background-white padding-bottom-30 mobile-padding-bottom-30 aem-GridColumn aem-GridColumn--default--12\">\n<div class=\"in-the-box-component container\">\n<div class=\"in-the-box-container row\">\n<div class=\"col-lg-8 order-xs-1 order-lg-2 order-1 bundleImage\"><img loading=\"lazy\" decoding=\"async\" class=\"size-full wp-image-26301 aligncenter\" src=\"https:\/\/www.rucashk.com\/wp-content\/uploads\/2021\/05\/4.PS5-box-contents.jpg\" alt=\"\" width=\"780\" height=\"400\" \/><\/div>\n<div>\n<h2 class=\"sony-text-h2\" style=\"text-align: center\">O que est\u00e1 na caixa<\/h2>\n<div class=\"in-the-box-container row\">\n<div class=\"col-lg-4 order-xs-2 order-lg-1 order-2 content left list-container\">\n<h6 class=\"sony-text-h6\" style=\"text-align: center\">O pacote inclui:<\/h6>\n<p style=\"text-align: center\">Consola PlayStation\u00ae5<\/p>\n<p style=\"text-align: center\">Controlador sem fio DualSense\u2122<\/p>\n<p style=\"text-align: center\">Cabo de carregamento USB DualSense\u2122<\/p>\n<p style=\"text-align: center\">ASTRO&#039;s PLAYROOM (jogo pr\u00e9-instalado)**<\/p>\n<p style=\"text-align: center\">Base<\/p>\n<p style=\"text-align: center\">cabo HDMI<\/p>\n<p style=\"text-align: center\">Cabo de alimenta\u00e7\u00e3o CA<\/p>\n<p style=\"text-align: center\">Materiais impressos<\/p>\n<p style=\"text-align: center\">**Pode ser necess\u00e1ria atualiza\u00e7\u00e3o do software do sistema. Conex\u00e3o com a Internet necess\u00e1ria para a atualiza\u00e7\u00e3o.<\/p>\n<\/div>\n<\/div>\n<\/div>\n<\/div>\n<\/div>\n<\/div>","protected":false},"excerpt":{"rendered":"<p><strong><b>Recurso:<\/b><\/strong><\/p>\n<p><strong><b>Velocidade da luz<\/b><\/strong><\/p>\n<ul>\n<li>-E\/S integrada<\/li>\n<li>-SSD de ultra-alta velocidade<\/li>\n<\/ul>\n<p><strong><b>Jogos impressionantes<\/b><\/strong><\/p>\n<ul>\n<li>- Rastreamento de raios<\/li>\n<li>Jogos -4K-TV<\/li>\n<li>-At\u00e9 120fps com sa\u00edda de 120Hz<\/li>\n<\/ul>\n<p><strong><b>Imers\u00e3o de tirar o f\u00f4lego<\/b><\/strong><\/p>\n<ul>\n<li>-Tempest 3D AudioTech<\/li>\n<li>-Feedback t\u00e1til<\/li>\n<\/ul>","protected":false},"featured_media":25312,"template":"","meta":[],"product_brand":[],"product_cat":[1287],"product_tag":[],"class_list":{"0":"post-25216","1":"product","2":"type-product","3":"status-publish","4":"has-post-thumbnail","6":"product_cat-sony-playstation","8":"first","9":"instock","10":"shipping-taxable","11":"product-type-simple"},"aioseo_notices":[],"aioseo_head":"\n\t\t<!-- All in One SEO Pro 4.5.9.2 - aioseo.com -->\n\t\t<meta name=\"description\" content=\"Feature: Lightning Speed -Integrated I\/O -Ultra-High Speed SSD Stunning Games -Ray Tracing -4K-TV Gaming -Up to 120fps with 120Hz Output Breathtaking Immersion -Tempest 3D AudioTech -Haptic Feedback\" \/>\n\t\t<meta name=\"robots\" content=\"max-image-preview:large\" \/>\n\t\t<link rel=\"canonical\" href=\"https:\/\/www.rucashk.com\/pt\/produto\/playstation-5-console\/\" \/>\n\t\t<meta name=\"generator\" content=\"All in One SEO Pro (AIOSEO) 4.5.9.2\" \/>\n\t\t<meta property=\"og:locale\" content=\"pt_PT\" \/>\n\t\t<meta property=\"og:site_name\" content=\"Rucas - One-stop AIoT Distribution Worldwide\" \/>\n\t\t<meta property=\"og:type\" content=\"article\" \/>\n\t\t<meta property=\"og:title\" content=\"Sony Playstation 5 console - Rucas - Wholesale and Distribution\" \/>\n\t\t<meta property=\"og:description\" content=\"Feature: Lightning Speed -Integrated I\/O -Ultra-High Speed SSD Stunning Games -Ray Tracing -4K-TV Gaming -Up to 120fps with 120Hz Output Breathtaking Immersion -Tempest 3D AudioTech -Haptic Feedback\" \/>\n\t\t<meta property=\"og:url\" content=\"https:\/\/www.rucashk.com\/pt\/produto\/playstation-5-console\/\" \/>\n\t\t<meta property=\"og:image\" content=\"https:\/\/www.rucashk.com\/wp-content\/uploads\/replace\/503b8e645f128a97ccde2b6290747646.jpeg\" \/>\n\t\t<meta property=\"og:image:secure_url\" content=\"https:\/\/www.rucashk.com\/wp-content\/uploads\/replace\/503b8e645f128a97ccde2b6290747646.jpeg\" \/>\n\t\t<meta property=\"og:image:width\" content=\"1456\" \/>\n\t\t<meta property=\"og:image:height\" content=\"816\" \/>\n\t\t<meta property=\"article:published_time\" content=\"2024-01-09T16:15:03+00:00\" \/>\n\t\t<meta property=\"article:modified_time\" content=\"2024-01-16T10:12:40+00:00\" \/>\n\t\t<meta name=\"twitter:card\" content=\"summary_large_image\" \/>\n\t\t<meta name=\"twitter:title\" content=\"Sony Playstation 5 console - Rucas - Wholesale and Distribution\" \/>\n\t\t<meta name=\"twitter:description\" content=\"Feature: Lightning Speed -Integrated I\/O -Ultra-High Speed SSD Stunning Games -Ray Tracing -4K-TV Gaming -Up to 120fps with 120Hz Output Breathtaking Immersion -Tempest 3D AudioTech -Haptic Feedback\" \/>\n\t\t<meta name=\"twitter:image\" content=\"https:\/\/www.rucashk.com\/wp-content\/uploads\/replace\/503b8e645f128a97ccde2b6290747646.jpeg\" \/>\n\t\t<script type=\"application\/ld+json\" class=\"aioseo-schema\">\n\t\t\t{\"@context\":\"https:\\\/\\\/schema.org\",\"@graph\":[{\"@type\":\"BreadcrumbList\",\"@id\":\"https:\\\/\\\/www.rucashk.com\\\/pt\\\/produto\\\/playstation-5-console\\\/#breadcrumblist\",\"itemListElement\":[{\"@type\":\"ListItem\",\"@id\":\"https:\\\/\\\/www.rucashk.com\\\/pt\\\/#listItem\",\"position\":1,\"name\":\"Home\",\"item\":\"https:\\\/\\\/www.rucashk.com\\\/pt\\\/\",\"nextItem\":\"https:\\\/\\\/www.rucashk.com\\\/pt\\\/produto\\\/playstation-5-console\\\/#listItem\"},{\"@type\":\"ListItem\",\"@id\":\"https:\\\/\\\/www.rucashk.com\\\/pt\\\/produto\\\/playstation-5-console\\\/#listItem\",\"position\":2,\"name\":\"Sony Playstation 5 console\",\"previousItem\":\"https:\\\/\\\/www.rucashk.com\\\/pt\\\/#listItem\"}]},{\"@type\":\"Organization\",\"@id\":\"https:\\\/\\\/www.rucashk.com\\\/pt\\\/#organization\",\"name\":\"Rucas\",\"url\":\"https:\\\/\\\/www.rucashk.com\\\/pt\\\/\",\"logo\":{\"@type\":\"ImageObject\",\"url\":\"https:\\\/\\\/www.rucashk.com\\\/wp-content\\\/uploads\\\/2023\\\/12\\\/Rucas_campany_logo.png\",\"@id\":\"https:\\\/\\\/www.rucashk.com\\\/pt\\\/produto\\\/playstation-5-console\\\/#organizationLogo\",\"width\":221,\"height\":65},\"image\":{\"@id\":\"https:\\\/\\\/www.rucashk.com\\\/pt\\\/#organizationLogo\"}},{\"@type\":\"Person\",\"@id\":\"https:\\\/\\\/www.rucashk.com\\\/pt\\\/author\\\/admin\\\/#author\",\"url\":\"https:\\\/\\\/www.rucashk.com\\\/pt\\\/author\\\/admin\\\/\",\"name\":\"admin\",\"image\":{\"@type\":\"ImageObject\",\"@id\":\"https:\\\/\\\/www.rucashk.com\\\/pt\\\/produto\\\/playstation-5-console\\\/#authorImage\",\"url\":\"https:\\\/\\\/secure.gravatar.com\\\/avatar\\\/b7c8925b09a27e72b30232f8ecaadbd5af0f70a38c78096863fe51b64f031c24?s=96&d=mm&r=g\",\"width\":96,\"height\":96,\"caption\":\"admin\"}},{\"@type\":\"WebPage\",\"@id\":\"https:\\\/\\\/www.rucashk.com\\\/pt\\\/produto\\\/playstation-5-console\\\/#webpage\",\"url\":\"https:\\\/\\\/www.rucashk.com\\\/pt\\\/produto\\\/playstation-5-console\\\/\",\"name\":\"Sony Playstation 5 console - Rucas - Wholesale and Distribution\",\"description\":\"Feature: Lightning Speed -Integrated I\\\/O -Ultra-High Speed SSD Stunning Games -Ray Tracing -4K-TV Gaming -Up to 120fps with 120Hz Output Breathtaking Immersion -Tempest 3D AudioTech -Haptic Feedback\",\"inLanguage\":\"pt-PT\",\"isPartOf\":{\"@id\":\"https:\\\/\\\/www.rucashk.com\\\/pt\\\/#website\"},\"breadcrumb\":{\"@id\":\"https:\\\/\\\/www.rucashk.com\\\/pt\\\/produto\\\/playstation-5-console\\\/#breadcrumblist\"},\"author\":{\"@id\":\"https:\\\/\\\/www.rucashk.com\\\/pt\\\/author\\\/admin\\\/#author\"},\"creator\":{\"@id\":\"https:\\\/\\\/www.rucashk.com\\\/pt\\\/author\\\/admin\\\/#author\"},\"image\":{\"@type\":\"ImageObject\",\"url\":\"https:\\\/\\\/www.rucashk.com\\\/wp-content\\\/uploads\\\/2024\\\/01\\\/1.Playstation-5-console.jpg\",\"@id\":\"https:\\\/\\\/www.rucashk.com\\\/pt\\\/produto\\\/playstation-5-console\\\/#mainImage\",\"width\":580,\"height\":580},\"primaryImageOfPage\":{\"@id\":\"https:\\\/\\\/www.rucashk.com\\\/pt\\\/produto\\\/playstation-5-console\\\/#mainImage\"},\"datePublished\":\"2024-01-09T16:15:03+00:00\",\"dateModified\":\"2024-01-16T10:12:40+00:00\"},{\"@type\":\"WebSite\",\"@id\":\"https:\\\/\\\/www.rucashk.com\\\/pt\\\/#website\",\"url\":\"https:\\\/\\\/www.rucashk.com\\\/pt\\\/\",\"name\":\"Rucas - Wholesale and distribution worldwide\",\"alternateName\":\"Rucas - One-stop AIoT Distribution Worldwide\",\"description\":\"One-stop AIoT Distribution Worldwide\",\"inLanguage\":\"pt-PT\",\"publisher\":{\"@id\":\"https:\\\/\\\/www.rucashk.com\\\/pt\\\/#organization\"}}]}\n\t\t<\/script>\n\t\t<!-- All in One SEO Pro -->\r\n\t\t<title>Sony Playstation 5 console - Rucas - Wholesale and Distribution<\/title>\n\n","aioseo_head_json":{"title":"Sony Playstation 5 console - Rucas - Wholesale and Distribution","description":"Feature: Lightning Speed -Integrated I\/O -Ultra-High Speed SSD Stunning Games -Ray Tracing -4K-TV Gaming -Up to 120fps with 120Hz Output Breathtaking Immersion -Tempest 3D AudioTech -Haptic Feedback","canonical_url":"https:\/\/www.rucashk.com\/pt\/produto\/playstation-5-console\/","robots":"max-image-preview:large","keywords":"","webmasterTools":{"miscellaneous":""},"og:locale":"pt_PT","og:site_name":"Rucas - One-stop AIoT Distribution Worldwide","og:type":"article","og:title":"Sony Playstation 5 console - Rucas - Wholesale and Distribution","og:description":"Feature: Lightning Speed -Integrated I\/O -Ultra-High Speed SSD Stunning Games -Ray Tracing -4K-TV Gaming -Up to 120fps with 120Hz Output Breathtaking Immersion -Tempest 3D AudioTech -Haptic Feedback","og:url":"https:\/\/www.rucashk.com\/pt\/produto\/playstation-5-console\/","og:image":"https:\/\/www.rucashk.com\/wp-content\/uploads\/replace\/503b8e645f128a97ccde2b6290747646.jpeg","og:image:secure_url":"https:\/\/www.rucashk.com\/wp-content\/uploads\/replace\/503b8e645f128a97ccde2b6290747646.jpeg","og:image:width":1456,"og:image:height":816,"article:published_time":"2024-01-09T16:15:03+00:00","article:modified_time":"2024-01-16T10:12:40+00:00","twitter:card":"summary_large_image","twitter:title":"Sony Playstation 5 console - Rucas - Wholesale and Distribution","twitter:description":"Feature: Lightning Speed -Integrated I\/O -Ultra-High Speed SSD Stunning Games -Ray Tracing -4K-TV Gaming -Up to 120fps with 120Hz Output Breathtaking Immersion -Tempest 3D AudioTech -Haptic Feedback","twitter:image":"https:\/\/www.rucashk.com\/wp-content\/uploads\/replace\/503b8e645f128a97ccde2b6290747646.jpeg","schema":{"@context":"https:\/\/schema.org","@graph":[{"@type":"BreadcrumbList","@id":"https:\/\/www.rucashk.com\/pt\/produto\/playstation-5-console\/#breadcrumblist","itemListElement":[{"@type":"ListItem","@id":"https:\/\/www.rucashk.com\/pt\/#listItem","position":1,"name":"Home","item":"https:\/\/www.rucashk.com\/pt\/","nextItem":"https:\/\/www.rucashk.com\/pt\/produto\/playstation-5-console\/#listItem"},{"@type":"ListItem","@id":"https:\/\/www.rucashk.com\/pt\/produto\/playstation-5-console\/#listItem","position":2,"name":"Sony Playstation 5 console","previousItem":"https:\/\/www.rucashk.com\/pt\/#listItem"}]},{"@type":"Organization","@id":"https:\/\/www.rucashk.com\/pt\/#organization","name":"Rucas","url":"https:\/\/www.rucashk.com\/pt\/","logo":{"@type":"ImageObject","url":"https:\/\/www.rucashk.com\/wp-content\/uploads\/2023\/12\/Rucas_campany_logo.png","@id":"https:\/\/www.rucashk.com\/pt\/produto\/playstation-5-console\/#organizationLogo","width":221,"height":65},"image":{"@id":"https:\/\/www.rucashk.com\/pt\/#organizationLogo"}},{"@type":"Person","@id":"https:\/\/www.rucashk.com\/pt\/author\/admin\/#author","url":"https:\/\/www.rucashk.com\/pt\/author\/admin\/","name":"admin","image":{"@type":"ImageObject","@id":"https:\/\/www.rucashk.com\/pt\/produto\/playstation-5-console\/#authorImage","url":"https:\/\/secure.gravatar.com\/avatar\/b7c8925b09a27e72b30232f8ecaadbd5af0f70a38c78096863fe51b64f031c24?s=96&d=mm&r=g","width":96,"height":96,"caption":"admin"}},{"@type":"WebPage","@id":"https:\/\/www.rucashk.com\/pt\/produto\/playstation-5-console\/#webpage","url":"https:\/\/www.rucashk.com\/pt\/produto\/playstation-5-console\/","name":"Sony Playstation 5 console - Rucas - Wholesale and Distribution","description":"Feature: Lightning Speed -Integrated I\/O -Ultra-High Speed SSD Stunning Games -Ray Tracing -4K-TV Gaming -Up to 120fps with 120Hz Output Breathtaking Immersion -Tempest 3D AudioTech -Haptic Feedback","inLanguage":"pt-PT","isPartOf":{"@id":"https:\/\/www.rucashk.com\/pt\/#website"},"breadcrumb":{"@id":"https:\/\/www.rucashk.com\/pt\/produto\/playstation-5-console\/#breadcrumblist"},"author":{"@id":"https:\/\/www.rucashk.com\/pt\/author\/admin\/#author"},"creator":{"@id":"https:\/\/www.rucashk.com\/pt\/author\/admin\/#author"},"image":{"@type":"ImageObject","url":"https:\/\/www.rucashk.com\/wp-content\/uploads\/2024\/01\/1.Playstation-5-console.jpg","@id":"https:\/\/www.rucashk.com\/pt\/produto\/playstation-5-console\/#mainImage","width":580,"height":580},"primaryImageOfPage":{"@id":"https:\/\/www.rucashk.com\/pt\/produto\/playstation-5-console\/#mainImage"},"datePublished":"2024-01-09T16:15:03+00:00","dateModified":"2024-01-16T10:12:40+00:00"},{"@type":"WebSite","@id":"https:\/\/www.rucashk.com\/pt\/#website","url":"https:\/\/www.rucashk.com\/pt\/","name":"Rucas - Wholesale and distribution worldwide","alternateName":"Rucas - One-stop AIoT Distribution Worldwide","description":"One-stop AIoT Distribution Worldwide","inLanguage":"pt-PT","publisher":{"@id":"https:\/\/www.rucashk.com\/pt\/#organization"}}]}},"aioseo_meta_data":{"post_id":"25216","title":null,"description":null,"keywords":null,"keyphrases":null,"primary_term":null,"canonical_url":null,"og_title":null,"og_description":null,"og_object_type":"default","og_image_type":"default","og_image_url":null,"og_image_width":null,"og_image_height":null,"og_image_custom_url":null,"og_image_custom_fields":null,"og_video":null,"og_custom_url":null,"og_article_section":null,"og_article_tags":null,"twitter_use_og":false,"twitter_card":"default","twitter_image_type":"default","twitter_image_url":null,"twitter_image_custom_url":null,"twitter_image_custom_fields":null,"twitter_title":null,"twitter_description":null,"schema":{"blockGraphs":[],"customGraphs":[],"default":{"data":{"Article":[],"Course":[],"Dataset":[],"FAQPage":[],"Movie":[],"Person":[],"Product":[],"Recipe":[],"Service":[],"SoftwareApplication":[],"WebPage":[]},"graphName":"","isEnabled":true},"graphs":[]},"schema_type":"default","schema_type_options":null,"pillar_content":false,"robots_default":true,"robots_noindex":false,"robots_noarchive":false,"robots_nosnippet":false,"robots_nofollow":false,"robots_noimageindex":false,"robots_noodp":false,"robots_notranslate":false,"robots_max_snippet":null,"robots_max_videopreview":null,"robots_max_imagepreview":"large","priority":null,"frequency":null,"local_seo":null,"breadcrumb_settings":null,"limit_modified_date":false,"created":"2024-04-11 01:57:18","updated":"2025-06-22 17:50:05"},"aioseo_breadcrumb":"<div class=\"aioseo-breadcrumbs\"><span class=\"aioseo-breadcrumb\">\n\t<a href=\"https:\/\/www.rucashk.com\/pt\" title=\"Home\">Home<\/a>\n<\/span><span class=\"aioseo-breadcrumb-separator\">&raquo;<\/span><span class=\"aioseo-breadcrumb\">\n\t<a href=\"https:\/\/www.rucashk.com\/pt\/products\/\" title=\"Produtos\">Produtos<\/a>\n<\/span><span class=\"aioseo-breadcrumb-separator\">&raquo;<\/span><span class=\"aioseo-breadcrumb\">\n\t<a href=\"https:\/\/www.rucashk.com\/pt\/categoria-produto\/sony-playstation\/\" title=\"Sony PlayStation\">Sony PlayStation<\/a>\n<\/span><span class=\"aioseo-breadcrumb-separator\">&raquo;<\/span><span class=\"aioseo-breadcrumb\">\n\tSony Playstation 5 console\n<\/span><\/div>","aioseo_breadcrumb_json":[{"label":"Home","link":"https:\/\/www.rucashk.com\/pt"},{"label":"Produtos","link":"https:\/\/www.rucashk.com\/pt\/products\/"},{"label":"Sony PlayStation","link":"https:\/\/www.rucashk.com\/pt\/categoria-produto\/sony-playstation\/"},{"label":"Sony Playstation 5 console","link":"https:\/\/www.rucashk.com\/pt\/produto\/playstation-5-console\/"}],"_links":{"self":[{"href":"https:\/\/www.rucashk.com\/pt\/wp-json\/wp\/v2\/product\/25216","targetHints":{"allow":["GET"]}}],"collection":[{"href":"https:\/\/www.rucashk.com\/pt\/wp-json\/wp\/v2\/product"}],"about":[{"href":"https:\/\/www.rucashk.com\/pt\/wp-json\/wp\/v2\/types\/product"}],"wp:featuredmedia":[{"embeddable":true,"href":"https:\/\/www.rucashk.com\/pt\/wp-json\/wp\/v2\/media\/25312"}],"wp:attachment":[{"href":"https:\/\/www.rucashk.com\/pt\/wp-json\/wp\/v2\/media?parent=25216"}],"wp:term":[{"taxonomy":"product_brand","embeddable":true,"href":"https:\/\/www.rucashk.com\/pt\/wp-json\/wp\/v2\/product_brand?post=25216"},{"taxonomy":"product_cat","embeddable":true,"href":"https:\/\/www.rucashk.com\/pt\/wp-json\/wp\/v2\/product_cat?post=25216"},{"taxonomy":"product_tag","embeddable":true,"href":"https:\/\/www.rucashk.com\/pt\/wp-json\/wp\/v2\/product_tag?post=25216"}],"curies":[{"name":"wp","href":"https:\/\/api.w.org\/{rel}","templated":true}]}}