{"id":25215,"date":"2024-01-09T16:15:03","date_gmt":"2024-01-09T16:15:03","guid":{"rendered":"http:\/\/rucashk.com\/?post_type=product&#038;p=25215"},"modified":"2024-03-12T08:22:12","modified_gmt":"2024-03-12T08:22:12","slug":"apple-airtag","status":"publish","type":"product","link":"https:\/\/www.rucashk.com\/pt\/produto\/apple-airtag\/","title":{"rendered":"AirTag da Apple"},"content":{"rendered":"<p><img fetchpriority=\"high\" decoding=\"async\" class=\"alignnone wp-image-26283 aligncenter\" src=\"\/wp-content\/uploads\/replace\/b648787afab646813b5997263c3e9d9c.jpeg\" alt=\"Apple AirTag\" width=\"250\" height=\"215\" \/><\/p>\n<h1 class=\"hero-eyebrow image-logo-airtag\" style=\"text-align: center\"><span class=\"visuallyhidden\">AirTag<\/span><\/h1>\n<p class=\"hero-headline typography-hero-headline\" style=\"text-align: center\">Perca o jeito de perder coisas.<\/p>\n<p><img decoding=\"async\" class=\"wp-image-26270 aligncenter\" src=\"\/wp-content\/uploads\/replace\/2972db3963215e8807c60d20e5f1133b.png\" alt=\"Apple AirTag\" width=\"682\" height=\"396\" \/><\/p>\n<p style=\"text-align: center\">AirTag \u00e9 uma maneira super f\u00e1cil de controlar suas coisas. Anexe um \u00e0s suas chaves e coloque outro na mochila. E assim, eles est\u00e3o no seu radar no aplicativo Find My, onde voc\u00ea tamb\u00e9m pode rastrear seus dispositivos Apple e manter contato com amigos e familiares.<\/p>\n<p><img decoding=\"async\" class=\"alignnone size-full wp-image-26284 aligncenter\" src=\"\/wp-content\/uploads\/replace\/e237199de61d083598a05ec7636d21bc.jpeg\" alt=\"Apple AirTag\" width=\"638\" height=\"638\" \/><\/p>\n<h2 class=\"typography-site-headline headline small-12\" style=\"text-align: center\">Fa\u00e7a um ping. Encontre-o.<\/h2>\n<div class=\"typography-site-body body-copy\">\n<p style=\"text-align: center\">Perder algo como sua carteira n\u00e3o precisa ser um grande problema quando ela tem AirTag anexada. Voc\u00ea pode reproduzir um som no alto-falante integrado acessando a nova guia Itens no aplicativo Find My ou dizendo \u201cEi, Siri, encontre minha carteira\u201d. Se estiver escondido por perto - como debaixo do sof\u00e1 ou no c\u00f4modo ao lado - basta seguir o som e sua busca termina.<\/p>\n<p><img loading=\"lazy\" decoding=\"async\" class=\"alignnone wp-image-26274 aligncenter\" src=\"\/wp-content\/uploads\/replace\/aa852ab7b76f1f85b98986cbccda430a.jpeg\" alt=\"Apple AirTag\" width=\"610\" height=\"782\" \/><\/p>\n<h2 class=\"typography-site-headline headline small-12\" style=\"text-align: center\">Frio. Esquentar.<br \/>\nMais quente. Quente.<\/h2>\n<p class=\"typography-site-body body-copy\" style=\"text-align: center\">Se o seu AirTag estiver pr\u00f3ximo, o seu iPhone pode lev\u00e1-lo diretamente at\u00e9 ele com o Precision Finding.<sup class=\"footnote footnote-number\"><a href=\"https:\/\/www.apple.com\/hk\/en\/airtag\/?afid=p238%7CssyrjYi8Z-dc_mtid_18707vxu38484_pcrid_516191912581_pgrid_122561826698_&amp;cid=aos-hk-kwgo-btb--slid---product--#footnote-1\" aria-label=\"Nota de rodap\u00e9 1\">1<\/a><\/sup>\u00a0Voc\u00ea ver\u00e1 a dist\u00e2ncia at\u00e9 o seu AirTag e a dire\u00e7\u00e3o a seguir - tudo gra\u00e7as \u00e0 tecnologia Ultra Wideband.<\/p>\n<h3 class=\"precision-finding headline typography-site-body headline small-12\" style=\"text-align: center\">Localiza\u00e7\u00e3o de precis\u00e3o compat\u00edvel com:<\/h3>\n<p style=\"text-align: center\">iPhone 11<\/p>\n<p style=\"text-align: center\">iPhone 11 Pro e iPhone 11 Pro M\u00e1x.<\/p>\n<p style=\"text-align: center\">iPhone 12 e iPhone 12 mini<\/p>\n<p style=\"text-align: center\">iPhone 12 Pro e iPhone 12 Pro M\u00e1x.<\/p>\n<p><img loading=\"lazy\" decoding=\"async\" class=\"size-full wp-image-26285 aligncenter\" src=\"\/wp-content\/uploads\/replace\/6acfd5c8e85569d9f03b33bc1021751f.png\" alt=\"Apple AirTag\" width=\"767\" height=\"584\" \/><\/p>\n<h2 class=\"typography-site-subhead headline small-12\" style=\"text-align: center\">Como funciona?<\/h2>\n<div class=\"typography-site-body body-copy\">\n<p style=\"text-align: center\">Seu AirTag envia um sinal Bluetooth seguro que pode ser detectado por dispositivos pr\u00f3ximos na rede Find My. Esses dispositivos enviam a localiza\u00e7\u00e3o do seu AirTag para o iCloud \u2013 ent\u00e3o voc\u00ea pode acessar o aplicativo Find My e v\u00ea-lo em um mapa. Todo o processo \u00e9 an\u00f4nimo e criptografado para proteger sua privacidade. E \u00e9 eficiente, por isso n\u00e3o h\u00e1 necessidade de se preocupar com a dura\u00e7\u00e3o da bateria ou com o uso de dados.<\/p>\n<p><img loading=\"lazy\" decoding=\"async\" class=\"size-full wp-image-26276 aligncenter\" src=\"\/wp-content\/uploads\/replace\/d67efe052269b55dc0d6aa0895d67602.jpeg\" alt=\"Apple AirTag\" width=\"822\" height=\"742\" \/><\/p>\n<h2 class=\"typography-site-subhead headline small-12\" style=\"text-align: center\">O Modo Perdido faz com que voc\u00ea encontre coisas<br \/>\nainda mais f\u00e1cil.<\/h2>\n<p class=\"typography-site-body body-copy\" style=\"text-align: center\">Assim como seus outros dispositivos Apple, o AirTag pode ser colocado no modo perdido. Ent\u00e3o, quando for detectado por um dispositivo na rede, voc\u00ea receber\u00e1 automaticamente uma notifica\u00e7\u00e3o. Voc\u00ea tamb\u00e9m pode configur\u00e1-lo para que algu\u00e9m possa obter suas informa\u00e7\u00f5es de contato tocando em seu AirTag com um smartphone compat\u00edvel com NFC \u2013 essa \u00e9 a mesma tecnologia que permite que as pessoas paguem por coisas com seus telefones.<\/p>\n<p><img loading=\"lazy\" decoding=\"async\" class=\"size-full wp-image-26286 aligncenter\" src=\"\/wp-content\/uploads\/replace\/ad41259b6f1f2e00425d83beb3f17ada.jpeg\" alt=\"Apple AirTag\" width=\"1113\" height=\"764\" \/><\/p>\n<p>&nbsp;<\/p>\n<p><img loading=\"lazy\" decoding=\"async\" class=\"alignnone size-full wp-image-26279\" src=\"\/wp-content\/uploads\/replace\/883206c2182b845034fd783a4445771c.jpeg\" alt=\"Apple AirTag\" width=\"1091\" height=\"209\" \/><\/p>\n<p><img loading=\"lazy\" decoding=\"async\" class=\"size-full wp-image-26281 aligncenter\" src=\"\/wp-content\/uploads\/replace\/6808dd46e75c42200fa648dfb70d6c69.jpeg\" alt=\"Apple AirTag\" width=\"1264\" height=\"654\" \/><\/p>\n<h2 class=\"typography-site-headline large-centered\" style=\"text-align: center\">Mais cor. Mais divers\u00e3o. Mais voc\u00ea.<\/h2>\n<div class=\"accessories-copy typography-site-body large-7 large-centered medium-8 small-12\" style=\"text-align: center\">\n<p>\u00c9 f\u00e1cil anexar AirTag a praticamente qualquer coisa com chaveiros e presilhas coloridas da Apple. AirTag vem individualmente ou em um pacote de 4. Boa marca\u00e7\u00e3o.<\/p>\n<\/div>\n<\/div>\n<\/div>\n<h4 style=\"text-align: center\"><strong>Recurso:<\/strong><\/h4>\n<p style=\"text-align: center\"><span class=\"a-list-item\">-Acompanhe e encontre seus itens junto com amigos e dispositivos no aplicativo Find My<\/span><\/p>\n<p style=\"text-align: center\"><span class=\"a-list-item\">-A configura\u00e7\u00e3o simples com um toque conecta instantaneamente o AirTag ao seu iPhone ou iPad<\/span><\/p>\n<p style=\"text-align: center\"><span class=\"a-list-item\">-Reproduza um som no alto-falante integrado para ajudar a encontrar suas coisas ou pe\u00e7a ajuda \u00e0 Siri<\/span><\/p>\n<p style=\"text-align: center\"><span class=\"a-list-item\">-A localiza\u00e7\u00e3o precisa com tecnologia de banda ultralarga leva voc\u00ea diretamente ao seu AirTag pr\u00f3ximo (em modelos de iPhone selecionados)<\/span><\/p>\n<p style=\"text-align: center\"><span class=\"a-list-item\">-Encontre itens mais distantes com a ajuda de centenas de milh\u00f5es de dispositivos Apple na rede Find My<\/span><\/p>\n<p style=\"text-align: center\"><span class=\"a-list-item\">-Coloque o AirTag no modo perdido para ser notificado automaticamente quando for detectado na rede Find My<\/span><\/p>\n<p style=\"text-align: center\"><span class=\"a-list-item\">-Toda a comunica\u00e7\u00e3o com a rede Find My \u00e9 an\u00f4nima e criptografada para privacidade. Os dados de localiza\u00e7\u00e3o e o hist\u00f3rico nunca s\u00e3o armazenados no AirTag<\/span><\/p>\n<table id=\"productDetails_detailBullets_sections1\" class=\"a-keyvalue prodDetTable\" role=\"presentation\">\n<tbody>\n<tr>\n<th class=\"a-color-secondary a-size-base prodDetSectionEntry\">Dimens\u00f5es do produto<\/th>\n<td class=\"a-size-base prodDetAttrValue\">1,26 x 1,26 x 0,31 polegadas<\/td>\n<\/tr>\n<tr>\n<th class=\"a-color-secondary a-size-base prodDetSectionEntry\">Peso do Item<\/th>\n<td class=\"a-size-base prodDetAttrValue\">0,39 on\u00e7as<\/td>\n<\/tr>\n<tr>\n<th class=\"a-color-secondary a-size-base prodDetSectionEntry\">COMO EM<\/th>\n<td class=\"a-size-base prodDetAttrValue\">B0933BVK6T<\/td>\n<\/tr>\n<tr>\n<th class=\"a-color-secondary a-size-base prodDetSectionEntry\">N\u00famero do modelo do item<\/th>\n<td class=\"a-size-base prodDetAttrValue\">MX532AM\/A<\/td>\n<\/tr>\n<tr>\n<th class=\"a-color-secondary a-size-base prodDetSectionEntry\">Baterias<\/th>\n<td class=\"a-size-base prodDetAttrValue\">S\u00e3o necess\u00e1rias 1 baterias de l\u00edtio met\u00e1lico. (inclu\u00eddo)<\/td>\n<\/tr>\n<\/tbody>\n<\/table>\n<table id=\"productDetails_detailBullets_sections1\" class=\"a-keyvalue prodDetTable\" role=\"presentation\">\n<tbody>\n<tr>\n<th class=\"a-color-secondary a-size-base prodDetSectionEntry\">Classifica\u00e7\u00e3o dos mais vendidos<\/th>\n<td>#13 em Eletr\u00f4nica (<a href=\"https:\/\/www.amazon.com\/gp\/bestsellers\/electronics\/ref=pd_zg_ts_electronics\">Veja os 100 melhores em eletr\u00f4nicos<\/a>)<br \/>\n#1 em\u00a0<a href=\"https:\/\/www.amazon.com\/gp\/bestsellers\/electronics\/18022313011\/ref=pd_zg_hrsr_electronics\">Localizadores de itens<\/a><\/td>\n<\/tr>\n<tr>\n<th class=\"a-color-secondary a-size-base prodDetSectionEntry\">Outros recursos de exibi\u00e7\u00e3o<\/th>\n<td class=\"a-size-base prodDetAttrValue\">Marcas premium de eletr\u00f4nicos de consumo<\/td>\n<\/tr>\n<tr>\n<th class=\"a-color-secondary a-size-base prodDetSectionEntry\">Cor<\/th>\n<td class=\"a-size-base prodDetAttrValue\">Branco<\/td>\n<\/tr>\n<tr>\n<th class=\"a-color-secondary a-size-base prodDetSectionEntry\">Componentes inclu\u00eddos<\/th>\n<td class=\"a-size-base prodDetAttrValue\">AirTag<\/td>\n<\/tr>\n<tr>\n<th class=\"a-color-secondary a-size-base prodDetSectionEntry\">Fabricante<\/th>\n<td class=\"a-size-base prodDetAttrValue\">computador Apple<\/td>\n<\/tr>\n<\/tbody>\n<\/table>","protected":false},"excerpt":{"rendered":"<p>Recurso:<\/p>\n<ul>\n<li>Acompanhe e encontre seus itens junto com amigos e dispositivos no aplicativo Find My<\/li>\n<li>A configura\u00e7\u00e3o simples com um toque conecta instantaneamente o AirTag ao seu iPhone ou iPad<\/li>\n<li>Reproduza um som no alto-falante integrado para ajudar a encontrar suas coisas ou pe\u00e7a ajuda \u00e0 Siri<\/li>\n<li>Localiza\u00e7\u00e3o precisa com tecnologia de banda ultralarga<\/li>\n<li>Encontre itens mais distantes com a ajuda de centenas de milh\u00f5es de dispositivos Apple na rede Find My<\/li>\n<\/ul>","protected":false},"featured_media":25309,"template":"","meta":[],"product_brand":[],"product_cat":[1322],"product_tag":[],"class_list":{"0":"post-25215","1":"product","2":"type-product","3":"status-publish","4":"has-post-thumbnail","6":"product_cat-other-a-brands","8":"first","9":"instock","10":"shipping-taxable","11":"product-type-simple"},"aioseo_notices":[],"aioseo_head":"\n\t\t<!-- All in One SEO Pro 4.5.9.2 - aioseo.com -->\n\t\t<meta name=\"description\" content=\"Feature: Keep track of and find your items alongside friends and devices in the Find My app Simple one-tap setup instantly connects AirTag with your iPhone or iPad Play a sound on the built-in speaker to help find your things, or just ask Siri for help Precision Finding with Ultra-Wideband technology Find items further away with the help of hundreds of millions of Apple devices in the Find My network\" \/>\n\t\t<meta name=\"robots\" content=\"max-image-preview:large\" \/>\n\t\t<link rel=\"canonical\" href=\"https:\/\/www.rucashk.com\/pt\/produto\/apple-airtag\/\" \/>\n\t\t<meta name=\"generator\" content=\"All in One SEO Pro (AIOSEO) 4.5.9.2\" \/>\n\t\t<meta property=\"og:locale\" content=\"pt_PT\" \/>\n\t\t<meta property=\"og:site_name\" content=\"Rucas - One-stop AIoT Distribution Worldwide\" \/>\n\t\t<meta property=\"og:type\" content=\"article\" \/>\n\t\t<meta property=\"og:title\" content=\"Apple AirTag - Rucas - Wholesale and Distribution\" \/>\n\t\t<meta property=\"og:description\" content=\"Feature: Keep track of and find your items alongside friends and devices in the Find My app Simple one-tap setup instantly connects AirTag with your iPhone or iPad Play a sound on the built-in speaker to help find your things, or just ask Siri for help Precision Finding with Ultra-Wideband technology Find items further away with the help of hundreds of millions of Apple devices in the Find My network\" \/>\n\t\t<meta property=\"og:url\" content=\"https:\/\/www.rucashk.com\/pt\/produto\/apple-airtag\/\" \/>\n\t\t<meta property=\"og:image\" content=\"https:\/\/www.rucashk.com\/wp-content\/uploads\/replace\/503b8e645f128a97ccde2b6290747646.jpeg\" \/>\n\t\t<meta property=\"og:image:secure_url\" content=\"https:\/\/www.rucashk.com\/wp-content\/uploads\/replace\/503b8e645f128a97ccde2b6290747646.jpeg\" \/>\n\t\t<meta property=\"og:image:width\" content=\"1456\" \/>\n\t\t<meta property=\"og:image:height\" content=\"816\" \/>\n\t\t<meta property=\"article:published_time\" content=\"2024-01-09T16:15:03+00:00\" \/>\n\t\t<meta property=\"article:modified_time\" content=\"2024-03-12T08:22:12+00:00\" \/>\n\t\t<meta name=\"twitter:card\" content=\"summary_large_image\" \/>\n\t\t<meta name=\"twitter:title\" content=\"Apple AirTag - Rucas - Wholesale and Distribution\" \/>\n\t\t<meta name=\"twitter:description\" content=\"Feature: Keep track of and find your items alongside friends and devices in the Find My app Simple one-tap setup instantly connects AirTag with your iPhone or iPad Play a sound on the built-in speaker to help find your things, or just ask Siri for help Precision Finding with Ultra-Wideband technology Find items further away with the help of hundreds of millions of Apple devices in the Find My network\" \/>\n\t\t<meta name=\"twitter:image\" content=\"https:\/\/www.rucashk.com\/wp-content\/uploads\/replace\/503b8e645f128a97ccde2b6290747646.jpeg\" \/>\n\t\t<script type=\"application\/ld+json\" class=\"aioseo-schema\">\n\t\t\t{\"@context\":\"https:\\\/\\\/schema.org\",\"@graph\":[{\"@type\":\"BreadcrumbList\",\"@id\":\"https:\\\/\\\/www.rucashk.com\\\/pt\\\/produto\\\/apple-airtag\\\/#breadcrumblist\",\"itemListElement\":[{\"@type\":\"ListItem\",\"@id\":\"https:\\\/\\\/www.rucashk.com\\\/pt\\\/#listItem\",\"position\":1,\"name\":\"Home\",\"item\":\"https:\\\/\\\/www.rucashk.com\\\/pt\\\/\",\"nextItem\":\"https:\\\/\\\/www.rucashk.com\\\/pt\\\/produto\\\/apple-airtag\\\/#listItem\"},{\"@type\":\"ListItem\",\"@id\":\"https:\\\/\\\/www.rucashk.com\\\/pt\\\/produto\\\/apple-airtag\\\/#listItem\",\"position\":2,\"name\":\"Apple AirTag\",\"previousItem\":\"https:\\\/\\\/www.rucashk.com\\\/pt\\\/#listItem\"}]},{\"@type\":\"Organization\",\"@id\":\"https:\\\/\\\/www.rucashk.com\\\/pt\\\/#organization\",\"name\":\"Rucas\",\"url\":\"https:\\\/\\\/www.rucashk.com\\\/pt\\\/\",\"logo\":{\"@type\":\"ImageObject\",\"url\":\"https:\\\/\\\/www.rucashk.com\\\/wp-content\\\/uploads\\\/2023\\\/12\\\/Rucas_campany_logo.png\",\"@id\":\"https:\\\/\\\/www.rucashk.com\\\/pt\\\/produto\\\/apple-airtag\\\/#organizationLogo\",\"width\":221,\"height\":65},\"image\":{\"@id\":\"https:\\\/\\\/www.rucashk.com\\\/pt\\\/#organizationLogo\"}},{\"@type\":\"Person\",\"@id\":\"https:\\\/\\\/www.rucashk.com\\\/pt\\\/author\\\/admin\\\/#author\",\"url\":\"https:\\\/\\\/www.rucashk.com\\\/pt\\\/author\\\/admin\\\/\",\"name\":\"admin\",\"image\":{\"@type\":\"ImageObject\",\"@id\":\"https:\\\/\\\/www.rucashk.com\\\/pt\\\/produto\\\/apple-airtag\\\/#authorImage\",\"url\":\"https:\\\/\\\/secure.gravatar.com\\\/avatar\\\/b7c8925b09a27e72b30232f8ecaadbd5af0f70a38c78096863fe51b64f031c24?s=96&d=mm&r=g\",\"width\":96,\"height\":96,\"caption\":\"admin\"}},{\"@type\":\"WebPage\",\"@id\":\"https:\\\/\\\/www.rucashk.com\\\/pt\\\/produto\\\/apple-airtag\\\/#webpage\",\"url\":\"https:\\\/\\\/www.rucashk.com\\\/pt\\\/produto\\\/apple-airtag\\\/\",\"name\":\"Apple AirTag - Rucas - Wholesale and Distribution\",\"description\":\"Feature: Keep track of and find your items alongside friends and devices in the Find My app Simple one-tap setup instantly connects AirTag with your iPhone or iPad Play a sound on the built-in speaker to help find your things, or just ask Siri for help Precision Finding with Ultra-Wideband technology Find items further away with the help of hundreds of millions of Apple devices in the Find My network\",\"inLanguage\":\"pt-PT\",\"isPartOf\":{\"@id\":\"https:\\\/\\\/www.rucashk.com\\\/pt\\\/#website\"},\"breadcrumb\":{\"@id\":\"https:\\\/\\\/www.rucashk.com\\\/pt\\\/produto\\\/apple-airtag\\\/#breadcrumblist\"},\"author\":{\"@id\":\"https:\\\/\\\/www.rucashk.com\\\/pt\\\/author\\\/admin\\\/#author\"},\"creator\":{\"@id\":\"https:\\\/\\\/www.rucashk.com\\\/pt\\\/author\\\/admin\\\/#author\"},\"image\":{\"@type\":\"ImageObject\",\"url\":\"https:\\\/\\\/www.rucashk.com\\\/wp-content\\\/uploads\\\/2024\\\/01\\\/2.Apple-AirTag-1.jpg\",\"@id\":\"https:\\\/\\\/www.rucashk.com\\\/pt\\\/produto\\\/apple-airtag\\\/#mainImage\",\"width\":1236,\"height\":1236},\"primaryImageOfPage\":{\"@id\":\"https:\\\/\\\/www.rucashk.com\\\/pt\\\/produto\\\/apple-airtag\\\/#mainImage\"},\"datePublished\":\"2024-01-09T16:15:03+00:00\",\"dateModified\":\"2024-03-12T08:22:12+00:00\"},{\"@type\":\"WebSite\",\"@id\":\"https:\\\/\\\/www.rucashk.com\\\/pt\\\/#website\",\"url\":\"https:\\\/\\\/www.rucashk.com\\\/pt\\\/\",\"name\":\"Rucas - Wholesale and distribution worldwide\",\"alternateName\":\"Rucas - One-stop AIoT Distribution Worldwide\",\"description\":\"One-stop AIoT Distribution Worldwide\",\"inLanguage\":\"pt-PT\",\"publisher\":{\"@id\":\"https:\\\/\\\/www.rucashk.com\\\/pt\\\/#organization\"}}]}\n\t\t<\/script>\n\t\t<!-- All in One SEO Pro -->\r\n\t\t<title>Apple AirTag - Rucas - Wholesale and Distribution<\/title>\n\n","aioseo_head_json":{"title":"Apple AirTag - Rucas - Wholesale and Distribution","description":"Feature: Keep track of and find your items alongside friends and devices in the Find My app Simple one-tap setup instantly connects AirTag with your iPhone or iPad Play a sound on the built-in speaker to help find your things, or just ask Siri for help Precision Finding with Ultra-Wideband technology Find items further away with the help of hundreds of millions of Apple devices in the Find My network","canonical_url":"https:\/\/www.rucashk.com\/pt\/produto\/apple-airtag\/","robots":"max-image-preview:large","keywords":"","webmasterTools":{"miscellaneous":""},"og:locale":"pt_PT","og:site_name":"Rucas - One-stop AIoT Distribution Worldwide","og:type":"article","og:title":"Apple AirTag - Rucas - Wholesale and Distribution","og:description":"Feature: Keep track of and find your items alongside friends and devices in the Find My app Simple one-tap setup instantly connects AirTag with your iPhone or iPad Play a sound on the built-in speaker to help find your things, or just ask Siri for help Precision Finding with Ultra-Wideband technology Find items further away with the help of hundreds of millions of Apple devices in the Find My network","og:url":"https:\/\/www.rucashk.com\/pt\/produto\/apple-airtag\/","og:image":"https:\/\/www.rucashk.com\/wp-content\/uploads\/replace\/503b8e645f128a97ccde2b6290747646.jpeg","og:image:secure_url":"https:\/\/www.rucashk.com\/wp-content\/uploads\/replace\/503b8e645f128a97ccde2b6290747646.jpeg","og:image:width":1456,"og:image:height":816,"article:published_time":"2024-01-09T16:15:03+00:00","article:modified_time":"2024-03-12T08:22:12+00:00","twitter:card":"summary_large_image","twitter:title":"Apple AirTag - Rucas - Wholesale and Distribution","twitter:description":"Feature: Keep track of and find your items alongside friends and devices in the Find My app Simple one-tap setup instantly connects AirTag with your iPhone or iPad Play a sound on the built-in speaker to help find your things, or just ask Siri for help Precision Finding with Ultra-Wideband technology Find items further away with the help of hundreds of millions of Apple devices in the Find My network","twitter:image":"https:\/\/www.rucashk.com\/wp-content\/uploads\/replace\/503b8e645f128a97ccde2b6290747646.jpeg","schema":{"@context":"https:\/\/schema.org","@graph":[{"@type":"BreadcrumbList","@id":"https:\/\/www.rucashk.com\/pt\/produto\/apple-airtag\/#breadcrumblist","itemListElement":[{"@type":"ListItem","@id":"https:\/\/www.rucashk.com\/pt\/#listItem","position":1,"name":"Home","item":"https:\/\/www.rucashk.com\/pt\/","nextItem":"https:\/\/www.rucashk.com\/pt\/produto\/apple-airtag\/#listItem"},{"@type":"ListItem","@id":"https:\/\/www.rucashk.com\/pt\/produto\/apple-airtag\/#listItem","position":2,"name":"Apple AirTag","previousItem":"https:\/\/www.rucashk.com\/pt\/#listItem"}]},{"@type":"Organization","@id":"https:\/\/www.rucashk.com\/pt\/#organization","name":"Rucas","url":"https:\/\/www.rucashk.com\/pt\/","logo":{"@type":"ImageObject","url":"https:\/\/www.rucashk.com\/wp-content\/uploads\/2023\/12\/Rucas_campany_logo.png","@id":"https:\/\/www.rucashk.com\/pt\/produto\/apple-airtag\/#organizationLogo","width":221,"height":65},"image":{"@id":"https:\/\/www.rucashk.com\/pt\/#organizationLogo"}},{"@type":"Person","@id":"https:\/\/www.rucashk.com\/pt\/author\/admin\/#author","url":"https:\/\/www.rucashk.com\/pt\/author\/admin\/","name":"admin","image":{"@type":"ImageObject","@id":"https:\/\/www.rucashk.com\/pt\/produto\/apple-airtag\/#authorImage","url":"https:\/\/secure.gravatar.com\/avatar\/b7c8925b09a27e72b30232f8ecaadbd5af0f70a38c78096863fe51b64f031c24?s=96&d=mm&r=g","width":96,"height":96,"caption":"admin"}},{"@type":"WebPage","@id":"https:\/\/www.rucashk.com\/pt\/produto\/apple-airtag\/#webpage","url":"https:\/\/www.rucashk.com\/pt\/produto\/apple-airtag\/","name":"Apple AirTag - Rucas - Wholesale and Distribution","description":"Feature: Keep track of and find your items alongside friends and devices in the Find My app Simple one-tap setup instantly connects AirTag with your iPhone or iPad Play a sound on the built-in speaker to help find your things, or just ask Siri for help Precision Finding with Ultra-Wideband technology Find items further away with the help of hundreds of millions of Apple devices in the Find My network","inLanguage":"pt-PT","isPartOf":{"@id":"https:\/\/www.rucashk.com\/pt\/#website"},"breadcrumb":{"@id":"https:\/\/www.rucashk.com\/pt\/produto\/apple-airtag\/#breadcrumblist"},"author":{"@id":"https:\/\/www.rucashk.com\/pt\/author\/admin\/#author"},"creator":{"@id":"https:\/\/www.rucashk.com\/pt\/author\/admin\/#author"},"image":{"@type":"ImageObject","url":"https:\/\/www.rucashk.com\/wp-content\/uploads\/2024\/01\/2.Apple-AirTag-1.jpg","@id":"https:\/\/www.rucashk.com\/pt\/produto\/apple-airtag\/#mainImage","width":1236,"height":1236},"primaryImageOfPage":{"@id":"https:\/\/www.rucashk.com\/pt\/produto\/apple-airtag\/#mainImage"},"datePublished":"2024-01-09T16:15:03+00:00","dateModified":"2024-03-12T08:22:12+00:00"},{"@type":"WebSite","@id":"https:\/\/www.rucashk.com\/pt\/#website","url":"https:\/\/www.rucashk.com\/pt\/","name":"Rucas - Wholesale and distribution worldwide","alternateName":"Rucas - One-stop AIoT Distribution Worldwide","description":"One-stop AIoT Distribution Worldwide","inLanguage":"pt-PT","publisher":{"@id":"https:\/\/www.rucashk.com\/pt\/#organization"}}]}},"aioseo_meta_data":{"post_id":"25215","title":null,"description":null,"keywords":null,"keyphrases":null,"primary_term":null,"canonical_url":null,"og_title":null,"og_description":null,"og_object_type":"default","og_image_type":"default","og_image_url":null,"og_image_width":null,"og_image_height":null,"og_image_custom_url":null,"og_image_custom_fields":null,"og_video":null,"og_custom_url":null,"og_article_section":null,"og_article_tags":null,"twitter_use_og":false,"twitter_card":"default","twitter_image_type":"default","twitter_image_url":null,"twitter_image_custom_url":null,"twitter_image_custom_fields":null,"twitter_title":null,"twitter_description":null,"schema":{"blockGraphs":[],"customGraphs":[],"default":{"data":{"Article":[],"Course":[],"Dataset":[],"FAQPage":[],"Movie":[],"Person":[],"Product":[],"Recipe":[],"Service":[],"SoftwareApplication":[],"WebPage":[]},"graphName":"","isEnabled":true},"graphs":[]},"schema_type":"default","schema_type_options":null,"pillar_content":false,"robots_default":true,"robots_noindex":false,"robots_noarchive":false,"robots_nosnippet":false,"robots_nofollow":false,"robots_noimageindex":false,"robots_noodp":false,"robots_notranslate":false,"robots_max_snippet":null,"robots_max_videopreview":null,"robots_max_imagepreview":"large","priority":null,"frequency":null,"local_seo":null,"breadcrumb_settings":null,"limit_modified_date":false,"created":"2024-04-11 01:57:18","updated":"2025-06-22 17:50:05"},"aioseo_breadcrumb":"<div class=\"aioseo-breadcrumbs\"><span class=\"aioseo-breadcrumb\">\n\t<a href=\"https:\/\/www.rucashk.com\/pt\" title=\"Home\">Home<\/a>\n<\/span><span class=\"aioseo-breadcrumb-separator\">&raquo;<\/span><span class=\"aioseo-breadcrumb\">\n\t<a href=\"https:\/\/www.rucashk.com\/pt\/products\/\" title=\"Produtos\">Produtos<\/a>\n<\/span><span class=\"aioseo-breadcrumb-separator\">&raquo;<\/span><span class=\"aioseo-breadcrumb\">\n\t<a href=\"https:\/\/www.rucashk.com\/pt\/categoria-produto\/other-a-brands\/\" title=\"Other A-Brands\">Other A-Brands<\/a>\n<\/span><span class=\"aioseo-breadcrumb-separator\">&raquo;<\/span><span class=\"aioseo-breadcrumb\">\n\tApple AirTag\n<\/span><\/div>","aioseo_breadcrumb_json":[{"label":"Home","link":"https:\/\/www.rucashk.com\/pt"},{"label":"Produtos","link":"https:\/\/www.rucashk.com\/pt\/products\/"},{"label":"Other A-Brands","link":"https:\/\/www.rucashk.com\/pt\/categoria-produto\/other-a-brands\/"},{"label":"Apple AirTag","link":"https:\/\/www.rucashk.com\/pt\/produto\/apple-airtag\/"}],"_links":{"self":[{"href":"https:\/\/www.rucashk.com\/pt\/wp-json\/wp\/v2\/product\/25215","targetHints":{"allow":["GET"]}}],"collection":[{"href":"https:\/\/www.rucashk.com\/pt\/wp-json\/wp\/v2\/product"}],"about":[{"href":"https:\/\/www.rucashk.com\/pt\/wp-json\/wp\/v2\/types\/product"}],"wp:featuredmedia":[{"embeddable":true,"href":"https:\/\/www.rucashk.com\/pt\/wp-json\/wp\/v2\/media\/25309"}],"wp:attachment":[{"href":"https:\/\/www.rucashk.com\/pt\/wp-json\/wp\/v2\/media?parent=25215"}],"wp:term":[{"taxonomy":"product_brand","embeddable":true,"href":"https:\/\/www.rucashk.com\/pt\/wp-json\/wp\/v2\/product_brand?post=25215"},{"taxonomy":"product_cat","embeddable":true,"href":"https:\/\/www.rucashk.com\/pt\/wp-json\/wp\/v2\/product_cat?post=25215"},{"taxonomy":"product_tag","embeddable":true,"href":"https:\/\/www.rucashk.com\/pt\/wp-json\/wp\/v2\/product_tag?post=25215"}],"curies":[{"name":"wp","href":"https:\/\/api.w.org\/{rel}","templated":true}]}}