{"id":25214,"date":"2024-01-09T16:15:03","date_gmt":"2024-01-09T16:15:03","guid":{"rendered":"http:\/\/rucashk.com\/?post_type=product&#038;p=25214"},"modified":"2024-03-12T08:21:50","modified_gmt":"2024-03-12T08:21:50","slug":"huawei-vr-glass","status":"publish","type":"product","link":"https:\/\/www.rucashk.com\/pt\/produto\/huawei-vr-glass\/","title":{"rendered":"Vidro Huawei VR"},"content":{"rendered":"<p><img decoding=\"async\" alt=\"Huawei VR Glass\" class=\"aligncenter\" src=\"\/wp-content\/uploads\/replace\/2b3747151227e04a5d839c38bf80da55.jpeg\" width=\"100%\" data-pagespeed-url-hash=\"1735326308\" \/><\/p>\n<p>Os Huawei VR Glass s\u00e3o \u00f3culos VR elegantes que voc\u00ea pode conectar ao seu smartphone. Com resolu\u00e7\u00e3o de 3200\u00d71600, o Huawei VR Glass CV10 possui resolu\u00e7\u00e3o maior que seus concorrentes Index, Quest ou Focus Plus. O headset VR IMAX \u00e9 dobr\u00e1vel e vem com uma bolsa de viagem exclusiva.<\/p>\n<p><img decoding=\"async\" alt=\"Huawei VR Glass\" class=\"aligncenter\" src=\"\/wp-content\/uploads\/replace\/edb25607a91b42065a8eaec9aa09e94d.jpeg\" width=\"100%\" data-pagespeed-url-hash=\"2029826229\" \/><\/p>\n<p>Com seu revestimento de nano textura de \u00faltima gera\u00e7\u00e3o, o Huawei VR Glass se parece mais com \u00f3culos cyberpunk do que com \u00f3culos VR comuns. Seu design com estrutura de suporte el\u00e1stico o torna adequado para a maioria dos tipos de rosto. A m\u00e1scara facial interna pode ser facilmente removida e limpa.<\/p>\n<p><img decoding=\"async\" alt=\"Huawei VR Glass\" class=\"aligncenter\" src=\"\/wp-content\/uploads\/replace\/da13442888f3df0939c220b3ab821b39.jpeg\" width=\"100%\" data-pagespeed-url-hash=\"2324326150\" \/><\/p>\n<p>O fone de ouvido Huawei VR se torna a terceira tela, junto com o smartphone e a TV. A realidade virtual (VR) \u00e9 a melhor maneira de explorar o mundo sem limita\u00e7\u00f5es. Mergulhe em um universo alternativo, panor\u00e2mico ou 3D que ganha vida com o fone de ouvido Huawei VR Glasses CV10. O VR Glass precisa ser conectado a um telefone ou computador para fonte de alimenta\u00e7\u00e3o atrav\u00e9s de sua porta USB-C. Gra\u00e7as a uma espessura de apenas 26,6 mm e um peso de apenas 166 gramas, o Huawei VR Glass \u00e9 confort\u00e1vel de usar tamb\u00e9m por per\u00edodos mais longos.<\/p>\n<p><img decoding=\"async\" alt=\"Huawei VR Glass\" class=\"aligncenter\" src=\"\/wp-content\/uploads\/replace\/df053900e5f21e898a166196f53c044f.jpeg\" width=\"100%\" data-pagespeed-url-hash=\"2618826071\" \/><\/p>\n<p>O VR Glass vem com duas telas Fast LCD independentes de 2,1 polegadas com baixa lat\u00eancia. O arn\u00eas apresenta resolu\u00e7\u00e3o 3K com imagens envolventes e um campo de vis\u00e3o (FOV) de 90\u00b0. Para \u00e1udio, o Huawei VR Glass possui alto-falantes integrados e um fone de ouvido de 3,5 mm para fones de ouvido externos.<\/p>\n<p><img decoding=\"async\" alt=\"Huawei VR Glass\" class=\"alignnone\" src=\"\/wp-content\/uploads\/replace\/b1a559a98e9c057cd90a02757d94a2e0.jpeg\" width=\"100%\" data-pagespeed-url-hash=\"2913325992\" \/>\u00a0<img decoding=\"async\" alt=\"Huawei VR Glass\" class=\"aligncenter\" src=\"\/wp-content\/uploads\/replace\/0bdd95704d7e36b26191431461a85389.jpeg\" width=\"100%\" data-pagespeed-url-hash=\"3207825913\" \/>\u00a0<img decoding=\"async\" alt=\"Huawei VR Glass\" class=\"aligncenter\" src=\"\/wp-content\/uploads\/replace\/945a877ba532c8ae90ea01d5706aa962.jpeg\" width=\"100%\" data-pagespeed-url-hash=\"3502325834\" \/>\u00a0<img decoding=\"async\" alt=\"Huawei VR Glass\" class=\"aligncenter\" src=\"\/wp-content\/uploads\/replace\/d32c0daf78c4c92de8efb63ebe77b2dc.jpeg\" width=\"100%\" data-pagespeed-url-hash=\"3796825755\" \/>\u00a0<img decoding=\"async\" alt=\"Huawei VR Glass\" class=\"aligncenter\" src=\"\/wp-content\/uploads\/replace\/ccfa6131045cb3a3238e91fd9bd66f55.jpeg\" width=\"100%\" data-pagespeed-url-hash=\"4091325676\" \/>\u00a0<img decoding=\"async\" alt=\"Huawei VR Glass\" class=\"aligncenter\" src=\"\/wp-content\/uploads\/replace\/c3a60a0176568b1b64d2c81587e224fe.jpeg\" width=\"100%\" data-pagespeed-url-hash=\"1365610374\" \/>\u00a0<img decoding=\"async\" alt=\"Huawei VR Glass\" class=\"aligncenter\" src=\"\/wp-content\/uploads\/replace\/30e2524d097a0c655e6a34d725d0b8f3.jpeg\" width=\"100%\" data-pagespeed-url-hash=\"1660110295\" \/>\u00a0<img decoding=\"async\" alt=\"Huawei VR Glass\" class=\"aligncenter\" src=\"\/wp-content\/uploads\/replace\/e22abbc7c37e69eda469618a53bc76ae.jpeg\" width=\"100%\" data-pagespeed-url-hash=\"1954610216\" \/><\/p>\n<h3><strong>Recurso:<\/strong><\/h3>\n<p>\u2013 Tela LCD r\u00e1pida de 2,1 polegadas (90 Hz)<br \/>\n\u2013 Resolu\u00e7\u00e3o 3K<br \/>\n\u2013 Suporte 3DoF e 6DoF (graus de liberdade)<br \/>\n\u2013 Proje\u00e7\u00e3o de tela m\u00f3vel VR<br \/>\n\u2013 \u00d3culos de realidade virtual (VR) para 3D<br \/>\n\u2013 Efeitos sonoros VR: posicionamento espacial, modelagem de ambiente, som multicanal<br \/>\n- Microfone embutido<br \/>\n\u2013 Incluindo 3 controladores DOF<br \/>\n\u2013 Suporta ajuste de dioptria de 0 a 700 graus<\/p>\n<table class=\"data-table\" border=\"1\" cellspacing=\"1\" cellpadding=\"1\">\n<tbody>\n<tr>\n<td data-spm-anchor-id=\"a2g0o.detail.1000023.i2.26b324a5WHPuil\">&nbsp;<\/p>\n<p><strong><span data-spm-anchor-id=\"a2g0o.detail.1000023.i6.26b324a5WHPuil\">Material<\/span><\/strong><\/td>\n<td>&nbsp;<\/p>\n<p>Pl\u00e1stico<\/td>\n<\/tr>\n<tr>\n<td><strong>Cor<\/strong><\/td>\n<td>Preto<\/td>\n<\/tr>\n<tr>\n<td><strong>Informa\u00e7\u00e3o adicional<\/strong><\/td>\n<td>Modelo: CV10<br \/>\nTela LCD Dupla R\u00c1PIDA;<br \/>\nCor da tela: 16,7 milh\u00f5es de cores;<br \/>\nResolu\u00e7\u00e3o: Resolu\u00e7\u00e3o monocular 1600 x 1600 pixels, resolu\u00e7\u00e3o binocular 3K (3200 x 1600 pixels);<br \/>\nDensidade de pixels da tela PPI: 1058;<br \/>\nTaxa de atualiza\u00e7\u00e3o: 70 Hz (modo m\u00f3vel), 90 Hz (modo computador);<br \/>\nCabo 3DOF com pilhas 2AA (n\u00e3o inclu\u00eddas);<br \/>\nCompat\u00edvel com a s\u00e9rie Huawei Mate 30 (TAS-AL00, TAS-TL00, TAS-AN00, TAS-TN00, LIO-AL00, LIO-TL00, LIO-AN00, LIO-TN00, LIO-AN00P), s\u00e9rie Huawei P30 (ELE- AL00, ELE-TL00, VOG-AL00, VOG-AL10, VOG-TL00), Huawei Mate 20 X 5G (EVR-AN00), Huawei Mate s\u00e9rie 20 (EVR-AL00, EVR-TL00, HMA-AL00, HMA-TL00 , LYA -AL00, LYA-AL10, LYA-TL00, LYA-AL00P), s\u00e9rie Huawei Honor V20 (PCT-AL10, PCT-TL10).<\/td>\n<\/tr>\n<tr>\n<td><strong>Tamanho<\/strong><\/td>\n<td data-spm-anchor-id=\"a2g0o.detail.1000023.i5.26b324a5WHPuil\">51,5 x 26,6 mm<\/td>\n<\/tr>\n<tr>\n<td><strong>Tamanho de exibi\u00e7\u00e3o<br \/>\n<\/strong><\/td>\n<td data-spm-anchor-id=\"a2g0o.detail.1000023.i5.26b324a5WHPuil\">2,1 polegadas<\/td>\n<\/tr>\n<tr>\n<td><strong>Peso<\/strong><\/td>\n<td data-spm-anchor-id=\"a2g0o.detail.1000023.i5.26b324a5WHPuil\">166g<\/td>\n<\/tr>\n<tr>\n<td data-spm-anchor-id=\"a2g0o.detail.1000023.i9.26b324a5WHPuil\"><strong>Na caixa<\/strong><\/td>\n<td data-spm-anchor-id=\"a2g0o.detail.1000023.i2.2afc29f10EECfj\">1x cabo de dados,<br \/>\n1x controle remoto,<br \/>\n1x bolsa de viagem,<br \/>\n1x fone de ouvido vr,<br \/>\n1x Guia de in\u00edcio r\u00e1pido (chin\u00eas),<br \/>\n1x cart\u00e3o de garantia (chin\u00eas)<\/td>\n<\/tr>\n<\/tbody>\n<\/table>\n<div class=\"detailmodule_text\">\n<p class=\"detail-desc-decorate-title\" data-spm-anchor-id=\"a2g0o.detail.1000023.i1.3ed4c468kUi8dv\"><strong>Perceber:<\/strong><\/p>\n<p class=\"detail-desc-decorate-title\" data-spm-anchor-id=\"a2g0o.detail.1000023.i1.3ed4c468kUi8dv\">Os \u00f3culos VR precisam ser usados com telefones celulares ou computadores<\/p>\n<p class=\"detail-desc-decorate-content\">1. Os modelos de telefone suportam apenas as s\u00e9ries Mate 30, s\u00e9rie P30, s\u00e9rie Mate20 (inclui mate 20 X 5G) e s\u00e9rie Honor V20, a vers\u00e3o chinesa dos modelos acima foi adaptada, consulte a p\u00e1gina de detalhes do produto para modelos espec\u00edficos suportados.<\/p>\n<p>2. A vers\u00e3o do telefone deve ser atualizada para emui 10.0 ou magic UI 3.0.0 ou posterior<\/p>\n<p>3.Conecte os \u00f3culos VR ao telefone usando o cabo de dados do telefone VR original (preto), n\u00e3o suporta cabos de dados da gera\u00e7\u00e3o anterior ou outros cabos de terceiros.<\/p>\n<p>4.A interface de instala\u00e7\u00e3o do aplicativo n\u00e3o aparece quando o telefone celular se conecta ao aplicativo VR\uff0cDesinstale e reinstale o \u201cHuawei VR Service\u201d\u3002<\/p>\n<p>5. Requisitos de configura\u00e7\u00e3o do computador 6. O cabo Belkin VR deve ser adquirido separadamente para o computador conectar \u00f3culos VR<\/p>\n<p>&nbsp;<\/p>\n<\/div>\n<div class=\"detailmodule_text\">\n<p class=\"detail-desc-decorate-title\"><strong>Modelo de telefone de suporte:<\/strong><\/p>\n<h6 class=\"detail-desc-decorate-content\"><strong>S\u00e9rie HUAWEI Mate 30 (TAS-AL00, TAS-TL00, TAS-AN00, TAS-TN00, LIO-AL00, LIO-TL00, LIO-AN00, LIO-TN00, LIO-AN00P)<\/strong><br \/>\n<strong>S\u00e9rie HUAWEI P30 \uff08ELE-AL00 \u3001 ELE-TL00 \u3001 VOG-AL00 \u3001 VOG-AL10 \u3001 VOG-TL00\uff09 HUAWEI Mate 20 X 5G \uff08EVR-AN00\uff09<\/strong><br \/>\n<strong>S\u00e9rie HUAWEI Mate 20 (EVR-AL00\u3001EVR-TL00\u3001HMA-AL00\u3001HMA-TL00\u3001LYA-AL00\u3001LYA-AL10\u3001LYA-TL00\u3001LYA-AL00P)<\/strong><\/h6>\n<\/div>\n<div class=\"detailmodule_text\">\n<p class=\"detail-desc-decorate-title\"><strong>Configura\u00e7\u00e3o de suporte do computador:<\/strong><\/p>\n<p class=\"detail-desc-decorate-content\" data-spm-anchor-id=\"a2g0o.detail.1000023.i0.3ed4c468kUi8dv\">CPU: Inter Core\u2122 i5-4590 equivalente ou superior<br \/>\nGPU: NVIDIA GeForce GTX 1060 equivalente ou superior<br \/>\nRAM: 8 GB de RAM ou superior<br \/>\nSa\u00edda de v\u00eddeo: Um DisplayPort1.2 ou superior<br \/>\nPorta USB: Dois USB-A3.0 ou superior<br \/>\nSistema: Windows 10<\/p>\n<\/div>","protected":false},"excerpt":{"rendered":"<h3><strong>Recurso:<\/strong><\/h3>\n<p>\u2013 Tela LCD r\u00e1pida de 2,1 polegadas (90 Hz)<br \/>\n\u2013 Resolu\u00e7\u00e3o 3K<br \/>\n\u2013 Suporte 3DoF e 6DoF (graus de liberdade)<br \/>\n\u2013 Proje\u00e7\u00e3o de tela m\u00f3vel VR<br \/>\n\u2013 \u00d3culos de realidade virtual (VR) para 3D<br \/>\n\u2013 Efeitos sonoros VR: posicionamento espacial, modelagem de ambiente, som multicanal<br \/>\n- Microfone embutido<br \/>\n\u2013 Incluindo 3 controladores DOF<br \/>\n\u2013 Suporta ajuste de dioptria de 0 a 700 graus<\/p>","protected":false},"featured_media":25306,"template":"","meta":[],"product_brand":[],"product_cat":[1345,1322],"product_tag":[],"class_list":{"0":"post-25214","1":"product","2":"type-product","3":"status-publish","4":"has-post-thumbnail","6":"product_cat-huawei-other-a-brands","7":"product_cat-other-a-brands","9":"first","10":"instock","11":"shipping-taxable","12":"product-type-simple"},"aioseo_notices":[],"aioseo_head":"\n\t\t<!-- All in One SEO Pro 4.5.9.2 - aioseo.com -->\n\t\t<meta name=\"description\" content=\"Feature: - 2.1-inch Fast LCD display (90Hz) - 3K resolution - Support 3DoF and 6DoF (degrees of freedom) - VR mobile screen projection - Virtual reality (VR) glasses for 3D - VR sound effects: spatial positioning, environment modeling, multi-channel sound - Built-in microphone - Including 3 DOF controller - Supports 0-700 degrees diopter adjustment\" \/>\n\t\t<meta name=\"robots\" content=\"max-image-preview:large\" \/>\n\t\t<link rel=\"canonical\" href=\"https:\/\/www.rucashk.com\/pt\/produto\/huawei-vr-glass\/\" \/>\n\t\t<meta name=\"generator\" content=\"All in One SEO Pro (AIOSEO) 4.5.9.2\" \/>\n\t\t<meta property=\"og:locale\" content=\"pt_PT\" \/>\n\t\t<meta property=\"og:site_name\" content=\"Rucas - One-stop AIoT Distribution Worldwide\" \/>\n\t\t<meta property=\"og:type\" content=\"article\" \/>\n\t\t<meta property=\"og:title\" content=\"Huawei VR Glass - Rucas - Wholesale and Distribution\" \/>\n\t\t<meta property=\"og:description\" content=\"Feature: - 2.1-inch Fast LCD display (90Hz) - 3K resolution - Support 3DoF and 6DoF (degrees of freedom) - VR mobile screen projection - Virtual reality (VR) glasses for 3D - VR sound effects: spatial positioning, environment modeling, multi-channel sound - Built-in microphone - Including 3 DOF controller - Supports 0-700 degrees diopter adjustment\" \/>\n\t\t<meta property=\"og:url\" content=\"https:\/\/www.rucashk.com\/pt\/produto\/huawei-vr-glass\/\" \/>\n\t\t<meta property=\"og:image\" content=\"https:\/\/www.rucashk.com\/wp-content\/uploads\/replace\/503b8e645f128a97ccde2b6290747646.jpeg\" \/>\n\t\t<meta property=\"og:image:secure_url\" content=\"https:\/\/www.rucashk.com\/wp-content\/uploads\/replace\/503b8e645f128a97ccde2b6290747646.jpeg\" \/>\n\t\t<meta property=\"og:image:width\" content=\"1456\" \/>\n\t\t<meta property=\"og:image:height\" content=\"816\" \/>\n\t\t<meta property=\"article:published_time\" content=\"2024-01-09T16:15:03+00:00\" \/>\n\t\t<meta property=\"article:modified_time\" content=\"2024-03-12T08:21:50+00:00\" \/>\n\t\t<meta name=\"twitter:card\" content=\"summary_large_image\" \/>\n\t\t<meta name=\"twitter:title\" content=\"Huawei VR Glass - Rucas - Wholesale and Distribution\" \/>\n\t\t<meta name=\"twitter:description\" content=\"Feature: - 2.1-inch Fast LCD display (90Hz) - 3K resolution - Support 3DoF and 6DoF (degrees of freedom) - VR mobile screen projection - Virtual reality (VR) glasses for 3D - VR sound effects: spatial positioning, environment modeling, multi-channel sound - Built-in microphone - Including 3 DOF controller - Supports 0-700 degrees diopter adjustment\" \/>\n\t\t<meta name=\"twitter:image\" content=\"https:\/\/www.rucashk.com\/wp-content\/uploads\/replace\/503b8e645f128a97ccde2b6290747646.jpeg\" \/>\n\t\t<script type=\"application\/ld+json\" class=\"aioseo-schema\">\n\t\t\t{\"@context\":\"https:\\\/\\\/schema.org\",\"@graph\":[{\"@type\":\"BreadcrumbList\",\"@id\":\"https:\\\/\\\/www.rucashk.com\\\/pt\\\/produto\\\/huawei-vr-glass\\\/#breadcrumblist\",\"itemListElement\":[{\"@type\":\"ListItem\",\"@id\":\"https:\\\/\\\/www.rucashk.com\\\/pt\\\/#listItem\",\"position\":1,\"name\":\"Home\",\"item\":\"https:\\\/\\\/www.rucashk.com\\\/pt\\\/\",\"nextItem\":\"https:\\\/\\\/www.rucashk.com\\\/pt\\\/produto\\\/huawei-vr-glass\\\/#listItem\"},{\"@type\":\"ListItem\",\"@id\":\"https:\\\/\\\/www.rucashk.com\\\/pt\\\/produto\\\/huawei-vr-glass\\\/#listItem\",\"position\":2,\"name\":\"Huawei VR Glass\",\"previousItem\":\"https:\\\/\\\/www.rucashk.com\\\/pt\\\/#listItem\"}]},{\"@type\":\"Organization\",\"@id\":\"https:\\\/\\\/www.rucashk.com\\\/pt\\\/#organization\",\"name\":\"Rucas\",\"url\":\"https:\\\/\\\/www.rucashk.com\\\/pt\\\/\",\"logo\":{\"@type\":\"ImageObject\",\"url\":\"https:\\\/\\\/www.rucashk.com\\\/wp-content\\\/uploads\\\/2023\\\/12\\\/Rucas_campany_logo.png\",\"@id\":\"https:\\\/\\\/www.rucashk.com\\\/pt\\\/produto\\\/huawei-vr-glass\\\/#organizationLogo\",\"width\":221,\"height\":65},\"image\":{\"@id\":\"https:\\\/\\\/www.rucashk.com\\\/pt\\\/#organizationLogo\"}},{\"@type\":\"Person\",\"@id\":\"https:\\\/\\\/www.rucashk.com\\\/pt\\\/author\\\/admin\\\/#author\",\"url\":\"https:\\\/\\\/www.rucashk.com\\\/pt\\\/author\\\/admin\\\/\",\"name\":\"admin\",\"image\":{\"@type\":\"ImageObject\",\"@id\":\"https:\\\/\\\/www.rucashk.com\\\/pt\\\/produto\\\/huawei-vr-glass\\\/#authorImage\",\"url\":\"https:\\\/\\\/secure.gravatar.com\\\/avatar\\\/b7c8925b09a27e72b30232f8ecaadbd5af0f70a38c78096863fe51b64f031c24?s=96&d=mm&r=g\",\"width\":96,\"height\":96,\"caption\":\"admin\"}},{\"@type\":\"WebPage\",\"@id\":\"https:\\\/\\\/www.rucashk.com\\\/pt\\\/produto\\\/huawei-vr-glass\\\/#webpage\",\"url\":\"https:\\\/\\\/www.rucashk.com\\\/pt\\\/produto\\\/huawei-vr-glass\\\/\",\"name\":\"Huawei VR Glass - Rucas - Wholesale and Distribution\",\"description\":\"Feature: - 2.1-inch Fast LCD display (90Hz) - 3K resolution - Support 3DoF and 6DoF (degrees of freedom) - VR mobile screen projection - Virtual reality (VR) glasses for 3D - VR sound effects: spatial positioning, environment modeling, multi-channel sound - Built-in microphone - Including 3 DOF controller - Supports 0-700 degrees diopter adjustment\",\"inLanguage\":\"pt-PT\",\"isPartOf\":{\"@id\":\"https:\\\/\\\/www.rucashk.com\\\/pt\\\/#website\"},\"breadcrumb\":{\"@id\":\"https:\\\/\\\/www.rucashk.com\\\/pt\\\/produto\\\/huawei-vr-glass\\\/#breadcrumblist\"},\"author\":{\"@id\":\"https:\\\/\\\/www.rucashk.com\\\/pt\\\/author\\\/admin\\\/#author\"},\"creator\":{\"@id\":\"https:\\\/\\\/www.rucashk.com\\\/pt\\\/author\\\/admin\\\/#author\"},\"image\":{\"@type\":\"ImageObject\",\"url\":\"https:\\\/\\\/www.rucashk.com\\\/wp-content\\\/uploads\\\/2024\\\/01\\\/1.huawei_vr_glass-2.jpg\",\"@id\":\"https:\\\/\\\/www.rucashk.com\\\/pt\\\/produto\\\/huawei-vr-glass\\\/#mainImage\",\"width\":800,\"height\":800},\"primaryImageOfPage\":{\"@id\":\"https:\\\/\\\/www.rucashk.com\\\/pt\\\/produto\\\/huawei-vr-glass\\\/#mainImage\"},\"datePublished\":\"2024-01-09T16:15:03+00:00\",\"dateModified\":\"2024-03-12T08:21:50+00:00\"},{\"@type\":\"WebSite\",\"@id\":\"https:\\\/\\\/www.rucashk.com\\\/pt\\\/#website\",\"url\":\"https:\\\/\\\/www.rucashk.com\\\/pt\\\/\",\"name\":\"Rucas - Wholesale and distribution worldwide\",\"alternateName\":\"Rucas - One-stop AIoT Distribution Worldwide\",\"description\":\"One-stop AIoT Distribution Worldwide\",\"inLanguage\":\"pt-PT\",\"publisher\":{\"@id\":\"https:\\\/\\\/www.rucashk.com\\\/pt\\\/#organization\"}}]}\n\t\t<\/script>\n\t\t<!-- All in One SEO Pro -->\r\n\t\t<title>Huawei VR Glass - Rucas - Wholesale and Distribution<\/title>\n\n","aioseo_head_json":{"title":"Huawei VR Glass - Rucas - Wholesale and Distribution","description":"Feature: - 2.1-inch Fast LCD display (90Hz) - 3K resolution - Support 3DoF and 6DoF (degrees of freedom) - VR mobile screen projection - Virtual reality (VR) glasses for 3D - VR sound effects: spatial positioning, environment modeling, multi-channel sound - Built-in microphone - Including 3 DOF controller - Supports 0-700 degrees diopter adjustment","canonical_url":"https:\/\/www.rucashk.com\/pt\/produto\/huawei-vr-glass\/","robots":"max-image-preview:large","keywords":"","webmasterTools":{"miscellaneous":""},"og:locale":"pt_PT","og:site_name":"Rucas - One-stop AIoT Distribution Worldwide","og:type":"article","og:title":"Huawei VR Glass - Rucas - Wholesale and Distribution","og:description":"Feature: - 2.1-inch Fast LCD display (90Hz) - 3K resolution - Support 3DoF and 6DoF (degrees of freedom) - VR mobile screen projection - Virtual reality (VR) glasses for 3D - VR sound effects: spatial positioning, environment modeling, multi-channel sound - Built-in microphone - Including 3 DOF controller - Supports 0-700 degrees diopter adjustment","og:url":"https:\/\/www.rucashk.com\/pt\/produto\/huawei-vr-glass\/","og:image":"https:\/\/www.rucashk.com\/wp-content\/uploads\/replace\/503b8e645f128a97ccde2b6290747646.jpeg","og:image:secure_url":"https:\/\/www.rucashk.com\/wp-content\/uploads\/replace\/503b8e645f128a97ccde2b6290747646.jpeg","og:image:width":1456,"og:image:height":816,"article:published_time":"2024-01-09T16:15:03+00:00","article:modified_time":"2024-03-12T08:21:50+00:00","twitter:card":"summary_large_image","twitter:title":"Huawei VR Glass - Rucas - Wholesale and Distribution","twitter:description":"Feature: - 2.1-inch Fast LCD display (90Hz) - 3K resolution - Support 3DoF and 6DoF (degrees of freedom) - VR mobile screen projection - Virtual reality (VR) glasses for 3D - VR sound effects: spatial positioning, environment modeling, multi-channel sound - Built-in microphone - Including 3 DOF controller - Supports 0-700 degrees diopter adjustment","twitter:image":"https:\/\/www.rucashk.com\/wp-content\/uploads\/replace\/503b8e645f128a97ccde2b6290747646.jpeg","schema":{"@context":"https:\/\/schema.org","@graph":[{"@type":"BreadcrumbList","@id":"https:\/\/www.rucashk.com\/pt\/produto\/huawei-vr-glass\/#breadcrumblist","itemListElement":[{"@type":"ListItem","@id":"https:\/\/www.rucashk.com\/pt\/#listItem","position":1,"name":"Home","item":"https:\/\/www.rucashk.com\/pt\/","nextItem":"https:\/\/www.rucashk.com\/pt\/produto\/huawei-vr-glass\/#listItem"},{"@type":"ListItem","@id":"https:\/\/www.rucashk.com\/pt\/produto\/huawei-vr-glass\/#listItem","position":2,"name":"Huawei VR Glass","previousItem":"https:\/\/www.rucashk.com\/pt\/#listItem"}]},{"@type":"Organization","@id":"https:\/\/www.rucashk.com\/pt\/#organization","name":"Rucas","url":"https:\/\/www.rucashk.com\/pt\/","logo":{"@type":"ImageObject","url":"https:\/\/www.rucashk.com\/wp-content\/uploads\/2023\/12\/Rucas_campany_logo.png","@id":"https:\/\/www.rucashk.com\/pt\/produto\/huawei-vr-glass\/#organizationLogo","width":221,"height":65},"image":{"@id":"https:\/\/www.rucashk.com\/pt\/#organizationLogo"}},{"@type":"Person","@id":"https:\/\/www.rucashk.com\/pt\/author\/admin\/#author","url":"https:\/\/www.rucashk.com\/pt\/author\/admin\/","name":"admin","image":{"@type":"ImageObject","@id":"https:\/\/www.rucashk.com\/pt\/produto\/huawei-vr-glass\/#authorImage","url":"https:\/\/secure.gravatar.com\/avatar\/b7c8925b09a27e72b30232f8ecaadbd5af0f70a38c78096863fe51b64f031c24?s=96&d=mm&r=g","width":96,"height":96,"caption":"admin"}},{"@type":"WebPage","@id":"https:\/\/www.rucashk.com\/pt\/produto\/huawei-vr-glass\/#webpage","url":"https:\/\/www.rucashk.com\/pt\/produto\/huawei-vr-glass\/","name":"Huawei VR Glass - Rucas - Wholesale and Distribution","description":"Feature: - 2.1-inch Fast LCD display (90Hz) - 3K resolution - Support 3DoF and 6DoF (degrees of freedom) - VR mobile screen projection - Virtual reality (VR) glasses for 3D - VR sound effects: spatial positioning, environment modeling, multi-channel sound - Built-in microphone - Including 3 DOF controller - Supports 0-700 degrees diopter adjustment","inLanguage":"pt-PT","isPartOf":{"@id":"https:\/\/www.rucashk.com\/pt\/#website"},"breadcrumb":{"@id":"https:\/\/www.rucashk.com\/pt\/produto\/huawei-vr-glass\/#breadcrumblist"},"author":{"@id":"https:\/\/www.rucashk.com\/pt\/author\/admin\/#author"},"creator":{"@id":"https:\/\/www.rucashk.com\/pt\/author\/admin\/#author"},"image":{"@type":"ImageObject","url":"https:\/\/www.rucashk.com\/wp-content\/uploads\/2024\/01\/1.huawei_vr_glass-2.jpg","@id":"https:\/\/www.rucashk.com\/pt\/produto\/huawei-vr-glass\/#mainImage","width":800,"height":800},"primaryImageOfPage":{"@id":"https:\/\/www.rucashk.com\/pt\/produto\/huawei-vr-glass\/#mainImage"},"datePublished":"2024-01-09T16:15:03+00:00","dateModified":"2024-03-12T08:21:50+00:00"},{"@type":"WebSite","@id":"https:\/\/www.rucashk.com\/pt\/#website","url":"https:\/\/www.rucashk.com\/pt\/","name":"Rucas - Wholesale and distribution worldwide","alternateName":"Rucas - One-stop AIoT Distribution Worldwide","description":"One-stop AIoT Distribution Worldwide","inLanguage":"pt-PT","publisher":{"@id":"https:\/\/www.rucashk.com\/pt\/#organization"}}]}},"aioseo_meta_data":{"post_id":"25214","title":null,"description":null,"keywords":null,"keyphrases":null,"primary_term":null,"canonical_url":null,"og_title":null,"og_description":null,"og_object_type":"default","og_image_type":"default","og_image_url":null,"og_image_width":null,"og_image_height":null,"og_image_custom_url":null,"og_image_custom_fields":null,"og_video":null,"og_custom_url":null,"og_article_section":null,"og_article_tags":null,"twitter_use_og":false,"twitter_card":"default","twitter_image_type":"default","twitter_image_url":null,"twitter_image_custom_url":null,"twitter_image_custom_fields":null,"twitter_title":null,"twitter_description":null,"schema":{"blockGraphs":[],"customGraphs":[],"default":{"data":{"Article":[],"Course":[],"Dataset":[],"FAQPage":[],"Movie":[],"Person":[],"Product":[],"Recipe":[],"Service":[],"SoftwareApplication":[],"WebPage":[]},"graphName":"","isEnabled":true},"graphs":[]},"schema_type":"default","schema_type_options":null,"pillar_content":false,"robots_default":true,"robots_noindex":false,"robots_noarchive":false,"robots_nosnippet":false,"robots_nofollow":false,"robots_noimageindex":false,"robots_noodp":false,"robots_notranslate":false,"robots_max_snippet":null,"robots_max_videopreview":null,"robots_max_imagepreview":"large","priority":null,"frequency":null,"local_seo":null,"breadcrumb_settings":null,"limit_modified_date":false,"created":"2024-04-11 01:57:18","updated":"2025-06-22 17:50:05"},"aioseo_breadcrumb":"<div class=\"aioseo-breadcrumbs\"><span class=\"aioseo-breadcrumb\">\n\t<a href=\"https:\/\/www.rucashk.com\/pt\" title=\"Home\">Home<\/a>\n<\/span><span class=\"aioseo-breadcrumb-separator\">&raquo;<\/span><span class=\"aioseo-breadcrumb\">\n\t<a href=\"https:\/\/www.rucashk.com\/pt\/products\/\" title=\"Produtos\">Produtos<\/a>\n<\/span><span class=\"aioseo-breadcrumb-separator\">&raquo;<\/span><span class=\"aioseo-breadcrumb\">\n\t<a href=\"https:\/\/www.rucashk.com\/pt\/categoria-produto\/other-a-brands\/\" title=\"Other A-Brands\">Other A-Brands<\/a>\n<\/span><span class=\"aioseo-breadcrumb-separator\">&raquo;<\/span><span class=\"aioseo-breadcrumb\">\n\t<a href=\"https:\/\/www.rucashk.com\/pt\/categoria-produto\/other-a-brands\/huawei-other-a-brands\/\" title=\"Huawei\">Huawei<\/a>\n<\/span><span class=\"aioseo-breadcrumb-separator\">&raquo;<\/span><span class=\"aioseo-breadcrumb\">\n\tHuawei VR Glass\n<\/span><\/div>","aioseo_breadcrumb_json":[{"label":"Home","link":"https:\/\/www.rucashk.com\/pt"},{"label":"Produtos","link":"https:\/\/www.rucashk.com\/pt\/products\/"},{"label":"Other A-Brands","link":"https:\/\/www.rucashk.com\/pt\/categoria-produto\/other-a-brands\/"},{"label":"Huawei","link":"https:\/\/www.rucashk.com\/pt\/categoria-produto\/other-a-brands\/huawei-other-a-brands\/"},{"label":"Huawei VR Glass","link":"https:\/\/www.rucashk.com\/pt\/produto\/huawei-vr-glass\/"}],"_links":{"self":[{"href":"https:\/\/www.rucashk.com\/pt\/wp-json\/wp\/v2\/product\/25214","targetHints":{"allow":["GET"]}}],"collection":[{"href":"https:\/\/www.rucashk.com\/pt\/wp-json\/wp\/v2\/product"}],"about":[{"href":"https:\/\/www.rucashk.com\/pt\/wp-json\/wp\/v2\/types\/product"}],"wp:featuredmedia":[{"embeddable":true,"href":"https:\/\/www.rucashk.com\/pt\/wp-json\/wp\/v2\/media\/25306"}],"wp:attachment":[{"href":"https:\/\/www.rucashk.com\/pt\/wp-json\/wp\/v2\/media?parent=25214"}],"wp:term":[{"taxonomy":"product_brand","embeddable":true,"href":"https:\/\/www.rucashk.com\/pt\/wp-json\/wp\/v2\/product_brand?post=25214"},{"taxonomy":"product_cat","embeddable":true,"href":"https:\/\/www.rucashk.com\/pt\/wp-json\/wp\/v2\/product_cat?post=25214"},{"taxonomy":"product_tag","embeddable":true,"href":"https:\/\/www.rucashk.com\/pt\/wp-json\/wp\/v2\/product_tag?post=25214"}],"curies":[{"name":"wp","href":"https:\/\/api.w.org\/{rel}","templated":true}]}}