{"id":25210,"date":"2024-01-09T16:15:03","date_gmt":"2024-01-09T16:15:03","guid":{"rendered":"http:\/\/rucashk.com\/?post_type=product&#038;p=25210"},"modified":"2024-01-23T10:17:59","modified_gmt":"2024-01-23T10:17:59","slug":"oneplus-9-pro","status":"publish","type":"product","link":"https:\/\/www.rucashk.com\/pt\/produto\/oneplus-9-pro\/","title":{"rendered":"OnePlus 9 Pr\u00f3"},"content":{"rendered":"<p><img fetchpriority=\"high\" decoding=\"async\" class=\"alignnone size-full wp-image-26135 aligncenter\" src=\"https:\/\/www.rucashk.com\/wp-content\/uploads\/2021\/05\/OnePlus-9-Pro-20.jpg\" alt=\"\" width=\"1464\" height=\"600\" \/><img decoding=\"async\" class=\"alignnone size-full wp-image-26136 aligncenter\" src=\"https:\/\/www.rucashk.com\/wp-content\/uploads\/2021\/05\/OnePlus-9-Pro-21.jpg\" alt=\"\" width=\"1464\" height=\"600\" \/><img decoding=\"async\" class=\"alignnone size-full wp-image-26137 aligncenter\" src=\"https:\/\/www.rucashk.com\/wp-content\/uploads\/2021\/05\/OnePlus-9-Pro-22.png\" alt=\"\" width=\"1464\" height=\"600\" \/><img loading=\"lazy\" decoding=\"async\" class=\"alignnone size-full wp-image-26138 aligncenter\" src=\"https:\/\/www.rucashk.com\/wp-content\/uploads\/2021\/05\/OnePlus-9-Pro-23.png\" alt=\"\" width=\"1464\" height=\"600\" \/><img loading=\"lazy\" decoding=\"async\" class=\"alignnone size-full wp-image-26139 aligncenter\" src=\"https:\/\/www.rucashk.com\/wp-content\/uploads\/2021\/05\/OnePlus-9-Pro-24.png\" alt=\"\" width=\"1464\" height=\"600\" \/><img loading=\"lazy\" decoding=\"async\" class=\"alignnone size-full wp-image-26140 aligncenter\" src=\"https:\/\/www.rucashk.com\/wp-content\/uploads\/2021\/05\/OnePlus-9-Pro-25.png\" alt=\"\" width=\"1464\" height=\"600\" \/><img loading=\"lazy\" decoding=\"async\" class=\"alignnone size-full wp-image-26141 aligncenter\" src=\"https:\/\/www.rucashk.com\/wp-content\/uploads\/2021\/05\/OnePlus-9-Pro-26.png\" alt=\"\" width=\"1464\" height=\"600\" \/><img loading=\"lazy\" decoding=\"async\" class=\"alignnone size-full wp-image-26142 aligncenter\" src=\"https:\/\/www.rucashk.com\/wp-content\/uploads\/2021\/05\/OnePlus-9-Pro-27.png\" alt=\"\" width=\"1464\" height=\"600\" \/><\/p>\n<h5 id=\"title\" class=\"a-size-large a-spacing-none\"><span id=\"productTitle\" class=\"a-size-large product-title-word-break\">OnePlus 9 Pro, smartphone Android 5G desbloqueado, 12 GB de RAM + 256 GB de armazenamento, tela fluida de 120 Hz, c\u00e2mera Hasselblad Quad, carga ultrarr\u00e1pida de 65 W, carga sem fio de 50 W,<\/span><\/h5>\n<p><strong>Recurso:<\/strong><\/p>\n<p>Smartphone Android desbloqueado 5G<\/p>\n<p>12 GB de RAM + 256 GB de armazenamento<\/p>\n<p>Visor fluido de 120 Hz<\/p>\n<p>C\u00e2mera qu\u00e1drupla Hasselblad<\/p>\n<p>Flash LED duplo<\/p>\n<p>Carga ultrarr\u00e1pida de 65 W<\/p>\n<p><strong>Especifica\u00e7\u00e3o:<\/strong><\/p>\n<p>Dimens\u00f5es do produto: 6,43 x 2,9 x 0,34 polegadas<\/p>\n<p>Peso do item: 6,8 on\u00e7as<\/p>\n<p><span class=\"a-list-item\">Plataforma: Android 11, OxygenOS 11.3., Qualcomm SM8350 Snapdragon 888 5G, Octa-core, Adreno 660<\/span><\/p>\n<p><span class=\"a-list-item\">C\u00e2mera: 48MP + 8MP + 50MP + 2MP; Calibra\u00e7\u00e3o de cores Hasselblad, flash LED duplo, HDR, panorama<\/span><\/p>\n<p><span class=\"a-list-item\">Bateria: Li-Po 4500 mAh, n\u00e3o remov\u00edvel<\/span><\/p>\n<p><span class=\"a-list-item\">Tela: Fluid AMOLED de 6,55\u201d, 120 Hz, HDR10+, Corning Gorilla Glass 5, tela sempre ligada<\/span><\/p>\n<p>Fabricante: OnePlus<\/p>","protected":false},"excerpt":{"rendered":"<p><strong>Recurso:<\/strong><\/p>\n<p>Smartphone Android desbloqueado 5G<\/p>\n<p>12 GB de RAM + 256 GB de armazenamento<\/p>\n<p>Visor fluido de 120 Hz<\/p>\n<p>C\u00e2mera qu\u00e1drupla Hasselblad<\/p>\n<p>Carga ultrarr\u00e1pida de 65 W<\/p>","protected":false},"featured_media":25293,"template":"","meta":[],"product_brand":[],"product_cat":[1295,1304],"product_tag":[],"class_list":{"0":"post-25210","1":"product","2":"type-product","3":"status-publish","4":"has-post-thumbnail","6":"product_cat-mobile-phone","7":"product_cat-oneplus-mobile-phone","9":"first","10":"instock","11":"shipping-taxable","12":"product-type-simple"},"aioseo_notices":[],"aioseo_head":"\n\t\t<!-- All in One SEO Pro 4.5.9.2 - aioseo.com -->\n\t\t<meta name=\"description\" content=\"Feature: 5G Unlocked Android Smartphone 12GB RAM+256GB Storage 120Hz Fluid Display Hasselblad Quad Camera 65W Ultra Fast Charge\" \/>\n\t\t<meta name=\"robots\" content=\"max-image-preview:large\" \/>\n\t\t<link rel=\"canonical\" href=\"https:\/\/www.rucashk.com\/pt\/produto\/oneplus-9-pro\/\" \/>\n\t\t<meta name=\"generator\" content=\"All in One SEO Pro (AIOSEO) 4.5.9.2\" \/>\n\t\t<meta property=\"og:locale\" content=\"pt_PT\" \/>\n\t\t<meta property=\"og:site_name\" content=\"Rucas - One-stop AIoT Distribution Worldwide\" \/>\n\t\t<meta property=\"og:type\" content=\"article\" \/>\n\t\t<meta property=\"og:title\" content=\"OnePlus 9 Pro - Rucas - Wholesale and Distribution\" \/>\n\t\t<meta property=\"og:description\" content=\"Feature: 5G Unlocked Android Smartphone 12GB RAM+256GB Storage 120Hz Fluid Display Hasselblad Quad Camera 65W Ultra Fast Charge\" \/>\n\t\t<meta property=\"og:url\" content=\"https:\/\/www.rucashk.com\/pt\/produto\/oneplus-9-pro\/\" \/>\n\t\t<meta property=\"og:image\" content=\"https:\/\/www.rucashk.com\/wp-content\/uploads\/replace\/503b8e645f128a97ccde2b6290747646.jpeg\" \/>\n\t\t<meta property=\"og:image:secure_url\" content=\"https:\/\/www.rucashk.com\/wp-content\/uploads\/replace\/503b8e645f128a97ccde2b6290747646.jpeg\" \/>\n\t\t<meta property=\"og:image:width\" content=\"1456\" \/>\n\t\t<meta property=\"og:image:height\" content=\"816\" \/>\n\t\t<meta property=\"article:published_time\" content=\"2024-01-09T16:15:03+00:00\" \/>\n\t\t<meta property=\"article:modified_time\" content=\"2024-01-23T10:17:59+00:00\" \/>\n\t\t<meta name=\"twitter:card\" content=\"summary_large_image\" \/>\n\t\t<meta name=\"twitter:title\" content=\"OnePlus 9 Pro - Rucas - Wholesale and Distribution\" \/>\n\t\t<meta name=\"twitter:description\" content=\"Feature: 5G Unlocked Android Smartphone 12GB RAM+256GB Storage 120Hz Fluid Display Hasselblad Quad Camera 65W Ultra Fast Charge\" \/>\n\t\t<meta name=\"twitter:image\" content=\"https:\/\/www.rucashk.com\/wp-content\/uploads\/replace\/503b8e645f128a97ccde2b6290747646.jpeg\" \/>\n\t\t<script type=\"application\/ld+json\" class=\"aioseo-schema\">\n\t\t\t{\"@context\":\"https:\\\/\\\/schema.org\",\"@graph\":[{\"@type\":\"BreadcrumbList\",\"@id\":\"https:\\\/\\\/www.rucashk.com\\\/pt\\\/produto\\\/oneplus-9-pro\\\/#breadcrumblist\",\"itemListElement\":[{\"@type\":\"ListItem\",\"@id\":\"https:\\\/\\\/www.rucashk.com\\\/pt\\\/#listItem\",\"position\":1,\"name\":\"Home\",\"item\":\"https:\\\/\\\/www.rucashk.com\\\/pt\\\/\",\"nextItem\":\"https:\\\/\\\/www.rucashk.com\\\/pt\\\/produto\\\/oneplus-9-pro\\\/#listItem\"},{\"@type\":\"ListItem\",\"@id\":\"https:\\\/\\\/www.rucashk.com\\\/pt\\\/produto\\\/oneplus-9-pro\\\/#listItem\",\"position\":2,\"name\":\"OnePlus 9 Pro\",\"previousItem\":\"https:\\\/\\\/www.rucashk.com\\\/pt\\\/#listItem\"}]},{\"@type\":\"Organization\",\"@id\":\"https:\\\/\\\/www.rucashk.com\\\/pt\\\/#organization\",\"name\":\"Rucas\",\"url\":\"https:\\\/\\\/www.rucashk.com\\\/pt\\\/\",\"logo\":{\"@type\":\"ImageObject\",\"url\":\"https:\\\/\\\/www.rucashk.com\\\/wp-content\\\/uploads\\\/2023\\\/12\\\/Rucas_campany_logo.png\",\"@id\":\"https:\\\/\\\/www.rucashk.com\\\/pt\\\/produto\\\/oneplus-9-pro\\\/#organizationLogo\",\"width\":221,\"height\":65},\"image\":{\"@id\":\"https:\\\/\\\/www.rucashk.com\\\/pt\\\/#organizationLogo\"}},{\"@type\":\"Person\",\"@id\":\"https:\\\/\\\/www.rucashk.com\\\/pt\\\/author\\\/admin\\\/#author\",\"url\":\"https:\\\/\\\/www.rucashk.com\\\/pt\\\/author\\\/admin\\\/\",\"name\":\"admin\",\"image\":{\"@type\":\"ImageObject\",\"@id\":\"https:\\\/\\\/www.rucashk.com\\\/pt\\\/produto\\\/oneplus-9-pro\\\/#authorImage\",\"url\":\"https:\\\/\\\/secure.gravatar.com\\\/avatar\\\/b7c8925b09a27e72b30232f8ecaadbd5af0f70a38c78096863fe51b64f031c24?s=96&d=mm&r=g\",\"width\":96,\"height\":96,\"caption\":\"admin\"}},{\"@type\":\"WebPage\",\"@id\":\"https:\\\/\\\/www.rucashk.com\\\/pt\\\/produto\\\/oneplus-9-pro\\\/#webpage\",\"url\":\"https:\\\/\\\/www.rucashk.com\\\/pt\\\/produto\\\/oneplus-9-pro\\\/\",\"name\":\"OnePlus 9 Pro - Rucas - Wholesale and Distribution\",\"description\":\"Feature: 5G Unlocked Android Smartphone 12GB RAM+256GB Storage 120Hz Fluid Display Hasselblad Quad Camera 65W Ultra Fast Charge\",\"inLanguage\":\"pt-PT\",\"isPartOf\":{\"@id\":\"https:\\\/\\\/www.rucashk.com\\\/pt\\\/#website\"},\"breadcrumb\":{\"@id\":\"https:\\\/\\\/www.rucashk.com\\\/pt\\\/produto\\\/oneplus-9-pro\\\/#breadcrumblist\"},\"author\":{\"@id\":\"https:\\\/\\\/www.rucashk.com\\\/pt\\\/author\\\/admin\\\/#author\"},\"creator\":{\"@id\":\"https:\\\/\\\/www.rucashk.com\\\/pt\\\/author\\\/admin\\\/#author\"},\"image\":{\"@type\":\"ImageObject\",\"url\":\"https:\\\/\\\/www.rucashk.com\\\/wp-content\\\/uploads\\\/2024\\\/01\\\/Oneplus-9-pro.jpg\",\"@id\":\"https:\\\/\\\/www.rucashk.com\\\/pt\\\/produto\\\/oneplus-9-pro\\\/#mainImage\",\"width\":800,\"height\":800},\"primaryImageOfPage\":{\"@id\":\"https:\\\/\\\/www.rucashk.com\\\/pt\\\/produto\\\/oneplus-9-pro\\\/#mainImage\"},\"datePublished\":\"2024-01-09T16:15:03+00:00\",\"dateModified\":\"2024-01-23T10:17:59+00:00\"},{\"@type\":\"WebSite\",\"@id\":\"https:\\\/\\\/www.rucashk.com\\\/pt\\\/#website\",\"url\":\"https:\\\/\\\/www.rucashk.com\\\/pt\\\/\",\"name\":\"Rucas - Wholesale and distribution worldwide\",\"alternateName\":\"Rucas - One-stop AIoT Distribution Worldwide\",\"description\":\"One-stop AIoT Distribution Worldwide\",\"inLanguage\":\"pt-PT\",\"publisher\":{\"@id\":\"https:\\\/\\\/www.rucashk.com\\\/pt\\\/#organization\"}}]}\n\t\t<\/script>\n\t\t<!-- All in One SEO Pro -->\r\n\t\t<title>OnePlus 9 Pro - Rucas - Wholesale and Distribution<\/title>\n\n","aioseo_head_json":{"title":"OnePlus 9 Pro - Rucas - Wholesale and Distribution","description":"Feature: 5G Unlocked Android Smartphone 12GB RAM+256GB Storage 120Hz Fluid Display Hasselblad Quad Camera 65W Ultra Fast Charge","canonical_url":"https:\/\/www.rucashk.com\/pt\/produto\/oneplus-9-pro\/","robots":"max-image-preview:large","keywords":"","webmasterTools":{"miscellaneous":""},"og:locale":"pt_PT","og:site_name":"Rucas - One-stop AIoT Distribution Worldwide","og:type":"article","og:title":"OnePlus 9 Pro - Rucas - Wholesale and Distribution","og:description":"Feature: 5G Unlocked Android Smartphone 12GB RAM+256GB Storage 120Hz Fluid Display Hasselblad Quad Camera 65W Ultra Fast Charge","og:url":"https:\/\/www.rucashk.com\/pt\/produto\/oneplus-9-pro\/","og:image":"https:\/\/www.rucashk.com\/wp-content\/uploads\/replace\/503b8e645f128a97ccde2b6290747646.jpeg","og:image:secure_url":"https:\/\/www.rucashk.com\/wp-content\/uploads\/replace\/503b8e645f128a97ccde2b6290747646.jpeg","og:image:width":1456,"og:image:height":816,"article:published_time":"2024-01-09T16:15:03+00:00","article:modified_time":"2024-01-23T10:17:59+00:00","twitter:card":"summary_large_image","twitter:title":"OnePlus 9 Pro - Rucas - Wholesale and Distribution","twitter:description":"Feature: 5G Unlocked Android Smartphone 12GB RAM+256GB Storage 120Hz Fluid Display Hasselblad Quad Camera 65W Ultra Fast Charge","twitter:image":"https:\/\/www.rucashk.com\/wp-content\/uploads\/replace\/503b8e645f128a97ccde2b6290747646.jpeg","schema":{"@context":"https:\/\/schema.org","@graph":[{"@type":"BreadcrumbList","@id":"https:\/\/www.rucashk.com\/pt\/produto\/oneplus-9-pro\/#breadcrumblist","itemListElement":[{"@type":"ListItem","@id":"https:\/\/www.rucashk.com\/pt\/#listItem","position":1,"name":"Home","item":"https:\/\/www.rucashk.com\/pt\/","nextItem":"https:\/\/www.rucashk.com\/pt\/produto\/oneplus-9-pro\/#listItem"},{"@type":"ListItem","@id":"https:\/\/www.rucashk.com\/pt\/produto\/oneplus-9-pro\/#listItem","position":2,"name":"OnePlus 9 Pro","previousItem":"https:\/\/www.rucashk.com\/pt\/#listItem"}]},{"@type":"Organization","@id":"https:\/\/www.rucashk.com\/pt\/#organization","name":"Rucas","url":"https:\/\/www.rucashk.com\/pt\/","logo":{"@type":"ImageObject","url":"https:\/\/www.rucashk.com\/wp-content\/uploads\/2023\/12\/Rucas_campany_logo.png","@id":"https:\/\/www.rucashk.com\/pt\/produto\/oneplus-9-pro\/#organizationLogo","width":221,"height":65},"image":{"@id":"https:\/\/www.rucashk.com\/pt\/#organizationLogo"}},{"@type":"Person","@id":"https:\/\/www.rucashk.com\/pt\/author\/admin\/#author","url":"https:\/\/www.rucashk.com\/pt\/author\/admin\/","name":"admin","image":{"@type":"ImageObject","@id":"https:\/\/www.rucashk.com\/pt\/produto\/oneplus-9-pro\/#authorImage","url":"https:\/\/secure.gravatar.com\/avatar\/b7c8925b09a27e72b30232f8ecaadbd5af0f70a38c78096863fe51b64f031c24?s=96&d=mm&r=g","width":96,"height":96,"caption":"admin"}},{"@type":"WebPage","@id":"https:\/\/www.rucashk.com\/pt\/produto\/oneplus-9-pro\/#webpage","url":"https:\/\/www.rucashk.com\/pt\/produto\/oneplus-9-pro\/","name":"OnePlus 9 Pro - Rucas - Wholesale and Distribution","description":"Feature: 5G Unlocked Android Smartphone 12GB RAM+256GB Storage 120Hz Fluid Display Hasselblad Quad Camera 65W Ultra Fast Charge","inLanguage":"pt-PT","isPartOf":{"@id":"https:\/\/www.rucashk.com\/pt\/#website"},"breadcrumb":{"@id":"https:\/\/www.rucashk.com\/pt\/produto\/oneplus-9-pro\/#breadcrumblist"},"author":{"@id":"https:\/\/www.rucashk.com\/pt\/author\/admin\/#author"},"creator":{"@id":"https:\/\/www.rucashk.com\/pt\/author\/admin\/#author"},"image":{"@type":"ImageObject","url":"https:\/\/www.rucashk.com\/wp-content\/uploads\/2024\/01\/Oneplus-9-pro.jpg","@id":"https:\/\/www.rucashk.com\/pt\/produto\/oneplus-9-pro\/#mainImage","width":800,"height":800},"primaryImageOfPage":{"@id":"https:\/\/www.rucashk.com\/pt\/produto\/oneplus-9-pro\/#mainImage"},"datePublished":"2024-01-09T16:15:03+00:00","dateModified":"2024-01-23T10:17:59+00:00"},{"@type":"WebSite","@id":"https:\/\/www.rucashk.com\/pt\/#website","url":"https:\/\/www.rucashk.com\/pt\/","name":"Rucas - Wholesale and distribution worldwide","alternateName":"Rucas - One-stop AIoT Distribution Worldwide","description":"One-stop AIoT Distribution Worldwide","inLanguage":"pt-PT","publisher":{"@id":"https:\/\/www.rucashk.com\/pt\/#organization"}}]}},"aioseo_meta_data":{"post_id":"25210","title":null,"description":null,"keywords":null,"keyphrases":null,"primary_term":null,"canonical_url":null,"og_title":null,"og_description":null,"og_object_type":"default","og_image_type":"default","og_image_url":null,"og_image_width":null,"og_image_height":null,"og_image_custom_url":null,"og_image_custom_fields":null,"og_video":null,"og_custom_url":null,"og_article_section":null,"og_article_tags":null,"twitter_use_og":false,"twitter_card":"default","twitter_image_type":"default","twitter_image_url":null,"twitter_image_custom_url":null,"twitter_image_custom_fields":null,"twitter_title":null,"twitter_description":null,"schema":{"blockGraphs":[],"customGraphs":[],"default":{"data":{"Article":[],"Course":[],"Dataset":[],"FAQPage":[],"Movie":[],"Person":[],"Product":[],"Recipe":[],"Service":[],"SoftwareApplication":[],"WebPage":[]},"graphName":"","isEnabled":true},"graphs":[]},"schema_type":"default","schema_type_options":null,"pillar_content":false,"robots_default":true,"robots_noindex":false,"robots_noarchive":false,"robots_nosnippet":false,"robots_nofollow":false,"robots_noimageindex":false,"robots_noodp":false,"robots_notranslate":false,"robots_max_snippet":null,"robots_max_videopreview":null,"robots_max_imagepreview":"large","priority":null,"frequency":null,"local_seo":null,"breadcrumb_settings":null,"limit_modified_date":false,"created":"2024-04-11 01:57:18","updated":"2025-06-22 17:49:12"},"aioseo_breadcrumb":"<div class=\"aioseo-breadcrumbs\"><span class=\"aioseo-breadcrumb\">\n\t<a href=\"https:\/\/www.rucashk.com\/pt\" title=\"Home\">Home<\/a>\n<\/span><span class=\"aioseo-breadcrumb-separator\">&raquo;<\/span><span class=\"aioseo-breadcrumb\">\n\t<a href=\"https:\/\/www.rucashk.com\/pt\/products\/\" title=\"Produtos\">Produtos<\/a>\n<\/span><span class=\"aioseo-breadcrumb-separator\">&raquo;<\/span><span class=\"aioseo-breadcrumb\">\n\t<a href=\"https:\/\/www.rucashk.com\/pt\/categoria-produto\/mobile-phone\/\" title=\"Mobile Phone\">Mobile Phone<\/a>\n<\/span><span class=\"aioseo-breadcrumb-separator\">&raquo;<\/span><span class=\"aioseo-breadcrumb\">\n\t<a href=\"https:\/\/www.rucashk.com\/pt\/categoria-produto\/mobile-phone\/oneplus-mobile-phone\/\" title=\"Oneplus\">Oneplus<\/a>\n<\/span><span class=\"aioseo-breadcrumb-separator\">&raquo;<\/span><span class=\"aioseo-breadcrumb\">\n\tOnePlus 9 Pro\n<\/span><\/div>","aioseo_breadcrumb_json":[{"label":"Home","link":"https:\/\/www.rucashk.com\/pt"},{"label":"Produtos","link":"https:\/\/www.rucashk.com\/pt\/products\/"},{"label":"Mobile Phone","link":"https:\/\/www.rucashk.com\/pt\/categoria-produto\/mobile-phone\/"},{"label":"Oneplus","link":"https:\/\/www.rucashk.com\/pt\/categoria-produto\/mobile-phone\/oneplus-mobile-phone\/"},{"label":"OnePlus 9 Pro","link":"https:\/\/www.rucashk.com\/pt\/produto\/oneplus-9-pro\/"}],"_links":{"self":[{"href":"https:\/\/www.rucashk.com\/pt\/wp-json\/wp\/v2\/product\/25210","targetHints":{"allow":["GET"]}}],"collection":[{"href":"https:\/\/www.rucashk.com\/pt\/wp-json\/wp\/v2\/product"}],"about":[{"href":"https:\/\/www.rucashk.com\/pt\/wp-json\/wp\/v2\/types\/product"}],"wp:featuredmedia":[{"embeddable":true,"href":"https:\/\/www.rucashk.com\/pt\/wp-json\/wp\/v2\/media\/25293"}],"wp:attachment":[{"href":"https:\/\/www.rucashk.com\/pt\/wp-json\/wp\/v2\/media?parent=25210"}],"wp:term":[{"taxonomy":"product_brand","embeddable":true,"href":"https:\/\/www.rucashk.com\/pt\/wp-json\/wp\/v2\/product_brand?post=25210"},{"taxonomy":"product_cat","embeddable":true,"href":"https:\/\/www.rucashk.com\/pt\/wp-json\/wp\/v2\/product_cat?post=25210"},{"taxonomy":"product_tag","embeddable":true,"href":"https:\/\/www.rucashk.com\/pt\/wp-json\/wp\/v2\/product_tag?post=25210"}],"curies":[{"name":"wp","href":"https:\/\/api.w.org\/{rel}","templated":true}]}}