{"id":25208,"date":"2024-01-09T16:15:02","date_gmt":"2024-01-09T16:15:02","guid":{"rendered":"http:\/\/rucashk.com\/?post_type=product&#038;p=25208"},"modified":"2024-03-12T08:23:20","modified_gmt":"2024-03-12T08:23:20","slug":"honor-band-6","status":"publish","type":"product","link":"https:\/\/www.rucashk.com\/pt\/produto\/honor-band-6\/","title":{"rendered":"Banda de Honra Huawei 6"},"content":{"rendered":"<p align=\"center\"><strong><span data-spm-anchor-id=\"a2g0o.detail.1000023.i0.6b842520n0xYfM\">Banda de Honra 6<\/span><\/strong><\/p>\n<p><img decoding=\"async\" alt=\"Huawei Honor Band 6\" src=\"\/wp-content\/uploads\/replace\/de95253ef379c557e86e703b17087d40.jpeg\" \/><\/p>\n<p align=\"center\">6 recursos que tornam seu dia a dia mais saud\u00e1vel<\/p>\n<p align=\"center\">Tela AMOLED grande de 1,47\u2033<\/p>\n<p align=\"center\">Diga N\u00c3O \u00e0 ansiedade por bateria fraca<\/p>\n<p align=\"center\">Monitor de n\u00edvel de oxig\u00eanio no sangue<\/p>\n<p align=\"center\">Monitor inteligente de frequ\u00eancia card\u00edaca 24 horas<\/p>\n<p align=\"center\">10 modos de treino profissional<\/p>\n<p align=\"center\">Personaliza\u00e7\u00e3o do mostrador do rel\u00f3gio para se adequar ao seu humor<\/p>\n<p align=\"center\"><img decoding=\"async\" alt=\"Huawei Honor Band 6\" src=\"\/wp-content\/uploads\/replace\/c6ca5ff1d830e940e6391ba95e011d5e.jpeg\" \/>Redefina o Fitness Tracker com uma tela grande<\/p>\n<p align=\"center\">Design de tela<\/p>\n<p align=\"center\">Tela grande com engastes estreitos<\/p>\n<p align=\"center\">Usando Experi\u00eancia<\/p>\n<p align=\"center\">Tela grande para f\u00e1cil opera\u00e7\u00e3o<\/p>\n<p><img decoding=\"async\" alt=\"Huawei Honor Band 6\" src=\"\/wp-content\/uploads\/replace\/1d25cf6e73d8f8b4b42baddebdca3dc8.jpeg\" \/><\/p>\n<p align=\"center\">Tela AMOLED grande de 1,47\u2033<\/p>\n<p align=\"center\">Experi\u00eancia visual fenomenal<\/p>\n<p>&nbsp;<\/p>\n<p align=\"center\">Uma tela grande de 1,47 \u2033 significa 148% mais \u00e1rea de exibi\u00e7\u00e3o do que<\/p>\n<p align=\"center\">rastreadores de fitness tradicionais que oferecem uma experi\u00eancia visual fenomenal<\/p>\n<p align=\"center\"><img decoding=\"async\" alt=\"Huawei Honor Band 6\" src=\"\/wp-content\/uploads\/replace\/f81182dd1edf14f74b83a4a6e7969c73.jpeg\" \/>Mostre seu estilo com nosso design exclusivo<\/p>\n<p align=\"center\"><img decoding=\"async\" alt=\"Huawei Honor Band 6\" src=\"\/wp-content\/uploads\/replace\/a206590798653b62fd3b0f179c2aebff.jpeg\" \/>Cores elegantes que combinam com todas as ocasi\u00f5es<\/p>\n<p align=\"center\"><img decoding=\"async\" alt=\"Huawei Honor Band 6\" src=\"\/wp-content\/uploads\/replace\/8553166cb34d13e9cb8bfbea751ea9fb.jpeg\" \/>Mostrador de rel\u00f3gio personaliz\u00e1vel para se adequar ao seu humor<\/p>\n<p>&nbsp;<\/p>\n<p align=\"center\">Mude o mostrador da sua pulseira a qualquer momento para se adequar ao seu estilo com v\u00e1rias op\u00e7\u00f5es de mostradores de pulseira na loja de mostradores de rel\u00f3gios.<\/p>\n<p>&nbsp;<\/p>\n<p align=\"center\">Mostre sua atitude definindo uma foto do \u00e1lbum como mostrador personalizado.<\/p>\n<p><img decoding=\"async\" alt=\"Huawei Honor Band 6\" src=\"\/wp-content\/uploads\/replace\/52e675415e828d93ba9fef4b785a6eb0.jpeg\" \/><\/p>\n<p align=\"center\">Mude por 10 minutos, use por 3 dias<\/p>\n<p>&nbsp;<\/p>\n<p align=\"center\">HONOR Band 6 tem melhor dura\u00e7\u00e3o de bateria e \u00e9 equipada com magn\u00e9tico<\/p>\n<p align=\"center\">carregamento r\u00e1pido para livr\u00e1-lo de longos tempos de recarga.<\/p>\n<p align=\"center\"><img decoding=\"async\" alt=\"Huawei Honor Band 6\" src=\"\/wp-content\/uploads\/replace\/656a398eef94de30d570a6402bdf50e2.jpeg\" \/>Monitor de n\u00edvel de oxig\u00eanio no sangue no pulso<\/p>\n<p>&nbsp;<\/p>\n<p align=\"center\">O n\u00edvel de oxig\u00eanio no sangue \u00e9 um indicador chave do seu bem-estar geral.<\/p>\n<p align=\"center\">baixo n\u00edvel de oxig\u00eanio no sangue causar\u00e1 cansa\u00e7o, falta de energia e perda de capacidade de mem\u00f3ria.<\/p>\n<p align=\"center\">A longo prazo, o n\u00edvel baixo de oxig\u00eanio no sangue danificar\u00e1 o c\u00e9rebro, o cora\u00e7\u00e3o e outros \u00f3rg\u00e3os.<\/p>\n<p>&nbsp;<\/p>\n<p align=\"center\">O HONOR Band 6 combina hardware e software \u00f3ptico otimizado<\/p>\n<p align=\"center\">algoritmos para detectar com precis\u00e3o o n\u00edvel de oxig\u00eanio no sangue.<\/p>\n<p align=\"center\"><img decoding=\"async\" alt=\"Huawei Honor Band 6\" src=\"\/wp-content\/uploads\/replace\/19650a7e9d19c9b2eca9e1632d80aeab.jpeg\" \/>Monitor inteligente de frequ\u00eancia card\u00edaca 24 horas<\/p>\n<p>&nbsp;<\/p>\n<p align=\"center\">Com o monitoramento de frequ\u00eancia card\u00edaca TruSeen 4.0 durante todo o dia, o HONOR Band 6 pode detectar frequ\u00eancias card\u00edacas anormais<\/p>\n<p align=\"center\">e dar alertas.HONOR Band 6 est\u00e1 aqui para voc\u00ea, o dia todo.<\/p>\n<p align=\"center\"><img decoding=\"async\" alt=\"Huawei Honor Band 6\" src=\"\/wp-content\/uploads\/replace\/6f3b5c09347e4e0c9532fde9e00b46a7.jpeg\" \/><\/p>\n<p align=\"center\">Monitor de sono<\/p>\n<p align=\"center\">Ajuda voc\u00ea a dormir mais profundamente<\/p>\n<p>&nbsp;<\/p>\n<p align=\"center\">O algoritmo TruSleep no HONOR Band 6 pode registrar com precis\u00e3o as dura\u00e7\u00f5es e est\u00e1gios do sono.<\/p>\n<p align=\"center\">Honor Band 6 oferece sugest\u00f5es profissionais para melhorar o sono e aux\u00edlios personalizados para dormir,<\/p>\n<p align=\"center\">Honor Band 6 pode ajud\u00e1-lo a ter uma boa noite de descanso.<\/p>\n<p align=\"center\"><img decoding=\"async\" alt=\"Huawei Honor Band 6\" src=\"\/wp-content\/uploads\/replace\/0fccdf03db510e7dcec7444008abdac6.jpeg\" \/>Rastreador de Ciclo Feminino Todo Per\u00edodo Especial \u00e9 Importante<\/p>\n<p>&nbsp;<\/p>\n<p align=\"center\">HONOR Band 6 suporta o calend\u00e1rio de monitoramento de per\u00edodo que permite que voc\u00ea veja sua pr\u00f3xima janela f\u00e9rtil estimada e compare todas as suas estat\u00edsticas em um s\u00f3 lugar, proporcionando uma melhor vis\u00e3o geral de sua sa\u00fade.<\/p>\n<p><img decoding=\"async\" alt=\"Huawei Honor Band 6\" src=\"\/wp-content\/uploads\/replace\/86ac9ed105b897e8b5228281098fc597.jpeg\" \/><\/p>\n<p align=\"center\">10 modos de treino profissional Fa\u00e7a seu pr\u00f3prio progresso todos os dias<\/p>\n<p>&nbsp;<\/p>\n<p align=\"center\">HONOR Band 6 tem uma grande sele\u00e7\u00e3o de modos de treino para monitorar seus exerc\u00edcios f\u00edsicos, como corrida, ciclismo e outras atividades. Mesmo se voc\u00ea quiser fazer seus exerc\u00edcios debaixo d&#039;\u00e1gua, o HONOR Band 6 registrar\u00e1 com precis\u00e3o seu desempenho para sua refer\u00eancia.<\/p>\n<p><img decoding=\"async\" alt=\"Huawei Honor Band 6\" src=\"\/wp-content\/uploads\/replace\/e05224e45233569e94c7fb72c674f132.jpeg\" \/><\/p>\n<p align=\"center\">Tipos de treino com detec\u00e7\u00e3o autom\u00e1tica registram cada movimento seu<\/p>\n<p>&nbsp;<\/p>\n<p align=\"center\">HONOR Band 6 detecta automaticamente 6 exerc\u00edcios, como corrida, caminhada, m\u00e1quina de remo e m\u00e1quina el\u00edptica.<\/p>\n<p>&nbsp;<\/p>\n<p align=\"center\">HONOR Band 6 tamb\u00e9m pode registrar com precis\u00e3o sua frequ\u00eancia card\u00edaca em tempo real e fornecer feedback<\/p>\n<p align=\"center\">durante o treino com base no objetivo atual. Juntos, o HONOR Band 6 tornar\u00e1 seu exerc\u00edcio mais f\u00e1cil<\/p>\n<p align=\"center\">fornecendo dados mais abrangentes.<\/p>\n<p><img decoding=\"async\" alt=\"Huawei Honor Band 6\" src=\"\/wp-content\/uploads\/replace\/aa500f5055a4d4317d6979dd491cd80d.jpeg\" \/><\/p>\n<p align=\"center\">Tudo o que voc\u00ea precisa saber HONOR Band 6 ir\u00e1 lembr\u00e1-lo<\/p>\n<p>&nbsp;<\/p>\n<p align=\"center\">HONOR Band 6 ir\u00e1 lembr\u00e1-lo de tudo que requer aten\u00e7\u00e3o, como mensagem recebida,<\/p>\n<p align=\"center\">agenda di\u00e1ria e assim por diante.<\/p>\n<p>&nbsp;<\/p>\n<p align=\"center\">Fundos como controle de reprodu\u00e7\u00e3o de m\u00fasica, obturador remoto da c\u00e2mera, encontre seu telefone<\/p>\n<p align=\"center\">e outros recursos tornam sua vida tecnol\u00f3gica di\u00e1ria mais agrad\u00e1vel.<\/p>\n<p><img decoding=\"async\" alt=\"Huawei Honor Band 6\" src=\"\/wp-content\/uploads\/replace\/7d6975877ac764b34107ea5ac181089e.jpeg\" data-spm-anchor-id=\"a2g0o.detail.1000023.i1.6b842520n0xYfM\" \/><\/p>","protected":false},"excerpt":{"rendered":"<p>Version: CN Version (Without NFC)\/Global Version (Without NFC)<\/p>\n<p>Screen: 1.47&#8243; AMOLED Screen<\/p>\n<p>Battery: 14 Days Battery Life<\/p>\n<p>Function: Blood Oxygen Monitoring,Heart Rate Tracker,Sleep Tracker,Message Reminder ,Call Reminder , Alarm Clock,Weather<\/p>\n<p>Bluetooth: Bluetooth 5.0<br \/>\nOperation: Full screen touch + side button<\/p>\n<p>Size: 43mm\u00d725.4mm\u00d711.45mm<\/p>\n<p>Waterproof: 5 ATM Water Resistance<\/p>","protected":false},"featured_media":25279,"template":"","meta":[],"product_brand":[],"product_cat":[1345,1322],"product_tag":[],"class_list":{"0":"post-25208","1":"product","2":"type-product","3":"status-publish","4":"has-post-thumbnail","6":"product_cat-huawei-other-a-brands","7":"product_cat-other-a-brands","9":"first","10":"instock","11":"shipping-taxable","12":"product-type-external"},"aioseo_notices":[],"aioseo_head":"\n\t\t<!-- All in One SEO Pro 4.5.9.2 - aioseo.com -->\n\t\t<meta name=\"description\" content=\"Version: CN Version (Without NFC)\/Global Version (Without NFC) Screen: 1.47&quot; AMOLED Screen Battery: 14 Days Battery Life Function: Blood Oxygen Monitoring,Heart Rate Tracker,Sleep Tracker,Message Reminder ,Call Reminder , Alarm Clock,Weather Bluetooth: Bluetooth 5.0 Operation: Full screen touch + side button Size: 43mm\u00d725.4mm\u00d711.45mm Waterproof: 5 ATM Water Resistance\" \/>\n\t\t<meta name=\"robots\" content=\"max-image-preview:large\" \/>\n\t\t<link rel=\"canonical\" href=\"https:\/\/www.rucashk.com\/pt\/produto\/honor-band-6\/\" \/>\n\t\t<meta name=\"generator\" content=\"All in One SEO Pro (AIOSEO) 4.5.9.2\" \/>\n\t\t<meta property=\"og:locale\" content=\"pt_PT\" \/>\n\t\t<meta property=\"og:site_name\" content=\"Rucas - One-stop AIoT Distribution Worldwide\" \/>\n\t\t<meta property=\"og:type\" content=\"article\" \/>\n\t\t<meta property=\"og:title\" content=\"Huawei Honor Band 6 - Rucas - Wholesale and Distribution\" \/>\n\t\t<meta property=\"og:description\" content=\"Version: CN Version (Without NFC)\/Global Version (Without NFC) Screen: 1.47&quot; AMOLED Screen Battery: 14 Days Battery Life Function: Blood Oxygen Monitoring,Heart Rate Tracker,Sleep Tracker,Message Reminder ,Call Reminder , Alarm Clock,Weather Bluetooth: Bluetooth 5.0 Operation: Full screen touch + side button Size: 43mm\u00d725.4mm\u00d711.45mm Waterproof: 5 ATM Water Resistance\" \/>\n\t\t<meta property=\"og:url\" content=\"https:\/\/www.rucashk.com\/pt\/produto\/honor-band-6\/\" \/>\n\t\t<meta property=\"og:image\" content=\"https:\/\/www.rucashk.com\/wp-content\/uploads\/replace\/503b8e645f128a97ccde2b6290747646.jpeg\" \/>\n\t\t<meta property=\"og:image:secure_url\" content=\"https:\/\/www.rucashk.com\/wp-content\/uploads\/replace\/503b8e645f128a97ccde2b6290747646.jpeg\" \/>\n\t\t<meta property=\"og:image:width\" content=\"1456\" \/>\n\t\t<meta property=\"og:image:height\" content=\"816\" \/>\n\t\t<meta property=\"article:published_time\" content=\"2024-01-09T16:15:02+00:00\" \/>\n\t\t<meta property=\"article:modified_time\" content=\"2024-03-12T08:23:20+00:00\" \/>\n\t\t<meta name=\"twitter:card\" content=\"summary_large_image\" \/>\n\t\t<meta name=\"twitter:title\" content=\"Huawei Honor Band 6 - Rucas - Wholesale and Distribution\" \/>\n\t\t<meta name=\"twitter:description\" content=\"Version: CN Version (Without NFC)\/Global Version (Without NFC) Screen: 1.47&quot; AMOLED Screen Battery: 14 Days Battery Life Function: Blood Oxygen Monitoring,Heart Rate Tracker,Sleep Tracker,Message Reminder ,Call Reminder , Alarm Clock,Weather Bluetooth: Bluetooth 5.0 Operation: Full screen touch + side button Size: 43mm\u00d725.4mm\u00d711.45mm Waterproof: 5 ATM Water Resistance\" \/>\n\t\t<meta name=\"twitter:image\" content=\"https:\/\/www.rucashk.com\/wp-content\/uploads\/replace\/503b8e645f128a97ccde2b6290747646.jpeg\" \/>\n\t\t<script type=\"application\/ld+json\" class=\"aioseo-schema\">\n\t\t\t{\"@context\":\"https:\\\/\\\/schema.org\",\"@graph\":[{\"@type\":\"BreadcrumbList\",\"@id\":\"https:\\\/\\\/www.rucashk.com\\\/pt\\\/produto\\\/honor-band-6\\\/#breadcrumblist\",\"itemListElement\":[{\"@type\":\"ListItem\",\"@id\":\"https:\\\/\\\/www.rucashk.com\\\/pt\\\/#listItem\",\"position\":1,\"name\":\"Home\",\"item\":\"https:\\\/\\\/www.rucashk.com\\\/pt\\\/\",\"nextItem\":\"https:\\\/\\\/www.rucashk.com\\\/pt\\\/produto\\\/honor-band-6\\\/#listItem\"},{\"@type\":\"ListItem\",\"@id\":\"https:\\\/\\\/www.rucashk.com\\\/pt\\\/produto\\\/honor-band-6\\\/#listItem\",\"position\":2,\"name\":\"Huawei Honor Band 6\",\"previousItem\":\"https:\\\/\\\/www.rucashk.com\\\/pt\\\/#listItem\"}]},{\"@type\":\"Organization\",\"@id\":\"https:\\\/\\\/www.rucashk.com\\\/pt\\\/#organization\",\"name\":\"Rucas\",\"url\":\"https:\\\/\\\/www.rucashk.com\\\/pt\\\/\",\"logo\":{\"@type\":\"ImageObject\",\"url\":\"https:\\\/\\\/www.rucashk.com\\\/wp-content\\\/uploads\\\/2023\\\/12\\\/Rucas_campany_logo.png\",\"@id\":\"https:\\\/\\\/www.rucashk.com\\\/pt\\\/produto\\\/honor-band-6\\\/#organizationLogo\",\"width\":221,\"height\":65},\"image\":{\"@id\":\"https:\\\/\\\/www.rucashk.com\\\/pt\\\/#organizationLogo\"}},{\"@type\":\"Person\",\"@id\":\"https:\\\/\\\/www.rucashk.com\\\/pt\\\/author\\\/admin\\\/#author\",\"url\":\"https:\\\/\\\/www.rucashk.com\\\/pt\\\/author\\\/admin\\\/\",\"name\":\"admin\",\"image\":{\"@type\":\"ImageObject\",\"@id\":\"https:\\\/\\\/www.rucashk.com\\\/pt\\\/produto\\\/honor-band-6\\\/#authorImage\",\"url\":\"https:\\\/\\\/secure.gravatar.com\\\/avatar\\\/b7c8925b09a27e72b30232f8ecaadbd5af0f70a38c78096863fe51b64f031c24?s=96&d=mm&r=g\",\"width\":96,\"height\":96,\"caption\":\"admin\"}},{\"@type\":\"WebPage\",\"@id\":\"https:\\\/\\\/www.rucashk.com\\\/pt\\\/produto\\\/honor-band-6\\\/#webpage\",\"url\":\"https:\\\/\\\/www.rucashk.com\\\/pt\\\/produto\\\/honor-band-6\\\/\",\"name\":\"Huawei Honor Band 6 - Rucas - Wholesale and Distribution\",\"description\":\"Version: CN Version (Without NFC)\\\/Global Version (Without NFC) Screen: 1.47\\\" AMOLED Screen Battery: 14 Days Battery Life Function: Blood Oxygen Monitoring,Heart Rate Tracker,Sleep Tracker,Message Reminder ,Call Reminder , Alarm Clock,Weather Bluetooth: Bluetooth 5.0 Operation: Full screen touch + side button Size: 43mm\\u00d725.4mm\\u00d711.45mm Waterproof: 5 ATM Water Resistance\",\"inLanguage\":\"pt-PT\",\"isPartOf\":{\"@id\":\"https:\\\/\\\/www.rucashk.com\\\/pt\\\/#website\"},\"breadcrumb\":{\"@id\":\"https:\\\/\\\/www.rucashk.com\\\/pt\\\/produto\\\/honor-band-6\\\/#breadcrumblist\"},\"author\":{\"@id\":\"https:\\\/\\\/www.rucashk.com\\\/pt\\\/author\\\/admin\\\/#author\"},\"creator\":{\"@id\":\"https:\\\/\\\/www.rucashk.com\\\/pt\\\/author\\\/admin\\\/#author\"},\"image\":{\"@type\":\"ImageObject\",\"url\":\"https:\\\/\\\/www.rucashk.com\\\/wp-content\\\/uploads\\\/2024\\\/01\\\/4-1-1-1.jpg\",\"@id\":\"https:\\\/\\\/www.rucashk.com\\\/pt\\\/produto\\\/honor-band-6\\\/#mainImage\",\"width\":1601,\"height\":1601},\"primaryImageOfPage\":{\"@id\":\"https:\\\/\\\/www.rucashk.com\\\/pt\\\/produto\\\/honor-band-6\\\/#mainImage\"},\"datePublished\":\"2024-01-09T16:15:02+00:00\",\"dateModified\":\"2024-03-12T08:23:20+00:00\"},{\"@type\":\"WebSite\",\"@id\":\"https:\\\/\\\/www.rucashk.com\\\/pt\\\/#website\",\"url\":\"https:\\\/\\\/www.rucashk.com\\\/pt\\\/\",\"name\":\"Rucas - Wholesale and distribution worldwide\",\"alternateName\":\"Rucas - One-stop AIoT Distribution Worldwide\",\"description\":\"One-stop AIoT Distribution Worldwide\",\"inLanguage\":\"pt-PT\",\"publisher\":{\"@id\":\"https:\\\/\\\/www.rucashk.com\\\/pt\\\/#organization\"}}]}\n\t\t<\/script>\n\t\t<!-- All in One SEO Pro -->\r\n\t\t<title>Huawei Honor Band 6 - Rucas - Wholesale and Distribution<\/title>\n\n","aioseo_head_json":{"title":"Huawei Honor Band 6 - Rucas - Wholesale and Distribution","description":"Version: CN Version (Without NFC)\/Global Version (Without NFC) Screen: 1.47\" AMOLED Screen Battery: 14 Days Battery Life Function: Blood Oxygen Monitoring,Heart Rate Tracker,Sleep Tracker,Message Reminder ,Call Reminder , Alarm Clock,Weather Bluetooth: Bluetooth 5.0 Operation: Full screen touch + side button Size: 43mm\u00d725.4mm\u00d711.45mm Waterproof: 5 ATM Water Resistance","canonical_url":"https:\/\/www.rucashk.com\/pt\/produto\/honor-band-6\/","robots":"max-image-preview:large","keywords":"","webmasterTools":{"miscellaneous":""},"og:locale":"pt_PT","og:site_name":"Rucas - One-stop AIoT Distribution Worldwide","og:type":"article","og:title":"Huawei Honor Band 6 - Rucas - Wholesale and Distribution","og:description":"Version: CN Version (Without NFC)\/Global Version (Without NFC) Screen: 1.47&quot; AMOLED Screen Battery: 14 Days Battery Life Function: Blood Oxygen Monitoring,Heart Rate Tracker,Sleep Tracker,Message Reminder ,Call Reminder , Alarm Clock,Weather Bluetooth: Bluetooth 5.0 Operation: Full screen touch + side button Size: 43mm\u00d725.4mm\u00d711.45mm Waterproof: 5 ATM Water Resistance","og:url":"https:\/\/www.rucashk.com\/pt\/produto\/honor-band-6\/","og:image":"https:\/\/www.rucashk.com\/wp-content\/uploads\/replace\/503b8e645f128a97ccde2b6290747646.jpeg","og:image:secure_url":"https:\/\/www.rucashk.com\/wp-content\/uploads\/replace\/503b8e645f128a97ccde2b6290747646.jpeg","og:image:width":1456,"og:image:height":816,"article:published_time":"2024-01-09T16:15:02+00:00","article:modified_time":"2024-03-12T08:23:20+00:00","twitter:card":"summary_large_image","twitter:title":"Huawei Honor Band 6 - Rucas - Wholesale and Distribution","twitter:description":"Version: CN Version (Without NFC)\/Global Version (Without NFC) Screen: 1.47&quot; AMOLED Screen Battery: 14 Days Battery Life Function: Blood Oxygen Monitoring,Heart Rate Tracker,Sleep Tracker,Message Reminder ,Call Reminder , Alarm Clock,Weather Bluetooth: Bluetooth 5.0 Operation: Full screen touch + side button Size: 43mm\u00d725.4mm\u00d711.45mm Waterproof: 5 ATM Water Resistance","twitter:image":"https:\/\/www.rucashk.com\/wp-content\/uploads\/replace\/503b8e645f128a97ccde2b6290747646.jpeg","schema":{"@context":"https:\/\/schema.org","@graph":[{"@type":"BreadcrumbList","@id":"https:\/\/www.rucashk.com\/pt\/produto\/honor-band-6\/#breadcrumblist","itemListElement":[{"@type":"ListItem","@id":"https:\/\/www.rucashk.com\/pt\/#listItem","position":1,"name":"Home","item":"https:\/\/www.rucashk.com\/pt\/","nextItem":"https:\/\/www.rucashk.com\/pt\/produto\/honor-band-6\/#listItem"},{"@type":"ListItem","@id":"https:\/\/www.rucashk.com\/pt\/produto\/honor-band-6\/#listItem","position":2,"name":"Huawei Honor Band 6","previousItem":"https:\/\/www.rucashk.com\/pt\/#listItem"}]},{"@type":"Organization","@id":"https:\/\/www.rucashk.com\/pt\/#organization","name":"Rucas","url":"https:\/\/www.rucashk.com\/pt\/","logo":{"@type":"ImageObject","url":"https:\/\/www.rucashk.com\/wp-content\/uploads\/2023\/12\/Rucas_campany_logo.png","@id":"https:\/\/www.rucashk.com\/pt\/produto\/honor-band-6\/#organizationLogo","width":221,"height":65},"image":{"@id":"https:\/\/www.rucashk.com\/pt\/#organizationLogo"}},{"@type":"Person","@id":"https:\/\/www.rucashk.com\/pt\/author\/admin\/#author","url":"https:\/\/www.rucashk.com\/pt\/author\/admin\/","name":"admin","image":{"@type":"ImageObject","@id":"https:\/\/www.rucashk.com\/pt\/produto\/honor-band-6\/#authorImage","url":"https:\/\/secure.gravatar.com\/avatar\/b7c8925b09a27e72b30232f8ecaadbd5af0f70a38c78096863fe51b64f031c24?s=96&d=mm&r=g","width":96,"height":96,"caption":"admin"}},{"@type":"WebPage","@id":"https:\/\/www.rucashk.com\/pt\/produto\/honor-band-6\/#webpage","url":"https:\/\/www.rucashk.com\/pt\/produto\/honor-band-6\/","name":"Huawei Honor Band 6 - Rucas - Wholesale and Distribution","description":"Version: CN Version (Without NFC)\/Global Version (Without NFC) Screen: 1.47\" AMOLED Screen Battery: 14 Days Battery Life Function: Blood Oxygen Monitoring,Heart Rate Tracker,Sleep Tracker,Message Reminder ,Call Reminder , Alarm Clock,Weather Bluetooth: Bluetooth 5.0 Operation: Full screen touch + side button Size: 43mm\u00d725.4mm\u00d711.45mm Waterproof: 5 ATM Water Resistance","inLanguage":"pt-PT","isPartOf":{"@id":"https:\/\/www.rucashk.com\/pt\/#website"},"breadcrumb":{"@id":"https:\/\/www.rucashk.com\/pt\/produto\/honor-band-6\/#breadcrumblist"},"author":{"@id":"https:\/\/www.rucashk.com\/pt\/author\/admin\/#author"},"creator":{"@id":"https:\/\/www.rucashk.com\/pt\/author\/admin\/#author"},"image":{"@type":"ImageObject","url":"https:\/\/www.rucashk.com\/wp-content\/uploads\/2024\/01\/4-1-1-1.jpg","@id":"https:\/\/www.rucashk.com\/pt\/produto\/honor-band-6\/#mainImage","width":1601,"height":1601},"primaryImageOfPage":{"@id":"https:\/\/www.rucashk.com\/pt\/produto\/honor-band-6\/#mainImage"},"datePublished":"2024-01-09T16:15:02+00:00","dateModified":"2024-03-12T08:23:20+00:00"},{"@type":"WebSite","@id":"https:\/\/www.rucashk.com\/pt\/#website","url":"https:\/\/www.rucashk.com\/pt\/","name":"Rucas - Wholesale and distribution worldwide","alternateName":"Rucas - One-stop AIoT Distribution Worldwide","description":"One-stop AIoT Distribution Worldwide","inLanguage":"pt-PT","publisher":{"@id":"https:\/\/www.rucashk.com\/pt\/#organization"}}]}},"aioseo_meta_data":{"post_id":"25208","title":null,"description":null,"keywords":null,"keyphrases":null,"primary_term":null,"canonical_url":null,"og_title":null,"og_description":null,"og_object_type":"default","og_image_type":"default","og_image_url":null,"og_image_width":null,"og_image_height":null,"og_image_custom_url":null,"og_image_custom_fields":null,"og_video":null,"og_custom_url":null,"og_article_section":null,"og_article_tags":null,"twitter_use_og":false,"twitter_card":"default","twitter_image_type":"default","twitter_image_url":null,"twitter_image_custom_url":null,"twitter_image_custom_fields":null,"twitter_title":null,"twitter_description":null,"schema":{"blockGraphs":[],"customGraphs":[],"default":{"data":{"Article":[],"Course":[],"Dataset":[],"FAQPage":[],"Movie":[],"Person":[],"Product":[],"Recipe":[],"Service":[],"SoftwareApplication":[],"WebPage":[]},"graphName":"","isEnabled":true},"graphs":[]},"schema_type":"default","schema_type_options":null,"pillar_content":false,"robots_default":true,"robots_noindex":false,"robots_noarchive":false,"robots_nosnippet":false,"robots_nofollow":false,"robots_noimageindex":false,"robots_noodp":false,"robots_notranslate":false,"robots_max_snippet":null,"robots_max_videopreview":null,"robots_max_imagepreview":"large","priority":null,"frequency":null,"local_seo":null,"breadcrumb_settings":null,"limit_modified_date":false,"created":"2024-04-11 01:57:18","updated":"2025-06-22 17:49:11"},"aioseo_breadcrumb":"<div class=\"aioseo-breadcrumbs\"><span class=\"aioseo-breadcrumb\">\n\t<a href=\"https:\/\/www.rucashk.com\/pt\" title=\"Home\">Home<\/a>\n<\/span><span class=\"aioseo-breadcrumb-separator\">&raquo;<\/span><span class=\"aioseo-breadcrumb\">\n\t<a href=\"https:\/\/www.rucashk.com\/pt\/products\/\" title=\"Produtos\">Produtos<\/a>\n<\/span><span class=\"aioseo-breadcrumb-separator\">&raquo;<\/span><span class=\"aioseo-breadcrumb\">\n\t<a href=\"https:\/\/www.rucashk.com\/pt\/categoria-produto\/other-a-brands\/\" title=\"Other A-Brands\">Other A-Brands<\/a>\n<\/span><span class=\"aioseo-breadcrumb-separator\">&raquo;<\/span><span class=\"aioseo-breadcrumb\">\n\t<a href=\"https:\/\/www.rucashk.com\/pt\/categoria-produto\/other-a-brands\/huawei-other-a-brands\/\" title=\"Huawei\">Huawei<\/a>\n<\/span><span class=\"aioseo-breadcrumb-separator\">&raquo;<\/span><span class=\"aioseo-breadcrumb\">\n\tHuawei Honor Band 6\n<\/span><\/div>","aioseo_breadcrumb_json":[{"label":"Home","link":"https:\/\/www.rucashk.com\/pt"},{"label":"Produtos","link":"https:\/\/www.rucashk.com\/pt\/products\/"},{"label":"Other A-Brands","link":"https:\/\/www.rucashk.com\/pt\/categoria-produto\/other-a-brands\/"},{"label":"Huawei","link":"https:\/\/www.rucashk.com\/pt\/categoria-produto\/other-a-brands\/huawei-other-a-brands\/"},{"label":"Huawei Honor Band 6","link":"https:\/\/www.rucashk.com\/pt\/produto\/honor-band-6\/"}],"_links":{"self":[{"href":"https:\/\/www.rucashk.com\/pt\/wp-json\/wp\/v2\/product\/25208","targetHints":{"allow":["GET"]}}],"collection":[{"href":"https:\/\/www.rucashk.com\/pt\/wp-json\/wp\/v2\/product"}],"about":[{"href":"https:\/\/www.rucashk.com\/pt\/wp-json\/wp\/v2\/types\/product"}],"wp:featuredmedia":[{"embeddable":true,"href":"https:\/\/www.rucashk.com\/pt\/wp-json\/wp\/v2\/media\/25279"}],"wp:attachment":[{"href":"https:\/\/www.rucashk.com\/pt\/wp-json\/wp\/v2\/media?parent=25208"}],"wp:term":[{"taxonomy":"product_brand","embeddable":true,"href":"https:\/\/www.rucashk.com\/pt\/wp-json\/wp\/v2\/product_brand?post=25208"},{"taxonomy":"product_cat","embeddable":true,"href":"https:\/\/www.rucashk.com\/pt\/wp-json\/wp\/v2\/product_cat?post=25208"},{"taxonomy":"product_tag","embeddable":true,"href":"https:\/\/www.rucashk.com\/pt\/wp-json\/wp\/v2\/product_tag?post=25208"}],"curies":[{"name":"wp","href":"https:\/\/api.w.org\/{rel}","templated":true}]}}