{"id":25207,"date":"2024-01-09T16:15:02","date_gmt":"2024-01-09T16:15:02","guid":{"rendered":"http:\/\/rucashk.com\/?post_type=product&#038;p=25207"},"modified":"2024-01-23T10:18:40","modified_gmt":"2024-01-23T10:18:40","slug":"oneplus-9-128g","status":"publish","type":"product","link":"https:\/\/www.rucashk.com\/pt\/produto\/oneplus-9-128g\/","title":{"rendered":"OnePlus 9 128G"},"content":{"rendered":"<div class=\"detailmodule_text-image\">\n<p class=\"detail-desc-decorate-content\">\n<p><img decoding=\"async\" class=\"detail-desc-decorate-image\" src=\"https:\/\/www.rucashk.com\/wp-content\/uploads\/2021\/04\/H2d9eac3d5f6d4d2890da382ff17dfd74W.png\" data-spm-anchor-id=\"a2g0o.detail.1000023.i0.4a1b7ef0xMUyaQ\" \/><img decoding=\"async\" class=\"detail-desc-decorate-image\" src=\"https:\/\/www.rucashk.com\/wp-content\/uploads\/2021\/04\/H440121cafac64dc9a736c5419f0e1daex.png\" \/><\/div>\n<div class=\"detailmodule_text-image\">\n<p class=\"detail-desc-decorate-title\">C\u00e2mera Hasselblad para celular<\/p>\n<p class=\"detail-desc-decorate-content\">Exclusiva da OnePlus e desenvolvida em conjunto com a Hasselblad, a principal c\u00e2mera Hasselblad para dispositivos m\u00f3veis oferece inova\u00e7\u00f5es em fotografia m\u00f3vel l\u00edderes do setor. Projetado para cada situa\u00e7\u00e3o, crie facilmente cenas inesquec\u00edveis com o mundo como tela. Com o OnePlus 9, chegou a sua melhor foto.<\/p>\n<p><img decoding=\"async\" class=\"detail-desc-decorate-image\" src=\"https:\/\/www.rucashk.com\/wp-content\/uploads\/2021\/04\/Hdb75a6a4115240938ff29e4131f56a3dn.png\" \/><\/div>\n<div class=\"detailmodule_text-image\">\n<p class=\"detail-desc-decorate-title\">Calibra\u00e7\u00e3o de cores naturais com Hasselblad<\/p>\n<p class=\"detail-desc-decorate-content\">Desenvolvido em conjunto com a Hasselblad e seus embaixadores vision\u00e1rios, o OnePlus traz desempenho de cores incompar\u00e1vel para smartphones. Com a Calibra\u00e7\u00e3o de Cores Natural, desfrute de cores incrivelmente aut\u00eanticas e da reprodu\u00e7\u00e3o de tons de pele mais naturais para fotografias m\u00f3veis deslumbrantes.<\/p>\n<p><img decoding=\"async\" class=\"detail-desc-decorate-image\" src=\"https:\/\/www.rucashk.com\/wp-content\/uploads\/2021\/04\/Hd491b3db791b498685dff94817640f91d.png\" \/><\/div>\n<div class=\"detailmodule_text\">\n<p class=\"detail-desc-decorate-title\">C\u00e2mera principal de 48 MP + c\u00e2mera ultra-ampla de 50 MP + lente monocrom\u00e1tica<\/p>\n<p class=\"detail-desc-decorate-content\">Projetada para todas as situa\u00e7\u00f5es, a c\u00e2mera principal equilibra desempenho intransigente com nossos recursos mais inovadores. Dos iniciantes aos profissionais mais exigentes, desfrute do m\u00e1ximo controle na ponta dos dedos. Tendo o mundo como tela, criar cenas inesquec\u00edveis \u00e9 f\u00e1cil. O sistema de c\u00e2mera ultra-ampla de 50 MP, l\u00edder da categoria, simboliza a excel\u00eancia tecnol\u00f3gica implac\u00e1vel do OnePlus. A inovadora lente Freeform oferece detalhes e clareza de grande angular incompar\u00e1veis. Capture sua vida sem limites e fortale\u00e7a sua vis\u00e3o com o OnePlus 9.<\/p>\n<\/div>\n<div class=\"detailmodule_image\"><img decoding=\"async\" class=\"detail-desc-decorate-image\" src=\"https:\/\/www.rucashk.com\/wp-content\/uploads\/2021\/04\/H67200314bfa346a28d955049eee0c9d5q.jpg\" \/><\/div>\n<div class=\"detailmodule_text-image\">\n<p class=\"detail-desc-decorate-title\">Filmado em OnePlus x Hasselblad<\/p>\n<p class=\"detail-desc-decorate-content\">Experimente uma vis\u00e3o grande angular sem limites<\/p>\n<p><img decoding=\"async\" class=\"detail-desc-decorate-image\" src=\"https:\/\/www.rucashk.com\/wp-content\/uploads\/2021\/04\/H3b66b806938f43b7be87dbc12a9e8a10H.png\" \/><img decoding=\"async\" class=\"detail-desc-decorate-image\" src=\"https:\/\/www.rucashk.com\/wp-content\/uploads\/2021\/04\/H4d4a8f74488149bf90b4af3687bd6263Q.png\" \/><img decoding=\"async\" class=\"detail-desc-decorate-image\" src=\"https:\/\/www.rucashk.com\/wp-content\/uploads\/2021\/04\/Hea5ba3c5ec434a8da9e4429504139222k.png\" \/><\/div>\n<div class=\"detailmodule_text-image\">\n<p class=\"detail-desc-decorate-title\">Conectar. Capturar. Criar.<\/p>\n<p class=\"detail-desc-decorate-content\">D\u00ea vida aos momentos da vida com v\u00eddeos impressionantes. Capture o que importa em 8K perfeitamente suave e hiper-realista. Edite obras-primas cinematogr\u00e1ficas de n\u00edvel profissional com controles f\u00e1ceis de usar e efeitos incr\u00edveis. Conte e compartilhe sua hist\u00f3ria com o OnePlus 9.<\/p>\n<p><img decoding=\"async\" class=\"detail-desc-decorate-image\" src=\"https:\/\/www.rucashk.com\/wp-content\/uploads\/2021\/04\/H01abac59cecc4b5495ba63c6488570dar.png\" \/><\/div>\n<div class=\"detailmodule_text-image\">\n<p class=\"detail-desc-decorate-title\">Projetado para velocidade<\/p>\n<p class=\"detail-desc-decorate-content\">A experi\u00eancia exclusiva OnePlus &#039;Fast and Smooth&#039; personifica nosso esp\u00edrito Never Settle. Com a nossa CPU Snapdragon\u2122 888 5G mais r\u00e1pida e ultrapotente e RAM de \u00faltima gera\u00e7\u00e3o, chegou uma pot\u00eancia sem limites. Experimente o pr\u00f3ximo n\u00edvel de rapidez e suavidade com o OnePlus 9.<\/p>\n<p><img decoding=\"async\" class=\"detail-desc-decorate-image\" src=\"https:\/\/www.rucashk.com\/wp-content\/uploads\/2021\/04\/Hb44fb4346a874fec98e150c0b7d6a201D.png\" \/><\/div>\n<div class=\"detailmodule_text-image\">\n<p class=\"detail-desc-decorate-title\">Sempre legal de usar<\/p>\n<p class=\"detail-desc-decorate-content\">OnePlus Cool Play \u00e9 um sistema de resfriamento multicamadas personalizado. Com camadas de grafite mais espessas e uma c\u00e2mara de vapor maior, o calor \u00e9 redirecionado de forma eficiente para longe dos principais componentes t\u00e9rmicos. Desfrute de um desempenho r\u00e1pido, suave e interessante, mesmo durante os jogos. Jogue sempre sem compromisso.<\/p>\n<p><img decoding=\"async\" class=\"detail-desc-decorate-image\" src=\"https:\/\/www.rucashk.com\/wp-content\/uploads\/2021\/04\/Ha177716c170a4362990383f8f82f6899S.png\" \/><\/div>\n<div class=\"detailmodule_text-image\">\n<p class=\"detail-desc-decorate-title\">Carga Warp 65T<\/p>\n<p class=\"detail-desc-decorate-content\">Warp Charge 65T \u00e9 nossa solu\u00e7\u00e3o de carregamento mais avan\u00e7ada, fornecendo energia para um dia em 15 minutos. e o carregamento r\u00e1pido universal para outros dispositivos trazem versatilidade extra. Mais r\u00e1pido e inteligente, mantenha o controle com Warp Charge 65T.<\/p>\n<p><img decoding=\"async\" class=\"detail-desc-decorate-image\" src=\"https:\/\/www.rucashk.com\/wp-content\/uploads\/2021\/04\/H0c5c744f357840368bc8c94bb108349eU.png\" \/><\/div>\n<div class=\"detailmodule_text-image\">\n<p class=\"detail-desc-decorate-title\">Design Premium<\/p>\n<p class=\"detail-desc-decorate-content\">O OnePlus 9 incorpora a ousada e nova vis\u00e3o \u2018Designed by OnePlus\u2019. Experimente uma mistura exclusiva de imagina\u00e7\u00e3o, materiais de alta qualidade e artesanato meticuloso. Tr\u00eas cores infundidas pela natureza evocam uma calma serena. Veja e sinta a pureza do design em primeira m\u00e3o com o OnePlus 9.<\/p>\n<p><img decoding=\"async\" class=\"detail-desc-decorate-image\" src=\"https:\/\/www.rucashk.com\/wp-content\/uploads\/2021\/04\/H8ea5d44f96774530a4b6f1faa4a82140l.png\" \/><\/div>\n<div class=\"detailmodule_text-image\">\n<p class=\"detail-desc-decorate-title\">Visor de fluido de 120 Hz<\/p>\n<p class=\"detail-desc-decorate-content\">O display Fluid AMOLED11 de 6,55\u2033 do OnePlus 9 oferece rolagem ultra-suave em cada quadro. Com um painel de 120 Hz, o nosso melhor ecr\u00e3 plano proporciona uma experi\u00eancia visual emblem\u00e1tica. Oferecendo maior precis\u00e3o e detalhes de cores, todos os olhos est\u00e3o voltados para o OnePlus 9.<\/p>\n<p><img decoding=\"async\" class=\"detail-desc-decorate-image\" src=\"https:\/\/www.rucashk.com\/wp-content\/uploads\/2021\/04\/Hb7c17943f0ff48d1a519f335b3d406fbi.png\" \/><\/div>\n<div class=\"detailmodule_text-image\">\n<p class=\"detail-desc-decorate-title\">T\u00e3o, t\u00e3o suave<\/p>\n<p class=\"detail-desc-decorate-content\">Co-criado com a nossa extraordin\u00e1ria comunidade OnePlus, o popular OxygenOS 11 personifica a nossa vis\u00e3o Never Settle. Apresentando novos recursos e uma interface de usu\u00e1rio atualizada, aumentamos tudo at\u00e9 11. Mais intuitivo e envolvente, experimente nosso sistema operacional mais r\u00e1pido e suave de todos os tempos.<\/p>\n<p><img decoding=\"async\" class=\"detail-desc-decorate-image\" src=\"https:\/\/www.rucashk.com\/wp-content\/uploads\/2021\/04\/H501a94e26592464081ef9a89653b2316C.png\" data-spm-anchor-id=\"a2g0o.detail.1000023.i2.4a1b7ef0xMUyaQ\" \/><\/div>","protected":false},"excerpt":{"rendered":"<p>Model: OnePlus 9<br \/>\nDisplay: 6.55&#8221;, 20:9, 2400&#215;1080 402 ppi, 120 Hz Fluid AMOLED, sRGB, Display P3<br \/>\nSO: OxygenOS baseado em Android 11<br \/>\nProcessador: Qualcomm Snapdragon 888, Chipset 5G: X60<br \/>\nStorage: 8GB RAM+128GB ROM\/12GB RAM+256GB ROM<br \/>\nBattery: 4500mAh, Warp Charge 65T(10V\/6.5A)<br \/>\nRear Camera: 48MP(IMX689)+50MP(IMX766)+2MP<br \/>\nC\u00e2mera frontal: 16 MP (IMX471), desbloqueio facial<br \/>\nCaracter\u00edsticas: Vers\u00e3o CN com ROM global, suporte ao servi\u00e7o Google, atualiza\u00e7\u00e3o multil\u00edngue e OTA, impress\u00e3o digital no display, Bluetooth 5.2, NFC<br \/>\nConectividade: Slot para cart\u00e3o Dual Nano SIM<\/p>","protected":false},"featured_media":25274,"template":"","meta":[],"product_brand":[],"product_cat":[1295,1304],"product_tag":[],"class_list":{"0":"post-25207","1":"product","2":"type-product","3":"status-publish","4":"has-post-thumbnail","6":"product_cat-mobile-phone","7":"product_cat-oneplus-mobile-phone","9":"first","10":"instock","11":"shipping-taxable","12":"product-type-external"},"aioseo_notices":[],"aioseo_head":"\n\t\t<!-- All in One SEO Pro 4.5.9.2 - aioseo.com -->\n\t\t<meta name=\"description\" content=\"Model: OnePlus 9 Display: 6.55&#039;&#039;, 20:9, 2400x1080 402 ppi, 120 Hz Fluid AMOLED, sRGB, Display P3 OS: OxygenOS based on Android 11 CPU: Qualcomm Snapdragon 888, 5G Chipset: X60 Storage: 8GB RAM+128GB ROM\/12GB RAM+256GB ROM Battery: 4500mAh, Warp Charge 65T(10V\/6.5A) Rear Camera: 48MP(IMX689)+50MP(IMX766)+2MP Front Camera: 16MP(IMX471), Face Unlock Features: CN Version With Global ROM, support Google Service, Multi-languages and OTA update, In-display Fingerprint, Bluetooth 5.2, NFC Connectivity: Dual Nano SIM Card Slot\" \/>\n\t\t<meta name=\"robots\" content=\"max-image-preview:large\" \/>\n\t\t<link rel=\"canonical\" href=\"https:\/\/www.rucashk.com\/pt\/produto\/oneplus-9-128g\/\" \/>\n\t\t<meta name=\"generator\" content=\"All in One SEO Pro (AIOSEO) 4.5.9.2\" \/>\n\t\t<meta property=\"og:locale\" content=\"pt_PT\" \/>\n\t\t<meta property=\"og:site_name\" content=\"Rucas - One-stop AIoT Distribution Worldwide\" \/>\n\t\t<meta property=\"og:type\" content=\"article\" \/>\n\t\t<meta property=\"og:title\" content=\"OnePlus 9 128G - Rucas - Wholesale and Distribution\" \/>\n\t\t<meta property=\"og:description\" content=\"Model: OnePlus 9 Display: 6.55&#039;&#039;, 20:9, 2400x1080 402 ppi, 120 Hz Fluid AMOLED, sRGB, Display P3 OS: OxygenOS based on Android 11 CPU: Qualcomm Snapdragon 888, 5G Chipset: X60 Storage: 8GB RAM+128GB ROM\/12GB RAM+256GB ROM Battery: 4500mAh, Warp Charge 65T(10V\/6.5A) Rear Camera: 48MP(IMX689)+50MP(IMX766)+2MP Front Camera: 16MP(IMX471), Face Unlock Features: CN Version With Global ROM, support Google Service, Multi-languages and OTA update, In-display Fingerprint, Bluetooth 5.2, NFC Connectivity: Dual Nano SIM Card Slot\" \/>\n\t\t<meta property=\"og:url\" content=\"https:\/\/www.rucashk.com\/pt\/produto\/oneplus-9-128g\/\" \/>\n\t\t<meta property=\"og:image\" content=\"https:\/\/www.rucashk.com\/wp-content\/uploads\/replace\/503b8e645f128a97ccde2b6290747646.jpeg\" \/>\n\t\t<meta property=\"og:image:secure_url\" content=\"https:\/\/www.rucashk.com\/wp-content\/uploads\/replace\/503b8e645f128a97ccde2b6290747646.jpeg\" \/>\n\t\t<meta property=\"og:image:width\" content=\"1456\" \/>\n\t\t<meta property=\"og:image:height\" content=\"816\" \/>\n\t\t<meta property=\"article:published_time\" content=\"2024-01-09T16:15:02+00:00\" \/>\n\t\t<meta property=\"article:modified_time\" content=\"2024-01-23T10:18:40+00:00\" \/>\n\t\t<meta name=\"twitter:card\" content=\"summary_large_image\" \/>\n\t\t<meta name=\"twitter:title\" content=\"OnePlus 9 128G - Rucas - Wholesale and Distribution\" \/>\n\t\t<meta name=\"twitter:description\" content=\"Model: OnePlus 9 Display: 6.55&#039;&#039;, 20:9, 2400x1080 402 ppi, 120 Hz Fluid AMOLED, sRGB, Display P3 OS: OxygenOS based on Android 11 CPU: Qualcomm Snapdragon 888, 5G Chipset: X60 Storage: 8GB RAM+128GB ROM\/12GB RAM+256GB ROM Battery: 4500mAh, Warp Charge 65T(10V\/6.5A) Rear Camera: 48MP(IMX689)+50MP(IMX766)+2MP Front Camera: 16MP(IMX471), Face Unlock Features: CN Version With Global ROM, support Google Service, Multi-languages and OTA update, In-display Fingerprint, Bluetooth 5.2, NFC Connectivity: Dual Nano SIM Card Slot\" \/>\n\t\t<meta name=\"twitter:image\" content=\"https:\/\/www.rucashk.com\/wp-content\/uploads\/replace\/503b8e645f128a97ccde2b6290747646.jpeg\" \/>\n\t\t<script type=\"application\/ld+json\" class=\"aioseo-schema\">\n\t\t\t{\"@context\":\"https:\\\/\\\/schema.org\",\"@graph\":[{\"@type\":\"BreadcrumbList\",\"@id\":\"https:\\\/\\\/www.rucashk.com\\\/pt\\\/produto\\\/oneplus-9-128g\\\/#breadcrumblist\",\"itemListElement\":[{\"@type\":\"ListItem\",\"@id\":\"https:\\\/\\\/www.rucashk.com\\\/pt\\\/#listItem\",\"position\":1,\"name\":\"Home\",\"item\":\"https:\\\/\\\/www.rucashk.com\\\/pt\\\/\",\"nextItem\":\"https:\\\/\\\/www.rucashk.com\\\/pt\\\/produto\\\/oneplus-9-128g\\\/#listItem\"},{\"@type\":\"ListItem\",\"@id\":\"https:\\\/\\\/www.rucashk.com\\\/pt\\\/produto\\\/oneplus-9-128g\\\/#listItem\",\"position\":2,\"name\":\"OnePlus 9 128G\",\"previousItem\":\"https:\\\/\\\/www.rucashk.com\\\/pt\\\/#listItem\"}]},{\"@type\":\"Organization\",\"@id\":\"https:\\\/\\\/www.rucashk.com\\\/pt\\\/#organization\",\"name\":\"Rucas\",\"url\":\"https:\\\/\\\/www.rucashk.com\\\/pt\\\/\",\"logo\":{\"@type\":\"ImageObject\",\"url\":\"https:\\\/\\\/www.rucashk.com\\\/wp-content\\\/uploads\\\/2023\\\/12\\\/Rucas_campany_logo.png\",\"@id\":\"https:\\\/\\\/www.rucashk.com\\\/pt\\\/produto\\\/oneplus-9-128g\\\/#organizationLogo\",\"width\":221,\"height\":65},\"image\":{\"@id\":\"https:\\\/\\\/www.rucashk.com\\\/pt\\\/#organizationLogo\"}},{\"@type\":\"Person\",\"@id\":\"https:\\\/\\\/www.rucashk.com\\\/pt\\\/author\\\/admin\\\/#author\",\"url\":\"https:\\\/\\\/www.rucashk.com\\\/pt\\\/author\\\/admin\\\/\",\"name\":\"admin\",\"image\":{\"@type\":\"ImageObject\",\"@id\":\"https:\\\/\\\/www.rucashk.com\\\/pt\\\/produto\\\/oneplus-9-128g\\\/#authorImage\",\"url\":\"https:\\\/\\\/secure.gravatar.com\\\/avatar\\\/b7c8925b09a27e72b30232f8ecaadbd5af0f70a38c78096863fe51b64f031c24?s=96&d=mm&r=g\",\"width\":96,\"height\":96,\"caption\":\"admin\"}},{\"@type\":\"WebPage\",\"@id\":\"https:\\\/\\\/www.rucashk.com\\\/pt\\\/produto\\\/oneplus-9-128g\\\/#webpage\",\"url\":\"https:\\\/\\\/www.rucashk.com\\\/pt\\\/produto\\\/oneplus-9-128g\\\/\",\"name\":\"OnePlus 9 128G - Rucas - Wholesale and Distribution\",\"description\":\"Model: OnePlus 9 Display: 6.55'', 20:9, 2400x1080 402 ppi, 120 Hz Fluid AMOLED, sRGB, Display P3 OS: OxygenOS based on Android 11 CPU: Qualcomm Snapdragon 888, 5G Chipset: X60 Storage: 8GB RAM+128GB ROM\\\/12GB RAM+256GB ROM Battery: 4500mAh, Warp Charge 65T(10V\\\/6.5A) Rear Camera: 48MP(IMX689)+50MP(IMX766)+2MP Front Camera: 16MP(IMX471), Face Unlock Features: CN Version With Global ROM, support Google Service, Multi-languages and OTA update, In-display Fingerprint, Bluetooth 5.2, NFC Connectivity: Dual Nano SIM Card Slot\",\"inLanguage\":\"pt-PT\",\"isPartOf\":{\"@id\":\"https:\\\/\\\/www.rucashk.com\\\/pt\\\/#website\"},\"breadcrumb\":{\"@id\":\"https:\\\/\\\/www.rucashk.com\\\/pt\\\/produto\\\/oneplus-9-128g\\\/#breadcrumblist\"},\"author\":{\"@id\":\"https:\\\/\\\/www.rucashk.com\\\/pt\\\/author\\\/admin\\\/#author\"},\"creator\":{\"@id\":\"https:\\\/\\\/www.rucashk.com\\\/pt\\\/author\\\/admin\\\/#author\"},\"image\":{\"@type\":\"ImageObject\",\"url\":\"https:\\\/\\\/www.rucashk.com\\\/wp-content\\\/uploads\\\/2024\\\/01\\\/5-3-1.jpg\",\"@id\":\"https:\\\/\\\/www.rucashk.com\\\/pt\\\/produto\\\/oneplus-9-128g\\\/#mainImage\",\"width\":800,\"height\":800},\"primaryImageOfPage\":{\"@id\":\"https:\\\/\\\/www.rucashk.com\\\/pt\\\/produto\\\/oneplus-9-128g\\\/#mainImage\"},\"datePublished\":\"2024-01-09T16:15:02+00:00\",\"dateModified\":\"2024-01-23T10:18:40+00:00\"},{\"@type\":\"WebSite\",\"@id\":\"https:\\\/\\\/www.rucashk.com\\\/pt\\\/#website\",\"url\":\"https:\\\/\\\/www.rucashk.com\\\/pt\\\/\",\"name\":\"Rucas - Wholesale and distribution worldwide\",\"alternateName\":\"Rucas - One-stop AIoT Distribution Worldwide\",\"description\":\"One-stop AIoT Distribution Worldwide\",\"inLanguage\":\"pt-PT\",\"publisher\":{\"@id\":\"https:\\\/\\\/www.rucashk.com\\\/pt\\\/#organization\"}}]}\n\t\t<\/script>\n\t\t<!-- All in One SEO Pro -->\r\n\t\t<title>OnePlus 9 128G - Rucas - Wholesale and Distribution<\/title>\n\n","aioseo_head_json":{"title":"OnePlus 9 128G - Rucas - Wholesale and Distribution","description":"Model: OnePlus 9 Display: 6.55'', 20:9, 2400x1080 402 ppi, 120 Hz Fluid AMOLED, sRGB, Display P3 OS: OxygenOS based on Android 11 CPU: Qualcomm Snapdragon 888, 5G Chipset: X60 Storage: 8GB RAM+128GB ROM\/12GB RAM+256GB ROM Battery: 4500mAh, Warp Charge 65T(10V\/6.5A) Rear Camera: 48MP(IMX689)+50MP(IMX766)+2MP Front Camera: 16MP(IMX471), Face Unlock Features: CN Version With Global ROM, support Google Service, Multi-languages and OTA update, In-display Fingerprint, Bluetooth 5.2, NFC Connectivity: Dual Nano SIM Card Slot","canonical_url":"https:\/\/www.rucashk.com\/pt\/produto\/oneplus-9-128g\/","robots":"max-image-preview:large","keywords":"","webmasterTools":{"miscellaneous":""},"og:locale":"pt_PT","og:site_name":"Rucas - One-stop AIoT Distribution Worldwide","og:type":"article","og:title":"OnePlus 9 128G - Rucas - Wholesale and Distribution","og:description":"Model: OnePlus 9 Display: 6.55'', 20:9, 2400x1080 402 ppi, 120 Hz Fluid AMOLED, sRGB, Display P3 OS: OxygenOS based on Android 11 CPU: Qualcomm Snapdragon 888, 5G Chipset: X60 Storage: 8GB RAM+128GB ROM\/12GB RAM+256GB ROM Battery: 4500mAh, Warp Charge 65T(10V\/6.5A) Rear Camera: 48MP(IMX689)+50MP(IMX766)+2MP Front Camera: 16MP(IMX471), Face Unlock Features: CN Version With Global ROM, support Google Service, Multi-languages and OTA update, In-display Fingerprint, Bluetooth 5.2, NFC Connectivity: Dual Nano SIM Card Slot","og:url":"https:\/\/www.rucashk.com\/pt\/produto\/oneplus-9-128g\/","og:image":"https:\/\/www.rucashk.com\/wp-content\/uploads\/replace\/503b8e645f128a97ccde2b6290747646.jpeg","og:image:secure_url":"https:\/\/www.rucashk.com\/wp-content\/uploads\/replace\/503b8e645f128a97ccde2b6290747646.jpeg","og:image:width":1456,"og:image:height":816,"article:published_time":"2024-01-09T16:15:02+00:00","article:modified_time":"2024-01-23T10:18:40+00:00","twitter:card":"summary_large_image","twitter:title":"OnePlus 9 128G - Rucas - Wholesale and Distribution","twitter:description":"Model: OnePlus 9 Display: 6.55'', 20:9, 2400x1080 402 ppi, 120 Hz Fluid AMOLED, sRGB, Display P3 OS: OxygenOS based on Android 11 CPU: Qualcomm Snapdragon 888, 5G Chipset: X60 Storage: 8GB RAM+128GB ROM\/12GB RAM+256GB ROM Battery: 4500mAh, Warp Charge 65T(10V\/6.5A) Rear Camera: 48MP(IMX689)+50MP(IMX766)+2MP Front Camera: 16MP(IMX471), Face Unlock Features: CN Version With Global ROM, support Google Service, Multi-languages and OTA update, In-display Fingerprint, Bluetooth 5.2, NFC Connectivity: Dual Nano SIM Card Slot","twitter:image":"https:\/\/www.rucashk.com\/wp-content\/uploads\/replace\/503b8e645f128a97ccde2b6290747646.jpeg","schema":{"@context":"https:\/\/schema.org","@graph":[{"@type":"BreadcrumbList","@id":"https:\/\/www.rucashk.com\/pt\/produto\/oneplus-9-128g\/#breadcrumblist","itemListElement":[{"@type":"ListItem","@id":"https:\/\/www.rucashk.com\/pt\/#listItem","position":1,"name":"Home","item":"https:\/\/www.rucashk.com\/pt\/","nextItem":"https:\/\/www.rucashk.com\/pt\/produto\/oneplus-9-128g\/#listItem"},{"@type":"ListItem","@id":"https:\/\/www.rucashk.com\/pt\/produto\/oneplus-9-128g\/#listItem","position":2,"name":"OnePlus 9 128G","previousItem":"https:\/\/www.rucashk.com\/pt\/#listItem"}]},{"@type":"Organization","@id":"https:\/\/www.rucashk.com\/pt\/#organization","name":"Rucas","url":"https:\/\/www.rucashk.com\/pt\/","logo":{"@type":"ImageObject","url":"https:\/\/www.rucashk.com\/wp-content\/uploads\/2023\/12\/Rucas_campany_logo.png","@id":"https:\/\/www.rucashk.com\/pt\/produto\/oneplus-9-128g\/#organizationLogo","width":221,"height":65},"image":{"@id":"https:\/\/www.rucashk.com\/pt\/#organizationLogo"}},{"@type":"Person","@id":"https:\/\/www.rucashk.com\/pt\/author\/admin\/#author","url":"https:\/\/www.rucashk.com\/pt\/author\/admin\/","name":"admin","image":{"@type":"ImageObject","@id":"https:\/\/www.rucashk.com\/pt\/produto\/oneplus-9-128g\/#authorImage","url":"https:\/\/secure.gravatar.com\/avatar\/b7c8925b09a27e72b30232f8ecaadbd5af0f70a38c78096863fe51b64f031c24?s=96&d=mm&r=g","width":96,"height":96,"caption":"admin"}},{"@type":"WebPage","@id":"https:\/\/www.rucashk.com\/pt\/produto\/oneplus-9-128g\/#webpage","url":"https:\/\/www.rucashk.com\/pt\/produto\/oneplus-9-128g\/","name":"OnePlus 9 128G - Rucas - Wholesale and Distribution","description":"Model: OnePlus 9 Display: 6.55'', 20:9, 2400x1080 402 ppi, 120 Hz Fluid AMOLED, sRGB, Display P3 OS: OxygenOS based on Android 11 CPU: Qualcomm Snapdragon 888, 5G Chipset: X60 Storage: 8GB RAM+128GB ROM\/12GB RAM+256GB ROM Battery: 4500mAh, Warp Charge 65T(10V\/6.5A) Rear Camera: 48MP(IMX689)+50MP(IMX766)+2MP Front Camera: 16MP(IMX471), Face Unlock Features: CN Version With Global ROM, support Google Service, Multi-languages and OTA update, In-display Fingerprint, Bluetooth 5.2, NFC Connectivity: Dual Nano SIM Card Slot","inLanguage":"pt-PT","isPartOf":{"@id":"https:\/\/www.rucashk.com\/pt\/#website"},"breadcrumb":{"@id":"https:\/\/www.rucashk.com\/pt\/produto\/oneplus-9-128g\/#breadcrumblist"},"author":{"@id":"https:\/\/www.rucashk.com\/pt\/author\/admin\/#author"},"creator":{"@id":"https:\/\/www.rucashk.com\/pt\/author\/admin\/#author"},"image":{"@type":"ImageObject","url":"https:\/\/www.rucashk.com\/wp-content\/uploads\/2024\/01\/5-3-1.jpg","@id":"https:\/\/www.rucashk.com\/pt\/produto\/oneplus-9-128g\/#mainImage","width":800,"height":800},"primaryImageOfPage":{"@id":"https:\/\/www.rucashk.com\/pt\/produto\/oneplus-9-128g\/#mainImage"},"datePublished":"2024-01-09T16:15:02+00:00","dateModified":"2024-01-23T10:18:40+00:00"},{"@type":"WebSite","@id":"https:\/\/www.rucashk.com\/pt\/#website","url":"https:\/\/www.rucashk.com\/pt\/","name":"Rucas - Wholesale and distribution worldwide","alternateName":"Rucas - One-stop AIoT Distribution Worldwide","description":"One-stop AIoT Distribution Worldwide","inLanguage":"pt-PT","publisher":{"@id":"https:\/\/www.rucashk.com\/pt\/#organization"}}]}},"aioseo_meta_data":{"post_id":"25207","title":null,"description":null,"keywords":null,"keyphrases":null,"primary_term":null,"canonical_url":null,"og_title":null,"og_description":null,"og_object_type":"default","og_image_type":"default","og_image_url":null,"og_image_width":null,"og_image_height":null,"og_image_custom_url":null,"og_image_custom_fields":null,"og_video":null,"og_custom_url":null,"og_article_section":null,"og_article_tags":null,"twitter_use_og":false,"twitter_card":"default","twitter_image_type":"default","twitter_image_url":null,"twitter_image_custom_url":null,"twitter_image_custom_fields":null,"twitter_title":null,"twitter_description":null,"schema":{"blockGraphs":[],"customGraphs":[],"default":{"data":{"Article":[],"Course":[],"Dataset":[],"FAQPage":[],"Movie":[],"Person":[],"Product":[],"Recipe":[],"Service":[],"SoftwareApplication":[],"WebPage":[]},"graphName":"","isEnabled":true},"graphs":[]},"schema_type":"default","schema_type_options":null,"pillar_content":false,"robots_default":true,"robots_noindex":false,"robots_noarchive":false,"robots_nosnippet":false,"robots_nofollow":false,"robots_noimageindex":false,"robots_noodp":false,"robots_notranslate":false,"robots_max_snippet":null,"robots_max_videopreview":null,"robots_max_imagepreview":"large","priority":null,"frequency":null,"local_seo":null,"breadcrumb_settings":null,"limit_modified_date":false,"created":"2024-04-11 01:57:18","updated":"2025-06-22 17:49:11"},"aioseo_breadcrumb":"<div class=\"aioseo-breadcrumbs\"><span class=\"aioseo-breadcrumb\">\n\t<a href=\"https:\/\/www.rucashk.com\/pt\" title=\"Home\">Home<\/a>\n<\/span><span class=\"aioseo-breadcrumb-separator\">&raquo;<\/span><span class=\"aioseo-breadcrumb\">\n\t<a href=\"https:\/\/www.rucashk.com\/pt\/products\/\" title=\"Produtos\">Produtos<\/a>\n<\/span><span class=\"aioseo-breadcrumb-separator\">&raquo;<\/span><span class=\"aioseo-breadcrumb\">\n\t<a href=\"https:\/\/www.rucashk.com\/pt\/categoria-produto\/mobile-phone\/\" title=\"Mobile Phone\">Mobile Phone<\/a>\n<\/span><span class=\"aioseo-breadcrumb-separator\">&raquo;<\/span><span class=\"aioseo-breadcrumb\">\n\t<a href=\"https:\/\/www.rucashk.com\/pt\/categoria-produto\/mobile-phone\/oneplus-mobile-phone\/\" title=\"Oneplus\">Oneplus<\/a>\n<\/span><span class=\"aioseo-breadcrumb-separator\">&raquo;<\/span><span class=\"aioseo-breadcrumb\">\n\tOnePlus 9 128G\n<\/span><\/div>","aioseo_breadcrumb_json":[{"label":"Home","link":"https:\/\/www.rucashk.com\/pt"},{"label":"Produtos","link":"https:\/\/www.rucashk.com\/pt\/products\/"},{"label":"Mobile Phone","link":"https:\/\/www.rucashk.com\/pt\/categoria-produto\/mobile-phone\/"},{"label":"Oneplus","link":"https:\/\/www.rucashk.com\/pt\/categoria-produto\/mobile-phone\/oneplus-mobile-phone\/"},{"label":"OnePlus 9 128G","link":"https:\/\/www.rucashk.com\/pt\/produto\/oneplus-9-128g\/"}],"_links":{"self":[{"href":"https:\/\/www.rucashk.com\/pt\/wp-json\/wp\/v2\/product\/25207","targetHints":{"allow":["GET"]}}],"collection":[{"href":"https:\/\/www.rucashk.com\/pt\/wp-json\/wp\/v2\/product"}],"about":[{"href":"https:\/\/www.rucashk.com\/pt\/wp-json\/wp\/v2\/types\/product"}],"wp:featuredmedia":[{"embeddable":true,"href":"https:\/\/www.rucashk.com\/pt\/wp-json\/wp\/v2\/media\/25274"}],"wp:attachment":[{"href":"https:\/\/www.rucashk.com\/pt\/wp-json\/wp\/v2\/media?parent=25207"}],"wp:term":[{"taxonomy":"product_brand","embeddable":true,"href":"https:\/\/www.rucashk.com\/pt\/wp-json\/wp\/v2\/product_brand?post=25207"},{"taxonomy":"product_cat","embeddable":true,"href":"https:\/\/www.rucashk.com\/pt\/wp-json\/wp\/v2\/product_cat?post=25207"},{"taxonomy":"product_tag","embeddable":true,"href":"https:\/\/www.rucashk.com\/pt\/wp-json\/wp\/v2\/product_tag?post=25207"}],"curies":[{"name":"wp","href":"https:\/\/api.w.org\/{rel}","templated":true}]}}