{"id":25182,"date":"2024-01-09T16:14:40","date_gmt":"2024-01-09T16:14:40","guid":{"rendered":"http:\/\/rucashk.com\/?post_type=product&#038;p=25182"},"modified":"2025-06-22T07:37:20","modified_gmt":"2025-06-22T07:37:20","slug":"xiaomi-mi-band-6","status":"publish","type":"product","link":"https:\/\/www.rucashk.com\/pt\/produto\/xiaomi-mi-band-6\/","title":{"rendered":"Xiaomi Mi Banda 6"},"content":{"rendered":"<div class=\"detailmodule_html\">\n<div class=\"detail-desc-decorate-richtext\">\n<div class=\"detailmodule_html\">\n<div class=\"detailmodule_html\">\n<p align=\"center\"><strong data-spm-anchor-id=\"a2g0o.detail.1000023.i0.3c184c349fMjKS\">Mi Banda 6<\/strong><\/p>\n<\/div>\n<p align=\"center\"><img fetchpriority=\"high\" decoding=\"async\" class=\"aligncenter\" src=\"\/wp-content\/uploads\/replace\/b22ff09a7204e549ca2f9dfc45ceb099.jpeg\" alt=\"Xiaomi Mi Band 6\" width=\"950\" height=\"700\" \/><img decoding=\"async\" class=\"aligncenter\" src=\"\/wp-content\/uploads\/replace\/e73fb8632cf9116e0a1adb99f4457bb6.jpeg\" alt=\"Xiaomi Mi Band 6\" width=\"950\" height=\"740\" \/><img decoding=\"async\" class=\"aligncenter\" src=\"\/wp-content\/uploads\/replace\/52b413cd36e3cd1d2fc0768e71d504c4.jpeg\" alt=\"Xiaomi Mi Band 6\" width=\"950\" height=\"550\" \/><\/p>\n<p align=\"center\">Tela inteira de 1,56\u2033<\/p>\n<p align=\"center\">Mi Band 6 com tela AMOLED de 1,56 em tela cheia, a \u00e1rea de exibi\u00e7\u00e3o foi aprimorada. Mostre mais informa\u00e7\u00f5es sobre sua mensagem, chamada recebida e avisos.<img loading=\"lazy\" decoding=\"async\" class=\"aligncenter\" src=\"\/wp-content\/uploads\/replace\/696478248274c8293e9a9b6e15edeaf0.jpeg\" alt=\"Xiaomi Mi Band 6\" width=\"950\" height=\"600\" \/><img loading=\"lazy\" decoding=\"async\" class=\"aligncenter\" src=\"\/wp-content\/uploads\/replace\/3516cbcdabf820bd23c62cfaeddb97ba.jpeg\" alt=\"Xiaomi Mi Band 6\" width=\"950\" height=\"550\" \/><\/p>\n<p align=\"center\">Tela Retina de alta resolu\u00e7\u00e3o 326PPI<\/p>\n<div><\/div>\n<p align=\"center\"><img loading=\"lazy\" decoding=\"async\" class=\"alignnone\" src=\"\/wp-content\/uploads\/replace\/fe37a74851aa1724992c1bd62f259d39.jpeg\" alt=\"Xiaomi Mi Band 6\" width=\"949\" height=\"579\" \/><\/p>\n<p align=\"center\">Mais de 130 mostradores de rel\u00f3gio em tela cheia<\/p>\n<p align=\"center\"><img loading=\"lazy\" decoding=\"async\" class=\"aligncenter\" src=\"\/wp-content\/uploads\/replace\/6278ad00b36efdab3c527d7aac2ed22d.jpeg\" alt=\"Xiaomi Mi Band 6\" width=\"950\" height=\"709\" \/><img loading=\"lazy\" decoding=\"async\" class=\"aligncenter\" src=\"\/wp-content\/uploads\/replace\/5775f7aaacc6102d459b8ab69e34bd79.jpeg\" alt=\"Xiaomi Mi Band 6\" width=\"950\" height=\"331\" \/><\/p>\n<p align=\"center\">Carregamento magn\u00e9tico<\/p>\n<p align=\"center\">14 dias de vida \u00fatil da bateria no modo normal*<\/p>\n<p align=\"center\"><img loading=\"lazy\" decoding=\"async\" class=\"aligncenter\" src=\"\/wp-content\/uploads\/replace\/ea43c8ba03c6efc06dee5c8f5ea5cd1c.jpeg\" alt=\"Xiaomi Mi Band 6\" width=\"950\" height=\"460\" \/><img loading=\"lazy\" decoding=\"async\" class=\"aligncenter\" src=\"\/wp-content\/uploads\/replace\/1319a26aee2096d2975cff3d55d73728.jpeg\" alt=\"Xiaomi Mi Band 6\" width=\"950\" height=\"382\" \/><\/p>\n<p align=\"center\">Modo de oxig\u00eanio no sangue<\/p>\n<p align=\"center\">Entenda profundamente sua condi\u00e7\u00e3o f\u00edsica<\/p>\n<div><\/div>\n<p align=\"center\"><img loading=\"lazy\" decoding=\"async\" class=\"aligncenter\" src=\"\/wp-content\/uploads\/replace\/a1191a010125aaede9eee602c9363a84.jpeg\" alt=\"Xiaomi Mi Band 6\" width=\"950\" height=\"548\" \/><\/p>\n<p align=\"center\">Monitoramento do sono 24 horas<\/p>\n<p align=\"center\">\u00c9 f\u00e1cil ter uma boa noite de sono<\/p>\n<p align=\"center\"><img loading=\"lazy\" decoding=\"async\" class=\"aligncenter\" src=\"\/wp-content\/uploads\/replace\/914878d9cad9f4ef95aafae890094a45.jpeg\" alt=\"Xiaomi Mi Band 6\" width=\"950\" height=\"495\" \/><\/p>\n<p align=\"center\">Monitoramento inteligente de frequ\u00eancia card\u00edaca 24 horas<br \/>\nObserve qualquer coisa fora do comum<\/p>\n<p align=\"center\"><img loading=\"lazy\" decoding=\"async\" class=\"aligncenter\" src=\"\/wp-content\/uploads\/replace\/b4496ce6fef4d63dd73df6e32907ec5f.jpeg\" alt=\"Xiaomi Mi Band 6\" width=\"950\" height=\"585\" \/><\/p>\n<p align=\"center\">Acompanhamento da sa\u00fade da mulher para registro e lembrete durante o ciclo mensal.<\/p>\n<p align=\"center\">Registra o ciclo menstrual e as fases da ovula\u00e7\u00e3o e fornece lembretes \u00fateis com anteced\u00eancia. Quanto mais voc\u00ea usa, mais ele te entende.<\/p>\n<p align=\"center\"><img loading=\"lazy\" decoding=\"async\" class=\"aligncenter\" src=\"\/wp-content\/uploads\/replace\/95897fdf22736aa767fe4eea784593a5.jpeg\" alt=\"Xiaomi Mi Band 6\" width=\"950\" height=\"670\" \/><img loading=\"lazy\" decoding=\"async\" class=\"aligncenter\" src=\"\/wp-content\/uploads\/replace\/740338ca6879bc469b816ce06f94c610.jpeg\" alt=\"Xiaomi Mi Band 6\" width=\"950\" height=\"450\" \/><\/p>\n<p align=\"center\">Mais de 30 modos esportivos profissionais<\/p>\n<div><\/div>\n<p align=\"center\"><img loading=\"lazy\" decoding=\"async\" class=\"aligncenter\" src=\"\/wp-content\/uploads\/replace\/0a23fc7c6b2ae464b855098949f2750f.jpeg\" alt=\"Xiaomi Mi Band 6\" width=\"950\" height=\"380\" \/><img loading=\"lazy\" decoding=\"async\" class=\"aligncenter\" src=\"\/wp-content\/uploads\/replace\/38c06740a15031d6c054d0e327f826ce.jpeg\" alt=\"Xiaomi Mi Band 6\" width=\"950\" height=\"560\" \/><\/p>\n<div class=\"detailmodule_html\">\n<p align=\"center\">Detecta automaticamente 6 atividades de condicionamento f\u00edsico, incluindo caminhada r\u00e1pida, esteira, corrida ao ar livre, ciclismo ao ar livre, m\u00e1quina de remo e aparelho el\u00edptico.<\/p>\n<\/div>\n<p align=\"center\"><img loading=\"lazy\" decoding=\"async\" class=\"aligncenter\" src=\"\/wp-content\/uploads\/replace\/6fcc5c1c1bdb9dc87efe3066f67c9e20.jpeg\" alt=\"Xiaomi Mi Band 6\" width=\"950\" height=\"750\" \/><\/p>\n<p align=\"center\">Mais fun\u00e7\u00f5es<\/p>\n<p align=\"center\"><img loading=\"lazy\" decoding=\"async\" class=\"aligncenter\" src=\"\/wp-content\/uploads\/replace\/273afe1e97943c313fce412d3ed4d0c4.jpeg\" alt=\"Xiaomi Mi Band 6\" width=\"950\" height=\"320\" \/><\/p>\n<\/div>\n<\/div>\n<\/div>\n<div class=\"detailmodule_dynamic\">\n<div>\n<p><img loading=\"lazy\" decoding=\"async\" class=\"aligncenter\" src=\"\/wp-content\/uploads\/replace\/5b4e5bb386aa6788402d14ace5490ccf.jpeg\" alt=\"Xiaomi Mi Band 6\" width=\"940\" height=\"350\" data-spm-anchor-id=\"a2g0o.detail.1000023.i1.3c184c349fMjKS\" \/><\/p>\n<\/div>\n<\/div>","protected":false},"excerpt":{"rendered":"<p>Display: 1.56&#8243; AMOLED Display<br \/>\nBattery: 125mAh battery compacity, Up to 14 days (Recharging time ~2 Hours)<br \/>\nWater resistance: 5ATM water resistance up to 50m<br \/>\nActivity Tracking: Count steps, distance, calories burned, Female health monitor, Blood Oxygen<br \/>\nHealthy monitoring: 24\/7 Heart rate monitoring<br \/>\nSensor: 3-axis accelerometer, 3-axis gyroscope<br \/>\nConnective: Bluetooth 5.0 BLE<br \/>\nSystem requirement: Android 5.0, IOS 10 or above<\/p>","protected":false},"featured_media":25266,"template":"","meta":[],"product_brand":[1363],"product_cat":[1307,1305],"product_tag":[],"class_list":{"0":"post-25182","1":"product","2":"type-product","3":"status-publish","4":"has-post-thumbnail","6":"product_brand-xiaomi","7":"product_cat-mi-band-smartwatch","8":"product_cat-xiaomi-eco","10":"first","11":"instock","12":"shipping-taxable","13":"product-type-external"},"aioseo_notices":[],"aioseo_head":"\n\t\t<!-- All in One SEO Pro 4.5.9.2 - aioseo.com -->\n\t\t<meta name=\"description\" content=\"Display: 1.56&quot; AMOLED Display Battery: 125mAh battery compacity, Up to 14 days (Recharging time ~2 Hours) Water resistance: 5ATM water resistance up to 50m Activity Tracking: Count steps, distance, calories burned, Female health monitor, Blood Oxygen Healthy monitoring: 24\/7 Heart rate monitoring Sensor: 3-axis accelerometer, 3-axis gyroscope Connective: Bluetooth 5.0 BLE System requirement: Android 5.0, IOS 10 or above\" \/>\n\t\t<meta name=\"robots\" content=\"max-image-preview:large\" \/>\n\t\t<link rel=\"canonical\" href=\"https:\/\/www.rucashk.com\/pt\/produto\/xiaomi-mi-band-6\/\" \/>\n\t\t<meta name=\"generator\" content=\"All in One SEO Pro (AIOSEO) 4.5.9.2\" \/>\n\t\t<meta property=\"og:locale\" content=\"pt_PT\" \/>\n\t\t<meta property=\"og:site_name\" content=\"Rucas - One-stop AIoT Distribution Worldwide\" \/>\n\t\t<meta property=\"og:type\" content=\"article\" \/>\n\t\t<meta property=\"og:title\" content=\"Xiaomi Mi Band 6 - Rucas - Wholesale and Distribution\" \/>\n\t\t<meta property=\"og:description\" content=\"Display: 1.56&quot; AMOLED Display Battery: 125mAh battery compacity, Up to 14 days (Recharging time ~2 Hours) Water resistance: 5ATM water resistance up to 50m Activity Tracking: Count steps, distance, calories burned, Female health monitor, Blood Oxygen Healthy monitoring: 24\/7 Heart rate monitoring Sensor: 3-axis accelerometer, 3-axis gyroscope Connective: Bluetooth 5.0 BLE System requirement: Android 5.0, IOS 10 or above\" \/>\n\t\t<meta property=\"og:url\" content=\"https:\/\/www.rucashk.com\/pt\/produto\/xiaomi-mi-band-6\/\" \/>\n\t\t<meta property=\"og:image\" content=\"https:\/\/www.rucashk.com\/wp-content\/uploads\/replace\/503b8e645f128a97ccde2b6290747646.jpeg\" \/>\n\t\t<meta property=\"og:image:secure_url\" content=\"https:\/\/www.rucashk.com\/wp-content\/uploads\/replace\/503b8e645f128a97ccde2b6290747646.jpeg\" \/>\n\t\t<meta property=\"og:image:width\" content=\"1456\" \/>\n\t\t<meta property=\"og:image:height\" content=\"816\" \/>\n\t\t<meta property=\"article:published_time\" content=\"2024-01-09T16:14:40+00:00\" \/>\n\t\t<meta property=\"article:modified_time\" content=\"2025-06-22T07:37:20+00:00\" \/>\n\t\t<meta name=\"twitter:card\" content=\"summary_large_image\" \/>\n\t\t<meta name=\"twitter:title\" content=\"Xiaomi Mi Band 6 - Rucas - Wholesale and Distribution\" \/>\n\t\t<meta name=\"twitter:description\" content=\"Display: 1.56&quot; AMOLED Display Battery: 125mAh battery compacity, Up to 14 days (Recharging time ~2 Hours) Water resistance: 5ATM water resistance up to 50m Activity Tracking: Count steps, distance, calories burned, Female health monitor, Blood Oxygen Healthy monitoring: 24\/7 Heart rate monitoring Sensor: 3-axis accelerometer, 3-axis gyroscope Connective: Bluetooth 5.0 BLE System requirement: Android 5.0, IOS 10 or above\" \/>\n\t\t<meta name=\"twitter:image\" content=\"https:\/\/www.rucashk.com\/wp-content\/uploads\/replace\/503b8e645f128a97ccde2b6290747646.jpeg\" \/>\n\t\t<script type=\"application\/ld+json\" class=\"aioseo-schema\">\n\t\t\t{\"@context\":\"https:\\\/\\\/schema.org\",\"@graph\":[{\"@type\":\"BreadcrumbList\",\"@id\":\"https:\\\/\\\/www.rucashk.com\\\/pt\\\/produto\\\/xiaomi-mi-band-6\\\/#breadcrumblist\",\"itemListElement\":[{\"@type\":\"ListItem\",\"@id\":\"https:\\\/\\\/www.rucashk.com\\\/pt\\\/#listItem\",\"position\":1,\"name\":\"Home\",\"item\":\"https:\\\/\\\/www.rucashk.com\\\/pt\\\/\",\"nextItem\":\"https:\\\/\\\/www.rucashk.com\\\/pt\\\/produto\\\/xiaomi-mi-band-6\\\/#listItem\"},{\"@type\":\"ListItem\",\"@id\":\"https:\\\/\\\/www.rucashk.com\\\/pt\\\/produto\\\/xiaomi-mi-band-6\\\/#listItem\",\"position\":2,\"name\":\"Xiaomi Mi Band 6\",\"previousItem\":\"https:\\\/\\\/www.rucashk.com\\\/pt\\\/#listItem\"}]},{\"@type\":\"Organization\",\"@id\":\"https:\\\/\\\/www.rucashk.com\\\/pt\\\/#organization\",\"name\":\"Rucas\",\"url\":\"https:\\\/\\\/www.rucashk.com\\\/pt\\\/\",\"logo\":{\"@type\":\"ImageObject\",\"url\":\"https:\\\/\\\/www.rucashk.com\\\/wp-content\\\/uploads\\\/2023\\\/12\\\/Rucas_campany_logo.png\",\"@id\":\"https:\\\/\\\/www.rucashk.com\\\/pt\\\/produto\\\/xiaomi-mi-band-6\\\/#organizationLogo\",\"width\":221,\"height\":65},\"image\":{\"@id\":\"https:\\\/\\\/www.rucashk.com\\\/pt\\\/#organizationLogo\"}},{\"@type\":\"Person\",\"@id\":\"https:\\\/\\\/www.rucashk.com\\\/pt\\\/author\\\/admin\\\/#author\",\"url\":\"https:\\\/\\\/www.rucashk.com\\\/pt\\\/author\\\/admin\\\/\",\"name\":\"admin\",\"image\":{\"@type\":\"ImageObject\",\"@id\":\"https:\\\/\\\/www.rucashk.com\\\/pt\\\/produto\\\/xiaomi-mi-band-6\\\/#authorImage\",\"url\":\"https:\\\/\\\/secure.gravatar.com\\\/avatar\\\/b7c8925b09a27e72b30232f8ecaadbd5af0f70a38c78096863fe51b64f031c24?s=96&d=mm&r=g\",\"width\":96,\"height\":96,\"caption\":\"admin\"}},{\"@type\":\"WebPage\",\"@id\":\"https:\\\/\\\/www.rucashk.com\\\/pt\\\/produto\\\/xiaomi-mi-band-6\\\/#webpage\",\"url\":\"https:\\\/\\\/www.rucashk.com\\\/pt\\\/produto\\\/xiaomi-mi-band-6\\\/\",\"name\":\"Xiaomi Mi Band 6 - Rucas - Wholesale and Distribution\",\"description\":\"Display: 1.56\\\" AMOLED Display Battery: 125mAh battery compacity, Up to 14 days (Recharging time ~2 Hours) Water resistance: 5ATM water resistance up to 50m Activity Tracking: Count steps, distance, calories burned, Female health monitor, Blood Oxygen Healthy monitoring: 24\\\/7 Heart rate monitoring Sensor: 3-axis accelerometer, 3-axis gyroscope Connective: Bluetooth 5.0 BLE System requirement: Android 5.0, IOS 10 or above\",\"inLanguage\":\"pt-PT\",\"isPartOf\":{\"@id\":\"https:\\\/\\\/www.rucashk.com\\\/pt\\\/#website\"},\"breadcrumb\":{\"@id\":\"https:\\\/\\\/www.rucashk.com\\\/pt\\\/produto\\\/xiaomi-mi-band-6\\\/#breadcrumblist\"},\"author\":{\"@id\":\"https:\\\/\\\/www.rucashk.com\\\/pt\\\/author\\\/admin\\\/#author\"},\"creator\":{\"@id\":\"https:\\\/\\\/www.rucashk.com\\\/pt\\\/author\\\/admin\\\/#author\"},\"image\":{\"@type\":\"ImageObject\",\"url\":\"https:\\\/\\\/www.rucashk.com\\\/wp-content\\\/uploads\\\/2024\\\/01\\\/4-3-3.jpg\",\"@id\":\"https:\\\/\\\/www.rucashk.com\\\/pt\\\/produto\\\/xiaomi-mi-band-6\\\/#mainImage\",\"width\":621,\"height\":646},\"primaryImageOfPage\":{\"@id\":\"https:\\\/\\\/www.rucashk.com\\\/pt\\\/produto\\\/xiaomi-mi-band-6\\\/#mainImage\"},\"datePublished\":\"2024-01-09T16:14:40+00:00\",\"dateModified\":\"2025-06-22T07:37:20+00:00\"},{\"@type\":\"WebSite\",\"@id\":\"https:\\\/\\\/www.rucashk.com\\\/pt\\\/#website\",\"url\":\"https:\\\/\\\/www.rucashk.com\\\/pt\\\/\",\"name\":\"Rucas - Wholesale and distribution worldwide\",\"alternateName\":\"Rucas - One-stop AIoT Distribution Worldwide\",\"description\":\"One-stop AIoT Distribution Worldwide\",\"inLanguage\":\"pt-PT\",\"publisher\":{\"@id\":\"https:\\\/\\\/www.rucashk.com\\\/pt\\\/#organization\"}}]}\n\t\t<\/script>\n\t\t<!-- All in One SEO Pro -->\r\n\t\t<title>Xiaomi Mi Band 6 - Rucas - Wholesale and Distribution<\/title>\n\n","aioseo_head_json":{"title":"Xiaomi Mi Band 6 - Rucas - Wholesale and Distribution","description":"Display: 1.56\" AMOLED Display Battery: 125mAh battery compacity, Up to 14 days (Recharging time ~2 Hours) Water resistance: 5ATM water resistance up to 50m Activity Tracking: Count steps, distance, calories burned, Female health monitor, Blood Oxygen Healthy monitoring: 24\/7 Heart rate monitoring Sensor: 3-axis accelerometer, 3-axis gyroscope Connective: Bluetooth 5.0 BLE System requirement: Android 5.0, IOS 10 or above","canonical_url":"https:\/\/www.rucashk.com\/pt\/produto\/xiaomi-mi-band-6\/","robots":"max-image-preview:large","keywords":"","webmasterTools":{"miscellaneous":""},"og:locale":"pt_PT","og:site_name":"Rucas - One-stop AIoT Distribution Worldwide","og:type":"article","og:title":"Xiaomi Mi Band 6 - Rucas - Wholesale and Distribution","og:description":"Display: 1.56&quot; AMOLED Display Battery: 125mAh battery compacity, Up to 14 days (Recharging time ~2 Hours) Water resistance: 5ATM water resistance up to 50m Activity Tracking: Count steps, distance, calories burned, Female health monitor, Blood Oxygen Healthy monitoring: 24\/7 Heart rate monitoring Sensor: 3-axis accelerometer, 3-axis gyroscope Connective: Bluetooth 5.0 BLE System requirement: Android 5.0, IOS 10 or above","og:url":"https:\/\/www.rucashk.com\/pt\/produto\/xiaomi-mi-band-6\/","og:image":"https:\/\/www.rucashk.com\/wp-content\/uploads\/replace\/503b8e645f128a97ccde2b6290747646.jpeg","og:image:secure_url":"https:\/\/www.rucashk.com\/wp-content\/uploads\/replace\/503b8e645f128a97ccde2b6290747646.jpeg","og:image:width":1456,"og:image:height":816,"article:published_time":"2024-01-09T16:14:40+00:00","article:modified_time":"2025-06-22T07:37:20+00:00","twitter:card":"summary_large_image","twitter:title":"Xiaomi Mi Band 6 - Rucas - Wholesale and Distribution","twitter:description":"Display: 1.56&quot; AMOLED Display Battery: 125mAh battery compacity, Up to 14 days (Recharging time ~2 Hours) Water resistance: 5ATM water resistance up to 50m Activity Tracking: Count steps, distance, calories burned, Female health monitor, Blood Oxygen Healthy monitoring: 24\/7 Heart rate monitoring Sensor: 3-axis accelerometer, 3-axis gyroscope Connective: Bluetooth 5.0 BLE System requirement: Android 5.0, IOS 10 or above","twitter:image":"https:\/\/www.rucashk.com\/wp-content\/uploads\/replace\/503b8e645f128a97ccde2b6290747646.jpeg","schema":{"@context":"https:\/\/schema.org","@graph":[{"@type":"BreadcrumbList","@id":"https:\/\/www.rucashk.com\/pt\/produto\/xiaomi-mi-band-6\/#breadcrumblist","itemListElement":[{"@type":"ListItem","@id":"https:\/\/www.rucashk.com\/pt\/#listItem","position":1,"name":"Home","item":"https:\/\/www.rucashk.com\/pt\/","nextItem":"https:\/\/www.rucashk.com\/pt\/produto\/xiaomi-mi-band-6\/#listItem"},{"@type":"ListItem","@id":"https:\/\/www.rucashk.com\/pt\/produto\/xiaomi-mi-band-6\/#listItem","position":2,"name":"Xiaomi Mi Band 6","previousItem":"https:\/\/www.rucashk.com\/pt\/#listItem"}]},{"@type":"Organization","@id":"https:\/\/www.rucashk.com\/pt\/#organization","name":"Rucas","url":"https:\/\/www.rucashk.com\/pt\/","logo":{"@type":"ImageObject","url":"https:\/\/www.rucashk.com\/wp-content\/uploads\/2023\/12\/Rucas_campany_logo.png","@id":"https:\/\/www.rucashk.com\/pt\/produto\/xiaomi-mi-band-6\/#organizationLogo","width":221,"height":65},"image":{"@id":"https:\/\/www.rucashk.com\/pt\/#organizationLogo"}},{"@type":"Person","@id":"https:\/\/www.rucashk.com\/pt\/author\/admin\/#author","url":"https:\/\/www.rucashk.com\/pt\/author\/admin\/","name":"admin","image":{"@type":"ImageObject","@id":"https:\/\/www.rucashk.com\/pt\/produto\/xiaomi-mi-band-6\/#authorImage","url":"https:\/\/secure.gravatar.com\/avatar\/b7c8925b09a27e72b30232f8ecaadbd5af0f70a38c78096863fe51b64f031c24?s=96&d=mm&r=g","width":96,"height":96,"caption":"admin"}},{"@type":"WebPage","@id":"https:\/\/www.rucashk.com\/pt\/produto\/xiaomi-mi-band-6\/#webpage","url":"https:\/\/www.rucashk.com\/pt\/produto\/xiaomi-mi-band-6\/","name":"Xiaomi Mi Band 6 - Rucas - Wholesale and Distribution","description":"Display: 1.56\" AMOLED Display Battery: 125mAh battery compacity, Up to 14 days (Recharging time ~2 Hours) Water resistance: 5ATM water resistance up to 50m Activity Tracking: Count steps, distance, calories burned, Female health monitor, Blood Oxygen Healthy monitoring: 24\/7 Heart rate monitoring Sensor: 3-axis accelerometer, 3-axis gyroscope Connective: Bluetooth 5.0 BLE System requirement: Android 5.0, IOS 10 or above","inLanguage":"pt-PT","isPartOf":{"@id":"https:\/\/www.rucashk.com\/pt\/#website"},"breadcrumb":{"@id":"https:\/\/www.rucashk.com\/pt\/produto\/xiaomi-mi-band-6\/#breadcrumblist"},"author":{"@id":"https:\/\/www.rucashk.com\/pt\/author\/admin\/#author"},"creator":{"@id":"https:\/\/www.rucashk.com\/pt\/author\/admin\/#author"},"image":{"@type":"ImageObject","url":"https:\/\/www.rucashk.com\/wp-content\/uploads\/2024\/01\/4-3-3.jpg","@id":"https:\/\/www.rucashk.com\/pt\/produto\/xiaomi-mi-band-6\/#mainImage","width":621,"height":646},"primaryImageOfPage":{"@id":"https:\/\/www.rucashk.com\/pt\/produto\/xiaomi-mi-band-6\/#mainImage"},"datePublished":"2024-01-09T16:14:40+00:00","dateModified":"2025-06-22T07:37:20+00:00"},{"@type":"WebSite","@id":"https:\/\/www.rucashk.com\/pt\/#website","url":"https:\/\/www.rucashk.com\/pt\/","name":"Rucas - Wholesale and distribution worldwide","alternateName":"Rucas - One-stop AIoT Distribution Worldwide","description":"One-stop AIoT Distribution Worldwide","inLanguage":"pt-PT","publisher":{"@id":"https:\/\/www.rucashk.com\/pt\/#organization"}}]}},"aioseo_meta_data":{"post_id":"25182","title":null,"description":null,"keywords":null,"keyphrases":null,"primary_term":null,"canonical_url":null,"og_title":null,"og_description":null,"og_object_type":"default","og_image_type":"default","og_image_url":null,"og_image_width":null,"og_image_height":null,"og_image_custom_url":null,"og_image_custom_fields":null,"og_video":null,"og_custom_url":null,"og_article_section":null,"og_article_tags":null,"twitter_use_og":false,"twitter_card":"default","twitter_image_type":"default","twitter_image_url":null,"twitter_image_custom_url":null,"twitter_image_custom_fields":null,"twitter_title":null,"twitter_description":null,"schema":{"blockGraphs":[],"customGraphs":[],"default":{"data":{"Article":[],"Course":[],"Dataset":[],"FAQPage":[],"Movie":[],"Person":[],"Product":[],"Recipe":[],"Service":[],"SoftwareApplication":[],"WebPage":[]},"graphName":"","isEnabled":true},"graphs":[]},"schema_type":"default","schema_type_options":null,"pillar_content":false,"robots_default":true,"robots_noindex":false,"robots_noarchive":false,"robots_nosnippet":false,"robots_nofollow":false,"robots_noimageindex":false,"robots_noodp":false,"robots_notranslate":false,"robots_max_snippet":null,"robots_max_videopreview":null,"robots_max_imagepreview":"large","priority":null,"frequency":null,"local_seo":null,"breadcrumb_settings":null,"limit_modified_date":false,"created":"2024-04-11 01:57:18","updated":"2025-06-22 17:49:10"},"aioseo_breadcrumb":"<div class=\"aioseo-breadcrumbs\"><span class=\"aioseo-breadcrumb\">\n\t<a href=\"https:\/\/www.rucashk.com\/pt\" title=\"Home\">Home<\/a>\n<\/span><span class=\"aioseo-breadcrumb-separator\">&raquo;<\/span><span class=\"aioseo-breadcrumb\">\n\t<a href=\"https:\/\/www.rucashk.com\/pt\/products\/\" title=\"Produtos\">Produtos<\/a>\n<\/span><span class=\"aioseo-breadcrumb-separator\">&raquo;<\/span><span class=\"aioseo-breadcrumb\">\n\t<a href=\"https:\/\/www.rucashk.com\/pt\/marca\/xiaomi\/\" title=\"Xiaomi\">Xiaomi<\/a>\n<\/span><span class=\"aioseo-breadcrumb-separator\">&raquo;<\/span><span class=\"aioseo-breadcrumb\">\n\tXiaomi Mi Band 6\n<\/span><\/div>","aioseo_breadcrumb_json":[{"label":"Home","link":"https:\/\/www.rucashk.com\/pt"},{"label":"Produtos","link":"https:\/\/www.rucashk.com\/pt\/products\/"},{"label":"Xiaomi","link":"https:\/\/www.rucashk.com\/pt\/marca\/xiaomi\/"},{"label":"Xiaomi Mi Band 6","link":"https:\/\/www.rucashk.com\/pt\/produto\/xiaomi-mi-band-6\/"}],"_links":{"self":[{"href":"https:\/\/www.rucashk.com\/pt\/wp-json\/wp\/v2\/product\/25182","targetHints":{"allow":["GET"]}}],"collection":[{"href":"https:\/\/www.rucashk.com\/pt\/wp-json\/wp\/v2\/product"}],"about":[{"href":"https:\/\/www.rucashk.com\/pt\/wp-json\/wp\/v2\/types\/product"}],"wp:featuredmedia":[{"embeddable":true,"href":"https:\/\/www.rucashk.com\/pt\/wp-json\/wp\/v2\/media\/25266"}],"wp:attachment":[{"href":"https:\/\/www.rucashk.com\/pt\/wp-json\/wp\/v2\/media?parent=25182"}],"wp:term":[{"taxonomy":"product_brand","embeddable":true,"href":"https:\/\/www.rucashk.com\/pt\/wp-json\/wp\/v2\/product_brand?post=25182"},{"taxonomy":"product_cat","embeddable":true,"href":"https:\/\/www.rucashk.com\/pt\/wp-json\/wp\/v2\/product_cat?post=25182"},{"taxonomy":"product_tag","embeddable":true,"href":"https:\/\/www.rucashk.com\/pt\/wp-json\/wp\/v2\/product_tag?post=25182"}],"curies":[{"name":"wp","href":"https:\/\/api.w.org\/{rel}","templated":true}]}}