{"id":25181,"date":"2024-01-09T16:14:40","date_gmt":"2024-01-09T16:14:40","guid":{"rendered":"http:\/\/rucashk.com\/?post_type=product&#038;p=25181"},"modified":"2025-06-22T07:37:20","modified_gmt":"2025-06-22T07:37:20","slug":"xiaomi-redmi-note-10-pro-128gb","status":"publish","type":"product","link":"https:\/\/www.rucashk.com\/pt\/produto\/xiaomi-redmi-note-10-pro-128gb\/","title":{"rendered":"Xiaomi Redmi Nota 10 Pro 128 GB"},"content":{"rendered":"<div class=\"detailmodule_html\">\n<div class=\"detail-desc-decorate-richtext\">\n<div class=\"detailmodule_html\">\n<div class=\"detailmodule_html\">\n<p align=\"center\" data-spm-anchor-id=\"a2g0o.detail.1000023.i0.319b6310YOAVhc\"><strong>Redmi Nota 10 Pr\u00f3<\/strong><\/p>\n<p><img decoding=\"async\" class=\"aligncenter\" src=\"https:\/\/www.rucashk.com\/wp-content\/uploads\/2021\/04\/Had2f08ddf91b4d5c976b43318d15d991d.jpg\" width=\"950px\" \/><\/p>\n<p align=\"center\"><img decoding=\"async\" class=\"aligncenter\" src=\"https:\/\/www.rucashk.com\/wp-content\/uploads\/2021\/04\/H1927dcbf07c44692a0459cc82329a2f3s.jpg\" width=\"950px\" \/><strong>C\u00e2mera qu\u00e1drupla de 108MP<\/strong><br \/>\nC\u00e2mera grande angular de 108 MP | C\u00e2mera ultra grande angular de 8 MP | C\u00e2mera telemacro de 5MP | Sensor de profundidade de 2 MP<\/p>\n<p><img decoding=\"async\" class=\"aligncenter\" src=\"https:\/\/www.rucashk.com\/wp-content\/uploads\/2021\/04\/Hcc782688160f4da3be1e98a29fb9f5d3k.jpg\" width=\"950px\" \/><\/p>\n<p align=\"center\"><strong>Veja detalhes que nunca foram vistos antes<\/strong><\/p>\n<p align=\"center\">A c\u00e2mera principal de 108 MP permite tirar fotos ultra n\u00edtidas. Aumente o zoom na sua foto para descobrir detalhes divertidos e inesperados.<\/p>\n<p><img decoding=\"async\" class=\"aligncenter\" src=\"https:\/\/www.rucashk.com\/wp-content\/uploads\/2021\/04\/H9dddb76700d442c3ace15e11ef7f4c51q.jpg\" width=\"950px\" \/><\/p>\n<div><\/div>\n<p align=\"center\"><strong>Combinando tr\u00eas tecnologias de ponta, a c\u00e2mera foi feita para fotografia noturna<\/strong><\/p>\n<p align=\"center\">A c\u00e2mera principal est\u00e1 equipada com ISO nativo duplo, com maior faixa din\u00e2mica, detalhes mais ricos e controle de ru\u00eddo profissional. Com a tecnologia binning 9 em 1, os pixels s\u00e3o combinados em pixels maiores de 2,1 \u03bcm, aumentando a sensibilidade \u00e0 luz em 900%. O modo noturno 2.0 com multiquadro RAW reduz efetivamente o ru\u00eddo e oferece imagens noturnas ultran\u00edtidas.<\/p>\n<p><img decoding=\"async\" class=\"aligncenter\" src=\"https:\/\/www.rucashk.com\/wp-content\/uploads\/2021\/04\/H7e2d85cf7fa94f4eaef7d0e67ae384c5s.jpg\" width=\"950px\" \/><\/p>\n<div><\/div>\n<p><img decoding=\"async\" class=\"aligncenter\" src=\"https:\/\/www.rucashk.com\/wp-content\/uploads\/2021\/04\/H3e609ca278264a69b9fd9180c6d47166f.jpg\" width=\"950px\" \/><\/p>\n<p align=\"center\"><strong>Deixe voc\u00ea se aproximar sem perder o foco<\/strong><\/p>\n<p align=\"center\">A c\u00e2mera telemacro de 5MP permite fotografar 2x mais perto do que uma lente macro comum, apresentando maravilhas visuais microsc\u00f3picas.<\/p>\n<p><img decoding=\"async\" class=\"aligncenter\" src=\"https:\/\/www.rucashk.com\/wp-content\/uploads\/2021\/04\/Hc517219cbf564315812422001791e14cI.jpg\" width=\"950px\" \/><\/p>\n<p align=\"center\"><strong>Fotografia computacional avan\u00e7ada inspira criatividade<\/strong><\/p>\n<p><img decoding=\"async\" class=\"aligncenter\" src=\"https:\/\/www.rucashk.com\/wp-content\/uploads\/2021\/04\/H9bed91dcd68d438587af5173385f9aa9B.gif\" width=\"950px\" \/><\/p>\n<p align=\"center\"><strong>Desafie seus limites com AMOLED de 120 Hz<\/strong><\/p>\n<p><img decoding=\"async\" class=\"aligncenter\" src=\"https:\/\/www.rucashk.com\/wp-content\/uploads\/2021\/04\/Hc8ac03f121c94300a3b4af36070c8e97G.jpg\" width=\"950px\" \/><\/p>\n<p><img decoding=\"async\" class=\"aligncenter\" src=\"https:\/\/www.rucashk.com\/wp-content\/uploads\/2021\/04\/H6ff928001cff49189bd02856c5b7d659T.jpg\" width=\"950px\" \/><\/p>\n<p><img decoding=\"async\" class=\"aligncenter\" src=\"https:\/\/www.rucashk.com\/wp-content\/uploads\/2021\/04\/Hffc386f94cce4399934666b988d9214cb.jpg\" width=\"950px\" \/><\/p>\n<div><\/div>\n<p align=\"center\"><strong>Velocidades desafiadoras de limite<\/strong><br \/>\nQualcomm Snapdragon 732G adota tecnologia de processamento de 8nm com arquitetura avan\u00e7ada de CPU e GPU, computa\u00e7\u00e3o de dados aprimorada e capacidade de processamento de imagem, permitindo que seu dispositivo execute jogos exigentes e garantindo uma opera\u00e7\u00e3o suave.<br \/>\nUFS 2.2, velocidade de grava\u00e7\u00e3o sequencial aumentada em 100%<\/p>\n<p><img decoding=\"async\" class=\"aligncenter\" src=\"https:\/\/www.rucashk.com\/wp-content\/uploads\/2021\/04\/H58071f9b6be84d4c8b8140c1221bd9ceg.jpg\" width=\"950px\" \/><\/p>\n<div><\/div>\n<p align=\"center\"><strong>Alto-falantes duplos, som poderoso e de qualidade<\/strong><br \/>\nA ampla gama de som e a grande cavidade sonora oferecem um som tridimensional e poderoso. Seja ouvindo m\u00fasica, assistindo v\u00eddeos ou jogando, voc\u00ea ter\u00e1 uma experi\u00eancia de \u00e1udio envolvente e emocionante.<\/p>\n<p align=\"center\"><img decoding=\"async\" class=\"aligncenter\" src=\"https:\/\/www.rucashk.com\/wp-content\/uploads\/2021\/04\/H8bed74487b8449378b3b7918426c4b9e8.jpg\" width=\"950px\" \/><\/p>\n<p align=\"center\">Desafie seus limites com SLEEK DESIGN<\/p>\n<p><img decoding=\"async\" class=\"aligncenter\" src=\"https:\/\/www.rucashk.com\/wp-content\/uploads\/2021\/04\/H59af28644f8e43d89990e6102e25c5f1i.jpg\" width=\"950px\" \/><\/p>\n<p align=\"center\"><strong>Agrad\u00e1vel aos olhos, confort\u00e1vel na m\u00e3o<\/strong><br \/>\nAs tr\u00eas op\u00e7\u00f5es de cores, com acabamento fosco ou brilhante, oferecem diversos estilos. Com um corpo mais leve e fino*, voc\u00ea pode segur\u00e1-lo por mais tempo sem esfor\u00e7o, exibindo seu design deslumbrante.<\/p>\n<p><img decoding=\"async\" class=\"aligncenter\" src=\"https:\/\/www.rucashk.com\/wp-content\/uploads\/2021\/04\/H451a1c6840e940d3a3245ad963f36e1aw.gif\" width=\"950px\" \/><\/p>\n<p><img decoding=\"async\" class=\"aligncenter\" src=\"https:\/\/www.rucashk.com\/wp-content\/uploads\/2021\/04\/He8a24f798b9042ab8d5d225f4aa62798s.jpg\" \/><\/p>\n<p><img decoding=\"async\" class=\"aligncenter\" src=\"https:\/\/www.rucashk.com\/wp-content\/uploads\/2021\/04\/H4069b85a26b84246a39e78d0b98afd9dt.jpg\" \/><\/p>\n<p><img decoding=\"async\" class=\"aligncenter\" src=\"https:\/\/www.rucashk.com\/wp-content\/uploads\/2021\/04\/Hd6bdb1fc09bd4bedae0320f516c47e21Q.jpg\" \/><img decoding=\"async\" class=\"aligncenter\" src=\"https:\/\/www.rucashk.com\/wp-content\/uploads\/2021\/04\/H132cc78b21934289aec3b808bc6399d76.jpg\" data-spm-anchor-id=\"a2g0o.detail.1000023.i1.319b6310YOAVhc\" \/><span class=\"xm-text f24 f-light\">Notas*5020mAh refere-se ao valor t\u00edpico da capacidade da bateria do Redmi Note 10 Pro.*A velocidade de grava\u00e7\u00e3o sequencial \u00e9 100% superior ao UFS 2.1. Testado nos laborat\u00f3rios internos da Xiaomi. Os resultados reais podem variar.*Em compara\u00e7\u00e3o com o Redmi Note 9 Pro, o corpo \u00e9 mais leve e mais fino.*As imagens e v\u00eddeos nesta p\u00e1gina s\u00e3o apenas para fins ilustrativos e podem n\u00e3o ser a representa\u00e7\u00e3o exata do produto.*Os telefones gerais usados para as compara\u00e7\u00f5es na p\u00e1gina s\u00e3o os pr\u00f3prios telefones celulares da Redmi.*Salvo indica\u00e7\u00e3o em contr\u00e1rio na p\u00e1gina do produto Redmi Note 10 Pro, todos os dados v\u00eam dos laborat\u00f3rios Xiaomi, especifica\u00e7\u00f5es de design de produtos e fornecedores. Os dados de teste podem variar ligeiramente devido a diferentes vers\u00f5es de software, vers\u00f5es de telefone testadas e ambientes de teste e podem n\u00e3o refletir o produto real.<\/span><\/p>\n<\/div>\n<div class=\"detailmodule_dynamic\"><\/div>\n<\/div>\n<div class=\"detailmodule_dynamic\"><\/div>\n<\/div>\n<\/div>\n<div class=\"detailmodule_dynamic\">\n<div>\n<p><img decoding=\"async\" class=\"aligncenter\" src=\"https:\/\/www.rucashk.com\/wp-content\/uploads\/2021\/04\/HTB1rsagTAzoK1RjSZFlq6yi4VXan.jpg\" \/><\/p>\n<\/div>\n<\/div>","protected":false},"excerpt":{"rendered":"<p>108MP Quad Camera, 6.67&#8243; Amoled 120Hz Display, Qualcomm 732G<\/p>\n<p>CPU: Snapdragon 732G Octa Core CPU<\/p>\n<p>Screen: 6.67 inch 2400x1080P FHD+ AMOLED DotDisplay, Refresh rate: 120Hz<\/p>\n<p>RAM + ROM: 6 GB + 128 GB<\/p>\n<p>Camera: 108MP+8MP+5MP+2MP Quad Rear Camera, 16MP Front Camera<\/p>\n<p>Battery: 5020mAh(Typ), Support 33W Fast Charging, In-box 33W Charger<\/p>\n<p>OS: MIUI 12, MIUI Global, Support Google Play, Multi-Language and OTA Update<\/p>\n<p>Other: WIFI, Bluetooth 5.1, GPS, Arc Side Fingerprint ID, AI Face Unlock, IR Blaster, NFC<\/p>","protected":false},"featured_media":25262,"template":"","meta":[],"product_brand":[1363],"product_cat":[1295,1297],"product_tag":[],"class_list":{"0":"post-25181","1":"product","2":"type-product","3":"status-publish","4":"has-post-thumbnail","6":"product_brand-xiaomi","7":"product_cat-mobile-phone","8":"product_cat-redmi-mobile-phone","10":"first","11":"instock","12":"shipping-taxable","13":"product-type-external"},"aioseo_notices":[],"aioseo_head":"\n\t\t<!-- All in One SEO Pro 4.5.9.2 - aioseo.com -->\n\t\t<meta name=\"description\" content=\"108MP Quad Camera, 6.67&quot; Amoled 120Hz Display, Qualcomm 732G CPU: Snapdragon 732G Octa Core CPU Screen: 6.67 inch 2400x1080P FHD+ AMOLED DotDisplay, Refresh rate: 120Hz RAM+ROM: 6GB + 128GB Camera: 108MP+8MP+5MP+2MP Quad Rear Camera, 16MP Front Camera Battery: 5020mAh(Typ), Support 33W Fast Charging, In-box 33W Charger OS: MIUI 12, MIUI Global, Support Google Play, Multi-Language and OTA Update Other: WIFI, Bluetooth 5.1, GPS, Arc Side Fingerprint ID, AI Face Unlock, IR Blaster, NFC\" \/>\n\t\t<meta name=\"robots\" content=\"max-image-preview:large\" \/>\n\t\t<link rel=\"canonical\" href=\"https:\/\/www.rucashk.com\/pt\/produto\/xiaomi-redmi-note-10-pro-128gb\/\" \/>\n\t\t<meta name=\"generator\" content=\"All in One SEO Pro (AIOSEO) 4.5.9.2\" \/>\n\t\t<meta property=\"og:locale\" content=\"pt_PT\" \/>\n\t\t<meta property=\"og:site_name\" content=\"Rucas - One-stop AIoT Distribution Worldwide\" \/>\n\t\t<meta property=\"og:type\" content=\"article\" \/>\n\t\t<meta property=\"og:title\" content=\"Xiaomi Redmi Note 10 Pro 128GB - Rucas - Wholesale and Distribution\" \/>\n\t\t<meta property=\"og:description\" content=\"108MP Quad Camera, 6.67&quot; Amoled 120Hz Display, Qualcomm 732G CPU: Snapdragon 732G Octa Core CPU Screen: 6.67 inch 2400x1080P FHD+ AMOLED DotDisplay, Refresh rate: 120Hz RAM+ROM: 6GB + 128GB Camera: 108MP+8MP+5MP+2MP Quad Rear Camera, 16MP Front Camera Battery: 5020mAh(Typ), Support 33W Fast Charging, In-box 33W Charger OS: MIUI 12, MIUI Global, Support Google Play, Multi-Language and OTA Update Other: WIFI, Bluetooth 5.1, GPS, Arc Side Fingerprint ID, AI Face Unlock, IR Blaster, NFC\" \/>\n\t\t<meta property=\"og:url\" content=\"https:\/\/www.rucashk.com\/pt\/produto\/xiaomi-redmi-note-10-pro-128gb\/\" \/>\n\t\t<meta property=\"og:image\" content=\"https:\/\/www.rucashk.com\/wp-content\/uploads\/replace\/503b8e645f128a97ccde2b6290747646.jpeg\" \/>\n\t\t<meta property=\"og:image:secure_url\" content=\"https:\/\/www.rucashk.com\/wp-content\/uploads\/replace\/503b8e645f128a97ccde2b6290747646.jpeg\" \/>\n\t\t<meta property=\"og:image:width\" content=\"1456\" \/>\n\t\t<meta property=\"og:image:height\" content=\"816\" \/>\n\t\t<meta property=\"article:published_time\" content=\"2024-01-09T16:14:40+00:00\" \/>\n\t\t<meta property=\"article:modified_time\" content=\"2025-06-22T07:37:20+00:00\" \/>\n\t\t<meta name=\"twitter:card\" content=\"summary_large_image\" \/>\n\t\t<meta name=\"twitter:title\" content=\"Xiaomi Redmi Note 10 Pro 128GB - Rucas - Wholesale and Distribution\" \/>\n\t\t<meta name=\"twitter:description\" content=\"108MP Quad Camera, 6.67&quot; Amoled 120Hz Display, Qualcomm 732G CPU: Snapdragon 732G Octa Core CPU Screen: 6.67 inch 2400x1080P FHD+ AMOLED DotDisplay, Refresh rate: 120Hz RAM+ROM: 6GB + 128GB Camera: 108MP+8MP+5MP+2MP Quad Rear Camera, 16MP Front Camera Battery: 5020mAh(Typ), Support 33W Fast Charging, In-box 33W Charger OS: MIUI 12, MIUI Global, Support Google Play, Multi-Language and OTA Update Other: WIFI, Bluetooth 5.1, GPS, Arc Side Fingerprint ID, AI Face Unlock, IR Blaster, NFC\" \/>\n\t\t<meta name=\"twitter:image\" content=\"https:\/\/www.rucashk.com\/wp-content\/uploads\/replace\/503b8e645f128a97ccde2b6290747646.jpeg\" \/>\n\t\t<script type=\"application\/ld+json\" class=\"aioseo-schema\">\n\t\t\t{\"@context\":\"https:\\\/\\\/schema.org\",\"@graph\":[{\"@type\":\"BreadcrumbList\",\"@id\":\"https:\\\/\\\/www.rucashk.com\\\/pt\\\/produto\\\/xiaomi-redmi-note-10-pro-128gb\\\/#breadcrumblist\",\"itemListElement\":[{\"@type\":\"ListItem\",\"@id\":\"https:\\\/\\\/www.rucashk.com\\\/pt\\\/#listItem\",\"position\":1,\"name\":\"Home\",\"item\":\"https:\\\/\\\/www.rucashk.com\\\/pt\\\/\",\"nextItem\":\"https:\\\/\\\/www.rucashk.com\\\/pt\\\/produto\\\/xiaomi-redmi-note-10-pro-128gb\\\/#listItem\"},{\"@type\":\"ListItem\",\"@id\":\"https:\\\/\\\/www.rucashk.com\\\/pt\\\/produto\\\/xiaomi-redmi-note-10-pro-128gb\\\/#listItem\",\"position\":2,\"name\":\"Xiaomi Redmi Note 10 Pro 128GB\",\"previousItem\":\"https:\\\/\\\/www.rucashk.com\\\/pt\\\/#listItem\"}]},{\"@type\":\"Organization\",\"@id\":\"https:\\\/\\\/www.rucashk.com\\\/pt\\\/#organization\",\"name\":\"Rucas\",\"url\":\"https:\\\/\\\/www.rucashk.com\\\/pt\\\/\",\"logo\":{\"@type\":\"ImageObject\",\"url\":\"https:\\\/\\\/www.rucashk.com\\\/wp-content\\\/uploads\\\/2023\\\/12\\\/Rucas_campany_logo.png\",\"@id\":\"https:\\\/\\\/www.rucashk.com\\\/pt\\\/produto\\\/xiaomi-redmi-note-10-pro-128gb\\\/#organizationLogo\",\"width\":221,\"height\":65},\"image\":{\"@id\":\"https:\\\/\\\/www.rucashk.com\\\/pt\\\/#organizationLogo\"}},{\"@type\":\"Person\",\"@id\":\"https:\\\/\\\/www.rucashk.com\\\/pt\\\/author\\\/admin\\\/#author\",\"url\":\"https:\\\/\\\/www.rucashk.com\\\/pt\\\/author\\\/admin\\\/\",\"name\":\"admin\",\"image\":{\"@type\":\"ImageObject\",\"@id\":\"https:\\\/\\\/www.rucashk.com\\\/pt\\\/produto\\\/xiaomi-redmi-note-10-pro-128gb\\\/#authorImage\",\"url\":\"https:\\\/\\\/secure.gravatar.com\\\/avatar\\\/b7c8925b09a27e72b30232f8ecaadbd5af0f70a38c78096863fe51b64f031c24?s=96&d=mm&r=g\",\"width\":96,\"height\":96,\"caption\":\"admin\"}},{\"@type\":\"WebPage\",\"@id\":\"https:\\\/\\\/www.rucashk.com\\\/pt\\\/produto\\\/xiaomi-redmi-note-10-pro-128gb\\\/#webpage\",\"url\":\"https:\\\/\\\/www.rucashk.com\\\/pt\\\/produto\\\/xiaomi-redmi-note-10-pro-128gb\\\/\",\"name\":\"Xiaomi Redmi Note 10 Pro 128GB - Rucas - Wholesale and Distribution\",\"description\":\"108MP Quad Camera, 6.67\\\" Amoled 120Hz Display, Qualcomm 732G CPU: Snapdragon 732G Octa Core CPU Screen: 6.67 inch 2400x1080P FHD+ AMOLED DotDisplay, Refresh rate: 120Hz RAM+ROM: 6GB + 128GB Camera: 108MP+8MP+5MP+2MP Quad Rear Camera, 16MP Front Camera Battery: 5020mAh(Typ), Support 33W Fast Charging, In-box 33W Charger OS: MIUI 12, MIUI Global, Support Google Play, Multi-Language and OTA Update Other: WIFI, Bluetooth 5.1, GPS, Arc Side Fingerprint ID, AI Face Unlock, IR Blaster, NFC\",\"inLanguage\":\"pt-PT\",\"isPartOf\":{\"@id\":\"https:\\\/\\\/www.rucashk.com\\\/pt\\\/#website\"},\"breadcrumb\":{\"@id\":\"https:\\\/\\\/www.rucashk.com\\\/pt\\\/produto\\\/xiaomi-redmi-note-10-pro-128gb\\\/#breadcrumblist\"},\"author\":{\"@id\":\"https:\\\/\\\/www.rucashk.com\\\/pt\\\/author\\\/admin\\\/#author\"},\"creator\":{\"@id\":\"https:\\\/\\\/www.rucashk.com\\\/pt\\\/author\\\/admin\\\/#author\"},\"image\":{\"@type\":\"ImageObject\",\"url\":\"https:\\\/\\\/www.rucashk.com\\\/wp-content\\\/uploads\\\/2024\\\/01\\\/21.jpg\",\"@id\":\"https:\\\/\\\/www.rucashk.com\\\/pt\\\/produto\\\/xiaomi-redmi-note-10-pro-128gb\\\/#mainImage\",\"width\":800,\"height\":800},\"primaryImageOfPage\":{\"@id\":\"https:\\\/\\\/www.rucashk.com\\\/pt\\\/produto\\\/xiaomi-redmi-note-10-pro-128gb\\\/#mainImage\"},\"datePublished\":\"2024-01-09T16:14:40+00:00\",\"dateModified\":\"2025-06-22T07:37:20+00:00\"},{\"@type\":\"WebSite\",\"@id\":\"https:\\\/\\\/www.rucashk.com\\\/pt\\\/#website\",\"url\":\"https:\\\/\\\/www.rucashk.com\\\/pt\\\/\",\"name\":\"Rucas - Wholesale and distribution worldwide\",\"alternateName\":\"Rucas - One-stop AIoT Distribution Worldwide\",\"description\":\"One-stop AIoT Distribution Worldwide\",\"inLanguage\":\"pt-PT\",\"publisher\":{\"@id\":\"https:\\\/\\\/www.rucashk.com\\\/pt\\\/#organization\"}}]}\n\t\t<\/script>\n\t\t<!-- All in One SEO Pro -->\r\n\t\t<title>Xiaomi Redmi Note 10 Pro 128GB - Rucas - Wholesale and Distribution<\/title>\n\n","aioseo_head_json":{"title":"Xiaomi Redmi Note 10 Pro 128GB - Rucas - Wholesale and Distribution","description":"108MP Quad Camera, 6.67\" Amoled 120Hz Display, Qualcomm 732G CPU: Snapdragon 732G Octa Core CPU Screen: 6.67 inch 2400x1080P FHD+ AMOLED DotDisplay, Refresh rate: 120Hz RAM+ROM: 6GB + 128GB Camera: 108MP+8MP+5MP+2MP Quad Rear Camera, 16MP Front Camera Battery: 5020mAh(Typ), Support 33W Fast Charging, In-box 33W Charger OS: MIUI 12, MIUI Global, Support Google Play, Multi-Language and OTA Update Other: WIFI, Bluetooth 5.1, GPS, Arc Side Fingerprint ID, AI Face Unlock, IR Blaster, NFC","canonical_url":"https:\/\/www.rucashk.com\/pt\/produto\/xiaomi-redmi-note-10-pro-128gb\/","robots":"max-image-preview:large","keywords":"","webmasterTools":{"miscellaneous":""},"og:locale":"pt_PT","og:site_name":"Rucas - One-stop AIoT Distribution Worldwide","og:type":"article","og:title":"Xiaomi Redmi Note 10 Pro 128GB - Rucas - Wholesale and Distribution","og:description":"108MP Quad Camera, 6.67&quot; Amoled 120Hz Display, Qualcomm 732G CPU: Snapdragon 732G Octa Core CPU Screen: 6.67 inch 2400x1080P FHD+ AMOLED DotDisplay, Refresh rate: 120Hz RAM+ROM: 6GB + 128GB Camera: 108MP+8MP+5MP+2MP Quad Rear Camera, 16MP Front Camera Battery: 5020mAh(Typ), Support 33W Fast Charging, In-box 33W Charger OS: MIUI 12, MIUI Global, Support Google Play, Multi-Language and OTA Update Other: WIFI, Bluetooth 5.1, GPS, Arc Side Fingerprint ID, AI Face Unlock, IR Blaster, NFC","og:url":"https:\/\/www.rucashk.com\/pt\/produto\/xiaomi-redmi-note-10-pro-128gb\/","og:image":"https:\/\/www.rucashk.com\/wp-content\/uploads\/replace\/503b8e645f128a97ccde2b6290747646.jpeg","og:image:secure_url":"https:\/\/www.rucashk.com\/wp-content\/uploads\/replace\/503b8e645f128a97ccde2b6290747646.jpeg","og:image:width":1456,"og:image:height":816,"article:published_time":"2024-01-09T16:14:40+00:00","article:modified_time":"2025-06-22T07:37:20+00:00","twitter:card":"summary_large_image","twitter:title":"Xiaomi Redmi Note 10 Pro 128GB - Rucas - Wholesale and Distribution","twitter:description":"108MP Quad Camera, 6.67&quot; Amoled 120Hz Display, Qualcomm 732G CPU: Snapdragon 732G Octa Core CPU Screen: 6.67 inch 2400x1080P FHD+ AMOLED DotDisplay, Refresh rate: 120Hz RAM+ROM: 6GB + 128GB Camera: 108MP+8MP+5MP+2MP Quad Rear Camera, 16MP Front Camera Battery: 5020mAh(Typ), Support 33W Fast Charging, In-box 33W Charger OS: MIUI 12, MIUI Global, Support Google Play, Multi-Language and OTA Update Other: WIFI, Bluetooth 5.1, GPS, Arc Side Fingerprint ID, AI Face Unlock, IR Blaster, NFC","twitter:image":"https:\/\/www.rucashk.com\/wp-content\/uploads\/replace\/503b8e645f128a97ccde2b6290747646.jpeg","schema":{"@context":"https:\/\/schema.org","@graph":[{"@type":"BreadcrumbList","@id":"https:\/\/www.rucashk.com\/pt\/produto\/xiaomi-redmi-note-10-pro-128gb\/#breadcrumblist","itemListElement":[{"@type":"ListItem","@id":"https:\/\/www.rucashk.com\/pt\/#listItem","position":1,"name":"Home","item":"https:\/\/www.rucashk.com\/pt\/","nextItem":"https:\/\/www.rucashk.com\/pt\/produto\/xiaomi-redmi-note-10-pro-128gb\/#listItem"},{"@type":"ListItem","@id":"https:\/\/www.rucashk.com\/pt\/produto\/xiaomi-redmi-note-10-pro-128gb\/#listItem","position":2,"name":"Xiaomi Redmi Note 10 Pro 128GB","previousItem":"https:\/\/www.rucashk.com\/pt\/#listItem"}]},{"@type":"Organization","@id":"https:\/\/www.rucashk.com\/pt\/#organization","name":"Rucas","url":"https:\/\/www.rucashk.com\/pt\/","logo":{"@type":"ImageObject","url":"https:\/\/www.rucashk.com\/wp-content\/uploads\/2023\/12\/Rucas_campany_logo.png","@id":"https:\/\/www.rucashk.com\/pt\/produto\/xiaomi-redmi-note-10-pro-128gb\/#organizationLogo","width":221,"height":65},"image":{"@id":"https:\/\/www.rucashk.com\/pt\/#organizationLogo"}},{"@type":"Person","@id":"https:\/\/www.rucashk.com\/pt\/author\/admin\/#author","url":"https:\/\/www.rucashk.com\/pt\/author\/admin\/","name":"admin","image":{"@type":"ImageObject","@id":"https:\/\/www.rucashk.com\/pt\/produto\/xiaomi-redmi-note-10-pro-128gb\/#authorImage","url":"https:\/\/secure.gravatar.com\/avatar\/b7c8925b09a27e72b30232f8ecaadbd5af0f70a38c78096863fe51b64f031c24?s=96&d=mm&r=g","width":96,"height":96,"caption":"admin"}},{"@type":"WebPage","@id":"https:\/\/www.rucashk.com\/pt\/produto\/xiaomi-redmi-note-10-pro-128gb\/#webpage","url":"https:\/\/www.rucashk.com\/pt\/produto\/xiaomi-redmi-note-10-pro-128gb\/","name":"Xiaomi Redmi Note 10 Pro 128GB - Rucas - Wholesale and Distribution","description":"108MP Quad Camera, 6.67\" Amoled 120Hz Display, Qualcomm 732G CPU: Snapdragon 732G Octa Core CPU Screen: 6.67 inch 2400x1080P FHD+ AMOLED DotDisplay, Refresh rate: 120Hz RAM+ROM: 6GB + 128GB Camera: 108MP+8MP+5MP+2MP Quad Rear Camera, 16MP Front Camera Battery: 5020mAh(Typ), Support 33W Fast Charging, In-box 33W Charger OS: MIUI 12, MIUI Global, Support Google Play, Multi-Language and OTA Update Other: WIFI, Bluetooth 5.1, GPS, Arc Side Fingerprint ID, AI Face Unlock, IR Blaster, NFC","inLanguage":"pt-PT","isPartOf":{"@id":"https:\/\/www.rucashk.com\/pt\/#website"},"breadcrumb":{"@id":"https:\/\/www.rucashk.com\/pt\/produto\/xiaomi-redmi-note-10-pro-128gb\/#breadcrumblist"},"author":{"@id":"https:\/\/www.rucashk.com\/pt\/author\/admin\/#author"},"creator":{"@id":"https:\/\/www.rucashk.com\/pt\/author\/admin\/#author"},"image":{"@type":"ImageObject","url":"https:\/\/www.rucashk.com\/wp-content\/uploads\/2024\/01\/21.jpg","@id":"https:\/\/www.rucashk.com\/pt\/produto\/xiaomi-redmi-note-10-pro-128gb\/#mainImage","width":800,"height":800},"primaryImageOfPage":{"@id":"https:\/\/www.rucashk.com\/pt\/produto\/xiaomi-redmi-note-10-pro-128gb\/#mainImage"},"datePublished":"2024-01-09T16:14:40+00:00","dateModified":"2025-06-22T07:37:20+00:00"},{"@type":"WebSite","@id":"https:\/\/www.rucashk.com\/pt\/#website","url":"https:\/\/www.rucashk.com\/pt\/","name":"Rucas - Wholesale and distribution worldwide","alternateName":"Rucas - One-stop AIoT Distribution Worldwide","description":"One-stop AIoT Distribution Worldwide","inLanguage":"pt-PT","publisher":{"@id":"https:\/\/www.rucashk.com\/pt\/#organization"}}]}},"aioseo_meta_data":{"post_id":"25181","title":null,"description":null,"keywords":null,"keyphrases":null,"primary_term":null,"canonical_url":null,"og_title":null,"og_description":null,"og_object_type":"default","og_image_type":"default","og_image_url":null,"og_image_width":null,"og_image_height":null,"og_image_custom_url":null,"og_image_custom_fields":null,"og_video":null,"og_custom_url":null,"og_article_section":null,"og_article_tags":null,"twitter_use_og":false,"twitter_card":"default","twitter_image_type":"default","twitter_image_url":null,"twitter_image_custom_url":null,"twitter_image_custom_fields":null,"twitter_title":null,"twitter_description":null,"schema":{"blockGraphs":[],"customGraphs":[],"default":{"data":{"Article":[],"Course":[],"Dataset":[],"FAQPage":[],"Movie":[],"Person":[],"Product":[],"Recipe":[],"Service":[],"SoftwareApplication":[],"WebPage":[]},"graphName":"","isEnabled":true},"graphs":[]},"schema_type":"default","schema_type_options":null,"pillar_content":false,"robots_default":true,"robots_noindex":false,"robots_noarchive":false,"robots_nosnippet":false,"robots_nofollow":false,"robots_noimageindex":false,"robots_noodp":false,"robots_notranslate":false,"robots_max_snippet":null,"robots_max_videopreview":null,"robots_max_imagepreview":"large","priority":null,"frequency":null,"local_seo":null,"breadcrumb_settings":null,"limit_modified_date":false,"created":"2024-04-11 01:57:18","updated":"2025-06-22 17:49:10"},"aioseo_breadcrumb":"<div class=\"aioseo-breadcrumbs\"><span class=\"aioseo-breadcrumb\">\n\t<a href=\"https:\/\/www.rucashk.com\/pt\" title=\"Home\">Home<\/a>\n<\/span><span class=\"aioseo-breadcrumb-separator\">&raquo;<\/span><span class=\"aioseo-breadcrumb\">\n\t<a href=\"https:\/\/www.rucashk.com\/pt\/products\/\" title=\"Produtos\">Produtos<\/a>\n<\/span><span class=\"aioseo-breadcrumb-separator\">&raquo;<\/span><span class=\"aioseo-breadcrumb\">\n\t<a href=\"https:\/\/www.rucashk.com\/pt\/marca\/xiaomi\/\" title=\"Xiaomi\">Xiaomi<\/a>\n<\/span><span class=\"aioseo-breadcrumb-separator\">&raquo;<\/span><span class=\"aioseo-breadcrumb\">\n\tXiaomi Redmi Note 10 Pro 128GB\n<\/span><\/div>","aioseo_breadcrumb_json":[{"label":"Home","link":"https:\/\/www.rucashk.com\/pt"},{"label":"Produtos","link":"https:\/\/www.rucashk.com\/pt\/products\/"},{"label":"Xiaomi","link":"https:\/\/www.rucashk.com\/pt\/marca\/xiaomi\/"},{"label":"Xiaomi Redmi Note 10 Pro 128GB","link":"https:\/\/www.rucashk.com\/pt\/produto\/xiaomi-redmi-note-10-pro-128gb\/"}],"_links":{"self":[{"href":"https:\/\/www.rucashk.com\/pt\/wp-json\/wp\/v2\/product\/25181","targetHints":{"allow":["GET"]}}],"collection":[{"href":"https:\/\/www.rucashk.com\/pt\/wp-json\/wp\/v2\/product"}],"about":[{"href":"https:\/\/www.rucashk.com\/pt\/wp-json\/wp\/v2\/types\/product"}],"wp:featuredmedia":[{"embeddable":true,"href":"https:\/\/www.rucashk.com\/pt\/wp-json\/wp\/v2\/media\/25262"}],"wp:attachment":[{"href":"https:\/\/www.rucashk.com\/pt\/wp-json\/wp\/v2\/media?parent=25181"}],"wp:term":[{"taxonomy":"product_brand","embeddable":true,"href":"https:\/\/www.rucashk.com\/pt\/wp-json\/wp\/v2\/product_brand?post=25181"},{"taxonomy":"product_cat","embeddable":true,"href":"https:\/\/www.rucashk.com\/pt\/wp-json\/wp\/v2\/product_cat?post=25181"},{"taxonomy":"product_tag","embeddable":true,"href":"https:\/\/www.rucashk.com\/pt\/wp-json\/wp\/v2\/product_tag?post=25181"}],"curies":[{"name":"wp","href":"https:\/\/api.w.org\/{rel}","templated":true}]}}