{"id":25124,"date":"2024-01-09T16:13:27","date_gmt":"2024-01-09T16:13:27","guid":{"rendered":"http:\/\/rucashk.com\/?post_type=product&#038;p=25124"},"modified":"2025-06-22T07:41:18","modified_gmt":"2025-06-22T07:41:18","slug":"mi-true-wireless-earbuds-basic-2s","status":"publish","type":"product","link":"https:\/\/www.rucashk.com\/pt\/produto\/mi-true-wireless-earbuds-basic-2s\/","title":{"rendered":"Mi verdadeiros fones de ouvido sem fio b\u00e1sicos 2s"},"content":{"rendered":"<p><strong>Est\u00e9reo sem fio verdadeiro<\/strong><\/p>\n<p>Mi True Wireless Earbuds Basic 2S permite que voc\u00ea ou\u00e7a m\u00fasica e fa\u00e7a chamadas sem cabos emaranhados irritantes.<img decoding=\"async\" alt=\"Mi true wireless earbuds basic 2s\" src=\"\/wp-content\/uploads\/replace\/2af86c409a37e4dcd02d71e06aefe44b.jpeg\" \/><\/p>\n<p><strong>Emparelhamento r\u00e1pido (MIUI Global)<\/strong><\/p>\n<p>Para telefones Mi\/Redmi compat\u00edveis, os fones de ouvido podem ser emparelhados facilmente por meio de uma janela pop-up.<\/p>\n<p><img decoding=\"async\" alt=\"Mi true wireless earbuds basic 2s\" src=\"\/wp-content\/uploads\/replace\/bdffae0379ef286a956a514aa2539ab5.jpeg\" \/><\/p>\n<p><strong>Detec\u00e7\u00e3o intra-auricular<\/strong><\/p>\n<p>O sensor integrado ajuda a pausar a m\u00fasica automaticamente quando um fone de ouvido \u00e9 removido.<img decoding=\"async\" alt=\"Mi true wireless earbuds basic 2s\" src=\"\/wp-content\/uploads\/replace\/b11c6c4b3b3ccacfa5688815830d9888.jpeg\" \/><br \/>\n<strong>Modo de jogo<\/strong><\/p>\n<p>Pressione o bot\u00e3o multifuncional tr\u00eas vezes consecutivas para ativar o modo de jogo, que pode reduzir o atraso do som.<img decoding=\"async\" alt=\"Mi true wireless earbuds basic 2s\" src=\"\/wp-content\/uploads\/replace\/7bc5b3fd42679f756a559c41919404fc.jpeg\" \/><strong>Comuta\u00e7\u00e3o cont\u00ednua \u00fanica\/binaural, pegue-a e use-a livremente<\/strong><\/p>\n<p>O m\u00e9todo de interconex\u00e3o foi atualizado novamente, sem restringir os dispositivos mestre e escravo, alternando perfeitamente entre o modo de ouvido \u00fanico e o modo binaural, levando-o conforme voc\u00ea avan\u00e7a, interpretando a verdadeira audi\u00e7\u00e3o livre.<img decoding=\"async\" alt=\"Mi true wireless earbuds basic 2s\" src=\"\/wp-content\/uploads\/replace\/b7b2881cd1c6df724a1cf391c5f11301.jpeg\" \/><strong>Bluetooth 5.0, conex\u00e3o mais r\u00e1pida e est\u00e1vel<\/strong><\/p>\n<p>Estabilidade aprimorada. Os fones de ouvido v\u00eam com uma estabilidade muito aprimorada, alimentada pelo processador Bluetooth 5.0 atualizado.<img decoding=\"async\" alt=\"Mi true wireless earbuds basic 2s\" src=\"\/wp-content\/uploads\/replace\/c3c16e7c40b7d562a76441269d99e3c7.jpeg\" \/><strong>20 horas de companhia, voc\u00ea s\u00f3 se diverte<\/strong><\/p>\n<p>Bateria de pol\u00edmero de \u00edon de l\u00edtio de alto desempenho, o fone de ouvido pode ser usado por cerca de 4 horas quando estiver totalmente carregado. Com uma caixa de carregamento de 600mAh, pode durar at\u00e9 cerca de 20 horas. Ele pode atender \u00e0s suas necessidades se voc\u00ea estiver viajando ou viajando.<img decoding=\"async\" alt=\"Mi true wireless earbuds basic 2s\" src=\"\/wp-content\/uploads\/replace\/78ff4466515d299fc6b2afa73a69e53d.jpeg\" \/><strong>Ou\u00e7a a melodia em movimento, desfrute de chamadas em alta defini\u00e7\u00e3o<\/strong><\/p>\n<p>Unidade ac\u00fastica profissional integrada de 7,2 mm, complementada pela tecnologia de redu\u00e7\u00e3o de ru\u00eddo digital DSP, melhora muito a sensa\u00e7\u00e3o de som surround e clareza de chamada, permitindo que voc\u00ea entre no mundo da m\u00fasica e desfrute de chamadas de alta defini\u00e7\u00e3o.<img decoding=\"async\" alt=\"Mi true wireless earbuds basic 2s\" src=\"\/wp-content\/uploads\/replace\/cb8f4f3e385daca0a93281a92ddc36ec.jpeg\" \/><strong>Toque multifuncional de uma tecla, aproveite facilidade e conveni\u00eancia<\/strong><\/p>\n<p>Atualiza\u00e7\u00e3o de toque, mais confort\u00e1vel sem pressionar o canal auditivo, controle multifuncional de um bot\u00e3o, aproveite a facilidade e conveni\u00eancia.<img decoding=\"async\" alt=\"Mi true wireless earbuds basic 2s\" src=\"\/wp-content\/uploads\/replace\/e7e785898febf8d62b2e017716e7720f.jpeg\" \/><strong>Mais detalhes, mais carinho<\/strong><\/p>\n<p>Assistente de voz | Compacto e port\u00e1til | Interface tipo C | Lembrete de bateria fraca para<br \/>\ncaixa de carregamento<img decoding=\"async\" alt=\"Mi true wireless earbuds basic 2s\" src=\"\/wp-content\/uploads\/replace\/71c7a9cf2e69e435e412672fb6ef72b3.jpeg\" \/><strong>Melhoria abrangente de desempenho<\/strong><img decoding=\"async\" alt=\"Mi true wireless earbuds basic 2s\" src=\"\/wp-content\/uploads\/replace\/00b8abc7030faf249171c7c56e2daff8.jpeg\" \/><\/p>","protected":false},"excerpt":{"rendered":"<p><strong><span data-spm-anchor-id=\"a2g0o.detail.1000023.i1.a6d63331sPADl9\">Fones de ouvido sem fio Xiaomi Mi True Basic 2S<\/span><\/strong><\/p>\n<p>Conex\u00e3o r\u00e1pida | Detec\u00e7\u00e3o intra-auricular\uff5cModo de jogo<\/p>\n<p data-spm-anchor-id=\"a2g0o.detail.1000023.i0.a6d63331sPADl9\">Modo de ouvido \u00fanico | Porta de carregamento tipo C<\/p>","protected":false},"featured_media":25221,"template":"","meta":[],"product_brand":[1363],"product_cat":[1306,1305],"product_tag":[],"class_list":{"0":"post-25124","1":"product","2":"type-product","3":"status-publish","4":"has-post-thumbnail","6":"product_brand-xiaomi","7":"product_cat-mi-redmi-earphone","8":"product_cat-xiaomi-eco","10":"first","11":"instock","12":"shipping-taxable","13":"product-type-external"},"aioseo_notices":[],"aioseo_head":"\n\t\t<!-- All in One SEO Pro 4.5.9.2 - aioseo.com -->\n\t\t<meta name=\"description\" content=\"Xiaomi Mi True Wireless Earbuds Basic 2S Fast Connection | In-ear Detection \uff5cGaming Mode Single Ear Mode \uff5c Type-C Charging Port\" \/>\n\t\t<meta name=\"robots\" content=\"max-image-preview:large\" \/>\n\t\t<link rel=\"canonical\" href=\"https:\/\/www.rucashk.com\/pt\/produto\/mi-true-wireless-earbuds-basic-2s\/\" \/>\n\t\t<meta name=\"generator\" content=\"All in One SEO Pro (AIOSEO) 4.5.9.2\" \/>\n\t\t<meta property=\"og:locale\" content=\"pt_PT\" \/>\n\t\t<meta property=\"og:site_name\" content=\"Rucas - One-stop AIoT Distribution Worldwide\" \/>\n\t\t<meta property=\"og:type\" content=\"article\" \/>\n\t\t<meta property=\"og:title\" content=\"Mi true wireless earbuds basic 2s - Rucas - Wholesale and Distribution\" \/>\n\t\t<meta property=\"og:description\" content=\"Xiaomi Mi True Wireless Earbuds Basic 2S Fast Connection | In-ear Detection \uff5cGaming Mode Single Ear Mode \uff5c Type-C Charging Port\" \/>\n\t\t<meta property=\"og:url\" content=\"https:\/\/www.rucashk.com\/pt\/produto\/mi-true-wireless-earbuds-basic-2s\/\" \/>\n\t\t<meta property=\"og:image\" content=\"https:\/\/www.rucashk.com\/wp-content\/uploads\/replace\/503b8e645f128a97ccde2b6290747646.jpeg\" \/>\n\t\t<meta property=\"og:image:secure_url\" content=\"https:\/\/www.rucashk.com\/wp-content\/uploads\/replace\/503b8e645f128a97ccde2b6290747646.jpeg\" \/>\n\t\t<meta property=\"og:image:width\" content=\"1456\" \/>\n\t\t<meta property=\"og:image:height\" content=\"816\" \/>\n\t\t<meta property=\"article:published_time\" content=\"2024-01-09T16:13:27+00:00\" \/>\n\t\t<meta property=\"article:modified_time\" content=\"2025-06-22T07:41:18+00:00\" \/>\n\t\t<meta name=\"twitter:card\" content=\"summary_large_image\" \/>\n\t\t<meta name=\"twitter:title\" content=\"Mi true wireless earbuds basic 2s - Rucas - Wholesale and Distribution\" \/>\n\t\t<meta name=\"twitter:description\" content=\"Xiaomi Mi True Wireless Earbuds Basic 2S Fast Connection | In-ear Detection \uff5cGaming Mode Single Ear Mode \uff5c Type-C Charging Port\" \/>\n\t\t<meta name=\"twitter:image\" content=\"https:\/\/www.rucashk.com\/wp-content\/uploads\/replace\/503b8e645f128a97ccde2b6290747646.jpeg\" \/>\n\t\t<script type=\"application\/ld+json\" class=\"aioseo-schema\">\n\t\t\t{\"@context\":\"https:\\\/\\\/schema.org\",\"@graph\":[{\"@type\":\"BreadcrumbList\",\"@id\":\"https:\\\/\\\/www.rucashk.com\\\/pt\\\/produto\\\/mi-true-wireless-earbuds-basic-2s\\\/#breadcrumblist\",\"itemListElement\":[{\"@type\":\"ListItem\",\"@id\":\"https:\\\/\\\/www.rucashk.com\\\/pt\\\/#listItem\",\"position\":1,\"name\":\"Home\",\"item\":\"https:\\\/\\\/www.rucashk.com\\\/pt\\\/\",\"nextItem\":\"https:\\\/\\\/www.rucashk.com\\\/pt\\\/produto\\\/mi-true-wireless-earbuds-basic-2s\\\/#listItem\"},{\"@type\":\"ListItem\",\"@id\":\"https:\\\/\\\/www.rucashk.com\\\/pt\\\/produto\\\/mi-true-wireless-earbuds-basic-2s\\\/#listItem\",\"position\":2,\"name\":\"Mi true wireless earbuds basic 2s\",\"previousItem\":\"https:\\\/\\\/www.rucashk.com\\\/pt\\\/#listItem\"}]},{\"@type\":\"Organization\",\"@id\":\"https:\\\/\\\/www.rucashk.com\\\/pt\\\/#organization\",\"name\":\"Rucas\",\"url\":\"https:\\\/\\\/www.rucashk.com\\\/pt\\\/\",\"logo\":{\"@type\":\"ImageObject\",\"url\":\"https:\\\/\\\/www.rucashk.com\\\/wp-content\\\/uploads\\\/2023\\\/12\\\/Rucas_campany_logo.png\",\"@id\":\"https:\\\/\\\/www.rucashk.com\\\/pt\\\/produto\\\/mi-true-wireless-earbuds-basic-2s\\\/#organizationLogo\",\"width\":221,\"height\":65},\"image\":{\"@id\":\"https:\\\/\\\/www.rucashk.com\\\/pt\\\/#organizationLogo\"}},{\"@type\":\"Person\",\"@id\":\"https:\\\/\\\/www.rucashk.com\\\/pt\\\/author\\\/admin\\\/#author\",\"url\":\"https:\\\/\\\/www.rucashk.com\\\/pt\\\/author\\\/admin\\\/\",\"name\":\"admin\",\"image\":{\"@type\":\"ImageObject\",\"@id\":\"https:\\\/\\\/www.rucashk.com\\\/pt\\\/produto\\\/mi-true-wireless-earbuds-basic-2s\\\/#authorImage\",\"url\":\"https:\\\/\\\/secure.gravatar.com\\\/avatar\\\/b7c8925b09a27e72b30232f8ecaadbd5af0f70a38c78096863fe51b64f031c24?s=96&d=mm&r=g\",\"width\":96,\"height\":96,\"caption\":\"admin\"}},{\"@type\":\"WebPage\",\"@id\":\"https:\\\/\\\/www.rucashk.com\\\/pt\\\/produto\\\/mi-true-wireless-earbuds-basic-2s\\\/#webpage\",\"url\":\"https:\\\/\\\/www.rucashk.com\\\/pt\\\/produto\\\/mi-true-wireless-earbuds-basic-2s\\\/\",\"name\":\"Mi true wireless earbuds basic 2s - Rucas - Wholesale and Distribution\",\"description\":\"Xiaomi Mi True Wireless Earbuds Basic 2S Fast Connection | In-ear Detection \\uff5cGaming Mode Single Ear Mode \\uff5c Type-C Charging Port\",\"inLanguage\":\"pt-PT\",\"isPartOf\":{\"@id\":\"https:\\\/\\\/www.rucashk.com\\\/pt\\\/#website\"},\"breadcrumb\":{\"@id\":\"https:\\\/\\\/www.rucashk.com\\\/pt\\\/produto\\\/mi-true-wireless-earbuds-basic-2s\\\/#breadcrumblist\"},\"author\":{\"@id\":\"https:\\\/\\\/www.rucashk.com\\\/pt\\\/author\\\/admin\\\/#author\"},\"creator\":{\"@id\":\"https:\\\/\\\/www.rucashk.com\\\/pt\\\/author\\\/admin\\\/#author\"},\"image\":{\"@type\":\"ImageObject\",\"url\":\"https:\\\/\\\/www.rucashk.com\\\/wp-content\\\/uploads\\\/2024\\\/01\\\/2021-NEW-Xiaomi-Redmi-AirDots-2S-Wireless-Bluetooth-5-0-Charging-Earphone-In-Ear-stereo-bass.jpg\",\"@id\":\"https:\\\/\\\/www.rucashk.com\\\/pt\\\/produto\\\/mi-true-wireless-earbuds-basic-2s\\\/#mainImage\",\"width\":800,\"height\":800},\"primaryImageOfPage\":{\"@id\":\"https:\\\/\\\/www.rucashk.com\\\/pt\\\/produto\\\/mi-true-wireless-earbuds-basic-2s\\\/#mainImage\"},\"datePublished\":\"2024-01-09T16:13:27+00:00\",\"dateModified\":\"2025-06-22T07:41:18+00:00\"},{\"@type\":\"WebSite\",\"@id\":\"https:\\\/\\\/www.rucashk.com\\\/pt\\\/#website\",\"url\":\"https:\\\/\\\/www.rucashk.com\\\/pt\\\/\",\"name\":\"Rucas - Wholesale and distribution worldwide\",\"alternateName\":\"Rucas - One-stop AIoT Distribution Worldwide\",\"description\":\"One-stop AIoT Distribution Worldwide\",\"inLanguage\":\"pt-PT\",\"publisher\":{\"@id\":\"https:\\\/\\\/www.rucashk.com\\\/pt\\\/#organization\"}}]}\n\t\t<\/script>\n\t\t<!-- All in One SEO Pro -->\r\n\t\t<title>Mi true wireless earbuds basic 2s - Rucas - Wholesale and Distribution<\/title>\n\n","aioseo_head_json":{"title":"Mi true wireless earbuds basic 2s - Rucas - Wholesale and Distribution","description":"Xiaomi Mi True Wireless Earbuds Basic 2S Fast Connection | In-ear Detection \uff5cGaming Mode Single Ear Mode \uff5c Type-C Charging Port","canonical_url":"https:\/\/www.rucashk.com\/pt\/produto\/mi-true-wireless-earbuds-basic-2s\/","robots":"max-image-preview:large","keywords":"","webmasterTools":{"miscellaneous":""},"og:locale":"pt_PT","og:site_name":"Rucas - One-stop AIoT Distribution Worldwide","og:type":"article","og:title":"Mi true wireless earbuds basic 2s - Rucas - Wholesale and Distribution","og:description":"Xiaomi Mi True Wireless Earbuds Basic 2S Fast Connection | In-ear Detection \uff5cGaming Mode Single Ear Mode \uff5c Type-C Charging Port","og:url":"https:\/\/www.rucashk.com\/pt\/produto\/mi-true-wireless-earbuds-basic-2s\/","og:image":"https:\/\/www.rucashk.com\/wp-content\/uploads\/replace\/503b8e645f128a97ccde2b6290747646.jpeg","og:image:secure_url":"https:\/\/www.rucashk.com\/wp-content\/uploads\/replace\/503b8e645f128a97ccde2b6290747646.jpeg","og:image:width":1456,"og:image:height":816,"article:published_time":"2024-01-09T16:13:27+00:00","article:modified_time":"2025-06-22T07:41:18+00:00","twitter:card":"summary_large_image","twitter:title":"Mi true wireless earbuds basic 2s - Rucas - Wholesale and Distribution","twitter:description":"Xiaomi Mi True Wireless Earbuds Basic 2S Fast Connection | In-ear Detection \uff5cGaming Mode Single Ear Mode \uff5c Type-C Charging Port","twitter:image":"https:\/\/www.rucashk.com\/wp-content\/uploads\/replace\/503b8e645f128a97ccde2b6290747646.jpeg","schema":{"@context":"https:\/\/schema.org","@graph":[{"@type":"BreadcrumbList","@id":"https:\/\/www.rucashk.com\/pt\/produto\/mi-true-wireless-earbuds-basic-2s\/#breadcrumblist","itemListElement":[{"@type":"ListItem","@id":"https:\/\/www.rucashk.com\/pt\/#listItem","position":1,"name":"Home","item":"https:\/\/www.rucashk.com\/pt\/","nextItem":"https:\/\/www.rucashk.com\/pt\/produto\/mi-true-wireless-earbuds-basic-2s\/#listItem"},{"@type":"ListItem","@id":"https:\/\/www.rucashk.com\/pt\/produto\/mi-true-wireless-earbuds-basic-2s\/#listItem","position":2,"name":"Mi true wireless earbuds basic 2s","previousItem":"https:\/\/www.rucashk.com\/pt\/#listItem"}]},{"@type":"Organization","@id":"https:\/\/www.rucashk.com\/pt\/#organization","name":"Rucas","url":"https:\/\/www.rucashk.com\/pt\/","logo":{"@type":"ImageObject","url":"https:\/\/www.rucashk.com\/wp-content\/uploads\/2023\/12\/Rucas_campany_logo.png","@id":"https:\/\/www.rucashk.com\/pt\/produto\/mi-true-wireless-earbuds-basic-2s\/#organizationLogo","width":221,"height":65},"image":{"@id":"https:\/\/www.rucashk.com\/pt\/#organizationLogo"}},{"@type":"Person","@id":"https:\/\/www.rucashk.com\/pt\/author\/admin\/#author","url":"https:\/\/www.rucashk.com\/pt\/author\/admin\/","name":"admin","image":{"@type":"ImageObject","@id":"https:\/\/www.rucashk.com\/pt\/produto\/mi-true-wireless-earbuds-basic-2s\/#authorImage","url":"https:\/\/secure.gravatar.com\/avatar\/b7c8925b09a27e72b30232f8ecaadbd5af0f70a38c78096863fe51b64f031c24?s=96&d=mm&r=g","width":96,"height":96,"caption":"admin"}},{"@type":"WebPage","@id":"https:\/\/www.rucashk.com\/pt\/produto\/mi-true-wireless-earbuds-basic-2s\/#webpage","url":"https:\/\/www.rucashk.com\/pt\/produto\/mi-true-wireless-earbuds-basic-2s\/","name":"Mi true wireless earbuds basic 2s - Rucas - Wholesale and Distribution","description":"Xiaomi Mi True Wireless Earbuds Basic 2S Fast Connection | In-ear Detection \uff5cGaming Mode Single Ear Mode \uff5c Type-C Charging Port","inLanguage":"pt-PT","isPartOf":{"@id":"https:\/\/www.rucashk.com\/pt\/#website"},"breadcrumb":{"@id":"https:\/\/www.rucashk.com\/pt\/produto\/mi-true-wireless-earbuds-basic-2s\/#breadcrumblist"},"author":{"@id":"https:\/\/www.rucashk.com\/pt\/author\/admin\/#author"},"creator":{"@id":"https:\/\/www.rucashk.com\/pt\/author\/admin\/#author"},"image":{"@type":"ImageObject","url":"https:\/\/www.rucashk.com\/wp-content\/uploads\/2024\/01\/2021-NEW-Xiaomi-Redmi-AirDots-2S-Wireless-Bluetooth-5-0-Charging-Earphone-In-Ear-stereo-bass.jpg","@id":"https:\/\/www.rucashk.com\/pt\/produto\/mi-true-wireless-earbuds-basic-2s\/#mainImage","width":800,"height":800},"primaryImageOfPage":{"@id":"https:\/\/www.rucashk.com\/pt\/produto\/mi-true-wireless-earbuds-basic-2s\/#mainImage"},"datePublished":"2024-01-09T16:13:27+00:00","dateModified":"2025-06-22T07:41:18+00:00"},{"@type":"WebSite","@id":"https:\/\/www.rucashk.com\/pt\/#website","url":"https:\/\/www.rucashk.com\/pt\/","name":"Rucas - Wholesale and distribution worldwide","alternateName":"Rucas - One-stop AIoT Distribution Worldwide","description":"One-stop AIoT Distribution Worldwide","inLanguage":"pt-PT","publisher":{"@id":"https:\/\/www.rucashk.com\/pt\/#organization"}}]}},"aioseo_meta_data":{"post_id":"25124","title":null,"description":null,"keywords":null,"keyphrases":null,"primary_term":null,"canonical_url":null,"og_title":null,"og_description":null,"og_object_type":"default","og_image_type":"default","og_image_url":null,"og_image_width":null,"og_image_height":null,"og_image_custom_url":null,"og_image_custom_fields":null,"og_video":null,"og_custom_url":null,"og_article_section":null,"og_article_tags":null,"twitter_use_og":false,"twitter_card":"default","twitter_image_type":"default","twitter_image_url":null,"twitter_image_custom_url":null,"twitter_image_custom_fields":null,"twitter_title":null,"twitter_description":null,"schema":{"blockGraphs":[],"customGraphs":[],"default":{"data":{"Article":[],"Course":[],"Dataset":[],"FAQPage":[],"Movie":[],"Person":[],"Product":[],"Recipe":[],"Service":[],"SoftwareApplication":[],"WebPage":[]},"graphName":"","isEnabled":true},"graphs":[]},"schema_type":"default","schema_type_options":null,"pillar_content":false,"robots_default":true,"robots_noindex":false,"robots_noarchive":false,"robots_nosnippet":false,"robots_nofollow":false,"robots_noimageindex":false,"robots_noodp":false,"robots_notranslate":false,"robots_max_snippet":null,"robots_max_videopreview":null,"robots_max_imagepreview":"large","priority":null,"frequency":null,"local_seo":null,"breadcrumb_settings":null,"limit_modified_date":false,"created":"2024-04-11 01:57:17","updated":"2025-06-22 17:47:56"},"aioseo_breadcrumb":"<div class=\"aioseo-breadcrumbs\"><span class=\"aioseo-breadcrumb\">\n\t<a href=\"https:\/\/www.rucashk.com\/pt\" title=\"Home\">Home<\/a>\n<\/span><span class=\"aioseo-breadcrumb-separator\">&raquo;<\/span><span class=\"aioseo-breadcrumb\">\n\t<a href=\"https:\/\/www.rucashk.com\/pt\/products\/\" title=\"Produtos\">Produtos<\/a>\n<\/span><span class=\"aioseo-breadcrumb-separator\">&raquo;<\/span><span class=\"aioseo-breadcrumb\">\n\t<a href=\"https:\/\/www.rucashk.com\/pt\/marca\/xiaomi\/\" title=\"Xiaomi\">Xiaomi<\/a>\n<\/span><span class=\"aioseo-breadcrumb-separator\">&raquo;<\/span><span class=\"aioseo-breadcrumb\">\n\tMi true wireless earbuds basic 2s\n<\/span><\/div>","aioseo_breadcrumb_json":[{"label":"Home","link":"https:\/\/www.rucashk.com\/pt"},{"label":"Produtos","link":"https:\/\/www.rucashk.com\/pt\/products\/"},{"label":"Xiaomi","link":"https:\/\/www.rucashk.com\/pt\/marca\/xiaomi\/"},{"label":"Mi true wireless earbuds basic 2s","link":"https:\/\/www.rucashk.com\/pt\/produto\/mi-true-wireless-earbuds-basic-2s\/"}],"_links":{"self":[{"href":"https:\/\/www.rucashk.com\/pt\/wp-json\/wp\/v2\/product\/25124","targetHints":{"allow":["GET"]}}],"collection":[{"href":"https:\/\/www.rucashk.com\/pt\/wp-json\/wp\/v2\/product"}],"about":[{"href":"https:\/\/www.rucashk.com\/pt\/wp-json\/wp\/v2\/types\/product"}],"wp:featuredmedia":[{"embeddable":true,"href":"https:\/\/www.rucashk.com\/pt\/wp-json\/wp\/v2\/media\/25221"}],"wp:attachment":[{"href":"https:\/\/www.rucashk.com\/pt\/wp-json\/wp\/v2\/media?parent=25124"}],"wp:term":[{"taxonomy":"product_brand","embeddable":true,"href":"https:\/\/www.rucashk.com\/pt\/wp-json\/wp\/v2\/product_brand?post=25124"},{"taxonomy":"product_cat","embeddable":true,"href":"https:\/\/www.rucashk.com\/pt\/wp-json\/wp\/v2\/product_cat?post=25124"},{"taxonomy":"product_tag","embeddable":true,"href":"https:\/\/www.rucashk.com\/pt\/wp-json\/wp\/v2\/product_tag?post=25124"}],"curies":[{"name":"wp","href":"https:\/\/api.w.org\/{rel}","templated":true}]}}