{"id":25092,"date":"2024-01-09T16:13:04","date_gmt":"2024-01-09T16:13:04","guid":{"rendered":"http:\/\/rucashk.com\/?post_type=product&#038;p=25092"},"modified":"2024-03-13T03:49:15","modified_gmt":"2024-03-13T03:49:15","slug":"haylou-t19-wireless-tws-earphone-global","status":"publish","type":"product","link":"https:\/\/www.rucashk.com\/pt\/produto\/haylou-t19-wireless-tws-earphone-global\/","title":{"rendered":"Haylou T19 sem fio TWS fone de ouvido global"},"content":{"rendered":"<h3 style=\"text-align: center\">Haylou T19 sem fio TWS fone de ouvido global<img fetchpriority=\"high\" decoding=\"async\" class=\"js-descLazyload lazy-loaded alignnone\" src=\"\/wp-content\/uploads\/replace\/07a5a304c433da0870e92b688b1919a4.jpeg\" alt=\"Haylou T19 Wireless TWS Earphone Global\" width=\"960\" height=\"923\" data-lazy=\"\/wp-content\/uploads\/replace\/07a5a304c433da0870e92b688b1919a4.jpeg\" data-was-processed=\"true\" \/><\/h3>\n<p><img decoding=\"async\" alt=\"Haylou T19 Wireless TWS Earphone Global\" class=\"js-descLazyload lazy-loaded\" src=\"\/wp-content\/uploads\/replace\/f936cc56f6d6fc1be544999d1894a700.jpeg\" data-lazy=\"\/wp-content\/uploads\/replace\/f936cc56f6d6fc1be544999d1894a700.jpeg\" data-was-processed=\"true\" \/><\/p>\n<p><img decoding=\"async\" alt=\"Haylou T19 Wireless TWS Earphone Global\" class=\"js-descLazyload lazy-loaded\" src=\"\/wp-content\/uploads\/replace\/cf03ee93108fd959c043a6d538d9a839.jpeg\" data-lazy=\"\/wp-content\/uploads\/replace\/cf03ee93108fd959c043a6d538d9a839.jpeg\" data-was-processed=\"true\" \/><\/p>\n<p><img decoding=\"async\" alt=\"Haylou T19 Wireless TWS Earphone Global\" class=\"js-descLazyload lazy-loaded\" src=\"\/wp-content\/uploads\/replace\/849ed184c2c15aa27fdfc1295db6297f.jpeg\" data-lazy=\"\/wp-content\/uploads\/replace\/849ed184c2c15aa27fdfc1295db6297f.jpeg\" data-was-processed=\"true\" \/><\/p>\n<p><img decoding=\"async\" alt=\"Haylou T19 Wireless TWS Earphone Global\" class=\"js-descLazyload lazy-loaded\" src=\"\/wp-content\/uploads\/replace\/a1f7c109776ed3d43a47d1cd1ec6da80.jpeg\" data-lazy=\"\/wp-content\/uploads\/replace\/a1f7c109776ed3d43a47d1cd1ec6da80.jpeg\" data-was-processed=\"true\" \/><\/p>\n<p><img decoding=\"async\" alt=\"Haylou T19 Wireless TWS Earphone Global\" class=\"js-descLazyload lazy-loaded\" src=\"\/wp-content\/uploads\/replace\/84d7b00f570f5ed38c3f951e348440a8.jpeg\" data-lazy=\"\/wp-content\/uploads\/replace\/84d7b00f570f5ed38c3f951e348440a8.jpeg\" data-was-processed=\"true\" \/><\/p>\n<p><img decoding=\"async\" alt=\"Haylou T19 Wireless TWS Earphone Global\" class=\"js-descLazyload lazy-loaded\" src=\"\/wp-content\/uploads\/replace\/0c84f8b24c2cc8e48fea0687984ebc8c.jpeg\" data-lazy=\"\/wp-content\/uploads\/replace\/0c84f8b24c2cc8e48fea0687984ebc8c.jpeg\" data-was-processed=\"true\" \/><\/p>\n<p><img decoding=\"async\" alt=\"Haylou T19 Wireless TWS Earphone Global\" class=\"js-descLazyload lazy-loaded\" src=\"\/wp-content\/uploads\/replace\/c77c5ae319be7629e33b570a6bc1ba70.jpeg\" data-lazy=\"\/wp-content\/uploads\/replace\/c77c5ae319be7629e33b570a6bc1ba70.jpeg\" data-was-processed=\"true\" \/><\/p>\n<p><img decoding=\"async\" alt=\"Haylou T19 Wireless TWS Earphone Global\" class=\"js-descLazyload lazy-loaded\" src=\"\/wp-content\/uploads\/replace\/fbe1fa0a4032735a61483a9eba223369.jpeg\" data-lazy=\"\/wp-content\/uploads\/replace\/fbe1fa0a4032735a61483a9eba223369.jpeg\" data-was-processed=\"true\" \/><\/p>\n<p><img decoding=\"async\" alt=\"Haylou T19 Wireless TWS Earphone Global\" class=\"js-descLazyload lazy-loaded\" src=\"\/wp-content\/uploads\/replace\/4c1a5fa931cca12e515953b658d09217.jpeg\" data-lazy=\"\/wp-content\/uploads\/replace\/4c1a5fa931cca12e515953b658d09217.jpeg\" data-was-processed=\"true\" \/><\/p>\n<p><img decoding=\"async\" alt=\"Haylou T19 Wireless TWS Earphone Global\" class=\"js-descLazyload lazy-loaded\" src=\"\/wp-content\/uploads\/replace\/e89f2d34625accafcc266a15aee2bd6a.jpeg\" data-lazy=\"\/wp-content\/uploads\/replace\/e89f2d34625accafcc266a15aee2bd6a.jpeg\" data-was-processed=\"true\" \/><\/p>\n<p class=\"textDescTitle\">Principais caracter\u00edsticas<\/p>\n<p class=\"textDescContent\">Marca: Haylou<br \/>\nEstilo: fone de ouvido<br \/>\nPrinc\u00edpio do Vocalismo: Din\u00e2mico<br \/>\nOrigem: CN (Origem)<br \/>\nBot\u00e3o de controle: N\u00e3o<br \/>\nCancelamento de ru\u00eddo ativo: Sim<br \/>\nComunica\u00e7\u00e3o: Verdadeiro Sem Fio<br \/>\nControle de volume: N\u00e3o<br \/>\nSensibilidade: 110db<br \/>\nTipo sem fio: Bluetooth<br \/>\n\u00c9 sem fio: Sim<br \/>\nComprimento da linha: 0m<br \/>\nAPLICATIVO de suporte: Sim<br \/>\nFun\u00e7\u00e3o: Para Celular<br \/>\nFun\u00e7\u00e3o: fone de ouvido de alta fidelidade<br \/>\nFun\u00e7\u00e3o: Esporte<br \/>\nN\u00famero de motoristas: 4<br \/>\nTipo de plugue: Nenhum<br \/>\nLista de pacotes: Manual do usu\u00e1rio<br \/>\nLista de pacotes: estojo de carregamento<br \/>\nLista de pacotes: cabo de carregamento<br \/>\nFaixa de imped\u00e2ncia: at\u00e9 32 \u03a9<br \/>\nConectores: Nenhum<br \/>\nN\u00famero do modelo: T19<br \/>\nVers\u00e3o Bluetooth: 5.0<br \/>\nCodecs: Apt-X<br \/>\nSuporte para cart\u00e3o de mem\u00f3ria: N\u00e3o<br \/>\nDi\u00e2metro do driver: 7,2 mm<br \/>\nResist\u00eancia: 32\u03a9<br \/>\n\u00c0 prova d&#039;\u00e1gua: Sim<br \/>\nFaixa de resposta de frequ\u00eancia: 20 \u2013 20.000 Hz<br \/>\nDistor\u00e7\u00e3o Harm\u00f4nica Total: 1%<br \/>\nCom Microfone: Sim<br \/>\nCaracter\u00edsticas: \u00e0 prova d&#039;\u00e1gua<br \/>\nM\u00e9todo de carregamento: estojo de carregamento<br \/>\nTipo de \u00edm\u00e3: Outro<\/p>","protected":false},"excerpt":{"rendered":"<p><strong>Principais caracter\u00edsticas:<\/strong><\/p>\n<p>Up to 30 hours battery life<\/p>\n<p>4g ultra light weight<\/p>\n<p>Easy to find back your phone with the app<\/p>\n<p>One tap to reset<\/p>","protected":false},"featured_media":25204,"template":"","meta":[],"product_brand":[],"product_cat":[1309,1305],"product_tag":[],"class_list":{"0":"post-25092","1":"product","2":"type-product","3":"status-publish","4":"has-post-thumbnail","6":"product_cat-haylou-earphone","7":"product_cat-xiaomi-eco","9":"first","10":"instock","11":"shipping-taxable","12":"product-type-external"},"aioseo_notices":[],"aioseo_head":"\n\t\t<!-- All in One SEO Pro 4.5.9.2 - aioseo.com -->\n\t\t<meta name=\"description\" content=\"Main Features: Up to 30 hours battery life 4g ultra light weight Easy to find back your phone with the app One tap to reset\" \/>\n\t\t<meta name=\"robots\" content=\"max-image-preview:large\" \/>\n\t\t<link rel=\"canonical\" href=\"https:\/\/www.rucashk.com\/pt\/produto\/haylou-t19-wireless-tws-earphone-global\/\" \/>\n\t\t<meta name=\"generator\" content=\"All in One SEO Pro (AIOSEO) 4.5.9.2\" \/>\n\t\t<meta property=\"og:locale\" content=\"pt_PT\" \/>\n\t\t<meta property=\"og:site_name\" content=\"Rucas - One-stop AIoT Distribution Worldwide\" \/>\n\t\t<meta property=\"og:type\" content=\"article\" \/>\n\t\t<meta property=\"og:title\" content=\"Haylou T19 Wireless TWS Earphone Global - Rucas - Wholesale and Distribution\" \/>\n\t\t<meta property=\"og:description\" content=\"Main Features: Up to 30 hours battery life 4g ultra light weight Easy to find back your phone with the app One tap to reset\" \/>\n\t\t<meta property=\"og:url\" content=\"https:\/\/www.rucashk.com\/pt\/produto\/haylou-t19-wireless-tws-earphone-global\/\" \/>\n\t\t<meta property=\"og:image\" content=\"https:\/\/www.rucashk.com\/wp-content\/uploads\/replace\/503b8e645f128a97ccde2b6290747646.jpeg\" \/>\n\t\t<meta property=\"og:image:secure_url\" content=\"https:\/\/www.rucashk.com\/wp-content\/uploads\/replace\/503b8e645f128a97ccde2b6290747646.jpeg\" \/>\n\t\t<meta property=\"og:image:width\" content=\"1456\" \/>\n\t\t<meta property=\"og:image:height\" content=\"816\" \/>\n\t\t<meta property=\"article:published_time\" content=\"2024-01-09T16:13:04+00:00\" \/>\n\t\t<meta property=\"article:modified_time\" content=\"2024-03-13T03:49:15+00:00\" \/>\n\t\t<meta name=\"twitter:card\" content=\"summary_large_image\" \/>\n\t\t<meta name=\"twitter:title\" content=\"Haylou T19 Wireless TWS Earphone Global - Rucas - Wholesale and Distribution\" \/>\n\t\t<meta name=\"twitter:description\" content=\"Main Features: Up to 30 hours battery life 4g ultra light weight Easy to find back your phone with the app One tap to reset\" \/>\n\t\t<meta name=\"twitter:image\" content=\"https:\/\/www.rucashk.com\/wp-content\/uploads\/replace\/503b8e645f128a97ccde2b6290747646.jpeg\" \/>\n\t\t<script type=\"application\/ld+json\" class=\"aioseo-schema\">\n\t\t\t{\"@context\":\"https:\\\/\\\/schema.org\",\"@graph\":[{\"@type\":\"BreadcrumbList\",\"@id\":\"https:\\\/\\\/www.rucashk.com\\\/pt\\\/produto\\\/haylou-t19-wireless-tws-earphone-global\\\/#breadcrumblist\",\"itemListElement\":[{\"@type\":\"ListItem\",\"@id\":\"https:\\\/\\\/www.rucashk.com\\\/pt\\\/#listItem\",\"position\":1,\"name\":\"Home\",\"item\":\"https:\\\/\\\/www.rucashk.com\\\/pt\\\/\",\"nextItem\":\"https:\\\/\\\/www.rucashk.com\\\/pt\\\/produto\\\/haylou-t19-wireless-tws-earphone-global\\\/#listItem\"},{\"@type\":\"ListItem\",\"@id\":\"https:\\\/\\\/www.rucashk.com\\\/pt\\\/produto\\\/haylou-t19-wireless-tws-earphone-global\\\/#listItem\",\"position\":2,\"name\":\"Haylou T19 Wireless TWS Earphone Global\",\"previousItem\":\"https:\\\/\\\/www.rucashk.com\\\/pt\\\/#listItem\"}]},{\"@type\":\"Organization\",\"@id\":\"https:\\\/\\\/www.rucashk.com\\\/pt\\\/#organization\",\"name\":\"Rucas\",\"url\":\"https:\\\/\\\/www.rucashk.com\\\/pt\\\/\",\"logo\":{\"@type\":\"ImageObject\",\"url\":\"https:\\\/\\\/www.rucashk.com\\\/wp-content\\\/uploads\\\/2023\\\/12\\\/Rucas_campany_logo.png\",\"@id\":\"https:\\\/\\\/www.rucashk.com\\\/pt\\\/produto\\\/haylou-t19-wireless-tws-earphone-global\\\/#organizationLogo\",\"width\":221,\"height\":65},\"image\":{\"@id\":\"https:\\\/\\\/www.rucashk.com\\\/pt\\\/#organizationLogo\"}},{\"@type\":\"Person\",\"@id\":\"https:\\\/\\\/www.rucashk.com\\\/pt\\\/author\\\/admin\\\/#author\",\"url\":\"https:\\\/\\\/www.rucashk.com\\\/pt\\\/author\\\/admin\\\/\",\"name\":\"admin\",\"image\":{\"@type\":\"ImageObject\",\"@id\":\"https:\\\/\\\/www.rucashk.com\\\/pt\\\/produto\\\/haylou-t19-wireless-tws-earphone-global\\\/#authorImage\",\"url\":\"https:\\\/\\\/secure.gravatar.com\\\/avatar\\\/b7c8925b09a27e72b30232f8ecaadbd5af0f70a38c78096863fe51b64f031c24?s=96&d=mm&r=g\",\"width\":96,\"height\":96,\"caption\":\"admin\"}},{\"@type\":\"WebPage\",\"@id\":\"https:\\\/\\\/www.rucashk.com\\\/pt\\\/produto\\\/haylou-t19-wireless-tws-earphone-global\\\/#webpage\",\"url\":\"https:\\\/\\\/www.rucashk.com\\\/pt\\\/produto\\\/haylou-t19-wireless-tws-earphone-global\\\/\",\"name\":\"Haylou T19 Wireless TWS Earphone Global - Rucas - Wholesale and Distribution\",\"description\":\"Main Features: Up to 30 hours battery life 4g ultra light weight Easy to find back your phone with the app One tap to reset\",\"inLanguage\":\"pt-PT\",\"isPartOf\":{\"@id\":\"https:\\\/\\\/www.rucashk.com\\\/pt\\\/#website\"},\"breadcrumb\":{\"@id\":\"https:\\\/\\\/www.rucashk.com\\\/pt\\\/produto\\\/haylou-t19-wireless-tws-earphone-global\\\/#breadcrumblist\"},\"author\":{\"@id\":\"https:\\\/\\\/www.rucashk.com\\\/pt\\\/author\\\/admin\\\/#author\"},\"creator\":{\"@id\":\"https:\\\/\\\/www.rucashk.com\\\/pt\\\/author\\\/admin\\\/#author\"},\"image\":{\"@type\":\"ImageObject\",\"url\":\"https:\\\/\\\/www.rucashk.com\\\/wp-content\\\/uploads\\\/2024\\\/01\\\/T19.jpg\",\"@id\":\"https:\\\/\\\/www.rucashk.com\\\/pt\\\/produto\\\/haylou-t19-wireless-tws-earphone-global\\\/#mainImage\",\"width\":800,\"height\":800},\"primaryImageOfPage\":{\"@id\":\"https:\\\/\\\/www.rucashk.com\\\/pt\\\/produto\\\/haylou-t19-wireless-tws-earphone-global\\\/#mainImage\"},\"datePublished\":\"2024-01-09T16:13:04+00:00\",\"dateModified\":\"2024-03-13T03:49:15+00:00\"},{\"@type\":\"WebSite\",\"@id\":\"https:\\\/\\\/www.rucashk.com\\\/pt\\\/#website\",\"url\":\"https:\\\/\\\/www.rucashk.com\\\/pt\\\/\",\"name\":\"Rucas - Wholesale and distribution worldwide\",\"alternateName\":\"Rucas - One-stop AIoT Distribution Worldwide\",\"description\":\"One-stop AIoT Distribution Worldwide\",\"inLanguage\":\"pt-PT\",\"publisher\":{\"@id\":\"https:\\\/\\\/www.rucashk.com\\\/pt\\\/#organization\"}}]}\n\t\t<\/script>\n\t\t<!-- All in One SEO Pro -->\r\n\t\t<title>Haylou T19 Wireless TWS Earphone Global - Rucas - Wholesale and Distribution<\/title>\n\n","aioseo_head_json":{"title":"Haylou T19 Wireless TWS Earphone Global - Rucas - Wholesale and Distribution","description":"Main Features: Up to 30 hours battery life 4g ultra light weight Easy to find back your phone with the app One tap to reset","canonical_url":"https:\/\/www.rucashk.com\/pt\/produto\/haylou-t19-wireless-tws-earphone-global\/","robots":"max-image-preview:large","keywords":"","webmasterTools":{"miscellaneous":""},"og:locale":"pt_PT","og:site_name":"Rucas - One-stop AIoT Distribution Worldwide","og:type":"article","og:title":"Haylou T19 Wireless TWS Earphone Global - Rucas - Wholesale and Distribution","og:description":"Main Features: Up to 30 hours battery life 4g ultra light weight Easy to find back your phone with the app One tap to reset","og:url":"https:\/\/www.rucashk.com\/pt\/produto\/haylou-t19-wireless-tws-earphone-global\/","og:image":"https:\/\/www.rucashk.com\/wp-content\/uploads\/replace\/503b8e645f128a97ccde2b6290747646.jpeg","og:image:secure_url":"https:\/\/www.rucashk.com\/wp-content\/uploads\/replace\/503b8e645f128a97ccde2b6290747646.jpeg","og:image:width":1456,"og:image:height":816,"article:published_time":"2024-01-09T16:13:04+00:00","article:modified_time":"2024-03-13T03:49:15+00:00","twitter:card":"summary_large_image","twitter:title":"Haylou T19 Wireless TWS Earphone Global - Rucas - Wholesale and Distribution","twitter:description":"Main Features: Up to 30 hours battery life 4g ultra light weight Easy to find back your phone with the app One tap to reset","twitter:image":"https:\/\/www.rucashk.com\/wp-content\/uploads\/replace\/503b8e645f128a97ccde2b6290747646.jpeg","schema":{"@context":"https:\/\/schema.org","@graph":[{"@type":"BreadcrumbList","@id":"https:\/\/www.rucashk.com\/pt\/produto\/haylou-t19-wireless-tws-earphone-global\/#breadcrumblist","itemListElement":[{"@type":"ListItem","@id":"https:\/\/www.rucashk.com\/pt\/#listItem","position":1,"name":"Home","item":"https:\/\/www.rucashk.com\/pt\/","nextItem":"https:\/\/www.rucashk.com\/pt\/produto\/haylou-t19-wireless-tws-earphone-global\/#listItem"},{"@type":"ListItem","@id":"https:\/\/www.rucashk.com\/pt\/produto\/haylou-t19-wireless-tws-earphone-global\/#listItem","position":2,"name":"Haylou T19 Wireless TWS Earphone Global","previousItem":"https:\/\/www.rucashk.com\/pt\/#listItem"}]},{"@type":"Organization","@id":"https:\/\/www.rucashk.com\/pt\/#organization","name":"Rucas","url":"https:\/\/www.rucashk.com\/pt\/","logo":{"@type":"ImageObject","url":"https:\/\/www.rucashk.com\/wp-content\/uploads\/2023\/12\/Rucas_campany_logo.png","@id":"https:\/\/www.rucashk.com\/pt\/produto\/haylou-t19-wireless-tws-earphone-global\/#organizationLogo","width":221,"height":65},"image":{"@id":"https:\/\/www.rucashk.com\/pt\/#organizationLogo"}},{"@type":"Person","@id":"https:\/\/www.rucashk.com\/pt\/author\/admin\/#author","url":"https:\/\/www.rucashk.com\/pt\/author\/admin\/","name":"admin","image":{"@type":"ImageObject","@id":"https:\/\/www.rucashk.com\/pt\/produto\/haylou-t19-wireless-tws-earphone-global\/#authorImage","url":"https:\/\/secure.gravatar.com\/avatar\/b7c8925b09a27e72b30232f8ecaadbd5af0f70a38c78096863fe51b64f031c24?s=96&d=mm&r=g","width":96,"height":96,"caption":"admin"}},{"@type":"WebPage","@id":"https:\/\/www.rucashk.com\/pt\/produto\/haylou-t19-wireless-tws-earphone-global\/#webpage","url":"https:\/\/www.rucashk.com\/pt\/produto\/haylou-t19-wireless-tws-earphone-global\/","name":"Haylou T19 Wireless TWS Earphone Global - Rucas - Wholesale and Distribution","description":"Main Features: Up to 30 hours battery life 4g ultra light weight Easy to find back your phone with the app One tap to reset","inLanguage":"pt-PT","isPartOf":{"@id":"https:\/\/www.rucashk.com\/pt\/#website"},"breadcrumb":{"@id":"https:\/\/www.rucashk.com\/pt\/produto\/haylou-t19-wireless-tws-earphone-global\/#breadcrumblist"},"author":{"@id":"https:\/\/www.rucashk.com\/pt\/author\/admin\/#author"},"creator":{"@id":"https:\/\/www.rucashk.com\/pt\/author\/admin\/#author"},"image":{"@type":"ImageObject","url":"https:\/\/www.rucashk.com\/wp-content\/uploads\/2024\/01\/T19.jpg","@id":"https:\/\/www.rucashk.com\/pt\/produto\/haylou-t19-wireless-tws-earphone-global\/#mainImage","width":800,"height":800},"primaryImageOfPage":{"@id":"https:\/\/www.rucashk.com\/pt\/produto\/haylou-t19-wireless-tws-earphone-global\/#mainImage"},"datePublished":"2024-01-09T16:13:04+00:00","dateModified":"2024-03-13T03:49:15+00:00"},{"@type":"WebSite","@id":"https:\/\/www.rucashk.com\/pt\/#website","url":"https:\/\/www.rucashk.com\/pt\/","name":"Rucas - Wholesale and distribution worldwide","alternateName":"Rucas - One-stop AIoT Distribution Worldwide","description":"One-stop AIoT Distribution Worldwide","inLanguage":"pt-PT","publisher":{"@id":"https:\/\/www.rucashk.com\/pt\/#organization"}}]}},"aioseo_meta_data":{"post_id":"25092","title":null,"description":null,"keywords":null,"keyphrases":null,"primary_term":null,"canonical_url":null,"og_title":null,"og_description":null,"og_object_type":"default","og_image_type":"default","og_image_url":null,"og_image_width":null,"og_image_height":null,"og_image_custom_url":null,"og_image_custom_fields":null,"og_video":null,"og_custom_url":null,"og_article_section":null,"og_article_tags":null,"twitter_use_og":false,"twitter_card":"default","twitter_image_type":"default","twitter_image_url":null,"twitter_image_custom_url":null,"twitter_image_custom_fields":null,"twitter_title":null,"twitter_description":null,"schema":{"blockGraphs":[],"customGraphs":[],"default":{"data":{"Article":[],"Course":[],"Dataset":[],"FAQPage":[],"Movie":[],"Person":[],"Product":[],"Recipe":[],"Service":[],"SoftwareApplication":[],"WebPage":[]},"graphName":"","isEnabled":true},"graphs":[]},"schema_type":"default","schema_type_options":null,"pillar_content":false,"robots_default":true,"robots_noindex":false,"robots_noarchive":false,"robots_nosnippet":false,"robots_nofollow":false,"robots_noimageindex":false,"robots_noodp":false,"robots_notranslate":false,"robots_max_snippet":null,"robots_max_videopreview":null,"robots_max_imagepreview":"large","priority":null,"frequency":null,"local_seo":null,"breadcrumb_settings":null,"limit_modified_date":false,"created":"2024-04-11 01:57:17","updated":"2025-06-22 17:47:02"},"aioseo_breadcrumb":"<div class=\"aioseo-breadcrumbs\"><span class=\"aioseo-breadcrumb\">\n\t<a href=\"https:\/\/www.rucashk.com\/pt\" title=\"Home\">Home<\/a>\n<\/span><span class=\"aioseo-breadcrumb-separator\">&raquo;<\/span><span class=\"aioseo-breadcrumb\">\n\t<a href=\"https:\/\/www.rucashk.com\/pt\/products\/\" title=\"Produtos\">Produtos<\/a>\n<\/span><span class=\"aioseo-breadcrumb-separator\">&raquo;<\/span><span class=\"aioseo-breadcrumb\">\n\t<a href=\"https:\/\/www.rucashk.com\/pt\/categoria-produto\/xiaomi-eco\/\" title=\"Xiaomi Eco\">Xiaomi Eco<\/a>\n<\/span><span class=\"aioseo-breadcrumb-separator\">&raquo;<\/span><span class=\"aioseo-breadcrumb\">\n\t<a href=\"https:\/\/www.rucashk.com\/pt\/categoria-produto\/xiaomi-eco\/haylou-earphone\/\" title=\"Haylou Earphone\">Haylou Earphone<\/a>\n<\/span><span class=\"aioseo-breadcrumb-separator\">&raquo;<\/span><span class=\"aioseo-breadcrumb\">\n\tHaylou T19 Wireless TWS Earphone Global\n<\/span><\/div>","aioseo_breadcrumb_json":[{"label":"Home","link":"https:\/\/www.rucashk.com\/pt"},{"label":"Produtos","link":"https:\/\/www.rucashk.com\/pt\/products\/"},{"label":"Xiaomi Eco","link":"https:\/\/www.rucashk.com\/pt\/categoria-produto\/xiaomi-eco\/"},{"label":"Haylou Earphone","link":"https:\/\/www.rucashk.com\/pt\/categoria-produto\/xiaomi-eco\/haylou-earphone\/"},{"label":"Haylou T19 Wireless TWS Earphone Global","link":"https:\/\/www.rucashk.com\/pt\/produto\/haylou-t19-wireless-tws-earphone-global\/"}],"_links":{"self":[{"href":"https:\/\/www.rucashk.com\/pt\/wp-json\/wp\/v2\/product\/25092","targetHints":{"allow":["GET"]}}],"collection":[{"href":"https:\/\/www.rucashk.com\/pt\/wp-json\/wp\/v2\/product"}],"about":[{"href":"https:\/\/www.rucashk.com\/pt\/wp-json\/wp\/v2\/types\/product"}],"wp:featuredmedia":[{"embeddable":true,"href":"https:\/\/www.rucashk.com\/pt\/wp-json\/wp\/v2\/media\/25204"}],"wp:attachment":[{"href":"https:\/\/www.rucashk.com\/pt\/wp-json\/wp\/v2\/media?parent=25092"}],"wp:term":[{"taxonomy":"product_brand","embeddable":true,"href":"https:\/\/www.rucashk.com\/pt\/wp-json\/wp\/v2\/product_brand?post=25092"},{"taxonomy":"product_cat","embeddable":true,"href":"https:\/\/www.rucashk.com\/pt\/wp-json\/wp\/v2\/product_cat?post=25092"},{"taxonomy":"product_tag","embeddable":true,"href":"https:\/\/www.rucashk.com\/pt\/wp-json\/wp\/v2\/product_tag?post=25092"}],"curies":[{"name":"wp","href":"https:\/\/api.w.org\/{rel}","templated":true}]}}