{"id":25090,"date":"2024-01-09T16:13:04","date_gmt":"2024-01-09T16:13:04","guid":{"rendered":"http:\/\/rucashk.com\/?post_type=product&#038;p=25090"},"modified":"2024-03-13T03:46:23","modified_gmt":"2024-03-13T03:46:23","slug":"haylou-gt3-tws-earbuds-global","status":"publish","type":"product","link":"https:\/\/www.rucashk.com\/pt\/produto\/haylou-gt3-tws-earbuds-global\/","title":{"rendered":"Fones de ouvido Haylou GT3 TWS globais"},"content":{"rendered":"<div class=\"detailmodule_text-image\" align=\"start\"><img fetchpriority=\"high\" decoding=\"async\" class=\"detail-desc-decorate-image alignnone\" src=\"\/wp-content\/uploads\/replace\/3856437b7e63a4ca6efca7654a2ac15b.jpeg\" alt=\"Haylou GT3 TWS Earbuds Global\" width=\"1080\" height=\"1050\" \/><\/div>\n<div class=\"detailmodule_text-image\" align=\"start\"><img decoding=\"async\" class=\"detail-desc-decorate-image alignnone\" src=\"\/wp-content\/uploads\/replace\/3a9aecabcad40b40d16a60860f546f4f.jpeg\" alt=\"Haylou GT3 TWS Earbuds Global\" width=\"1080\" height=\"1130\" \/><img decoding=\"async\" alt=\"Haylou GT3 TWS Earbuds Global\" class=\"detail-desc-decorate-image\" src=\"\/wp-content\/uploads\/replace\/4b72f6ca30fb49afd742663c8a4792a5.jpeg\" \/><img decoding=\"async\" class=\"detail-desc-decorate-image alignnone\" src=\"\/wp-content\/uploads\/replace\/3a9aecabcad40b40d16a60860f546f4f.jpeg\" alt=\"Haylou GT3 TWS Earbuds Global\" width=\"1080\" height=\"1130\" \/><img decoding=\"async\" alt=\"Haylou GT3 TWS Earbuds Global\" class=\"detail-desc-decorate-image\" src=\"\/wp-content\/uploads\/replace\/4b72f6ca30fb49afd742663c8a4792a5.jpeg\" \/><\/div>\n<div class=\"detailmodule_text-image\" align=\"start\"><img decoding=\"async\" class=\"detail-desc-decorate-image alignnone\" src=\"\/wp-content\/uploads\/replace\/2dd2aabfa516ce495129eefdd3f098db.jpeg\" alt=\"Haylou GT3 TWS Earbuds Global\" width=\"1080\" height=\"1246\" \/><img decoding=\"async\" alt=\"Haylou GT3 TWS Earbuds Global\" class=\"detail-desc-decorate-image\" src=\"\/wp-content\/uploads\/replace\/4240fe33e4214c08dea988cf0bf34505.jpeg\" \/><\/div>\n<div class=\"detailmodule_text-image\" align=\"start\"><img loading=\"lazy\" decoding=\"async\" class=\"detail-desc-decorate-image alignnone\" src=\"\/wp-content\/uploads\/replace\/4aaca33cdc3302efdd6a768fa667808a.jpeg\" alt=\"Haylou GT3 TWS Earbuds Global\" width=\"1080\" height=\"925\" \/><img decoding=\"async\" alt=\"Haylou GT3 TWS Earbuds Global\" class=\"detail-desc-decorate-image\" src=\"\/wp-content\/uploads\/replace\/9005ef3a979e239808c5b6e9b9f6e204.jpeg\" \/><\/div>\n<div class=\"detailmodule_text-image\" align=\"start\"><img loading=\"lazy\" decoding=\"async\" class=\"detail-desc-decorate-image alignnone\" src=\"\/wp-content\/uploads\/replace\/823f4fe23670f8dd04ee3683da9265e2.jpeg\" alt=\"Haylou GT3 TWS Earbuds Global\" width=\"1080\" height=\"889\" \/><img decoding=\"async\" alt=\"Haylou GT3 TWS Earbuds Global\" class=\"detail-desc-decorate-image\" src=\"\/wp-content\/uploads\/replace\/46b016f94969347fe73786ab9adab07e.jpeg\" \/><img decoding=\"async\" alt=\"Haylou GT3 TWS Earbuds Global\" class=\"detail-desc-decorate-image\" src=\"\/wp-content\/uploads\/replace\/2f568193ddae3c26336979d2b9b7dfb8.jpeg\" \/><\/div>\n<div class=\"detailmodule_text-image\" align=\"start\"><img loading=\"lazy\" decoding=\"async\" class=\"detail-desc-decorate-image alignnone\" src=\"\/wp-content\/uploads\/replace\/823f4fe23670f8dd04ee3683da9265e2.jpeg\" alt=\"Haylou GT3 TWS Earbuds Global\" width=\"1080\" height=\"889\" \/><img loading=\"lazy\" decoding=\"async\" class=\"detail-desc-decorate-image alignnone\" src=\"\/wp-content\/uploads\/replace\/072bb717c38f21cd9c59a83638fa2f91.jpeg\" alt=\"Haylou GT3 TWS Earbuds Global\" width=\"1080\" height=\"1041\" \/><img loading=\"lazy\" decoding=\"async\" class=\"detail-desc-decorate-image alignnone\" src=\"\/wp-content\/uploads\/replace\/2c492c3f5d1e94dc19eb6f41bfd533c3.jpeg\" alt=\"Haylou GT3 TWS Earbuds Global\" width=\"1080\" height=\"733\" \/><img loading=\"lazy\" decoding=\"async\" class=\"detail-desc-decorate-image alignnone\" src=\"\/wp-content\/uploads\/replace\/10c63525a26e1338f8c9809d0a163066.jpeg\" alt=\"Haylou GT3 TWS Earbuds Global\" width=\"1080\" height=\"746\" \/><\/div>\n<div class=\"detailmodule_text-image\" align=\"start\"><img loading=\"lazy\" decoding=\"async\" class=\"detail-desc-decorate-image alignnone\" src=\"\/wp-content\/uploads\/replace\/c94f6829efb7cae8e48555cbf4f039fe.jpeg\" alt=\"Haylou GT3 TWS Earbuds Global\" width=\"1080\" height=\"892\" \/><img decoding=\"async\" alt=\"Haylou GT3 TWS Earbuds Global\" class=\"detail-desc-decorate-image\" src=\"\/wp-content\/uploads\/replace\/62f6fc8bc71c3515a072b167d17621fc.jpeg\" \/><img decoding=\"async\" alt=\"Haylou GT3 TWS Earbuds Global\" class=\"detail-desc-decorate-image\" src=\"\/wp-content\/uploads\/replace\/8dd83ca197a4d6087e0b412a766824cc.jpeg\" \/><\/div>\n<div class=\"detailmodule_text-image\" align=\"start\"><img loading=\"lazy\" decoding=\"async\" class=\"detail-desc-decorate-image alignnone\" src=\"\/wp-content\/uploads\/replace\/d8bf2380d82871dc8d80abd3f0b9ffe9.jpeg\" alt=\"Haylou GT3 TWS Earbuds Global\" width=\"1080\" height=\"1220\" \/><img loading=\"lazy\" decoding=\"async\" class=\"detail-desc-decorate-image alignnone\" src=\"\/wp-content\/uploads\/replace\/401a5b76809563717a8bbe304e6759f5.jpeg\" alt=\"Haylou GT3 TWS Earbuds Global\" width=\"1080\" height=\"1478\" \/><img loading=\"lazy\" decoding=\"async\" class=\"detail-desc-decorate-image alignnone\" src=\"\/wp-content\/uploads\/replace\/19a9ae57fea4eeb6090009295ebf88b9.jpeg\" alt=\"Haylou GT3 TWS Earbuds Global\" width=\"1080\" height=\"1485\" \/><\/div>\n<div class=\"detailmodule_text-image\" align=\"start\"><img loading=\"lazy\" decoding=\"async\" class=\"detail-desc-decorate-image alignnone\" src=\"\/wp-content\/uploads\/replace\/9bc6463e49af1b52d151633d674c8cd4.jpeg\" alt=\"Haylou GT3 TWS Earbuds Global\" width=\"1080\" height=\"1221\" \/><img loading=\"lazy\" decoding=\"async\" class=\"detail-desc-decorate-image alignnone\" src=\"\/wp-content\/uploads\/replace\/74b0d5eb66785c3d6a8e58538b713daa.jpeg\" alt=\"Haylou GT3 TWS Earbuds Global\" width=\"1080\" height=\"1576\" \/><img loading=\"lazy\" decoding=\"async\" class=\"detail-desc-decorate-image alignnone\" src=\"\/wp-content\/uploads\/replace\/25eb14a869def67c6505bbe8b2279f42.jpeg\" alt=\"Haylou GT3 TWS Earbuds Global\" width=\"1080\" height=\"1012\" \/><img loading=\"lazy\" decoding=\"async\" class=\"detail-desc-decorate-image alignnone\" src=\"\/wp-content\/uploads\/replace\/ff884c635df1c88a4675f293cb41ffac.jpeg\" alt=\"Haylou GT3 TWS Earbuds Global\" width=\"1080\" height=\"838\" \/><img decoding=\"async\" alt=\"Haylou GT3 TWS Earbuds Global\" class=\"detail-desc-decorate-image\" src=\"\/wp-content\/uploads\/replace\/25e86329a18fedc22a1f95bea2cae8f0.jpeg\" \/><\/div>\n<div class=\"detailmodule_text-image\" align=\"start\"><img loading=\"lazy\" decoding=\"async\" class=\"detail-desc-decorate-image alignnone\" src=\"\/wp-content\/uploads\/replace\/9655c448e4497e61799f6f4cd3474da4.jpeg\" alt=\"Haylou GT3 TWS Earbuds Global\" width=\"1080\" height=\"929\" \/><img loading=\"lazy\" decoding=\"async\" class=\"detail-desc-decorate-image alignnone\" src=\"\/wp-content\/uploads\/replace\/9560ff4747d760d6d865e768bd3ebb71.jpeg\" alt=\"Haylou GT3 TWS Earbuds Global\" width=\"1080\" height=\"777\" \/><img decoding=\"async\" alt=\"Haylou GT3 TWS Earbuds Global\" class=\"detail-desc-decorate-image\" src=\"\/wp-content\/uploads\/replace\/ac10b298b4e5ab173296589adc554caa.jpeg\" \/><img loading=\"lazy\" decoding=\"async\" class=\"detail-desc-decorate-image alignnone\" src=\"\/wp-content\/uploads\/replace\/711d8f64a6e4e70b98a8f0b5a12683cd.jpeg\" alt=\"Haylou GT3 TWS Earbuds Global\" width=\"1080\" height=\"941\" \/><img loading=\"lazy\" decoding=\"async\" class=\"detail-desc-decorate-image alignnone\" src=\"\/wp-content\/uploads\/replace\/2e4e979e93e025a6cce63746076ea8c2.jpeg\" alt=\"Haylou GT3 TWS Earbuds Global\" width=\"1080\" height=\"942\" \/><img loading=\"lazy\" decoding=\"async\" class=\"detail-desc-decorate-image alignnone\" src=\"\/wp-content\/uploads\/replace\/86ea115132801ab8fa911cccadd23614.jpeg\" alt=\"Haylou GT3 TWS Earbuds Global\" width=\"1080\" height=\"670\" \/><\/div>\n<div class=\"detailmodule_text-image\" align=\"start\"><img loading=\"lazy\" decoding=\"async\" class=\"detail-desc-decorate-image alignnone\" src=\"\/wp-content\/uploads\/replace\/e007e430996e43308a6901ad9423556b.jpeg\" alt=\"Haylou GT3 TWS Earbuds Global\" width=\"1080\" height=\"1338\" \/><\/div>\n<div align=\"start\">\n<table>\n<tbody>\n<tr>\n<th>Em geral<\/th>\n<td>Tipo de fones de ouvido: fone de ouvido<br \/>\nMateriais: ABS<br \/>\nFun\u00e7\u00f5es: interruptor de m\u00fasica<br \/>\nVers\u00e3o Bluetooth: V5.0<\/td>\n<\/tr>\n<tr>\n<th>Dimens\u00f5es e peso<\/th>\n<td>Peso do pacote: 0,0700 kg<br \/>\nTamanho do pacote (C x L x A): 10,00 x 8,00 x 4,00 cm \/ 3,94 x 3,15 x 1,57 polegadas<\/td>\n<\/tr>\n<tr>\n<th>conte\u00fado do pacote<\/th>\n<td>Conte\u00fado do pacote: 1 x par de fone de ouvido, 1 x caixa de carregamento, 1 x cabo de carregamento USB, 1 x manual<\/td>\n<\/tr>\n<\/tbody>\n<\/table>\n<\/div>","protected":false},"excerpt":{"rendered":"<p><b>Especifica\u00e7\u00f5es:<\/b><br \/>\nModel: Haylou GT3<br \/>\nBluetooth version: 5.0<br \/>\nCommunication range: 10 meters<br \/>\nBattery type: polymer lithium battery<br \/>\nEarphone battery capacity: 43mAh<br \/>\nCharging case battery capacity: 600mAh<br \/>\nCharging interface: Type-C<\/p>","protected":false},"featured_media":25202,"template":"","meta":[],"product_brand":[],"product_cat":[1309,1305],"product_tag":[],"class_list":{"0":"post-25090","1":"product","2":"type-product","3":"status-publish","4":"has-post-thumbnail","6":"product_cat-haylou-earphone","7":"product_cat-xiaomi-eco","9":"first","10":"instock","11":"shipping-taxable","12":"product-type-external"},"aioseo_notices":[],"aioseo_head":"\n\t\t<!-- All in One SEO Pro 4.5.9.2 - aioseo.com -->\n\t\t<meta name=\"description\" content=\"Specifications: Model: Haylou GT3 Bluetooth version: 5.0 Communication range: 10 meters Battery type: polymer lithium battery Earphone battery capacity: 43mAh Charging case battery capacity: 600mAh Charging interface: Type-C\" \/>\n\t\t<meta name=\"robots\" content=\"max-image-preview:large\" \/>\n\t\t<link rel=\"canonical\" href=\"https:\/\/www.rucashk.com\/pt\/produto\/haylou-gt3-tws-earbuds-global\/\" \/>\n\t\t<meta name=\"generator\" content=\"All in One SEO Pro (AIOSEO) 4.5.9.2\" \/>\n\t\t<meta property=\"og:locale\" content=\"pt_PT\" \/>\n\t\t<meta property=\"og:site_name\" content=\"Rucas - One-stop AIoT Distribution Worldwide\" \/>\n\t\t<meta property=\"og:type\" content=\"article\" \/>\n\t\t<meta property=\"og:title\" content=\"Haylou GT3 TWS Earbuds Global - Rucas - Wholesale and Distribution\" \/>\n\t\t<meta property=\"og:description\" content=\"Specifications: Model: Haylou GT3 Bluetooth version: 5.0 Communication range: 10 meters Battery type: polymer lithium battery Earphone battery capacity: 43mAh Charging case battery capacity: 600mAh Charging interface: Type-C\" \/>\n\t\t<meta property=\"og:url\" content=\"https:\/\/www.rucashk.com\/pt\/produto\/haylou-gt3-tws-earbuds-global\/\" \/>\n\t\t<meta property=\"og:image\" content=\"https:\/\/www.rucashk.com\/wp-content\/uploads\/replace\/503b8e645f128a97ccde2b6290747646.jpeg\" \/>\n\t\t<meta property=\"og:image:secure_url\" content=\"https:\/\/www.rucashk.com\/wp-content\/uploads\/replace\/503b8e645f128a97ccde2b6290747646.jpeg\" \/>\n\t\t<meta property=\"og:image:width\" content=\"1456\" \/>\n\t\t<meta property=\"og:image:height\" content=\"816\" \/>\n\t\t<meta property=\"article:published_time\" content=\"2024-01-09T16:13:04+00:00\" \/>\n\t\t<meta property=\"article:modified_time\" content=\"2024-03-13T03:46:23+00:00\" \/>\n\t\t<meta name=\"twitter:card\" content=\"summary_large_image\" \/>\n\t\t<meta name=\"twitter:title\" content=\"Haylou GT3 TWS Earbuds Global - Rucas - Wholesale and Distribution\" \/>\n\t\t<meta name=\"twitter:description\" content=\"Specifications: Model: Haylou GT3 Bluetooth version: 5.0 Communication range: 10 meters Battery type: polymer lithium battery Earphone battery capacity: 43mAh Charging case battery capacity: 600mAh Charging interface: Type-C\" \/>\n\t\t<meta name=\"twitter:image\" content=\"https:\/\/www.rucashk.com\/wp-content\/uploads\/replace\/503b8e645f128a97ccde2b6290747646.jpeg\" \/>\n\t\t<script type=\"application\/ld+json\" class=\"aioseo-schema\">\n\t\t\t{\"@context\":\"https:\\\/\\\/schema.org\",\"@graph\":[{\"@type\":\"BreadcrumbList\",\"@id\":\"https:\\\/\\\/www.rucashk.com\\\/pt\\\/produto\\\/haylou-gt3-tws-earbuds-global\\\/#breadcrumblist\",\"itemListElement\":[{\"@type\":\"ListItem\",\"@id\":\"https:\\\/\\\/www.rucashk.com\\\/pt\\\/#listItem\",\"position\":1,\"name\":\"Home\",\"item\":\"https:\\\/\\\/www.rucashk.com\\\/pt\\\/\",\"nextItem\":\"https:\\\/\\\/www.rucashk.com\\\/pt\\\/produto\\\/haylou-gt3-tws-earbuds-global\\\/#listItem\"},{\"@type\":\"ListItem\",\"@id\":\"https:\\\/\\\/www.rucashk.com\\\/pt\\\/produto\\\/haylou-gt3-tws-earbuds-global\\\/#listItem\",\"position\":2,\"name\":\"Haylou GT3 TWS Earbuds Global\",\"previousItem\":\"https:\\\/\\\/www.rucashk.com\\\/pt\\\/#listItem\"}]},{\"@type\":\"Organization\",\"@id\":\"https:\\\/\\\/www.rucashk.com\\\/pt\\\/#organization\",\"name\":\"Rucas\",\"url\":\"https:\\\/\\\/www.rucashk.com\\\/pt\\\/\",\"logo\":{\"@type\":\"ImageObject\",\"url\":\"https:\\\/\\\/www.rucashk.com\\\/wp-content\\\/uploads\\\/2023\\\/12\\\/Rucas_campany_logo.png\",\"@id\":\"https:\\\/\\\/www.rucashk.com\\\/pt\\\/produto\\\/haylou-gt3-tws-earbuds-global\\\/#organizationLogo\",\"width\":221,\"height\":65},\"image\":{\"@id\":\"https:\\\/\\\/www.rucashk.com\\\/pt\\\/#organizationLogo\"}},{\"@type\":\"Person\",\"@id\":\"https:\\\/\\\/www.rucashk.com\\\/pt\\\/author\\\/admin\\\/#author\",\"url\":\"https:\\\/\\\/www.rucashk.com\\\/pt\\\/author\\\/admin\\\/\",\"name\":\"admin\",\"image\":{\"@type\":\"ImageObject\",\"@id\":\"https:\\\/\\\/www.rucashk.com\\\/pt\\\/produto\\\/haylou-gt3-tws-earbuds-global\\\/#authorImage\",\"url\":\"https:\\\/\\\/secure.gravatar.com\\\/avatar\\\/b7c8925b09a27e72b30232f8ecaadbd5af0f70a38c78096863fe51b64f031c24?s=96&d=mm&r=g\",\"width\":96,\"height\":96,\"caption\":\"admin\"}},{\"@type\":\"WebPage\",\"@id\":\"https:\\\/\\\/www.rucashk.com\\\/pt\\\/produto\\\/haylou-gt3-tws-earbuds-global\\\/#webpage\",\"url\":\"https:\\\/\\\/www.rucashk.com\\\/pt\\\/produto\\\/haylou-gt3-tws-earbuds-global\\\/\",\"name\":\"Haylou GT3 TWS Earbuds Global - Rucas - Wholesale and Distribution\",\"description\":\"Specifications: Model: Haylou GT3 Bluetooth version: 5.0 Communication range: 10 meters Battery type: polymer lithium battery Earphone battery capacity: 43mAh Charging case battery capacity: 600mAh Charging interface: Type-C\",\"inLanguage\":\"pt-PT\",\"isPartOf\":{\"@id\":\"https:\\\/\\\/www.rucashk.com\\\/pt\\\/#website\"},\"breadcrumb\":{\"@id\":\"https:\\\/\\\/www.rucashk.com\\\/pt\\\/produto\\\/haylou-gt3-tws-earbuds-global\\\/#breadcrumblist\"},\"author\":{\"@id\":\"https:\\\/\\\/www.rucashk.com\\\/pt\\\/author\\\/admin\\\/#author\"},\"creator\":{\"@id\":\"https:\\\/\\\/www.rucashk.com\\\/pt\\\/author\\\/admin\\\/#author\"},\"image\":{\"@type\":\"ImageObject\",\"url\":\"https:\\\/\\\/www.rucashk.com\\\/wp-content\\\/uploads\\\/2024\\\/01\\\/Haylou-GT3-TWS-Earbuds-28-hours-Music-Time-Auriculares-Bluetooth-Wireless-Headphones-For-Xiaomi-Smartphone-Earphones.jpg\",\"@id\":\"https:\\\/\\\/www.rucashk.com\\\/pt\\\/produto\\\/haylou-gt3-tws-earbuds-global\\\/#mainImage\",\"width\":800,\"height\":800},\"primaryImageOfPage\":{\"@id\":\"https:\\\/\\\/www.rucashk.com\\\/pt\\\/produto\\\/haylou-gt3-tws-earbuds-global\\\/#mainImage\"},\"datePublished\":\"2024-01-09T16:13:04+00:00\",\"dateModified\":\"2024-03-13T03:46:23+00:00\"},{\"@type\":\"WebSite\",\"@id\":\"https:\\\/\\\/www.rucashk.com\\\/pt\\\/#website\",\"url\":\"https:\\\/\\\/www.rucashk.com\\\/pt\\\/\",\"name\":\"Rucas - Wholesale and distribution worldwide\",\"alternateName\":\"Rucas - One-stop AIoT Distribution Worldwide\",\"description\":\"One-stop AIoT Distribution Worldwide\",\"inLanguage\":\"pt-PT\",\"publisher\":{\"@id\":\"https:\\\/\\\/www.rucashk.com\\\/pt\\\/#organization\"}}]}\n\t\t<\/script>\n\t\t<!-- All in One SEO Pro -->\r\n\t\t<title>Haylou GT3 TWS Earbuds Global - Rucas - Wholesale and Distribution<\/title>\n\n","aioseo_head_json":{"title":"Haylou GT3 TWS Earbuds Global - Rucas - Wholesale and Distribution","description":"Specifications: Model: Haylou GT3 Bluetooth version: 5.0 Communication range: 10 meters Battery type: polymer lithium battery Earphone battery capacity: 43mAh Charging case battery capacity: 600mAh Charging interface: Type-C","canonical_url":"https:\/\/www.rucashk.com\/pt\/produto\/haylou-gt3-tws-earbuds-global\/","robots":"max-image-preview:large","keywords":"","webmasterTools":{"miscellaneous":""},"og:locale":"pt_PT","og:site_name":"Rucas - One-stop AIoT Distribution Worldwide","og:type":"article","og:title":"Haylou GT3 TWS Earbuds Global - Rucas - Wholesale and Distribution","og:description":"Specifications: Model: Haylou GT3 Bluetooth version: 5.0 Communication range: 10 meters Battery type: polymer lithium battery Earphone battery capacity: 43mAh Charging case battery capacity: 600mAh Charging interface: Type-C","og:url":"https:\/\/www.rucashk.com\/pt\/produto\/haylou-gt3-tws-earbuds-global\/","og:image":"https:\/\/www.rucashk.com\/wp-content\/uploads\/replace\/503b8e645f128a97ccde2b6290747646.jpeg","og:image:secure_url":"https:\/\/www.rucashk.com\/wp-content\/uploads\/replace\/503b8e645f128a97ccde2b6290747646.jpeg","og:image:width":1456,"og:image:height":816,"article:published_time":"2024-01-09T16:13:04+00:00","article:modified_time":"2024-03-13T03:46:23+00:00","twitter:card":"summary_large_image","twitter:title":"Haylou GT3 TWS Earbuds Global - Rucas - Wholesale and Distribution","twitter:description":"Specifications: Model: Haylou GT3 Bluetooth version: 5.0 Communication range: 10 meters Battery type: polymer lithium battery Earphone battery capacity: 43mAh Charging case battery capacity: 600mAh Charging interface: Type-C","twitter:image":"https:\/\/www.rucashk.com\/wp-content\/uploads\/replace\/503b8e645f128a97ccde2b6290747646.jpeg","schema":{"@context":"https:\/\/schema.org","@graph":[{"@type":"BreadcrumbList","@id":"https:\/\/www.rucashk.com\/pt\/produto\/haylou-gt3-tws-earbuds-global\/#breadcrumblist","itemListElement":[{"@type":"ListItem","@id":"https:\/\/www.rucashk.com\/pt\/#listItem","position":1,"name":"Home","item":"https:\/\/www.rucashk.com\/pt\/","nextItem":"https:\/\/www.rucashk.com\/pt\/produto\/haylou-gt3-tws-earbuds-global\/#listItem"},{"@type":"ListItem","@id":"https:\/\/www.rucashk.com\/pt\/produto\/haylou-gt3-tws-earbuds-global\/#listItem","position":2,"name":"Haylou GT3 TWS Earbuds Global","previousItem":"https:\/\/www.rucashk.com\/pt\/#listItem"}]},{"@type":"Organization","@id":"https:\/\/www.rucashk.com\/pt\/#organization","name":"Rucas","url":"https:\/\/www.rucashk.com\/pt\/","logo":{"@type":"ImageObject","url":"https:\/\/www.rucashk.com\/wp-content\/uploads\/2023\/12\/Rucas_campany_logo.png","@id":"https:\/\/www.rucashk.com\/pt\/produto\/haylou-gt3-tws-earbuds-global\/#organizationLogo","width":221,"height":65},"image":{"@id":"https:\/\/www.rucashk.com\/pt\/#organizationLogo"}},{"@type":"Person","@id":"https:\/\/www.rucashk.com\/pt\/author\/admin\/#author","url":"https:\/\/www.rucashk.com\/pt\/author\/admin\/","name":"admin","image":{"@type":"ImageObject","@id":"https:\/\/www.rucashk.com\/pt\/produto\/haylou-gt3-tws-earbuds-global\/#authorImage","url":"https:\/\/secure.gravatar.com\/avatar\/b7c8925b09a27e72b30232f8ecaadbd5af0f70a38c78096863fe51b64f031c24?s=96&d=mm&r=g","width":96,"height":96,"caption":"admin"}},{"@type":"WebPage","@id":"https:\/\/www.rucashk.com\/pt\/produto\/haylou-gt3-tws-earbuds-global\/#webpage","url":"https:\/\/www.rucashk.com\/pt\/produto\/haylou-gt3-tws-earbuds-global\/","name":"Haylou GT3 TWS Earbuds Global - Rucas - Wholesale and Distribution","description":"Specifications: Model: Haylou GT3 Bluetooth version: 5.0 Communication range: 10 meters Battery type: polymer lithium battery Earphone battery capacity: 43mAh Charging case battery capacity: 600mAh Charging interface: Type-C","inLanguage":"pt-PT","isPartOf":{"@id":"https:\/\/www.rucashk.com\/pt\/#website"},"breadcrumb":{"@id":"https:\/\/www.rucashk.com\/pt\/produto\/haylou-gt3-tws-earbuds-global\/#breadcrumblist"},"author":{"@id":"https:\/\/www.rucashk.com\/pt\/author\/admin\/#author"},"creator":{"@id":"https:\/\/www.rucashk.com\/pt\/author\/admin\/#author"},"image":{"@type":"ImageObject","url":"https:\/\/www.rucashk.com\/wp-content\/uploads\/2024\/01\/Haylou-GT3-TWS-Earbuds-28-hours-Music-Time-Auriculares-Bluetooth-Wireless-Headphones-For-Xiaomi-Smartphone-Earphones.jpg","@id":"https:\/\/www.rucashk.com\/pt\/produto\/haylou-gt3-tws-earbuds-global\/#mainImage","width":800,"height":800},"primaryImageOfPage":{"@id":"https:\/\/www.rucashk.com\/pt\/produto\/haylou-gt3-tws-earbuds-global\/#mainImage"},"datePublished":"2024-01-09T16:13:04+00:00","dateModified":"2024-03-13T03:46:23+00:00"},{"@type":"WebSite","@id":"https:\/\/www.rucashk.com\/pt\/#website","url":"https:\/\/www.rucashk.com\/pt\/","name":"Rucas - Wholesale and distribution worldwide","alternateName":"Rucas - One-stop AIoT Distribution Worldwide","description":"One-stop AIoT Distribution Worldwide","inLanguage":"pt-PT","publisher":{"@id":"https:\/\/www.rucashk.com\/pt\/#organization"}}]}},"aioseo_meta_data":{"post_id":"25090","title":null,"description":null,"keywords":null,"keyphrases":null,"primary_term":null,"canonical_url":null,"og_title":null,"og_description":null,"og_object_type":"default","og_image_type":"default","og_image_url":null,"og_image_width":null,"og_image_height":null,"og_image_custom_url":null,"og_image_custom_fields":null,"og_video":null,"og_custom_url":null,"og_article_section":null,"og_article_tags":null,"twitter_use_og":false,"twitter_card":"default","twitter_image_type":"default","twitter_image_url":null,"twitter_image_custom_url":null,"twitter_image_custom_fields":null,"twitter_title":null,"twitter_description":null,"schema":{"blockGraphs":[],"customGraphs":[],"default":{"data":{"Article":[],"Course":[],"Dataset":[],"FAQPage":[],"Movie":[],"Person":[],"Product":[],"Recipe":[],"Service":[],"SoftwareApplication":[],"WebPage":[]},"graphName":"","isEnabled":true},"graphs":[]},"schema_type":"default","schema_type_options":null,"pillar_content":false,"robots_default":true,"robots_noindex":false,"robots_noarchive":false,"robots_nosnippet":false,"robots_nofollow":false,"robots_noimageindex":false,"robots_noodp":false,"robots_notranslate":false,"robots_max_snippet":null,"robots_max_videopreview":null,"robots_max_imagepreview":"large","priority":null,"frequency":null,"local_seo":null,"breadcrumb_settings":null,"limit_modified_date":false,"created":"2024-04-11 01:57:17","updated":"2025-06-22 17:47:01"},"aioseo_breadcrumb":"<div class=\"aioseo-breadcrumbs\"><span class=\"aioseo-breadcrumb\">\n\t<a href=\"https:\/\/www.rucashk.com\/pt\" title=\"Home\">Home<\/a>\n<\/span><span class=\"aioseo-breadcrumb-separator\">&raquo;<\/span><span class=\"aioseo-breadcrumb\">\n\t<a href=\"https:\/\/www.rucashk.com\/pt\/products\/\" title=\"Produtos\">Produtos<\/a>\n<\/span><span class=\"aioseo-breadcrumb-separator\">&raquo;<\/span><span class=\"aioseo-breadcrumb\">\n\t<a href=\"https:\/\/www.rucashk.com\/pt\/categoria-produto\/xiaomi-eco\/\" title=\"Xiaomi Eco\">Xiaomi Eco<\/a>\n<\/span><span class=\"aioseo-breadcrumb-separator\">&raquo;<\/span><span class=\"aioseo-breadcrumb\">\n\t<a href=\"https:\/\/www.rucashk.com\/pt\/categoria-produto\/xiaomi-eco\/haylou-earphone\/\" title=\"Haylou Earphone\">Haylou Earphone<\/a>\n<\/span><span class=\"aioseo-breadcrumb-separator\">&raquo;<\/span><span class=\"aioseo-breadcrumb\">\n\tHaylou GT3 TWS Earbuds Global\n<\/span><\/div>","aioseo_breadcrumb_json":[{"label":"Home","link":"https:\/\/www.rucashk.com\/pt"},{"label":"Produtos","link":"https:\/\/www.rucashk.com\/pt\/products\/"},{"label":"Xiaomi Eco","link":"https:\/\/www.rucashk.com\/pt\/categoria-produto\/xiaomi-eco\/"},{"label":"Haylou Earphone","link":"https:\/\/www.rucashk.com\/pt\/categoria-produto\/xiaomi-eco\/haylou-earphone\/"},{"label":"Haylou GT3 TWS Earbuds Global","link":"https:\/\/www.rucashk.com\/pt\/produto\/haylou-gt3-tws-earbuds-global\/"}],"_links":{"self":[{"href":"https:\/\/www.rucashk.com\/pt\/wp-json\/wp\/v2\/product\/25090","targetHints":{"allow":["GET"]}}],"collection":[{"href":"https:\/\/www.rucashk.com\/pt\/wp-json\/wp\/v2\/product"}],"about":[{"href":"https:\/\/www.rucashk.com\/pt\/wp-json\/wp\/v2\/types\/product"}],"wp:featuredmedia":[{"embeddable":true,"href":"https:\/\/www.rucashk.com\/pt\/wp-json\/wp\/v2\/media\/25202"}],"wp:attachment":[{"href":"https:\/\/www.rucashk.com\/pt\/wp-json\/wp\/v2\/media?parent=25090"}],"wp:term":[{"taxonomy":"product_brand","embeddable":true,"href":"https:\/\/www.rucashk.com\/pt\/wp-json\/wp\/v2\/product_brand?post=25090"},{"taxonomy":"product_cat","embeddable":true,"href":"https:\/\/www.rucashk.com\/pt\/wp-json\/wp\/v2\/product_cat?post=25090"},{"taxonomy":"product_tag","embeddable":true,"href":"https:\/\/www.rucashk.com\/pt\/wp-json\/wp\/v2\/product_tag?post=25090"}],"curies":[{"name":"wp","href":"https:\/\/api.w.org\/{rel}","templated":true}]}}